{"id":866,"date":"2025-07-24T13:15:41","date_gmt":"2025-07-24T13:15:41","guid":{"rendered":"https:\/\/rj-experience.com\/?page_id=866"},"modified":"2026-01-24T17:55:27","modified_gmt":"2026-01-24T17:55:27","slug":"ankylosaurus","status":"publish","type":"page","link":"https:\/\/rj-experience.com\/index.php\/ankylosaurus\/","title":{"rendered":"Ankylosaurus"},"content":{"rendered":"\t\t<div data-elementor-type=\"wp-page\" data-elementor-id=\"866\" class=\"elementor elementor-866\">\n\t\t\t\t<div class=\"elementor-element elementor-element-5a77bdc e-flex e-con-boxed e-con e-parent\" data-id=\"5a77bdc\" data-element_type=\"container\">\n\t\t\t\t\t<div class=\"e-con-inner\">\n\t\t\t\t<div class=\"elementor-element elementor-element-f214c28 elementor-widget elementor-widget-text-editor\" data-id=\"f214c28\" data-element_type=\"widget\" data-widget_type=\"text-editor.default\">\n\t\t\t\t\t\t\t\t\t<h1>Ankylosaurus<\/h1><p>1.Qui a d\u00e9couvert\u00a0le\u00a0Ankylosaurus?<\/p><p>L\u2019Ankylosaurus a \u00e9t\u00e9 d\u00e9couvert lors d\u2019une exp\u00e9dition dirig\u00e9e par le pal\u00e9ontologue <strong data-start=\"252\" data-end=\"268\">Barnum Brown<\/strong> en <strong data-start=\"272\" data-end=\"280\">1906<\/strong>.<\/p><p>2.Ou \u00e0 t\u2019il trouver le fossile de ce reptile?<\/p><p>Les premiers fossiles ont \u00e9t\u00e9 trouv\u00e9s dans la <strong data-start=\"424\" data-end=\"451\">formation de Hell Creek<\/strong>, dans l\u2019<strong data-start=\"460\" data-end=\"479\">\u00c9tat du Montana<\/strong> (\u00c9tats-Unis).<\/p><p>3.Quand il a trouve le premier os de ce reptile?<\/p><p data-start=\"596\" data-end=\"681\">Les premiers os ont \u00e9t\u00e9 d\u00e9couverts en <strong data-start=\"634\" data-end=\"642\">1906<\/strong>.<\/p><p>4.Il est carnivore ou herbivore?<\/p><p>L\u2019Ankylosaurus \u00e9tait <strong data-start=\"749\" data-end=\"762\">herbivore<\/strong> (il mangeait des plantes).<\/p><p>5.Combien fait sa taille?<\/p><p>Il mesurait environ <strong data-start=\"887\" data-end=\"906\">7 \u00e0 8 m de long<\/strong>.<\/p><p>6.Combien p\u00e8se son poids ?<\/p><p data-start=\"980\" data-end=\"1053\">Il pesait environ <strong data-start=\"998\" data-end=\"1014\">4 \u00e0 6 tonnes<\/strong>.<\/p><p>7.le\u00a0Ankylosaurus\u00a0vient du cr\u00e9tac\u00e9,du tria ou du jurassique ?<\/p><p>Il vivait <strong data-start=\"1142\" data-end=\"1166\">au Cr\u00e9tac\u00e9 sup\u00e9rieur<\/strong>, \u00e0 la toute fin de l\u2019\u00e8re des dinosaures.<\/p><p>8.Comment fait la taille du\u00a0Ankylosaurus?<\/p><p>C\u2019est un dinosaure <strong data-start=\"1315\" data-end=\"1329\">quadrup\u00e8de<\/strong> (sur 4 pattes), avec un <strong data-start=\"1354\" data-end=\"1376\">corps large et bas<\/strong>, recouvert d\u2019une <strong data-start=\"1394\" data-end=\"1420\">\u00e9paisse armure osseuse<\/strong> et une <strong data-start=\"1428\" data-end=\"1461\">queue termin\u00e9e par une massue<\/strong> tr\u00e8s solide pour se d\u00e9fendre.<\/p><p>9.De quelle famille appartient\u00a0le\u00a0Ankylosaurus\u00a0?<\/p><p data-start=\"1590\" data-end=\"1705\">Il appartient \u00e0 la famille des <strong data-start=\"1621\" data-end=\"1639\">Ankylosauridae<\/strong> (les dinosaures cuirass\u00e9s).<\/p><p>10.Combien \u00e0 v\u00e9cu le Ankylosaurus?<\/p><p>Il a v\u00e9cu <strong data-start=\"1753\" data-end=\"1797\">il y a environ 70 \u00e0 66 millions d\u2019ann\u00e9es<\/strong>, juste avant l\u2019extinction des dinosaures.<\/p><p>11.Combien fait la taille de ces dents ?<\/p><p>Ses dents \u00e9taient <strong data-start=\"1949\" data-end=\"1983\">petites et en forme de feuille<\/strong>, adapt\u00e9es \u00e0 broyer la v\u00e9g\u00e9tation \u2014 elles n\u2019\u00e9taient pas grandes comme celles des animaux carnivores.<\/p><p>12.Quel est sont nom scientifique ?<\/p><p>Son nom scientifique complet est <strong data-start=\"2204\" data-end=\"2235\">Ankylosaurus <em data-start=\"2219\" data-end=\"2233\">magniventris<\/em><\/strong>.<\/p><p>13.Combien p\u00e8se son cerveau?<\/p><p data-start=\"2319\" data-end=\"2521\">Les dinosaures comme l\u2019Ankylosaurus avaient un cerveau <strong data-start=\"2374\" data-end=\"2417\">relativement petit compar\u00e9 \u00e0 leur corps<\/strong>, mais on n\u2019a <strong data-start=\"2431\" data-end=\"2463\">pas de mesure pr\u00e9cise connue<\/strong> scientifiquement.<\/p><p>14.Il vit seul ou en troupeau?<\/p><p>On ne sait pas exactement comment il vivait, mais comme beaucoup de grands herbivores, il <strong data-start=\"2656\" data-end=\"2686\">aurait pu vivre en groupes<\/strong> pour se prot\u00e9ger des pr\u00e9dateurs \u2014 ce n\u2019est pas certain \u00e0 100 %. (hypoth\u00e8se issue de l\u2019\u00e9tude des comportements d\u2019autres dinosaures herbivores)<\/p><p>15.Qui est son premier os qui a \u00e9t\u00e9 trouv\u00e9?<\/p><p data-start=\"2879\" data-end=\"3075\">Le premier fossile comportait <strong data-start=\"2909\" data-end=\"3034\">la partie sup\u00e9rieure du cr\u00e2ne, deux dents, une partie de l\u2019\u00e9paule, plusieurs vert\u00e8bres, des c\u00f4tes et des plaques d\u2019armure<\/strong>.<\/p><p>16.Quand il le nomme ?<\/p><p data-start=\"3114\" data-end=\"3225\">Il a \u00e9t\u00e9 <strong data-start=\"3123\" data-end=\"3167\">d\u00e9crit scientifiquement et nomm\u00e9 en 1908<\/strong> par Barnum Brown.<\/p><p>17.Combien il a de dents?<\/p><p>L\u2019Ankylosaurus avait une <strong data-start=\"3290\" data-end=\"3329\">rang\u00e9e de dents en forme de feuille<\/strong> adapt\u00e9es \u00e0 broyer les plantes \u2014 le nombre exact varie suivant les fossiles et n\u2019est pas donn\u00e9 comme un chiffre unique dans les sources.<\/p><p>18.Quels sont les autres dinosaures qui vivaient \u00e0 cette \u00e9poque?<\/p><p data-start=\"3586\" data-end=\"3669\">\u00c0 la m\u00eame p\u00e9riode (Cr\u00e9tac\u00e9 sup\u00e9rieur en Am\u00e9rique du Nord), il y avait notamment :<\/p><ul data-start=\"3670\" data-end=\"3918\"><li data-start=\"3670\" data-end=\"3753\"><p data-start=\"3672\" data-end=\"3753\"><strong data-start=\"3672\" data-end=\"3693\">Tyrannosaurus rex<\/strong> (grand carnivore)<\/p><\/li><li data-start=\"3754\" data-end=\"3834\"><p data-start=\"3756\" data-end=\"3834\"><strong data-start=\"3756\" data-end=\"3771\">Triceratops<\/strong> (herbivore \u00e0 cornes)<\/p><\/li><li data-start=\"3835\" data-end=\"3918\"><p data-start=\"3837\" data-end=\"3918\"><strong data-start=\"3837\" data-end=\"3854\">Edmontosaurus<\/strong> (grand herbivore \u00e0 bec)<\/p><\/li><\/ul>\t\t\t\t\t\t\t\t<\/div>\n\t\t\t\t\t<\/div>\n\t\t\t\t<\/div>\n\t\t\t\t<\/div>\n\t\t","protected":false},"excerpt":{"rendered":"<p>Ankylosaurus 1.Qui a d\u00e9couvert\u00a0le\u00a0Ankylosaurus? L\u2019Ankylosaurus a \u00e9t\u00e9 d\u00e9couvert lors d\u2019une exp\u00e9dition dirig\u00e9e par le pal\u00e9ontologue Barnum Brown en 1906. 2.Ou \u00e0 t\u2019il trouver le fossile de ce reptile? Les premiers fossiles ont \u00e9t\u00e9 trouv\u00e9s dans la formation de Hell Creek, dans l\u2019\u00c9tat du Montana (\u00c9tats-Unis). 3.Quand il a trouve le premier os de ce reptile? [&hellip;]<\/p>\n","protected":false},"author":1,"featured_media":0,"parent":0,"menu_order":0,"comment_status":"closed","ping_status":"closed","template":"","meta":{"footnotes":""},"class_list":["post-866","page","type-page","status-publish","hentry"],"yoast_head":"<!-- This site is optimized with the Yoast SEO plugin v26.2 - https:\/\/yoast.com\/wordpress\/plugins\/seo\/ -->\n<title>Ankylosaurus - RJ Exp\u00e9rience<\/title>\n<meta name=\"robots\" content=\"index, follow, max-snippet:-1, max-image-preview:large, max-video-preview:-1\" \/>\n<link rel=\"canonical\" href=\"https:\/\/rj-experience.com\/index.php\/ankylosaurus\/\" \/>\n<meta property=\"og:locale\" content=\"en_US\" \/>\n<meta property=\"og:type\" content=\"article\" \/>\n<meta property=\"og:title\" content=\"Ankylosaurus - RJ Exp\u00e9rience\" \/>\n<meta property=\"og:description\" content=\"Ankylosaurus 1.Qui a d\u00e9couvert\u00a0le\u00a0Ankylosaurus? L\u2019Ankylosaurus a \u00e9t\u00e9 d\u00e9couvert lors d\u2019une exp\u00e9dition dirig\u00e9e par le pal\u00e9ontologue Barnum Brown en 1906. 2.Ou \u00e0 t\u2019il trouver le fossile de ce reptile? Les premiers fossiles ont \u00e9t\u00e9 trouv\u00e9s dans la formation de Hell Creek, dans l\u2019\u00c9tat du Montana (\u00c9tats-Unis). 3.Quand il a trouve le premier os de ce reptile? [&hellip;]\" \/>\n<meta property=\"og:url\" content=\"https:\/\/rj-experience.com\/index.php\/ankylosaurus\/\" \/>\n<meta property=\"og:site_name\" content=\"RJ Exp\u00e9rience\" \/>\n<meta property=\"article:modified_time\" content=\"2026-01-24T17:55:27+00:00\" \/>\n<meta name=\"twitter:card\" content=\"summary_large_image\" \/>\n<meta name=\"twitter:label1\" content=\"Est. reading time\" \/>\n\t<meta name=\"twitter:data1\" content=\"2 minutes\" \/>\n<script type=\"application\/ld+json\" class=\"yoast-schema-graph\">{\"@context\":\"https:\/\/schema.org\",\"@graph\":[{\"@type\":\"WebPage\",\"@id\":\"https:\/\/rj-experience.com\/index.php\/ankylosaurus\/\",\"url\":\"https:\/\/rj-experience.com\/index.php\/ankylosaurus\/\",\"name\":\"Ankylosaurus - RJ Exp\u00e9rience\",\"isPartOf\":{\"@id\":\"https:\/\/rj-experience.com\/#website\"},\"datePublished\":\"2025-07-24T13:15:41+00:00\",\"dateModified\":\"2026-01-24T17:55:27+00:00\",\"breadcrumb\":{\"@id\":\"https:\/\/rj-experience.com\/index.php\/ankylosaurus\/#breadcrumb\"},\"inLanguage\":\"en-US\",\"potentialAction\":[{\"@type\":\"ReadAction\",\"target\":[\"https:\/\/rj-experience.com\/index.php\/ankylosaurus\/\"]}]},{\"@type\":\"BreadcrumbList\",\"@id\":\"https:\/\/rj-experience.com\/index.php\/ankylosaurus\/#breadcrumb\",\"itemListElement\":[{\"@type\":\"ListItem\",\"position\":1,\"name\":\"Home\",\"item\":\"https:\/\/rj-experience.com\/\"},{\"@type\":\"ListItem\",\"position\":2,\"name\":\"Ankylosaurus\"}]},{\"@type\":\"WebSite\",\"@id\":\"https:\/\/rj-experience.com\/#website\",\"url\":\"https:\/\/rj-experience.com\/\",\"name\":\"RJ Exp\u00e9rience\",\"description\":\"\",\"publisher\":{\"@id\":\"https:\/\/rj-experience.com\/#organization\"},\"potentialAction\":[{\"@type\":\"SearchAction\",\"target\":{\"@type\":\"EntryPoint\",\"urlTemplate\":\"https:\/\/rj-experience.com\/?s={search_term_string}\"},\"query-input\":{\"@type\":\"PropertyValueSpecification\",\"valueRequired\":true,\"valueName\":\"search_term_string\"}}],\"inLanguage\":\"en-US\"},{\"@type\":\"Organization\",\"@id\":\"https:\/\/rj-experience.com\/#organization\",\"name\":\"RJ Exp\u00e9rience\",\"url\":\"https:\/\/rj-experience.com\/\",\"logo\":{\"@type\":\"ImageObject\",\"inLanguage\":\"en-US\",\"@id\":\"https:\/\/rj-experience.com\/#\/schema\/logo\/image\/\",\"url\":\"https:\/\/rj-experience.com\/wp-content\/uploads\/2025\/10\/cropped-ChatGPT-Image-28-oct.-2025-18_28_26.png\",\"contentUrl\":\"https:\/\/rj-experience.com\/wp-content\/uploads\/2025\/10\/cropped-ChatGPT-Image-28-oct.-2025-18_28_26.png\",\"width\":512,\"height\":512,\"caption\":\"RJ Exp\u00e9rience\"},\"image\":{\"@id\":\"https:\/\/rj-experience.com\/#\/schema\/logo\/image\/\"}}]}<\/script>\n<!-- \/ Yoast SEO plugin. -->","yoast_head_json":{"title":"Ankylosaurus - RJ Exp\u00e9rience","robots":{"index":"index","follow":"follow","max-snippet":"max-snippet:-1","max-image-preview":"max-image-preview:large","max-video-preview":"max-video-preview:-1"},"canonical":"https:\/\/rj-experience.com\/index.php\/ankylosaurus\/","og_locale":"en_US","og_type":"article","og_title":"Ankylosaurus - RJ Exp\u00e9rience","og_description":"Ankylosaurus 1.Qui a d\u00e9couvert\u00a0le\u00a0Ankylosaurus? L\u2019Ankylosaurus a \u00e9t\u00e9 d\u00e9couvert lors d\u2019une exp\u00e9dition dirig\u00e9e par le pal\u00e9ontologue Barnum Brown en 1906. 2.Ou \u00e0 t\u2019il trouver le fossile de ce reptile? Les premiers fossiles ont \u00e9t\u00e9 trouv\u00e9s dans la formation de Hell Creek, dans l\u2019\u00c9tat du Montana (\u00c9tats-Unis). 3.Quand il a trouve le premier os de ce reptile? [&hellip;]","og_url":"https:\/\/rj-experience.com\/index.php\/ankylosaurus\/","og_site_name":"RJ Exp\u00e9rience","article_modified_time":"2026-01-24T17:55:27+00:00","twitter_card":"summary_large_image","twitter_misc":{"Est. reading time":"2 minutes"},"schema":{"@context":"https:\/\/schema.org","@graph":[{"@type":"WebPage","@id":"https:\/\/rj-experience.com\/index.php\/ankylosaurus\/","url":"https:\/\/rj-experience.com\/index.php\/ankylosaurus\/","name":"Ankylosaurus - RJ Exp\u00e9rience","isPartOf":{"@id":"https:\/\/rj-experience.com\/#website"},"datePublished":"2025-07-24T13:15:41+00:00","dateModified":"2026-01-24T17:55:27+00:00","breadcrumb":{"@id":"https:\/\/rj-experience.com\/index.php\/ankylosaurus\/#breadcrumb"},"inLanguage":"en-US","potentialAction":[{"@type":"ReadAction","target":["https:\/\/rj-experience.com\/index.php\/ankylosaurus\/"]}]},{"@type":"BreadcrumbList","@id":"https:\/\/rj-experience.com\/index.php\/ankylosaurus\/#breadcrumb","itemListElement":[{"@type":"ListItem","position":1,"name":"Home","item":"https:\/\/rj-experience.com\/"},{"@type":"ListItem","position":2,"name":"Ankylosaurus"}]},{"@type":"WebSite","@id":"https:\/\/rj-experience.com\/#website","url":"https:\/\/rj-experience.com\/","name":"RJ Exp\u00e9rience","description":"","publisher":{"@id":"https:\/\/rj-experience.com\/#organization"},"potentialAction":[{"@type":"SearchAction","target":{"@type":"EntryPoint","urlTemplate":"https:\/\/rj-experience.com\/?s={search_term_string}"},"query-input":{"@type":"PropertyValueSpecification","valueRequired":true,"valueName":"search_term_string"}}],"inLanguage":"en-US"},{"@type":"Organization","@id":"https:\/\/rj-experience.com\/#organization","name":"RJ Exp\u00e9rience","url":"https:\/\/rj-experience.com\/","logo":{"@type":"ImageObject","inLanguage":"en-US","@id":"https:\/\/rj-experience.com\/#\/schema\/logo\/image\/","url":"https:\/\/rj-experience.com\/wp-content\/uploads\/2025\/10\/cropped-ChatGPT-Image-28-oct.-2025-18_28_26.png","contentUrl":"https:\/\/rj-experience.com\/wp-content\/uploads\/2025\/10\/cropped-ChatGPT-Image-28-oct.-2025-18_28_26.png","width":512,"height":512,"caption":"RJ Exp\u00e9rience"},"image":{"@id":"https:\/\/rj-experience.com\/#\/schema\/logo\/image\/"}}]}},"_links":{"self":[{"href":"https:\/\/rj-experience.com\/index.php\/wp-json\/wp\/v2\/pages\/866","targetHints":{"allow":["GET"]}}],"collection":[{"href":"https:\/\/rj-experience.com\/index.php\/wp-json\/wp\/v2\/pages"}],"about":[{"href":"https:\/\/rj-experience.com\/index.php\/wp-json\/wp\/v2\/types\/page"}],"author":[{"embeddable":true,"href":"https:\/\/rj-experience.com\/index.php\/wp-json\/wp\/v2\/users\/1"}],"replies":[{"embeddable":true,"href":"https:\/\/rj-experience.com\/index.php\/wp-json\/wp\/v2\/comments?post=866"}],"version-history":[{"count":4,"href":"https:\/\/rj-experience.com\/index.php\/wp-json\/wp\/v2\/pages\/866\/revisions"}],"predecessor-version":[{"id":1984,"href":"https:\/\/rj-experience.com\/index.php\/wp-json\/wp\/v2\/pages\/866\/revisions\/1984"}],"wp:attachment":[{"href":"https:\/\/rj-experience.com\/index.php\/wp-json\/wp\/v2\/media?parent=866"}],"curies":[{"name":"wp","href":"https:\/\/api.w.org\/{rel}","templated":true}]}}