{"id":856,"date":"2025-07-24T13:13:25","date_gmt":"2025-07-24T13:13:25","guid":{"rendered":"https:\/\/rj-experience.com\/?page_id=856"},"modified":"2026-01-24T17:43:03","modified_gmt":"2026-01-24T17:43:03","slug":"euoplocephalus-2","status":"publish","type":"page","link":"https:\/\/rj-experience.com\/index.php\/euoplocephalus-2\/","title":{"rendered":"Euoplocephalus"},"content":{"rendered":"\t\t<div data-elementor-type=\"wp-page\" data-elementor-id=\"856\" class=\"elementor elementor-856\">\n\t\t\t\t<div class=\"elementor-element elementor-element-97f384b e-flex e-con-boxed e-con e-parent\" data-id=\"97f384b\" data-element_type=\"container\">\n\t\t\t\t\t<div class=\"e-con-inner\">\n\t\t\t\t<div class=\"elementor-element elementor-element-46cbfec elementor-widget elementor-widget-text-editor\" data-id=\"46cbfec\" data-element_type=\"widget\" data-widget_type=\"text-editor.default\">\n\t\t\t\t\t\t\t\t\t<h1>Euoplocephalus<\/h1><p>1.Qui a d\u00e9couvert\u00a0le\u00a0Euoplocephalus?<\/p><p>Le pal\u00e9ontologue canadien <strong data-start=\"249\" data-end=\"274\">Lawrence Morris Lambe<\/strong> a d\u00e9couvert les premiers fossiles.<\/p><p>2.Ou \u00e0 t\u2019il trouver le fossile de ce reptile?<\/p><p>Les premiers fossiles ont \u00e9t\u00e9 trouv\u00e9s <strong data-start=\"443\" data-end=\"456\">au Canada<\/strong>, dans la province d\u2019<strong data-start=\"477\" data-end=\"488\">Alberta<\/strong> (Dinosaur Provincial Park).<\/p><p>3.Quand il a trouve le premier os de ce reptile?<\/p><p>Le premier fossile a \u00e9t\u00e9 trouv\u00e9 en <strong data-start=\"653\" data-end=\"661\">1897<\/strong>.<\/p><p>4.Il est carnivore ou herbivore?<\/p><ul><li data-start=\"702\" data-end=\"847\"><p data-start=\"705\" data-end=\"847\"><em data-start=\"746\" data-end=\"762\">Euoplocephalus<\/em> \u00e9tait <strong data-start=\"769\" data-end=\"782\">herbivore<\/strong> (il mangeait des plantes).<\/p><\/li><\/ul><p>5.Combien fait sa taille?<\/p><p>Il mesurait environ <strong data-start=\"904\" data-end=\"926\">5,3 \u00e0 ~7 m de long<\/strong> selon les estimations.<\/p><p>6.Combien p\u00e8se son poids ?<\/p><p>Il pesait environ <strong data-start=\"1039\" data-end=\"1051\">2 tonnes<\/strong> (environ 2000 kg).<\/p><p>7.le\u00a0Euoplocephalus\u00a0vient du cr\u00e9tac\u00e9,du tria ou du jurassique ?<\/p><p>Il vivait <strong data-start=\"1201\" data-end=\"1225\">au Cr\u00e9tac\u00e9 sup\u00e9rieur<\/strong> (fin du Cr\u00e9tac\u00e9).<\/p><p>8.Comment fait la taille du\u00a0Euoplocephalus\u00a0?<\/p><p>C\u2019est un grand dinosaure quadrup\u00e8de (4 pattes), bas et large avec une t\u00eate cuirass\u00e9e.<\/p><p>9.De quelle famille appartient\u00a0le\u00a0Euoplocephalus\u00a0?<\/p><p>Il appartient \u00e0 la famille des <strong data-start=\"1561\" data-end=\"1579\">Ankylosauridae<\/strong> (dinosaures cuirass\u00e9s).\u00a0<\/p><p>10.Combien \u00e0 v\u00e9cu le Alamosaurus\u00a0?<\/p><p>Son nom complet est <strong data-start=\"1708\" data-end=\"1732\">Euoplocephalus tutus<\/strong>.<\/p><p>11.Combien fait la taille de ces dents ?<\/p><p>il n\u2019existe pas de donn\u00e9e pr\u00e9cise pour le <strong data-start=\"1855\" data-end=\"1875\">poids du cerveau<\/strong> de <em data-start=\"1879\" data-end=\"1895\">Euoplocephalus<\/em>. Les ankylosaures en g\u00e9n\u00e9ral avaient un cerveau relativement petit compar\u00e9 \u00e0 leur corps.<\/p><p>12.Quel est sont nom scientifique ?<\/p><p>On ne sait pas exactement pour <em data-start=\"2099\" data-end=\"2115\">Euoplocephalus<\/em>, mais beaucoup d\u2019herbivores dinosaures vivait probablement <strong data-start=\"2175\" data-end=\"2205\">en groupes ou en troupeaux<\/strong> pour se prot\u00e9ger des pr\u00e9dateurs. (c\u2019est une hypoth\u00e8se fr\u00e9quente en pal\u00e9ontologie)<\/p><p>13.Combien p\u00e8se son cerveau?<\/p><p>Le premier fossile \u00e9tait une <strong data-start=\"2373\" data-end=\"2416\">partie de cr\u00e2ne avec un anneau d\u2019armure<\/strong>, mais pas un os isol\u00e9 unique comme un f\u00e9mur seulement.<\/p><p>14.Il vit seul ou en troupeau?<\/p><p>il a \u00e9t\u00e9 nomm\u00e9 initialement <strong data-start=\"2577\" data-end=\"2609\">Stereocephalus tutus en 1902<\/strong>, puis renomm\u00e9 <strong data-start=\"2624\" data-end=\"2656\">Euoplocephalus tutus en 1910<\/strong> (le premier nom \u00e9tait d\u00e9j\u00e0 utilis\u00e9 pour un col\u00e9opt\u00e8re).<\/p><p>15.Qui est son premier os qui a \u00e9t\u00e9 trouv\u00e9?<\/p><ul><li data-start=\"2754\" data-end=\"3002\"><p data-start=\"2758\" data-end=\"3002\">Comme chez beaucoup d\u2019ankylosaures, les dents ne sont pas nombreuses et sont adapt\u00e9es pour broyer les plantes, mais il n\u2019y a pas un nombre exact document\u00e9 simple \u00e0 donner.<\/p><\/li><\/ul><p>16.Quand il le nomme ?<\/p><ol data-start=\"175\" data-end=\"3334\"><li data-start=\"3004\" data-end=\"3334\"><p data-start=\"3008\" data-end=\"3334\">\u00c0 la m\u00eame \u00e9poque (Cr\u00e9tac\u00e9 sup\u00e9rieur en Am\u00e9rique du Nord), il y avait par exemple des <strong data-start=\"3165\" data-end=\"3239\">tyrannosaures (comme Gorgosaurus), des hadrosaures et des ceratopsiens<\/strong> (tr\u00e8s diff\u00e9rents mais contemporains d\u2019Eupolocephalus).<\/p><\/li><\/ol><p>\u00a0<\/p>\t\t\t\t\t\t\t\t<\/div>\n\t\t\t\t\t<\/div>\n\t\t\t\t<\/div>\n\t\t\t\t<\/div>\n\t\t","protected":false},"excerpt":{"rendered":"<p>Euoplocephalus 1.Qui a d\u00e9couvert\u00a0le\u00a0Euoplocephalus? Le pal\u00e9ontologue canadien Lawrence Morris Lambe a d\u00e9couvert les premiers fossiles. 2.Ou \u00e0 t\u2019il trouver le fossile de ce reptile? Les premiers fossiles ont \u00e9t\u00e9 trouv\u00e9s au Canada, dans la province d\u2019Alberta (Dinosaur Provincial Park). 3.Quand il a trouve le premier os de ce reptile? Le premier fossile a \u00e9t\u00e9 trouv\u00e9 [&hellip;]<\/p>\n","protected":false},"author":1,"featured_media":0,"parent":0,"menu_order":0,"comment_status":"closed","ping_status":"closed","template":"","meta":{"footnotes":""},"class_list":["post-856","page","type-page","status-publish","hentry"],"yoast_head":"<!-- This site is optimized with the Yoast SEO plugin v26.2 - https:\/\/yoast.com\/wordpress\/plugins\/seo\/ -->\n<title>Euoplocephalus - RJ Exp\u00e9rience<\/title>\n<meta name=\"robots\" content=\"index, follow, max-snippet:-1, max-image-preview:large, max-video-preview:-1\" \/>\n<link rel=\"canonical\" href=\"https:\/\/rj-experience.com\/index.php\/euoplocephalus-2\/\" \/>\n<meta property=\"og:locale\" content=\"en_US\" \/>\n<meta property=\"og:type\" content=\"article\" \/>\n<meta property=\"og:title\" content=\"Euoplocephalus - RJ Exp\u00e9rience\" \/>\n<meta property=\"og:description\" content=\"Euoplocephalus 1.Qui a d\u00e9couvert\u00a0le\u00a0Euoplocephalus? Le pal\u00e9ontologue canadien Lawrence Morris Lambe a d\u00e9couvert les premiers fossiles. 2.Ou \u00e0 t\u2019il trouver le fossile de ce reptile? Les premiers fossiles ont \u00e9t\u00e9 trouv\u00e9s au Canada, dans la province d\u2019Alberta (Dinosaur Provincial Park). 3.Quand il a trouve le premier os de ce reptile? Le premier fossile a \u00e9t\u00e9 trouv\u00e9 [&hellip;]\" \/>\n<meta property=\"og:url\" content=\"https:\/\/rj-experience.com\/index.php\/euoplocephalus-2\/\" \/>\n<meta property=\"og:site_name\" content=\"RJ Exp\u00e9rience\" \/>\n<meta property=\"article:modified_time\" content=\"2026-01-24T17:43:03+00:00\" \/>\n<meta name=\"twitter:card\" content=\"summary_large_image\" \/>\n<meta name=\"twitter:label1\" content=\"Est. reading time\" \/>\n\t<meta name=\"twitter:data1\" content=\"2 minutes\" \/>\n<script type=\"application\/ld+json\" class=\"yoast-schema-graph\">{\"@context\":\"https:\/\/schema.org\",\"@graph\":[{\"@type\":\"WebPage\",\"@id\":\"https:\/\/rj-experience.com\/index.php\/euoplocephalus-2\/\",\"url\":\"https:\/\/rj-experience.com\/index.php\/euoplocephalus-2\/\",\"name\":\"Euoplocephalus - RJ Exp\u00e9rience\",\"isPartOf\":{\"@id\":\"https:\/\/rj-experience.com\/#website\"},\"datePublished\":\"2025-07-24T13:13:25+00:00\",\"dateModified\":\"2026-01-24T17:43:03+00:00\",\"breadcrumb\":{\"@id\":\"https:\/\/rj-experience.com\/index.php\/euoplocephalus-2\/#breadcrumb\"},\"inLanguage\":\"en-US\",\"potentialAction\":[{\"@type\":\"ReadAction\",\"target\":[\"https:\/\/rj-experience.com\/index.php\/euoplocephalus-2\/\"]}]},{\"@type\":\"BreadcrumbList\",\"@id\":\"https:\/\/rj-experience.com\/index.php\/euoplocephalus-2\/#breadcrumb\",\"itemListElement\":[{\"@type\":\"ListItem\",\"position\":1,\"name\":\"Home\",\"item\":\"https:\/\/rj-experience.com\/\"},{\"@type\":\"ListItem\",\"position\":2,\"name\":\"Euoplocephalus\"}]},{\"@type\":\"WebSite\",\"@id\":\"https:\/\/rj-experience.com\/#website\",\"url\":\"https:\/\/rj-experience.com\/\",\"name\":\"RJ Exp\u00e9rience\",\"description\":\"\",\"publisher\":{\"@id\":\"https:\/\/rj-experience.com\/#organization\"},\"potentialAction\":[{\"@type\":\"SearchAction\",\"target\":{\"@type\":\"EntryPoint\",\"urlTemplate\":\"https:\/\/rj-experience.com\/?s={search_term_string}\"},\"query-input\":{\"@type\":\"PropertyValueSpecification\",\"valueRequired\":true,\"valueName\":\"search_term_string\"}}],\"inLanguage\":\"en-US\"},{\"@type\":\"Organization\",\"@id\":\"https:\/\/rj-experience.com\/#organization\",\"name\":\"RJ Exp\u00e9rience\",\"url\":\"https:\/\/rj-experience.com\/\",\"logo\":{\"@type\":\"ImageObject\",\"inLanguage\":\"en-US\",\"@id\":\"https:\/\/rj-experience.com\/#\/schema\/logo\/image\/\",\"url\":\"https:\/\/rj-experience.com\/wp-content\/uploads\/2025\/10\/cropped-ChatGPT-Image-28-oct.-2025-18_28_26.png\",\"contentUrl\":\"https:\/\/rj-experience.com\/wp-content\/uploads\/2025\/10\/cropped-ChatGPT-Image-28-oct.-2025-18_28_26.png\",\"width\":512,\"height\":512,\"caption\":\"RJ Exp\u00e9rience\"},\"image\":{\"@id\":\"https:\/\/rj-experience.com\/#\/schema\/logo\/image\/\"}}]}<\/script>\n<!-- \/ Yoast SEO plugin. -->","yoast_head_json":{"title":"Euoplocephalus - RJ Exp\u00e9rience","robots":{"index":"index","follow":"follow","max-snippet":"max-snippet:-1","max-image-preview":"max-image-preview:large","max-video-preview":"max-video-preview:-1"},"canonical":"https:\/\/rj-experience.com\/index.php\/euoplocephalus-2\/","og_locale":"en_US","og_type":"article","og_title":"Euoplocephalus - RJ Exp\u00e9rience","og_description":"Euoplocephalus 1.Qui a d\u00e9couvert\u00a0le\u00a0Euoplocephalus? Le pal\u00e9ontologue canadien Lawrence Morris Lambe a d\u00e9couvert les premiers fossiles. 2.Ou \u00e0 t\u2019il trouver le fossile de ce reptile? Les premiers fossiles ont \u00e9t\u00e9 trouv\u00e9s au Canada, dans la province d\u2019Alberta (Dinosaur Provincial Park). 3.Quand il a trouve le premier os de ce reptile? Le premier fossile a \u00e9t\u00e9 trouv\u00e9 [&hellip;]","og_url":"https:\/\/rj-experience.com\/index.php\/euoplocephalus-2\/","og_site_name":"RJ Exp\u00e9rience","article_modified_time":"2026-01-24T17:43:03+00:00","twitter_card":"summary_large_image","twitter_misc":{"Est. reading time":"2 minutes"},"schema":{"@context":"https:\/\/schema.org","@graph":[{"@type":"WebPage","@id":"https:\/\/rj-experience.com\/index.php\/euoplocephalus-2\/","url":"https:\/\/rj-experience.com\/index.php\/euoplocephalus-2\/","name":"Euoplocephalus - RJ Exp\u00e9rience","isPartOf":{"@id":"https:\/\/rj-experience.com\/#website"},"datePublished":"2025-07-24T13:13:25+00:00","dateModified":"2026-01-24T17:43:03+00:00","breadcrumb":{"@id":"https:\/\/rj-experience.com\/index.php\/euoplocephalus-2\/#breadcrumb"},"inLanguage":"en-US","potentialAction":[{"@type":"ReadAction","target":["https:\/\/rj-experience.com\/index.php\/euoplocephalus-2\/"]}]},{"@type":"BreadcrumbList","@id":"https:\/\/rj-experience.com\/index.php\/euoplocephalus-2\/#breadcrumb","itemListElement":[{"@type":"ListItem","position":1,"name":"Home","item":"https:\/\/rj-experience.com\/"},{"@type":"ListItem","position":2,"name":"Euoplocephalus"}]},{"@type":"WebSite","@id":"https:\/\/rj-experience.com\/#website","url":"https:\/\/rj-experience.com\/","name":"RJ Exp\u00e9rience","description":"","publisher":{"@id":"https:\/\/rj-experience.com\/#organization"},"potentialAction":[{"@type":"SearchAction","target":{"@type":"EntryPoint","urlTemplate":"https:\/\/rj-experience.com\/?s={search_term_string}"},"query-input":{"@type":"PropertyValueSpecification","valueRequired":true,"valueName":"search_term_string"}}],"inLanguage":"en-US"},{"@type":"Organization","@id":"https:\/\/rj-experience.com\/#organization","name":"RJ Exp\u00e9rience","url":"https:\/\/rj-experience.com\/","logo":{"@type":"ImageObject","inLanguage":"en-US","@id":"https:\/\/rj-experience.com\/#\/schema\/logo\/image\/","url":"https:\/\/rj-experience.com\/wp-content\/uploads\/2025\/10\/cropped-ChatGPT-Image-28-oct.-2025-18_28_26.png","contentUrl":"https:\/\/rj-experience.com\/wp-content\/uploads\/2025\/10\/cropped-ChatGPT-Image-28-oct.-2025-18_28_26.png","width":512,"height":512,"caption":"RJ Exp\u00e9rience"},"image":{"@id":"https:\/\/rj-experience.com\/#\/schema\/logo\/image\/"}}]}},"_links":{"self":[{"href":"https:\/\/rj-experience.com\/index.php\/wp-json\/wp\/v2\/pages\/856","targetHints":{"allow":["GET"]}}],"collection":[{"href":"https:\/\/rj-experience.com\/index.php\/wp-json\/wp\/v2\/pages"}],"about":[{"href":"https:\/\/rj-experience.com\/index.php\/wp-json\/wp\/v2\/types\/page"}],"author":[{"embeddable":true,"href":"https:\/\/rj-experience.com\/index.php\/wp-json\/wp\/v2\/users\/1"}],"replies":[{"embeddable":true,"href":"https:\/\/rj-experience.com\/index.php\/wp-json\/wp\/v2\/comments?post=856"}],"version-history":[{"count":4,"href":"https:\/\/rj-experience.com\/index.php\/wp-json\/wp\/v2\/pages\/856\/revisions"}],"predecessor-version":[{"id":1978,"href":"https:\/\/rj-experience.com\/index.php\/wp-json\/wp\/v2\/pages\/856\/revisions\/1978"}],"wp:attachment":[{"href":"https:\/\/rj-experience.com\/index.php\/wp-json\/wp\/v2\/media?parent=856"}],"curies":[{"name":"wp","href":"https:\/\/api.w.org\/{rel}","templated":true}]}}