{"id":782,"date":"2025-07-23T13:04:35","date_gmt":"2025-07-23T13:04:35","guid":{"rendered":"https:\/\/rj-experience.com\/?page_id=782"},"modified":"2026-01-05T16:18:21","modified_gmt":"2026-01-05T16:18:21","slug":"sruthiominus-4","status":"publish","type":"page","link":"https:\/\/rj-experience.com\/index.php\/sruthiominus-4\/","title":{"rendered":"Sruthiominus"},"content":{"rendered":"\t\t<div data-elementor-type=\"wp-page\" data-elementor-id=\"782\" class=\"elementor elementor-782\">\n\t\t\t\t<div class=\"elementor-element elementor-element-509280e e-flex e-con-boxed e-con e-parent\" data-id=\"509280e\" data-element_type=\"container\">\n\t\t\t\t\t<div class=\"e-con-inner\">\n\t\t\t\t<div class=\"elementor-element elementor-element-cbb5765 elementor-widget elementor-widget-text-editor\" data-id=\"cbb5765\" data-element_type=\"widget\" data-widget_type=\"text-editor.default\">\n\t\t\t\t\t\t\t\t\t<h1>\u00a0 \u00a0 \u00a0 \u00a0 \u00a0 \u00a0 \u00a0 \u00a0 \u00a0 \u00a0 \u00a0 \u00a0 \u00a0 \u00a0Sruthiominus<\/h1><p>1.Qui a d\u00e9couvert\u00a0le\u00a0Sruthiominus\u00a0?<\/p><p data-start=\"257\" data-end=\"360\">Il a \u00e9t\u00e9 d\u00e9crit par le pal\u00e9ontologue <strong data-start=\"341\" data-end=\"359\">Lawrence Lambe<\/strong>.<\/p><p>2.Ou \u00e0 t\u2019il trouver le fossile de ce reptile?<\/p><p><strong data-start=\"418\" data-end=\"431\">Au Canada<\/strong>, surtout en <strong data-start=\"444\" data-end=\"455\">Alberta<\/strong>.<\/p><p>3.Quand il a trouve le premier os de ce reptile?<\/p><p>Les premiers fossiles ont \u00e9t\u00e9 \u00e9tudi\u00e9s vers <strong data-start=\"563\" data-end=\"571\">1902<\/strong>.<\/p><p>4.Il est carnivore ou herbivore?<\/p><p><strong data-start=\"618\" data-end=\"630\">Omnivore<\/strong> (il mangeait des plantes, des insectes et de petits animaux).<\/p><p>5.Combien fait sa taille?<\/p><p data-start=\"694\" data-end=\"760\">Environ <strong data-start=\"739\" data-end=\"759\">4 m\u00e8tres de long<\/strong>.<\/p><p>6.Combien p\u00e8se son poids ?<\/p><p>Environ <strong data-start=\"807\" data-end=\"823\">120 \u00e0 150 kg<\/strong>.<\/p><p>7.le\u00a0Sruthiominus\u00a0vient du cr\u00e9tac\u00e9,du tria ou du jurassique ?<\/p><p data-start=\"826\" data-end=\"936\">Il vivait au <strong data-start=\"914\" data-end=\"935\">Cr\u00e9tac\u00e9 sup\u00e9rieur<\/strong>.<\/p><p>8.Comment fait la taille du Sruthiominus\u00a0?<\/p><p data-start=\"938\" data-end=\"1071\">Il \u00e9tait <strong data-start=\"1002\" data-end=\"1042\">grand, mince, avec de longues pattes<\/strong>, ressemblant \u00e0 une autruche.<\/p><p>9.De quelle famille appartient\u00a0le\u00a0Sruthiominus\u00a0?<\/p><p data-start=\"1073\" data-end=\"1167\">La famille des <strong data-start=\"1148\" data-end=\"1166\">Ornithomimid\u00e9s<\/strong>.<\/p><p>10.Combien \u00e0 v\u00e9cu le Sruthiominus\u00a0?<\/p><p data-start=\"1169\" data-end=\"1298\">On estime qu\u2019il vivait <strong data-start=\"1248\" data-end=\"1271\">environ 20 \u00e0 30 ans<\/strong> (estimation scientifique).<\/p><p>11.Combien fait la taille de ces dents ?<\/p><p><strong data-start=\"1351\" data-end=\"1378\">Il n\u2019avait pas de dents<\/strong> \u274c\ud83e\uddb7<\/p><p>12.Quel est sont nom scientifique ?<\/p><p>Struthiomimus altus<\/p><p>13.Combien p\u00e8se son cerveau?<\/p><p>Le poids exact est <strong data-start=\"1513\" data-end=\"1524\">inconnu<\/strong>, mais il avait un <strong data-start=\"1543\" data-end=\"1577\">cerveau relativement d\u00e9velopp\u00e9<\/strong> pour un dinosaure.<\/p><p>14.Il vit seul ou en troupeau?<\/p><p data-start=\"1598\" data-end=\"1705\">Probablement <strong data-start=\"1656\" data-end=\"1669\">en groupe<\/strong>, mais ce n\u2019est pas certain \u00e0 100 %.<\/p><p>15.Qui est son premier os qui a \u00e9t\u00e9 trouv\u00e9?<\/p><p>Des <strong data-start=\"1766\" data-end=\"1795\">os de pattes et du bassin<\/strong>.<\/p><p>16.Quand il le nomme ?<\/p><p>En <strong data-start=\"1839\" data-end=\"1847\">1902<\/strong>.<\/p><p>17.Combien il a de dents?<\/p><p data-start=\"1850\" data-end=\"1902\"><strong data-start=\"1891\" data-end=\"1901\">0 dent<\/strong>.<\/p><p>18.Quels sont les autres dinosaures qui vivaient \u00e0 cette \u00e9poque?<\/p><p data-start=\"1904\" data-end=\"1982\">Par exemple :<\/p><ul data-start=\"1983\" data-end=\"2069\"><li data-start=\"1983\" data-end=\"2008\"><p data-start=\"1985\" data-end=\"2008\"><strong data-start=\"1985\" data-end=\"2006\">Tyrannosaurus rex<\/strong><\/p><\/li><li data-start=\"2009\" data-end=\"2028\"><p data-start=\"2011\" data-end=\"2028\"><strong data-start=\"2011\" data-end=\"2026\">Triceratops<\/strong><\/p><\/li><li data-start=\"2029\" data-end=\"2050\"><p data-start=\"2031\" data-end=\"2050\"><strong data-start=\"2031\" data-end=\"2048\">Edmontosaurus<\/strong><\/p><\/li><li data-start=\"2051\" data-end=\"2069\"><p data-start=\"2053\" data-end=\"2069\"><strong data-start=\"2053\" data-end=\"2069\">Ankylosaurus<\/strong><\/p><\/li><\/ul>\t\t\t\t\t\t\t\t<\/div>\n\t\t\t\t\t<\/div>\n\t\t\t\t<\/div>\n\t\t\t\t<\/div>\n\t\t","protected":false},"excerpt":{"rendered":"<p>\u00a0 \u00a0 \u00a0 \u00a0 \u00a0 \u00a0 \u00a0 \u00a0 \u00a0 \u00a0 \u00a0 \u00a0 \u00a0 \u00a0Sruthiominus 1.Qui a d\u00e9couvert\u00a0le\u00a0Sruthiominus\u00a0? Il a \u00e9t\u00e9 d\u00e9crit par le pal\u00e9ontologue Lawrence Lambe. 2.Ou \u00e0 t\u2019il trouver le fossile de ce reptile? Au Canada, surtout en Alberta. 3.Quand il a trouve le premier os de ce reptile? Les premiers fossiles ont \u00e9t\u00e9 [&hellip;]<\/p>\n","protected":false},"author":1,"featured_media":0,"parent":0,"menu_order":0,"comment_status":"closed","ping_status":"closed","template":"","meta":{"footnotes":""},"class_list":["post-782","page","type-page","status-publish","hentry"],"yoast_head":"<!-- This site is optimized with the Yoast SEO plugin v26.2 - https:\/\/yoast.com\/wordpress\/plugins\/seo\/ -->\n<title>Sruthiominus - RJ Exp\u00e9rience<\/title>\n<meta name=\"robots\" content=\"index, follow, max-snippet:-1, max-image-preview:large, max-video-preview:-1\" \/>\n<link rel=\"canonical\" href=\"https:\/\/rj-experience.com\/index.php\/sruthiominus-4\/\" \/>\n<meta property=\"og:locale\" content=\"en_US\" \/>\n<meta property=\"og:type\" content=\"article\" \/>\n<meta property=\"og:title\" content=\"Sruthiominus - RJ Exp\u00e9rience\" \/>\n<meta property=\"og:description\" content=\"\u00a0 \u00a0 \u00a0 \u00a0 \u00a0 \u00a0 \u00a0 \u00a0 \u00a0 \u00a0 \u00a0 \u00a0 \u00a0 \u00a0Sruthiominus 1.Qui a d\u00e9couvert\u00a0le\u00a0Sruthiominus\u00a0? Il a \u00e9t\u00e9 d\u00e9crit par le pal\u00e9ontologue Lawrence Lambe. 2.Ou \u00e0 t\u2019il trouver le fossile de ce reptile? Au Canada, surtout en Alberta. 3.Quand il a trouve le premier os de ce reptile? Les premiers fossiles ont \u00e9t\u00e9 [&hellip;]\" \/>\n<meta property=\"og:url\" content=\"https:\/\/rj-experience.com\/index.php\/sruthiominus-4\/\" \/>\n<meta property=\"og:site_name\" content=\"RJ Exp\u00e9rience\" \/>\n<meta property=\"article:modified_time\" content=\"2026-01-05T16:18:21+00:00\" \/>\n<meta name=\"twitter:card\" content=\"summary_large_image\" \/>\n<meta name=\"twitter:label1\" content=\"Est. reading time\" \/>\n\t<meta name=\"twitter:data1\" content=\"2 minutes\" \/>\n<script type=\"application\/ld+json\" class=\"yoast-schema-graph\">{\"@context\":\"https:\/\/schema.org\",\"@graph\":[{\"@type\":\"WebPage\",\"@id\":\"https:\/\/rj-experience.com\/index.php\/sruthiominus-4\/\",\"url\":\"https:\/\/rj-experience.com\/index.php\/sruthiominus-4\/\",\"name\":\"Sruthiominus - RJ Exp\u00e9rience\",\"isPartOf\":{\"@id\":\"https:\/\/rj-experience.com\/#website\"},\"datePublished\":\"2025-07-23T13:04:35+00:00\",\"dateModified\":\"2026-01-05T16:18:21+00:00\",\"breadcrumb\":{\"@id\":\"https:\/\/rj-experience.com\/index.php\/sruthiominus-4\/#breadcrumb\"},\"inLanguage\":\"en-US\",\"potentialAction\":[{\"@type\":\"ReadAction\",\"target\":[\"https:\/\/rj-experience.com\/index.php\/sruthiominus-4\/\"]}]},{\"@type\":\"BreadcrumbList\",\"@id\":\"https:\/\/rj-experience.com\/index.php\/sruthiominus-4\/#breadcrumb\",\"itemListElement\":[{\"@type\":\"ListItem\",\"position\":1,\"name\":\"Home\",\"item\":\"https:\/\/rj-experience.com\/\"},{\"@type\":\"ListItem\",\"position\":2,\"name\":\"Sruthiominus\"}]},{\"@type\":\"WebSite\",\"@id\":\"https:\/\/rj-experience.com\/#website\",\"url\":\"https:\/\/rj-experience.com\/\",\"name\":\"RJ Exp\u00e9rience\",\"description\":\"\",\"publisher\":{\"@id\":\"https:\/\/rj-experience.com\/#organization\"},\"potentialAction\":[{\"@type\":\"SearchAction\",\"target\":{\"@type\":\"EntryPoint\",\"urlTemplate\":\"https:\/\/rj-experience.com\/?s={search_term_string}\"},\"query-input\":{\"@type\":\"PropertyValueSpecification\",\"valueRequired\":true,\"valueName\":\"search_term_string\"}}],\"inLanguage\":\"en-US\"},{\"@type\":\"Organization\",\"@id\":\"https:\/\/rj-experience.com\/#organization\",\"name\":\"RJ Exp\u00e9rience\",\"url\":\"https:\/\/rj-experience.com\/\",\"logo\":{\"@type\":\"ImageObject\",\"inLanguage\":\"en-US\",\"@id\":\"https:\/\/rj-experience.com\/#\/schema\/logo\/image\/\",\"url\":\"https:\/\/rj-experience.com\/wp-content\/uploads\/2025\/10\/cropped-ChatGPT-Image-28-oct.-2025-18_28_26.png\",\"contentUrl\":\"https:\/\/rj-experience.com\/wp-content\/uploads\/2025\/10\/cropped-ChatGPT-Image-28-oct.-2025-18_28_26.png\",\"width\":512,\"height\":512,\"caption\":\"RJ Exp\u00e9rience\"},\"image\":{\"@id\":\"https:\/\/rj-experience.com\/#\/schema\/logo\/image\/\"}}]}<\/script>\n<!-- \/ Yoast SEO plugin. -->","yoast_head_json":{"title":"Sruthiominus - RJ Exp\u00e9rience","robots":{"index":"index","follow":"follow","max-snippet":"max-snippet:-1","max-image-preview":"max-image-preview:large","max-video-preview":"max-video-preview:-1"},"canonical":"https:\/\/rj-experience.com\/index.php\/sruthiominus-4\/","og_locale":"en_US","og_type":"article","og_title":"Sruthiominus - RJ Exp\u00e9rience","og_description":"\u00a0 \u00a0 \u00a0 \u00a0 \u00a0 \u00a0 \u00a0 \u00a0 \u00a0 \u00a0 \u00a0 \u00a0 \u00a0 \u00a0Sruthiominus 1.Qui a d\u00e9couvert\u00a0le\u00a0Sruthiominus\u00a0? Il a \u00e9t\u00e9 d\u00e9crit par le pal\u00e9ontologue Lawrence Lambe. 2.Ou \u00e0 t\u2019il trouver le fossile de ce reptile? Au Canada, surtout en Alberta. 3.Quand il a trouve le premier os de ce reptile? Les premiers fossiles ont \u00e9t\u00e9 [&hellip;]","og_url":"https:\/\/rj-experience.com\/index.php\/sruthiominus-4\/","og_site_name":"RJ Exp\u00e9rience","article_modified_time":"2026-01-05T16:18:21+00:00","twitter_card":"summary_large_image","twitter_misc":{"Est. reading time":"2 minutes"},"schema":{"@context":"https:\/\/schema.org","@graph":[{"@type":"WebPage","@id":"https:\/\/rj-experience.com\/index.php\/sruthiominus-4\/","url":"https:\/\/rj-experience.com\/index.php\/sruthiominus-4\/","name":"Sruthiominus - RJ Exp\u00e9rience","isPartOf":{"@id":"https:\/\/rj-experience.com\/#website"},"datePublished":"2025-07-23T13:04:35+00:00","dateModified":"2026-01-05T16:18:21+00:00","breadcrumb":{"@id":"https:\/\/rj-experience.com\/index.php\/sruthiominus-4\/#breadcrumb"},"inLanguage":"en-US","potentialAction":[{"@type":"ReadAction","target":["https:\/\/rj-experience.com\/index.php\/sruthiominus-4\/"]}]},{"@type":"BreadcrumbList","@id":"https:\/\/rj-experience.com\/index.php\/sruthiominus-4\/#breadcrumb","itemListElement":[{"@type":"ListItem","position":1,"name":"Home","item":"https:\/\/rj-experience.com\/"},{"@type":"ListItem","position":2,"name":"Sruthiominus"}]},{"@type":"WebSite","@id":"https:\/\/rj-experience.com\/#website","url":"https:\/\/rj-experience.com\/","name":"RJ Exp\u00e9rience","description":"","publisher":{"@id":"https:\/\/rj-experience.com\/#organization"},"potentialAction":[{"@type":"SearchAction","target":{"@type":"EntryPoint","urlTemplate":"https:\/\/rj-experience.com\/?s={search_term_string}"},"query-input":{"@type":"PropertyValueSpecification","valueRequired":true,"valueName":"search_term_string"}}],"inLanguage":"en-US"},{"@type":"Organization","@id":"https:\/\/rj-experience.com\/#organization","name":"RJ Exp\u00e9rience","url":"https:\/\/rj-experience.com\/","logo":{"@type":"ImageObject","inLanguage":"en-US","@id":"https:\/\/rj-experience.com\/#\/schema\/logo\/image\/","url":"https:\/\/rj-experience.com\/wp-content\/uploads\/2025\/10\/cropped-ChatGPT-Image-28-oct.-2025-18_28_26.png","contentUrl":"https:\/\/rj-experience.com\/wp-content\/uploads\/2025\/10\/cropped-ChatGPT-Image-28-oct.-2025-18_28_26.png","width":512,"height":512,"caption":"RJ Exp\u00e9rience"},"image":{"@id":"https:\/\/rj-experience.com\/#\/schema\/logo\/image\/"}}]}},"_links":{"self":[{"href":"https:\/\/rj-experience.com\/index.php\/wp-json\/wp\/v2\/pages\/782","targetHints":{"allow":["GET"]}}],"collection":[{"href":"https:\/\/rj-experience.com\/index.php\/wp-json\/wp\/v2\/pages"}],"about":[{"href":"https:\/\/rj-experience.com\/index.php\/wp-json\/wp\/v2\/types\/page"}],"author":[{"embeddable":true,"href":"https:\/\/rj-experience.com\/index.php\/wp-json\/wp\/v2\/users\/1"}],"replies":[{"embeddable":true,"href":"https:\/\/rj-experience.com\/index.php\/wp-json\/wp\/v2\/comments?post=782"}],"version-history":[{"count":4,"href":"https:\/\/rj-experience.com\/index.php\/wp-json\/wp\/v2\/pages\/782\/revisions"}],"predecessor-version":[{"id":1745,"href":"https:\/\/rj-experience.com\/index.php\/wp-json\/wp\/v2\/pages\/782\/revisions\/1745"}],"wp:attachment":[{"href":"https:\/\/rj-experience.com\/index.php\/wp-json\/wp\/v2\/media?parent=782"}],"curies":[{"name":"wp","href":"https:\/\/api.w.org\/{rel}","templated":true}]}}