{"id":770,"date":"2025-07-23T13:00:00","date_gmt":"2025-07-23T13:00:00","guid":{"rendered":"https:\/\/rj-experience.com\/?page_id=770"},"modified":"2026-01-01T20:00:39","modified_gmt":"2026-01-01T20:00:39","slug":"saurolophus","status":"publish","type":"page","link":"https:\/\/rj-experience.com\/index.php\/saurolophus\/","title":{"rendered":"Saurolophus"},"content":{"rendered":"\t\t<div data-elementor-type=\"wp-page\" data-elementor-id=\"770\" class=\"elementor elementor-770\">\n\t\t\t\t<div class=\"elementor-element elementor-element-b826104 e-flex e-con-boxed e-con e-parent\" data-id=\"b826104\" data-element_type=\"container\">\n\t\t\t\t\t<div class=\"e-con-inner\">\n\t\t\t\t<div class=\"elementor-element elementor-element-756a8ef elementor-widget elementor-widget-text-editor\" data-id=\"756a8ef\" data-element_type=\"widget\" data-widget_type=\"text-editor.default\">\n\t\t\t\t\t\t\t\t\t<h1><b>\u00a0 \u00a0 \u00a0 \u00a0 \u00a0 \u00a0 \u00a0 \u00a0 \u00a0 \u00a0 \u00a0 \u00a0 \u00a0 \u00a0 \u00a0Saurolophus<\/b><\/h1><p style=\"font-weight: 400;\">1.Qui a d\u00e9couvert\u00a0le\u00a0Saurolophus?<\/p><p data-start=\"141\" data-end=\"210\">Le Saurolophus a \u00e9t\u00e9 d\u00e9couvert par le pal\u00e9ontologue <strong data-start=\"193\" data-end=\"209\">Barnum Brown<\/strong>.<\/p><p style=\"font-weight: 400;\">2.Ou \u00e0 t\u2019il trouver le fossile de ce reptile?<\/p><p data-start=\"274\" data-end=\"431\">Les premiers fossiles ont \u00e9t\u00e9 trouv\u00e9s en <strong data-start=\"315\" data-end=\"335\">Am\u00e9rique du Nord<\/strong>, surtout au <strong data-start=\"348\" data-end=\"358\">Canada<\/strong> (Alberta).<br data-start=\"369\" data-end=\"372\" \/>D\u2019autres fossiles ont aussi \u00e9t\u00e9 d\u00e9couverts en <strong data-start=\"418\" data-end=\"430\">Mongolie<\/strong>.<\/p><p style=\"font-weight: 400;\">3.Quand il a trouve le premier os de ce reptile?<\/p><p>Le premier fossile a \u00e9t\u00e9 d\u00e9couvert en <strong data-start=\"539\" data-end=\"547\">1911<\/strong>.<\/p><p style=\"font-weight: 400;\">4.Il est carnivore ou herbivore?<\/p><p>Le Saurolophus est <strong data-start=\"619\" data-end=\"632\">herbivore<\/strong> \ud83c\udf3f.<\/p><p style=\"font-weight: 400;\">5.Combien fait sa taille?<\/p><p>Il mesurait environ <strong data-start=\"701\" data-end=\"726\">9 \u00e0 10 m\u00e8tres de long<\/strong>.<\/p><p style=\"font-weight: 400;\">6.Combien p\u00e8se son poids ?<\/p><p>Il pesait environ <strong data-start=\"790\" data-end=\"806\">2 \u00e0 3 tonnes<\/strong>.<\/p><p style=\"font-weight: 400;\">7.le\u00a0Saurolophus\u00a0vient du cr\u00e9tac\u00e9,du tria ou du jurassique ?<\/p><p>Il vient du <strong data-start=\"900\" data-end=\"921\">Cr\u00e9tac\u00e9 sup\u00e9rieur<\/strong>.<\/p><p style=\"font-weight: 400;\">8.Comment fait la taille du\u00a0Saurolophus\u00a0?<\/p><p>C\u2019\u00e9tait un <strong data-start=\"992\" data-end=\"1011\">grand dinosaure<\/strong>, \u00e0 peu pr\u00e8s de la taille d\u2019un <strong data-start=\"1042\" data-end=\"1049\">bus<\/strong>.<\/p><p style=\"font-weight: 400;\">9.De quelle famille appartient\u00a0le\u00a0Saurolophus?<\/p><p>Il appartient \u00e0 la famille des <strong data-start=\"1147\" data-end=\"1164\">Hadrosaurid\u00e9s<\/strong><br data-start=\"1164\" data-end=\"1167\" \/>(dinosaures \u00e0 <strong data-start=\"1181\" data-end=\"1198\">bec de canard<\/strong>).<\/p><p style=\"font-weight: 400;\">10.Combien \u00e0 v\u00e9cu le Saurolophus\u00a0?<\/p><p>On ne le sait pas exactement, mais on pense qu\u2019il pouvait vivre <strong data-start=\"1326\" data-end=\"1357\">plusieurs dizaines d\u2019ann\u00e9es<\/strong>.<\/p><p style=\"font-weight: 400;\">11.Combien fait la taille de ces dents ?<\/p><p>Ses dents \u00e9taient <strong data-start=\"1435\" data-end=\"1446\">petites<\/strong>, seulement <strong data-start=\"1458\" data-end=\"1482\">quelques centim\u00e8tres<\/strong>, mais tr\u00e8s nombreuses.<\/p><p style=\"font-weight: 400;\">12.Quel est sont nom scientifique ?<\/p><p data-start=\"1558\" data-end=\"1681\">Son nom scientifique est <strong data-start=\"1583\" data-end=\"1608\"><em data-start=\"1585\" data-end=\"1606\">Saurolophus osborni<\/em><\/strong><br data-start=\"1608\" data-end=\"1611\" \/>(il existe aussi une autre esp\u00e8ce : <strong data-start=\"1647\" data-end=\"1679\"><em data-start=\"1649\" data-end=\"1677\">Saurolophus angustirostris<\/em><\/strong>).<\/p><p style=\"font-weight: 400;\">13.Combien p\u00e8se son cerveau?<\/p><p data-start=\"1729\" data-end=\"1810\">Son cerveau \u00e9tait <strong data-start=\"1747\" data-end=\"1761\">tr\u00e8s petit<\/strong>, probablement <strong data-start=\"1776\" data-end=\"1809\">quelques centaines de grammes<\/strong>.<\/p><p style=\"font-weight: 400;\">14.Il vit seul ou en troupeau?<\/p><p>Il vivait probablement <strong data-start=\"1883\" data-end=\"1898\">en troupeau<\/strong>.<\/p><p style=\"font-weight: 400;\">15.Qui est son premier os qui a \u00e9t\u00e9 trouv\u00e9?<\/p><p data-start=\"1962\" data-end=\"2091\">On a retrouv\u00e9 <strong data-start=\"1976\" data-end=\"2005\">plusieurs os du squelette<\/strong>, surtout des <strong data-start=\"2019\" data-end=\"2034\">os du cr\u00e2ne<\/strong>, mais pas un seul os pr\u00e9cis connu comme le tout premier.<\/p><p style=\"font-weight: 400;\">16.Quand il le nomme ?<\/p><p data-start=\"1962\" data-end=\"2091\">Il a \u00e9t\u00e9 nomm\u00e9 en <strong data-start=\"2155\" data-end=\"2163\">1912<\/strong>.<\/p><p style=\"font-weight: 400;\">17.Combien il a de dents?<\/p><p style=\"font-weight: 400;\">Il avait <strong data-start=\"2220\" data-end=\"2246\">des centaines de dents<\/strong>, rang\u00e9es en <strong data-start=\"2259\" data-end=\"2282\">batteries dentaires<\/strong> pour m\u00e2cher les plantes.<\/p><p style=\"font-weight: 400;\">18.Quels sont les autres dinosaures qui vivaient \u00e0 cette \u00e9poque?<\/p><p data-start=\"2391\" data-end=\"2432\">\u00c0 la m\u00eame \u00e9poque vivaient par exemple :<\/p><ul data-start=\"2433\" data-end=\"2543\"><li data-start=\"2433\" data-end=\"2458\"><p data-start=\"2435\" data-end=\"2458\"><strong data-start=\"2435\" data-end=\"2456\">Tyrannosaurus rex<\/strong><\/p><\/li><li data-start=\"2459\" data-end=\"2478\"><p data-start=\"2461\" data-end=\"2478\"><strong data-start=\"2461\" data-end=\"2476\">Triceratops<\/strong><\/p><\/li><li data-start=\"2479\" data-end=\"2500\"><p data-start=\"2481\" data-end=\"2500\"><strong data-start=\"2481\" data-end=\"2498\">Edmontosaurus<\/strong><\/p><\/li><li data-start=\"2501\" data-end=\"2521\"><p data-start=\"2503\" data-end=\"2521\"><strong data-start=\"2503\" data-end=\"2519\">Ankylosaurus<\/strong><\/p><\/li><li data-start=\"2522\" data-end=\"2543\"><p data-start=\"2524\" data-end=\"2543\"><strong data-start=\"2524\" data-end=\"2543\">Parasaurolophus<\/strong><\/p><\/li><\/ul><p>.<\/p>\t\t\t\t\t\t\t\t<\/div>\n\t\t\t\t\t<\/div>\n\t\t\t\t<\/div>\n\t\t\t\t<\/div>\n\t\t","protected":false},"excerpt":{"rendered":"<p>\u00a0 \u00a0 \u00a0 \u00a0 \u00a0 \u00a0 \u00a0 \u00a0 \u00a0 \u00a0 \u00a0 \u00a0 \u00a0 \u00a0 \u00a0Saurolophus 1.Qui a d\u00e9couvert\u00a0le\u00a0Saurolophus? Le Saurolophus a \u00e9t\u00e9 d\u00e9couvert par le pal\u00e9ontologue Barnum Brown. 2.Ou \u00e0 t\u2019il trouver le fossile de ce reptile? Les premiers fossiles ont \u00e9t\u00e9 trouv\u00e9s en Am\u00e9rique du Nord, surtout au Canada (Alberta).D\u2019autres fossiles ont aussi \u00e9t\u00e9 [&hellip;]<\/p>\n","protected":false},"author":1,"featured_media":0,"parent":0,"menu_order":0,"comment_status":"closed","ping_status":"closed","template":"","meta":{"footnotes":""},"class_list":["post-770","page","type-page","status-publish","hentry"],"yoast_head":"<!-- This site is optimized with the Yoast SEO plugin v26.2 - https:\/\/yoast.com\/wordpress\/plugins\/seo\/ -->\n<title>Saurolophus - RJ Exp\u00e9rience<\/title>\n<meta name=\"robots\" content=\"index, follow, max-snippet:-1, max-image-preview:large, max-video-preview:-1\" \/>\n<link rel=\"canonical\" href=\"https:\/\/rj-experience.com\/index.php\/saurolophus\/\" \/>\n<meta property=\"og:locale\" content=\"en_US\" \/>\n<meta property=\"og:type\" content=\"article\" \/>\n<meta property=\"og:title\" content=\"Saurolophus - RJ Exp\u00e9rience\" \/>\n<meta property=\"og:description\" content=\"\u00a0 \u00a0 \u00a0 \u00a0 \u00a0 \u00a0 \u00a0 \u00a0 \u00a0 \u00a0 \u00a0 \u00a0 \u00a0 \u00a0 \u00a0Saurolophus 1.Qui a d\u00e9couvert\u00a0le\u00a0Saurolophus? Le Saurolophus a \u00e9t\u00e9 d\u00e9couvert par le pal\u00e9ontologue Barnum Brown. 2.Ou \u00e0 t\u2019il trouver le fossile de ce reptile? Les premiers fossiles ont \u00e9t\u00e9 trouv\u00e9s en Am\u00e9rique du Nord, surtout au Canada (Alberta).D\u2019autres fossiles ont aussi \u00e9t\u00e9 [&hellip;]\" \/>\n<meta property=\"og:url\" content=\"https:\/\/rj-experience.com\/index.php\/saurolophus\/\" \/>\n<meta property=\"og:site_name\" content=\"RJ Exp\u00e9rience\" \/>\n<meta property=\"article:modified_time\" content=\"2026-01-01T20:00:39+00:00\" \/>\n<meta name=\"twitter:card\" content=\"summary_large_image\" \/>\n<meta name=\"twitter:label1\" content=\"Est. reading time\" \/>\n\t<meta name=\"twitter:data1\" content=\"2 minutes\" \/>\n<script type=\"application\/ld+json\" class=\"yoast-schema-graph\">{\"@context\":\"https:\/\/schema.org\",\"@graph\":[{\"@type\":\"WebPage\",\"@id\":\"https:\/\/rj-experience.com\/index.php\/saurolophus\/\",\"url\":\"https:\/\/rj-experience.com\/index.php\/saurolophus\/\",\"name\":\"Saurolophus - RJ Exp\u00e9rience\",\"isPartOf\":{\"@id\":\"https:\/\/rj-experience.com\/#website\"},\"datePublished\":\"2025-07-23T13:00:00+00:00\",\"dateModified\":\"2026-01-01T20:00:39+00:00\",\"breadcrumb\":{\"@id\":\"https:\/\/rj-experience.com\/index.php\/saurolophus\/#breadcrumb\"},\"inLanguage\":\"en-US\",\"potentialAction\":[{\"@type\":\"ReadAction\",\"target\":[\"https:\/\/rj-experience.com\/index.php\/saurolophus\/\"]}]},{\"@type\":\"BreadcrumbList\",\"@id\":\"https:\/\/rj-experience.com\/index.php\/saurolophus\/#breadcrumb\",\"itemListElement\":[{\"@type\":\"ListItem\",\"position\":1,\"name\":\"Home\",\"item\":\"https:\/\/rj-experience.com\/\"},{\"@type\":\"ListItem\",\"position\":2,\"name\":\"Saurolophus\"}]},{\"@type\":\"WebSite\",\"@id\":\"https:\/\/rj-experience.com\/#website\",\"url\":\"https:\/\/rj-experience.com\/\",\"name\":\"RJ Exp\u00e9rience\",\"description\":\"\",\"publisher\":{\"@id\":\"https:\/\/rj-experience.com\/#organization\"},\"potentialAction\":[{\"@type\":\"SearchAction\",\"target\":{\"@type\":\"EntryPoint\",\"urlTemplate\":\"https:\/\/rj-experience.com\/?s={search_term_string}\"},\"query-input\":{\"@type\":\"PropertyValueSpecification\",\"valueRequired\":true,\"valueName\":\"search_term_string\"}}],\"inLanguage\":\"en-US\"},{\"@type\":\"Organization\",\"@id\":\"https:\/\/rj-experience.com\/#organization\",\"name\":\"RJ Exp\u00e9rience\",\"url\":\"https:\/\/rj-experience.com\/\",\"logo\":{\"@type\":\"ImageObject\",\"inLanguage\":\"en-US\",\"@id\":\"https:\/\/rj-experience.com\/#\/schema\/logo\/image\/\",\"url\":\"https:\/\/rj-experience.com\/wp-content\/uploads\/2025\/10\/cropped-ChatGPT-Image-28-oct.-2025-18_28_26.png\",\"contentUrl\":\"https:\/\/rj-experience.com\/wp-content\/uploads\/2025\/10\/cropped-ChatGPT-Image-28-oct.-2025-18_28_26.png\",\"width\":512,\"height\":512,\"caption\":\"RJ Exp\u00e9rience\"},\"image\":{\"@id\":\"https:\/\/rj-experience.com\/#\/schema\/logo\/image\/\"}}]}<\/script>\n<!-- \/ Yoast SEO plugin. -->","yoast_head_json":{"title":"Saurolophus - RJ Exp\u00e9rience","robots":{"index":"index","follow":"follow","max-snippet":"max-snippet:-1","max-image-preview":"max-image-preview:large","max-video-preview":"max-video-preview:-1"},"canonical":"https:\/\/rj-experience.com\/index.php\/saurolophus\/","og_locale":"en_US","og_type":"article","og_title":"Saurolophus - RJ Exp\u00e9rience","og_description":"\u00a0 \u00a0 \u00a0 \u00a0 \u00a0 \u00a0 \u00a0 \u00a0 \u00a0 \u00a0 \u00a0 \u00a0 \u00a0 \u00a0 \u00a0Saurolophus 1.Qui a d\u00e9couvert\u00a0le\u00a0Saurolophus? Le Saurolophus a \u00e9t\u00e9 d\u00e9couvert par le pal\u00e9ontologue Barnum Brown. 2.Ou \u00e0 t\u2019il trouver le fossile de ce reptile? Les premiers fossiles ont \u00e9t\u00e9 trouv\u00e9s en Am\u00e9rique du Nord, surtout au Canada (Alberta).D\u2019autres fossiles ont aussi \u00e9t\u00e9 [&hellip;]","og_url":"https:\/\/rj-experience.com\/index.php\/saurolophus\/","og_site_name":"RJ Exp\u00e9rience","article_modified_time":"2026-01-01T20:00:39+00:00","twitter_card":"summary_large_image","twitter_misc":{"Est. reading time":"2 minutes"},"schema":{"@context":"https:\/\/schema.org","@graph":[{"@type":"WebPage","@id":"https:\/\/rj-experience.com\/index.php\/saurolophus\/","url":"https:\/\/rj-experience.com\/index.php\/saurolophus\/","name":"Saurolophus - RJ Exp\u00e9rience","isPartOf":{"@id":"https:\/\/rj-experience.com\/#website"},"datePublished":"2025-07-23T13:00:00+00:00","dateModified":"2026-01-01T20:00:39+00:00","breadcrumb":{"@id":"https:\/\/rj-experience.com\/index.php\/saurolophus\/#breadcrumb"},"inLanguage":"en-US","potentialAction":[{"@type":"ReadAction","target":["https:\/\/rj-experience.com\/index.php\/saurolophus\/"]}]},{"@type":"BreadcrumbList","@id":"https:\/\/rj-experience.com\/index.php\/saurolophus\/#breadcrumb","itemListElement":[{"@type":"ListItem","position":1,"name":"Home","item":"https:\/\/rj-experience.com\/"},{"@type":"ListItem","position":2,"name":"Saurolophus"}]},{"@type":"WebSite","@id":"https:\/\/rj-experience.com\/#website","url":"https:\/\/rj-experience.com\/","name":"RJ Exp\u00e9rience","description":"","publisher":{"@id":"https:\/\/rj-experience.com\/#organization"},"potentialAction":[{"@type":"SearchAction","target":{"@type":"EntryPoint","urlTemplate":"https:\/\/rj-experience.com\/?s={search_term_string}"},"query-input":{"@type":"PropertyValueSpecification","valueRequired":true,"valueName":"search_term_string"}}],"inLanguage":"en-US"},{"@type":"Organization","@id":"https:\/\/rj-experience.com\/#organization","name":"RJ Exp\u00e9rience","url":"https:\/\/rj-experience.com\/","logo":{"@type":"ImageObject","inLanguage":"en-US","@id":"https:\/\/rj-experience.com\/#\/schema\/logo\/image\/","url":"https:\/\/rj-experience.com\/wp-content\/uploads\/2025\/10\/cropped-ChatGPT-Image-28-oct.-2025-18_28_26.png","contentUrl":"https:\/\/rj-experience.com\/wp-content\/uploads\/2025\/10\/cropped-ChatGPT-Image-28-oct.-2025-18_28_26.png","width":512,"height":512,"caption":"RJ Exp\u00e9rience"},"image":{"@id":"https:\/\/rj-experience.com\/#\/schema\/logo\/image\/"}}]}},"_links":{"self":[{"href":"https:\/\/rj-experience.com\/index.php\/wp-json\/wp\/v2\/pages\/770","targetHints":{"allow":["GET"]}}],"collection":[{"href":"https:\/\/rj-experience.com\/index.php\/wp-json\/wp\/v2\/pages"}],"about":[{"href":"https:\/\/rj-experience.com\/index.php\/wp-json\/wp\/v2\/types\/page"}],"author":[{"embeddable":true,"href":"https:\/\/rj-experience.com\/index.php\/wp-json\/wp\/v2\/users\/1"}],"replies":[{"embeddable":true,"href":"https:\/\/rj-experience.com\/index.php\/wp-json\/wp\/v2\/comments?post=770"}],"version-history":[{"count":4,"href":"https:\/\/rj-experience.com\/index.php\/wp-json\/wp\/v2\/pages\/770\/revisions"}],"predecessor-version":[{"id":1741,"href":"https:\/\/rj-experience.com\/index.php\/wp-json\/wp\/v2\/pages\/770\/revisions\/1741"}],"wp:attachment":[{"href":"https:\/\/rj-experience.com\/index.php\/wp-json\/wp\/v2\/media?parent=770"}],"curies":[{"name":"wp","href":"https:\/\/api.w.org\/{rel}","templated":true}]}}