{"id":765,"date":"2025-07-23T12:58:14","date_gmt":"2025-07-23T12:58:14","guid":{"rendered":"https:\/\/rj-experience.com\/?page_id=765"},"modified":"2026-01-01T19:50:16","modified_gmt":"2026-01-01T19:50:16","slug":"gyposaurus","status":"publish","type":"page","link":"https:\/\/rj-experience.com\/index.php\/gyposaurus\/","title":{"rendered":"Gyposaurus"},"content":{"rendered":"\t\t<div data-elementor-type=\"wp-page\" data-elementor-id=\"765\" class=\"elementor elementor-765\">\n\t\t\t\t<div class=\"elementor-element elementor-element-22bc000 e-flex e-con-boxed e-con e-parent\" data-id=\"22bc000\" data-element_type=\"container\">\n\t\t\t\t\t<div class=\"e-con-inner\">\n\t\t\t\t<div class=\"elementor-element elementor-element-7351e4b elementor-widget elementor-widget-text-editor\" data-id=\"7351e4b\" data-element_type=\"widget\" data-widget_type=\"text-editor.default\">\n\t\t\t\t\t\t\t\t\t<h1><b>\u00a0 \u00a0 \u00a0 \u00a0 \u00a0 \u00a0 \u00a0 \u00a0 \u00a0 \u00a0 \u00a0 \u00a0 \u00a0 \u00a0 \u00a0 \u00a0Gryposaurus<\/b><\/h1><p>1.Qui a d\u00e9couvert\u00a0le Gyposaurus\u00a0?<\/p><p>Le Gryposaurus a \u00e9t\u00e9 d\u00e9couvert par le pal\u00e9ontologue <strong data-start=\"193\" data-end=\"209\">Barnum Brown<\/strong>.<\/p><p>2.Ou \u00e0 t\u2019il trouver le fossile de ce reptile?<\/p><p>Les fossiles ont \u00e9t\u00e9 trouv\u00e9s en <strong data-start=\"306\" data-end=\"326\">Am\u00e9rique du Nord<\/strong>, surtout aux <strong data-start=\"340\" data-end=\"364\">\u00c9tats-Unis (Montana)<\/strong> et au <strong data-start=\"371\" data-end=\"381\">Canada<\/strong>.<\/p><p>3.Quand il a trouve le premier os de ce reptile?<\/p><p>Le premier fossile a \u00e9t\u00e9 d\u00e9couvert en <strong data-start=\"490\" data-end=\"498\">1913<\/strong>.<\/p><p>4.Il est carnivore ou herbivore?<\/p><p>Le Gryposaurus est <strong data-start=\"570\" data-end=\"583\">herbivore<\/strong> \ud83c\udf3f.<\/p><p>5.Combien fait sa taille?<\/p><p>Il mesurait environ <strong data-start=\"652\" data-end=\"677\">8 \u00e0 10 m\u00e8tres de long<\/strong>.<\/p><p>6.Combien p\u00e8se son poids ?<\/p><p>Il pesait environ <strong data-start=\"741\" data-end=\"757\">2 \u00e0 3 tonnes<\/strong>.<\/p><p>7.le Gyposaurus\u00a0vient du cr\u00e9tac\u00e9,du tria ou du jurassique ?<\/p><p>Il vient du <strong data-start=\"851\" data-end=\"872\">Cr\u00e9tac\u00e9 sup\u00e9rieur<\/strong>.<\/p><p>8.Comment fait la taille du\u00a0Gyposaurus\u00a0?<\/p><p>C\u2019\u00e9tait un <strong data-start=\"943\" data-end=\"962\">grand dinosaure<\/strong>, \u00e0 peu pr\u00e8s de la taille d\u2019un <strong data-start=\"993\" data-end=\"1003\">camion<\/strong>.<\/p><p>9.De quelle famille appartient\u00a0le Gyposaurus\u00a0?<\/p><p data-start=\"1070\" data-end=\"1154\">Il appartient \u00e0 la famille des <strong data-start=\"1101\" data-end=\"1118\">Hadrosaurid\u00e9s<\/strong><br data-start=\"1118\" data-end=\"1121\" \/>(dinosaures \u00e0 <strong data-start=\"1135\" data-end=\"1152\">bec de canard<\/strong>).<\/p><p>10.Combien \u00e0 v\u00e9cu le Gyposaurus ?<\/p><p>On ne le sait pas exactement, mais on pense qu\u2019il pouvait vivre <strong data-start=\"1280\" data-end=\"1311\">plusieurs dizaines d\u2019ann\u00e9es<\/strong>.<\/p><p>11.Combien fait la taille de ces dents ?<\/p><p>Ses dents \u00e9taient <strong data-start=\"1389\" data-end=\"1423\">petites (quelques centim\u00e8tres)<\/strong>, mais tr\u00e8s solides.<\/p><p>12.Quel est sont nom scientifique ?<\/p><p>Son nom scientifique est <strong data-start=\"1521\" data-end=\"1548\"><em data-start=\"1523\" data-end=\"1546\">Gryposaurus notabilis<\/em><\/strong>.<\/p><p>13.Combien p\u00e8se son cerveau?<\/p><p data-start=\"1597\" data-end=\"1670\">Son cerveau \u00e9tait <strong data-start=\"1615\" data-end=\"1629\">tr\u00e8s petit<\/strong>, probablement <strong data-start=\"1644\" data-end=\"1669\">moins d\u2019un kilogramme<\/strong>.<\/p><p>14.Il vit seul ou en troupeau?<\/p><p>Il vivait probablement <strong data-start=\"1743\" data-end=\"1758\">en troupeau<\/strong>.<\/p><p>15.Qui est son premier os qui a \u00e9t\u00e9 trouv\u00e9?<\/p><p>On a retrouv\u00e9 <strong data-start=\"1836\" data-end=\"1865\">plusieurs os du squelette<\/strong>, surtout des <strong data-start=\"1879\" data-end=\"1894\">os du cr\u00e2ne<\/strong>, mais pas un seul os pr\u00e9cis connu comme le tout premier.<\/p><p>16.Quand il le nomme ?<\/p><p>Il a \u00e9t\u00e9 nomm\u00e9 en <strong data-start=\"2015\" data-end=\"2023\">1914<\/strong>.<\/p><p>17.Combien il a de dents?<\/p><p data-start=\"2071\" data-end=\"2143\">Il avait <strong data-start=\"2080\" data-end=\"2106\">des centaines de dents<\/strong>, rang\u00e9es en <strong data-start=\"2119\" data-end=\"2142\">batteries dentaires<\/strong>.<\/p><p>18.Quels sont les autres dinosaures qui vivaient \u00e0 cette \u00e9poque?<\/p><p data-start=\"2227\" data-end=\"2268\">\u00c0 la m\u00eame \u00e9poque vivaient par exemple :<\/p><ul data-start=\"2269\" data-end=\"2379\"><li data-start=\"2269\" data-end=\"2294\"><p data-start=\"2271\" data-end=\"2294\"><strong data-start=\"2271\" data-end=\"2292\">Tyrannosaurus rex<\/strong><\/p><\/li><li data-start=\"2295\" data-end=\"2316\"><p data-start=\"2297\" data-end=\"2316\"><strong data-start=\"2297\" data-end=\"2314\">Edmontosaurus<\/strong><\/p><\/li><li data-start=\"2317\" data-end=\"2336\"><p data-start=\"2319\" data-end=\"2336\"><strong data-start=\"2319\" data-end=\"2334\">Triceratops<\/strong><\/p><\/li><li data-start=\"2337\" data-end=\"2360\"><p data-start=\"2339\" data-end=\"2360\"><strong data-start=\"2339\" data-end=\"2358\">Parasaurolophus<\/strong><\/p><\/li><li data-start=\"2361\" data-end=\"2379\"><p data-start=\"2363\" data-end=\"2379\"><strong data-start=\"2363\" data-end=\"2379\">Ankylosaurus<\/strong><\/p><\/li><\/ul>\t\t\t\t\t\t\t\t<\/div>\n\t\t\t\t\t<\/div>\n\t\t\t\t<\/div>\n\t\t\t\t<\/div>\n\t\t","protected":false},"excerpt":{"rendered":"<p>\u00a0 \u00a0 \u00a0 \u00a0 \u00a0 \u00a0 \u00a0 \u00a0 \u00a0 \u00a0 \u00a0 \u00a0 \u00a0 \u00a0 \u00a0 \u00a0Gryposaurus 1.Qui a d\u00e9couvert\u00a0le Gyposaurus\u00a0? Le Gryposaurus a \u00e9t\u00e9 d\u00e9couvert par le pal\u00e9ontologue Barnum Brown. 2.Ou \u00e0 t\u2019il trouver le fossile de ce reptile? Les fossiles ont \u00e9t\u00e9 trouv\u00e9s en Am\u00e9rique du Nord, surtout aux \u00c9tats-Unis (Montana) et au Canada. [&hellip;]<\/p>\n","protected":false},"author":1,"featured_media":0,"parent":0,"menu_order":0,"comment_status":"closed","ping_status":"closed","template":"","meta":{"footnotes":""},"class_list":["post-765","page","type-page","status-publish","hentry"],"yoast_head":"<!-- This site is optimized with the Yoast SEO plugin v26.2 - https:\/\/yoast.com\/wordpress\/plugins\/seo\/ -->\n<title>Gyposaurus - RJ Exp\u00e9rience<\/title>\n<meta name=\"robots\" content=\"index, follow, max-snippet:-1, max-image-preview:large, max-video-preview:-1\" \/>\n<link rel=\"canonical\" href=\"https:\/\/rj-experience.com\/index.php\/gyposaurus\/\" \/>\n<meta property=\"og:locale\" content=\"en_US\" \/>\n<meta property=\"og:type\" content=\"article\" \/>\n<meta property=\"og:title\" content=\"Gyposaurus - RJ Exp\u00e9rience\" \/>\n<meta property=\"og:description\" content=\"\u00a0 \u00a0 \u00a0 \u00a0 \u00a0 \u00a0 \u00a0 \u00a0 \u00a0 \u00a0 \u00a0 \u00a0 \u00a0 \u00a0 \u00a0 \u00a0Gryposaurus 1.Qui a d\u00e9couvert\u00a0le Gyposaurus\u00a0? Le Gryposaurus a \u00e9t\u00e9 d\u00e9couvert par le pal\u00e9ontologue Barnum Brown. 2.Ou \u00e0 t\u2019il trouver le fossile de ce reptile? Les fossiles ont \u00e9t\u00e9 trouv\u00e9s en Am\u00e9rique du Nord, surtout aux \u00c9tats-Unis (Montana) et au Canada. [&hellip;]\" \/>\n<meta property=\"og:url\" content=\"https:\/\/rj-experience.com\/index.php\/gyposaurus\/\" \/>\n<meta property=\"og:site_name\" content=\"RJ Exp\u00e9rience\" \/>\n<meta property=\"article:modified_time\" content=\"2026-01-01T19:50:16+00:00\" \/>\n<meta name=\"twitter:card\" content=\"summary_large_image\" \/>\n<meta name=\"twitter:label1\" content=\"Est. reading time\" \/>\n\t<meta name=\"twitter:data1\" content=\"2 minutes\" \/>\n<script type=\"application\/ld+json\" class=\"yoast-schema-graph\">{\"@context\":\"https:\/\/schema.org\",\"@graph\":[{\"@type\":\"WebPage\",\"@id\":\"https:\/\/rj-experience.com\/index.php\/gyposaurus\/\",\"url\":\"https:\/\/rj-experience.com\/index.php\/gyposaurus\/\",\"name\":\"Gyposaurus - RJ Exp\u00e9rience\",\"isPartOf\":{\"@id\":\"https:\/\/rj-experience.com\/#website\"},\"datePublished\":\"2025-07-23T12:58:14+00:00\",\"dateModified\":\"2026-01-01T19:50:16+00:00\",\"breadcrumb\":{\"@id\":\"https:\/\/rj-experience.com\/index.php\/gyposaurus\/#breadcrumb\"},\"inLanguage\":\"en-US\",\"potentialAction\":[{\"@type\":\"ReadAction\",\"target\":[\"https:\/\/rj-experience.com\/index.php\/gyposaurus\/\"]}]},{\"@type\":\"BreadcrumbList\",\"@id\":\"https:\/\/rj-experience.com\/index.php\/gyposaurus\/#breadcrumb\",\"itemListElement\":[{\"@type\":\"ListItem\",\"position\":1,\"name\":\"Home\",\"item\":\"https:\/\/rj-experience.com\/\"},{\"@type\":\"ListItem\",\"position\":2,\"name\":\"Gyposaurus\"}]},{\"@type\":\"WebSite\",\"@id\":\"https:\/\/rj-experience.com\/#website\",\"url\":\"https:\/\/rj-experience.com\/\",\"name\":\"RJ Exp\u00e9rience\",\"description\":\"\",\"publisher\":{\"@id\":\"https:\/\/rj-experience.com\/#organization\"},\"potentialAction\":[{\"@type\":\"SearchAction\",\"target\":{\"@type\":\"EntryPoint\",\"urlTemplate\":\"https:\/\/rj-experience.com\/?s={search_term_string}\"},\"query-input\":{\"@type\":\"PropertyValueSpecification\",\"valueRequired\":true,\"valueName\":\"search_term_string\"}}],\"inLanguage\":\"en-US\"},{\"@type\":\"Organization\",\"@id\":\"https:\/\/rj-experience.com\/#organization\",\"name\":\"RJ Exp\u00e9rience\",\"url\":\"https:\/\/rj-experience.com\/\",\"logo\":{\"@type\":\"ImageObject\",\"inLanguage\":\"en-US\",\"@id\":\"https:\/\/rj-experience.com\/#\/schema\/logo\/image\/\",\"url\":\"https:\/\/rj-experience.com\/wp-content\/uploads\/2025\/10\/cropped-ChatGPT-Image-28-oct.-2025-18_28_26.png\",\"contentUrl\":\"https:\/\/rj-experience.com\/wp-content\/uploads\/2025\/10\/cropped-ChatGPT-Image-28-oct.-2025-18_28_26.png\",\"width\":512,\"height\":512,\"caption\":\"RJ Exp\u00e9rience\"},\"image\":{\"@id\":\"https:\/\/rj-experience.com\/#\/schema\/logo\/image\/\"}}]}<\/script>\n<!-- \/ Yoast SEO plugin. -->","yoast_head_json":{"title":"Gyposaurus - RJ Exp\u00e9rience","robots":{"index":"index","follow":"follow","max-snippet":"max-snippet:-1","max-image-preview":"max-image-preview:large","max-video-preview":"max-video-preview:-1"},"canonical":"https:\/\/rj-experience.com\/index.php\/gyposaurus\/","og_locale":"en_US","og_type":"article","og_title":"Gyposaurus - RJ Exp\u00e9rience","og_description":"\u00a0 \u00a0 \u00a0 \u00a0 \u00a0 \u00a0 \u00a0 \u00a0 \u00a0 \u00a0 \u00a0 \u00a0 \u00a0 \u00a0 \u00a0 \u00a0Gryposaurus 1.Qui a d\u00e9couvert\u00a0le Gyposaurus\u00a0? Le Gryposaurus a \u00e9t\u00e9 d\u00e9couvert par le pal\u00e9ontologue Barnum Brown. 2.Ou \u00e0 t\u2019il trouver le fossile de ce reptile? Les fossiles ont \u00e9t\u00e9 trouv\u00e9s en Am\u00e9rique du Nord, surtout aux \u00c9tats-Unis (Montana) et au Canada. [&hellip;]","og_url":"https:\/\/rj-experience.com\/index.php\/gyposaurus\/","og_site_name":"RJ Exp\u00e9rience","article_modified_time":"2026-01-01T19:50:16+00:00","twitter_card":"summary_large_image","twitter_misc":{"Est. reading time":"2 minutes"},"schema":{"@context":"https:\/\/schema.org","@graph":[{"@type":"WebPage","@id":"https:\/\/rj-experience.com\/index.php\/gyposaurus\/","url":"https:\/\/rj-experience.com\/index.php\/gyposaurus\/","name":"Gyposaurus - RJ Exp\u00e9rience","isPartOf":{"@id":"https:\/\/rj-experience.com\/#website"},"datePublished":"2025-07-23T12:58:14+00:00","dateModified":"2026-01-01T19:50:16+00:00","breadcrumb":{"@id":"https:\/\/rj-experience.com\/index.php\/gyposaurus\/#breadcrumb"},"inLanguage":"en-US","potentialAction":[{"@type":"ReadAction","target":["https:\/\/rj-experience.com\/index.php\/gyposaurus\/"]}]},{"@type":"BreadcrumbList","@id":"https:\/\/rj-experience.com\/index.php\/gyposaurus\/#breadcrumb","itemListElement":[{"@type":"ListItem","position":1,"name":"Home","item":"https:\/\/rj-experience.com\/"},{"@type":"ListItem","position":2,"name":"Gyposaurus"}]},{"@type":"WebSite","@id":"https:\/\/rj-experience.com\/#website","url":"https:\/\/rj-experience.com\/","name":"RJ Exp\u00e9rience","description":"","publisher":{"@id":"https:\/\/rj-experience.com\/#organization"},"potentialAction":[{"@type":"SearchAction","target":{"@type":"EntryPoint","urlTemplate":"https:\/\/rj-experience.com\/?s={search_term_string}"},"query-input":{"@type":"PropertyValueSpecification","valueRequired":true,"valueName":"search_term_string"}}],"inLanguage":"en-US"},{"@type":"Organization","@id":"https:\/\/rj-experience.com\/#organization","name":"RJ Exp\u00e9rience","url":"https:\/\/rj-experience.com\/","logo":{"@type":"ImageObject","inLanguage":"en-US","@id":"https:\/\/rj-experience.com\/#\/schema\/logo\/image\/","url":"https:\/\/rj-experience.com\/wp-content\/uploads\/2025\/10\/cropped-ChatGPT-Image-28-oct.-2025-18_28_26.png","contentUrl":"https:\/\/rj-experience.com\/wp-content\/uploads\/2025\/10\/cropped-ChatGPT-Image-28-oct.-2025-18_28_26.png","width":512,"height":512,"caption":"RJ Exp\u00e9rience"},"image":{"@id":"https:\/\/rj-experience.com\/#\/schema\/logo\/image\/"}}]}},"_links":{"self":[{"href":"https:\/\/rj-experience.com\/index.php\/wp-json\/wp\/v2\/pages\/765","targetHints":{"allow":["GET"]}}],"collection":[{"href":"https:\/\/rj-experience.com\/index.php\/wp-json\/wp\/v2\/pages"}],"about":[{"href":"https:\/\/rj-experience.com\/index.php\/wp-json\/wp\/v2\/types\/page"}],"author":[{"embeddable":true,"href":"https:\/\/rj-experience.com\/index.php\/wp-json\/wp\/v2\/users\/1"}],"replies":[{"embeddable":true,"href":"https:\/\/rj-experience.com\/index.php\/wp-json\/wp\/v2\/comments?post=765"}],"version-history":[{"count":4,"href":"https:\/\/rj-experience.com\/index.php\/wp-json\/wp\/v2\/pages\/765\/revisions"}],"predecessor-version":[{"id":1738,"href":"https:\/\/rj-experience.com\/index.php\/wp-json\/wp\/v2\/pages\/765\/revisions\/1738"}],"wp:attachment":[{"href":"https:\/\/rj-experience.com\/index.php\/wp-json\/wp\/v2\/media?parent=765"}],"curies":[{"name":"wp","href":"https:\/\/api.w.org\/{rel}","templated":true}]}}