{"id":760,"date":"2025-07-23T12:56:59","date_gmt":"2025-07-23T12:56:59","guid":{"rendered":"https:\/\/rj-experience.com\/?page_id=760"},"modified":"2026-01-01T19:44:02","modified_gmt":"2026-01-01T19:44:02","slug":"tsintaosaurus","status":"publish","type":"page","link":"https:\/\/rj-experience.com\/index.php\/tsintaosaurus\/","title":{"rendered":"Tsintaosaurus"},"content":{"rendered":"\t\t<div data-elementor-type=\"wp-page\" data-elementor-id=\"760\" class=\"elementor elementor-760\">\n\t\t\t\t<div class=\"elementor-element elementor-element-667356b e-flex e-con-boxed e-con e-parent\" data-id=\"667356b\" data-element_type=\"container\">\n\t\t\t\t\t<div class=\"e-con-inner\">\n\t\t\t\t<div class=\"elementor-element elementor-element-8d2c3b4 elementor-widget elementor-widget-text-editor\" data-id=\"8d2c3b4\" data-element_type=\"widget\" data-widget_type=\"text-editor.default\">\n\t\t\t\t\t\t\t\t\t<h1><b>\u00a0 \u00a0 \u00a0 \u00a0 \u00a0 \u00a0 \u00a0 \u00a0 \u00a0 \u00a0 \u00a0 \u00a0 \u00a0 \u00a0 Tsintaosaurus<\/b><\/h1><p>1.Qui a d\u00e9couvert leTsintaosaurus?<\/p><p>Le Tsintaosaurus a \u00e9t\u00e9 d\u00e9couvert par le <strong data-start=\"283\" data-end=\"320\">pal\u00e9ontologue chinois C. C. Young<\/strong> (Yang Zhongjian)<\/p><p>2.Ou \u00e0 t\u2019il trouver le fossile de ce reptile?<\/p><p>Le fossile a \u00e9t\u00e9 trouv\u00e9 en <strong data-start=\"429\" data-end=\"438\">Chine<\/strong>, dans la <strong data-start=\"448\" data-end=\"472\">province du Shandong<\/strong>.<\/p><p>3.Quand il a trouve le premier os de ce reptile?<\/p><p>Le premier fossile a \u00e9t\u00e9 d\u00e9couvert en <strong data-start=\"581\" data-end=\"589\">1957<\/strong>.<\/p><p>4.Il est carnivore ou herbivore?<\/p><p>Le Tsintaosaurus est <strong data-start=\"663\" data-end=\"676\">herbivore<\/strong> \ud83c\udf3f.<\/p><p>5.Combien fait sa taille?<\/p><p>l mesurait environ <strong data-start=\"745\" data-end=\"771\">10 \u00e0 12 m\u00e8tres de long<\/strong>.<\/p><p>6.Combien p\u00e8se son poids ?<\/p><p>Il pesait environ <strong data-start=\"835\" data-end=\"851\">2 \u00e0 3 tonnes<\/strong>.<\/p><p>7.Le\u00a0Tsintaosaurus vient du cr\u00e9tac\u00e9 , du tria ou du jurassique ?<\/p><p>Il vient du <strong data-start=\"947\" data-end=\"968\">Cr\u00e9tac\u00e9 sup\u00e9rieur<\/strong>.<\/p><p>8.Comment fait la taille de le\u00a0Tsintaosaurus ?<\/p><p>C\u2019\u00e9tait un <strong data-start=\"1041\" data-end=\"1060\">grand dinosaure<\/strong>, comparable \u00e0 la taille d\u2019un <strong data-start=\"1090\" data-end=\"1097\">bus<\/strong>.<\/p><p>9.De quelle famille appartient le Tsintaosaurus\u00a0?<\/p><p data-start=\"1166\" data-end=\"1250\">Il appartient \u00e0 la famille des <strong data-start=\"1197\" data-end=\"1214\">Hadrosaurid\u00e9s<\/strong><br data-start=\"1214\" data-end=\"1217\" \/>(dinosaures \u00e0 <strong data-start=\"1231\" data-end=\"1248\">bec de canard<\/strong>).<\/p><p>10.Combien \u00e0 v\u00e9cu le Tsintaosaurus?<\/p><p>On ne sait pas exactement, mais on estime qu\u2019il vivait <strong data-start=\"1369\" data-end=\"1400\">plusieurs dizaines d\u2019ann\u00e9es<\/strong>, comme les grands animaux actuels.<\/p><p>11.Combien fait la taille de ces dents ?<\/p><p>Ses dents \u00e9taient <strong data-start=\"1512\" data-end=\"1523\">petites<\/strong>, quelques <strong data-start=\"1534\" data-end=\"1559\">centim\u00e8tres seulement<\/strong>, mais tr\u00e8s nombreuses.<\/p><p>12.Quel est sont nom scientifique ?<\/p><p>Son nom scientifique est <strong data-start=\"1660\" data-end=\"1691\"><em data-start=\"1662\" data-end=\"1689\">Tsintaosaurus spinorhinus<\/em><\/strong>.<\/p><p>13.Combien p\u00e8se son cerveau?<\/p><p>Son cerveau \u00e9tait <strong data-start=\"1758\" data-end=\"1772\">tr\u00e8s petit<\/strong>, probablement <strong data-start=\"1787\" data-end=\"1820\">quelques centaines de grammes<\/strong>.<br data-start=\"1821\" data-end=\"1824\" \/>(Chez les dinosaures, le cerveau est petit par rapport au corps.)<\/p><p>14.Il vit seul ou en troupeau?<\/p><p>l vivait probablement <strong data-start=\"1962\" data-end=\"1977\">en troupeau<\/strong>, pour se prot\u00e9ger des pr\u00e9dateurs.<\/p><p>15.Qui est son premier os qui a \u00e9t\u00e9 trouv\u00e9?<\/p><p>On a trouv\u00e9 <strong data-start=\"2086\" data-end=\"2115\">plusieurs os du squelette<\/strong>, mais pas un seul os pr\u00e9cis connu comme \u201cle tout premier\u201d.<\/p><p>16.Quand il le nomme ?<\/p><p>l a \u00e9t\u00e9 nomm\u00e9 officiellement en <strong data-start=\"2253\" data-end=\"2261\">1958<\/strong>.<\/p><p>17.Combien il a de dents?<\/p><p>Il avait <strong data-start=\"2318\" data-end=\"2344\">des centaines de dents<\/strong>, organis\u00e9es en <strong data-start=\"2360\" data-end=\"2383\">batteries dentaires<\/strong> pour broyer les plantes.<\/p><p>18.Quels sont les autres dinosaures qui vivaient \u00e0 cette \u00e9poque?<\/p><p data-start=\"2492\" data-end=\"2533\">\u00c0 la m\u00eame \u00e9poque vivaient par exemple :<\/p><ul data-start=\"2534\" data-end=\"2621\"><li data-start=\"2534\" data-end=\"2559\"><p data-start=\"2536\" data-end=\"2559\"><strong data-start=\"2536\" data-end=\"2557\">Tyrannosaurus rex<\/strong><\/p><\/li><li data-start=\"2560\" data-end=\"2579\"><p data-start=\"2562\" data-end=\"2579\"><strong data-start=\"2562\" data-end=\"2577\">Triceratops<\/strong><\/p><\/li><li data-start=\"2580\" data-end=\"2600\"><p data-start=\"2582\" data-end=\"2600\"><strong data-start=\"2582\" data-end=\"2598\">Velociraptor<\/strong><\/p><\/li><li data-start=\"2601\" data-end=\"2621\"><p data-start=\"2603\" data-end=\"2621\"><strong data-start=\"2603\" data-end=\"2619\">Ankylosaurus<\/strong><\/p><\/li><\/ul>\t\t\t\t\t\t\t\t<\/div>\n\t\t\t\t\t<\/div>\n\t\t\t\t<\/div>\n\t\t\t\t<\/div>\n\t\t","protected":false},"excerpt":{"rendered":"<p>\u00a0 \u00a0 \u00a0 \u00a0 \u00a0 \u00a0 \u00a0 \u00a0 \u00a0 \u00a0 \u00a0 \u00a0 \u00a0 \u00a0 Tsintaosaurus 1.Qui a d\u00e9couvert leTsintaosaurus? Le Tsintaosaurus a \u00e9t\u00e9 d\u00e9couvert par le pal\u00e9ontologue chinois C. C. Young (Yang Zhongjian) 2.Ou \u00e0 t\u2019il trouver le fossile de ce reptile? Le fossile a \u00e9t\u00e9 trouv\u00e9 en Chine, dans la province du Shandong. 3.Quand [&hellip;]<\/p>\n","protected":false},"author":1,"featured_media":0,"parent":0,"menu_order":0,"comment_status":"closed","ping_status":"closed","template":"","meta":{"footnotes":""},"class_list":["post-760","page","type-page","status-publish","hentry"],"yoast_head":"<!-- This site is optimized with the Yoast SEO plugin v26.2 - https:\/\/yoast.com\/wordpress\/plugins\/seo\/ -->\n<title>Tsintaosaurus - RJ Exp\u00e9rience<\/title>\n<meta name=\"robots\" content=\"index, follow, max-snippet:-1, max-image-preview:large, max-video-preview:-1\" \/>\n<link rel=\"canonical\" href=\"https:\/\/rj-experience.com\/index.php\/tsintaosaurus\/\" \/>\n<meta property=\"og:locale\" content=\"en_US\" \/>\n<meta property=\"og:type\" content=\"article\" \/>\n<meta property=\"og:title\" content=\"Tsintaosaurus - RJ Exp\u00e9rience\" \/>\n<meta property=\"og:description\" content=\"\u00a0 \u00a0 \u00a0 \u00a0 \u00a0 \u00a0 \u00a0 \u00a0 \u00a0 \u00a0 \u00a0 \u00a0 \u00a0 \u00a0 Tsintaosaurus 1.Qui a d\u00e9couvert leTsintaosaurus? Le Tsintaosaurus a \u00e9t\u00e9 d\u00e9couvert par le pal\u00e9ontologue chinois C. C. Young (Yang Zhongjian) 2.Ou \u00e0 t\u2019il trouver le fossile de ce reptile? Le fossile a \u00e9t\u00e9 trouv\u00e9 en Chine, dans la province du Shandong. 3.Quand [&hellip;]\" \/>\n<meta property=\"og:url\" content=\"https:\/\/rj-experience.com\/index.php\/tsintaosaurus\/\" \/>\n<meta property=\"og:site_name\" content=\"RJ Exp\u00e9rience\" \/>\n<meta property=\"article:modified_time\" content=\"2026-01-01T19:44:02+00:00\" \/>\n<meta name=\"twitter:card\" content=\"summary_large_image\" \/>\n<meta name=\"twitter:label1\" content=\"Est. reading time\" \/>\n\t<meta name=\"twitter:data1\" content=\"2 minutes\" \/>\n<script type=\"application\/ld+json\" class=\"yoast-schema-graph\">{\"@context\":\"https:\/\/schema.org\",\"@graph\":[{\"@type\":\"WebPage\",\"@id\":\"https:\/\/rj-experience.com\/index.php\/tsintaosaurus\/\",\"url\":\"https:\/\/rj-experience.com\/index.php\/tsintaosaurus\/\",\"name\":\"Tsintaosaurus - RJ Exp\u00e9rience\",\"isPartOf\":{\"@id\":\"https:\/\/rj-experience.com\/#website\"},\"datePublished\":\"2025-07-23T12:56:59+00:00\",\"dateModified\":\"2026-01-01T19:44:02+00:00\",\"breadcrumb\":{\"@id\":\"https:\/\/rj-experience.com\/index.php\/tsintaosaurus\/#breadcrumb\"},\"inLanguage\":\"en-US\",\"potentialAction\":[{\"@type\":\"ReadAction\",\"target\":[\"https:\/\/rj-experience.com\/index.php\/tsintaosaurus\/\"]}]},{\"@type\":\"BreadcrumbList\",\"@id\":\"https:\/\/rj-experience.com\/index.php\/tsintaosaurus\/#breadcrumb\",\"itemListElement\":[{\"@type\":\"ListItem\",\"position\":1,\"name\":\"Home\",\"item\":\"https:\/\/rj-experience.com\/\"},{\"@type\":\"ListItem\",\"position\":2,\"name\":\"Tsintaosaurus\"}]},{\"@type\":\"WebSite\",\"@id\":\"https:\/\/rj-experience.com\/#website\",\"url\":\"https:\/\/rj-experience.com\/\",\"name\":\"RJ Exp\u00e9rience\",\"description\":\"\",\"publisher\":{\"@id\":\"https:\/\/rj-experience.com\/#organization\"},\"potentialAction\":[{\"@type\":\"SearchAction\",\"target\":{\"@type\":\"EntryPoint\",\"urlTemplate\":\"https:\/\/rj-experience.com\/?s={search_term_string}\"},\"query-input\":{\"@type\":\"PropertyValueSpecification\",\"valueRequired\":true,\"valueName\":\"search_term_string\"}}],\"inLanguage\":\"en-US\"},{\"@type\":\"Organization\",\"@id\":\"https:\/\/rj-experience.com\/#organization\",\"name\":\"RJ Exp\u00e9rience\",\"url\":\"https:\/\/rj-experience.com\/\",\"logo\":{\"@type\":\"ImageObject\",\"inLanguage\":\"en-US\",\"@id\":\"https:\/\/rj-experience.com\/#\/schema\/logo\/image\/\",\"url\":\"https:\/\/rj-experience.com\/wp-content\/uploads\/2025\/10\/cropped-ChatGPT-Image-28-oct.-2025-18_28_26.png\",\"contentUrl\":\"https:\/\/rj-experience.com\/wp-content\/uploads\/2025\/10\/cropped-ChatGPT-Image-28-oct.-2025-18_28_26.png\",\"width\":512,\"height\":512,\"caption\":\"RJ Exp\u00e9rience\"},\"image\":{\"@id\":\"https:\/\/rj-experience.com\/#\/schema\/logo\/image\/\"}}]}<\/script>\n<!-- \/ Yoast SEO plugin. -->","yoast_head_json":{"title":"Tsintaosaurus - RJ Exp\u00e9rience","robots":{"index":"index","follow":"follow","max-snippet":"max-snippet:-1","max-image-preview":"max-image-preview:large","max-video-preview":"max-video-preview:-1"},"canonical":"https:\/\/rj-experience.com\/index.php\/tsintaosaurus\/","og_locale":"en_US","og_type":"article","og_title":"Tsintaosaurus - RJ Exp\u00e9rience","og_description":"\u00a0 \u00a0 \u00a0 \u00a0 \u00a0 \u00a0 \u00a0 \u00a0 \u00a0 \u00a0 \u00a0 \u00a0 \u00a0 \u00a0 Tsintaosaurus 1.Qui a d\u00e9couvert leTsintaosaurus? Le Tsintaosaurus a \u00e9t\u00e9 d\u00e9couvert par le pal\u00e9ontologue chinois C. C. Young (Yang Zhongjian) 2.Ou \u00e0 t\u2019il trouver le fossile de ce reptile? Le fossile a \u00e9t\u00e9 trouv\u00e9 en Chine, dans la province du Shandong. 3.Quand [&hellip;]","og_url":"https:\/\/rj-experience.com\/index.php\/tsintaosaurus\/","og_site_name":"RJ Exp\u00e9rience","article_modified_time":"2026-01-01T19:44:02+00:00","twitter_card":"summary_large_image","twitter_misc":{"Est. reading time":"2 minutes"},"schema":{"@context":"https:\/\/schema.org","@graph":[{"@type":"WebPage","@id":"https:\/\/rj-experience.com\/index.php\/tsintaosaurus\/","url":"https:\/\/rj-experience.com\/index.php\/tsintaosaurus\/","name":"Tsintaosaurus - RJ Exp\u00e9rience","isPartOf":{"@id":"https:\/\/rj-experience.com\/#website"},"datePublished":"2025-07-23T12:56:59+00:00","dateModified":"2026-01-01T19:44:02+00:00","breadcrumb":{"@id":"https:\/\/rj-experience.com\/index.php\/tsintaosaurus\/#breadcrumb"},"inLanguage":"en-US","potentialAction":[{"@type":"ReadAction","target":["https:\/\/rj-experience.com\/index.php\/tsintaosaurus\/"]}]},{"@type":"BreadcrumbList","@id":"https:\/\/rj-experience.com\/index.php\/tsintaosaurus\/#breadcrumb","itemListElement":[{"@type":"ListItem","position":1,"name":"Home","item":"https:\/\/rj-experience.com\/"},{"@type":"ListItem","position":2,"name":"Tsintaosaurus"}]},{"@type":"WebSite","@id":"https:\/\/rj-experience.com\/#website","url":"https:\/\/rj-experience.com\/","name":"RJ Exp\u00e9rience","description":"","publisher":{"@id":"https:\/\/rj-experience.com\/#organization"},"potentialAction":[{"@type":"SearchAction","target":{"@type":"EntryPoint","urlTemplate":"https:\/\/rj-experience.com\/?s={search_term_string}"},"query-input":{"@type":"PropertyValueSpecification","valueRequired":true,"valueName":"search_term_string"}}],"inLanguage":"en-US"},{"@type":"Organization","@id":"https:\/\/rj-experience.com\/#organization","name":"RJ Exp\u00e9rience","url":"https:\/\/rj-experience.com\/","logo":{"@type":"ImageObject","inLanguage":"en-US","@id":"https:\/\/rj-experience.com\/#\/schema\/logo\/image\/","url":"https:\/\/rj-experience.com\/wp-content\/uploads\/2025\/10\/cropped-ChatGPT-Image-28-oct.-2025-18_28_26.png","contentUrl":"https:\/\/rj-experience.com\/wp-content\/uploads\/2025\/10\/cropped-ChatGPT-Image-28-oct.-2025-18_28_26.png","width":512,"height":512,"caption":"RJ Exp\u00e9rience"},"image":{"@id":"https:\/\/rj-experience.com\/#\/schema\/logo\/image\/"}}]}},"_links":{"self":[{"href":"https:\/\/rj-experience.com\/index.php\/wp-json\/wp\/v2\/pages\/760","targetHints":{"allow":["GET"]}}],"collection":[{"href":"https:\/\/rj-experience.com\/index.php\/wp-json\/wp\/v2\/pages"}],"about":[{"href":"https:\/\/rj-experience.com\/index.php\/wp-json\/wp\/v2\/types\/page"}],"author":[{"embeddable":true,"href":"https:\/\/rj-experience.com\/index.php\/wp-json\/wp\/v2\/users\/1"}],"replies":[{"embeddable":true,"href":"https:\/\/rj-experience.com\/index.php\/wp-json\/wp\/v2\/comments?post=760"}],"version-history":[{"count":4,"href":"https:\/\/rj-experience.com\/index.php\/wp-json\/wp\/v2\/pages\/760\/revisions"}],"predecessor-version":[{"id":1735,"href":"https:\/\/rj-experience.com\/index.php\/wp-json\/wp\/v2\/pages\/760\/revisions\/1735"}],"wp:attachment":[{"href":"https:\/\/rj-experience.com\/index.php\/wp-json\/wp\/v2\/media?parent=760"}],"curies":[{"name":"wp","href":"https:\/\/api.w.org\/{rel}","templated":true}]}}