{"id":750,"date":"2025-07-23T12:52:34","date_gmt":"2025-07-23T12:52:34","guid":{"rendered":"https:\/\/rj-experience.com\/?page_id=750"},"modified":"2025-12-31T20:54:45","modified_gmt":"2025-12-31T20:54:45","slug":"maiasaura","status":"publish","type":"page","link":"https:\/\/rj-experience.com\/index.php\/maiasaura\/","title":{"rendered":"Maiasaura"},"content":{"rendered":"\t\t<div data-elementor-type=\"wp-page\" data-elementor-id=\"750\" class=\"elementor elementor-750\">\n\t\t\t\t<div class=\"elementor-element elementor-element-c2c3234 e-flex e-con-boxed e-con e-parent\" data-id=\"c2c3234\" data-element_type=\"container\">\n\t\t\t\t\t<div class=\"e-con-inner\">\n\t\t\t\t<div class=\"elementor-element elementor-element-1184380 elementor-widget elementor-widget-text-editor\" data-id=\"1184380\" data-element_type=\"widget\" data-widget_type=\"text-editor.default\">\n\t\t\t\t\t\t\t\t\t<h1>\u00a0 \u00a0 \u00a0 \u00a0 \u00a0 \u00a0 \u00a0 \u00a0 \u00a0 \u00a0 \u00a0 \u00a0 \u00a0 \u00a0 \u00a0 \u00a0 Maiasaura<\/h1><p>1.Qui a d\u00e9couvert le\u00a0Maiasaura ?<\/p><p>Il a \u00e9t\u00e9 d\u00e9couvert par les pal\u00e9ontologues <strong data-start=\"188\" data-end=\"203\">Jack Horner<\/strong> et <strong data-start=\"207\" data-end=\"224\">Robert Makela<\/strong>.<\/p><p>2.Ou \u00e0 t\u2019il trouver le fossile de ce reptile?<\/p><p>Aux <strong data-start=\"287\" data-end=\"301\">\u00c9tats-Unis<\/strong>, dans l\u2019\u00c9tat du <strong data-start=\"318\" data-end=\"329\">Montana<\/strong>.<\/p><p>3.Quand il a trouve le premier os de ce reptile?<\/p><p>En <strong data-start=\"397\" data-end=\"405\">1978<\/strong>.<\/p><p>4.Il est carnivore ou herbivore?<\/p><p>Il est <strong data-start=\"459\" data-end=\"472\">herbivore<\/strong><\/p><p>5.Combien fait sa taille?<\/p><p>Environ <strong data-start=\"520\" data-end=\"544\">8 \u00e0 9 m\u00e8tres de long<\/strong>.<\/p><p>6.Combien p\u00e8se son poids ?<\/p><p>Environ <strong data-start=\"592\" data-end=\"610\">2,5 \u00e0 3 tonnes<\/strong>.<\/p><p>7.Le\u00a0Maiasaura vient du cr\u00e9tac\u00e9,du tria ou du jurassique ?<\/p><p>Il vient du <strong data-start=\"696\" data-end=\"717\">Cr\u00e9tac\u00e9 sup\u00e9rieur<\/strong>.<\/p><p>8.Comment fait la taille de le Maiasaura?<\/p><p>C\u2019\u00e9tait un <strong data-start=\"780\" data-end=\"820\">dinosaure de taille moyenne \u00e0 grande<\/strong>, aussi long qu\u2019un <strong data-start=\"839\" data-end=\"855\">bus scolaire<\/strong>.<\/p><p>9.De quelle famille appartient le\u00a0Maiasaura ?<\/p><p>\u00c0 la famille des <strong data-start=\"931\" data-end=\"948\">Hadrosaurid\u00e9s<\/strong> (dinosaures \u00e0 bec de canard).<\/p><p>10.Combien \u00e0 v\u00e9cu le Maiasaura?<\/p><p>On estime qu\u2019il vivait <strong data-start=\"1046\" data-end=\"1061\">20 \u00e0 30 ans<\/strong>.<\/p><p>11.Combien fait la taille de ces dents ?<\/p><p>Ses dents \u00e9taient <strong data-start=\"1133\" data-end=\"1167\">petites (quelques millim\u00e8tres)<\/strong>.<\/p><p>12.Quel est sont nom scientifique ?<\/p><p><strong data-start=\"1215\" data-end=\"1240\">Maiasaura peeblesorum<\/strong><\/p><p>13.Combien p\u00e8se son cerveau?<\/p><p>Environ <strong data-start=\"1290\" data-end=\"1304\">30 grammes<\/strong>.<\/p><p>14.Il vit seul ou en troupeau?<\/p><p>Il vivait <strong data-start=\"1359\" data-end=\"1374\">en troupeau<\/strong>.<\/p><p>15.Qui est son premier os qui a \u00e9t\u00e9 trouv\u00e9?<\/p><p>Des <strong data-start=\"1436\" data-end=\"1462\">os de b\u00e9b\u00e9s dinosaures<\/strong>, des <strong data-start=\"1468\" data-end=\"1476\">nids<\/strong> et des <strong data-start=\"1484\" data-end=\"1492\">\u0153ufs<\/strong>, ce qui est tr\u00e8s rare.<\/p><p>16.Quand il le nomme ?<\/p><p>En <strong data-start=\"1558\" data-end=\"1566\">1979<\/strong>.<\/p><p>17.Combien il a de dents?<\/p><p>Environ <strong data-start=\"1614\" data-end=\"1635\">800 \u00e0 1 000 dents<\/strong>, organis\u00e9es en batteries dentaires.<\/p><p>18.Quels sont les autres dinosaures qui vivaient \u00e0 cette \u00e9poque?<\/p><p data-start=\"1673\" data-end=\"1764\">Par exemple :<\/p><ul data-start=\"1765\" data-end=\"1853\"><li data-start=\"1765\" data-end=\"1790\"><p data-start=\"1767\" data-end=\"1790\"><strong data-start=\"1767\" data-end=\"1788\">Tyrannosaurus rex<\/strong><\/p><\/li><li data-start=\"1791\" data-end=\"1810\"><p data-start=\"1793\" data-end=\"1810\"><strong data-start=\"1793\" data-end=\"1808\">Triceratops<\/strong><\/p><\/li><li data-start=\"1811\" data-end=\"1832\"><p data-start=\"1813\" data-end=\"1832\"><strong data-start=\"1813\" data-end=\"1830\">Edmontosaurus<\/strong><\/p><\/li><li data-start=\"1833\" data-end=\"1853\"><p data-start=\"1835\" data-end=\"1853\"><strong data-start=\"1835\" data-end=\"1853\">Daspletosaurus<\/strong><\/p><\/li><\/ul><p>.<\/p>\t\t\t\t\t\t\t\t<\/div>\n\t\t\t\t\t<\/div>\n\t\t\t\t<\/div>\n\t\t\t\t<\/div>\n\t\t","protected":false},"excerpt":{"rendered":"<p>\u00a0 \u00a0 \u00a0 \u00a0 \u00a0 \u00a0 \u00a0 \u00a0 \u00a0 \u00a0 \u00a0 \u00a0 \u00a0 \u00a0 \u00a0 \u00a0 Maiasaura 1.Qui a d\u00e9couvert le\u00a0Maiasaura ? Il a \u00e9t\u00e9 d\u00e9couvert par les pal\u00e9ontologues Jack Horner et Robert Makela. 2.Ou \u00e0 t\u2019il trouver le fossile de ce reptile? Aux \u00c9tats-Unis, dans l\u2019\u00c9tat du Montana. 3.Quand il a trouve le premier [&hellip;]<\/p>\n","protected":false},"author":1,"featured_media":0,"parent":0,"menu_order":0,"comment_status":"closed","ping_status":"closed","template":"","meta":{"footnotes":""},"class_list":["post-750","page","type-page","status-publish","hentry"],"yoast_head":"<!-- This site is optimized with the Yoast SEO plugin v26.2 - https:\/\/yoast.com\/wordpress\/plugins\/seo\/ -->\n<title>Maiasaura - RJ Exp\u00e9rience<\/title>\n<meta name=\"robots\" content=\"index, follow, max-snippet:-1, max-image-preview:large, max-video-preview:-1\" \/>\n<link rel=\"canonical\" href=\"https:\/\/rj-experience.com\/index.php\/maiasaura\/\" \/>\n<meta property=\"og:locale\" content=\"en_US\" \/>\n<meta property=\"og:type\" content=\"article\" \/>\n<meta property=\"og:title\" content=\"Maiasaura - RJ Exp\u00e9rience\" \/>\n<meta property=\"og:description\" content=\"\u00a0 \u00a0 \u00a0 \u00a0 \u00a0 \u00a0 \u00a0 \u00a0 \u00a0 \u00a0 \u00a0 \u00a0 \u00a0 \u00a0 \u00a0 \u00a0 Maiasaura 1.Qui a d\u00e9couvert le\u00a0Maiasaura ? Il a \u00e9t\u00e9 d\u00e9couvert par les pal\u00e9ontologues Jack Horner et Robert Makela. 2.Ou \u00e0 t\u2019il trouver le fossile de ce reptile? Aux \u00c9tats-Unis, dans l\u2019\u00c9tat du Montana. 3.Quand il a trouve le premier [&hellip;]\" \/>\n<meta property=\"og:url\" content=\"https:\/\/rj-experience.com\/index.php\/maiasaura\/\" \/>\n<meta property=\"og:site_name\" content=\"RJ Exp\u00e9rience\" \/>\n<meta property=\"article:modified_time\" content=\"2025-12-31T20:54:45+00:00\" \/>\n<meta name=\"twitter:card\" content=\"summary_large_image\" \/>\n<meta name=\"twitter:label1\" content=\"Est. reading time\" \/>\n\t<meta name=\"twitter:data1\" content=\"2 minutes\" \/>\n<script type=\"application\/ld+json\" class=\"yoast-schema-graph\">{\"@context\":\"https:\/\/schema.org\",\"@graph\":[{\"@type\":\"WebPage\",\"@id\":\"https:\/\/rj-experience.com\/index.php\/maiasaura\/\",\"url\":\"https:\/\/rj-experience.com\/index.php\/maiasaura\/\",\"name\":\"Maiasaura - RJ Exp\u00e9rience\",\"isPartOf\":{\"@id\":\"https:\/\/rj-experience.com\/#website\"},\"datePublished\":\"2025-07-23T12:52:34+00:00\",\"dateModified\":\"2025-12-31T20:54:45+00:00\",\"breadcrumb\":{\"@id\":\"https:\/\/rj-experience.com\/index.php\/maiasaura\/#breadcrumb\"},\"inLanguage\":\"en-US\",\"potentialAction\":[{\"@type\":\"ReadAction\",\"target\":[\"https:\/\/rj-experience.com\/index.php\/maiasaura\/\"]}]},{\"@type\":\"BreadcrumbList\",\"@id\":\"https:\/\/rj-experience.com\/index.php\/maiasaura\/#breadcrumb\",\"itemListElement\":[{\"@type\":\"ListItem\",\"position\":1,\"name\":\"Home\",\"item\":\"https:\/\/rj-experience.com\/\"},{\"@type\":\"ListItem\",\"position\":2,\"name\":\"Maiasaura\"}]},{\"@type\":\"WebSite\",\"@id\":\"https:\/\/rj-experience.com\/#website\",\"url\":\"https:\/\/rj-experience.com\/\",\"name\":\"RJ Exp\u00e9rience\",\"description\":\"\",\"publisher\":{\"@id\":\"https:\/\/rj-experience.com\/#organization\"},\"potentialAction\":[{\"@type\":\"SearchAction\",\"target\":{\"@type\":\"EntryPoint\",\"urlTemplate\":\"https:\/\/rj-experience.com\/?s={search_term_string}\"},\"query-input\":{\"@type\":\"PropertyValueSpecification\",\"valueRequired\":true,\"valueName\":\"search_term_string\"}}],\"inLanguage\":\"en-US\"},{\"@type\":\"Organization\",\"@id\":\"https:\/\/rj-experience.com\/#organization\",\"name\":\"RJ Exp\u00e9rience\",\"url\":\"https:\/\/rj-experience.com\/\",\"logo\":{\"@type\":\"ImageObject\",\"inLanguage\":\"en-US\",\"@id\":\"https:\/\/rj-experience.com\/#\/schema\/logo\/image\/\",\"url\":\"https:\/\/rj-experience.com\/wp-content\/uploads\/2025\/10\/cropped-ChatGPT-Image-28-oct.-2025-18_28_26.png\",\"contentUrl\":\"https:\/\/rj-experience.com\/wp-content\/uploads\/2025\/10\/cropped-ChatGPT-Image-28-oct.-2025-18_28_26.png\",\"width\":512,\"height\":512,\"caption\":\"RJ Exp\u00e9rience\"},\"image\":{\"@id\":\"https:\/\/rj-experience.com\/#\/schema\/logo\/image\/\"}}]}<\/script>\n<!-- \/ Yoast SEO plugin. -->","yoast_head_json":{"title":"Maiasaura - RJ Exp\u00e9rience","robots":{"index":"index","follow":"follow","max-snippet":"max-snippet:-1","max-image-preview":"max-image-preview:large","max-video-preview":"max-video-preview:-1"},"canonical":"https:\/\/rj-experience.com\/index.php\/maiasaura\/","og_locale":"en_US","og_type":"article","og_title":"Maiasaura - RJ Exp\u00e9rience","og_description":"\u00a0 \u00a0 \u00a0 \u00a0 \u00a0 \u00a0 \u00a0 \u00a0 \u00a0 \u00a0 \u00a0 \u00a0 \u00a0 \u00a0 \u00a0 \u00a0 Maiasaura 1.Qui a d\u00e9couvert le\u00a0Maiasaura ? Il a \u00e9t\u00e9 d\u00e9couvert par les pal\u00e9ontologues Jack Horner et Robert Makela. 2.Ou \u00e0 t\u2019il trouver le fossile de ce reptile? Aux \u00c9tats-Unis, dans l\u2019\u00c9tat du Montana. 3.Quand il a trouve le premier [&hellip;]","og_url":"https:\/\/rj-experience.com\/index.php\/maiasaura\/","og_site_name":"RJ Exp\u00e9rience","article_modified_time":"2025-12-31T20:54:45+00:00","twitter_card":"summary_large_image","twitter_misc":{"Est. reading time":"2 minutes"},"schema":{"@context":"https:\/\/schema.org","@graph":[{"@type":"WebPage","@id":"https:\/\/rj-experience.com\/index.php\/maiasaura\/","url":"https:\/\/rj-experience.com\/index.php\/maiasaura\/","name":"Maiasaura - RJ Exp\u00e9rience","isPartOf":{"@id":"https:\/\/rj-experience.com\/#website"},"datePublished":"2025-07-23T12:52:34+00:00","dateModified":"2025-12-31T20:54:45+00:00","breadcrumb":{"@id":"https:\/\/rj-experience.com\/index.php\/maiasaura\/#breadcrumb"},"inLanguage":"en-US","potentialAction":[{"@type":"ReadAction","target":["https:\/\/rj-experience.com\/index.php\/maiasaura\/"]}]},{"@type":"BreadcrumbList","@id":"https:\/\/rj-experience.com\/index.php\/maiasaura\/#breadcrumb","itemListElement":[{"@type":"ListItem","position":1,"name":"Home","item":"https:\/\/rj-experience.com\/"},{"@type":"ListItem","position":2,"name":"Maiasaura"}]},{"@type":"WebSite","@id":"https:\/\/rj-experience.com\/#website","url":"https:\/\/rj-experience.com\/","name":"RJ Exp\u00e9rience","description":"","publisher":{"@id":"https:\/\/rj-experience.com\/#organization"},"potentialAction":[{"@type":"SearchAction","target":{"@type":"EntryPoint","urlTemplate":"https:\/\/rj-experience.com\/?s={search_term_string}"},"query-input":{"@type":"PropertyValueSpecification","valueRequired":true,"valueName":"search_term_string"}}],"inLanguage":"en-US"},{"@type":"Organization","@id":"https:\/\/rj-experience.com\/#organization","name":"RJ Exp\u00e9rience","url":"https:\/\/rj-experience.com\/","logo":{"@type":"ImageObject","inLanguage":"en-US","@id":"https:\/\/rj-experience.com\/#\/schema\/logo\/image\/","url":"https:\/\/rj-experience.com\/wp-content\/uploads\/2025\/10\/cropped-ChatGPT-Image-28-oct.-2025-18_28_26.png","contentUrl":"https:\/\/rj-experience.com\/wp-content\/uploads\/2025\/10\/cropped-ChatGPT-Image-28-oct.-2025-18_28_26.png","width":512,"height":512,"caption":"RJ Exp\u00e9rience"},"image":{"@id":"https:\/\/rj-experience.com\/#\/schema\/logo\/image\/"}}]}},"_links":{"self":[{"href":"https:\/\/rj-experience.com\/index.php\/wp-json\/wp\/v2\/pages\/750","targetHints":{"allow":["GET"]}}],"collection":[{"href":"https:\/\/rj-experience.com\/index.php\/wp-json\/wp\/v2\/pages"}],"about":[{"href":"https:\/\/rj-experience.com\/index.php\/wp-json\/wp\/v2\/types\/page"}],"author":[{"embeddable":true,"href":"https:\/\/rj-experience.com\/index.php\/wp-json\/wp\/v2\/users\/1"}],"replies":[{"embeddable":true,"href":"https:\/\/rj-experience.com\/index.php\/wp-json\/wp\/v2\/comments?post=750"}],"version-history":[{"count":4,"href":"https:\/\/rj-experience.com\/index.php\/wp-json\/wp\/v2\/pages\/750\/revisions"}],"predecessor-version":[{"id":1713,"href":"https:\/\/rj-experience.com\/index.php\/wp-json\/wp\/v2\/pages\/750\/revisions\/1713"}],"wp:attachment":[{"href":"https:\/\/rj-experience.com\/index.php\/wp-json\/wp\/v2\/media?parent=750"}],"curies":[{"name":"wp","href":"https:\/\/api.w.org\/{rel}","templated":true}]}}