{"id":745,"date":"2025-07-23T12:51:34","date_gmt":"2025-07-23T12:51:34","guid":{"rendered":"https:\/\/rj-experience.com\/?page_id=745"},"modified":"2025-12-31T20:45:47","modified_gmt":"2025-12-31T20:45:47","slug":"lambeosaurus","status":"publish","type":"page","link":"https:\/\/rj-experience.com\/index.php\/lambeosaurus\/","title":{"rendered":"Lambeosaurus"},"content":{"rendered":"\t\t<div data-elementor-type=\"wp-page\" data-elementor-id=\"745\" class=\"elementor elementor-745\">\n\t\t\t\t<div class=\"elementor-element elementor-element-53e9e13 e-flex e-con-boxed e-con e-parent\" data-id=\"53e9e13\" data-element_type=\"container\">\n\t\t\t\t\t<div class=\"e-con-inner\">\n\t\t\t\t<div class=\"elementor-element elementor-element-e457cf2 elementor-widget elementor-widget-text-editor\" data-id=\"e457cf2\" data-element_type=\"widget\" data-widget_type=\"text-editor.default\">\n\t\t\t\t\t\t\t\t\t<h1><b>\u00a0 \u00a0 \u00a0 \u00a0 \u00a0 \u00a0 \u00a0 \u00a0 \u00a0 \u00a0 \u00a0 \u00a0 \u00a0 \u00a0 \u00a0Lambeosaurus<\/b><\/h1><p>1.Qui a d\u00e9couvert le\u00a0Lambeosaurus ?<\/p><p>Il a \u00e9t\u00e9 d\u00e9couvert par le pal\u00e9ontologue <strong data-start=\"190\" data-end=\"208\">Lawrence Lambe<\/strong>.<\/p><p>2.Ou \u00e0 t\u2019il trouver le fossile de ce reptile?<\/p><p>Au <strong data-start=\"270\" data-end=\"280\">Canada<\/strong>, dans la province de <strong data-start=\"302\" data-end=\"315\">l\u2019Alberta<\/strong>.<\/p><p>3.Quand il a trouve le premier os de ce reptile?<\/p><p>En <strong data-start=\"383\" data-end=\"391\">1914<\/strong>.<\/p><p>4.Il est carnivore ou herbivore?<\/p><p>Il est <strong data-start=\"445\" data-end=\"458\">herbivore<\/strong>.<\/p><p>5.Combien fait sa taille?<\/p><p>Environ <strong data-start=\"506\" data-end=\"531\">9 \u00e0 10 m\u00e8tres de long<\/strong>.<\/p><p>6.Combien p\u00e8se son poids ?<\/p><p>Environ <strong data-start=\"579\" data-end=\"595\">4 \u00e0 5 tonnes<\/strong>.<\/p><p>7.Le\u00a0Lambeosaurus vient du cr\u00e9tac\u00e9 , du tria ou du jurassique ?<\/p><p>Il vient du <strong data-start=\"684\" data-end=\"705\">Cr\u00e9tac\u00e9 sup\u00e9rieur<\/strong>.<\/p><p>8.Comment fait la taille de le\u00a0Lambeosaurus ?<\/p><p>C\u2019\u00e9tait un <strong data-start=\"771\" data-end=\"790\">grand dinosaure<\/strong>, presque aussi long qu\u2019un <strong data-start=\"817\" data-end=\"824\">bus<\/strong>.<\/p><p>9.De quelle famille appartient le\u00a0Lambeosaurus ?<\/p><p>\u00c0 la famille des <strong data-start=\"903\" data-end=\"920\">Hadrosaurid\u00e9s<\/strong>.<\/p><p>10.Combien \u00e0 v\u00e9cu le\u00a0Lambeosaurus ?<\/p><p>On estime qu\u2019il vivait <strong data-start=\"992\" data-end=\"1007\">20 \u00e0 30 ans<\/strong>.<\/p><p>11.Combien fait la taille de ces dents ?<\/p><p>Ses dents \u00e9taient <strong data-start=\"1079\" data-end=\"1113\">petites (quelques millim\u00e8tres)<\/strong>.<\/p><p>12.Quel est sont nom scientifique ?<\/p><p><strong data-start=\"1161\" data-end=\"1184\">Lambeosaurus lambei<\/strong><\/p><p>13.Combien p\u00e8se son cerveau?<\/p><p>Environ <strong data-start=\"1234\" data-end=\"1253\">30 \u00e0 40 grammes<\/strong>.<\/p><p>14.Il vit seul ou en troupeau?<\/p><p>Il vivait <strong data-start=\"1308\" data-end=\"1323\">en troupeau<\/strong>.<\/p><p>15.Qui est son premier os qui a \u00e9t\u00e9 trouv\u00e9?<\/p><p>Des <strong data-start=\"1385\" data-end=\"1405\">parties du cr\u00e2ne<\/strong> et du squelette.<\/p><p>16.Quand il le nomme ?<\/p><p>En <strong data-start=\"1465\" data-end=\"1473\">1923<\/strong>.<\/p><p>17.Combien il a de dents?<\/p><p>Environ <strong data-start=\"1521\" data-end=\"1536\">1 000 dents<\/strong>, organis\u00e9es en batteries dentaires.<\/p><p>18.Quels sont les autres dinosaures qui vivaient \u00e0 cette \u00e9poque?<\/p><p data-start=\"1574\" data-end=\"1665\">Par exemple :<\/p><ul data-start=\"1666\" data-end=\"1757\"><li data-start=\"1666\" data-end=\"1687\"><p data-start=\"1668\" data-end=\"1687\"><strong data-start=\"1668\" data-end=\"1685\">Corythosaurus<\/strong><\/p><\/li><li data-start=\"1688\" data-end=\"1711\"><p data-start=\"1690\" data-end=\"1711\"><strong data-start=\"1690\" data-end=\"1709\">Parasaurolophus<\/strong><\/p><\/li><li data-start=\"1712\" data-end=\"1733\"><p data-start=\"1714\" data-end=\"1733\"><strong data-start=\"1714\" data-end=\"1731\">Edmontosaurus<\/strong><\/p><\/li><li data-start=\"1734\" data-end=\"1757\"><p data-start=\"1736\" data-end=\"1757\"><strong data-start=\"1736\" data-end=\"1757\">Tyrannosaurus rex<\/strong><\/p><\/li><\/ul><p>.<\/p>\t\t\t\t\t\t\t\t<\/div>\n\t\t\t\t\t<\/div>\n\t\t\t\t<\/div>\n\t\t\t\t<\/div>\n\t\t","protected":false},"excerpt":{"rendered":"<p>\u00a0 \u00a0 \u00a0 \u00a0 \u00a0 \u00a0 \u00a0 \u00a0 \u00a0 \u00a0 \u00a0 \u00a0 \u00a0 \u00a0 \u00a0Lambeosaurus 1.Qui a d\u00e9couvert le\u00a0Lambeosaurus ? Il a \u00e9t\u00e9 d\u00e9couvert par le pal\u00e9ontologue Lawrence Lambe. 2.Ou \u00e0 t\u2019il trouver le fossile de ce reptile? Au Canada, dans la province de l\u2019Alberta. 3.Quand il a trouve le premier os de ce reptile? [&hellip;]<\/p>\n","protected":false},"author":1,"featured_media":0,"parent":0,"menu_order":0,"comment_status":"closed","ping_status":"closed","template":"","meta":{"footnotes":""},"class_list":["post-745","page","type-page","status-publish","hentry"],"yoast_head":"<!-- This site is optimized with the Yoast SEO plugin v26.2 - https:\/\/yoast.com\/wordpress\/plugins\/seo\/ -->\n<title>Lambeosaurus - RJ Exp\u00e9rience<\/title>\n<meta name=\"robots\" content=\"index, follow, max-snippet:-1, max-image-preview:large, max-video-preview:-1\" \/>\n<link rel=\"canonical\" href=\"https:\/\/rj-experience.com\/index.php\/lambeosaurus\/\" \/>\n<meta property=\"og:locale\" content=\"en_US\" \/>\n<meta property=\"og:type\" content=\"article\" \/>\n<meta property=\"og:title\" content=\"Lambeosaurus - RJ Exp\u00e9rience\" \/>\n<meta property=\"og:description\" content=\"\u00a0 \u00a0 \u00a0 \u00a0 \u00a0 \u00a0 \u00a0 \u00a0 \u00a0 \u00a0 \u00a0 \u00a0 \u00a0 \u00a0 \u00a0Lambeosaurus 1.Qui a d\u00e9couvert le\u00a0Lambeosaurus ? Il a \u00e9t\u00e9 d\u00e9couvert par le pal\u00e9ontologue Lawrence Lambe. 2.Ou \u00e0 t\u2019il trouver le fossile de ce reptile? Au Canada, dans la province de l\u2019Alberta. 3.Quand il a trouve le premier os de ce reptile? [&hellip;]\" \/>\n<meta property=\"og:url\" content=\"https:\/\/rj-experience.com\/index.php\/lambeosaurus\/\" \/>\n<meta property=\"og:site_name\" content=\"RJ Exp\u00e9rience\" \/>\n<meta property=\"article:modified_time\" content=\"2025-12-31T20:45:47+00:00\" \/>\n<meta name=\"twitter:card\" content=\"summary_large_image\" \/>\n<meta name=\"twitter:label1\" content=\"Est. reading time\" \/>\n\t<meta name=\"twitter:data1\" content=\"1 minute\" \/>\n<script type=\"application\/ld+json\" class=\"yoast-schema-graph\">{\"@context\":\"https:\/\/schema.org\",\"@graph\":[{\"@type\":\"WebPage\",\"@id\":\"https:\/\/rj-experience.com\/index.php\/lambeosaurus\/\",\"url\":\"https:\/\/rj-experience.com\/index.php\/lambeosaurus\/\",\"name\":\"Lambeosaurus - RJ Exp\u00e9rience\",\"isPartOf\":{\"@id\":\"https:\/\/rj-experience.com\/#website\"},\"datePublished\":\"2025-07-23T12:51:34+00:00\",\"dateModified\":\"2025-12-31T20:45:47+00:00\",\"breadcrumb\":{\"@id\":\"https:\/\/rj-experience.com\/index.php\/lambeosaurus\/#breadcrumb\"},\"inLanguage\":\"en-US\",\"potentialAction\":[{\"@type\":\"ReadAction\",\"target\":[\"https:\/\/rj-experience.com\/index.php\/lambeosaurus\/\"]}]},{\"@type\":\"BreadcrumbList\",\"@id\":\"https:\/\/rj-experience.com\/index.php\/lambeosaurus\/#breadcrumb\",\"itemListElement\":[{\"@type\":\"ListItem\",\"position\":1,\"name\":\"Home\",\"item\":\"https:\/\/rj-experience.com\/\"},{\"@type\":\"ListItem\",\"position\":2,\"name\":\"Lambeosaurus\"}]},{\"@type\":\"WebSite\",\"@id\":\"https:\/\/rj-experience.com\/#website\",\"url\":\"https:\/\/rj-experience.com\/\",\"name\":\"RJ Exp\u00e9rience\",\"description\":\"\",\"publisher\":{\"@id\":\"https:\/\/rj-experience.com\/#organization\"},\"potentialAction\":[{\"@type\":\"SearchAction\",\"target\":{\"@type\":\"EntryPoint\",\"urlTemplate\":\"https:\/\/rj-experience.com\/?s={search_term_string}\"},\"query-input\":{\"@type\":\"PropertyValueSpecification\",\"valueRequired\":true,\"valueName\":\"search_term_string\"}}],\"inLanguage\":\"en-US\"},{\"@type\":\"Organization\",\"@id\":\"https:\/\/rj-experience.com\/#organization\",\"name\":\"RJ Exp\u00e9rience\",\"url\":\"https:\/\/rj-experience.com\/\",\"logo\":{\"@type\":\"ImageObject\",\"inLanguage\":\"en-US\",\"@id\":\"https:\/\/rj-experience.com\/#\/schema\/logo\/image\/\",\"url\":\"https:\/\/rj-experience.com\/wp-content\/uploads\/2025\/10\/cropped-ChatGPT-Image-28-oct.-2025-18_28_26.png\",\"contentUrl\":\"https:\/\/rj-experience.com\/wp-content\/uploads\/2025\/10\/cropped-ChatGPT-Image-28-oct.-2025-18_28_26.png\",\"width\":512,\"height\":512,\"caption\":\"RJ Exp\u00e9rience\"},\"image\":{\"@id\":\"https:\/\/rj-experience.com\/#\/schema\/logo\/image\/\"}}]}<\/script>\n<!-- \/ Yoast SEO plugin. -->","yoast_head_json":{"title":"Lambeosaurus - RJ Exp\u00e9rience","robots":{"index":"index","follow":"follow","max-snippet":"max-snippet:-1","max-image-preview":"max-image-preview:large","max-video-preview":"max-video-preview:-1"},"canonical":"https:\/\/rj-experience.com\/index.php\/lambeosaurus\/","og_locale":"en_US","og_type":"article","og_title":"Lambeosaurus - RJ Exp\u00e9rience","og_description":"\u00a0 \u00a0 \u00a0 \u00a0 \u00a0 \u00a0 \u00a0 \u00a0 \u00a0 \u00a0 \u00a0 \u00a0 \u00a0 \u00a0 \u00a0Lambeosaurus 1.Qui a d\u00e9couvert le\u00a0Lambeosaurus ? Il a \u00e9t\u00e9 d\u00e9couvert par le pal\u00e9ontologue Lawrence Lambe. 2.Ou \u00e0 t\u2019il trouver le fossile de ce reptile? Au Canada, dans la province de l\u2019Alberta. 3.Quand il a trouve le premier os de ce reptile? [&hellip;]","og_url":"https:\/\/rj-experience.com\/index.php\/lambeosaurus\/","og_site_name":"RJ Exp\u00e9rience","article_modified_time":"2025-12-31T20:45:47+00:00","twitter_card":"summary_large_image","twitter_misc":{"Est. reading time":"1 minute"},"schema":{"@context":"https:\/\/schema.org","@graph":[{"@type":"WebPage","@id":"https:\/\/rj-experience.com\/index.php\/lambeosaurus\/","url":"https:\/\/rj-experience.com\/index.php\/lambeosaurus\/","name":"Lambeosaurus - RJ Exp\u00e9rience","isPartOf":{"@id":"https:\/\/rj-experience.com\/#website"},"datePublished":"2025-07-23T12:51:34+00:00","dateModified":"2025-12-31T20:45:47+00:00","breadcrumb":{"@id":"https:\/\/rj-experience.com\/index.php\/lambeosaurus\/#breadcrumb"},"inLanguage":"en-US","potentialAction":[{"@type":"ReadAction","target":["https:\/\/rj-experience.com\/index.php\/lambeosaurus\/"]}]},{"@type":"BreadcrumbList","@id":"https:\/\/rj-experience.com\/index.php\/lambeosaurus\/#breadcrumb","itemListElement":[{"@type":"ListItem","position":1,"name":"Home","item":"https:\/\/rj-experience.com\/"},{"@type":"ListItem","position":2,"name":"Lambeosaurus"}]},{"@type":"WebSite","@id":"https:\/\/rj-experience.com\/#website","url":"https:\/\/rj-experience.com\/","name":"RJ Exp\u00e9rience","description":"","publisher":{"@id":"https:\/\/rj-experience.com\/#organization"},"potentialAction":[{"@type":"SearchAction","target":{"@type":"EntryPoint","urlTemplate":"https:\/\/rj-experience.com\/?s={search_term_string}"},"query-input":{"@type":"PropertyValueSpecification","valueRequired":true,"valueName":"search_term_string"}}],"inLanguage":"en-US"},{"@type":"Organization","@id":"https:\/\/rj-experience.com\/#organization","name":"RJ Exp\u00e9rience","url":"https:\/\/rj-experience.com\/","logo":{"@type":"ImageObject","inLanguage":"en-US","@id":"https:\/\/rj-experience.com\/#\/schema\/logo\/image\/","url":"https:\/\/rj-experience.com\/wp-content\/uploads\/2025\/10\/cropped-ChatGPT-Image-28-oct.-2025-18_28_26.png","contentUrl":"https:\/\/rj-experience.com\/wp-content\/uploads\/2025\/10\/cropped-ChatGPT-Image-28-oct.-2025-18_28_26.png","width":512,"height":512,"caption":"RJ Exp\u00e9rience"},"image":{"@id":"https:\/\/rj-experience.com\/#\/schema\/logo\/image\/"}}]}},"_links":{"self":[{"href":"https:\/\/rj-experience.com\/index.php\/wp-json\/wp\/v2\/pages\/745","targetHints":{"allow":["GET"]}}],"collection":[{"href":"https:\/\/rj-experience.com\/index.php\/wp-json\/wp\/v2\/pages"}],"about":[{"href":"https:\/\/rj-experience.com\/index.php\/wp-json\/wp\/v2\/types\/page"}],"author":[{"embeddable":true,"href":"https:\/\/rj-experience.com\/index.php\/wp-json\/wp\/v2\/users\/1"}],"replies":[{"embeddable":true,"href":"https:\/\/rj-experience.com\/index.php\/wp-json\/wp\/v2\/comments?post=745"}],"version-history":[{"count":4,"href":"https:\/\/rj-experience.com\/index.php\/wp-json\/wp\/v2\/pages\/745\/revisions"}],"predecessor-version":[{"id":1710,"href":"https:\/\/rj-experience.com\/index.php\/wp-json\/wp\/v2\/pages\/745\/revisions\/1710"}],"wp:attachment":[{"href":"https:\/\/rj-experience.com\/index.php\/wp-json\/wp\/v2\/media?parent=745"}],"curies":[{"name":"wp","href":"https:\/\/api.w.org\/{rel}","templated":true}]}}