{"id":740,"date":"2025-07-23T12:49:23","date_gmt":"2025-07-23T12:49:23","guid":{"rendered":"https:\/\/rj-experience.com\/?page_id=740"},"modified":"2025-12-31T20:37:21","modified_gmt":"2025-12-31T20:37:21","slug":"corythosaurus","status":"publish","type":"page","link":"https:\/\/rj-experience.com\/index.php\/corythosaurus\/","title":{"rendered":"Corythosaurus"},"content":{"rendered":"\t\t<div data-elementor-type=\"wp-page\" data-elementor-id=\"740\" class=\"elementor elementor-740\">\n\t\t\t\t<div class=\"elementor-element elementor-element-a9687d4 e-flex e-con-boxed e-con e-parent\" data-id=\"a9687d4\" data-element_type=\"container\">\n\t\t\t\t\t<div class=\"e-con-inner\">\n\t\t\t\t<div class=\"elementor-element elementor-element-1e5145b elementor-widget elementor-widget-text-editor\" data-id=\"1e5145b\" data-element_type=\"widget\" data-widget_type=\"text-editor.default\">\n\t\t\t\t\t\t\t\t\t<h1><b>\u00a0 \u00a0 \u00a0 \u00a0 \u00a0 \u00a0 \u00a0 \u00a0 \u00a0 \u00a0 \u00a0 \u00a0 \u00a0Corythosaurus<\/b><\/h1><p style=\"font-weight: 400;\">1.Qui a d\u00e9couvert le Corythosaurus ?<\/p><p>Il a \u00e9t\u00e9 d\u00e9couvert par le pal\u00e9ontologue <strong data-start=\"194\" data-end=\"210\">Barnum Brown<\/strong>.<\/p><p style=\"font-weight: 400;\">2.Ou \u00e0 t\u2019il trouver le fossile de ce reptile?<\/p><p>Au <strong data-start=\"272\" data-end=\"282\">Canada<\/strong>, dans la province de <strong data-start=\"304\" data-end=\"317\">l\u2019Alberta<\/strong>.<\/p><p style=\"font-weight: 400;\">3.Quand il a trouv\u00e9 le premier os de ce reptile?<\/p><p style=\"font-weight: 400;\">En <strong data-start=\"385\" data-end=\"393\">1912<\/strong>.<\/p><p style=\"font-weight: 400;\">4.Il est carnivore ou herbivore?<\/p><p style=\"font-weight: 400;\">Il est <strong data-start=\"447\" data-end=\"460\">herbivore<\/strong>.<\/p><p style=\"font-weight: 400;\">5.Combien fait sa taille?<\/p><p style=\"font-weight: 400;\">Environ <strong data-start=\"508\" data-end=\"528\">9 m\u00e8tres de long<\/strong>.<\/p><p style=\"font-weight: 400;\">6.Combien p\u00e8se son poids ?<\/p><p style=\"font-weight: 400;\">Environ <strong data-start=\"576\" data-end=\"594\">3 \u00e0 3,5 tonnes<\/strong><\/p><p style=\"font-weight: 400;\">7.Le Corythosaurus vient du cr\u00e9tac\u00e9,du tria ou du jurassique ?<\/p><p style=\"font-weight: 400;\">Il vient du <strong data-start=\"684\" data-end=\"705\">Cr\u00e9tac\u00e9 sup\u00e9rieur<\/strong>.<\/p><p style=\"font-weight: 400;\">8.Comment fait la taille du Corythosaurus ?<\/p><p style=\"font-weight: 400;\">C\u2019\u00e9tait un <strong data-start=\"772\" data-end=\"791\">grand dinosaure<\/strong>, de la taille d\u2019un <strong data-start=\"811\" data-end=\"827\">bus scolaire<\/strong>.<\/p><p style=\"font-weight: 400;\">9.De quelle famille appartient le Corythosaurus\u00a0 ?<\/p><p style=\"font-weight: 400;\">\u00c0 la famille des <strong data-start=\"907\" data-end=\"924\">Hadrosaurid\u00e9s<\/strong> (dinosaures \u00e0 bec de canard).<\/p><p style=\"font-weight: 400;\">10.Combien \u00e0 v\u00e9cu le Corythosaurus?<\/p><p style=\"font-weight: 400;\">On estime qu\u2019il vivait <strong data-start=\"1026\" data-end=\"1041\">20 \u00e0 30 ans<\/strong>.<\/p><p style=\"font-weight: 400;\">11.Combien fait la taille de ces dents ?<\/p><p style=\"font-weight: 400;\">Ses dents \u00e9taient <strong data-start=\"1113\" data-end=\"1147\">petites (quelques millim\u00e8tres)<\/strong>.<\/p><p style=\"font-weight: 400;\">12.Quel est sont nom scientifique ?<\/p><p style=\"font-weight: 400;\"><strong data-start=\"1195\" data-end=\"1222\">Corythosaurus casuarius<\/strong><\/p><p style=\"font-weight: 400;\">13.Combien p\u00e8se son cerveau?<\/p><p style=\"font-weight: 400;\">Environ <strong data-start=\"1272\" data-end=\"1291\">30 \u00e0 40 grammes<\/strong><\/p><p style=\"font-weight: 400;\">14.Il vit seul ou en troupeau?<\/p><p style=\"font-weight: 400;\">Il vivait <strong data-start=\"1346\" data-end=\"1361\">en troupeau<\/strong>.<\/p><p style=\"font-weight: 400;\">15.Qui est son premier os qui a \u00e9t\u00e9 trouv\u00e9?<\/p><p style=\"font-weight: 400;\">Des <strong data-start=\"1423\" data-end=\"1443\">parties du cr\u00e2ne<\/strong> et du squelette.<\/p><p style=\"font-weight: 400;\">16.Quand il le nomme ?<\/p><p style=\"font-weight: 400;\">En <strong data-start=\"1503\" data-end=\"1511\">1914<\/strong>.<\/p><p style=\"font-weight: 400;\">17.Combien il a de dents?<\/p><p style=\"font-weight: 400;\">Environ <strong data-start=\"1559\" data-end=\"1574\">1 000 dents<\/strong>, organis\u00e9es en batteries dentaires.<\/p><p style=\"font-weight: 400;\">18.Quels sont les autres dinosaures qui vivaient \u00e0 cette \u00e9poque?<\/p><p data-start=\"1612\" data-end=\"1703\">Par exemple :<\/p><ul data-start=\"1704\" data-end=\"1794\"><li data-start=\"1704\" data-end=\"1729\"><p data-start=\"1706\" data-end=\"1729\"><strong data-start=\"1706\" data-end=\"1727\">Tyrannosaurus rex<\/strong><\/p><\/li><li data-start=\"1730\" data-end=\"1753\"><p data-start=\"1732\" data-end=\"1753\"><strong data-start=\"1732\" data-end=\"1751\">Parasaurolophus<\/strong><\/p><\/li><li data-start=\"1754\" data-end=\"1775\"><p data-start=\"1756\" data-end=\"1775\"><strong data-start=\"1756\" data-end=\"1773\">Edmontosaurus<\/strong><\/p><\/li><li data-start=\"1776\" data-end=\"1794\"><p data-start=\"1778\" data-end=\"1794\"><strong data-start=\"1778\" data-end=\"1794\">Ankylosaurus<\/strong><\/p><\/li><\/ul><p style=\"font-weight: 400;\">\u00a0<\/p><h1 style=\"font-weight: 400;\">\u00a0<\/h1><p>.<\/p>\t\t\t\t\t\t\t\t<\/div>\n\t\t\t\t\t<\/div>\n\t\t\t\t<\/div>\n\t\t\t\t<\/div>\n\t\t","protected":false},"excerpt":{"rendered":"<p>\u00a0 \u00a0 \u00a0 \u00a0 \u00a0 \u00a0 \u00a0 \u00a0 \u00a0 \u00a0 \u00a0 \u00a0 \u00a0Corythosaurus 1.Qui a d\u00e9couvert le Corythosaurus ? Il a \u00e9t\u00e9 d\u00e9couvert par le pal\u00e9ontologue Barnum Brown. 2.Ou \u00e0 t\u2019il trouver le fossile de ce reptile? Au Canada, dans la province de l\u2019Alberta. 3.Quand il a trouv\u00e9 le premier os de ce reptile? En [&hellip;]<\/p>\n","protected":false},"author":1,"featured_media":0,"parent":0,"menu_order":0,"comment_status":"closed","ping_status":"closed","template":"","meta":{"footnotes":""},"class_list":["post-740","page","type-page","status-publish","hentry"],"yoast_head":"<!-- This site is optimized with the Yoast SEO plugin v26.2 - https:\/\/yoast.com\/wordpress\/plugins\/seo\/ -->\n<title>Corythosaurus - RJ Exp\u00e9rience<\/title>\n<meta name=\"robots\" content=\"index, follow, max-snippet:-1, max-image-preview:large, max-video-preview:-1\" \/>\n<link rel=\"canonical\" href=\"https:\/\/rj-experience.com\/index.php\/corythosaurus\/\" \/>\n<meta property=\"og:locale\" content=\"en_US\" \/>\n<meta property=\"og:type\" content=\"article\" \/>\n<meta property=\"og:title\" content=\"Corythosaurus - RJ Exp\u00e9rience\" \/>\n<meta property=\"og:description\" content=\"\u00a0 \u00a0 \u00a0 \u00a0 \u00a0 \u00a0 \u00a0 \u00a0 \u00a0 \u00a0 \u00a0 \u00a0 \u00a0Corythosaurus 1.Qui a d\u00e9couvert le Corythosaurus ? Il a \u00e9t\u00e9 d\u00e9couvert par le pal\u00e9ontologue Barnum Brown. 2.Ou \u00e0 t\u2019il trouver le fossile de ce reptile? Au Canada, dans la province de l\u2019Alberta. 3.Quand il a trouv\u00e9 le premier os de ce reptile? En [&hellip;]\" \/>\n<meta property=\"og:url\" content=\"https:\/\/rj-experience.com\/index.php\/corythosaurus\/\" \/>\n<meta property=\"og:site_name\" content=\"RJ Exp\u00e9rience\" \/>\n<meta property=\"article:modified_time\" content=\"2025-12-31T20:37:21+00:00\" \/>\n<meta name=\"twitter:card\" content=\"summary_large_image\" \/>\n<meta name=\"twitter:label1\" content=\"Est. reading time\" \/>\n\t<meta name=\"twitter:data1\" content=\"1 minute\" \/>\n<script type=\"application\/ld+json\" class=\"yoast-schema-graph\">{\"@context\":\"https:\/\/schema.org\",\"@graph\":[{\"@type\":\"WebPage\",\"@id\":\"https:\/\/rj-experience.com\/index.php\/corythosaurus\/\",\"url\":\"https:\/\/rj-experience.com\/index.php\/corythosaurus\/\",\"name\":\"Corythosaurus - RJ Exp\u00e9rience\",\"isPartOf\":{\"@id\":\"https:\/\/rj-experience.com\/#website\"},\"datePublished\":\"2025-07-23T12:49:23+00:00\",\"dateModified\":\"2025-12-31T20:37:21+00:00\",\"breadcrumb\":{\"@id\":\"https:\/\/rj-experience.com\/index.php\/corythosaurus\/#breadcrumb\"},\"inLanguage\":\"en-US\",\"potentialAction\":[{\"@type\":\"ReadAction\",\"target\":[\"https:\/\/rj-experience.com\/index.php\/corythosaurus\/\"]}]},{\"@type\":\"BreadcrumbList\",\"@id\":\"https:\/\/rj-experience.com\/index.php\/corythosaurus\/#breadcrumb\",\"itemListElement\":[{\"@type\":\"ListItem\",\"position\":1,\"name\":\"Home\",\"item\":\"https:\/\/rj-experience.com\/\"},{\"@type\":\"ListItem\",\"position\":2,\"name\":\"Corythosaurus\"}]},{\"@type\":\"WebSite\",\"@id\":\"https:\/\/rj-experience.com\/#website\",\"url\":\"https:\/\/rj-experience.com\/\",\"name\":\"RJ Exp\u00e9rience\",\"description\":\"\",\"publisher\":{\"@id\":\"https:\/\/rj-experience.com\/#organization\"},\"potentialAction\":[{\"@type\":\"SearchAction\",\"target\":{\"@type\":\"EntryPoint\",\"urlTemplate\":\"https:\/\/rj-experience.com\/?s={search_term_string}\"},\"query-input\":{\"@type\":\"PropertyValueSpecification\",\"valueRequired\":true,\"valueName\":\"search_term_string\"}}],\"inLanguage\":\"en-US\"},{\"@type\":\"Organization\",\"@id\":\"https:\/\/rj-experience.com\/#organization\",\"name\":\"RJ Exp\u00e9rience\",\"url\":\"https:\/\/rj-experience.com\/\",\"logo\":{\"@type\":\"ImageObject\",\"inLanguage\":\"en-US\",\"@id\":\"https:\/\/rj-experience.com\/#\/schema\/logo\/image\/\",\"url\":\"https:\/\/rj-experience.com\/wp-content\/uploads\/2025\/10\/cropped-ChatGPT-Image-28-oct.-2025-18_28_26.png\",\"contentUrl\":\"https:\/\/rj-experience.com\/wp-content\/uploads\/2025\/10\/cropped-ChatGPT-Image-28-oct.-2025-18_28_26.png\",\"width\":512,\"height\":512,\"caption\":\"RJ Exp\u00e9rience\"},\"image\":{\"@id\":\"https:\/\/rj-experience.com\/#\/schema\/logo\/image\/\"}}]}<\/script>\n<!-- \/ Yoast SEO plugin. -->","yoast_head_json":{"title":"Corythosaurus - RJ Exp\u00e9rience","robots":{"index":"index","follow":"follow","max-snippet":"max-snippet:-1","max-image-preview":"max-image-preview:large","max-video-preview":"max-video-preview:-1"},"canonical":"https:\/\/rj-experience.com\/index.php\/corythosaurus\/","og_locale":"en_US","og_type":"article","og_title":"Corythosaurus - RJ Exp\u00e9rience","og_description":"\u00a0 \u00a0 \u00a0 \u00a0 \u00a0 \u00a0 \u00a0 \u00a0 \u00a0 \u00a0 \u00a0 \u00a0 \u00a0Corythosaurus 1.Qui a d\u00e9couvert le Corythosaurus ? Il a \u00e9t\u00e9 d\u00e9couvert par le pal\u00e9ontologue Barnum Brown. 2.Ou \u00e0 t\u2019il trouver le fossile de ce reptile? Au Canada, dans la province de l\u2019Alberta. 3.Quand il a trouv\u00e9 le premier os de ce reptile? En [&hellip;]","og_url":"https:\/\/rj-experience.com\/index.php\/corythosaurus\/","og_site_name":"RJ Exp\u00e9rience","article_modified_time":"2025-12-31T20:37:21+00:00","twitter_card":"summary_large_image","twitter_misc":{"Est. reading time":"1 minute"},"schema":{"@context":"https:\/\/schema.org","@graph":[{"@type":"WebPage","@id":"https:\/\/rj-experience.com\/index.php\/corythosaurus\/","url":"https:\/\/rj-experience.com\/index.php\/corythosaurus\/","name":"Corythosaurus - RJ Exp\u00e9rience","isPartOf":{"@id":"https:\/\/rj-experience.com\/#website"},"datePublished":"2025-07-23T12:49:23+00:00","dateModified":"2025-12-31T20:37:21+00:00","breadcrumb":{"@id":"https:\/\/rj-experience.com\/index.php\/corythosaurus\/#breadcrumb"},"inLanguage":"en-US","potentialAction":[{"@type":"ReadAction","target":["https:\/\/rj-experience.com\/index.php\/corythosaurus\/"]}]},{"@type":"BreadcrumbList","@id":"https:\/\/rj-experience.com\/index.php\/corythosaurus\/#breadcrumb","itemListElement":[{"@type":"ListItem","position":1,"name":"Home","item":"https:\/\/rj-experience.com\/"},{"@type":"ListItem","position":2,"name":"Corythosaurus"}]},{"@type":"WebSite","@id":"https:\/\/rj-experience.com\/#website","url":"https:\/\/rj-experience.com\/","name":"RJ Exp\u00e9rience","description":"","publisher":{"@id":"https:\/\/rj-experience.com\/#organization"},"potentialAction":[{"@type":"SearchAction","target":{"@type":"EntryPoint","urlTemplate":"https:\/\/rj-experience.com\/?s={search_term_string}"},"query-input":{"@type":"PropertyValueSpecification","valueRequired":true,"valueName":"search_term_string"}}],"inLanguage":"en-US"},{"@type":"Organization","@id":"https:\/\/rj-experience.com\/#organization","name":"RJ Exp\u00e9rience","url":"https:\/\/rj-experience.com\/","logo":{"@type":"ImageObject","inLanguage":"en-US","@id":"https:\/\/rj-experience.com\/#\/schema\/logo\/image\/","url":"https:\/\/rj-experience.com\/wp-content\/uploads\/2025\/10\/cropped-ChatGPT-Image-28-oct.-2025-18_28_26.png","contentUrl":"https:\/\/rj-experience.com\/wp-content\/uploads\/2025\/10\/cropped-ChatGPT-Image-28-oct.-2025-18_28_26.png","width":512,"height":512,"caption":"RJ Exp\u00e9rience"},"image":{"@id":"https:\/\/rj-experience.com\/#\/schema\/logo\/image\/"}}]}},"_links":{"self":[{"href":"https:\/\/rj-experience.com\/index.php\/wp-json\/wp\/v2\/pages\/740","targetHints":{"allow":["GET"]}}],"collection":[{"href":"https:\/\/rj-experience.com\/index.php\/wp-json\/wp\/v2\/pages"}],"about":[{"href":"https:\/\/rj-experience.com\/index.php\/wp-json\/wp\/v2\/types\/page"}],"author":[{"embeddable":true,"href":"https:\/\/rj-experience.com\/index.php\/wp-json\/wp\/v2\/users\/1"}],"replies":[{"embeddable":true,"href":"https:\/\/rj-experience.com\/index.php\/wp-json\/wp\/v2\/comments?post=740"}],"version-history":[{"count":4,"href":"https:\/\/rj-experience.com\/index.php\/wp-json\/wp\/v2\/pages\/740\/revisions"}],"predecessor-version":[{"id":1707,"href":"https:\/\/rj-experience.com\/index.php\/wp-json\/wp\/v2\/pages\/740\/revisions\/1707"}],"wp:attachment":[{"href":"https:\/\/rj-experience.com\/index.php\/wp-json\/wp\/v2\/media?parent=740"}],"curies":[{"name":"wp","href":"https:\/\/api.w.org\/{rel}","templated":true}]}}