{"id":729,"date":"2025-07-23T12:47:08","date_gmt":"2025-07-23T12:47:08","guid":{"rendered":"https:\/\/rj-experience.com\/?page_id=729"},"modified":"2025-12-31T20:14:58","modified_gmt":"2025-12-31T20:14:58","slug":"parasaurolophus-2","status":"publish","type":"page","link":"https:\/\/rj-experience.com\/index.php\/parasaurolophus-2\/","title":{"rendered":"Parasaurolophus"},"content":{"rendered":"\t\t<div data-elementor-type=\"wp-page\" data-elementor-id=\"729\" class=\"elementor elementor-729\">\n\t\t\t\t<div class=\"elementor-element elementor-element-3564cd6 e-flex e-con-boxed e-con e-parent\" data-id=\"3564cd6\" data-element_type=\"container\">\n\t\t\t\t\t<div class=\"e-con-inner\">\n\t\t\t\t<div class=\"elementor-element elementor-element-ce98581 elementor-widget elementor-widget-text-editor\" data-id=\"ce98581\" data-element_type=\"widget\" data-widget_type=\"text-editor.default\">\n\t\t\t\t\t\t\t\t\t<p>Parasaurolophus<\/p><p>1.Qui a d\u00e9couvert le\u00a0Parasaurolophus ?<\/p><p>Il a \u00e9t\u00e9 d\u00e9couvert par le pal\u00e9ontologue <strong data-start=\"204\" data-end=\"221\">William Parks<\/strong>.<\/p><p>2.Ou \u00e0 t\u2019il trouver le fossile de ce reptile?<\/p><p>Au <strong data-start=\"283\" data-end=\"293\">Canada<\/strong>, dans la province de <strong data-start=\"315\" data-end=\"328\">l\u2019Alberta<\/strong><\/p><p>3.Quand il a trouve le premier os de ce reptile?<\/p><p>En <strong data-start=\"396\" data-end=\"404\">1920<\/strong><\/p><p>4.Il est carnivore ou herbivore?<\/p><p>Il est <strong data-start=\"458\" data-end=\"471\">herbivore<\/strong> (il mangeait des plantes).<\/p><p>5.Combien fait sa taille?<\/p><p>Environ <strong data-start=\"545\" data-end=\"570\">9 \u00e0 10 m\u00e8tres de long<\/strong><\/p><p>6.Combien p\u00e8se son poids ?<\/p><p>Environ <strong data-start=\"618\" data-end=\"636\">2,5 \u00e0 3 tonnes<\/strong><\/p><p>7.Le Parasaurolophus vient du cr\u00e9tac\u00e9,du tria ou du jurassique ?<\/p><p>Il vient du <strong data-start=\"728\" data-end=\"749\">Cr\u00e9tac\u00e9 sup\u00e9rieur<\/strong><\/p><p>8.Comment fait la taille de le\u00a0Parasaurolophus ?<\/p><p>C\u2019\u00e9tait un <strong data-start=\"818\" data-end=\"837\">grand dinosaure<\/strong>, aussi haut qu\u2019un <strong data-start=\"856\" data-end=\"863\">bus<\/strong> quand il se tenait debout sur ses pattes arri\u00e8re.<\/p><p>9.De quelle famille appartient le Parasaurolophus?<\/p><p>\u00c0 la famille des <strong data-start=\"994\" data-end=\"1011\">Hadrosaurid\u00e9s<\/strong> (dinosaures \u00e0 bec de canard).<\/p><p>10.Combien \u00e0 v\u00e9cu le Parasaurolophus?<\/p><p>On estime qu\u2019il vivait <strong data-start=\"1115\" data-end=\"1130\">20 \u00e0 30 ans<\/strong> (comme beaucoup de grands dinosaures).<\/p><p>11.Combien fait la taille de ces dents ?<\/p><p>Ses dents \u00e9taient <strong data-start=\"1240\" data-end=\"1274\">petites (quelques millim\u00e8tres)<\/strong>, mais tr\u00e8s nombreuses<\/p><p>12.Quel est sont nom scientifique ?<\/p><p><strong data-start=\"1344\" data-end=\"1371\">Parasaurolophus walkeri<\/strong><\/p><p>13.Combien p\u00e8se son cerveau?<\/p><p>Environ <strong data-start=\"1421\" data-end=\"1440\">30 \u00e0 40 grammes<\/strong> (tr\u00e8s petit par rapport \u00e0 son corps).<\/p><p>14.Il vit seul ou en troupeau?<\/p><p>Il vivait <strong data-start=\"1532\" data-end=\"1547\">en troupeau<\/strong>.<\/p><p>15.Qui est son premier os qui a \u00e9t\u00e9 trouv\u00e9?<\/p><p>Une <strong data-start=\"1609\" data-end=\"1628\">partie du cr\u00e2ne<\/strong> et du squelette.<\/p><p>16.Quand il le nomme ?<\/p><p>En <strong data-start=\"1688\" data-end=\"1696\">1922<\/strong>.<\/p><p>17.Combien il a de dents?<\/p><p>Environ <strong data-start=\"1744\" data-end=\"1759\">1 000 dents<\/strong>, organis\u00e9es en <strong data-start=\"1775\" data-end=\"1798\">batteries dentaires<\/strong>.<\/p><p>18.Quels sont les autres dinosaures qui vivaient \u00e0 cette \u00e9poque?<\/p><p data-start=\"1801\" data-end=\"1892\">Par exemple :<\/p><ul data-start=\"1893\" data-end=\"1979\"><li data-start=\"1893\" data-end=\"1918\"><p data-start=\"1895\" data-end=\"1918\"><strong data-start=\"1895\" data-end=\"1916\">Tyrannosaurus rex<\/strong><\/p><\/li><li data-start=\"1919\" data-end=\"1938\"><p data-start=\"1921\" data-end=\"1938\"><strong data-start=\"1921\" data-end=\"1936\">Triceratops<\/strong><\/p><\/li><li data-start=\"1939\" data-end=\"1960\"><p data-start=\"1941\" data-end=\"1960\"><strong data-start=\"1941\" data-end=\"1958\">Edmontosaurus<\/strong><\/p><\/li><li data-start=\"1961\" data-end=\"1979\"><p data-start=\"1963\" data-end=\"1979\"><strong data-start=\"1963\" data-end=\"1979\">Ankylosaurus<\/strong><\/p><\/li><\/ul><p>\u00a0<\/p>\t\t\t\t\t\t\t\t<\/div>\n\t\t\t\t\t<\/div>\n\t\t\t\t<\/div>\n\t\t\t\t<\/div>\n\t\t","protected":false},"excerpt":{"rendered":"<p>Parasaurolophus 1.Qui a d\u00e9couvert le\u00a0Parasaurolophus ? Il a \u00e9t\u00e9 d\u00e9couvert par le pal\u00e9ontologue William Parks. 2.Ou \u00e0 t\u2019il trouver le fossile de ce reptile? Au Canada, dans la province de l\u2019Alberta 3.Quand il a trouve le premier os de ce reptile? En 1920 4.Il est carnivore ou herbivore? Il est herbivore (il mangeait des plantes). [&hellip;]<\/p>\n","protected":false},"author":1,"featured_media":0,"parent":0,"menu_order":0,"comment_status":"closed","ping_status":"closed","template":"","meta":{"footnotes":""},"class_list":["post-729","page","type-page","status-publish","hentry"],"yoast_head":"<!-- This site is optimized with the Yoast SEO plugin v26.2 - https:\/\/yoast.com\/wordpress\/plugins\/seo\/ -->\n<title>Parasaurolophus - RJ Exp\u00e9rience<\/title>\n<meta name=\"robots\" content=\"index, follow, max-snippet:-1, max-image-preview:large, max-video-preview:-1\" \/>\n<link rel=\"canonical\" href=\"https:\/\/rj-experience.com\/index.php\/parasaurolophus-2\/\" \/>\n<meta property=\"og:locale\" content=\"en_US\" \/>\n<meta property=\"og:type\" content=\"article\" \/>\n<meta property=\"og:title\" content=\"Parasaurolophus - RJ Exp\u00e9rience\" \/>\n<meta property=\"og:description\" content=\"Parasaurolophus 1.Qui a d\u00e9couvert le\u00a0Parasaurolophus ? Il a \u00e9t\u00e9 d\u00e9couvert par le pal\u00e9ontologue William Parks. 2.Ou \u00e0 t\u2019il trouver le fossile de ce reptile? Au Canada, dans la province de l\u2019Alberta 3.Quand il a trouve le premier os de ce reptile? En 1920 4.Il est carnivore ou herbivore? Il est herbivore (il mangeait des plantes). [&hellip;]\" \/>\n<meta property=\"og:url\" content=\"https:\/\/rj-experience.com\/index.php\/parasaurolophus-2\/\" \/>\n<meta property=\"og:site_name\" content=\"RJ Exp\u00e9rience\" \/>\n<meta property=\"article:modified_time\" content=\"2025-12-31T20:14:58+00:00\" \/>\n<meta name=\"twitter:card\" content=\"summary_large_image\" \/>\n<meta name=\"twitter:label1\" content=\"Est. reading time\" \/>\n\t<meta name=\"twitter:data1\" content=\"2 minutes\" \/>\n<script type=\"application\/ld+json\" class=\"yoast-schema-graph\">{\"@context\":\"https:\/\/schema.org\",\"@graph\":[{\"@type\":\"WebPage\",\"@id\":\"https:\/\/rj-experience.com\/index.php\/parasaurolophus-2\/\",\"url\":\"https:\/\/rj-experience.com\/index.php\/parasaurolophus-2\/\",\"name\":\"Parasaurolophus - RJ Exp\u00e9rience\",\"isPartOf\":{\"@id\":\"https:\/\/rj-experience.com\/#website\"},\"datePublished\":\"2025-07-23T12:47:08+00:00\",\"dateModified\":\"2025-12-31T20:14:58+00:00\",\"breadcrumb\":{\"@id\":\"https:\/\/rj-experience.com\/index.php\/parasaurolophus-2\/#breadcrumb\"},\"inLanguage\":\"en-US\",\"potentialAction\":[{\"@type\":\"ReadAction\",\"target\":[\"https:\/\/rj-experience.com\/index.php\/parasaurolophus-2\/\"]}]},{\"@type\":\"BreadcrumbList\",\"@id\":\"https:\/\/rj-experience.com\/index.php\/parasaurolophus-2\/#breadcrumb\",\"itemListElement\":[{\"@type\":\"ListItem\",\"position\":1,\"name\":\"Home\",\"item\":\"https:\/\/rj-experience.com\/\"},{\"@type\":\"ListItem\",\"position\":2,\"name\":\"Parasaurolophus\"}]},{\"@type\":\"WebSite\",\"@id\":\"https:\/\/rj-experience.com\/#website\",\"url\":\"https:\/\/rj-experience.com\/\",\"name\":\"RJ Exp\u00e9rience\",\"description\":\"\",\"publisher\":{\"@id\":\"https:\/\/rj-experience.com\/#organization\"},\"potentialAction\":[{\"@type\":\"SearchAction\",\"target\":{\"@type\":\"EntryPoint\",\"urlTemplate\":\"https:\/\/rj-experience.com\/?s={search_term_string}\"},\"query-input\":{\"@type\":\"PropertyValueSpecification\",\"valueRequired\":true,\"valueName\":\"search_term_string\"}}],\"inLanguage\":\"en-US\"},{\"@type\":\"Organization\",\"@id\":\"https:\/\/rj-experience.com\/#organization\",\"name\":\"RJ Exp\u00e9rience\",\"url\":\"https:\/\/rj-experience.com\/\",\"logo\":{\"@type\":\"ImageObject\",\"inLanguage\":\"en-US\",\"@id\":\"https:\/\/rj-experience.com\/#\/schema\/logo\/image\/\",\"url\":\"https:\/\/rj-experience.com\/wp-content\/uploads\/2025\/10\/cropped-ChatGPT-Image-28-oct.-2025-18_28_26.png\",\"contentUrl\":\"https:\/\/rj-experience.com\/wp-content\/uploads\/2025\/10\/cropped-ChatGPT-Image-28-oct.-2025-18_28_26.png\",\"width\":512,\"height\":512,\"caption\":\"RJ Exp\u00e9rience\"},\"image\":{\"@id\":\"https:\/\/rj-experience.com\/#\/schema\/logo\/image\/\"}}]}<\/script>\n<!-- \/ Yoast SEO plugin. -->","yoast_head_json":{"title":"Parasaurolophus - RJ Exp\u00e9rience","robots":{"index":"index","follow":"follow","max-snippet":"max-snippet:-1","max-image-preview":"max-image-preview:large","max-video-preview":"max-video-preview:-1"},"canonical":"https:\/\/rj-experience.com\/index.php\/parasaurolophus-2\/","og_locale":"en_US","og_type":"article","og_title":"Parasaurolophus - RJ Exp\u00e9rience","og_description":"Parasaurolophus 1.Qui a d\u00e9couvert le\u00a0Parasaurolophus ? Il a \u00e9t\u00e9 d\u00e9couvert par le pal\u00e9ontologue William Parks. 2.Ou \u00e0 t\u2019il trouver le fossile de ce reptile? Au Canada, dans la province de l\u2019Alberta 3.Quand il a trouve le premier os de ce reptile? En 1920 4.Il est carnivore ou herbivore? Il est herbivore (il mangeait des plantes). [&hellip;]","og_url":"https:\/\/rj-experience.com\/index.php\/parasaurolophus-2\/","og_site_name":"RJ Exp\u00e9rience","article_modified_time":"2025-12-31T20:14:58+00:00","twitter_card":"summary_large_image","twitter_misc":{"Est. reading time":"2 minutes"},"schema":{"@context":"https:\/\/schema.org","@graph":[{"@type":"WebPage","@id":"https:\/\/rj-experience.com\/index.php\/parasaurolophus-2\/","url":"https:\/\/rj-experience.com\/index.php\/parasaurolophus-2\/","name":"Parasaurolophus - RJ Exp\u00e9rience","isPartOf":{"@id":"https:\/\/rj-experience.com\/#website"},"datePublished":"2025-07-23T12:47:08+00:00","dateModified":"2025-12-31T20:14:58+00:00","breadcrumb":{"@id":"https:\/\/rj-experience.com\/index.php\/parasaurolophus-2\/#breadcrumb"},"inLanguage":"en-US","potentialAction":[{"@type":"ReadAction","target":["https:\/\/rj-experience.com\/index.php\/parasaurolophus-2\/"]}]},{"@type":"BreadcrumbList","@id":"https:\/\/rj-experience.com\/index.php\/parasaurolophus-2\/#breadcrumb","itemListElement":[{"@type":"ListItem","position":1,"name":"Home","item":"https:\/\/rj-experience.com\/"},{"@type":"ListItem","position":2,"name":"Parasaurolophus"}]},{"@type":"WebSite","@id":"https:\/\/rj-experience.com\/#website","url":"https:\/\/rj-experience.com\/","name":"RJ Exp\u00e9rience","description":"","publisher":{"@id":"https:\/\/rj-experience.com\/#organization"},"potentialAction":[{"@type":"SearchAction","target":{"@type":"EntryPoint","urlTemplate":"https:\/\/rj-experience.com\/?s={search_term_string}"},"query-input":{"@type":"PropertyValueSpecification","valueRequired":true,"valueName":"search_term_string"}}],"inLanguage":"en-US"},{"@type":"Organization","@id":"https:\/\/rj-experience.com\/#organization","name":"RJ Exp\u00e9rience","url":"https:\/\/rj-experience.com\/","logo":{"@type":"ImageObject","inLanguage":"en-US","@id":"https:\/\/rj-experience.com\/#\/schema\/logo\/image\/","url":"https:\/\/rj-experience.com\/wp-content\/uploads\/2025\/10\/cropped-ChatGPT-Image-28-oct.-2025-18_28_26.png","contentUrl":"https:\/\/rj-experience.com\/wp-content\/uploads\/2025\/10\/cropped-ChatGPT-Image-28-oct.-2025-18_28_26.png","width":512,"height":512,"caption":"RJ Exp\u00e9rience"},"image":{"@id":"https:\/\/rj-experience.com\/#\/schema\/logo\/image\/"}}]}},"_links":{"self":[{"href":"https:\/\/rj-experience.com\/index.php\/wp-json\/wp\/v2\/pages\/729","targetHints":{"allow":["GET"]}}],"collection":[{"href":"https:\/\/rj-experience.com\/index.php\/wp-json\/wp\/v2\/pages"}],"about":[{"href":"https:\/\/rj-experience.com\/index.php\/wp-json\/wp\/v2\/types\/page"}],"author":[{"embeddable":true,"href":"https:\/\/rj-experience.com\/index.php\/wp-json\/wp\/v2\/users\/1"}],"replies":[{"embeddable":true,"href":"https:\/\/rj-experience.com\/index.php\/wp-json\/wp\/v2\/comments?post=729"}],"version-history":[{"count":4,"href":"https:\/\/rj-experience.com\/index.php\/wp-json\/wp\/v2\/pages\/729\/revisions"}],"predecessor-version":[{"id":1701,"href":"https:\/\/rj-experience.com\/index.php\/wp-json\/wp\/v2\/pages\/729\/revisions\/1701"}],"wp:attachment":[{"href":"https:\/\/rj-experience.com\/index.php\/wp-json\/wp\/v2\/media?parent=729"}],"curies":[{"name":"wp","href":"https:\/\/api.w.org\/{rel}","templated":true}]}}