{"id":722,"date":"2025-07-23T12:44:31","date_gmt":"2025-07-23T12:44:31","guid":{"rendered":"https:\/\/rj-experience.com\/?page_id=722"},"modified":"2025-12-31T16:28:58","modified_gmt":"2025-12-31T16:28:58","slug":"hadrosaurus","status":"publish","type":"page","link":"https:\/\/rj-experience.com\/index.php\/hadrosaurus\/","title":{"rendered":"Hadrosaurus"},"content":{"rendered":"\t\t<div data-elementor-type=\"wp-page\" data-elementor-id=\"722\" class=\"elementor elementor-722\">\n\t\t\t\t<div class=\"elementor-element elementor-element-cf8ee7d e-flex e-con-boxed e-con e-parent\" data-id=\"cf8ee7d\" data-element_type=\"container\">\n\t\t\t\t\t<div class=\"e-con-inner\">\n\t\t\t\t<div class=\"elementor-element elementor-element-e934cc7 elementor-widget elementor-widget-text-editor\" data-id=\"e934cc7\" data-element_type=\"widget\" data-widget_type=\"text-editor.default\">\n\t\t\t\t\t\t\t\t\t<p>Hadrosaurus<\/p><p>1.Qui a d\u00e9couvert l\u2019Hadrosaurus ?<\/p><p>C&#8217;est <b data-path-to-node=\"3\" data-index-in-node=\"41\">William Parker Foulke<\/b>. Bien que des ouvriers aient trouv\u00e9 des os plus t\u00f4t, c&#8217;est Foulke qui a compris leur importance et a organis\u00e9 les fouilles scientifiques.<\/p><p>2.Ou \u00e0 t\u2019il trouver le fossile de ce reptile?<\/p><p>Il a \u00e9t\u00e9 d\u00e9couvert \u00e0 <b data-path-to-node=\"4\" data-index-in-node=\"68\">Haddonfield, dans le New Jersey<\/b> (\u00c9tats-Unis). C&#8217;\u00e9tait la premi\u00e8re fois qu&#8217;on trouvait un squelette aussi complet en Am\u00e9rique du Nord.<\/p><p>3.Quand il a trouve le premier os de ce reptile?<\/p><p>\u00a0La d\u00e9couverte majeure par William Parker Foulke a eu lieu \u00e0 l&#8217;\u00e9t\u00e9 <b data-path-to-node=\"5\" data-index-in-node=\"117\">1858<\/b>.<\/p><p>4.Il est carnivore ou herbivore?<\/p><p>Il est <b data-path-to-node=\"10\" data-index-in-node=\"42\">herbivore<\/b>. Il mangeait des plantes (feuilles, brindilles, aiguilles de pin).<\/p><p>5.Combien fait sa taille?<\/p><p>\u00a0Il mesurait environ <b data-path-to-node=\"11\" data-index-in-node=\"48\">7 \u00e0 8 m\u00e8tres de long<\/b>.<\/p><p>6.Combien p\u00e8se son poids ?<\/p><p>\u00a0On estime son poids entre <b data-path-to-node=\"12\" data-index-in-node=\"54\">2 et 3 tonnes<\/b> (2 000 \u00e0 3 000 kg).<\/p><p>7.L\u2019Hadrosaurus vient du cr\u00e9tac\u00e9, du tria ou du jurassique ?<\/p><p>Il vient du <b data-path-to-node=\"20\" data-index-in-node=\"75\">Cr\u00e9tac\u00e9<\/b> (plus pr\u00e9cis\u00e9ment du Cr\u00e9tac\u00e9 sup\u00e9rieur).<\/p><p>8.Comment fait la taille de l\u2019Hadrosaurus ?<\/p><p>En plus de sa longueur (7-8m), il mesurait environ <b data-path-to-node=\"13\" data-index-in-node=\"109\">3 m\u00e8tres de haut<\/b> au niveau des hanches. Il pouvait se tenir sur ses deux pattes arri\u00e8re ou marcher sur quatre pattes.<\/p><p>9.De quelle famille appartient l\u2019Hadrosaurus ?<\/p><p>Il appartient \u00e0 la famille des <b data-path-to-node=\"21\" data-index-in-node=\"79\">Hadrosauridae<\/b> (souvent appel\u00e9s &#8220;dinosaures \u00e0 bec de canard&#8221;).<\/p><p>10.Combien \u00e0 v\u00e9cu l\u2019Hadrosaurus ?<\/p><p>Il vivait il y a environ <b data-path-to-node=\"22\" data-index-in-node=\"69\">80 millions d&#8217;ann\u00e9es<\/b>.<\/p><p>11.Combien fait la taille de ces dents ?<\/p><p>Ses dents individuelles \u00e9taient petites (quelques centim\u00e8tres), taill\u00e9es en forme de diamant, mais elles \u00e9taient tr\u00e8s nombreuses.<\/p><p>12.Quel est sont nom scientifique ?<\/p><p>Son nom complet est <b data-path-to-node=\"15\" data-index-in-node=\"56\"><i data-path-to-node=\"15\" data-index-in-node=\"56\">Hadrosaurus foulkii<\/i><\/b> (en l&#8217;honneur de William Parker Foulke).<\/p><p>13.Combien p\u00e8se son cerveau?<\/p><p>Comme les cerveaux ne se fossilisent pas (c&#8217;est du tissu mou), on ne peut faire que des estimations bas\u00e9es sur la bo\u00eete cr\u00e2nienne. On pense que son cerveau \u00e9tait relativement petit par rapport \u00e0 son corps massif, pesant probablement quelques centaines de grammes, mais il avait de bons sens (vue et ou\u00efe).<\/p><p>14.Il vit seul ou en troupeau?<\/p><p>Les pal\u00e9ontologues pensent que les hadrosaures vivaient <b data-path-to-node=\"23\" data-index-in-node=\"89\">en troupeau<\/b> pour mieux se prot\u00e9ger des pr\u00e9dateurs.<\/p><p>15.Qui est son premier os qui a \u00e9t\u00e9 trouv\u00e9?<\/p><p>Avant m\u00eame la fouille de Foulke, un fermier local (John Hopkins) avait trouv\u00e9 de <b data-path-to-node=\"6\" data-index-in-node=\"128\">grosses vert\u00e8bres<\/b> (os de la colonne vert\u00e9brale) une vingtaine d&#8217;ann\u00e9es plus t\u00f4t, mais il ne savait pas ce que c&#8217;\u00e9tait.<\/p><p>16.Quand il le nomme ?<\/p><p>Il a \u00e9t\u00e9 nomm\u00e9 officiellement en <b data-path-to-node=\"7\" data-index-in-node=\"62\">1858<\/b> par le pal\u00e9ontologue Joseph Leidy, peu apr\u00e8s la d\u00e9couverte.<\/p><p>17.Combien il a de dents?<\/p><p>Il poss\u00e9dait une &#8220;batterie dentaire&#8221; complexe contenant plusieurs rang\u00e9es de dents. Bien qu&#8217;il n&#8217;ait pas de dents \u00e0 l&#8217;avant du bec, le fond de sa m\u00e2choire pouvait contenir <b data-path-to-node=\"17\" data-index-in-node=\"200\">plusieurs centaines de dents<\/b> serr\u00e9es les unes contre les autres pour broyer la v\u00e9g\u00e9tation dure.<\/p><p>18.Quels sont les autres dinosaures qui vivaient \u00e0 cette \u00e9poque?<\/p><p>L&#8217;Hadrosaurus vivait sur la c\u00f4te Est de l&#8217;Am\u00e9rique du Nord (une r\u00e9gion appel\u00e9e Appalachia). \u00c0 cette \u00e9poque et dans cette r\u00e9gion, il c\u00f4toyait le <b data-path-to-node=\"24\" data-index-in-node=\"211\">Dryptosaurus<\/b> (un cousin \u00e9loign\u00e9 du T-Rex, carnivore) et des reptiles marins comme le <b data-path-to-node=\"24\" data-index-in-node=\"296\">Mosasaurus<\/b> qui nageait dans les mers proches.<\/p>\t\t\t\t\t\t\t\t<\/div>\n\t\t\t\t\t<\/div>\n\t\t\t\t<\/div>\n\t\t\t\t<\/div>\n\t\t","protected":false},"excerpt":{"rendered":"<p>Hadrosaurus 1.Qui a d\u00e9couvert l\u2019Hadrosaurus ? C&#8217;est William Parker Foulke. Bien que des ouvriers aient trouv\u00e9 des os plus t\u00f4t, c&#8217;est Foulke qui a compris leur importance et a organis\u00e9 les fouilles scientifiques. 2.Ou \u00e0 t\u2019il trouver le fossile de ce reptile? Il a \u00e9t\u00e9 d\u00e9couvert \u00e0 Haddonfield, dans le New Jersey (\u00c9tats-Unis). C&#8217;\u00e9tait la [&hellip;]<\/p>\n","protected":false},"author":1,"featured_media":0,"parent":0,"menu_order":0,"comment_status":"closed","ping_status":"closed","template":"","meta":{"footnotes":""},"class_list":["post-722","page","type-page","status-publish","hentry"],"yoast_head":"<!-- This site is optimized with the Yoast SEO plugin v26.2 - https:\/\/yoast.com\/wordpress\/plugins\/seo\/ -->\n<title>Hadrosaurus - RJ Exp\u00e9rience<\/title>\n<meta name=\"robots\" content=\"index, follow, max-snippet:-1, max-image-preview:large, max-video-preview:-1\" \/>\n<link rel=\"canonical\" href=\"https:\/\/rj-experience.com\/index.php\/hadrosaurus\/\" \/>\n<meta property=\"og:locale\" content=\"en_US\" \/>\n<meta property=\"og:type\" content=\"article\" \/>\n<meta property=\"og:title\" content=\"Hadrosaurus - RJ Exp\u00e9rience\" \/>\n<meta property=\"og:description\" content=\"Hadrosaurus 1.Qui a d\u00e9couvert l\u2019Hadrosaurus ? C&#8217;est William Parker Foulke. Bien que des ouvriers aient trouv\u00e9 des os plus t\u00f4t, c&#8217;est Foulke qui a compris leur importance et a organis\u00e9 les fouilles scientifiques. 2.Ou \u00e0 t\u2019il trouver le fossile de ce reptile? Il a \u00e9t\u00e9 d\u00e9couvert \u00e0 Haddonfield, dans le New Jersey (\u00c9tats-Unis). C&#8217;\u00e9tait la [&hellip;]\" \/>\n<meta property=\"og:url\" content=\"https:\/\/rj-experience.com\/index.php\/hadrosaurus\/\" \/>\n<meta property=\"og:site_name\" content=\"RJ Exp\u00e9rience\" \/>\n<meta property=\"article:modified_time\" content=\"2025-12-31T16:28:58+00:00\" \/>\n<meta name=\"twitter:card\" content=\"summary_large_image\" \/>\n<meta name=\"twitter:label1\" content=\"Est. reading time\" \/>\n\t<meta name=\"twitter:data1\" content=\"3 minutes\" \/>\n<script type=\"application\/ld+json\" class=\"yoast-schema-graph\">{\"@context\":\"https:\/\/schema.org\",\"@graph\":[{\"@type\":\"WebPage\",\"@id\":\"https:\/\/rj-experience.com\/index.php\/hadrosaurus\/\",\"url\":\"https:\/\/rj-experience.com\/index.php\/hadrosaurus\/\",\"name\":\"Hadrosaurus - RJ Exp\u00e9rience\",\"isPartOf\":{\"@id\":\"https:\/\/rj-experience.com\/#website\"},\"datePublished\":\"2025-07-23T12:44:31+00:00\",\"dateModified\":\"2025-12-31T16:28:58+00:00\",\"breadcrumb\":{\"@id\":\"https:\/\/rj-experience.com\/index.php\/hadrosaurus\/#breadcrumb\"},\"inLanguage\":\"en-US\",\"potentialAction\":[{\"@type\":\"ReadAction\",\"target\":[\"https:\/\/rj-experience.com\/index.php\/hadrosaurus\/\"]}]},{\"@type\":\"BreadcrumbList\",\"@id\":\"https:\/\/rj-experience.com\/index.php\/hadrosaurus\/#breadcrumb\",\"itemListElement\":[{\"@type\":\"ListItem\",\"position\":1,\"name\":\"Home\",\"item\":\"https:\/\/rj-experience.com\/\"},{\"@type\":\"ListItem\",\"position\":2,\"name\":\"Hadrosaurus\"}]},{\"@type\":\"WebSite\",\"@id\":\"https:\/\/rj-experience.com\/#website\",\"url\":\"https:\/\/rj-experience.com\/\",\"name\":\"RJ Exp\u00e9rience\",\"description\":\"\",\"publisher\":{\"@id\":\"https:\/\/rj-experience.com\/#organization\"},\"potentialAction\":[{\"@type\":\"SearchAction\",\"target\":{\"@type\":\"EntryPoint\",\"urlTemplate\":\"https:\/\/rj-experience.com\/?s={search_term_string}\"},\"query-input\":{\"@type\":\"PropertyValueSpecification\",\"valueRequired\":true,\"valueName\":\"search_term_string\"}}],\"inLanguage\":\"en-US\"},{\"@type\":\"Organization\",\"@id\":\"https:\/\/rj-experience.com\/#organization\",\"name\":\"RJ Exp\u00e9rience\",\"url\":\"https:\/\/rj-experience.com\/\",\"logo\":{\"@type\":\"ImageObject\",\"inLanguage\":\"en-US\",\"@id\":\"https:\/\/rj-experience.com\/#\/schema\/logo\/image\/\",\"url\":\"https:\/\/rj-experience.com\/wp-content\/uploads\/2025\/10\/cropped-ChatGPT-Image-28-oct.-2025-18_28_26.png\",\"contentUrl\":\"https:\/\/rj-experience.com\/wp-content\/uploads\/2025\/10\/cropped-ChatGPT-Image-28-oct.-2025-18_28_26.png\",\"width\":512,\"height\":512,\"caption\":\"RJ Exp\u00e9rience\"},\"image\":{\"@id\":\"https:\/\/rj-experience.com\/#\/schema\/logo\/image\/\"}}]}<\/script>\n<!-- \/ Yoast SEO plugin. -->","yoast_head_json":{"title":"Hadrosaurus - RJ Exp\u00e9rience","robots":{"index":"index","follow":"follow","max-snippet":"max-snippet:-1","max-image-preview":"max-image-preview:large","max-video-preview":"max-video-preview:-1"},"canonical":"https:\/\/rj-experience.com\/index.php\/hadrosaurus\/","og_locale":"en_US","og_type":"article","og_title":"Hadrosaurus - RJ Exp\u00e9rience","og_description":"Hadrosaurus 1.Qui a d\u00e9couvert l\u2019Hadrosaurus ? C&#8217;est William Parker Foulke. Bien que des ouvriers aient trouv\u00e9 des os plus t\u00f4t, c&#8217;est Foulke qui a compris leur importance et a organis\u00e9 les fouilles scientifiques. 2.Ou \u00e0 t\u2019il trouver le fossile de ce reptile? Il a \u00e9t\u00e9 d\u00e9couvert \u00e0 Haddonfield, dans le New Jersey (\u00c9tats-Unis). C&#8217;\u00e9tait la [&hellip;]","og_url":"https:\/\/rj-experience.com\/index.php\/hadrosaurus\/","og_site_name":"RJ Exp\u00e9rience","article_modified_time":"2025-12-31T16:28:58+00:00","twitter_card":"summary_large_image","twitter_misc":{"Est. reading time":"3 minutes"},"schema":{"@context":"https:\/\/schema.org","@graph":[{"@type":"WebPage","@id":"https:\/\/rj-experience.com\/index.php\/hadrosaurus\/","url":"https:\/\/rj-experience.com\/index.php\/hadrosaurus\/","name":"Hadrosaurus - RJ Exp\u00e9rience","isPartOf":{"@id":"https:\/\/rj-experience.com\/#website"},"datePublished":"2025-07-23T12:44:31+00:00","dateModified":"2025-12-31T16:28:58+00:00","breadcrumb":{"@id":"https:\/\/rj-experience.com\/index.php\/hadrosaurus\/#breadcrumb"},"inLanguage":"en-US","potentialAction":[{"@type":"ReadAction","target":["https:\/\/rj-experience.com\/index.php\/hadrosaurus\/"]}]},{"@type":"BreadcrumbList","@id":"https:\/\/rj-experience.com\/index.php\/hadrosaurus\/#breadcrumb","itemListElement":[{"@type":"ListItem","position":1,"name":"Home","item":"https:\/\/rj-experience.com\/"},{"@type":"ListItem","position":2,"name":"Hadrosaurus"}]},{"@type":"WebSite","@id":"https:\/\/rj-experience.com\/#website","url":"https:\/\/rj-experience.com\/","name":"RJ Exp\u00e9rience","description":"","publisher":{"@id":"https:\/\/rj-experience.com\/#organization"},"potentialAction":[{"@type":"SearchAction","target":{"@type":"EntryPoint","urlTemplate":"https:\/\/rj-experience.com\/?s={search_term_string}"},"query-input":{"@type":"PropertyValueSpecification","valueRequired":true,"valueName":"search_term_string"}}],"inLanguage":"en-US"},{"@type":"Organization","@id":"https:\/\/rj-experience.com\/#organization","name":"RJ Exp\u00e9rience","url":"https:\/\/rj-experience.com\/","logo":{"@type":"ImageObject","inLanguage":"en-US","@id":"https:\/\/rj-experience.com\/#\/schema\/logo\/image\/","url":"https:\/\/rj-experience.com\/wp-content\/uploads\/2025\/10\/cropped-ChatGPT-Image-28-oct.-2025-18_28_26.png","contentUrl":"https:\/\/rj-experience.com\/wp-content\/uploads\/2025\/10\/cropped-ChatGPT-Image-28-oct.-2025-18_28_26.png","width":512,"height":512,"caption":"RJ Exp\u00e9rience"},"image":{"@id":"https:\/\/rj-experience.com\/#\/schema\/logo\/image\/"}}]}},"_links":{"self":[{"href":"https:\/\/rj-experience.com\/index.php\/wp-json\/wp\/v2\/pages\/722","targetHints":{"allow":["GET"]}}],"collection":[{"href":"https:\/\/rj-experience.com\/index.php\/wp-json\/wp\/v2\/pages"}],"about":[{"href":"https:\/\/rj-experience.com\/index.php\/wp-json\/wp\/v2\/types\/page"}],"author":[{"embeddable":true,"href":"https:\/\/rj-experience.com\/index.php\/wp-json\/wp\/v2\/users\/1"}],"replies":[{"embeddable":true,"href":"https:\/\/rj-experience.com\/index.php\/wp-json\/wp\/v2\/comments?post=722"}],"version-history":[{"count":7,"href":"https:\/\/rj-experience.com\/index.php\/wp-json\/wp\/v2\/pages\/722\/revisions"}],"predecessor-version":[{"id":1698,"href":"https:\/\/rj-experience.com\/index.php\/wp-json\/wp\/v2\/pages\/722\/revisions\/1698"}],"wp:attachment":[{"href":"https:\/\/rj-experience.com\/index.php\/wp-json\/wp\/v2\/media?parent=722"}],"curies":[{"name":"wp","href":"https:\/\/api.w.org\/{rel}","templated":true}]}}