{"id":712,"date":"2025-07-23T11:59:05","date_gmt":"2025-07-23T11:59:05","guid":{"rendered":"https:\/\/rj-experience.com\/?page_id=712"},"modified":"2025-12-31T16:22:40","modified_gmt":"2025-12-31T16:22:40","slug":"iguanodon","status":"publish","type":"page","link":"https:\/\/rj-experience.com\/index.php\/iguanodon\/","title":{"rendered":"Iguanodon"},"content":{"rendered":"\t\t<div data-elementor-type=\"wp-page\" data-elementor-id=\"712\" class=\"elementor elementor-712\">\n\t\t\t\t<div class=\"elementor-element elementor-element-2f81d94 e-flex e-con-boxed e-con e-parent\" data-id=\"2f81d94\" data-element_type=\"container\">\n\t\t\t\t\t<div class=\"e-con-inner\">\n\t\t\t\t<div class=\"elementor-element elementor-element-c95b923 elementor-widget elementor-widget-text-editor\" data-id=\"c95b923\" data-element_type=\"widget\" data-widget_type=\"text-editor.default\">\n\t\t\t\t\t\t\t\t\t<h1><b>\u00a0 \u00a0 \u00a0 \u00a0 \u00a0 \u00a0 \u00a0 \u00a0 \u00a0 \u00a0 \u00a0 \u00a0 \u00a0 \u00a0 \u00a0Iguanodon<\/b><\/h1><p style=\"font-weight: 400;\">1.Qui a d\u00e9couvert le Iguanodon?<\/p><p style=\"font-weight: 400;\">L\u2019Iguanodon a \u00e9t\u00e9 d\u00e9couvert par <strong data-start=\"294\" data-end=\"312\">Gideon Mantell<\/strong>, un m\u00e9decin et pal\u00e9ontologue anglais.<\/p><p style=\"font-weight: 400;\">2.Ou \u00e0 t\u2019il trouver le fossile de ce reptile?<\/p><p style=\"font-weight: 400;\">En <strong data-start=\"411\" data-end=\"425\">Angleterre<\/strong>, dans le <strong data-start=\"435\" data-end=\"445\">Sussex, il a trouv\u00e9 le fossile de ce reptile<\/strong><\/p><p style=\"font-weight: 400;\">3.Quand il a trouv\u00e9 le premier os de ce reptile?<\/p><p>En <strong data-start=\"513\" data-end=\"521\">1822, il a trouv\u00e9 le premier os de ce reptile<\/strong><\/p><p style=\"font-weight: 400;\">4.Il est carnivore ou herbivore?<\/p><p style=\"font-weight: 400;\"><strong data-start=\"568\" data-end=\"581\">Herbivore<\/strong> (il mangeait des plantes).<\/p><p style=\"font-weight: 400;\">5.Combien fait sa taille?<\/p><p style=\"font-weight: 400;\">Environ <strong data-start=\"655\" data-end=\"680\">9 \u00e0 11 m\u00e8tres de long<\/strong>.<\/p><p style=\"font-weight: 400;\">6.Combien p\u00e8se son poids ?<\/p><p style=\"font-weight: 400;\">Environ <strong data-start=\"728\" data-end=\"744\">3 \u00e0 5 tonnes<\/strong>.<\/p><p style=\"font-weight: 400;\">7.L\u2019 Iguanodon vient du cr\u00e9tac\u00e9,du tria ou du jurassique ?<\/p><p style=\"font-weight: 400;\">Il vient du <strong data-start=\"829\" data-end=\"850\">Cr\u00e9tac\u00e9 inf\u00e9rieur<\/strong>.<\/p><p style=\"font-weight: 400;\">8.Comment fait la taille de L\u2019 Iguanodon?<\/p><p style=\"font-weight: 400;\">Environ <strong data-start=\"921\" data-end=\"945\">3 \u00e0 4 m\u00e8tres de haut<\/strong>.<\/p><p style=\"font-weight: 400;\">9.De quelle famille appartient l\u2019iguanodon?<\/p><p style=\"font-weight: 400;\">\u00c0 la famille des <strong data-start=\"1020\" data-end=\"1038\">Iguanodontid\u00e9s<\/strong>.<\/p><p style=\"font-weight: 400;\">10.Combien \u00e0 v\u00e9cu l\u2019Iguanodon?<\/p><p style=\"font-weight: 400;\">On estime qu\u2019il vivait environ <strong data-start=\"1123\" data-end=\"1138\">20 \u00e0 30 ans<\/strong>.<\/p><p style=\"font-weight: 400;\">11.Combien fait la taille de ces dents?<\/p><p style=\"font-weight: 400;\">Ses dents faisaient environ <strong data-start=\"1220\" data-end=\"1241\">2 \u00e0 3 centim\u00e8tres<\/strong>, plates et adapt\u00e9es pour broyer les plantes<\/p><p style=\"font-weight: 400;\">12.Quel est sont nom scientifique?<\/p><p style=\"font-weight: 400;\"><strong data-start=\"1333\" data-end=\"1362\">Iguanodon bernissartensis<\/strong> (le plus connu).<\/p><p style=\"font-weight: 400;\">13.Combien p\u00e8se son cerveau?<\/p><p style=\"font-weight: 400;\">Environ <strong data-start=\"1429\" data-end=\"1448\">60 \u00e0 70 grammes<\/strong> (tr\u00e8s petit par rapport \u00e0 son corps).<\/p><p style=\"font-weight: 400;\">14.Il vit seul ou en troupeau?<\/p><p style=\"font-weight: 400;\">Il vivait probablement <strong data-start=\"1553\" data-end=\"1568\">en troupeau<\/strong>.<\/p><p style=\"font-weight: 400;\">15.Qui est son premier os qui a \u00e9t\u00e9 trouv\u00e9?<\/p><p style=\"font-weight: 400;\">Une <strong data-start=\"1630\" data-end=\"1649\">dent fossilis\u00e9e<\/strong>.<\/p><p style=\"font-weight: 400;\">16.Quand il le nomme?<\/p><p style=\"font-weight: 400;\">En <strong data-start=\"1693\" data-end=\"1701\">1825<\/strong> par Gideon Mantell.<\/p><p style=\"font-weight: 400;\">17.Combien il a de dents?<\/p><p style=\"font-weight: 400;\">Environ <strong data-start=\"1770\" data-end=\"1783\">100 dents<\/strong>, souvent remplac\u00e9es au cours de sa vie<\/p><p style=\"font-weight: 400;\">18.Quels sont les autres dinosaures qui vivaient \u00e0 cette \u00e9poque?<\/p><p data-start=\"1825\" data-end=\"1916\">par exemple :<\/p><ul data-start=\"1917\" data-end=\"1994\"><li data-start=\"1917\" data-end=\"1933\"><p data-start=\"1919\" data-end=\"1933\"><strong data-start=\"1919\" data-end=\"1931\">Baryonyx<\/strong><\/p><\/li><li data-start=\"1934\" data-end=\"1955\"><p data-start=\"1936\" data-end=\"1955\"><strong data-start=\"1936\" data-end=\"1953\">Hypsilophodon<\/strong><\/p><\/li><li data-start=\"1956\" data-end=\"1975\"><p data-start=\"1958\" data-end=\"1975\"><strong data-start=\"1958\" data-end=\"1973\">Polacanthus<\/strong><\/p><\/li><li data-start=\"1976\" data-end=\"1994\"><p data-start=\"1978\" data-end=\"1994\"><strong data-start=\"1978\" data-end=\"1994\">Megalosaurus<\/strong><\/p><\/li><\/ul><p style=\"font-weight: 400;\">\u00a0<\/p><p style=\"font-weight: 400;\">\u00a0<\/p>\t\t\t\t\t\t\t\t<\/div>\n\t\t\t\t\t<\/div>\n\t\t\t\t<\/div>\n\t\t\t\t<\/div>\n\t\t","protected":false},"excerpt":{"rendered":"<p>\u00a0 \u00a0 \u00a0 \u00a0 \u00a0 \u00a0 \u00a0 \u00a0 \u00a0 \u00a0 \u00a0 \u00a0 \u00a0 \u00a0 \u00a0Iguanodon 1.Qui a d\u00e9couvert le Iguanodon? L\u2019Iguanodon a \u00e9t\u00e9 d\u00e9couvert par Gideon Mantell, un m\u00e9decin et pal\u00e9ontologue anglais. 2.Ou \u00e0 t\u2019il trouver le fossile de ce reptile? En Angleterre, dans le Sussex, il a trouv\u00e9 le fossile de ce reptile 3.Quand [&hellip;]<\/p>\n","protected":false},"author":1,"featured_media":0,"parent":0,"menu_order":0,"comment_status":"closed","ping_status":"closed","template":"","meta":{"footnotes":""},"class_list":["post-712","page","type-page","status-publish","hentry"],"yoast_head":"<!-- This site is optimized with the Yoast SEO plugin v26.2 - https:\/\/yoast.com\/wordpress\/plugins\/seo\/ -->\n<title>Iguanodon - RJ Exp\u00e9rience<\/title>\n<meta name=\"robots\" content=\"index, follow, max-snippet:-1, max-image-preview:large, max-video-preview:-1\" \/>\n<link rel=\"canonical\" href=\"https:\/\/rj-experience.com\/index.php\/iguanodon\/\" \/>\n<meta property=\"og:locale\" content=\"en_US\" \/>\n<meta property=\"og:type\" content=\"article\" \/>\n<meta property=\"og:title\" content=\"Iguanodon - RJ Exp\u00e9rience\" \/>\n<meta property=\"og:description\" content=\"\u00a0 \u00a0 \u00a0 \u00a0 \u00a0 \u00a0 \u00a0 \u00a0 \u00a0 \u00a0 \u00a0 \u00a0 \u00a0 \u00a0 \u00a0Iguanodon 1.Qui a d\u00e9couvert le Iguanodon? L\u2019Iguanodon a \u00e9t\u00e9 d\u00e9couvert par Gideon Mantell, un m\u00e9decin et pal\u00e9ontologue anglais. 2.Ou \u00e0 t\u2019il trouver le fossile de ce reptile? En Angleterre, dans le Sussex, il a trouv\u00e9 le fossile de ce reptile 3.Quand [&hellip;]\" \/>\n<meta property=\"og:url\" content=\"https:\/\/rj-experience.com\/index.php\/iguanodon\/\" \/>\n<meta property=\"og:site_name\" content=\"RJ Exp\u00e9rience\" \/>\n<meta property=\"article:modified_time\" content=\"2025-12-31T16:22:40+00:00\" \/>\n<meta name=\"twitter:card\" content=\"summary_large_image\" \/>\n<meta name=\"twitter:label1\" content=\"Est. reading time\" \/>\n\t<meta name=\"twitter:data1\" content=\"2 minutes\" \/>\n<script type=\"application\/ld+json\" class=\"yoast-schema-graph\">{\"@context\":\"https:\/\/schema.org\",\"@graph\":[{\"@type\":\"WebPage\",\"@id\":\"https:\/\/rj-experience.com\/index.php\/iguanodon\/\",\"url\":\"https:\/\/rj-experience.com\/index.php\/iguanodon\/\",\"name\":\"Iguanodon - RJ Exp\u00e9rience\",\"isPartOf\":{\"@id\":\"https:\/\/rj-experience.com\/#website\"},\"datePublished\":\"2025-07-23T11:59:05+00:00\",\"dateModified\":\"2025-12-31T16:22:40+00:00\",\"breadcrumb\":{\"@id\":\"https:\/\/rj-experience.com\/index.php\/iguanodon\/#breadcrumb\"},\"inLanguage\":\"en-US\",\"potentialAction\":[{\"@type\":\"ReadAction\",\"target\":[\"https:\/\/rj-experience.com\/index.php\/iguanodon\/\"]}]},{\"@type\":\"BreadcrumbList\",\"@id\":\"https:\/\/rj-experience.com\/index.php\/iguanodon\/#breadcrumb\",\"itemListElement\":[{\"@type\":\"ListItem\",\"position\":1,\"name\":\"Home\",\"item\":\"https:\/\/rj-experience.com\/\"},{\"@type\":\"ListItem\",\"position\":2,\"name\":\"Iguanodon\"}]},{\"@type\":\"WebSite\",\"@id\":\"https:\/\/rj-experience.com\/#website\",\"url\":\"https:\/\/rj-experience.com\/\",\"name\":\"RJ Exp\u00e9rience\",\"description\":\"\",\"publisher\":{\"@id\":\"https:\/\/rj-experience.com\/#organization\"},\"potentialAction\":[{\"@type\":\"SearchAction\",\"target\":{\"@type\":\"EntryPoint\",\"urlTemplate\":\"https:\/\/rj-experience.com\/?s={search_term_string}\"},\"query-input\":{\"@type\":\"PropertyValueSpecification\",\"valueRequired\":true,\"valueName\":\"search_term_string\"}}],\"inLanguage\":\"en-US\"},{\"@type\":\"Organization\",\"@id\":\"https:\/\/rj-experience.com\/#organization\",\"name\":\"RJ Exp\u00e9rience\",\"url\":\"https:\/\/rj-experience.com\/\",\"logo\":{\"@type\":\"ImageObject\",\"inLanguage\":\"en-US\",\"@id\":\"https:\/\/rj-experience.com\/#\/schema\/logo\/image\/\",\"url\":\"https:\/\/rj-experience.com\/wp-content\/uploads\/2025\/10\/cropped-ChatGPT-Image-28-oct.-2025-18_28_26.png\",\"contentUrl\":\"https:\/\/rj-experience.com\/wp-content\/uploads\/2025\/10\/cropped-ChatGPT-Image-28-oct.-2025-18_28_26.png\",\"width\":512,\"height\":512,\"caption\":\"RJ Exp\u00e9rience\"},\"image\":{\"@id\":\"https:\/\/rj-experience.com\/#\/schema\/logo\/image\/\"}}]}<\/script>\n<!-- \/ Yoast SEO plugin. -->","yoast_head_json":{"title":"Iguanodon - RJ Exp\u00e9rience","robots":{"index":"index","follow":"follow","max-snippet":"max-snippet:-1","max-image-preview":"max-image-preview:large","max-video-preview":"max-video-preview:-1"},"canonical":"https:\/\/rj-experience.com\/index.php\/iguanodon\/","og_locale":"en_US","og_type":"article","og_title":"Iguanodon - RJ Exp\u00e9rience","og_description":"\u00a0 \u00a0 \u00a0 \u00a0 \u00a0 \u00a0 \u00a0 \u00a0 \u00a0 \u00a0 \u00a0 \u00a0 \u00a0 \u00a0 \u00a0Iguanodon 1.Qui a d\u00e9couvert le Iguanodon? L\u2019Iguanodon a \u00e9t\u00e9 d\u00e9couvert par Gideon Mantell, un m\u00e9decin et pal\u00e9ontologue anglais. 2.Ou \u00e0 t\u2019il trouver le fossile de ce reptile? En Angleterre, dans le Sussex, il a trouv\u00e9 le fossile de ce reptile 3.Quand [&hellip;]","og_url":"https:\/\/rj-experience.com\/index.php\/iguanodon\/","og_site_name":"RJ Exp\u00e9rience","article_modified_time":"2025-12-31T16:22:40+00:00","twitter_card":"summary_large_image","twitter_misc":{"Est. reading time":"2 minutes"},"schema":{"@context":"https:\/\/schema.org","@graph":[{"@type":"WebPage","@id":"https:\/\/rj-experience.com\/index.php\/iguanodon\/","url":"https:\/\/rj-experience.com\/index.php\/iguanodon\/","name":"Iguanodon - RJ Exp\u00e9rience","isPartOf":{"@id":"https:\/\/rj-experience.com\/#website"},"datePublished":"2025-07-23T11:59:05+00:00","dateModified":"2025-12-31T16:22:40+00:00","breadcrumb":{"@id":"https:\/\/rj-experience.com\/index.php\/iguanodon\/#breadcrumb"},"inLanguage":"en-US","potentialAction":[{"@type":"ReadAction","target":["https:\/\/rj-experience.com\/index.php\/iguanodon\/"]}]},{"@type":"BreadcrumbList","@id":"https:\/\/rj-experience.com\/index.php\/iguanodon\/#breadcrumb","itemListElement":[{"@type":"ListItem","position":1,"name":"Home","item":"https:\/\/rj-experience.com\/"},{"@type":"ListItem","position":2,"name":"Iguanodon"}]},{"@type":"WebSite","@id":"https:\/\/rj-experience.com\/#website","url":"https:\/\/rj-experience.com\/","name":"RJ Exp\u00e9rience","description":"","publisher":{"@id":"https:\/\/rj-experience.com\/#organization"},"potentialAction":[{"@type":"SearchAction","target":{"@type":"EntryPoint","urlTemplate":"https:\/\/rj-experience.com\/?s={search_term_string}"},"query-input":{"@type":"PropertyValueSpecification","valueRequired":true,"valueName":"search_term_string"}}],"inLanguage":"en-US"},{"@type":"Organization","@id":"https:\/\/rj-experience.com\/#organization","name":"RJ Exp\u00e9rience","url":"https:\/\/rj-experience.com\/","logo":{"@type":"ImageObject","inLanguage":"en-US","@id":"https:\/\/rj-experience.com\/#\/schema\/logo\/image\/","url":"https:\/\/rj-experience.com\/wp-content\/uploads\/2025\/10\/cropped-ChatGPT-Image-28-oct.-2025-18_28_26.png","contentUrl":"https:\/\/rj-experience.com\/wp-content\/uploads\/2025\/10\/cropped-ChatGPT-Image-28-oct.-2025-18_28_26.png","width":512,"height":512,"caption":"RJ Exp\u00e9rience"},"image":{"@id":"https:\/\/rj-experience.com\/#\/schema\/logo\/image\/"}}]}},"_links":{"self":[{"href":"https:\/\/rj-experience.com\/index.php\/wp-json\/wp\/v2\/pages\/712","targetHints":{"allow":["GET"]}}],"collection":[{"href":"https:\/\/rj-experience.com\/index.php\/wp-json\/wp\/v2\/pages"}],"about":[{"href":"https:\/\/rj-experience.com\/index.php\/wp-json\/wp\/v2\/types\/page"}],"author":[{"embeddable":true,"href":"https:\/\/rj-experience.com\/index.php\/wp-json\/wp\/v2\/users\/1"}],"replies":[{"embeddable":true,"href":"https:\/\/rj-experience.com\/index.php\/wp-json\/wp\/v2\/comments?post=712"}],"version-history":[{"count":7,"href":"https:\/\/rj-experience.com\/index.php\/wp-json\/wp\/v2\/pages\/712\/revisions"}],"predecessor-version":[{"id":1695,"href":"https:\/\/rj-experience.com\/index.php\/wp-json\/wp\/v2\/pages\/712\/revisions\/1695"}],"wp:attachment":[{"href":"https:\/\/rj-experience.com\/index.php\/wp-json\/wp\/v2\/media?parent=712"}],"curies":[{"name":"wp","href":"https:\/\/api.w.org\/{rel}","templated":true}]}}