{"id":580,"date":"2025-07-22T21:01:51","date_gmt":"2025-07-22T21:01:51","guid":{"rendered":"https:\/\/rj-experience.com\/?page_id=580"},"modified":"2026-01-05T17:33:41","modified_gmt":"2026-01-05T17:33:41","slug":"ampelosaurus","status":"publish","type":"page","link":"https:\/\/rj-experience.com\/index.php\/ampelosaurus\/","title":{"rendered":"Ampelosaurus"},"content":{"rendered":"\t\t<div data-elementor-type=\"wp-page\" data-elementor-id=\"580\" class=\"elementor elementor-580\">\n\t\t\t\t<div class=\"elementor-element elementor-element-2cf8e7e e-flex e-con-boxed e-con e-parent\" data-id=\"2cf8e7e\" data-element_type=\"container\">\n\t\t\t\t\t<div class=\"e-con-inner\">\n\t\t\t\t<div class=\"elementor-element elementor-element-74f2352 elementor-widget elementor-widget-text-editor\" data-id=\"74f2352\" data-element_type=\"widget\" data-widget_type=\"text-editor.default\">\n\t\t\t\t\t\t\t\t\t<h1>\u00a0 \u00a0 \u00a0 \u00a0 \u00a0 \u00a0 \u00a0 \u00a0 \u00a0 \u00a0 \u00a0 \u00a0 \u00a0 \u00a0 \u00a0 \u00a0 Ampelosaurus<\/h1><p>1.Qui a d\u00e9couvert\u00a0le\u00a0Ampelosaurus?<\/p><p>Il a \u00e9t\u00e9 d\u00e9crit par les pal\u00e9ontologues <strong data-start=\"202\" data-end=\"220\">Jean Le Loeuff<\/strong> et <strong data-start=\"224\" data-end=\"242\">Eric Buffetaut<\/strong>.<\/p><p>2.Ou \u00e0 t\u2019il trouver le fossile de ce reptile?<\/p><p><strong data-start=\"301\" data-end=\"314\">En France<\/strong>, dans le <strong data-start=\"324\" data-end=\"344\">sud de la France<\/strong> (r\u00e9gion de l\u2019H\u00e9rault et de l\u2019Aude).<\/p><p>3.Quand il a trouve le premier os de ce reptile?<\/p><p>Les premiers fossiles ont \u00e9t\u00e9 d\u00e9couverts dans les <strong data-start=\"494\" data-end=\"509\">ann\u00e9es 1980<\/strong>.<\/p><p>4.Il est carnivore ou herbivore?<\/p><p><strong data-start=\"556\" data-end=\"569\">Herbivore<\/strong> \ud83c\udf3f<\/p><p>5.Combien fait sa taille?<\/p><p>Environ <strong data-start=\"619\" data-end=\"640\">15 m\u00e8tres de long<\/strong>.<\/p><p>6.Combien p\u00e8se son poids ?<\/p><p>Environ <strong data-start=\"688\" data-end=\"706\">15 \u00e0 20 tonnes<\/strong>.<\/p><p>7.le\u00a0Ampelosaurus\u00a0vient du cr\u00e9tac\u00e9,du tria ou du jurassique ?<\/p><p data-start=\"709\" data-end=\"807\">Du <strong data-start=\"785\" data-end=\"806\">Cr\u00e9tac\u00e9 sup\u00e9rieur<\/strong>.<\/p><p>8.Comment fait la taille du\u00a0Ampelosaurus\u00a0?<\/p><p><strong data-start=\"865\" data-end=\"890\">Grand mais plus trapu<\/strong> que les g\u00e9ants comme le Supersaurus, avec un corps robuste.<\/p><p>9.De quelle famille appartient\u00a0le\u00a0Ampelosaurus?<\/p><p>La famille des <strong data-start=\"1025\" data-end=\"1043\">Titanosaurid\u00e9s<\/strong> (Titanosaures).<\/p><p>10.Combien \u00e0 v\u00e9cu le\u00a0Ampelosaurus ?<\/p><p>Environ <strong data-start=\"1123\" data-end=\"1138\">60 \u00e0 80 ans<\/strong> (estimation scientifique).<\/p><p>11.Combien fait la taille de ces dents ?<\/p><p>De <strong data-start=\"1221\" data-end=\"1246\">petites dents simples<\/strong>, en forme de crayon, adapt\u00e9es pour manger des plantes.<\/p><p>12.Quel est sont nom scientifique ?<\/p><p>Ampelosaurus atacis<\/p><p>13.Combien p\u00e8se son cerveau?<\/p><p>Tr\u00e8s petit, environ <strong data-start=\"1433\" data-end=\"1448\">300 grammes<\/strong> (estimation).<\/p><p>14.Il vit seul ou en troupeau?<\/p><p>Probablement <strong data-start=\"1522\" data-end=\"1537\">en troupeau<\/strong>.<\/p><p>15.Qui est son premier os qui a \u00e9t\u00e9 trouv\u00e9?<\/p><p>Des <strong data-start=\"1599\" data-end=\"1632\">vert\u00e8bres et des os de pattes<\/strong>, ainsi que des <strong data-start=\"1648\" data-end=\"1668\">plaques osseuses<\/strong>.<\/p><p>16.Quand il le nomme ?<\/p><p data-start=\"1671\" data-end=\"1721\">En <strong data-start=\"1712\" data-end=\"1720\">1995<\/strong>.<\/p><p>17.Combien il a de dents?<\/p><p>Environ <strong data-start=\"1772\" data-end=\"1789\">20 \u00e0 30 dents<\/strong>.<\/p><p>18.Quels sont les autres dinosaures qui vivaient \u00e0 cette \u00e9poque?<\/p><p data-start=\"1792\" data-end=\"1870\">Par exemple :<\/p><ul data-start=\"1871\" data-end=\"1951\"><li data-start=\"1871\" data-end=\"1888\"><p data-start=\"1873\" data-end=\"1888\"><strong data-start=\"1873\" data-end=\"1886\">Rhabdodon<\/strong><\/p><\/li><li data-start=\"1889\" data-end=\"1908\"><p data-start=\"1891\" data-end=\"1908\"><strong data-start=\"1891\" data-end=\"1906\">Arcovenator<\/strong><\/p><\/li><li data-start=\"1909\" data-end=\"1931\"><p data-start=\"1911\" data-end=\"1931\"><strong data-start=\"1911\" data-end=\"1929\">Struthiosaurus<\/strong><\/p><\/li><li data-start=\"1932\" data-end=\"1951\"><p data-start=\"1934\" data-end=\"1951\"><strong data-start=\"1934\" data-end=\"1951\">Magyarosaurus<\/strong><\/p><\/li><\/ul>\t\t\t\t\t\t\t\t<\/div>\n\t\t\t\t\t<\/div>\n\t\t\t\t<\/div>\n\t\t\t\t<\/div>\n\t\t","protected":false},"excerpt":{"rendered":"<p>\u00a0 \u00a0 \u00a0 \u00a0 \u00a0 \u00a0 \u00a0 \u00a0 \u00a0 \u00a0 \u00a0 \u00a0 \u00a0 \u00a0 \u00a0 \u00a0 Ampelosaurus 1.Qui a d\u00e9couvert\u00a0le\u00a0Ampelosaurus? Il a \u00e9t\u00e9 d\u00e9crit par les pal\u00e9ontologues Jean Le Loeuff et Eric Buffetaut. 2.Ou \u00e0 t\u2019il trouver le fossile de ce reptile? En France, dans le sud de la France (r\u00e9gion de l\u2019H\u00e9rault et de [&hellip;]<\/p>\n","protected":false},"author":1,"featured_media":0,"parent":0,"menu_order":0,"comment_status":"closed","ping_status":"closed","template":"","meta":{"footnotes":""},"class_list":["post-580","page","type-page","status-publish","hentry"],"yoast_head":"<!-- This site is optimized with the Yoast SEO plugin v26.2 - https:\/\/yoast.com\/wordpress\/plugins\/seo\/ -->\n<title>Ampelosaurus - RJ Exp\u00e9rience<\/title>\n<meta name=\"robots\" content=\"index, follow, max-snippet:-1, max-image-preview:large, max-video-preview:-1\" \/>\n<link rel=\"canonical\" href=\"https:\/\/rj-experience.com\/index.php\/ampelosaurus\/\" \/>\n<meta property=\"og:locale\" content=\"en_US\" \/>\n<meta property=\"og:type\" content=\"article\" \/>\n<meta property=\"og:title\" content=\"Ampelosaurus - RJ Exp\u00e9rience\" \/>\n<meta property=\"og:description\" content=\"\u00a0 \u00a0 \u00a0 \u00a0 \u00a0 \u00a0 \u00a0 \u00a0 \u00a0 \u00a0 \u00a0 \u00a0 \u00a0 \u00a0 \u00a0 \u00a0 Ampelosaurus 1.Qui a d\u00e9couvert\u00a0le\u00a0Ampelosaurus? Il a \u00e9t\u00e9 d\u00e9crit par les pal\u00e9ontologues Jean Le Loeuff et Eric Buffetaut. 2.Ou \u00e0 t\u2019il trouver le fossile de ce reptile? En France, dans le sud de la France (r\u00e9gion de l\u2019H\u00e9rault et de [&hellip;]\" \/>\n<meta property=\"og:url\" content=\"https:\/\/rj-experience.com\/index.php\/ampelosaurus\/\" \/>\n<meta property=\"og:site_name\" content=\"RJ Exp\u00e9rience\" \/>\n<meta property=\"article:modified_time\" content=\"2026-01-05T17:33:41+00:00\" \/>\n<meta name=\"twitter:card\" content=\"summary_large_image\" \/>\n<meta name=\"twitter:label1\" content=\"Est. reading time\" \/>\n\t<meta name=\"twitter:data1\" content=\"2 minutes\" \/>\n<script type=\"application\/ld+json\" class=\"yoast-schema-graph\">{\"@context\":\"https:\/\/schema.org\",\"@graph\":[{\"@type\":\"WebPage\",\"@id\":\"https:\/\/rj-experience.com\/index.php\/ampelosaurus\/\",\"url\":\"https:\/\/rj-experience.com\/index.php\/ampelosaurus\/\",\"name\":\"Ampelosaurus - RJ Exp\u00e9rience\",\"isPartOf\":{\"@id\":\"https:\/\/rj-experience.com\/#website\"},\"datePublished\":\"2025-07-22T21:01:51+00:00\",\"dateModified\":\"2026-01-05T17:33:41+00:00\",\"breadcrumb\":{\"@id\":\"https:\/\/rj-experience.com\/index.php\/ampelosaurus\/#breadcrumb\"},\"inLanguage\":\"en-US\",\"potentialAction\":[{\"@type\":\"ReadAction\",\"target\":[\"https:\/\/rj-experience.com\/index.php\/ampelosaurus\/\"]}]},{\"@type\":\"BreadcrumbList\",\"@id\":\"https:\/\/rj-experience.com\/index.php\/ampelosaurus\/#breadcrumb\",\"itemListElement\":[{\"@type\":\"ListItem\",\"position\":1,\"name\":\"Home\",\"item\":\"https:\/\/rj-experience.com\/\"},{\"@type\":\"ListItem\",\"position\":2,\"name\":\"Ampelosaurus\"}]},{\"@type\":\"WebSite\",\"@id\":\"https:\/\/rj-experience.com\/#website\",\"url\":\"https:\/\/rj-experience.com\/\",\"name\":\"RJ Exp\u00e9rience\",\"description\":\"\",\"publisher\":{\"@id\":\"https:\/\/rj-experience.com\/#organization\"},\"potentialAction\":[{\"@type\":\"SearchAction\",\"target\":{\"@type\":\"EntryPoint\",\"urlTemplate\":\"https:\/\/rj-experience.com\/?s={search_term_string}\"},\"query-input\":{\"@type\":\"PropertyValueSpecification\",\"valueRequired\":true,\"valueName\":\"search_term_string\"}}],\"inLanguage\":\"en-US\"},{\"@type\":\"Organization\",\"@id\":\"https:\/\/rj-experience.com\/#organization\",\"name\":\"RJ Exp\u00e9rience\",\"url\":\"https:\/\/rj-experience.com\/\",\"logo\":{\"@type\":\"ImageObject\",\"inLanguage\":\"en-US\",\"@id\":\"https:\/\/rj-experience.com\/#\/schema\/logo\/image\/\",\"url\":\"https:\/\/rj-experience.com\/wp-content\/uploads\/2025\/10\/cropped-ChatGPT-Image-28-oct.-2025-18_28_26.png\",\"contentUrl\":\"https:\/\/rj-experience.com\/wp-content\/uploads\/2025\/10\/cropped-ChatGPT-Image-28-oct.-2025-18_28_26.png\",\"width\":512,\"height\":512,\"caption\":\"RJ Exp\u00e9rience\"},\"image\":{\"@id\":\"https:\/\/rj-experience.com\/#\/schema\/logo\/image\/\"}}]}<\/script>\n<!-- \/ Yoast SEO plugin. -->","yoast_head_json":{"title":"Ampelosaurus - RJ Exp\u00e9rience","robots":{"index":"index","follow":"follow","max-snippet":"max-snippet:-1","max-image-preview":"max-image-preview:large","max-video-preview":"max-video-preview:-1"},"canonical":"https:\/\/rj-experience.com\/index.php\/ampelosaurus\/","og_locale":"en_US","og_type":"article","og_title":"Ampelosaurus - RJ Exp\u00e9rience","og_description":"\u00a0 \u00a0 \u00a0 \u00a0 \u00a0 \u00a0 \u00a0 \u00a0 \u00a0 \u00a0 \u00a0 \u00a0 \u00a0 \u00a0 \u00a0 \u00a0 Ampelosaurus 1.Qui a d\u00e9couvert\u00a0le\u00a0Ampelosaurus? Il a \u00e9t\u00e9 d\u00e9crit par les pal\u00e9ontologues Jean Le Loeuff et Eric Buffetaut. 2.Ou \u00e0 t\u2019il trouver le fossile de ce reptile? En France, dans le sud de la France (r\u00e9gion de l\u2019H\u00e9rault et de [&hellip;]","og_url":"https:\/\/rj-experience.com\/index.php\/ampelosaurus\/","og_site_name":"RJ Exp\u00e9rience","article_modified_time":"2026-01-05T17:33:41+00:00","twitter_card":"summary_large_image","twitter_misc":{"Est. reading time":"2 minutes"},"schema":{"@context":"https:\/\/schema.org","@graph":[{"@type":"WebPage","@id":"https:\/\/rj-experience.com\/index.php\/ampelosaurus\/","url":"https:\/\/rj-experience.com\/index.php\/ampelosaurus\/","name":"Ampelosaurus - RJ Exp\u00e9rience","isPartOf":{"@id":"https:\/\/rj-experience.com\/#website"},"datePublished":"2025-07-22T21:01:51+00:00","dateModified":"2026-01-05T17:33:41+00:00","breadcrumb":{"@id":"https:\/\/rj-experience.com\/index.php\/ampelosaurus\/#breadcrumb"},"inLanguage":"en-US","potentialAction":[{"@type":"ReadAction","target":["https:\/\/rj-experience.com\/index.php\/ampelosaurus\/"]}]},{"@type":"BreadcrumbList","@id":"https:\/\/rj-experience.com\/index.php\/ampelosaurus\/#breadcrumb","itemListElement":[{"@type":"ListItem","position":1,"name":"Home","item":"https:\/\/rj-experience.com\/"},{"@type":"ListItem","position":2,"name":"Ampelosaurus"}]},{"@type":"WebSite","@id":"https:\/\/rj-experience.com\/#website","url":"https:\/\/rj-experience.com\/","name":"RJ Exp\u00e9rience","description":"","publisher":{"@id":"https:\/\/rj-experience.com\/#organization"},"potentialAction":[{"@type":"SearchAction","target":{"@type":"EntryPoint","urlTemplate":"https:\/\/rj-experience.com\/?s={search_term_string}"},"query-input":{"@type":"PropertyValueSpecification","valueRequired":true,"valueName":"search_term_string"}}],"inLanguage":"en-US"},{"@type":"Organization","@id":"https:\/\/rj-experience.com\/#organization","name":"RJ Exp\u00e9rience","url":"https:\/\/rj-experience.com\/","logo":{"@type":"ImageObject","inLanguage":"en-US","@id":"https:\/\/rj-experience.com\/#\/schema\/logo\/image\/","url":"https:\/\/rj-experience.com\/wp-content\/uploads\/2025\/10\/cropped-ChatGPT-Image-28-oct.-2025-18_28_26.png","contentUrl":"https:\/\/rj-experience.com\/wp-content\/uploads\/2025\/10\/cropped-ChatGPT-Image-28-oct.-2025-18_28_26.png","width":512,"height":512,"caption":"RJ Exp\u00e9rience"},"image":{"@id":"https:\/\/rj-experience.com\/#\/schema\/logo\/image\/"}}]}},"_links":{"self":[{"href":"https:\/\/rj-experience.com\/index.php\/wp-json\/wp\/v2\/pages\/580","targetHints":{"allow":["GET"]}}],"collection":[{"href":"https:\/\/rj-experience.com\/index.php\/wp-json\/wp\/v2\/pages"}],"about":[{"href":"https:\/\/rj-experience.com\/index.php\/wp-json\/wp\/v2\/types\/page"}],"author":[{"embeddable":true,"href":"https:\/\/rj-experience.com\/index.php\/wp-json\/wp\/v2\/users\/1"}],"replies":[{"embeddable":true,"href":"https:\/\/rj-experience.com\/index.php\/wp-json\/wp\/v2\/comments?post=580"}],"version-history":[{"count":4,"href":"https:\/\/rj-experience.com\/index.php\/wp-json\/wp\/v2\/pages\/580\/revisions"}],"predecessor-version":[{"id":1766,"href":"https:\/\/rj-experience.com\/index.php\/wp-json\/wp\/v2\/pages\/580\/revisions\/1766"}],"wp:attachment":[{"href":"https:\/\/rj-experience.com\/index.php\/wp-json\/wp\/v2\/media?parent=580"}],"curies":[{"name":"wp","href":"https:\/\/api.w.org\/{rel}","templated":true}]}}