{"id":575,"date":"2025-07-22T20:59:40","date_gmt":"2025-07-22T20:59:40","guid":{"rendered":"https:\/\/rj-experience.com\/?page_id=575"},"modified":"2026-01-05T17:28:22","modified_gmt":"2026-01-05T17:28:22","slug":"supersaurus","status":"publish","type":"page","link":"https:\/\/rj-experience.com\/index.php\/supersaurus\/","title":{"rendered":"Supersaurus"},"content":{"rendered":"\t\t<div data-elementor-type=\"wp-page\" data-elementor-id=\"575\" class=\"elementor elementor-575\">\n\t\t\t\t<div class=\"elementor-element elementor-element-43ccd6f e-flex e-con-boxed e-con e-parent\" data-id=\"43ccd6f\" data-element_type=\"container\">\n\t\t\t\t\t<div class=\"e-con-inner\">\n\t\t\t\t<div class=\"elementor-element elementor-element-9271582 elementor-widget elementor-widget-text-editor\" data-id=\"9271582\" data-element_type=\"widget\" data-widget_type=\"text-editor.default\">\n\t\t\t\t\t\t\t\t\t<h1>&nbsp; &nbsp; &nbsp; &nbsp; &nbsp; &nbsp; &nbsp; &nbsp; &nbsp; &nbsp; &nbsp; &nbsp; &nbsp; &nbsp; &nbsp; &nbsp;Supersaurus<\/h1>\n<p>1.Qui a d\u00e9couvert&nbsp;le&nbsp;Supersaurus?<\/p>\n<p>Il a \u00e9t\u00e9 d\u00e9couvert par le pal\u00e9ontologue <strong data-start=\"222\" data-end=\"241\">James A. Jensen<\/strong>.<\/p>\n<p>2.Ou \u00e0 t\u2019il trouver le fossile de ce reptile?<\/p>\n<p><strong data-start=\"300\" data-end=\"318\">Aux \u00c9tats-Unis<\/strong>, surtout dans l\u2019\u00c9tat du <strong data-start=\"343\" data-end=\"355\">Colorado<\/strong> (formation de Morrison).<\/p>\n<p>3.Quand il a trouve le premier os de ce reptile?<\/p>\n<p>Les premiers fossiles ont \u00e9t\u00e9 d\u00e9couverts en <strong data-start=\"488\" data-end=\"496\">1972<\/strong>.<\/p>\n<p>4.Il est carnivore ou herbivore?<\/p>\n<p><strong data-start=\"543\" data-end=\"556\">Herbivore<\/strong> <img decoding=\"async\" draggable=\"false\" role=\"img\" class=\"emoji\" alt=\"\ud83c\udf3f\" src=\"https:\/\/s.w.org\/images\/core\/emoji\/17.0.2\/svg\/1f33f.svg\"><\/p>\n<p>5.Combien fait sa taille?<\/p>\n<p>Environ <strong data-start=\"606\" data-end=\"632\">33 \u00e0 35 m\u00e8tres de long<\/strong>.<\/p>\n<p>6.Combien p\u00e8se son poids ?<\/p>\n<p>Environ <strong data-start=\"680\" data-end=\"698\">35 \u00e0 40 tonnes<\/strong>.<\/p>\n<p>7.le&nbsp;&nbsp;Supersaurus&nbsp;vient du cr\u00e9tac\u00e9,du tria ou du jurassique ?<\/p>\n<p>Du <strong data-start=\"777\" data-end=\"801\">Jurassique sup\u00e9rieur<\/strong>.<\/p>\n<p>8.Comment fait la taille du&nbsp;&nbsp;Supersaurus&nbsp;?<\/p>\n<p data-start=\"804\" data-end=\"933\"><strong data-start=\"857\" data-end=\"891\">Extr\u00eamement grand et tr\u00e8s long<\/strong>, avec un <strong data-start=\"901\" data-end=\"932\">cou et une queue tr\u00e8s longs<\/strong>.<\/p>\n<p>9.De quelle famille appartient&nbsp;le&nbsp;&nbsp;Supersaurus&nbsp;?<\/p>\n<p>La famille des <strong data-start=\"1008\" data-end=\"1024\">Diplodocid\u00e9s<\/strong>.<\/p>\n<p>10.Combien \u00e0 v\u00e9cu le &nbsp;Supersaurus&nbsp;?<\/p>\n<p>On estime qu\u2019il pouvait vivre <strong data-start=\"1111\" data-end=\"1127\">70 \u00e0 100 ans<\/strong> (estimation).<\/p>\n<p>11.Combien fait la taille de ces dents ?<\/p>\n<p>De <strong data-start=\"1197\" data-end=\"1220\">petites dents fines<\/strong>, en forme de crayon.<\/p>\n<p>12.Quel est sont nom scientifique ?<\/p>\n<p>Supersaurus vivianae<\/p>\n<p>13.Combien p\u00e8se son cerveau?<\/p>\n<p>Tr\u00e8s petit, environ <strong data-start=\"1374\" data-end=\"1395\">300 \u00e0 400 grammes<\/strong> (estimation).<\/p>\n<p>14.Il vit seul ou en troupeau?<\/p>\n<p>Probablement <strong data-start=\"1469\" data-end=\"1484\">en troupeau<\/strong>.<\/p>\n<p>15.Qui est son premier os qui a \u00e9t\u00e9 trouv\u00e9?<\/p>\n<p>Un <strong data-start=\"1545\" data-end=\"1570\">os d\u2019\u00e9paule (scapula)<\/strong> tr\u00e8s grand.<\/p>\n<p>16.Quand il le nomme ?<\/p>\n<p>En <strong data-start=\"1625\" data-end=\"1633\">1985<\/strong>.<\/p>\n<p>17.Combien il a de dents?<\/p>\n<p>Environ <strong data-start=\"1685\" data-end=\"1702\">30 \u00e0 40 dents<\/strong>.<\/p>\n<p>18.Quels sont les autres dinosaures qui vivaient \u00e0 cette \u00e9poque?<\/p>\n<p data-start=\"1705\" data-end=\"1783\">Par exemple :<\/p>\n<ul data-start=\"1784\" data-end=\"1878\">\n<li data-start=\"1784\" data-end=\"1802\">\n<p data-start=\"1786\" data-end=\"1802\"><strong data-start=\"1786\" data-end=\"1800\">Allosaurus<\/strong><\/p>\n<\/li>\n<li data-start=\"1803\" data-end=\"1821\">\n<p data-start=\"1805\" data-end=\"1821\"><strong data-start=\"1805\" data-end=\"1819\">Diplodocus<\/strong><\/p>\n<\/li>\n<li data-start=\"1822\" data-end=\"1841\">\n<p data-start=\"1824\" data-end=\"1841\"><strong data-start=\"1824\" data-end=\"1839\">Apatosaurus<\/strong><\/p>\n<\/li>\n<li data-start=\"1842\" data-end=\"1861\">\n<p data-start=\"1844\" data-end=\"1861\"><strong data-start=\"1844\" data-end=\"1859\">Stegosaurus<\/strong><\/p>\n<\/li>\n<li data-start=\"1862\" data-end=\"1878\">\n<p data-start=\"1864\" data-end=\"1878\"><strong data-start=\"1864\" data-end=\"1878\">Barosaurus<\/strong><\/p>\n<\/li>\n<\/ul>\t\t\t\t\t\t\t\t<\/div>\n\t\t\t\t\t<\/div>\n\t\t\t\t<\/div>\n\t\t\t\t<\/div>\n\t\t","protected":false},"excerpt":{"rendered":"<p>&nbsp; &nbsp; &nbsp; &nbsp; &nbsp; &nbsp; &nbsp; &nbsp; &nbsp; &nbsp; &nbsp; &nbsp; &nbsp; &nbsp; &nbsp; &nbsp;Supersaurus 1.Qui a d\u00e9couvert&nbsp;le&nbsp;Supersaurus? Il a \u00e9t\u00e9 d\u00e9couvert par le pal\u00e9ontologue James A. Jensen. 2.Ou \u00e0 t\u2019il trouver le fossile de ce reptile? Aux \u00c9tats-Unis, surtout dans l\u2019\u00c9tat du Colorado (formation de Morrison). 3.Quand il a trouve le premier os [&hellip;]<\/p>\n","protected":false},"author":1,"featured_media":0,"parent":0,"menu_order":0,"comment_status":"closed","ping_status":"closed","template":"","meta":{"footnotes":""},"class_list":["post-575","page","type-page","status-publish","hentry"],"yoast_head":"<!-- This site is optimized with the Yoast SEO plugin v26.2 - https:\/\/yoast.com\/wordpress\/plugins\/seo\/ -->\n<title>Supersaurus - RJ Exp\u00e9rience<\/title>\n<meta name=\"robots\" content=\"index, follow, max-snippet:-1, max-image-preview:large, max-video-preview:-1\" \/>\n<link rel=\"canonical\" href=\"https:\/\/rj-experience.com\/index.php\/supersaurus\/\" \/>\n<meta property=\"og:locale\" content=\"en_US\" \/>\n<meta property=\"og:type\" content=\"article\" \/>\n<meta property=\"og:title\" content=\"Supersaurus - RJ Exp\u00e9rience\" \/>\n<meta property=\"og:description\" content=\"&nbsp; &nbsp; &nbsp; &nbsp; &nbsp; &nbsp; &nbsp; &nbsp; &nbsp; &nbsp; &nbsp; &nbsp; &nbsp; &nbsp; &nbsp; &nbsp;Supersaurus 1.Qui a d\u00e9couvert&nbsp;le&nbsp;Supersaurus? Il a \u00e9t\u00e9 d\u00e9couvert par le pal\u00e9ontologue James A. Jensen. 2.Ou \u00e0 t\u2019il trouver le fossile de ce reptile? Aux \u00c9tats-Unis, surtout dans l\u2019\u00c9tat du Colorado (formation de Morrison). 3.Quand il a trouve le premier os [&hellip;]\" \/>\n<meta property=\"og:url\" content=\"https:\/\/rj-experience.com\/index.php\/supersaurus\/\" \/>\n<meta property=\"og:site_name\" content=\"RJ Exp\u00e9rience\" \/>\n<meta property=\"article:modified_time\" content=\"2026-01-05T17:28:22+00:00\" \/>\n<meta property=\"og:image\" content=\"https:\/\/s.w.org\/images\/core\/emoji\/17.0.2\/svg\/1f33f.svg\" \/>\n<meta name=\"twitter:card\" content=\"summary_large_image\" \/>\n<meta name=\"twitter:label1\" content=\"Est. reading time\" \/>\n\t<meta name=\"twitter:data1\" content=\"2 minutes\" \/>\n<script type=\"application\/ld+json\" class=\"yoast-schema-graph\">{\"@context\":\"https:\/\/schema.org\",\"@graph\":[{\"@type\":\"WebPage\",\"@id\":\"https:\/\/rj-experience.com\/index.php\/supersaurus\/\",\"url\":\"https:\/\/rj-experience.com\/index.php\/supersaurus\/\",\"name\":\"Supersaurus - RJ Exp\u00e9rience\",\"isPartOf\":{\"@id\":\"https:\/\/rj-experience.com\/#website\"},\"primaryImageOfPage\":{\"@id\":\"https:\/\/rj-experience.com\/index.php\/supersaurus\/#primaryimage\"},\"image\":{\"@id\":\"https:\/\/rj-experience.com\/index.php\/supersaurus\/#primaryimage\"},\"thumbnailUrl\":\"https:\/\/s.w.org\/images\/core\/emoji\/17.0.2\/svg\/1f33f.svg\",\"datePublished\":\"2025-07-22T20:59:40+00:00\",\"dateModified\":\"2026-01-05T17:28:22+00:00\",\"breadcrumb\":{\"@id\":\"https:\/\/rj-experience.com\/index.php\/supersaurus\/#breadcrumb\"},\"inLanguage\":\"en-US\",\"potentialAction\":[{\"@type\":\"ReadAction\",\"target\":[\"https:\/\/rj-experience.com\/index.php\/supersaurus\/\"]}]},{\"@type\":\"ImageObject\",\"inLanguage\":\"en-US\",\"@id\":\"https:\/\/rj-experience.com\/index.php\/supersaurus\/#primaryimage\",\"url\":\"https:\/\/s.w.org\/images\/core\/emoji\/17.0.2\/svg\/1f33f.svg\",\"contentUrl\":\"https:\/\/s.w.org\/images\/core\/emoji\/17.0.2\/svg\/1f33f.svg\"},{\"@type\":\"BreadcrumbList\",\"@id\":\"https:\/\/rj-experience.com\/index.php\/supersaurus\/#breadcrumb\",\"itemListElement\":[{\"@type\":\"ListItem\",\"position\":1,\"name\":\"Home\",\"item\":\"https:\/\/rj-experience.com\/\"},{\"@type\":\"ListItem\",\"position\":2,\"name\":\"Supersaurus\"}]},{\"@type\":\"WebSite\",\"@id\":\"https:\/\/rj-experience.com\/#website\",\"url\":\"https:\/\/rj-experience.com\/\",\"name\":\"RJ Exp\u00e9rience\",\"description\":\"\",\"publisher\":{\"@id\":\"https:\/\/rj-experience.com\/#organization\"},\"potentialAction\":[{\"@type\":\"SearchAction\",\"target\":{\"@type\":\"EntryPoint\",\"urlTemplate\":\"https:\/\/rj-experience.com\/?s={search_term_string}\"},\"query-input\":{\"@type\":\"PropertyValueSpecification\",\"valueRequired\":true,\"valueName\":\"search_term_string\"}}],\"inLanguage\":\"en-US\"},{\"@type\":\"Organization\",\"@id\":\"https:\/\/rj-experience.com\/#organization\",\"name\":\"RJ Exp\u00e9rience\",\"url\":\"https:\/\/rj-experience.com\/\",\"logo\":{\"@type\":\"ImageObject\",\"inLanguage\":\"en-US\",\"@id\":\"https:\/\/rj-experience.com\/#\/schema\/logo\/image\/\",\"url\":\"https:\/\/rj-experience.com\/wp-content\/uploads\/2025\/10\/cropped-ChatGPT-Image-28-oct.-2025-18_28_26.png\",\"contentUrl\":\"https:\/\/rj-experience.com\/wp-content\/uploads\/2025\/10\/cropped-ChatGPT-Image-28-oct.-2025-18_28_26.png\",\"width\":512,\"height\":512,\"caption\":\"RJ Exp\u00e9rience\"},\"image\":{\"@id\":\"https:\/\/rj-experience.com\/#\/schema\/logo\/image\/\"}}]}<\/script>\n<!-- \/ Yoast SEO plugin. -->","yoast_head_json":{"title":"Supersaurus - RJ Exp\u00e9rience","robots":{"index":"index","follow":"follow","max-snippet":"max-snippet:-1","max-image-preview":"max-image-preview:large","max-video-preview":"max-video-preview:-1"},"canonical":"https:\/\/rj-experience.com\/index.php\/supersaurus\/","og_locale":"en_US","og_type":"article","og_title":"Supersaurus - RJ Exp\u00e9rience","og_description":"&nbsp; &nbsp; &nbsp; &nbsp; &nbsp; &nbsp; &nbsp; &nbsp; &nbsp; &nbsp; &nbsp; &nbsp; &nbsp; &nbsp; &nbsp; &nbsp;Supersaurus 1.Qui a d\u00e9couvert&nbsp;le&nbsp;Supersaurus? Il a \u00e9t\u00e9 d\u00e9couvert par le pal\u00e9ontologue James A. Jensen. 2.Ou \u00e0 t\u2019il trouver le fossile de ce reptile? Aux \u00c9tats-Unis, surtout dans l\u2019\u00c9tat du Colorado (formation de Morrison). 3.Quand il a trouve le premier os [&hellip;]","og_url":"https:\/\/rj-experience.com\/index.php\/supersaurus\/","og_site_name":"RJ Exp\u00e9rience","article_modified_time":"2026-01-05T17:28:22+00:00","og_image":[{"url":"https:\/\/s.w.org\/images\/core\/emoji\/17.0.2\/svg\/1f33f.svg","type":"","width":"","height":""}],"twitter_card":"summary_large_image","twitter_misc":{"Est. reading time":"2 minutes"},"schema":{"@context":"https:\/\/schema.org","@graph":[{"@type":"WebPage","@id":"https:\/\/rj-experience.com\/index.php\/supersaurus\/","url":"https:\/\/rj-experience.com\/index.php\/supersaurus\/","name":"Supersaurus - RJ Exp\u00e9rience","isPartOf":{"@id":"https:\/\/rj-experience.com\/#website"},"primaryImageOfPage":{"@id":"https:\/\/rj-experience.com\/index.php\/supersaurus\/#primaryimage"},"image":{"@id":"https:\/\/rj-experience.com\/index.php\/supersaurus\/#primaryimage"},"thumbnailUrl":"https:\/\/s.w.org\/images\/core\/emoji\/17.0.2\/svg\/1f33f.svg","datePublished":"2025-07-22T20:59:40+00:00","dateModified":"2026-01-05T17:28:22+00:00","breadcrumb":{"@id":"https:\/\/rj-experience.com\/index.php\/supersaurus\/#breadcrumb"},"inLanguage":"en-US","potentialAction":[{"@type":"ReadAction","target":["https:\/\/rj-experience.com\/index.php\/supersaurus\/"]}]},{"@type":"ImageObject","inLanguage":"en-US","@id":"https:\/\/rj-experience.com\/index.php\/supersaurus\/#primaryimage","url":"https:\/\/s.w.org\/images\/core\/emoji\/17.0.2\/svg\/1f33f.svg","contentUrl":"https:\/\/s.w.org\/images\/core\/emoji\/17.0.2\/svg\/1f33f.svg"},{"@type":"BreadcrumbList","@id":"https:\/\/rj-experience.com\/index.php\/supersaurus\/#breadcrumb","itemListElement":[{"@type":"ListItem","position":1,"name":"Home","item":"https:\/\/rj-experience.com\/"},{"@type":"ListItem","position":2,"name":"Supersaurus"}]},{"@type":"WebSite","@id":"https:\/\/rj-experience.com\/#website","url":"https:\/\/rj-experience.com\/","name":"RJ Exp\u00e9rience","description":"","publisher":{"@id":"https:\/\/rj-experience.com\/#organization"},"potentialAction":[{"@type":"SearchAction","target":{"@type":"EntryPoint","urlTemplate":"https:\/\/rj-experience.com\/?s={search_term_string}"},"query-input":{"@type":"PropertyValueSpecification","valueRequired":true,"valueName":"search_term_string"}}],"inLanguage":"en-US"},{"@type":"Organization","@id":"https:\/\/rj-experience.com\/#organization","name":"RJ Exp\u00e9rience","url":"https:\/\/rj-experience.com\/","logo":{"@type":"ImageObject","inLanguage":"en-US","@id":"https:\/\/rj-experience.com\/#\/schema\/logo\/image\/","url":"https:\/\/rj-experience.com\/wp-content\/uploads\/2025\/10\/cropped-ChatGPT-Image-28-oct.-2025-18_28_26.png","contentUrl":"https:\/\/rj-experience.com\/wp-content\/uploads\/2025\/10\/cropped-ChatGPT-Image-28-oct.-2025-18_28_26.png","width":512,"height":512,"caption":"RJ Exp\u00e9rience"},"image":{"@id":"https:\/\/rj-experience.com\/#\/schema\/logo\/image\/"}}]}},"_links":{"self":[{"href":"https:\/\/rj-experience.com\/index.php\/wp-json\/wp\/v2\/pages\/575","targetHints":{"allow":["GET"]}}],"collection":[{"href":"https:\/\/rj-experience.com\/index.php\/wp-json\/wp\/v2\/pages"}],"about":[{"href":"https:\/\/rj-experience.com\/index.php\/wp-json\/wp\/v2\/types\/page"}],"author":[{"embeddable":true,"href":"https:\/\/rj-experience.com\/index.php\/wp-json\/wp\/v2\/users\/1"}],"replies":[{"embeddable":true,"href":"https:\/\/rj-experience.com\/index.php\/wp-json\/wp\/v2\/comments?post=575"}],"version-history":[{"count":4,"href":"https:\/\/rj-experience.com\/index.php\/wp-json\/wp\/v2\/pages\/575\/revisions"}],"predecessor-version":[{"id":1763,"href":"https:\/\/rj-experience.com\/index.php\/wp-json\/wp\/v2\/pages\/575\/revisions\/1763"}],"wp:attachment":[{"href":"https:\/\/rj-experience.com\/index.php\/wp-json\/wp\/v2\/media?parent=575"}],"curies":[{"name":"wp","href":"https:\/\/api.w.org\/{rel}","templated":true}]}}