{"id":570,"date":"2025-07-22T20:57:38","date_gmt":"2025-07-22T20:57:38","guid":{"rendered":"https:\/\/rj-experience.com\/?page_id=570"},"modified":"2026-01-05T16:52:05","modified_gmt":"2026-01-05T16:52:05","slug":"barosaurus","status":"publish","type":"page","link":"https:\/\/rj-experience.com\/index.php\/barosaurus\/","title":{"rendered":"Barosaurus"},"content":{"rendered":"\t\t<div data-elementor-type=\"wp-page\" data-elementor-id=\"570\" class=\"elementor elementor-570\">\n\t\t\t\t<div class=\"elementor-element elementor-element-521b275 e-flex e-con-boxed e-con e-parent\" data-id=\"521b275\" data-element_type=\"container\">\n\t\t\t\t\t<div class=\"e-con-inner\">\n\t\t\t\t<div class=\"elementor-element elementor-element-1a52ecf elementor-widget elementor-widget-text-editor\" data-id=\"1a52ecf\" data-element_type=\"widget\" data-widget_type=\"text-editor.default\">\n\t\t\t\t\t\t\t\t\t<h1>\u00a0 \u00a0 \u00a0 \u00a0 \u00a0 \u00a0 \u00a0 \u00a0 \u00a0 \u00a0 \u00a0 \u00a0 \u00a0 \u00a0 \u00a0 \u00a0 \u00a0 \u00a0Barosaurus<\/h1><p>1.Qui a d\u00e9couvert\u00a0le\u00a0Barosaurus?<\/p><p>Il a \u00e9t\u00e9 d\u00e9couvert par le pal\u00e9ontologue <strong data-start=\"220\" data-end=\"245\">Othniel Charles Marsh<\/strong>.<\/p><p>2.Ou \u00e0 t\u2019il trouver le fossile de ce reptile?<\/p><p data-start=\"248\" data-end=\"376\"><strong data-start=\"304\" data-end=\"322\">Aux \u00c9tats-Unis<\/strong>, surtout dans le <strong data-start=\"340\" data-end=\"357\">Dakota du Sud<\/strong> et le <strong data-start=\"364\" data-end=\"375\">Wyoming<\/strong>.<\/p><p>3.Quand il a trouve le premier os de ce reptile?<\/p><p data-start=\"378\" data-end=\"493\">Les premiers fossiles ont \u00e9t\u00e9 d\u00e9couverts en <strong data-start=\"484\" data-end=\"492\">1889<\/strong>.<\/p><p>4.Il est carnivore ou herbivore?<\/p><p><strong data-start=\"539\" data-end=\"552\">Herbivore<\/strong> \ud83c\udf3f<\/p><p>5.Combien fait sa taille?<\/p><p data-start=\"557\" data-end=\"624\">Environ <strong data-start=\"602\" data-end=\"623\">27 m\u00e8tres de long<\/strong>.<\/p><p>6.Combien p\u00e8se son poids ?<\/p><p>Environ <strong data-start=\"671\" data-end=\"684\">20 tonnes<\/strong>.<\/p><p>7.le\u00a0Barosaurus\u00a0vient du cr\u00e9tac\u00e9,du tria ou du jurassique ?<\/p><p data-start=\"687\" data-end=\"787\">Du <strong data-start=\"762\" data-end=\"786\">Jurassique sup\u00e9rieur<\/strong>.<\/p><p>8.Comment fait la taille du\u00a0Barosaurus\u00a0?<\/p><p><strong data-start=\"841\" data-end=\"864\">Tr\u00e8s long et \u00e9lanc\u00e9<\/strong>, avec un <strong data-start=\"874\" data-end=\"898\">cou extr\u00eamement long<\/strong> et une <strong data-start=\"906\" data-end=\"920\">queue fine<\/strong>.<\/p><p>9.De quelle famille appartient\u00a0le\u00a0Barosaurus\u00a0?<\/p><p>La famille des <strong data-start=\"995\" data-end=\"1011\">Diplodocid\u00e9s<\/strong>.<\/p><p>10.Combien \u00e0 v\u00e9cu le Barosaurus\u00a0?<\/p><p>On estime qu\u2019il pouvait vivre <strong data-start=\"1097\" data-end=\"1112\">70 \u00e0 90 ans<\/strong> (estimation).<\/p><p>11.Combien fait la taille de ces dents ?<\/p><p>De <strong data-start=\"1182\" data-end=\"1205\">petites dents fines<\/strong>, en forme de crayon.<\/p><p>12.Quel est sont nom scientifique ?<\/p><p>Barosaurus lentus<\/p><p>13.Combien p\u00e8se son cerveau?<\/p><p>Environ <strong data-start=\"1344\" data-end=\"1359\">300 grammes<\/strong> (tr\u00e8s petit par rapport \u00e0 son corps).<\/p><p>14.Il vit seul ou en troupeau?<\/p><p data-start=\"1399\" data-end=\"1473\">Probablement <strong data-start=\"1457\" data-end=\"1472\">en troupeau<\/strong>.<\/p><p>15.Qui est son premier os qui a \u00e9t\u00e9 trouv\u00e9?<\/p><p data-start=\"1475\" data-end=\"1571\">Des <strong data-start=\"1534\" data-end=\"1547\">vert\u00e8bres<\/strong>, surtout celles du cou.<\/p><p>16.Quand il le nomme ?<\/p><p>En <strong data-start=\"1614\" data-end=\"1622\">1890<\/strong>.<\/p><p>17.Combien il a de dents?<\/p><p>Environ <strong data-start=\"1674\" data-end=\"1691\">30 \u00e0 40 dents<\/strong>.<\/p><p>18.Quels sont les autres dinosaures qui vivaient \u00e0 cette \u00e9poque?<\/p><p data-start=\"1694\" data-end=\"1772\">Par exemple :<\/p><ul data-start=\"1773\" data-end=\"1848\"><li data-start=\"1773\" data-end=\"1791\"><p data-start=\"1775\" data-end=\"1791\"><strong data-start=\"1775\" data-end=\"1789\">Allosaurus<\/strong><\/p><\/li><li data-start=\"1792\" data-end=\"1810\"><p data-start=\"1794\" data-end=\"1810\"><strong data-start=\"1794\" data-end=\"1808\">Diplodocus<\/strong><\/p><\/li><li data-start=\"1811\" data-end=\"1830\"><p data-start=\"1813\" data-end=\"1830\"><strong data-start=\"1813\" data-end=\"1828\">Apatosaurus<\/strong><\/p><\/li><li data-start=\"1831\" data-end=\"1848\"><p data-start=\"1833\" data-end=\"1848\"><strong data-start=\"1833\" data-end=\"1848\">Stegosaurus<\/strong><\/p><\/li><\/ul>\t\t\t\t\t\t\t\t<\/div>\n\t\t\t\t\t<\/div>\n\t\t\t\t<\/div>\n\t\t\t\t<\/div>\n\t\t","protected":false},"excerpt":{"rendered":"<p>\u00a0 \u00a0 \u00a0 \u00a0 \u00a0 \u00a0 \u00a0 \u00a0 \u00a0 \u00a0 \u00a0 \u00a0 \u00a0 \u00a0 \u00a0 \u00a0 \u00a0 \u00a0Barosaurus 1.Qui a d\u00e9couvert\u00a0le\u00a0Barosaurus? Il a \u00e9t\u00e9 d\u00e9couvert par le pal\u00e9ontologue Othniel Charles Marsh. 2.Ou \u00e0 t\u2019il trouver le fossile de ce reptile? Aux \u00c9tats-Unis, surtout dans le Dakota du Sud et le Wyoming. 3.Quand il a trouve [&hellip;]<\/p>\n","protected":false},"author":1,"featured_media":0,"parent":0,"menu_order":0,"comment_status":"closed","ping_status":"closed","template":"","meta":{"footnotes":""},"class_list":["post-570","page","type-page","status-publish","hentry"],"yoast_head":"<!-- This site is optimized with the Yoast SEO plugin v26.2 - https:\/\/yoast.com\/wordpress\/plugins\/seo\/ -->\n<title>Barosaurus - RJ Exp\u00e9rience<\/title>\n<meta name=\"robots\" content=\"index, follow, max-snippet:-1, max-image-preview:large, max-video-preview:-1\" \/>\n<link rel=\"canonical\" href=\"https:\/\/rj-experience.com\/index.php\/barosaurus\/\" \/>\n<meta property=\"og:locale\" content=\"en_US\" \/>\n<meta property=\"og:type\" content=\"article\" \/>\n<meta property=\"og:title\" content=\"Barosaurus - RJ Exp\u00e9rience\" \/>\n<meta property=\"og:description\" content=\"\u00a0 \u00a0 \u00a0 \u00a0 \u00a0 \u00a0 \u00a0 \u00a0 \u00a0 \u00a0 \u00a0 \u00a0 \u00a0 \u00a0 \u00a0 \u00a0 \u00a0 \u00a0Barosaurus 1.Qui a d\u00e9couvert\u00a0le\u00a0Barosaurus? Il a \u00e9t\u00e9 d\u00e9couvert par le pal\u00e9ontologue Othniel Charles Marsh. 2.Ou \u00e0 t\u2019il trouver le fossile de ce reptile? Aux \u00c9tats-Unis, surtout dans le Dakota du Sud et le Wyoming. 3.Quand il a trouve [&hellip;]\" \/>\n<meta property=\"og:url\" content=\"https:\/\/rj-experience.com\/index.php\/barosaurus\/\" \/>\n<meta property=\"og:site_name\" content=\"RJ Exp\u00e9rience\" \/>\n<meta property=\"article:modified_time\" content=\"2026-01-05T16:52:05+00:00\" \/>\n<meta name=\"twitter:card\" content=\"summary_large_image\" \/>\n<meta name=\"twitter:label1\" content=\"Est. reading time\" \/>\n\t<meta name=\"twitter:data1\" content=\"2 minutes\" \/>\n<script type=\"application\/ld+json\" class=\"yoast-schema-graph\">{\"@context\":\"https:\/\/schema.org\",\"@graph\":[{\"@type\":\"WebPage\",\"@id\":\"https:\/\/rj-experience.com\/index.php\/barosaurus\/\",\"url\":\"https:\/\/rj-experience.com\/index.php\/barosaurus\/\",\"name\":\"Barosaurus - RJ Exp\u00e9rience\",\"isPartOf\":{\"@id\":\"https:\/\/rj-experience.com\/#website\"},\"datePublished\":\"2025-07-22T20:57:38+00:00\",\"dateModified\":\"2026-01-05T16:52:05+00:00\",\"breadcrumb\":{\"@id\":\"https:\/\/rj-experience.com\/index.php\/barosaurus\/#breadcrumb\"},\"inLanguage\":\"en-US\",\"potentialAction\":[{\"@type\":\"ReadAction\",\"target\":[\"https:\/\/rj-experience.com\/index.php\/barosaurus\/\"]}]},{\"@type\":\"BreadcrumbList\",\"@id\":\"https:\/\/rj-experience.com\/index.php\/barosaurus\/#breadcrumb\",\"itemListElement\":[{\"@type\":\"ListItem\",\"position\":1,\"name\":\"Home\",\"item\":\"https:\/\/rj-experience.com\/\"},{\"@type\":\"ListItem\",\"position\":2,\"name\":\"Barosaurus\"}]},{\"@type\":\"WebSite\",\"@id\":\"https:\/\/rj-experience.com\/#website\",\"url\":\"https:\/\/rj-experience.com\/\",\"name\":\"RJ Exp\u00e9rience\",\"description\":\"\",\"publisher\":{\"@id\":\"https:\/\/rj-experience.com\/#organization\"},\"potentialAction\":[{\"@type\":\"SearchAction\",\"target\":{\"@type\":\"EntryPoint\",\"urlTemplate\":\"https:\/\/rj-experience.com\/?s={search_term_string}\"},\"query-input\":{\"@type\":\"PropertyValueSpecification\",\"valueRequired\":true,\"valueName\":\"search_term_string\"}}],\"inLanguage\":\"en-US\"},{\"@type\":\"Organization\",\"@id\":\"https:\/\/rj-experience.com\/#organization\",\"name\":\"RJ Exp\u00e9rience\",\"url\":\"https:\/\/rj-experience.com\/\",\"logo\":{\"@type\":\"ImageObject\",\"inLanguage\":\"en-US\",\"@id\":\"https:\/\/rj-experience.com\/#\/schema\/logo\/image\/\",\"url\":\"https:\/\/rj-experience.com\/wp-content\/uploads\/2025\/10\/cropped-ChatGPT-Image-28-oct.-2025-18_28_26.png\",\"contentUrl\":\"https:\/\/rj-experience.com\/wp-content\/uploads\/2025\/10\/cropped-ChatGPT-Image-28-oct.-2025-18_28_26.png\",\"width\":512,\"height\":512,\"caption\":\"RJ Exp\u00e9rience\"},\"image\":{\"@id\":\"https:\/\/rj-experience.com\/#\/schema\/logo\/image\/\"}}]}<\/script>\n<!-- \/ Yoast SEO plugin. -->","yoast_head_json":{"title":"Barosaurus - RJ Exp\u00e9rience","robots":{"index":"index","follow":"follow","max-snippet":"max-snippet:-1","max-image-preview":"max-image-preview:large","max-video-preview":"max-video-preview:-1"},"canonical":"https:\/\/rj-experience.com\/index.php\/barosaurus\/","og_locale":"en_US","og_type":"article","og_title":"Barosaurus - RJ Exp\u00e9rience","og_description":"\u00a0 \u00a0 \u00a0 \u00a0 \u00a0 \u00a0 \u00a0 \u00a0 \u00a0 \u00a0 \u00a0 \u00a0 \u00a0 \u00a0 \u00a0 \u00a0 \u00a0 \u00a0Barosaurus 1.Qui a d\u00e9couvert\u00a0le\u00a0Barosaurus? Il a \u00e9t\u00e9 d\u00e9couvert par le pal\u00e9ontologue Othniel Charles Marsh. 2.Ou \u00e0 t\u2019il trouver le fossile de ce reptile? Aux \u00c9tats-Unis, surtout dans le Dakota du Sud et le Wyoming. 3.Quand il a trouve [&hellip;]","og_url":"https:\/\/rj-experience.com\/index.php\/barosaurus\/","og_site_name":"RJ Exp\u00e9rience","article_modified_time":"2026-01-05T16:52:05+00:00","twitter_card":"summary_large_image","twitter_misc":{"Est. reading time":"2 minutes"},"schema":{"@context":"https:\/\/schema.org","@graph":[{"@type":"WebPage","@id":"https:\/\/rj-experience.com\/index.php\/barosaurus\/","url":"https:\/\/rj-experience.com\/index.php\/barosaurus\/","name":"Barosaurus - RJ Exp\u00e9rience","isPartOf":{"@id":"https:\/\/rj-experience.com\/#website"},"datePublished":"2025-07-22T20:57:38+00:00","dateModified":"2026-01-05T16:52:05+00:00","breadcrumb":{"@id":"https:\/\/rj-experience.com\/index.php\/barosaurus\/#breadcrumb"},"inLanguage":"en-US","potentialAction":[{"@type":"ReadAction","target":["https:\/\/rj-experience.com\/index.php\/barosaurus\/"]}]},{"@type":"BreadcrumbList","@id":"https:\/\/rj-experience.com\/index.php\/barosaurus\/#breadcrumb","itemListElement":[{"@type":"ListItem","position":1,"name":"Home","item":"https:\/\/rj-experience.com\/"},{"@type":"ListItem","position":2,"name":"Barosaurus"}]},{"@type":"WebSite","@id":"https:\/\/rj-experience.com\/#website","url":"https:\/\/rj-experience.com\/","name":"RJ Exp\u00e9rience","description":"","publisher":{"@id":"https:\/\/rj-experience.com\/#organization"},"potentialAction":[{"@type":"SearchAction","target":{"@type":"EntryPoint","urlTemplate":"https:\/\/rj-experience.com\/?s={search_term_string}"},"query-input":{"@type":"PropertyValueSpecification","valueRequired":true,"valueName":"search_term_string"}}],"inLanguage":"en-US"},{"@type":"Organization","@id":"https:\/\/rj-experience.com\/#organization","name":"RJ Exp\u00e9rience","url":"https:\/\/rj-experience.com\/","logo":{"@type":"ImageObject","inLanguage":"en-US","@id":"https:\/\/rj-experience.com\/#\/schema\/logo\/image\/","url":"https:\/\/rj-experience.com\/wp-content\/uploads\/2025\/10\/cropped-ChatGPT-Image-28-oct.-2025-18_28_26.png","contentUrl":"https:\/\/rj-experience.com\/wp-content\/uploads\/2025\/10\/cropped-ChatGPT-Image-28-oct.-2025-18_28_26.png","width":512,"height":512,"caption":"RJ Exp\u00e9rience"},"image":{"@id":"https:\/\/rj-experience.com\/#\/schema\/logo\/image\/"}}]}},"_links":{"self":[{"href":"https:\/\/rj-experience.com\/index.php\/wp-json\/wp\/v2\/pages\/570","targetHints":{"allow":["GET"]}}],"collection":[{"href":"https:\/\/rj-experience.com\/index.php\/wp-json\/wp\/v2\/pages"}],"about":[{"href":"https:\/\/rj-experience.com\/index.php\/wp-json\/wp\/v2\/types\/page"}],"author":[{"embeddable":true,"href":"https:\/\/rj-experience.com\/index.php\/wp-json\/wp\/v2\/users\/1"}],"replies":[{"embeddable":true,"href":"https:\/\/rj-experience.com\/index.php\/wp-json\/wp\/v2\/comments?post=570"}],"version-history":[{"count":4,"href":"https:\/\/rj-experience.com\/index.php\/wp-json\/wp\/v2\/pages\/570\/revisions"}],"predecessor-version":[{"id":1760,"href":"https:\/\/rj-experience.com\/index.php\/wp-json\/wp\/v2\/pages\/570\/revisions\/1760"}],"wp:attachment":[{"href":"https:\/\/rj-experience.com\/index.php\/wp-json\/wp\/v2\/media?parent=570"}],"curies":[{"name":"wp","href":"https:\/\/api.w.org\/{rel}","templated":true}]}}