{"id":565,"date":"2025-07-22T20:56:00","date_gmt":"2025-07-22T20:56:00","guid":{"rendered":"https:\/\/rj-experience.com\/?page_id=565"},"modified":"2026-01-05T16:46:28","modified_gmt":"2026-01-05T16:46:28","slug":"mamenchisaururus","status":"publish","type":"page","link":"https:\/\/rj-experience.com\/index.php\/mamenchisaururus\/","title":{"rendered":"Mamenchisaururus"},"content":{"rendered":"\t\t<div data-elementor-type=\"wp-page\" data-elementor-id=\"565\" class=\"elementor elementor-565\">\n\t\t\t\t<div class=\"elementor-element elementor-element-99c5553 e-flex e-con-boxed e-con e-parent\" data-id=\"99c5553\" data-element_type=\"container\">\n\t\t\t\t\t<div class=\"e-con-inner\">\n\t\t\t\t<div class=\"elementor-element elementor-element-52a6144 elementor-widget elementor-widget-text-editor\" data-id=\"52a6144\" data-element_type=\"widget\" data-widget_type=\"text-editor.default\">\n\t\t\t\t\t\t\t\t\t<h1>\u00a0 \u00a0 \u00a0 \u00a0 \u00a0 \u00a0 \u00a0 \u00a0 \u00a0 \u00a0 \u00a0 \u00a0 \u00a0 \u00a0 \u00a0 \u00a0 \u00a0 \u00a0Mamenchisaururus<\/h1><p>1.Qui a d\u00e9couvert\u00a0le\u00a0Mamenchisaururus\u00a0?<\/p><p>Il a \u00e9t\u00e9 d\u00e9couvert par le pal\u00e9ontologue chinois <strong data-start=\"318\" data-end=\"336\">Yang Zhongjian<\/strong> (aussi appel\u00e9 C. C. Young).<\/p><p>2.Ou \u00e0 t\u2019il trouver le fossile de ce reptile?<\/p><p data-start=\"366\" data-end=\"483\"><strong data-start=\"422\" data-end=\"434\">En Chine<\/strong>, principalement dans la province du <strong data-start=\"471\" data-end=\"482\">Sichuan<\/strong>.<\/p><p>3.Quand il a trouve le premier os de ce reptile?<\/p><p>Les premiers fossiles ont \u00e9t\u00e9 d\u00e9couverts en <strong data-start=\"591\" data-end=\"599\">1952<\/strong>.<\/p><p>4.Il est carnivore ou herbivore?<\/p><p data-start=\"602\" data-end=\"662\"><strong data-start=\"646\" data-end=\"659\">Herbivore<\/strong> \ud83c\udf3f<\/p><p>5.Combien fait sa taille?<\/p><p>Environ <strong data-start=\"709\" data-end=\"735\">22 \u00e0 25 m\u00e8tres de long<\/strong>.<\/p><p>6.Combien p\u00e8se son poids ?<\/p><p>Environ <strong data-start=\"783\" data-end=\"801\">15 \u00e0 25 tonnes<\/strong>.<\/p><p>7.le\u00a0Mamenchisaururus\u00a0vient du cr\u00e9tac\u00e9,du tria ou du jurassique ?<\/p><p>Du <strong data-start=\"883\" data-end=\"907\">Jurassique sup\u00e9rieur<\/strong>.<\/p><p>8.Comment fait la taille du\u00a0Mamenchisaururus\u00a0?<\/p><p><strong data-start=\"966\" data-end=\"980\">Tr\u00e8s grand<\/strong>, avec un <strong data-start=\"990\" data-end=\"1014\">cou extr\u00eamement long<\/strong> (le plus long parmi les dinosaures connus).<\/p><p>9.De quelle famille appartient\u00a0leMamenchisaururusGyposaurus\u00a0?<\/p><p>La famille des <strong data-start=\"1136\" data-end=\"1156\">Mamenchisaurid\u00e9s<\/strong><\/p><p>10.Combien \u00e0 v\u00e9cu le \u00a0?<\/p><p>On estime qu\u2019il pouvait vivre <strong data-start=\"1246\" data-end=\"1261\">60 \u00e0 80 ans<\/strong> (estimation scientifique).<\/p><p>11.Combien fait la taille de ces dents ?<\/p><p data-start=\"1290\" data-end=\"1417\">De <strong data-start=\"1344\" data-end=\"1382\">petites dents en forme de cuill\u00e8re<\/strong>, adapt\u00e9es pour couper les plantes.<\/p><p>12.Quel est sont nom scientifique ?<\/p><p><strong data-start=\"1464\" data-end=\"1494\">Mamenchisaurus constructus<\/strong> (esp\u00e8ce la plus connue).<\/p><p>13.Combien p\u00e8se son cerveau?<\/p><p>Tr\u00e8s petit, environ <strong data-start=\"1581\" data-end=\"1602\">300 \u00e0 400 grammes<\/strong> (estimation).<\/p><p>14.Il vit seul ou en troupeau?<\/p><p>Probablement <strong data-start=\"1676\" data-end=\"1691\">en troupeau<\/strong>, pour se prot\u00e9ger des pr\u00e9dateurs.<\/p><p>15.Qui est son premier os qui a \u00e9t\u00e9 trouv\u00e9?<\/p><p>Des <strong data-start=\"1786\" data-end=\"1806\">vert\u00e8bres du cou<\/strong>.<\/p><p>16.Quand il le nomme ?<\/p><p>En <strong data-start=\"1850\" data-end=\"1858\">1954<\/strong>.<\/p><p>17.Combien il a de dents?<\/p><p>Environ <strong data-start=\"1910\" data-end=\"1927\">40 \u00e0 50 dents<\/strong>.<\/p><p>18.Quels sont les autres dinosaures qui vivaient \u00e0 cette \u00e9poque?<\/p><p data-start=\"1930\" data-end=\"2008\">Par exemple :<\/p><ul data-start=\"2009\" data-end=\"2096\"><li data-start=\"2009\" data-end=\"2033\"><p data-start=\"2011\" data-end=\"2033\"><strong data-start=\"2011\" data-end=\"2031\">Yangchuanosaurus<\/strong><\/p><\/li><li data-start=\"2034\" data-end=\"2053\"><p data-start=\"2036\" data-end=\"2053\"><strong data-start=\"2036\" data-end=\"2051\">Shunosaurus<\/strong><\/p><\/li><li data-start=\"2054\" data-end=\"2072\"><p data-start=\"2056\" data-end=\"2072\"><strong data-start=\"2056\" data-end=\"2070\">Omeisaurus<\/strong><\/p><\/li><li data-start=\"2073\" data-end=\"2096\"><p data-start=\"2075\" data-end=\"2096\"><strong data-start=\"2075\" data-end=\"2096\">Gigantspinosaurus<\/strong><\/p><\/li><\/ul>\t\t\t\t\t\t\t\t<\/div>\n\t\t\t\t\t<\/div>\n\t\t\t\t<\/div>\n\t\t\t\t<\/div>\n\t\t","protected":false},"excerpt":{"rendered":"<p>\u00a0 \u00a0 \u00a0 \u00a0 \u00a0 \u00a0 \u00a0 \u00a0 \u00a0 \u00a0 \u00a0 \u00a0 \u00a0 \u00a0 \u00a0 \u00a0 \u00a0 \u00a0Mamenchisaururus 1.Qui a d\u00e9couvert\u00a0le\u00a0Mamenchisaururus\u00a0? Il a \u00e9t\u00e9 d\u00e9couvert par le pal\u00e9ontologue chinois Yang Zhongjian (aussi appel\u00e9 C. C. Young). 2.Ou \u00e0 t\u2019il trouver le fossile de ce reptile? En Chine, principalement dans la province du Sichuan. 3.Quand il [&hellip;]<\/p>\n","protected":false},"author":1,"featured_media":0,"parent":0,"menu_order":0,"comment_status":"closed","ping_status":"closed","template":"","meta":{"footnotes":""},"class_list":["post-565","page","type-page","status-publish","hentry"],"yoast_head":"<!-- This site is optimized with the Yoast SEO plugin v26.2 - https:\/\/yoast.com\/wordpress\/plugins\/seo\/ -->\n<title>Mamenchisaururus - RJ Exp\u00e9rience<\/title>\n<meta name=\"robots\" content=\"index, follow, max-snippet:-1, max-image-preview:large, max-video-preview:-1\" \/>\n<link rel=\"canonical\" href=\"https:\/\/rj-experience.com\/index.php\/mamenchisaururus\/\" \/>\n<meta property=\"og:locale\" content=\"en_US\" \/>\n<meta property=\"og:type\" content=\"article\" \/>\n<meta property=\"og:title\" content=\"Mamenchisaururus - RJ Exp\u00e9rience\" \/>\n<meta property=\"og:description\" content=\"\u00a0 \u00a0 \u00a0 \u00a0 \u00a0 \u00a0 \u00a0 \u00a0 \u00a0 \u00a0 \u00a0 \u00a0 \u00a0 \u00a0 \u00a0 \u00a0 \u00a0 \u00a0Mamenchisaururus 1.Qui a d\u00e9couvert\u00a0le\u00a0Mamenchisaururus\u00a0? Il a \u00e9t\u00e9 d\u00e9couvert par le pal\u00e9ontologue chinois Yang Zhongjian (aussi appel\u00e9 C. C. Young). 2.Ou \u00e0 t\u2019il trouver le fossile de ce reptile? En Chine, principalement dans la province du Sichuan. 3.Quand il [&hellip;]\" \/>\n<meta property=\"og:url\" content=\"https:\/\/rj-experience.com\/index.php\/mamenchisaururus\/\" \/>\n<meta property=\"og:site_name\" content=\"RJ Exp\u00e9rience\" \/>\n<meta property=\"article:modified_time\" content=\"2026-01-05T16:46:28+00:00\" \/>\n<meta name=\"twitter:card\" content=\"summary_large_image\" \/>\n<meta name=\"twitter:label1\" content=\"Est. reading time\" \/>\n\t<meta name=\"twitter:data1\" content=\"2 minutes\" \/>\n<script type=\"application\/ld+json\" class=\"yoast-schema-graph\">{\"@context\":\"https:\/\/schema.org\",\"@graph\":[{\"@type\":\"WebPage\",\"@id\":\"https:\/\/rj-experience.com\/index.php\/mamenchisaururus\/\",\"url\":\"https:\/\/rj-experience.com\/index.php\/mamenchisaururus\/\",\"name\":\"Mamenchisaururus - RJ Exp\u00e9rience\",\"isPartOf\":{\"@id\":\"https:\/\/rj-experience.com\/#website\"},\"datePublished\":\"2025-07-22T20:56:00+00:00\",\"dateModified\":\"2026-01-05T16:46:28+00:00\",\"breadcrumb\":{\"@id\":\"https:\/\/rj-experience.com\/index.php\/mamenchisaururus\/#breadcrumb\"},\"inLanguage\":\"en-US\",\"potentialAction\":[{\"@type\":\"ReadAction\",\"target\":[\"https:\/\/rj-experience.com\/index.php\/mamenchisaururus\/\"]}]},{\"@type\":\"BreadcrumbList\",\"@id\":\"https:\/\/rj-experience.com\/index.php\/mamenchisaururus\/#breadcrumb\",\"itemListElement\":[{\"@type\":\"ListItem\",\"position\":1,\"name\":\"Home\",\"item\":\"https:\/\/rj-experience.com\/\"},{\"@type\":\"ListItem\",\"position\":2,\"name\":\"Mamenchisaururus\"}]},{\"@type\":\"WebSite\",\"@id\":\"https:\/\/rj-experience.com\/#website\",\"url\":\"https:\/\/rj-experience.com\/\",\"name\":\"RJ Exp\u00e9rience\",\"description\":\"\",\"publisher\":{\"@id\":\"https:\/\/rj-experience.com\/#organization\"},\"potentialAction\":[{\"@type\":\"SearchAction\",\"target\":{\"@type\":\"EntryPoint\",\"urlTemplate\":\"https:\/\/rj-experience.com\/?s={search_term_string}\"},\"query-input\":{\"@type\":\"PropertyValueSpecification\",\"valueRequired\":true,\"valueName\":\"search_term_string\"}}],\"inLanguage\":\"en-US\"},{\"@type\":\"Organization\",\"@id\":\"https:\/\/rj-experience.com\/#organization\",\"name\":\"RJ Exp\u00e9rience\",\"url\":\"https:\/\/rj-experience.com\/\",\"logo\":{\"@type\":\"ImageObject\",\"inLanguage\":\"en-US\",\"@id\":\"https:\/\/rj-experience.com\/#\/schema\/logo\/image\/\",\"url\":\"https:\/\/rj-experience.com\/wp-content\/uploads\/2025\/10\/cropped-ChatGPT-Image-28-oct.-2025-18_28_26.png\",\"contentUrl\":\"https:\/\/rj-experience.com\/wp-content\/uploads\/2025\/10\/cropped-ChatGPT-Image-28-oct.-2025-18_28_26.png\",\"width\":512,\"height\":512,\"caption\":\"RJ Exp\u00e9rience\"},\"image\":{\"@id\":\"https:\/\/rj-experience.com\/#\/schema\/logo\/image\/\"}}]}<\/script>\n<!-- \/ Yoast SEO plugin. -->","yoast_head_json":{"title":"Mamenchisaururus - RJ Exp\u00e9rience","robots":{"index":"index","follow":"follow","max-snippet":"max-snippet:-1","max-image-preview":"max-image-preview:large","max-video-preview":"max-video-preview:-1"},"canonical":"https:\/\/rj-experience.com\/index.php\/mamenchisaururus\/","og_locale":"en_US","og_type":"article","og_title":"Mamenchisaururus - RJ Exp\u00e9rience","og_description":"\u00a0 \u00a0 \u00a0 \u00a0 \u00a0 \u00a0 \u00a0 \u00a0 \u00a0 \u00a0 \u00a0 \u00a0 \u00a0 \u00a0 \u00a0 \u00a0 \u00a0 \u00a0Mamenchisaururus 1.Qui a d\u00e9couvert\u00a0le\u00a0Mamenchisaururus\u00a0? Il a \u00e9t\u00e9 d\u00e9couvert par le pal\u00e9ontologue chinois Yang Zhongjian (aussi appel\u00e9 C. C. Young). 2.Ou \u00e0 t\u2019il trouver le fossile de ce reptile? En Chine, principalement dans la province du Sichuan. 3.Quand il [&hellip;]","og_url":"https:\/\/rj-experience.com\/index.php\/mamenchisaururus\/","og_site_name":"RJ Exp\u00e9rience","article_modified_time":"2026-01-05T16:46:28+00:00","twitter_card":"summary_large_image","twitter_misc":{"Est. reading time":"2 minutes"},"schema":{"@context":"https:\/\/schema.org","@graph":[{"@type":"WebPage","@id":"https:\/\/rj-experience.com\/index.php\/mamenchisaururus\/","url":"https:\/\/rj-experience.com\/index.php\/mamenchisaururus\/","name":"Mamenchisaururus - RJ Exp\u00e9rience","isPartOf":{"@id":"https:\/\/rj-experience.com\/#website"},"datePublished":"2025-07-22T20:56:00+00:00","dateModified":"2026-01-05T16:46:28+00:00","breadcrumb":{"@id":"https:\/\/rj-experience.com\/index.php\/mamenchisaururus\/#breadcrumb"},"inLanguage":"en-US","potentialAction":[{"@type":"ReadAction","target":["https:\/\/rj-experience.com\/index.php\/mamenchisaururus\/"]}]},{"@type":"BreadcrumbList","@id":"https:\/\/rj-experience.com\/index.php\/mamenchisaururus\/#breadcrumb","itemListElement":[{"@type":"ListItem","position":1,"name":"Home","item":"https:\/\/rj-experience.com\/"},{"@type":"ListItem","position":2,"name":"Mamenchisaururus"}]},{"@type":"WebSite","@id":"https:\/\/rj-experience.com\/#website","url":"https:\/\/rj-experience.com\/","name":"RJ Exp\u00e9rience","description":"","publisher":{"@id":"https:\/\/rj-experience.com\/#organization"},"potentialAction":[{"@type":"SearchAction","target":{"@type":"EntryPoint","urlTemplate":"https:\/\/rj-experience.com\/?s={search_term_string}"},"query-input":{"@type":"PropertyValueSpecification","valueRequired":true,"valueName":"search_term_string"}}],"inLanguage":"en-US"},{"@type":"Organization","@id":"https:\/\/rj-experience.com\/#organization","name":"RJ Exp\u00e9rience","url":"https:\/\/rj-experience.com\/","logo":{"@type":"ImageObject","inLanguage":"en-US","@id":"https:\/\/rj-experience.com\/#\/schema\/logo\/image\/","url":"https:\/\/rj-experience.com\/wp-content\/uploads\/2025\/10\/cropped-ChatGPT-Image-28-oct.-2025-18_28_26.png","contentUrl":"https:\/\/rj-experience.com\/wp-content\/uploads\/2025\/10\/cropped-ChatGPT-Image-28-oct.-2025-18_28_26.png","width":512,"height":512,"caption":"RJ Exp\u00e9rience"},"image":{"@id":"https:\/\/rj-experience.com\/#\/schema\/logo\/image\/"}}]}},"_links":{"self":[{"href":"https:\/\/rj-experience.com\/index.php\/wp-json\/wp\/v2\/pages\/565","targetHints":{"allow":["GET"]}}],"collection":[{"href":"https:\/\/rj-experience.com\/index.php\/wp-json\/wp\/v2\/pages"}],"about":[{"href":"https:\/\/rj-experience.com\/index.php\/wp-json\/wp\/v2\/types\/page"}],"author":[{"embeddable":true,"href":"https:\/\/rj-experience.com\/index.php\/wp-json\/wp\/v2\/users\/1"}],"replies":[{"embeddable":true,"href":"https:\/\/rj-experience.com\/index.php\/wp-json\/wp\/v2\/comments?post=565"}],"version-history":[{"count":4,"href":"https:\/\/rj-experience.com\/index.php\/wp-json\/wp\/v2\/pages\/565\/revisions"}],"predecessor-version":[{"id":1757,"href":"https:\/\/rj-experience.com\/index.php\/wp-json\/wp\/v2\/pages\/565\/revisions\/1757"}],"wp:attachment":[{"href":"https:\/\/rj-experience.com\/index.php\/wp-json\/wp\/v2\/media?parent=565"}],"curies":[{"name":"wp","href":"https:\/\/api.w.org\/{rel}","templated":true}]}}