{"id":560,"date":"2025-07-22T20:54:08","date_gmt":"2025-07-22T20:54:08","guid":{"rendered":"https:\/\/rj-experience.com\/?page_id=560"},"modified":"2026-01-05T16:40:20","modified_gmt":"2026-01-05T16:40:20","slug":"camarosaurus","status":"publish","type":"page","link":"https:\/\/rj-experience.com\/index.php\/camarosaurus\/","title":{"rendered":"Camarosaurus"},"content":{"rendered":"\t\t<div data-elementor-type=\"wp-page\" data-elementor-id=\"560\" class=\"elementor elementor-560\">\n\t\t\t\t<div class=\"elementor-element elementor-element-d32cefd e-flex e-con-boxed e-con e-parent\" data-id=\"d32cefd\" data-element_type=\"container\">\n\t\t\t\t\t<div class=\"e-con-inner\">\n\t\t\t\t<div class=\"elementor-element elementor-element-3ca1b88 elementor-widget elementor-widget-text-editor\" data-id=\"3ca1b88\" data-element_type=\"widget\" data-widget_type=\"text-editor.default\">\n\t\t\t\t\t\t\t\t\t<h1><b>&nbsp; &nbsp; &nbsp; &nbsp; &nbsp; &nbsp; &nbsp; &nbsp; &nbsp; &nbsp; &nbsp; &nbsp; &nbsp; &nbsp; &nbsp; &nbsp; &nbsp;Camarosaurus<\/b><\/h1>\n<p>1.Qui a d\u00e9couvert&nbsp;le&nbsp;Camarosaurus&nbsp;?<\/p>\n<p data-start=\"138\" data-end=\"248\">Il a \u00e9t\u00e9 d\u00e9couvert par le pal\u00e9ontologue <strong data-start=\"224\" data-end=\"247\">Edward Drinker Cope<\/strong>.<\/p>\n<p>2.Ou \u00e0 t\u2019il trouver le fossile de ce reptile?<\/p>\n<p><strong data-start=\"306\" data-end=\"324\">Aux \u00c9tats-Unis<\/strong>, surtout dans les \u00c9tats du <strong data-start=\"352\" data-end=\"381\">Colorado, Utah et Wyoming<\/strong>.<\/p>\n<p>3.Quand il a trouve le premier os de ce reptile?<\/p>\n<p>Les premiers fossiles ont \u00e9t\u00e9 d\u00e9couverts en <strong data-start=\"490\" data-end=\"498\">1877<\/strong>.<\/p>\n<p>4.Il est carnivore ou herbivore?<\/p>\n<p><strong data-start=\"545\" data-end=\"558\">Herbivore<\/strong> <img decoding=\"async\" class=\"emoji\" role=\"img\" draggable=\"false\" src=\"https:\/\/s.w.org\/images\/core\/emoji\/17.0.2\/svg\/1f33f.svg\" alt=\"\ud83c\udf3f\"><\/p>\n<p>5.Combien fait sa taille?<\/p>\n<p>Environ <strong data-start=\"608\" data-end=\"634\">18 \u00e0 23 m\u00e8tres de long<\/strong>.<\/p>\n<p>6.Combien p\u00e8se son poids ?<\/p>\n<p>Environ <strong data-start=\"682\" data-end=\"700\">18 \u00e0 20 tonnes<\/strong>.<\/p>\n<p>7.le&nbsp;Camarosaurus&nbsp;vient du cr\u00e9tac\u00e9,du tria ou du jurassique ?<\/p>\n<p>Du <strong data-start=\"780\" data-end=\"804\">Jurassique sup\u00e9rieur<\/strong>.<\/p>\n<p>8.Comment fait la taille du&nbsp;Camarosaurus?<\/p>\n<p><strong data-start=\"861\" data-end=\"886\">Grand et tr\u00e8s robuste<\/strong>, avec un <strong data-start=\"896\" data-end=\"909\">cou \u00e9pais<\/strong>, une <strong data-start=\"915\" data-end=\"929\">t\u00eate large<\/strong> et des pattes solides.<\/p>\n<p>9.De quelle famille appartient&nbsp;le&nbsp;Camarosaurus?<\/p>\n<p data-start=\"954\" data-end=\"1047\">La famille des <strong data-start=\"1028\" data-end=\"1046\">Camarasaurid\u00e9s<\/strong>.<\/p>\n<p>10.Combien \u00e0 v\u00e9cu le Camarosaurus&nbsp;?<\/p>\n<p>On estime qu\u2019il pouvait vivre <strong data-start=\"1134\" data-end=\"1149\">60 \u00e0 80 ans<\/strong> (estimation).<\/p>\n<p>11.Combien fait la taille de ces dents ?<\/p>\n<p data-start=\"1165\" data-end=\"1309\">Des <strong data-start=\"1220\" data-end=\"1271\">dents grandes, \u00e9paisses et en forme de cuill\u00e8re<\/strong>, adapt\u00e9es \u00e0 m\u00e2cher des plantes dures.<\/p>\n<p>12.Quel est sont nom scientifique ?<\/p>\n<p><strong data-start=\"1356\" data-end=\"1379\">Camarasaurus lentus<\/strong> (esp\u00e8ce la plus connue).<\/p>\n<p>13.Combien p\u00e8se son cerveau?<\/p>\n<p data-start=\"1406\" data-end=\"1513\">Environ <strong data-start=\"1454\" data-end=\"1475\">300 \u00e0 400 grammes<\/strong> (tr\u00e8s petit par rapport \u00e0 son corps).<\/p>\n<p>14.Il vit seul ou en troupeau?<\/p>\n<p>Probablement <strong data-start=\"1573\" data-end=\"1588\">en troupeau<\/strong>.<\/p>\n<p>15.Qui est son premier os qui a \u00e9t\u00e9 trouv\u00e9?<\/p>\n<p>Des <strong data-start=\"1650\" data-end=\"1663\">vert\u00e8bres<\/strong>, surtout celles du cou.<\/p>\n<p>16.Quand il le nomme ?<\/p>\n<p>En <strong data-start=\"1730\" data-end=\"1738\">1877<\/strong>.<\/p>\n<p>17.Combien il a de dents?<\/p>\n<p>Environ <strong data-start=\"1790\" data-end=\"1802\">48 dents<\/strong>.<\/p>\n<p>18.Quels sont les autres dinosaures qui vivaient \u00e0 cette \u00e9poque?<\/p>\n<p data-start=\"1805\" data-end=\"1883\">Par exemple :<\/p>\n<ul data-start=\"1884\" data-end=\"1960\">\n<li data-start=\"1884\" data-end=\"1902\">\n<p data-start=\"1886\" data-end=\"1902\"><strong data-start=\"1886\" data-end=\"1900\">Allosaurus<\/strong><\/p>\n<\/li>\n<li data-start=\"1903\" data-end=\"1922\">\n<p data-start=\"1905\" data-end=\"1922\"><strong data-start=\"1905\" data-end=\"1920\">Stegosaurus<\/strong><\/p>\n<\/li>\n<li data-start=\"1923\" data-end=\"1941\">\n<p data-start=\"1925\" data-end=\"1941\"><strong data-start=\"1925\" data-end=\"1939\">Diplodocus<\/strong><\/p>\n<\/li>\n<li data-start=\"1942\" data-end=\"1960\">\n<p data-start=\"1944\" data-end=\"1960\"><strong data-start=\"1944\" data-end=\"1960\">Brontosaurus<\/strong><\/p>\n<\/li>\n<\/ul>\t\t\t\t\t\t\t\t<\/div>\n\t\t\t\t\t<\/div>\n\t\t\t\t<\/div>\n\t\t\t\t<\/div>\n\t\t","protected":false},"excerpt":{"rendered":"<p>&nbsp; &nbsp; &nbsp; &nbsp; &nbsp; &nbsp; &nbsp; &nbsp; &nbsp; &nbsp; &nbsp; &nbsp; &nbsp; &nbsp; &nbsp; &nbsp; &nbsp;Camarosaurus 1.Qui a d\u00e9couvert&nbsp;le&nbsp;Camarosaurus&nbsp;? Il a \u00e9t\u00e9 d\u00e9couvert par le pal\u00e9ontologue Edward Drinker Cope. 2.Ou \u00e0 t\u2019il trouver le fossile de ce reptile? Aux \u00c9tats-Unis, surtout dans les \u00c9tats du Colorado, Utah et Wyoming. 3.Quand il a trouve le [&hellip;]<\/p>\n","protected":false},"author":1,"featured_media":0,"parent":0,"menu_order":0,"comment_status":"closed","ping_status":"closed","template":"","meta":{"footnotes":""},"class_list":["post-560","page","type-page","status-publish","hentry"],"yoast_head":"<!-- This site is optimized with the Yoast SEO plugin v26.2 - https:\/\/yoast.com\/wordpress\/plugins\/seo\/ -->\n<title>Camarosaurus - RJ Exp\u00e9rience<\/title>\n<meta name=\"robots\" content=\"index, follow, max-snippet:-1, max-image-preview:large, max-video-preview:-1\" \/>\n<link rel=\"canonical\" href=\"https:\/\/rj-experience.com\/index.php\/camarosaurus\/\" \/>\n<meta property=\"og:locale\" content=\"en_US\" \/>\n<meta property=\"og:type\" content=\"article\" \/>\n<meta property=\"og:title\" content=\"Camarosaurus - RJ Exp\u00e9rience\" \/>\n<meta property=\"og:description\" content=\"&nbsp; &nbsp; &nbsp; &nbsp; &nbsp; &nbsp; &nbsp; &nbsp; &nbsp; &nbsp; &nbsp; &nbsp; &nbsp; &nbsp; &nbsp; &nbsp; &nbsp;Camarosaurus 1.Qui a d\u00e9couvert&nbsp;le&nbsp;Camarosaurus&nbsp;? Il a \u00e9t\u00e9 d\u00e9couvert par le pal\u00e9ontologue Edward Drinker Cope. 2.Ou \u00e0 t\u2019il trouver le fossile de ce reptile? Aux \u00c9tats-Unis, surtout dans les \u00c9tats du Colorado, Utah et Wyoming. 3.Quand il a trouve le [&hellip;]\" \/>\n<meta property=\"og:url\" content=\"https:\/\/rj-experience.com\/index.php\/camarosaurus\/\" \/>\n<meta property=\"og:site_name\" content=\"RJ Exp\u00e9rience\" \/>\n<meta property=\"article:modified_time\" content=\"2026-01-05T16:40:20+00:00\" \/>\n<meta property=\"og:image\" content=\"https:\/\/s.w.org\/images\/core\/emoji\/17.0.2\/svg\/1f33f.svg\" \/>\n<meta name=\"twitter:card\" content=\"summary_large_image\" \/>\n<meta name=\"twitter:label1\" content=\"Est. reading time\" \/>\n\t<meta name=\"twitter:data1\" content=\"2 minutes\" \/>\n<script type=\"application\/ld+json\" class=\"yoast-schema-graph\">{\"@context\":\"https:\/\/schema.org\",\"@graph\":[{\"@type\":\"WebPage\",\"@id\":\"https:\/\/rj-experience.com\/index.php\/camarosaurus\/\",\"url\":\"https:\/\/rj-experience.com\/index.php\/camarosaurus\/\",\"name\":\"Camarosaurus - RJ Exp\u00e9rience\",\"isPartOf\":{\"@id\":\"https:\/\/rj-experience.com\/#website\"},\"primaryImageOfPage\":{\"@id\":\"https:\/\/rj-experience.com\/index.php\/camarosaurus\/#primaryimage\"},\"image\":{\"@id\":\"https:\/\/rj-experience.com\/index.php\/camarosaurus\/#primaryimage\"},\"thumbnailUrl\":\"https:\/\/s.w.org\/images\/core\/emoji\/17.0.2\/svg\/1f33f.svg\",\"datePublished\":\"2025-07-22T20:54:08+00:00\",\"dateModified\":\"2026-01-05T16:40:20+00:00\",\"breadcrumb\":{\"@id\":\"https:\/\/rj-experience.com\/index.php\/camarosaurus\/#breadcrumb\"},\"inLanguage\":\"en-US\",\"potentialAction\":[{\"@type\":\"ReadAction\",\"target\":[\"https:\/\/rj-experience.com\/index.php\/camarosaurus\/\"]}]},{\"@type\":\"ImageObject\",\"inLanguage\":\"en-US\",\"@id\":\"https:\/\/rj-experience.com\/index.php\/camarosaurus\/#primaryimage\",\"url\":\"https:\/\/s.w.org\/images\/core\/emoji\/17.0.2\/svg\/1f33f.svg\",\"contentUrl\":\"https:\/\/s.w.org\/images\/core\/emoji\/17.0.2\/svg\/1f33f.svg\"},{\"@type\":\"BreadcrumbList\",\"@id\":\"https:\/\/rj-experience.com\/index.php\/camarosaurus\/#breadcrumb\",\"itemListElement\":[{\"@type\":\"ListItem\",\"position\":1,\"name\":\"Home\",\"item\":\"https:\/\/rj-experience.com\/\"},{\"@type\":\"ListItem\",\"position\":2,\"name\":\"Camarosaurus\"}]},{\"@type\":\"WebSite\",\"@id\":\"https:\/\/rj-experience.com\/#website\",\"url\":\"https:\/\/rj-experience.com\/\",\"name\":\"RJ Exp\u00e9rience\",\"description\":\"\",\"publisher\":{\"@id\":\"https:\/\/rj-experience.com\/#organization\"},\"potentialAction\":[{\"@type\":\"SearchAction\",\"target\":{\"@type\":\"EntryPoint\",\"urlTemplate\":\"https:\/\/rj-experience.com\/?s={search_term_string}\"},\"query-input\":{\"@type\":\"PropertyValueSpecification\",\"valueRequired\":true,\"valueName\":\"search_term_string\"}}],\"inLanguage\":\"en-US\"},{\"@type\":\"Organization\",\"@id\":\"https:\/\/rj-experience.com\/#organization\",\"name\":\"RJ Exp\u00e9rience\",\"url\":\"https:\/\/rj-experience.com\/\",\"logo\":{\"@type\":\"ImageObject\",\"inLanguage\":\"en-US\",\"@id\":\"https:\/\/rj-experience.com\/#\/schema\/logo\/image\/\",\"url\":\"https:\/\/rj-experience.com\/wp-content\/uploads\/2025\/10\/cropped-ChatGPT-Image-28-oct.-2025-18_28_26.png\",\"contentUrl\":\"https:\/\/rj-experience.com\/wp-content\/uploads\/2025\/10\/cropped-ChatGPT-Image-28-oct.-2025-18_28_26.png\",\"width\":512,\"height\":512,\"caption\":\"RJ Exp\u00e9rience\"},\"image\":{\"@id\":\"https:\/\/rj-experience.com\/#\/schema\/logo\/image\/\"}}]}<\/script>\n<!-- \/ Yoast SEO plugin. -->","yoast_head_json":{"title":"Camarosaurus - RJ Exp\u00e9rience","robots":{"index":"index","follow":"follow","max-snippet":"max-snippet:-1","max-image-preview":"max-image-preview:large","max-video-preview":"max-video-preview:-1"},"canonical":"https:\/\/rj-experience.com\/index.php\/camarosaurus\/","og_locale":"en_US","og_type":"article","og_title":"Camarosaurus - RJ Exp\u00e9rience","og_description":"&nbsp; &nbsp; &nbsp; &nbsp; &nbsp; &nbsp; &nbsp; &nbsp; &nbsp; &nbsp; &nbsp; &nbsp; &nbsp; &nbsp; &nbsp; &nbsp; &nbsp;Camarosaurus 1.Qui a d\u00e9couvert&nbsp;le&nbsp;Camarosaurus&nbsp;? Il a \u00e9t\u00e9 d\u00e9couvert par le pal\u00e9ontologue Edward Drinker Cope. 2.Ou \u00e0 t\u2019il trouver le fossile de ce reptile? Aux \u00c9tats-Unis, surtout dans les \u00c9tats du Colorado, Utah et Wyoming. 3.Quand il a trouve le [&hellip;]","og_url":"https:\/\/rj-experience.com\/index.php\/camarosaurus\/","og_site_name":"RJ Exp\u00e9rience","article_modified_time":"2026-01-05T16:40:20+00:00","og_image":[{"url":"https:\/\/s.w.org\/images\/core\/emoji\/17.0.2\/svg\/1f33f.svg","type":"","width":"","height":""}],"twitter_card":"summary_large_image","twitter_misc":{"Est. reading time":"2 minutes"},"schema":{"@context":"https:\/\/schema.org","@graph":[{"@type":"WebPage","@id":"https:\/\/rj-experience.com\/index.php\/camarosaurus\/","url":"https:\/\/rj-experience.com\/index.php\/camarosaurus\/","name":"Camarosaurus - RJ Exp\u00e9rience","isPartOf":{"@id":"https:\/\/rj-experience.com\/#website"},"primaryImageOfPage":{"@id":"https:\/\/rj-experience.com\/index.php\/camarosaurus\/#primaryimage"},"image":{"@id":"https:\/\/rj-experience.com\/index.php\/camarosaurus\/#primaryimage"},"thumbnailUrl":"https:\/\/s.w.org\/images\/core\/emoji\/17.0.2\/svg\/1f33f.svg","datePublished":"2025-07-22T20:54:08+00:00","dateModified":"2026-01-05T16:40:20+00:00","breadcrumb":{"@id":"https:\/\/rj-experience.com\/index.php\/camarosaurus\/#breadcrumb"},"inLanguage":"en-US","potentialAction":[{"@type":"ReadAction","target":["https:\/\/rj-experience.com\/index.php\/camarosaurus\/"]}]},{"@type":"ImageObject","inLanguage":"en-US","@id":"https:\/\/rj-experience.com\/index.php\/camarosaurus\/#primaryimage","url":"https:\/\/s.w.org\/images\/core\/emoji\/17.0.2\/svg\/1f33f.svg","contentUrl":"https:\/\/s.w.org\/images\/core\/emoji\/17.0.2\/svg\/1f33f.svg"},{"@type":"BreadcrumbList","@id":"https:\/\/rj-experience.com\/index.php\/camarosaurus\/#breadcrumb","itemListElement":[{"@type":"ListItem","position":1,"name":"Home","item":"https:\/\/rj-experience.com\/"},{"@type":"ListItem","position":2,"name":"Camarosaurus"}]},{"@type":"WebSite","@id":"https:\/\/rj-experience.com\/#website","url":"https:\/\/rj-experience.com\/","name":"RJ Exp\u00e9rience","description":"","publisher":{"@id":"https:\/\/rj-experience.com\/#organization"},"potentialAction":[{"@type":"SearchAction","target":{"@type":"EntryPoint","urlTemplate":"https:\/\/rj-experience.com\/?s={search_term_string}"},"query-input":{"@type":"PropertyValueSpecification","valueRequired":true,"valueName":"search_term_string"}}],"inLanguage":"en-US"},{"@type":"Organization","@id":"https:\/\/rj-experience.com\/#organization","name":"RJ Exp\u00e9rience","url":"https:\/\/rj-experience.com\/","logo":{"@type":"ImageObject","inLanguage":"en-US","@id":"https:\/\/rj-experience.com\/#\/schema\/logo\/image\/","url":"https:\/\/rj-experience.com\/wp-content\/uploads\/2025\/10\/cropped-ChatGPT-Image-28-oct.-2025-18_28_26.png","contentUrl":"https:\/\/rj-experience.com\/wp-content\/uploads\/2025\/10\/cropped-ChatGPT-Image-28-oct.-2025-18_28_26.png","width":512,"height":512,"caption":"RJ Exp\u00e9rience"},"image":{"@id":"https:\/\/rj-experience.com\/#\/schema\/logo\/image\/"}}]}},"_links":{"self":[{"href":"https:\/\/rj-experience.com\/index.php\/wp-json\/wp\/v2\/pages\/560","targetHints":{"allow":["GET"]}}],"collection":[{"href":"https:\/\/rj-experience.com\/index.php\/wp-json\/wp\/v2\/pages"}],"about":[{"href":"https:\/\/rj-experience.com\/index.php\/wp-json\/wp\/v2\/types\/page"}],"author":[{"embeddable":true,"href":"https:\/\/rj-experience.com\/index.php\/wp-json\/wp\/v2\/users\/1"}],"replies":[{"embeddable":true,"href":"https:\/\/rj-experience.com\/index.php\/wp-json\/wp\/v2\/comments?post=560"}],"version-history":[{"count":4,"href":"https:\/\/rj-experience.com\/index.php\/wp-json\/wp\/v2\/pages\/560\/revisions"}],"predecessor-version":[{"id":1754,"href":"https:\/\/rj-experience.com\/index.php\/wp-json\/wp\/v2\/pages\/560\/revisions\/1754"}],"wp:attachment":[{"href":"https:\/\/rj-experience.com\/index.php\/wp-json\/wp\/v2\/media?parent=560"}],"curies":[{"name":"wp","href":"https:\/\/api.w.org\/{rel}","templated":true}]}}