{"id":555,"date":"2025-07-22T20:52:47","date_gmt":"2025-07-22T20:52:47","guid":{"rendered":"https:\/\/rj-experience.com\/?page_id=555"},"modified":"2026-01-05T16:34:52","modified_gmt":"2026-01-05T16:34:52","slug":"brontosaurus","status":"publish","type":"page","link":"https:\/\/rj-experience.com\/index.php\/brontosaurus\/","title":{"rendered":"Brontosaurus"},"content":{"rendered":"\t\t<div data-elementor-type=\"wp-page\" data-elementor-id=\"555\" class=\"elementor elementor-555\">\n\t\t\t\t<div class=\"elementor-element elementor-element-ee645a9 e-flex e-con-boxed e-con e-parent\" data-id=\"ee645a9\" data-element_type=\"container\">\n\t\t\t\t\t<div class=\"e-con-inner\">\n\t\t\t\t<div class=\"elementor-element elementor-element-b022750 elementor-widget elementor-widget-text-editor\" data-id=\"b022750\" data-element_type=\"widget\" data-widget_type=\"text-editor.default\">\n\t\t\t\t\t\t\t\t\t<h1><b>\u00a0 \u00a0 \u00a0 \u00a0 \u00a0 \u00a0 \u00a0 \u00a0 \u00a0 \u00a0 \u00a0 \u00a0 \u00a0 \u00a0 \u00a0 \u00a0 Brontosaurus<\/b><\/h1><p>1.Qui a d\u00e9couvert\u00a0le\u00a0Brontosaurus\u00a0?<\/p><p>Il a \u00e9t\u00e9 d\u00e9couvert par le pal\u00e9ontologue <strong data-start=\"227\" data-end=\"252\">Othniel Charles Marsh<\/strong>.<\/p><p>2.Ou \u00e0 t\u2019il trouver le fossile de ce reptile?<\/p><p><strong data-start=\"311\" data-end=\"329\">Aux \u00c9tats-Unis<\/strong>, surtout dans l\u2019\u00c9tat du <strong data-start=\"354\" data-end=\"365\">Wyoming<\/strong>.<\/p><p>3.Quand il a trouve le premier os de ce reptile?<\/p><p>Les premiers fossiles ont \u00e9t\u00e9 d\u00e9couverts en <strong data-start=\"474\" data-end=\"482\">1877<\/strong>.<\/p><p>4.Il est carnivore ou herbivore?<\/p><p><strong data-start=\"529\" data-end=\"542\">Herbivore<\/strong> \ud83c\udf3f<\/p><p>5.Combien fait sa taille?<\/p><p>Environ <strong data-start=\"592\" data-end=\"613\">22 m\u00e8tres de long<\/strong>.<\/p><p>6.Combien p\u00e8se son poids ?<\/p><p>Environ <strong data-start=\"661\" data-end=\"679\">15 \u00e0 17 tonnes<\/strong>.<\/p><p>7.le\u00a0Brontosaurusvient du cr\u00e9tac\u00e9,du tria ou du jurassique ?<\/p><p>Il vivait au <strong data-start=\"769\" data-end=\"793\">Jurassique sup\u00e9rieur<\/strong>.<\/p><p>8.Comment fait la taille du\u00a0Brontosaurus\u00a0?<\/p><p><strong data-start=\"850\" data-end=\"874\">Tr\u00e8s grand et massif<\/strong>, avec un <strong data-start=\"884\" data-end=\"896\">long cou<\/strong>, une <strong data-start=\"902\" data-end=\"918\">longue queue<\/strong> et des pattes \u00e9paisses.<\/p><p>9.De quelle famille appartient\u00a0le\u00a0Brontosaurus\u00a0?<\/p><p>La famille des <strong data-start=\"1018\" data-end=\"1034\">Diplodocid\u00e9s<\/strong>.<\/p><p>10.Combien \u00e0 v\u00e9cu le Brontosaurus?<\/p><p>On estime qu\u2019il pouvait vivre <strong data-start=\"1122\" data-end=\"1138\">70 \u00e0 100 ans<\/strong> (estimation scientifique).<\/p><p>11.Combien fait la taille de ces dents ?<\/p><p data-start=\"1167\" data-end=\"1276\">De <strong data-start=\"1221\" data-end=\"1259\">petites dents en forme de cuill\u00e8re<\/strong>, peu nombreuses.<\/p><p>12.Quel est sont nom scientifique ?<\/p><p>Brontosaurus excelsus<\/p><p>13.Combien p\u00e8se son cerveau?<\/p><p>Tr\u00e8s petit, environ <strong data-start=\"1410\" data-end=\"1425\">300 grammes<\/strong> (estimation).<\/p><p>14.Il vit seul ou en troupeau?<\/p><p data-start=\"1441\" data-end=\"1548\">Probablement <strong data-start=\"1499\" data-end=\"1514\">en troupeau<\/strong>, pour se prot\u00e9ger des pr\u00e9dateurs.<\/p><p>15.Qui est son premier os qui a \u00e9t\u00e9 trouv\u00e9?<\/p><p data-start=\"1550\" data-end=\"1643\">Des <strong data-start=\"1609\" data-end=\"1642\">vert\u00e8bres et des os de pattes<\/strong>.<\/p><p>16.Quand il le nomme ?<\/p><div class=\"flex flex-col text-sm pb-25\"><article class=\"text-token-text-primary w-full focus:outline-none [--shadow-height:45px] has-data-writing-block:pointer-events-none has-data-writing-block:-mt-(--shadow-height) has-data-writing-block:pt-(--shadow-height) [&amp;:has([data-writing-block])&gt;*]:pointer-events-auto scroll-mt-[calc(var(--header-height)+min(200px,max(70px,20svh)))]\" dir=\"auto\" tabindex=\"-1\" data-turn-id=\"request-WEB:9b2917a6-bc01-4726-bcad-89733110f038-2\" data-testid=\"conversation-turn-6\" data-scroll-anchor=\"true\" data-turn=\"assistant\"><div class=\"text-base my-auto mx-auto pb-10 [--thread-content-margin:--spacing(4)] @w-sm\/main:[--thread-content-margin:--spacing(6)] @w-lg\/main:[--thread-content-margin:--spacing(16)] px-(--thread-content-margin)\"><div class=\"[--thread-content-max-width:40rem] @w-lg\/main:[--thread-content-max-width:48rem] mx-auto max-w-(--thread-content-max-width) flex-1 group\/turn-messages focus-visible:outline-hidden relative flex w-full min-w-0 flex-col agent-turn\" tabindex=\"-1\"><div class=\"flex max-w-full flex-col grow\"><div class=\"min-h-8 text-message relative flex w-full flex-col items-end gap-2 text-start break-words whitespace-normal [.text-message+&amp;]:mt-1\" dir=\"auto\" data-message-author-role=\"assistant\" data-message-id=\"6facdc8a-ada1-4955-bd85-26a3bffe7308\" data-message-model-slug=\"gpt-5-2\"><div class=\"flex w-full flex-col gap-1 empty:hidden first:pt-[1px]\"><div class=\"markdown prose dark:prose-invert w-full break-words dark markdown-new-styling\">\u00a0<\/div><\/div><\/div><\/div><\/div><\/div><\/article><\/div><p>En <strong data-start=\"1686\" data-end=\"1694\">1879<\/strong>.<\/p><p>17.Combien il a de dents?<\/p><p>Environ <strong data-start=\"1746\" data-end=\"1763\">20 \u00e0 30 dents<\/strong>.<\/p><p>18.Quels sont les autres dinosaures qui vivaient \u00e0 cette \u00e9poque?<\/p><p data-start=\"1766\" data-end=\"1844\">Par exemple :<\/p><ul data-start=\"1845\" data-end=\"1920\"><li data-start=\"1845\" data-end=\"1863\"><p data-start=\"1847\" data-end=\"1863\"><strong data-start=\"1847\" data-end=\"1861\">Allosaurus<\/strong><\/p><\/li><li data-start=\"1864\" data-end=\"1883\"><p data-start=\"1866\" data-end=\"1883\"><strong data-start=\"1866\" data-end=\"1881\">Stegosaurus<\/strong><\/p><\/li><li data-start=\"1884\" data-end=\"1902\"><p data-start=\"1886\" data-end=\"1902\"><strong data-start=\"1886\" data-end=\"1900\">Diplodocus<\/strong><\/p><\/li><li data-start=\"1903\" data-end=\"1920\"><p data-start=\"1905\" data-end=\"1920\"><strong data-start=\"1905\" data-end=\"1920\">Apatosaurus<\/strong><\/p><\/li><\/ul>\t\t\t\t\t\t\t\t<\/div>\n\t\t\t\t\t<\/div>\n\t\t\t\t<\/div>\n\t\t\t\t<\/div>\n\t\t","protected":false},"excerpt":{"rendered":"<p>\u00a0 \u00a0 \u00a0 \u00a0 \u00a0 \u00a0 \u00a0 \u00a0 \u00a0 \u00a0 \u00a0 \u00a0 \u00a0 \u00a0 \u00a0 \u00a0 Brontosaurus 1.Qui a d\u00e9couvert\u00a0le\u00a0Brontosaurus\u00a0? Il a \u00e9t\u00e9 d\u00e9couvert par le pal\u00e9ontologue Othniel Charles Marsh. 2.Ou \u00e0 t\u2019il trouver le fossile de ce reptile? Aux \u00c9tats-Unis, surtout dans l\u2019\u00c9tat du Wyoming. 3.Quand il a trouve le premier os de ce [&hellip;]<\/p>\n","protected":false},"author":1,"featured_media":0,"parent":0,"menu_order":0,"comment_status":"closed","ping_status":"closed","template":"","meta":{"footnotes":""},"class_list":["post-555","page","type-page","status-publish","hentry"],"yoast_head":"<!-- This site is optimized with the Yoast SEO plugin v26.2 - https:\/\/yoast.com\/wordpress\/plugins\/seo\/ -->\n<title>Brontosaurus - RJ Exp\u00e9rience<\/title>\n<meta name=\"robots\" content=\"index, follow, max-snippet:-1, max-image-preview:large, max-video-preview:-1\" \/>\n<link rel=\"canonical\" href=\"https:\/\/rj-experience.com\/index.php\/brontosaurus\/\" \/>\n<meta property=\"og:locale\" content=\"en_US\" \/>\n<meta property=\"og:type\" content=\"article\" \/>\n<meta property=\"og:title\" content=\"Brontosaurus - RJ Exp\u00e9rience\" \/>\n<meta property=\"og:description\" content=\"\u00a0 \u00a0 \u00a0 \u00a0 \u00a0 \u00a0 \u00a0 \u00a0 \u00a0 \u00a0 \u00a0 \u00a0 \u00a0 \u00a0 \u00a0 \u00a0 Brontosaurus 1.Qui a d\u00e9couvert\u00a0le\u00a0Brontosaurus\u00a0? Il a \u00e9t\u00e9 d\u00e9couvert par le pal\u00e9ontologue Othniel Charles Marsh. 2.Ou \u00e0 t\u2019il trouver le fossile de ce reptile? Aux \u00c9tats-Unis, surtout dans l\u2019\u00c9tat du Wyoming. 3.Quand il a trouve le premier os de ce [&hellip;]\" \/>\n<meta property=\"og:url\" content=\"https:\/\/rj-experience.com\/index.php\/brontosaurus\/\" \/>\n<meta property=\"og:site_name\" content=\"RJ Exp\u00e9rience\" \/>\n<meta property=\"article:modified_time\" content=\"2026-01-05T16:34:52+00:00\" \/>\n<meta name=\"twitter:card\" content=\"summary_large_image\" \/>\n<meta name=\"twitter:label1\" content=\"Est. reading time\" \/>\n\t<meta name=\"twitter:data1\" content=\"2 minutes\" \/>\n<script type=\"application\/ld+json\" class=\"yoast-schema-graph\">{\"@context\":\"https:\/\/schema.org\",\"@graph\":[{\"@type\":\"WebPage\",\"@id\":\"https:\/\/rj-experience.com\/index.php\/brontosaurus\/\",\"url\":\"https:\/\/rj-experience.com\/index.php\/brontosaurus\/\",\"name\":\"Brontosaurus - RJ Exp\u00e9rience\",\"isPartOf\":{\"@id\":\"https:\/\/rj-experience.com\/#website\"},\"datePublished\":\"2025-07-22T20:52:47+00:00\",\"dateModified\":\"2026-01-05T16:34:52+00:00\",\"breadcrumb\":{\"@id\":\"https:\/\/rj-experience.com\/index.php\/brontosaurus\/#breadcrumb\"},\"inLanguage\":\"en-US\",\"potentialAction\":[{\"@type\":\"ReadAction\",\"target\":[\"https:\/\/rj-experience.com\/index.php\/brontosaurus\/\"]}]},{\"@type\":\"BreadcrumbList\",\"@id\":\"https:\/\/rj-experience.com\/index.php\/brontosaurus\/#breadcrumb\",\"itemListElement\":[{\"@type\":\"ListItem\",\"position\":1,\"name\":\"Home\",\"item\":\"https:\/\/rj-experience.com\/\"},{\"@type\":\"ListItem\",\"position\":2,\"name\":\"Brontosaurus\"}]},{\"@type\":\"WebSite\",\"@id\":\"https:\/\/rj-experience.com\/#website\",\"url\":\"https:\/\/rj-experience.com\/\",\"name\":\"RJ Exp\u00e9rience\",\"description\":\"\",\"publisher\":{\"@id\":\"https:\/\/rj-experience.com\/#organization\"},\"potentialAction\":[{\"@type\":\"SearchAction\",\"target\":{\"@type\":\"EntryPoint\",\"urlTemplate\":\"https:\/\/rj-experience.com\/?s={search_term_string}\"},\"query-input\":{\"@type\":\"PropertyValueSpecification\",\"valueRequired\":true,\"valueName\":\"search_term_string\"}}],\"inLanguage\":\"en-US\"},{\"@type\":\"Organization\",\"@id\":\"https:\/\/rj-experience.com\/#organization\",\"name\":\"RJ Exp\u00e9rience\",\"url\":\"https:\/\/rj-experience.com\/\",\"logo\":{\"@type\":\"ImageObject\",\"inLanguage\":\"en-US\",\"@id\":\"https:\/\/rj-experience.com\/#\/schema\/logo\/image\/\",\"url\":\"https:\/\/rj-experience.com\/wp-content\/uploads\/2025\/10\/cropped-ChatGPT-Image-28-oct.-2025-18_28_26.png\",\"contentUrl\":\"https:\/\/rj-experience.com\/wp-content\/uploads\/2025\/10\/cropped-ChatGPT-Image-28-oct.-2025-18_28_26.png\",\"width\":512,\"height\":512,\"caption\":\"RJ Exp\u00e9rience\"},\"image\":{\"@id\":\"https:\/\/rj-experience.com\/#\/schema\/logo\/image\/\"}}]}<\/script>\n<!-- \/ Yoast SEO plugin. -->","yoast_head_json":{"title":"Brontosaurus - RJ Exp\u00e9rience","robots":{"index":"index","follow":"follow","max-snippet":"max-snippet:-1","max-image-preview":"max-image-preview:large","max-video-preview":"max-video-preview:-1"},"canonical":"https:\/\/rj-experience.com\/index.php\/brontosaurus\/","og_locale":"en_US","og_type":"article","og_title":"Brontosaurus - RJ Exp\u00e9rience","og_description":"\u00a0 \u00a0 \u00a0 \u00a0 \u00a0 \u00a0 \u00a0 \u00a0 \u00a0 \u00a0 \u00a0 \u00a0 \u00a0 \u00a0 \u00a0 \u00a0 Brontosaurus 1.Qui a d\u00e9couvert\u00a0le\u00a0Brontosaurus\u00a0? Il a \u00e9t\u00e9 d\u00e9couvert par le pal\u00e9ontologue Othniel Charles Marsh. 2.Ou \u00e0 t\u2019il trouver le fossile de ce reptile? Aux \u00c9tats-Unis, surtout dans l\u2019\u00c9tat du Wyoming. 3.Quand il a trouve le premier os de ce [&hellip;]","og_url":"https:\/\/rj-experience.com\/index.php\/brontosaurus\/","og_site_name":"RJ Exp\u00e9rience","article_modified_time":"2026-01-05T16:34:52+00:00","twitter_card":"summary_large_image","twitter_misc":{"Est. reading time":"2 minutes"},"schema":{"@context":"https:\/\/schema.org","@graph":[{"@type":"WebPage","@id":"https:\/\/rj-experience.com\/index.php\/brontosaurus\/","url":"https:\/\/rj-experience.com\/index.php\/brontosaurus\/","name":"Brontosaurus - RJ Exp\u00e9rience","isPartOf":{"@id":"https:\/\/rj-experience.com\/#website"},"datePublished":"2025-07-22T20:52:47+00:00","dateModified":"2026-01-05T16:34:52+00:00","breadcrumb":{"@id":"https:\/\/rj-experience.com\/index.php\/brontosaurus\/#breadcrumb"},"inLanguage":"en-US","potentialAction":[{"@type":"ReadAction","target":["https:\/\/rj-experience.com\/index.php\/brontosaurus\/"]}]},{"@type":"BreadcrumbList","@id":"https:\/\/rj-experience.com\/index.php\/brontosaurus\/#breadcrumb","itemListElement":[{"@type":"ListItem","position":1,"name":"Home","item":"https:\/\/rj-experience.com\/"},{"@type":"ListItem","position":2,"name":"Brontosaurus"}]},{"@type":"WebSite","@id":"https:\/\/rj-experience.com\/#website","url":"https:\/\/rj-experience.com\/","name":"RJ Exp\u00e9rience","description":"","publisher":{"@id":"https:\/\/rj-experience.com\/#organization"},"potentialAction":[{"@type":"SearchAction","target":{"@type":"EntryPoint","urlTemplate":"https:\/\/rj-experience.com\/?s={search_term_string}"},"query-input":{"@type":"PropertyValueSpecification","valueRequired":true,"valueName":"search_term_string"}}],"inLanguage":"en-US"},{"@type":"Organization","@id":"https:\/\/rj-experience.com\/#organization","name":"RJ Exp\u00e9rience","url":"https:\/\/rj-experience.com\/","logo":{"@type":"ImageObject","inLanguage":"en-US","@id":"https:\/\/rj-experience.com\/#\/schema\/logo\/image\/","url":"https:\/\/rj-experience.com\/wp-content\/uploads\/2025\/10\/cropped-ChatGPT-Image-28-oct.-2025-18_28_26.png","contentUrl":"https:\/\/rj-experience.com\/wp-content\/uploads\/2025\/10\/cropped-ChatGPT-Image-28-oct.-2025-18_28_26.png","width":512,"height":512,"caption":"RJ Exp\u00e9rience"},"image":{"@id":"https:\/\/rj-experience.com\/#\/schema\/logo\/image\/"}}]}},"_links":{"self":[{"href":"https:\/\/rj-experience.com\/index.php\/wp-json\/wp\/v2\/pages\/555","targetHints":{"allow":["GET"]}}],"collection":[{"href":"https:\/\/rj-experience.com\/index.php\/wp-json\/wp\/v2\/pages"}],"about":[{"href":"https:\/\/rj-experience.com\/index.php\/wp-json\/wp\/v2\/types\/page"}],"author":[{"embeddable":true,"href":"https:\/\/rj-experience.com\/index.php\/wp-json\/wp\/v2\/users\/1"}],"replies":[{"embeddable":true,"href":"https:\/\/rj-experience.com\/index.php\/wp-json\/wp\/v2\/comments?post=555"}],"version-history":[{"count":4,"href":"https:\/\/rj-experience.com\/index.php\/wp-json\/wp\/v2\/pages\/555\/revisions"}],"predecessor-version":[{"id":1751,"href":"https:\/\/rj-experience.com\/index.php\/wp-json\/wp\/v2\/pages\/555\/revisions\/1751"}],"wp:attachment":[{"href":"https:\/\/rj-experience.com\/index.php\/wp-json\/wp\/v2\/media?parent=555"}],"curies":[{"name":"wp","href":"https:\/\/api.w.org\/{rel}","templated":true}]}}