{"id":534,"date":"2025-07-22T20:44:22","date_gmt":"2025-07-22T20:44:22","guid":{"rendered":"https:\/\/rj-experience.com\/?page_id=534"},"modified":"2025-07-29T14:00:36","modified_gmt":"2025-07-29T14:00:36","slug":"diplodocus-2","status":"publish","type":"page","link":"https:\/\/rj-experience.com\/index.php\/diplodocus-2\/","title":{"rendered":"Diplodocus"},"content":{"rendered":"\t\t<div data-elementor-type=\"wp-page\" data-elementor-id=\"534\" class=\"elementor elementor-534\">\n\t\t\t\t<div class=\"elementor-element elementor-element-ec226e6 e-flex e-con-boxed e-con e-parent\" data-id=\"ec226e6\" data-element_type=\"container\">\n\t\t\t\t\t<div class=\"e-con-inner\">\n\t\t\t\t<div class=\"elementor-element elementor-element-3b30a7e elementor-widget elementor-widget-text-editor\" data-id=\"3b30a7e\" data-element_type=\"widget\" data-widget_type=\"text-editor.default\">\n\t\t\t\t\t\t\t\t\t<h2>\u00a0 \u00a0 \u00a0 \u00a0 \u00a0 \u00a0 \u00a0 \u00a0 \u00a0 \u00a0 \u00a0 \u00a0 Diplodocus<\/h2><p>1.Qui a d\u00e9couvert le Diplodocus?<\/p><p data-start=\"120\" data-end=\"205\">Le Diplodocus a \u00e9t\u00e9 d\u00e9couvert par <strong data-start=\"154\" data-end=\"172\">Benjamin Mudge<\/strong> et <strong data-start=\"176\" data-end=\"204\">Samuel Wendell Williston<\/strong>.<\/p><p>2.Ou \u00e0 t\u2019il trouver le fossile de ce reptile?<\/p><p data-start=\"269\" data-end=\"379\">Le premier fossile a \u00e9t\u00e9 trouv\u00e9 dans le <strong data-start=\"309\" data-end=\"321\">Colorado<\/strong>, aux <strong data-start=\"327\" data-end=\"341\">\u00c9tats-Unis<\/strong>, dans les <strong data-start=\"352\" data-end=\"378\">formations de Morrison<\/strong>.<\/p><p>3.Quand il a trouv\u00e9 le premier os de ce reptile?<\/p><p data-start=\"269\" data-end=\"379\">Le premier fossile a \u00e9t\u00e9 trouv\u00e9 en <strong data-start=\"482\" data-end=\"490\">1877<\/strong>.<\/p><p>4.Il est carnivore ou herbivore?<\/p><p>Le Diplodocus est <strong data-start=\"561\" data-end=\"574\">herbivore<\/strong> (il mangeait des plantes).<\/p><p>5.Combien fait sa taille?<\/p><p data-start=\"646\" data-end=\"747\">Il mesurait en moyenne entre <strong data-start=\"675\" data-end=\"694\">25 et 27 m\u00e8tres<\/strong>, certains pouvaient atteindre <strong data-start=\"725\" data-end=\"746\">30 m\u00e8tres de long<\/strong>.<\/p><p>6.Combien p\u00e8se son poids ?<\/p><p>Il pesait environ <strong data-start=\"810\" data-end=\"828\">10 \u00e0 16 tonnes<\/strong> (certains scientifiques estiment jusqu\u2019\u00e0 20 tonnes).<\/p><p>7.Le Diplodocus vient du cr\u00e9tac\u00e9,du tria ou du jurassique ?<\/p><p data-start=\"961\" data-end=\"1054\">Il vivait durant le <strong data-start=\"981\" data-end=\"1005\">Jurassique sup\u00e9rieur<\/strong>, il y a environ <strong data-start=\"1022\" data-end=\"1053\">154 \u00e0 150 millions d\u2019ann\u00e9es<\/strong>.<\/p><p>8.De quelle famille appartient le\u00a0 Diplodocus ?<\/p><p>Il appartient \u00e0 la famille des <strong data-start=\"1150\" data-end=\"1166\">Diplodocidae<\/strong>.<\/p><p>9.Combien \u00e0 v\u00e9cu le Diplodocus ?<\/p><p data-start=\"1218\" data-end=\"1272\">On estime qu\u2019il pouvait vivre environ <strong data-start=\"1256\" data-end=\"1271\">70 \u00e0 80 ans<\/strong>.<\/p><p>10.Combien fait la taille de ces dents ?<\/p><p data-start=\"1331\" data-end=\"1405\">Ses dents \u00e9taient petites, mesurant environ <strong data-start=\"1375\" data-end=\"1396\">2 \u00e0 3 centim\u00e8tres<\/strong> de long.<\/p><p>11.Quel est sont nom scientifique ?<\/p><p data-start=\"1458\" data-end=\"1545\">Son nom scientifique est <strong data-start=\"1483\" data-end=\"1504\">Diplodocus longus<\/strong> (il existe aussi <em data-start=\"1522\" data-end=\"1543\">Diplodocus carnegii<\/em>).\u00a0<\/p><p>12.Combien p\u00e8se son cerveau ?<\/p><p>Son cerveau pesait environ <strong data-start=\"1620\" data-end=\"1635\">100 grammes<\/strong>, ce qui est tr\u00e8s petit pour un animal aussi grand.<\/p><p>13.Il vit seul ou en troupeau ?<\/p><p>Les scientifiques pensent qu\u2019il <strong data-start=\"1768\" data-end=\"1790\">vivait en troupeau<\/strong>, comme d&#8217;autres sauropodes, pour se prot\u00e9ger des pr\u00e9dateurs.<\/p><p>14.Qui est son premier os qui a \u00e9t\u00e9 trouv\u00e9?<\/p><p>Le premier os d\u00e9couvert \u00e9tait une partie de <strong data-start=\"1959\" data-end=\"1971\">la queue<\/strong> (vert\u00e8bres caudales).<\/p><p>15.Quand il le nomme ?<\/p><p>Le nom <em data-start=\"2041\" data-end=\"2053\">Diplodocus<\/em> a \u00e9t\u00e9 donn\u00e9 en <strong data-start=\"2069\" data-end=\"2077\">1878<\/strong> par le pal\u00e9ontologue <strong data-start=\"2099\" data-end=\"2124\">Othniel Charles Marsh<\/strong>.<\/p><p>16.Combien il a de dents?<\/p><p data-start=\"2170\" data-end=\"2267\">Il avait environ <strong data-start=\"2187\" data-end=\"2204\">40 \u00e0 60 dents<\/strong>, surtout \u00e0 l\u2019avant de sa m\u00e2choire, pour arracher les feuilles.<\/p><p>17.Quels sont les autres dinosaures qui vivaient \u00e0 cette \u00e9poque ?<\/p><p data-start=\"2351\" data-end=\"2417\">Voici quelques dinosaures ayant v\u00e9cu au <strong data-start=\"2391\" data-end=\"2415\">Jurassique sup\u00e9rieur<\/strong> :<\/p><ul data-start=\"2419\" data-end=\"2586\"><li data-start=\"2419\" data-end=\"2447\"><p data-start=\"2421\" data-end=\"2447\"><strong data-start=\"2421\" data-end=\"2435\">Allosaurus<\/strong> (pr\u00e9dateur)<\/p><\/li><li data-start=\"2448\" data-end=\"2505\"><p data-start=\"2450\" data-end=\"2505\"><strong data-start=\"2450\" data-end=\"2465\">Stegosaurus<\/strong> (herbivore avec des plaques sur le dos)<\/p><\/li><li data-start=\"2506\" data-end=\"2549\"><p data-start=\"2508\" data-end=\"2549\"><strong data-start=\"2508\" data-end=\"2525\">Brachiosaurus<\/strong> (grand sauropode aussi)<\/p><\/li><li data-start=\"2550\" data-end=\"2567\"><p data-start=\"2552\" data-end=\"2567\"><strong data-start=\"2552\" data-end=\"2567\">Apatosaurus<\/strong><\/p><\/li><li data-start=\"2568\" data-end=\"2586\"><p data-start=\"2570\" data-end=\"2586\"><strong data-start=\"2570\" data-end=\"2586\">Camarasaurus<\/strong><\/p><\/li><\/ul><p>\u00a0<\/p>\t\t\t\t\t\t\t\t<\/div>\n\t\t\t\t\t<\/div>\n\t\t\t\t<\/div>\n\t\t\t\t<\/div>\n\t\t","protected":false},"excerpt":{"rendered":"<p>\u00a0 \u00a0 \u00a0 \u00a0 \u00a0 \u00a0 \u00a0 \u00a0 \u00a0 \u00a0 \u00a0 \u00a0 Diplodocus 1.Qui a d\u00e9couvert le Diplodocus? Le Diplodocus a \u00e9t\u00e9 d\u00e9couvert par Benjamin Mudge et Samuel Wendell Williston. 2.Ou \u00e0 t\u2019il trouver le fossile de ce reptile? Le premier fossile a \u00e9t\u00e9 trouv\u00e9 dans le Colorado, aux \u00c9tats-Unis, dans les formations de Morrison. [&hellip;]<\/p>\n","protected":false},"author":1,"featured_media":0,"parent":0,"menu_order":0,"comment_status":"closed","ping_status":"closed","template":"","meta":{"footnotes":""},"class_list":["post-534","page","type-page","status-publish","hentry"],"yoast_head":"<!-- This site is optimized with the Yoast SEO plugin v26.2 - https:\/\/yoast.com\/wordpress\/plugins\/seo\/ -->\n<title>Diplodocus - RJ Exp\u00e9rience<\/title>\n<meta name=\"robots\" content=\"index, follow, max-snippet:-1, max-image-preview:large, max-video-preview:-1\" \/>\n<link rel=\"canonical\" href=\"https:\/\/rj-experience.com\/index.php\/diplodocus-2\/\" \/>\n<meta property=\"og:locale\" content=\"en_US\" \/>\n<meta property=\"og:type\" content=\"article\" \/>\n<meta property=\"og:title\" content=\"Diplodocus - RJ Exp\u00e9rience\" \/>\n<meta property=\"og:description\" content=\"\u00a0 \u00a0 \u00a0 \u00a0 \u00a0 \u00a0 \u00a0 \u00a0 \u00a0 \u00a0 \u00a0 \u00a0 Diplodocus 1.Qui a d\u00e9couvert le Diplodocus? Le Diplodocus a \u00e9t\u00e9 d\u00e9couvert par Benjamin Mudge et Samuel Wendell Williston. 2.Ou \u00e0 t\u2019il trouver le fossile de ce reptile? Le premier fossile a \u00e9t\u00e9 trouv\u00e9 dans le Colorado, aux \u00c9tats-Unis, dans les formations de Morrison. [&hellip;]\" \/>\n<meta property=\"og:url\" content=\"https:\/\/rj-experience.com\/index.php\/diplodocus-2\/\" \/>\n<meta property=\"og:site_name\" content=\"RJ Exp\u00e9rience\" \/>\n<meta property=\"article:modified_time\" content=\"2025-07-29T14:00:36+00:00\" \/>\n<meta name=\"twitter:card\" content=\"summary_large_image\" \/>\n<meta name=\"twitter:label1\" content=\"Est. reading time\" \/>\n\t<meta name=\"twitter:data1\" content=\"2 minutes\" \/>\n<script type=\"application\/ld+json\" class=\"yoast-schema-graph\">{\"@context\":\"https:\/\/schema.org\",\"@graph\":[{\"@type\":\"WebPage\",\"@id\":\"https:\/\/rj-experience.com\/index.php\/diplodocus-2\/\",\"url\":\"https:\/\/rj-experience.com\/index.php\/diplodocus-2\/\",\"name\":\"Diplodocus - RJ Exp\u00e9rience\",\"isPartOf\":{\"@id\":\"https:\/\/rj-experience.com\/#website\"},\"datePublished\":\"2025-07-22T20:44:22+00:00\",\"dateModified\":\"2025-07-29T14:00:36+00:00\",\"breadcrumb\":{\"@id\":\"https:\/\/rj-experience.com\/index.php\/diplodocus-2\/#breadcrumb\"},\"inLanguage\":\"en-US\",\"potentialAction\":[{\"@type\":\"ReadAction\",\"target\":[\"https:\/\/rj-experience.com\/index.php\/diplodocus-2\/\"]}]},{\"@type\":\"BreadcrumbList\",\"@id\":\"https:\/\/rj-experience.com\/index.php\/diplodocus-2\/#breadcrumb\",\"itemListElement\":[{\"@type\":\"ListItem\",\"position\":1,\"name\":\"Home\",\"item\":\"https:\/\/rj-experience.com\/\"},{\"@type\":\"ListItem\",\"position\":2,\"name\":\"Diplodocus\"}]},{\"@type\":\"WebSite\",\"@id\":\"https:\/\/rj-experience.com\/#website\",\"url\":\"https:\/\/rj-experience.com\/\",\"name\":\"RJ Exp\u00e9rience\",\"description\":\"\",\"publisher\":{\"@id\":\"https:\/\/rj-experience.com\/#organization\"},\"potentialAction\":[{\"@type\":\"SearchAction\",\"target\":{\"@type\":\"EntryPoint\",\"urlTemplate\":\"https:\/\/rj-experience.com\/?s={search_term_string}\"},\"query-input\":{\"@type\":\"PropertyValueSpecification\",\"valueRequired\":true,\"valueName\":\"search_term_string\"}}],\"inLanguage\":\"en-US\"},{\"@type\":\"Organization\",\"@id\":\"https:\/\/rj-experience.com\/#organization\",\"name\":\"RJ Exp\u00e9rience\",\"url\":\"https:\/\/rj-experience.com\/\",\"logo\":{\"@type\":\"ImageObject\",\"inLanguage\":\"en-US\",\"@id\":\"https:\/\/rj-experience.com\/#\/schema\/logo\/image\/\",\"url\":\"https:\/\/rj-experience.com\/wp-content\/uploads\/2025\/10\/cropped-ChatGPT-Image-28-oct.-2025-18_28_26.png\",\"contentUrl\":\"https:\/\/rj-experience.com\/wp-content\/uploads\/2025\/10\/cropped-ChatGPT-Image-28-oct.-2025-18_28_26.png\",\"width\":512,\"height\":512,\"caption\":\"RJ Exp\u00e9rience\"},\"image\":{\"@id\":\"https:\/\/rj-experience.com\/#\/schema\/logo\/image\/\"}}]}<\/script>\n<!-- \/ Yoast SEO plugin. -->","yoast_head_json":{"title":"Diplodocus - RJ Exp\u00e9rience","robots":{"index":"index","follow":"follow","max-snippet":"max-snippet:-1","max-image-preview":"max-image-preview:large","max-video-preview":"max-video-preview:-1"},"canonical":"https:\/\/rj-experience.com\/index.php\/diplodocus-2\/","og_locale":"en_US","og_type":"article","og_title":"Diplodocus - RJ Exp\u00e9rience","og_description":"\u00a0 \u00a0 \u00a0 \u00a0 \u00a0 \u00a0 \u00a0 \u00a0 \u00a0 \u00a0 \u00a0 \u00a0 Diplodocus 1.Qui a d\u00e9couvert le Diplodocus? Le Diplodocus a \u00e9t\u00e9 d\u00e9couvert par Benjamin Mudge et Samuel Wendell Williston. 2.Ou \u00e0 t\u2019il trouver le fossile de ce reptile? Le premier fossile a \u00e9t\u00e9 trouv\u00e9 dans le Colorado, aux \u00c9tats-Unis, dans les formations de Morrison. [&hellip;]","og_url":"https:\/\/rj-experience.com\/index.php\/diplodocus-2\/","og_site_name":"RJ Exp\u00e9rience","article_modified_time":"2025-07-29T14:00:36+00:00","twitter_card":"summary_large_image","twitter_misc":{"Est. reading time":"2 minutes"},"schema":{"@context":"https:\/\/schema.org","@graph":[{"@type":"WebPage","@id":"https:\/\/rj-experience.com\/index.php\/diplodocus-2\/","url":"https:\/\/rj-experience.com\/index.php\/diplodocus-2\/","name":"Diplodocus - RJ Exp\u00e9rience","isPartOf":{"@id":"https:\/\/rj-experience.com\/#website"},"datePublished":"2025-07-22T20:44:22+00:00","dateModified":"2025-07-29T14:00:36+00:00","breadcrumb":{"@id":"https:\/\/rj-experience.com\/index.php\/diplodocus-2\/#breadcrumb"},"inLanguage":"en-US","potentialAction":[{"@type":"ReadAction","target":["https:\/\/rj-experience.com\/index.php\/diplodocus-2\/"]}]},{"@type":"BreadcrumbList","@id":"https:\/\/rj-experience.com\/index.php\/diplodocus-2\/#breadcrumb","itemListElement":[{"@type":"ListItem","position":1,"name":"Home","item":"https:\/\/rj-experience.com\/"},{"@type":"ListItem","position":2,"name":"Diplodocus"}]},{"@type":"WebSite","@id":"https:\/\/rj-experience.com\/#website","url":"https:\/\/rj-experience.com\/","name":"RJ Exp\u00e9rience","description":"","publisher":{"@id":"https:\/\/rj-experience.com\/#organization"},"potentialAction":[{"@type":"SearchAction","target":{"@type":"EntryPoint","urlTemplate":"https:\/\/rj-experience.com\/?s={search_term_string}"},"query-input":{"@type":"PropertyValueSpecification","valueRequired":true,"valueName":"search_term_string"}}],"inLanguage":"en-US"},{"@type":"Organization","@id":"https:\/\/rj-experience.com\/#organization","name":"RJ Exp\u00e9rience","url":"https:\/\/rj-experience.com\/","logo":{"@type":"ImageObject","inLanguage":"en-US","@id":"https:\/\/rj-experience.com\/#\/schema\/logo\/image\/","url":"https:\/\/rj-experience.com\/wp-content\/uploads\/2025\/10\/cropped-ChatGPT-Image-28-oct.-2025-18_28_26.png","contentUrl":"https:\/\/rj-experience.com\/wp-content\/uploads\/2025\/10\/cropped-ChatGPT-Image-28-oct.-2025-18_28_26.png","width":512,"height":512,"caption":"RJ Exp\u00e9rience"},"image":{"@id":"https:\/\/rj-experience.com\/#\/schema\/logo\/image\/"}}]}},"_links":{"self":[{"href":"https:\/\/rj-experience.com\/index.php\/wp-json\/wp\/v2\/pages\/534","targetHints":{"allow":["GET"]}}],"collection":[{"href":"https:\/\/rj-experience.com\/index.php\/wp-json\/wp\/v2\/pages"}],"about":[{"href":"https:\/\/rj-experience.com\/index.php\/wp-json\/wp\/v2\/types\/page"}],"author":[{"embeddable":true,"href":"https:\/\/rj-experience.com\/index.php\/wp-json\/wp\/v2\/users\/1"}],"replies":[{"embeddable":true,"href":"https:\/\/rj-experience.com\/index.php\/wp-json\/wp\/v2\/comments?post=534"}],"version-history":[{"count":10,"href":"https:\/\/rj-experience.com\/index.php\/wp-json\/wp\/v2\/pages\/534\/revisions"}],"predecessor-version":[{"id":991,"href":"https:\/\/rj-experience.com\/index.php\/wp-json\/wp\/v2\/pages\/534\/revisions\/991"}],"wp:attachment":[{"href":"https:\/\/rj-experience.com\/index.php\/wp-json\/wp\/v2\/media?parent=534"}],"curies":[{"name":"wp","href":"https:\/\/api.w.org\/{rel}","templated":true}]}}