{"id":529,"date":"2025-07-22T20:41:21","date_gmt":"2025-07-22T20:41:21","guid":{"rendered":"https:\/\/rj-experience.com\/?page_id=529"},"modified":"2025-07-29T13:25:46","modified_gmt":"2025-07-29T13:25:46","slug":"brachisaurus-2","status":"publish","type":"page","link":"https:\/\/rj-experience.com\/index.php\/brachisaurus-2\/","title":{"rendered":"Brachisaurus"},"content":{"rendered":"\t\t<div data-elementor-type=\"wp-page\" data-elementor-id=\"529\" class=\"elementor elementor-529\">\n\t\t\t\t<div class=\"elementor-element elementor-element-4212770 e-flex e-con-boxed e-con e-parent\" data-id=\"4212770\" data-element_type=\"container\">\n\t\t\t\t\t<div class=\"e-con-inner\">\n\t\t\t\t<div class=\"elementor-element elementor-element-681ca33 elementor-widget elementor-widget-text-editor\" data-id=\"681ca33\" data-element_type=\"widget\" data-widget_type=\"text-editor.default\">\n\t\t\t\t\t\t\t\t\t<h2>\u00a0 \u00a0 \u00a0 \u00a0 \u00a0 \u00a0 \u00a0 \u00a0 \u00a0 \u00a0 \u00a0 \u00a0Brachiosaurus<\/h2><p>1.Qui a d\u00e9couvert le Brachiosaurus ?<\/p><p>Il a \u00e9t\u00e9 d\u00e9couvert par <strong>Elmer S. Riggs<\/strong>, un pal\u00e9ontologue am\u00e9ricain.<\/p><p>2.Ou \u00e0 t\u2019il trouver le fossile de ce reptile?<\/p><p>Dans le <strong>Colorado<\/strong>, aux <strong>\u00c9tats-Unis<\/strong>, dans la <strong>formation de Morrison<\/strong>.<\/p><p>3.Quand il a trouve le premier os de ce reptile?<\/p><p>Le premier os de ce reptile a ete trouve \u00a0en <strong>1900.<\/strong><\/p><p>4.Il est carnivore ou herbivore?<\/p><p>Il est <strong>herbivore<\/strong>.<\/p><p>5.Combien fait sa taille?<\/p><p>Environ <strong>22 \u00e0 25 m\u00e8tres de long<\/strong> et jusqu\u2019\u00e0 <strong>13 m\u00e8tres de haut<\/strong> (c&#8217;est l\u2019un des plus hauts dinosaures connus).<\/p><p>6.Combien p\u00e8se son poids ?<\/p><p>Son poids fait environ <strong>30 \u00e0 50 tonnes<\/strong>.<\/p><p>7.Le Brachiosaurus vient du cr\u00e9tac\u00e9,du tria ou du jurassique ?<\/p><p>Il vivait au <strong>Jurassique sup\u00e9rieur<\/strong>, il y a environ <strong>154 \u00e0 150 millions d\u2019ann\u00e9es<\/strong>.<\/p><p>8.De quelle famille appartient le Brachiosaurus ?<\/p><p>Il appartient \u00e0 la famille des <strong>Brachiosaurid\u00e9s<\/strong>, un groupe de sauropodes \u00e0 longues pattes avant.<\/p><p>9.Combien \u00e0 v\u00e9cu le Brachiosaurus ?<\/p><p>Il pouvait vivre entre <strong>80 et 100 ans<\/strong>, comme d\u2019autres grands sauropodes.<\/p><p>10.Combien fait la taille de ces dents ?<\/p><p>Ses dents mesuraient environ <strong>5 \u00e0 10 cm<\/strong>, en forme de cuill\u00e8re, id\u00e9ales pour arracher les feuilles.<\/p><p>11.Quel est sont nom scientifique ?<\/p><p>Son nom scientifique est <strong>Brachiosaurus altithorax<\/strong>.<\/p><p>12.Combien p\u00e8se son cerveau?<\/p><p>Son cerveau pese environ <strong>300 \u00e0 400 grammes<\/strong>, tr\u00e8s petit par rapport \u00e0 sa taille.<\/p><p>13.Il vit seul ou en troupeau?<\/p><p>Il est probable qu\u2019il <strong>vivait en troupeaux<\/strong>, comme la majorit\u00e9 des sauropodes.<\/p><p>14.Qui est son premier os qui a \u00e9t\u00e9 trouv\u00e9?<\/p><p>Des <strong>vert\u00e8bres thoraciques<\/strong>, des <strong>c\u00f4tes<\/strong> et des <strong>os du membre ant\u00e9rieur<\/strong> ont \u00e9t\u00e9 les premiers \u00e9l\u00e9ments d\u00e9couverts.<\/p><p>15.Quand il le nomme ?<\/p><p>Il a \u00e9t\u00e9 nomm\u00e9 en <strong>1903<\/strong> par <strong>Elmer S. Riggs<\/strong>.<\/p><p>16.Combien il a de dents?<\/p><p>Il avait environ <strong>40 \u00e0 50 dents<\/strong>, petites et simples.<\/p><p>17.Quels sont les autres dinosaures qui vivaient \u00e0 cette \u00e9poque ?<\/p><p>Dinosaures du <strong>Jurassique sup\u00e9rieur<\/strong>, formation de Morrison :<\/p><ul><li><strong>Allosaurus<\/strong> (pr\u00e9dateur)<\/li><li><strong>Diplodocus<\/strong><\/li><li><strong>Stegosaurus<\/strong><\/li><li><strong>Apatosaurus<\/strong><\/li><li><strong>Camarasaurus<\/strong><\/li><li><strong>Ceratosaurus<\/strong><\/li><\/ul>\t\t\t\t\t\t\t\t<\/div>\n\t\t\t\t\t<\/div>\n\t\t\t\t<\/div>\n\t\t\t\t<\/div>\n\t\t","protected":false},"excerpt":{"rendered":"<p>\u00a0 \u00a0 \u00a0 \u00a0 \u00a0 \u00a0 \u00a0 \u00a0 \u00a0 \u00a0 \u00a0 \u00a0Brachiosaurus 1.Qui a d\u00e9couvert le Brachiosaurus ? Il a \u00e9t\u00e9 d\u00e9couvert par Elmer S. Riggs, un pal\u00e9ontologue am\u00e9ricain. 2.Ou \u00e0 t\u2019il trouver le fossile de ce reptile? Dans le Colorado, aux \u00c9tats-Unis, dans la formation de Morrison. 3.Quand il a trouve le premier os [&hellip;]<\/p>\n","protected":false},"author":1,"featured_media":0,"parent":0,"menu_order":0,"comment_status":"closed","ping_status":"closed","template":"","meta":{"footnotes":""},"class_list":["post-529","page","type-page","status-publish","hentry"],"yoast_head":"<!-- This site is optimized with the Yoast SEO plugin v26.2 - https:\/\/yoast.com\/wordpress\/plugins\/seo\/ -->\n<title>Brachisaurus - RJ Exp\u00e9rience<\/title>\n<meta name=\"robots\" content=\"index, follow, max-snippet:-1, max-image-preview:large, max-video-preview:-1\" \/>\n<link rel=\"canonical\" href=\"https:\/\/rj-experience.com\/index.php\/brachisaurus-2\/\" \/>\n<meta property=\"og:locale\" content=\"en_US\" \/>\n<meta property=\"og:type\" content=\"article\" \/>\n<meta property=\"og:title\" content=\"Brachisaurus - RJ Exp\u00e9rience\" \/>\n<meta property=\"og:description\" content=\"\u00a0 \u00a0 \u00a0 \u00a0 \u00a0 \u00a0 \u00a0 \u00a0 \u00a0 \u00a0 \u00a0 \u00a0Brachiosaurus 1.Qui a d\u00e9couvert le Brachiosaurus ? Il a \u00e9t\u00e9 d\u00e9couvert par Elmer S. Riggs, un pal\u00e9ontologue am\u00e9ricain. 2.Ou \u00e0 t\u2019il trouver le fossile de ce reptile? Dans le Colorado, aux \u00c9tats-Unis, dans la formation de Morrison. 3.Quand il a trouve le premier os [&hellip;]\" \/>\n<meta property=\"og:url\" content=\"https:\/\/rj-experience.com\/index.php\/brachisaurus-2\/\" \/>\n<meta property=\"og:site_name\" content=\"RJ Exp\u00e9rience\" \/>\n<meta property=\"article:modified_time\" content=\"2025-07-29T13:25:46+00:00\" \/>\n<meta name=\"twitter:card\" content=\"summary_large_image\" \/>\n<meta name=\"twitter:label1\" content=\"Est. reading time\" \/>\n\t<meta name=\"twitter:data1\" content=\"2 minutes\" \/>\n<script type=\"application\/ld+json\" class=\"yoast-schema-graph\">{\"@context\":\"https:\/\/schema.org\",\"@graph\":[{\"@type\":\"WebPage\",\"@id\":\"https:\/\/rj-experience.com\/index.php\/brachisaurus-2\/\",\"url\":\"https:\/\/rj-experience.com\/index.php\/brachisaurus-2\/\",\"name\":\"Brachisaurus - RJ Exp\u00e9rience\",\"isPartOf\":{\"@id\":\"https:\/\/rj-experience.com\/#website\"},\"datePublished\":\"2025-07-22T20:41:21+00:00\",\"dateModified\":\"2025-07-29T13:25:46+00:00\",\"breadcrumb\":{\"@id\":\"https:\/\/rj-experience.com\/index.php\/brachisaurus-2\/#breadcrumb\"},\"inLanguage\":\"en-US\",\"potentialAction\":[{\"@type\":\"ReadAction\",\"target\":[\"https:\/\/rj-experience.com\/index.php\/brachisaurus-2\/\"]}]},{\"@type\":\"BreadcrumbList\",\"@id\":\"https:\/\/rj-experience.com\/index.php\/brachisaurus-2\/#breadcrumb\",\"itemListElement\":[{\"@type\":\"ListItem\",\"position\":1,\"name\":\"Home\",\"item\":\"https:\/\/rj-experience.com\/\"},{\"@type\":\"ListItem\",\"position\":2,\"name\":\"Brachisaurus\"}]},{\"@type\":\"WebSite\",\"@id\":\"https:\/\/rj-experience.com\/#website\",\"url\":\"https:\/\/rj-experience.com\/\",\"name\":\"RJ Exp\u00e9rience\",\"description\":\"\",\"publisher\":{\"@id\":\"https:\/\/rj-experience.com\/#organization\"},\"potentialAction\":[{\"@type\":\"SearchAction\",\"target\":{\"@type\":\"EntryPoint\",\"urlTemplate\":\"https:\/\/rj-experience.com\/?s={search_term_string}\"},\"query-input\":{\"@type\":\"PropertyValueSpecification\",\"valueRequired\":true,\"valueName\":\"search_term_string\"}}],\"inLanguage\":\"en-US\"},{\"@type\":\"Organization\",\"@id\":\"https:\/\/rj-experience.com\/#organization\",\"name\":\"RJ Exp\u00e9rience\",\"url\":\"https:\/\/rj-experience.com\/\",\"logo\":{\"@type\":\"ImageObject\",\"inLanguage\":\"en-US\",\"@id\":\"https:\/\/rj-experience.com\/#\/schema\/logo\/image\/\",\"url\":\"https:\/\/rj-experience.com\/wp-content\/uploads\/2025\/10\/cropped-ChatGPT-Image-28-oct.-2025-18_28_26.png\",\"contentUrl\":\"https:\/\/rj-experience.com\/wp-content\/uploads\/2025\/10\/cropped-ChatGPT-Image-28-oct.-2025-18_28_26.png\",\"width\":512,\"height\":512,\"caption\":\"RJ Exp\u00e9rience\"},\"image\":{\"@id\":\"https:\/\/rj-experience.com\/#\/schema\/logo\/image\/\"}}]}<\/script>\n<!-- \/ Yoast SEO plugin. -->","yoast_head_json":{"title":"Brachisaurus - RJ Exp\u00e9rience","robots":{"index":"index","follow":"follow","max-snippet":"max-snippet:-1","max-image-preview":"max-image-preview:large","max-video-preview":"max-video-preview:-1"},"canonical":"https:\/\/rj-experience.com\/index.php\/brachisaurus-2\/","og_locale":"en_US","og_type":"article","og_title":"Brachisaurus - RJ Exp\u00e9rience","og_description":"\u00a0 \u00a0 \u00a0 \u00a0 \u00a0 \u00a0 \u00a0 \u00a0 \u00a0 \u00a0 \u00a0 \u00a0Brachiosaurus 1.Qui a d\u00e9couvert le Brachiosaurus ? Il a \u00e9t\u00e9 d\u00e9couvert par Elmer S. Riggs, un pal\u00e9ontologue am\u00e9ricain. 2.Ou \u00e0 t\u2019il trouver le fossile de ce reptile? Dans le Colorado, aux \u00c9tats-Unis, dans la formation de Morrison. 3.Quand il a trouve le premier os [&hellip;]","og_url":"https:\/\/rj-experience.com\/index.php\/brachisaurus-2\/","og_site_name":"RJ Exp\u00e9rience","article_modified_time":"2025-07-29T13:25:46+00:00","twitter_card":"summary_large_image","twitter_misc":{"Est. reading time":"2 minutes"},"schema":{"@context":"https:\/\/schema.org","@graph":[{"@type":"WebPage","@id":"https:\/\/rj-experience.com\/index.php\/brachisaurus-2\/","url":"https:\/\/rj-experience.com\/index.php\/brachisaurus-2\/","name":"Brachisaurus - RJ Exp\u00e9rience","isPartOf":{"@id":"https:\/\/rj-experience.com\/#website"},"datePublished":"2025-07-22T20:41:21+00:00","dateModified":"2025-07-29T13:25:46+00:00","breadcrumb":{"@id":"https:\/\/rj-experience.com\/index.php\/brachisaurus-2\/#breadcrumb"},"inLanguage":"en-US","potentialAction":[{"@type":"ReadAction","target":["https:\/\/rj-experience.com\/index.php\/brachisaurus-2\/"]}]},{"@type":"BreadcrumbList","@id":"https:\/\/rj-experience.com\/index.php\/brachisaurus-2\/#breadcrumb","itemListElement":[{"@type":"ListItem","position":1,"name":"Home","item":"https:\/\/rj-experience.com\/"},{"@type":"ListItem","position":2,"name":"Brachisaurus"}]},{"@type":"WebSite","@id":"https:\/\/rj-experience.com\/#website","url":"https:\/\/rj-experience.com\/","name":"RJ Exp\u00e9rience","description":"","publisher":{"@id":"https:\/\/rj-experience.com\/#organization"},"potentialAction":[{"@type":"SearchAction","target":{"@type":"EntryPoint","urlTemplate":"https:\/\/rj-experience.com\/?s={search_term_string}"},"query-input":{"@type":"PropertyValueSpecification","valueRequired":true,"valueName":"search_term_string"}}],"inLanguage":"en-US"},{"@type":"Organization","@id":"https:\/\/rj-experience.com\/#organization","name":"RJ Exp\u00e9rience","url":"https:\/\/rj-experience.com\/","logo":{"@type":"ImageObject","inLanguage":"en-US","@id":"https:\/\/rj-experience.com\/#\/schema\/logo\/image\/","url":"https:\/\/rj-experience.com\/wp-content\/uploads\/2025\/10\/cropped-ChatGPT-Image-28-oct.-2025-18_28_26.png","contentUrl":"https:\/\/rj-experience.com\/wp-content\/uploads\/2025\/10\/cropped-ChatGPT-Image-28-oct.-2025-18_28_26.png","width":512,"height":512,"caption":"RJ Exp\u00e9rience"},"image":{"@id":"https:\/\/rj-experience.com\/#\/schema\/logo\/image\/"}}]}},"_links":{"self":[{"href":"https:\/\/rj-experience.com\/index.php\/wp-json\/wp\/v2\/pages\/529","targetHints":{"allow":["GET"]}}],"collection":[{"href":"https:\/\/rj-experience.com\/index.php\/wp-json\/wp\/v2\/pages"}],"about":[{"href":"https:\/\/rj-experience.com\/index.php\/wp-json\/wp\/v2\/types\/page"}],"author":[{"embeddable":true,"href":"https:\/\/rj-experience.com\/index.php\/wp-json\/wp\/v2\/users\/1"}],"replies":[{"embeddable":true,"href":"https:\/\/rj-experience.com\/index.php\/wp-json\/wp\/v2\/comments?post=529"}],"version-history":[{"count":4,"href":"https:\/\/rj-experience.com\/index.php\/wp-json\/wp\/v2\/pages\/529\/revisions"}],"predecessor-version":[{"id":968,"href":"https:\/\/rj-experience.com\/index.php\/wp-json\/wp\/v2\/pages\/529\/revisions\/968"}],"wp:attachment":[{"href":"https:\/\/rj-experience.com\/index.php\/wp-json\/wp\/v2\/media?parent=529"}],"curies":[{"name":"wp","href":"https:\/\/api.w.org\/{rel}","templated":true}]}}