{"id":521,"date":"2025-07-22T17:14:37","date_gmt":"2025-07-22T17:14:37","guid":{"rendered":"https:\/\/rj-experience.com\/?page_id=521"},"modified":"2025-07-29T15:01:39","modified_gmt":"2025-07-29T15:01:39","slug":"patagotitan","status":"publish","type":"page","link":"https:\/\/rj-experience.com\/index.php\/patagotitan\/","title":{"rendered":"Patagotitan"},"content":{"rendered":"\t\t<div data-elementor-type=\"wp-page\" data-elementor-id=\"521\" class=\"elementor elementor-521\">\n\t\t\t\t<div class=\"elementor-element elementor-element-eb465f7 e-flex e-con-boxed e-con e-parent\" data-id=\"eb465f7\" data-element_type=\"container\">\n\t\t\t\t\t<div class=\"e-con-inner\">\n\t\t\t\t<div class=\"elementor-element elementor-element-37db099 elementor-widget elementor-widget-text-editor\" data-id=\"37db099\" data-element_type=\"widget\" data-widget_type=\"text-editor.default\">\n\t\t\t\t\t\t\t\t\t<h2>\u00a0 \u00a0 \u00a0 \u00a0 \u00a0 \u00a0 \u00a0 \u00a0 \u00a0 \u00a0 \u00a0 \u00a0 \u00a0Patagotitan<\/h2><p>1.Qui a d\u00e9couvert le Patagotitan ?<\/p><p>Il a \u00e9t\u00e9 d\u00e9couvert par <strong data-start=\"190\" data-end=\"214\">Jos\u00e9 Luis Carballido<\/strong> et <strong data-start=\"218\" data-end=\"231\">Diego Pol<\/strong>, deux pal\u00e9ontologues argentins.<\/p><p>2.Ou \u00e0 t\u2019il trouver le fossile de ce reptile?<\/p><p>Le fossile a \u00e9t\u00e9 d\u00e9couvert en <strong data-start=\"357\" data-end=\"370\">Argentine<\/strong>, dans la r\u00e9gion de <strong data-start=\"390\" data-end=\"403\">Patagonie<\/strong>, plus pr\u00e9cis\u00e9ment dans la province de <strong data-start=\"442\" data-end=\"452\">Chubut<\/strong>.<\/p><p>3.Quand il a trouve le premier os de ce reptile?<\/p><p>Le premier os a \u00e9t\u00e9 trouv\u00e9 en <strong data-start=\"551\" data-end=\"559\">2012<\/strong> par un ouvrier agricole, puis fouill\u00e9 par les pal\u00e9ontologues entre 2013 et 2015.<\/p><p>4.Il est carnivore ou herbivore?<\/p><p>Le Patagotitan \u00e9tait <strong data-start=\"713\" data-end=\"726\">herbivore<\/strong> (il se nourrissait de plantes).<\/p><p>5.Combien fait sa taille?<\/p><p data-start=\"803\" data-end=\"845\">Il mesurait environ <strong data-start=\"823\" data-end=\"844\">37 m\u00e8tres de long<\/strong>.<\/p><p>6.Combien p\u00e8se son poids ?<\/p><p>Il pesait environ <strong data-start=\"908\" data-end=\"926\">69 \u00e0 77 tonnes<\/strong>,soit autant que <strong data-start=\"944\" data-end=\"978\">plus de 10 \u00e9l\u00e9phants africains<\/strong> !<\/p><p>7.Le Patagotitan vient du cr\u00e9tac\u00e9, du tria ou du jurassique ?<\/p><p>Il vivait durant le <strong data-start=\"1081\" data-end=\"1102\">Cr\u00e9tac\u00e9 sup\u00e9rieur<\/strong>, il y a environ <strong data-start=\"1119\" data-end=\"1149\">100 \u00e0 95 millions d\u2019ann\u00e9es<\/strong>.<\/p><p>8.De quelle famille appartient le Patagotitan ?<\/p><p>Il appartient \u00e0 la famille des <strong data-start=\"1247\" data-end=\"1265\">Titanosauridae<\/strong> (ou Titanosauriens).<\/p><p>9.Combien \u00e0 v\u00e9cu le Patagotitan ?<\/p><p>Les scientifiques estiment qu\u2019il pouvait vivre environ <strong data-start=\"1393\" data-end=\"1408\">60 \u00e0 70 ans<\/strong>.<\/p><p>10.Combien fait la taille de ces dents ?<\/p><p>Ses dents \u00e9taient petites pour sa taille, environ <strong data-start=\"1518\" data-end=\"1547\">5 \u00e0 6 centim\u00e8tres de long<\/strong>.<\/p><p>11.Quel est sont nom scientifique ?<\/p><p data-start=\"1601\" data-end=\"1650\">Son nom scientifique est <strong data-start=\"1626\" data-end=\"1649\">Patagotitan mayorum<\/strong>.<\/p><p>12.Combien p\u00e8se son cerveau?<\/p><p>Son cerveau \u00e9tait tr\u00e8s petit par rapport \u00e0 son corps : environ <strong data-start=\"1761\" data-end=\"1782\">400 \u00e0 500 grammes<\/strong>.<\/p><p>13.Il vit seul ou en troupeau?<\/p><p>Il est probable qu\u2019il <strong data-start=\"1855\" data-end=\"1877\">vivait en troupeau<\/strong>, comme beaucoup de grands sauropodes.<\/p><p>14.Qui est son premier os qui a \u00e9t\u00e9 trouv\u00e9?<\/p><p>Le premier os retrouv\u00e9 \u00e9tait un <strong data-start=\"2011\" data-end=\"2020\">f\u00e9mur<\/strong> (os de la cuisse), mesurant <strong data-start=\"2049\" data-end=\"2077\">plus de 2 m\u00e8tres de long<\/strong>.<\/p><p>15.Quand il le nomme ?<\/p><p data-start=\"2119\" data-end=\"2161\">Il a \u00e9t\u00e9 officiellement nomm\u00e9 <strong data-start=\"2149\" data-end=\"2160\">en 2017<\/strong>.<\/p><p>16.Combien il a de dents?<\/p><p data-start=\"2206\" data-end=\"2285\">Il avait environ <strong data-start=\"2223\" data-end=\"2240\">50 \u00e0 60 dents<\/strong>, adapt\u00e9es pour arracher des plantes tendres.<\/p><p>17.Quels sont les autres dinosaures qui vivaient \u00e0 cette \u00e9poque?<\/p><p data-start=\"2369\" data-end=\"2441\">Au Cr\u00e9tac\u00e9 sup\u00e9rieur, plusieurs dinosaures vivaient en Am\u00e9rique du Sud :<\/p><ul data-start=\"2443\" data-end=\"2593\"><li data-start=\"2443\" data-end=\"2492\"><p data-start=\"2445\" data-end=\"2492\"><strong data-start=\"2445\" data-end=\"2464\">Argentinosaurus<\/strong> (autre titanosaure g\u00e9ant)<\/p><\/li><li data-start=\"2493\" data-end=\"2529\"><p data-start=\"2495\" data-end=\"2529\"><strong data-start=\"2495\" data-end=\"2509\">Mapusaurus<\/strong> (grand carnivore)<\/p><\/li><li data-start=\"2530\" data-end=\"2552\"><p data-start=\"2532\" data-end=\"2552\"><strong data-start=\"2532\" data-end=\"2550\">Giganotosaurus<\/strong><\/p><\/li><li data-start=\"2553\" data-end=\"2572\"><p data-start=\"2555\" data-end=\"2572\"><strong data-start=\"2555\" data-end=\"2570\">Carnotaurus<\/strong><\/p><\/li><li data-start=\"2573\" data-end=\"2593\"><p data-start=\"2575\" data-end=\"2593\"><strong data-start=\"2575\" data-end=\"2591\">Amargasaurus<\/strong><\/p><\/li><\/ul>\t\t\t\t\t\t\t\t<\/div>\n\t\t\t\t\t<\/div>\n\t\t\t\t<\/div>\n\t\t\t\t<\/div>\n\t\t","protected":false},"excerpt":{"rendered":"<p>\u00a0 \u00a0 \u00a0 \u00a0 \u00a0 \u00a0 \u00a0 \u00a0 \u00a0 \u00a0 \u00a0 \u00a0 \u00a0Patagotitan 1.Qui a d\u00e9couvert le Patagotitan ? Il a \u00e9t\u00e9 d\u00e9couvert par Jos\u00e9 Luis Carballido et Diego Pol, deux pal\u00e9ontologues argentins. 2.Ou \u00e0 t\u2019il trouver le fossile de ce reptile? Le fossile a \u00e9t\u00e9 d\u00e9couvert en Argentine, dans la r\u00e9gion de Patagonie, plus [&hellip;]<\/p>\n","protected":false},"author":1,"featured_media":0,"parent":0,"menu_order":0,"comment_status":"closed","ping_status":"closed","template":"","meta":{"footnotes":""},"class_list":["post-521","page","type-page","status-publish","hentry"],"yoast_head":"<!-- This site is optimized with the Yoast SEO plugin v26.2 - https:\/\/yoast.com\/wordpress\/plugins\/seo\/ -->\n<title>Patagotitan - RJ Exp\u00e9rience<\/title>\n<meta name=\"robots\" content=\"index, follow, max-snippet:-1, max-image-preview:large, max-video-preview:-1\" \/>\n<link rel=\"canonical\" href=\"https:\/\/rj-experience.com\/index.php\/patagotitan\/\" \/>\n<meta property=\"og:locale\" content=\"en_US\" \/>\n<meta property=\"og:type\" content=\"article\" \/>\n<meta property=\"og:title\" content=\"Patagotitan - RJ Exp\u00e9rience\" \/>\n<meta property=\"og:description\" content=\"\u00a0 \u00a0 \u00a0 \u00a0 \u00a0 \u00a0 \u00a0 \u00a0 \u00a0 \u00a0 \u00a0 \u00a0 \u00a0Patagotitan 1.Qui a d\u00e9couvert le Patagotitan ? Il a \u00e9t\u00e9 d\u00e9couvert par Jos\u00e9 Luis Carballido et Diego Pol, deux pal\u00e9ontologues argentins. 2.Ou \u00e0 t\u2019il trouver le fossile de ce reptile? Le fossile a \u00e9t\u00e9 d\u00e9couvert en Argentine, dans la r\u00e9gion de Patagonie, plus [&hellip;]\" \/>\n<meta property=\"og:url\" content=\"https:\/\/rj-experience.com\/index.php\/patagotitan\/\" \/>\n<meta property=\"og:site_name\" content=\"RJ Exp\u00e9rience\" \/>\n<meta property=\"article:modified_time\" content=\"2025-07-29T15:01:39+00:00\" \/>\n<meta name=\"twitter:card\" content=\"summary_large_image\" \/>\n<meta name=\"twitter:label1\" content=\"Est. reading time\" \/>\n\t<meta name=\"twitter:data1\" content=\"2 minutes\" \/>\n<script type=\"application\/ld+json\" class=\"yoast-schema-graph\">{\"@context\":\"https:\/\/schema.org\",\"@graph\":[{\"@type\":\"WebPage\",\"@id\":\"https:\/\/rj-experience.com\/index.php\/patagotitan\/\",\"url\":\"https:\/\/rj-experience.com\/index.php\/patagotitan\/\",\"name\":\"Patagotitan - RJ Exp\u00e9rience\",\"isPartOf\":{\"@id\":\"https:\/\/rj-experience.com\/#website\"},\"datePublished\":\"2025-07-22T17:14:37+00:00\",\"dateModified\":\"2025-07-29T15:01:39+00:00\",\"breadcrumb\":{\"@id\":\"https:\/\/rj-experience.com\/index.php\/patagotitan\/#breadcrumb\"},\"inLanguage\":\"en-US\",\"potentialAction\":[{\"@type\":\"ReadAction\",\"target\":[\"https:\/\/rj-experience.com\/index.php\/patagotitan\/\"]}]},{\"@type\":\"BreadcrumbList\",\"@id\":\"https:\/\/rj-experience.com\/index.php\/patagotitan\/#breadcrumb\",\"itemListElement\":[{\"@type\":\"ListItem\",\"position\":1,\"name\":\"Home\",\"item\":\"https:\/\/rj-experience.com\/\"},{\"@type\":\"ListItem\",\"position\":2,\"name\":\"Patagotitan\"}]},{\"@type\":\"WebSite\",\"@id\":\"https:\/\/rj-experience.com\/#website\",\"url\":\"https:\/\/rj-experience.com\/\",\"name\":\"RJ Exp\u00e9rience\",\"description\":\"\",\"publisher\":{\"@id\":\"https:\/\/rj-experience.com\/#organization\"},\"potentialAction\":[{\"@type\":\"SearchAction\",\"target\":{\"@type\":\"EntryPoint\",\"urlTemplate\":\"https:\/\/rj-experience.com\/?s={search_term_string}\"},\"query-input\":{\"@type\":\"PropertyValueSpecification\",\"valueRequired\":true,\"valueName\":\"search_term_string\"}}],\"inLanguage\":\"en-US\"},{\"@type\":\"Organization\",\"@id\":\"https:\/\/rj-experience.com\/#organization\",\"name\":\"RJ Exp\u00e9rience\",\"url\":\"https:\/\/rj-experience.com\/\",\"logo\":{\"@type\":\"ImageObject\",\"inLanguage\":\"en-US\",\"@id\":\"https:\/\/rj-experience.com\/#\/schema\/logo\/image\/\",\"url\":\"https:\/\/rj-experience.com\/wp-content\/uploads\/2025\/10\/cropped-ChatGPT-Image-28-oct.-2025-18_28_26.png\",\"contentUrl\":\"https:\/\/rj-experience.com\/wp-content\/uploads\/2025\/10\/cropped-ChatGPT-Image-28-oct.-2025-18_28_26.png\",\"width\":512,\"height\":512,\"caption\":\"RJ Exp\u00e9rience\"},\"image\":{\"@id\":\"https:\/\/rj-experience.com\/#\/schema\/logo\/image\/\"}}]}<\/script>\n<!-- \/ Yoast SEO plugin. -->","yoast_head_json":{"title":"Patagotitan - RJ Exp\u00e9rience","robots":{"index":"index","follow":"follow","max-snippet":"max-snippet:-1","max-image-preview":"max-image-preview:large","max-video-preview":"max-video-preview:-1"},"canonical":"https:\/\/rj-experience.com\/index.php\/patagotitan\/","og_locale":"en_US","og_type":"article","og_title":"Patagotitan - RJ Exp\u00e9rience","og_description":"\u00a0 \u00a0 \u00a0 \u00a0 \u00a0 \u00a0 \u00a0 \u00a0 \u00a0 \u00a0 \u00a0 \u00a0 \u00a0Patagotitan 1.Qui a d\u00e9couvert le Patagotitan ? Il a \u00e9t\u00e9 d\u00e9couvert par Jos\u00e9 Luis Carballido et Diego Pol, deux pal\u00e9ontologues argentins. 2.Ou \u00e0 t\u2019il trouver le fossile de ce reptile? Le fossile a \u00e9t\u00e9 d\u00e9couvert en Argentine, dans la r\u00e9gion de Patagonie, plus [&hellip;]","og_url":"https:\/\/rj-experience.com\/index.php\/patagotitan\/","og_site_name":"RJ Exp\u00e9rience","article_modified_time":"2025-07-29T15:01:39+00:00","twitter_card":"summary_large_image","twitter_misc":{"Est. reading time":"2 minutes"},"schema":{"@context":"https:\/\/schema.org","@graph":[{"@type":"WebPage","@id":"https:\/\/rj-experience.com\/index.php\/patagotitan\/","url":"https:\/\/rj-experience.com\/index.php\/patagotitan\/","name":"Patagotitan - RJ Exp\u00e9rience","isPartOf":{"@id":"https:\/\/rj-experience.com\/#website"},"datePublished":"2025-07-22T17:14:37+00:00","dateModified":"2025-07-29T15:01:39+00:00","breadcrumb":{"@id":"https:\/\/rj-experience.com\/index.php\/patagotitan\/#breadcrumb"},"inLanguage":"en-US","potentialAction":[{"@type":"ReadAction","target":["https:\/\/rj-experience.com\/index.php\/patagotitan\/"]}]},{"@type":"BreadcrumbList","@id":"https:\/\/rj-experience.com\/index.php\/patagotitan\/#breadcrumb","itemListElement":[{"@type":"ListItem","position":1,"name":"Home","item":"https:\/\/rj-experience.com\/"},{"@type":"ListItem","position":2,"name":"Patagotitan"}]},{"@type":"WebSite","@id":"https:\/\/rj-experience.com\/#website","url":"https:\/\/rj-experience.com\/","name":"RJ Exp\u00e9rience","description":"","publisher":{"@id":"https:\/\/rj-experience.com\/#organization"},"potentialAction":[{"@type":"SearchAction","target":{"@type":"EntryPoint","urlTemplate":"https:\/\/rj-experience.com\/?s={search_term_string}"},"query-input":{"@type":"PropertyValueSpecification","valueRequired":true,"valueName":"search_term_string"}}],"inLanguage":"en-US"},{"@type":"Organization","@id":"https:\/\/rj-experience.com\/#organization","name":"RJ Exp\u00e9rience","url":"https:\/\/rj-experience.com\/","logo":{"@type":"ImageObject","inLanguage":"en-US","@id":"https:\/\/rj-experience.com\/#\/schema\/logo\/image\/","url":"https:\/\/rj-experience.com\/wp-content\/uploads\/2025\/10\/cropped-ChatGPT-Image-28-oct.-2025-18_28_26.png","contentUrl":"https:\/\/rj-experience.com\/wp-content\/uploads\/2025\/10\/cropped-ChatGPT-Image-28-oct.-2025-18_28_26.png","width":512,"height":512,"caption":"RJ Exp\u00e9rience"},"image":{"@id":"https:\/\/rj-experience.com\/#\/schema\/logo\/image\/"}}]}},"_links":{"self":[{"href":"https:\/\/rj-experience.com\/index.php\/wp-json\/wp\/v2\/pages\/521","targetHints":{"allow":["GET"]}}],"collection":[{"href":"https:\/\/rj-experience.com\/index.php\/wp-json\/wp\/v2\/pages"}],"about":[{"href":"https:\/\/rj-experience.com\/index.php\/wp-json\/wp\/v2\/types\/page"}],"author":[{"embeddable":true,"href":"https:\/\/rj-experience.com\/index.php\/wp-json\/wp\/v2\/users\/1"}],"replies":[{"embeddable":true,"href":"https:\/\/rj-experience.com\/index.php\/wp-json\/wp\/v2\/comments?post=521"}],"version-history":[{"count":4,"href":"https:\/\/rj-experience.com\/index.php\/wp-json\/wp\/v2\/pages\/521\/revisions"}],"predecessor-version":[{"id":1011,"href":"https:\/\/rj-experience.com\/index.php\/wp-json\/wp\/v2\/pages\/521\/revisions\/1011"}],"wp:attachment":[{"href":"https:\/\/rj-experience.com\/index.php\/wp-json\/wp\/v2\/media?parent=521"}],"curies":[{"name":"wp","href":"https:\/\/api.w.org\/{rel}","templated":true}]}}