{"id":478,"date":"2025-07-22T14:53:56","date_gmt":"2025-07-22T14:53:56","guid":{"rendered":"http:\/\/rj-experience.com\/?page_id=478"},"modified":"2025-10-01T16:28:06","modified_gmt":"2025-10-01T16:28:06","slug":"noasaurus-2","status":"publish","type":"page","link":"https:\/\/rj-experience.com\/index.php\/noasaurus-2\/","title":{"rendered":"Noasaurus"},"content":{"rendered":"\t\t<div data-elementor-type=\"wp-page\" data-elementor-id=\"478\" class=\"elementor elementor-478\">\n\t\t\t\t<div class=\"elementor-element elementor-element-abf8075 e-flex e-con-boxed e-con e-parent\" data-id=\"abf8075\" data-element_type=\"container\">\n\t\t\t\t\t<div class=\"e-con-inner\">\n\t\t\t\t<div class=\"elementor-element elementor-element-8b79ec6 elementor-widget elementor-widget-text-editor\" data-id=\"8b79ec6\" data-element_type=\"widget\" data-widget_type=\"text-editor.default\">\n\t\t\t\t\t\t\t\t\t<h2 data-start=\"117\" data-end=\"267\">\u00a0 \u00a0 \u00a0 \u00a0 \u00a0 \u00a0 \u00a0 \u00a0 \u00a0 \u00a0 \u00a0 \u00a0Noasaurus<\/h2><p data-start=\"117\" data-end=\"267\">\u00a0<\/p><p data-start=\"117\" data-end=\"267\"><strong data-start=\"117\" data-end=\"154\">1. Qui a d\u00e9couvert le Noasaurus ?<\/strong><br data-start=\"154\" data-end=\"157\" \/>\u2192 Il a \u00e9t\u00e9 d\u00e9couvert par une \u00e9quipe dirig\u00e9e par le pal\u00e9ontologue <strong data-start=\"222\" data-end=\"240\">Jos\u00e9 Bonaparte<\/strong> (Argentine) en <strong data-start=\"256\" data-end=\"264\">1980<\/strong>.<\/p><p data-start=\"269\" data-end=\"376\"><strong data-start=\"269\" data-end=\"319\">2. O\u00f9 a-t-on trouv\u00e9 le fossile de ce reptile ?<\/strong><br data-start=\"319\" data-end=\"322\" \/>\u2192 En <strong data-start=\"327\" data-end=\"340\">Argentine<\/strong>, dans la province de <strong data-start=\"362\" data-end=\"373\">Mendoza<\/strong>.<\/p><p data-start=\"378\" data-end=\"485\"><strong data-start=\"378\" data-end=\"434\">3. Quand a-t-on trouv\u00e9 le premier os de ce reptile ?<\/strong><br data-start=\"434\" data-end=\"437\" \/>\u2192 Le premier fossile a \u00e9t\u00e9 trouv\u00e9 en <strong data-start=\"474\" data-end=\"482\">1980<\/strong>.<\/p><p data-start=\"487\" data-end=\"582\"><strong data-start=\"487\" data-end=\"525\">4. Est-il carnivore ou herbivore ?<\/strong><br data-start=\"525\" data-end=\"528\" \/>\u2192 C\u2019\u00e9tait un <strong data-start=\"541\" data-end=\"554\">carnivore<\/strong> (petit pr\u00e9dateur rapide).<\/p><p data-start=\"584\" data-end=\"669\"><strong data-start=\"584\" data-end=\"615\">5. Combien fait sa taille ?<\/strong><br data-start=\"615\" data-end=\"618\" \/>\u2192 Il mesurait environ <strong data-start=\"640\" data-end=\"666\">3 \u00e0 3,5 m\u00e8tres de long<\/strong>.<\/p><p data-start=\"671\" data-end=\"742\"><strong data-start=\"671\" data-end=\"697\">6. Combien p\u00e8se-t-il ?<\/strong><br data-start=\"697\" data-end=\"700\" \/>\u2192 Son poids est estim\u00e9 \u00e0 <strong data-start=\"725\" data-end=\"739\">70 \u00e0 90 kg<\/strong>.<\/p><p data-start=\"744\" data-end=\"886\"><strong data-start=\"744\" data-end=\"809\">7. Le Noasaurus vient du Cr\u00e9tac\u00e9, du Trias ou du Jurassique ?<\/strong><br data-start=\"809\" data-end=\"812\" \/>\u2192 Il vivait au <strong data-start=\"827\" data-end=\"848\">Cr\u00e9tac\u00e9 sup\u00e9rieur<\/strong> (environ <strong data-start=\"858\" data-end=\"882\">70 millions d\u2019ann\u00e9es<\/strong>).<\/p><p data-start=\"888\" data-end=\"1060\"><strong data-start=\"888\" data-end=\"937\">8. \u00c0 quelle famille appartient le Noasaurus ?<\/strong><br data-start=\"937\" data-end=\"940\" \/>\u2192 Il appartient \u00e0 la famille des <strong data-start=\"973\" data-end=\"988\">Noasauridae<\/strong>, un groupe de petits th\u00e9ropodes carnivores proches des ab\u00e9lisaurid\u00e9s.<\/p><p data-start=\"1062\" data-end=\"1192\"><strong data-start=\"1062\" data-end=\"1098\">9. Combien a v\u00e9cu le Noasaurus ?<\/strong><br data-start=\"1098\" data-end=\"1101\" \/>\u2192 Il a v\u00e9cu il y a environ <strong data-start=\"1128\" data-end=\"1152\">70 millions d\u2019ann\u00e9es<\/strong>, jusqu\u2019\u00e0 l\u2019extinction des dinosaures.<\/p><p data-start=\"1194\" data-end=\"1316\"><strong data-start=\"1194\" data-end=\"1239\">10. Combien fait la taille de ses dents ?<\/strong><br data-start=\"1239\" data-end=\"1242\" \/>\u2192 Ses dents \u00e9taient petites, environ <strong data-start=\"1279\" data-end=\"1291\">2 \u00e0 3 cm<\/strong>, fines et tranchantes.<\/p><p data-start=\"1318\" data-end=\"1384\"><strong data-start=\"1318\" data-end=\"1357\">11. Quel est son nom scientifique ?<\/strong><br data-start=\"1357\" data-end=\"1360\" \/>\u2192 <strong data-start=\"1362\" data-end=\"1381\">Noasaurus leali<\/strong>.<\/p><p data-start=\"1386\" data-end=\"1508\"><strong data-start=\"1386\" data-end=\"1418\">12. Combien p\u00e8se son cr\u00e2ne ?<\/strong><br data-start=\"1418\" data-end=\"1421\" \/>\u2192 Son cr\u00e2ne \u00e9tait petit, environ <strong data-start=\"1454\" data-end=\"1476\">25 \u00e0 30 cm de long<\/strong>, pesant environ <strong data-start=\"1493\" data-end=\"1505\">3 \u00e0 4 kg<\/strong>.<\/p><p data-start=\"1510\" data-end=\"1688\"><strong data-start=\"1510\" data-end=\"1546\">13. Vit-il seul ou en troupeau ?<\/strong><br data-start=\"1546\" data-end=\"1549\" \/>\u2192 Les pal\u00e9ontologues pensent qu\u2019il \u00e9tait <strong data-start=\"1590\" data-end=\"1603\">solitaire<\/strong>, mais il pouvait aussi chasser en petits groupes pour capturer des proies rapides.<\/p><p data-start=\"1690\" data-end=\"1874\"><strong data-start=\"1690\" data-end=\"1740\">14. Quel est son premier os qui a \u00e9t\u00e9 trouv\u00e9 ?<\/strong><br data-start=\"1740\" data-end=\"1743\" \/>\u2192 Les premiers fossiles d\u00e9couverts \u00e9taient des <strong data-start=\"1790\" data-end=\"1832\">restes du bassin et des os des membres<\/strong>, ainsi qu\u2019une griffe tr\u00e8s particuli\u00e8re.<\/p><p data-start=\"1876\" data-end=\"1974\"><strong data-start=\"1876\" data-end=\"1905\">15. Quand le nomme-t-on ?<\/strong><br data-start=\"1905\" data-end=\"1908\" \/>\u2192 Il a \u00e9t\u00e9 nomm\u00e9 en <strong data-start=\"1928\" data-end=\"1936\">1980<\/strong> par Jos\u00e9 Bonaparte et Jaime Powell.<\/p><p data-start=\"1976\" data-end=\"2151\"><strong data-start=\"1976\" data-end=\"2007\">16. Combien il a de dents ?<\/strong><br data-start=\"2007\" data-end=\"2010\" \/>\u2192 Son nombre exact de dents n\u2019est pas totalement connu (le fossile est incomplet), mais on estime <strong data-start=\"2108\" data-end=\"2125\">30 \u00e0 40 dents<\/strong> petites et tranchantes.<\/p><p data-start=\"2153\" data-end=\"2282\"><strong data-start=\"2153\" data-end=\"2223\">17. Quels sont les autres dinosaures qui vivaient \u00e0 cette \u00e9poque ?<\/strong><br data-start=\"2223\" data-end=\"2226\" \/>\u2192 En Am\u00e9rique du Sud, au Cr\u00e9tac\u00e9 sup\u00e9rieur, vivaient :<\/p><ul data-start=\"2283\" data-end=\"2447\"><li data-start=\"2283\" data-end=\"2321\"><p data-start=\"2285\" data-end=\"2321\"><strong data-start=\"2285\" data-end=\"2300\">Carnotaurus<\/strong> (grand carnivore),<\/p><\/li><li data-start=\"2322\" data-end=\"2342\"><p data-start=\"2324\" data-end=\"2342\"><strong data-start=\"2324\" data-end=\"2339\">Abelisaurus<\/strong>,<\/p><\/li><li data-start=\"2343\" data-end=\"2394\"><p data-start=\"2345\" data-end=\"2394\"><strong data-start=\"2345\" data-end=\"2360\">Saltasaurus<\/strong> (sauropode herbivore cuirass\u00e9),<\/p><\/li><li data-start=\"2395\" data-end=\"2447\"><p data-start=\"2397\" data-end=\"2447\"><strong data-start=\"2397\" data-end=\"2414\">Majungasaurus<\/strong> (\u00e0 Madagascar, proche parent).<\/p><\/li><\/ul>\t\t\t\t\t\t\t\t<\/div>\n\t\t\t\t\t<\/div>\n\t\t\t\t<\/div>\n\t\t\t\t<\/div>\n\t\t","protected":false},"excerpt":{"rendered":"<p>\u00a0 \u00a0 \u00a0 \u00a0 \u00a0 \u00a0 \u00a0 \u00a0 \u00a0 \u00a0 \u00a0 \u00a0Noasaurus \u00a0 1. Qui a d\u00e9couvert le Noasaurus ?\u2192 Il a \u00e9t\u00e9 d\u00e9couvert par une \u00e9quipe dirig\u00e9e par le pal\u00e9ontologue Jos\u00e9 Bonaparte (Argentine) en 1980. 2. O\u00f9 a-t-on trouv\u00e9 le fossile de ce reptile ?\u2192 En Argentine, dans la province de Mendoza. 3. Quand [&hellip;]<\/p>\n","protected":false},"author":1,"featured_media":0,"parent":0,"menu_order":0,"comment_status":"closed","ping_status":"closed","template":"","meta":{"footnotes":""},"class_list":["post-478","page","type-page","status-publish","hentry"],"yoast_head":"<!-- This site is optimized with the Yoast SEO plugin v26.2 - https:\/\/yoast.com\/wordpress\/plugins\/seo\/ -->\n<title>Noasaurus - RJ Exp\u00e9rience<\/title>\n<meta name=\"robots\" content=\"index, follow, max-snippet:-1, max-image-preview:large, max-video-preview:-1\" \/>\n<link rel=\"canonical\" href=\"https:\/\/rj-experience.com\/index.php\/noasaurus-2\/\" \/>\n<meta property=\"og:locale\" content=\"en_US\" \/>\n<meta property=\"og:type\" content=\"article\" \/>\n<meta property=\"og:title\" content=\"Noasaurus - RJ Exp\u00e9rience\" \/>\n<meta property=\"og:description\" content=\"\u00a0 \u00a0 \u00a0 \u00a0 \u00a0 \u00a0 \u00a0 \u00a0 \u00a0 \u00a0 \u00a0 \u00a0Noasaurus \u00a0 1. Qui a d\u00e9couvert le Noasaurus ?\u2192 Il a \u00e9t\u00e9 d\u00e9couvert par une \u00e9quipe dirig\u00e9e par le pal\u00e9ontologue Jos\u00e9 Bonaparte (Argentine) en 1980. 2. O\u00f9 a-t-on trouv\u00e9 le fossile de ce reptile ?\u2192 En Argentine, dans la province de Mendoza. 3. Quand [&hellip;]\" \/>\n<meta property=\"og:url\" content=\"https:\/\/rj-experience.com\/index.php\/noasaurus-2\/\" \/>\n<meta property=\"og:site_name\" content=\"RJ Exp\u00e9rience\" \/>\n<meta property=\"article:modified_time\" content=\"2025-10-01T16:28:06+00:00\" \/>\n<meta name=\"twitter:card\" content=\"summary_large_image\" \/>\n<meta name=\"twitter:label1\" content=\"Est. reading time\" \/>\n\t<meta name=\"twitter:data1\" content=\"2 minutes\" \/>\n<script type=\"application\/ld+json\" class=\"yoast-schema-graph\">{\"@context\":\"https:\/\/schema.org\",\"@graph\":[{\"@type\":\"WebPage\",\"@id\":\"https:\/\/rj-experience.com\/index.php\/noasaurus-2\/\",\"url\":\"https:\/\/rj-experience.com\/index.php\/noasaurus-2\/\",\"name\":\"Noasaurus - RJ Exp\u00e9rience\",\"isPartOf\":{\"@id\":\"https:\/\/rj-experience.com\/#website\"},\"datePublished\":\"2025-07-22T14:53:56+00:00\",\"dateModified\":\"2025-10-01T16:28:06+00:00\",\"breadcrumb\":{\"@id\":\"https:\/\/rj-experience.com\/index.php\/noasaurus-2\/#breadcrumb\"},\"inLanguage\":\"en-US\",\"potentialAction\":[{\"@type\":\"ReadAction\",\"target\":[\"https:\/\/rj-experience.com\/index.php\/noasaurus-2\/\"]}]},{\"@type\":\"BreadcrumbList\",\"@id\":\"https:\/\/rj-experience.com\/index.php\/noasaurus-2\/#breadcrumb\",\"itemListElement\":[{\"@type\":\"ListItem\",\"position\":1,\"name\":\"Home\",\"item\":\"https:\/\/rj-experience.com\/\"},{\"@type\":\"ListItem\",\"position\":2,\"name\":\"Noasaurus\"}]},{\"@type\":\"WebSite\",\"@id\":\"https:\/\/rj-experience.com\/#website\",\"url\":\"https:\/\/rj-experience.com\/\",\"name\":\"RJ Exp\u00e9rience\",\"description\":\"\",\"publisher\":{\"@id\":\"https:\/\/rj-experience.com\/#organization\"},\"potentialAction\":[{\"@type\":\"SearchAction\",\"target\":{\"@type\":\"EntryPoint\",\"urlTemplate\":\"https:\/\/rj-experience.com\/?s={search_term_string}\"},\"query-input\":{\"@type\":\"PropertyValueSpecification\",\"valueRequired\":true,\"valueName\":\"search_term_string\"}}],\"inLanguage\":\"en-US\"},{\"@type\":\"Organization\",\"@id\":\"https:\/\/rj-experience.com\/#organization\",\"name\":\"RJ Exp\u00e9rience\",\"url\":\"https:\/\/rj-experience.com\/\",\"logo\":{\"@type\":\"ImageObject\",\"inLanguage\":\"en-US\",\"@id\":\"https:\/\/rj-experience.com\/#\/schema\/logo\/image\/\",\"url\":\"https:\/\/rj-experience.com\/wp-content\/uploads\/2025\/10\/cropped-ChatGPT-Image-28-oct.-2025-18_28_26.png\",\"contentUrl\":\"https:\/\/rj-experience.com\/wp-content\/uploads\/2025\/10\/cropped-ChatGPT-Image-28-oct.-2025-18_28_26.png\",\"width\":512,\"height\":512,\"caption\":\"RJ Exp\u00e9rience\"},\"image\":{\"@id\":\"https:\/\/rj-experience.com\/#\/schema\/logo\/image\/\"}}]}<\/script>\n<!-- \/ Yoast SEO plugin. -->","yoast_head_json":{"title":"Noasaurus - RJ Exp\u00e9rience","robots":{"index":"index","follow":"follow","max-snippet":"max-snippet:-1","max-image-preview":"max-image-preview:large","max-video-preview":"max-video-preview:-1"},"canonical":"https:\/\/rj-experience.com\/index.php\/noasaurus-2\/","og_locale":"en_US","og_type":"article","og_title":"Noasaurus - RJ Exp\u00e9rience","og_description":"\u00a0 \u00a0 \u00a0 \u00a0 \u00a0 \u00a0 \u00a0 \u00a0 \u00a0 \u00a0 \u00a0 \u00a0Noasaurus \u00a0 1. Qui a d\u00e9couvert le Noasaurus ?\u2192 Il a \u00e9t\u00e9 d\u00e9couvert par une \u00e9quipe dirig\u00e9e par le pal\u00e9ontologue Jos\u00e9 Bonaparte (Argentine) en 1980. 2. O\u00f9 a-t-on trouv\u00e9 le fossile de ce reptile ?\u2192 En Argentine, dans la province de Mendoza. 3. Quand [&hellip;]","og_url":"https:\/\/rj-experience.com\/index.php\/noasaurus-2\/","og_site_name":"RJ Exp\u00e9rience","article_modified_time":"2025-10-01T16:28:06+00:00","twitter_card":"summary_large_image","twitter_misc":{"Est. reading time":"2 minutes"},"schema":{"@context":"https:\/\/schema.org","@graph":[{"@type":"WebPage","@id":"https:\/\/rj-experience.com\/index.php\/noasaurus-2\/","url":"https:\/\/rj-experience.com\/index.php\/noasaurus-2\/","name":"Noasaurus - RJ Exp\u00e9rience","isPartOf":{"@id":"https:\/\/rj-experience.com\/#website"},"datePublished":"2025-07-22T14:53:56+00:00","dateModified":"2025-10-01T16:28:06+00:00","breadcrumb":{"@id":"https:\/\/rj-experience.com\/index.php\/noasaurus-2\/#breadcrumb"},"inLanguage":"en-US","potentialAction":[{"@type":"ReadAction","target":["https:\/\/rj-experience.com\/index.php\/noasaurus-2\/"]}]},{"@type":"BreadcrumbList","@id":"https:\/\/rj-experience.com\/index.php\/noasaurus-2\/#breadcrumb","itemListElement":[{"@type":"ListItem","position":1,"name":"Home","item":"https:\/\/rj-experience.com\/"},{"@type":"ListItem","position":2,"name":"Noasaurus"}]},{"@type":"WebSite","@id":"https:\/\/rj-experience.com\/#website","url":"https:\/\/rj-experience.com\/","name":"RJ Exp\u00e9rience","description":"","publisher":{"@id":"https:\/\/rj-experience.com\/#organization"},"potentialAction":[{"@type":"SearchAction","target":{"@type":"EntryPoint","urlTemplate":"https:\/\/rj-experience.com\/?s={search_term_string}"},"query-input":{"@type":"PropertyValueSpecification","valueRequired":true,"valueName":"search_term_string"}}],"inLanguage":"en-US"},{"@type":"Organization","@id":"https:\/\/rj-experience.com\/#organization","name":"RJ Exp\u00e9rience","url":"https:\/\/rj-experience.com\/","logo":{"@type":"ImageObject","inLanguage":"en-US","@id":"https:\/\/rj-experience.com\/#\/schema\/logo\/image\/","url":"https:\/\/rj-experience.com\/wp-content\/uploads\/2025\/10\/cropped-ChatGPT-Image-28-oct.-2025-18_28_26.png","contentUrl":"https:\/\/rj-experience.com\/wp-content\/uploads\/2025\/10\/cropped-ChatGPT-Image-28-oct.-2025-18_28_26.png","width":512,"height":512,"caption":"RJ Exp\u00e9rience"},"image":{"@id":"https:\/\/rj-experience.com\/#\/schema\/logo\/image\/"}}]}},"_links":{"self":[{"href":"https:\/\/rj-experience.com\/index.php\/wp-json\/wp\/v2\/pages\/478","targetHints":{"allow":["GET"]}}],"collection":[{"href":"https:\/\/rj-experience.com\/index.php\/wp-json\/wp\/v2\/pages"}],"about":[{"href":"https:\/\/rj-experience.com\/index.php\/wp-json\/wp\/v2\/types\/page"}],"author":[{"embeddable":true,"href":"https:\/\/rj-experience.com\/index.php\/wp-json\/wp\/v2\/users\/1"}],"replies":[{"embeddable":true,"href":"https:\/\/rj-experience.com\/index.php\/wp-json\/wp\/v2\/comments?post=478"}],"version-history":[{"count":4,"href":"https:\/\/rj-experience.com\/index.php\/wp-json\/wp\/v2\/pages\/478\/revisions"}],"predecessor-version":[{"id":1137,"href":"https:\/\/rj-experience.com\/index.php\/wp-json\/wp\/v2\/pages\/478\/revisions\/1137"}],"wp:attachment":[{"href":"https:\/\/rj-experience.com\/index.php\/wp-json\/wp\/v2\/media?parent=478"}],"curies":[{"name":"wp","href":"https:\/\/api.w.org\/{rel}","templated":true}]}}