{"id":471,"date":"2025-07-22T14:45:05","date_gmt":"2025-07-22T14:45:05","guid":{"rendered":"http:\/\/rj-experience.com\/?page_id=471"},"modified":"2025-10-01T16:22:09","modified_gmt":"2025-10-01T16:22:09","slug":"proceratosaurus","status":"publish","type":"page","link":"https:\/\/rj-experience.com\/index.php\/proceratosaurus\/","title":{"rendered":"Proceratosaurus"},"content":{"rendered":"\t\t<div data-elementor-type=\"wp-page\" data-elementor-id=\"471\" class=\"elementor elementor-471\">\n\t\t\t\t<div class=\"elementor-element elementor-element-2e21286 e-flex e-con-boxed e-con e-parent\" data-id=\"2e21286\" data-element_type=\"container\">\n\t\t\t\t\t<div class=\"e-con-inner\">\n\t\t\t\t<div class=\"elementor-element elementor-element-701e8aa elementor-widget elementor-widget-text-editor\" data-id=\"701e8aa\" data-element_type=\"widget\" data-widget_type=\"text-editor.default\">\n\t\t\t\t\t\t\t\t\t<h2 data-start=\"104\" data-end=\"324\">\u00a0 \u00a0 \u00a0 \u00a0 \u00a0 \u00a0 \u00a0 \u00a0 \u00a0 \u00a0 \u00a0Protoceratops<\/h2><p data-start=\"104\" data-end=\"324\"><strong data-start=\"104\" data-end=\"145\">1. Qui a d\u00e9couvert le Protoceratops ?<\/strong><br data-start=\"145\" data-end=\"148\" \/>Le Protoceratops a \u00e9t\u00e9 d\u00e9couvert par l\u2019\u00e9quipe de l\u2019<strong data-start=\"201\" data-end=\"239\">American Museum of Natural History<\/strong>, dirig\u00e9e par <strong data-start=\"253\" data-end=\"276\">Roy Chapman Andrews<\/strong> lors des exp\u00e9ditions en Mongolie en <strong data-start=\"313\" data-end=\"321\">1922<\/strong>.<\/p><p data-start=\"326\" data-end=\"427\"><strong data-start=\"326\" data-end=\"376\">2. O\u00f9 a-t-on trouv\u00e9 le fossile de ce reptile ?<\/strong><br data-start=\"376\" data-end=\"379\" \/>\u00a0En <strong data-start=\"384\" data-end=\"396\">Mongolie<\/strong>, dans le d\u00e9sert de <strong data-start=\"416\" data-end=\"424\">Gobi<\/strong>.<\/p><p data-start=\"429\" data-end=\"536\"><strong data-start=\"429\" data-end=\"485\">3. Quand a-t-on trouv\u00e9 le premier os de ce reptile ?<\/strong><br data-start=\"485\" data-end=\"488\" \/>\u00a0Le premier fossile a \u00e9t\u00e9 trouv\u00e9 en <strong data-start=\"525\" data-end=\"533\">1922<\/strong>.<\/p><p data-start=\"538\" data-end=\"659\"><strong data-start=\"538\" data-end=\"576\">4. Est-il carnivore ou herbivore ?<\/strong><br data-start=\"576\" data-end=\"579\" \/>C\u2019\u00e9tait un <strong data-start=\"592\" data-end=\"605\">herbivore<\/strong>, il se nourrissait de plantes basses et de racines.<\/p><p data-start=\"661\" data-end=\"775\"><strong data-start=\"661\" data-end=\"692\">5. Combien fait sa taille ?<\/strong><br data-start=\"692\" data-end=\"695\" \/>\u00a0Il mesurait environ <strong data-start=\"717\" data-end=\"743\">1,8 \u00e0 2 m\u00e8tres de long<\/strong> et environ <strong data-start=\"755\" data-end=\"772\">60 cm de haut<\/strong>.<\/p><p data-start=\"777\" data-end=\"845\"><strong data-start=\"777\" data-end=\"803\">6. Combien p\u00e8se-t-il ?<\/strong><br data-start=\"803\" data-end=\"806\" \/>\u00a0Il pesait environ <strong data-start=\"826\" data-end=\"842\">150 \u00e0 200 kg<\/strong>.<\/p><p data-start=\"847\" data-end=\"1001\"><strong data-start=\"847\" data-end=\"916\">7. Le Protoceratops vient du Cr\u00e9tac\u00e9, du Trias ou du Jurassique ?<\/strong><br data-start=\"916\" data-end=\"919\" \/>\u00a0Il vivait au <strong data-start=\"934\" data-end=\"955\">Cr\u00e9tac\u00e9 sup\u00e9rieur<\/strong> (il y a environ 75 \u00e0 71 millions d\u2019ann\u00e9es).<\/p><p data-start=\"1003\" data-end=\"1147\"><strong data-start=\"1003\" data-end=\"1056\">8. \u00c0 quelle famille appartient le Protoceratops ?<\/strong><br data-start=\"1056\" data-end=\"1059\" \/>\u00a0\u00c0 la famille des <strong data-start=\"1078\" data-end=\"1099\">Protoceratopsidae<\/strong>, proche des c\u00e9ratopsiens (comme Triceratops).<\/p><p data-start=\"1149\" data-end=\"1260\"><strong data-start=\"1149\" data-end=\"1189\">9. Combien a v\u00e9cu le Protoceratops ?<\/strong><br data-start=\"1189\" data-end=\"1192\" \/>\u00a0Il a v\u00e9cu environ <strong data-start=\"1212\" data-end=\"1257\">75 \u00e0 71 millions d\u2019ann\u00e9es avant notre \u00e8re<\/strong>.<\/p><p data-start=\"1262\" data-end=\"1400\"><strong data-start=\"1262\" data-end=\"1307\">10. Combien fait la taille de ses dents ?<\/strong><br data-start=\"1307\" data-end=\"1310\" \/>Ses dents mesuraient environ <strong data-start=\"1341\" data-end=\"1353\">1 \u00e0 2 cm<\/strong>, plates et adapt\u00e9es pour broyer les plantes.<\/p><p data-start=\"1402\" data-end=\"1513\"><strong data-start=\"1402\" data-end=\"1441\">11. Quel est son nom scientifique ?<\/strong><br data-start=\"1441\" data-end=\"1444\" \/><strong data-start=\"1446\" data-end=\"1472\">Protoceratops andrewsi<\/strong> (en l\u2019honneur de Roy Chapman Andrews).<\/p><p data-start=\"1515\" data-end=\"1623\"><strong data-start=\"1515\" data-end=\"1547\">12. Combien p\u00e8se son cr\u00e2ne ?<\/strong><br data-start=\"1547\" data-end=\"1550\" \/>Son cr\u00e2ne faisait environ <strong data-start=\"1578\" data-end=\"1595\">50 cm de long<\/strong> et pesait <strong data-start=\"1606\" data-end=\"1620\">15 \u00e0 20 kg<\/strong>.<\/p><p data-start=\"1625\" data-end=\"1749\"><strong data-start=\"1625\" data-end=\"1661\">13. Vit-il seul ou en troupeau ?<\/strong><br data-start=\"1661\" data-end=\"1664\" \/>\u00a0Les d\u00e9couvertes fossiles montrent qu\u2019il vivait en <strong data-start=\"1716\" data-end=\"1729\">troupeaux<\/strong> pour se prot\u00e9ger.<\/p><p data-start=\"1751\" data-end=\"1871\"><strong data-start=\"1751\" data-end=\"1801\">14. Quel est son premier os qui a \u00e9t\u00e9 trouv\u00e9 ?<\/strong><br data-start=\"1801\" data-end=\"1804\" \/>\u00a0Le premier fossile retrouv\u00e9 \u00e9tait un <strong data-start=\"1843\" data-end=\"1868\">cr\u00e2ne presque complet<\/strong>.<\/p><p data-start=\"1873\" data-end=\"1990\"><strong data-start=\"1873\" data-end=\"1902\">15. Quand le nomme-t-on ?<\/strong><br data-start=\"1902\" data-end=\"1905\" \/>Il a \u00e9t\u00e9 nomm\u00e9 en <strong data-start=\"1925\" data-end=\"1933\">1923<\/strong> par le pal\u00e9ontologue <strong data-start=\"1955\" data-end=\"1973\">Walter Granger<\/strong> et son \u00e9quipe.<\/p><p data-start=\"1992\" data-end=\"2138\"><strong data-start=\"1992\" data-end=\"2023\">16. Combien il a de dents ?<\/strong><br data-start=\"2023\" data-end=\"2026\" \/>Il poss\u00e9dait environ <strong data-start=\"2049\" data-end=\"2094\">12 \u00e0 14 dents de chaque c\u00f4t\u00e9 par m\u00e2choire<\/strong>, soit <strong data-start=\"2101\" data-end=\"2135\">environ 50 \u00e0 60 dents au total<\/strong>.<\/p><p data-start=\"2140\" data-end=\"2276\"><strong data-start=\"2140\" data-end=\"2210\">17. Quels sont les autres dinosaures qui vivaient \u00e0 cette \u00e9poque ?<\/strong><br data-start=\"2210\" data-end=\"2213\" \/>Dans le d\u00e9sert de Gobi, au Cr\u00e9tac\u00e9 sup\u00e9rieur, on trouvait :<\/p><ul data-start=\"2277\" data-end=\"2426\"><li data-start=\"2277\" data-end=\"2323\"><p data-start=\"2279\" data-end=\"2323\"><strong data-start=\"2279\" data-end=\"2295\">Velociraptor<\/strong> (petit carnivore rapide),<\/p><\/li><li data-start=\"2324\" data-end=\"2342\"><p data-start=\"2326\" data-end=\"2342\"><strong data-start=\"2326\" data-end=\"2339\">Oviraptor<\/strong>,<\/p><\/li><li data-start=\"2343\" data-end=\"2382\"><p data-start=\"2345\" data-end=\"2382\"><strong data-start=\"2345\" data-end=\"2360\">Tarbosaurus<\/strong> (cousin du T. rex),<\/p><\/li><li data-start=\"2383\" data-end=\"2426\"><p data-start=\"2385\" data-end=\"2426\"><strong data-start=\"2385\" data-end=\"2400\">Saurolophus<\/strong> (hadrosaure herbivore).<\/p><\/li><\/ul>\t\t\t\t\t\t\t\t<\/div>\n\t\t\t\t\t<\/div>\n\t\t\t\t<\/div>\n\t\t\t\t<\/div>\n\t\t","protected":false},"excerpt":{"rendered":"<p>\u00a0 \u00a0 \u00a0 \u00a0 \u00a0 \u00a0 \u00a0 \u00a0 \u00a0 \u00a0 \u00a0Protoceratops 1. Qui a d\u00e9couvert le Protoceratops ?Le Protoceratops a \u00e9t\u00e9 d\u00e9couvert par l\u2019\u00e9quipe de l\u2019American Museum of Natural History, dirig\u00e9e par Roy Chapman Andrews lors des exp\u00e9ditions en Mongolie en 1922. 2. O\u00f9 a-t-on trouv\u00e9 le fossile de ce reptile ?\u00a0En Mongolie, dans le [&hellip;]<\/p>\n","protected":false},"author":1,"featured_media":0,"parent":0,"menu_order":0,"comment_status":"closed","ping_status":"closed","template":"","meta":{"footnotes":""},"class_list":["post-471","page","type-page","status-publish","hentry"],"yoast_head":"<!-- This site is optimized with the Yoast SEO plugin v26.2 - https:\/\/yoast.com\/wordpress\/plugins\/seo\/ -->\n<title>Proceratosaurus - RJ Exp\u00e9rience<\/title>\n<meta name=\"robots\" content=\"index, follow, max-snippet:-1, max-image-preview:large, max-video-preview:-1\" \/>\n<link rel=\"canonical\" href=\"https:\/\/rj-experience.com\/index.php\/proceratosaurus\/\" \/>\n<meta property=\"og:locale\" content=\"en_US\" \/>\n<meta property=\"og:type\" content=\"article\" \/>\n<meta property=\"og:title\" content=\"Proceratosaurus - RJ Exp\u00e9rience\" \/>\n<meta property=\"og:description\" content=\"\u00a0 \u00a0 \u00a0 \u00a0 \u00a0 \u00a0 \u00a0 \u00a0 \u00a0 \u00a0 \u00a0Protoceratops 1. Qui a d\u00e9couvert le Protoceratops ?Le Protoceratops a \u00e9t\u00e9 d\u00e9couvert par l\u2019\u00e9quipe de l\u2019American Museum of Natural History, dirig\u00e9e par Roy Chapman Andrews lors des exp\u00e9ditions en Mongolie en 1922. 2. O\u00f9 a-t-on trouv\u00e9 le fossile de ce reptile ?\u00a0En Mongolie, dans le [&hellip;]\" \/>\n<meta property=\"og:url\" content=\"https:\/\/rj-experience.com\/index.php\/proceratosaurus\/\" \/>\n<meta property=\"og:site_name\" content=\"RJ Exp\u00e9rience\" \/>\n<meta property=\"article:modified_time\" content=\"2025-10-01T16:22:09+00:00\" \/>\n<meta name=\"twitter:card\" content=\"summary_large_image\" \/>\n<meta name=\"twitter:label1\" content=\"Est. reading time\" \/>\n\t<meta name=\"twitter:data1\" content=\"2 minutes\" \/>\n<script type=\"application\/ld+json\" class=\"yoast-schema-graph\">{\"@context\":\"https:\/\/schema.org\",\"@graph\":[{\"@type\":\"WebPage\",\"@id\":\"https:\/\/rj-experience.com\/index.php\/proceratosaurus\/\",\"url\":\"https:\/\/rj-experience.com\/index.php\/proceratosaurus\/\",\"name\":\"Proceratosaurus - RJ Exp\u00e9rience\",\"isPartOf\":{\"@id\":\"https:\/\/rj-experience.com\/#website\"},\"datePublished\":\"2025-07-22T14:45:05+00:00\",\"dateModified\":\"2025-10-01T16:22:09+00:00\",\"breadcrumb\":{\"@id\":\"https:\/\/rj-experience.com\/index.php\/proceratosaurus\/#breadcrumb\"},\"inLanguage\":\"en-US\",\"potentialAction\":[{\"@type\":\"ReadAction\",\"target\":[\"https:\/\/rj-experience.com\/index.php\/proceratosaurus\/\"]}]},{\"@type\":\"BreadcrumbList\",\"@id\":\"https:\/\/rj-experience.com\/index.php\/proceratosaurus\/#breadcrumb\",\"itemListElement\":[{\"@type\":\"ListItem\",\"position\":1,\"name\":\"Home\",\"item\":\"https:\/\/rj-experience.com\/\"},{\"@type\":\"ListItem\",\"position\":2,\"name\":\"Proceratosaurus\"}]},{\"@type\":\"WebSite\",\"@id\":\"https:\/\/rj-experience.com\/#website\",\"url\":\"https:\/\/rj-experience.com\/\",\"name\":\"RJ Exp\u00e9rience\",\"description\":\"\",\"publisher\":{\"@id\":\"https:\/\/rj-experience.com\/#organization\"},\"potentialAction\":[{\"@type\":\"SearchAction\",\"target\":{\"@type\":\"EntryPoint\",\"urlTemplate\":\"https:\/\/rj-experience.com\/?s={search_term_string}\"},\"query-input\":{\"@type\":\"PropertyValueSpecification\",\"valueRequired\":true,\"valueName\":\"search_term_string\"}}],\"inLanguage\":\"en-US\"},{\"@type\":\"Organization\",\"@id\":\"https:\/\/rj-experience.com\/#organization\",\"name\":\"RJ Exp\u00e9rience\",\"url\":\"https:\/\/rj-experience.com\/\",\"logo\":{\"@type\":\"ImageObject\",\"inLanguage\":\"en-US\",\"@id\":\"https:\/\/rj-experience.com\/#\/schema\/logo\/image\/\",\"url\":\"https:\/\/rj-experience.com\/wp-content\/uploads\/2025\/10\/cropped-ChatGPT-Image-28-oct.-2025-18_28_26.png\",\"contentUrl\":\"https:\/\/rj-experience.com\/wp-content\/uploads\/2025\/10\/cropped-ChatGPT-Image-28-oct.-2025-18_28_26.png\",\"width\":512,\"height\":512,\"caption\":\"RJ Exp\u00e9rience\"},\"image\":{\"@id\":\"https:\/\/rj-experience.com\/#\/schema\/logo\/image\/\"}}]}<\/script>\n<!-- \/ Yoast SEO plugin. -->","yoast_head_json":{"title":"Proceratosaurus - RJ Exp\u00e9rience","robots":{"index":"index","follow":"follow","max-snippet":"max-snippet:-1","max-image-preview":"max-image-preview:large","max-video-preview":"max-video-preview:-1"},"canonical":"https:\/\/rj-experience.com\/index.php\/proceratosaurus\/","og_locale":"en_US","og_type":"article","og_title":"Proceratosaurus - RJ Exp\u00e9rience","og_description":"\u00a0 \u00a0 \u00a0 \u00a0 \u00a0 \u00a0 \u00a0 \u00a0 \u00a0 \u00a0 \u00a0Protoceratops 1. Qui a d\u00e9couvert le Protoceratops ?Le Protoceratops a \u00e9t\u00e9 d\u00e9couvert par l\u2019\u00e9quipe de l\u2019American Museum of Natural History, dirig\u00e9e par Roy Chapman Andrews lors des exp\u00e9ditions en Mongolie en 1922. 2. O\u00f9 a-t-on trouv\u00e9 le fossile de ce reptile ?\u00a0En Mongolie, dans le [&hellip;]","og_url":"https:\/\/rj-experience.com\/index.php\/proceratosaurus\/","og_site_name":"RJ Exp\u00e9rience","article_modified_time":"2025-10-01T16:22:09+00:00","twitter_card":"summary_large_image","twitter_misc":{"Est. reading time":"2 minutes"},"schema":{"@context":"https:\/\/schema.org","@graph":[{"@type":"WebPage","@id":"https:\/\/rj-experience.com\/index.php\/proceratosaurus\/","url":"https:\/\/rj-experience.com\/index.php\/proceratosaurus\/","name":"Proceratosaurus - RJ Exp\u00e9rience","isPartOf":{"@id":"https:\/\/rj-experience.com\/#website"},"datePublished":"2025-07-22T14:45:05+00:00","dateModified":"2025-10-01T16:22:09+00:00","breadcrumb":{"@id":"https:\/\/rj-experience.com\/index.php\/proceratosaurus\/#breadcrumb"},"inLanguage":"en-US","potentialAction":[{"@type":"ReadAction","target":["https:\/\/rj-experience.com\/index.php\/proceratosaurus\/"]}]},{"@type":"BreadcrumbList","@id":"https:\/\/rj-experience.com\/index.php\/proceratosaurus\/#breadcrumb","itemListElement":[{"@type":"ListItem","position":1,"name":"Home","item":"https:\/\/rj-experience.com\/"},{"@type":"ListItem","position":2,"name":"Proceratosaurus"}]},{"@type":"WebSite","@id":"https:\/\/rj-experience.com\/#website","url":"https:\/\/rj-experience.com\/","name":"RJ Exp\u00e9rience","description":"","publisher":{"@id":"https:\/\/rj-experience.com\/#organization"},"potentialAction":[{"@type":"SearchAction","target":{"@type":"EntryPoint","urlTemplate":"https:\/\/rj-experience.com\/?s={search_term_string}"},"query-input":{"@type":"PropertyValueSpecification","valueRequired":true,"valueName":"search_term_string"}}],"inLanguage":"en-US"},{"@type":"Organization","@id":"https:\/\/rj-experience.com\/#organization","name":"RJ Exp\u00e9rience","url":"https:\/\/rj-experience.com\/","logo":{"@type":"ImageObject","inLanguage":"en-US","@id":"https:\/\/rj-experience.com\/#\/schema\/logo\/image\/","url":"https:\/\/rj-experience.com\/wp-content\/uploads\/2025\/10\/cropped-ChatGPT-Image-28-oct.-2025-18_28_26.png","contentUrl":"https:\/\/rj-experience.com\/wp-content\/uploads\/2025\/10\/cropped-ChatGPT-Image-28-oct.-2025-18_28_26.png","width":512,"height":512,"caption":"RJ Exp\u00e9rience"},"image":{"@id":"https:\/\/rj-experience.com\/#\/schema\/logo\/image\/"}}]}},"_links":{"self":[{"href":"https:\/\/rj-experience.com\/index.php\/wp-json\/wp\/v2\/pages\/471","targetHints":{"allow":["GET"]}}],"collection":[{"href":"https:\/\/rj-experience.com\/index.php\/wp-json\/wp\/v2\/pages"}],"about":[{"href":"https:\/\/rj-experience.com\/index.php\/wp-json\/wp\/v2\/types\/page"}],"author":[{"embeddable":true,"href":"https:\/\/rj-experience.com\/index.php\/wp-json\/wp\/v2\/users\/1"}],"replies":[{"embeddable":true,"href":"https:\/\/rj-experience.com\/index.php\/wp-json\/wp\/v2\/comments?post=471"}],"version-history":[{"count":4,"href":"https:\/\/rj-experience.com\/index.php\/wp-json\/wp\/v2\/pages\/471\/revisions"}],"predecessor-version":[{"id":1134,"href":"https:\/\/rj-experience.com\/index.php\/wp-json\/wp\/v2\/pages\/471\/revisions\/1134"}],"wp:attachment":[{"href":"https:\/\/rj-experience.com\/index.php\/wp-json\/wp\/v2\/media?parent=471"}],"curies":[{"name":"wp","href":"https:\/\/api.w.org\/{rel}","templated":true}]}}