{"id":466,"date":"2025-07-22T14:40:47","date_gmt":"2025-07-22T14:40:47","guid":{"rendered":"http:\/\/rj-experience.com\/?page_id=466"},"modified":"2025-10-01T16:10:35","modified_gmt":"2025-10-01T16:10:35","slug":"compsognathus","status":"publish","type":"page","link":"https:\/\/rj-experience.com\/index.php\/compsognathus\/","title":{"rendered":"Compsognathus"},"content":{"rendered":"\t\t<div data-elementor-type=\"wp-page\" data-elementor-id=\"466\" class=\"elementor elementor-466\">\n\t\t\t\t<div class=\"elementor-element elementor-element-72f4b76 e-flex e-con-boxed e-con e-parent\" data-id=\"72f4b76\" data-element_type=\"container\">\n\t\t\t\t\t<div class=\"e-con-inner\">\n\t\t\t\t<div class=\"elementor-element elementor-element-0dc94c5 elementor-widget elementor-widget-text-editor\" data-id=\"0dc94c5\" data-element_type=\"widget\" data-widget_type=\"text-editor.default\">\n\t\t\t\t\t\t\t\t\t<h2 data-start=\"117\" data-end=\"278\">\u00a0 \u00a0 \u00a0 \u00a0 \u00a0 \u00a0 \u00a0 \u00a0 \u00a0 Compsognathus<\/h2><p data-start=\"117\" data-end=\"278\">\u00a0<\/p><p data-start=\"117\" data-end=\"278\"><strong data-start=\"117\" data-end=\"158\">1. Qui a d\u00e9couvert le Compsognathus ?<\/strong><br data-start=\"158\" data-end=\"161\" \/>\u2192 Le premier fossile a \u00e9t\u00e9 d\u00e9couvert en <strong data-start=\"201\" data-end=\"209\">1859<\/strong> par le <strong data-start=\"217\" data-end=\"247\">docteur Joseph Oberndorfer<\/strong>, un collectionneur allemand.<\/p><p data-start=\"280\" data-end=\"427\"><strong data-start=\"280\" data-end=\"330\">2. O\u00f9 a-t-on trouv\u00e9 le fossile de ce reptile ?<\/strong><br data-start=\"330\" data-end=\"333\" \/>\u2192 Les fossiles ont \u00e9t\u00e9 trouv\u00e9s en <strong data-start=\"367\" data-end=\"390\">Allemagne (Bavi\u00e8re)<\/strong> et plus tard en <strong data-start=\"407\" data-end=\"424\">France (Nice)<\/strong>.<\/p><p data-start=\"429\" data-end=\"554\"><strong data-start=\"429\" data-end=\"485\">3. Quand a-t-on trouv\u00e9 le premier os de ce reptile ?<\/strong><br data-start=\"485\" data-end=\"488\" \/>\u2192 Le premier squelette a \u00e9t\u00e9 d\u00e9couvert en <strong data-start=\"530\" data-end=\"538\">1859<\/strong> en Allemagne.<\/p><p data-start=\"556\" data-end=\"707\"><strong data-start=\"556\" data-end=\"594\">4. Est-il carnivore ou herbivore ?<\/strong><br data-start=\"594\" data-end=\"597\" \/>\u2192 C\u2019\u00e9tait un <strong data-start=\"610\" data-end=\"623\">carnivore<\/strong>, il se nourrissait de petits l\u00e9zards, insectes et peut-\u00eatre de jeunes dinosaures.<\/p><p data-start=\"709\" data-end=\"815\"><strong data-start=\"709\" data-end=\"740\">5. Combien fait sa taille ?<\/strong><br data-start=\"740\" data-end=\"743\" \/>\u2192 Il mesurait environ <strong data-start=\"765\" data-end=\"790\">70 cm \u00e0 1,4 m de long<\/strong> (selon les sp\u00e9cimens).<\/p><p data-start=\"817\" data-end=\"917\"><strong data-start=\"817\" data-end=\"843\">6. Combien p\u00e8se-t-il ?<\/strong><br data-start=\"843\" data-end=\"846\" \/>\u2192 Il pesait environ <strong data-start=\"866\" data-end=\"878\">2 \u00e0 3 kg<\/strong> (comme une poule ou un gros poulet).<\/p><p data-start=\"919\" data-end=\"1075\"><strong data-start=\"919\" data-end=\"988\">7. Le Compsognathus vient du Cr\u00e9tac\u00e9, du Trias ou du Jurassique ?<\/strong><br data-start=\"988\" data-end=\"991\" \/>\u2192 Il vivait au <strong data-start=\"1006\" data-end=\"1030\">Jurassique sup\u00e9rieur<\/strong>, il y a environ <strong data-start=\"1047\" data-end=\"1072\">150 millions d\u2019ann\u00e9es<\/strong>.<\/p><p data-start=\"1077\" data-end=\"1230\"><strong data-start=\"1077\" data-end=\"1130\">8. \u00c0 quelle famille appartient le Compsognathus ?<\/strong><br data-start=\"1130\" data-end=\"1133\" \/>\u2192 Il appartient \u00e0 la famille des <strong data-start=\"1166\" data-end=\"1185\">Compsognathidae<\/strong>, de petits th\u00e9ropodes proches des oiseaux.<\/p><p data-start=\"1232\" data-end=\"1345\"><strong data-start=\"1232\" data-end=\"1272\">9. Combien a v\u00e9cu le Compsognathus ?<\/strong><br data-start=\"1272\" data-end=\"1275\" \/>\u2192 Il a v\u00e9cu environ <strong data-start=\"1295\" data-end=\"1342\">150 \u00e0 145 millions d\u2019ann\u00e9es avant notre \u00e8re<\/strong>.<\/p><p data-start=\"1347\" data-end=\"1469\"><strong data-start=\"1347\" data-end=\"1392\">10. Combien fait la taille de ses dents ?<\/strong><br data-start=\"1392\" data-end=\"1395\" \/>\u2192 Ses dents mesuraient environ <strong data-start=\"1426\" data-end=\"1438\">2 \u00e0 4 mm<\/strong>, petites mais tr\u00e8s pointues.<\/p><p data-start=\"1471\" data-end=\"1569\"><strong data-start=\"1471\" data-end=\"1510\">11. Quel est son nom scientifique ?<\/strong><br data-start=\"1510\" data-end=\"1513\" \/>\u2192 Son nom scientifique est <strong data-start=\"1540\" data-end=\"1566\">Compsognathus longipes<\/strong>.<\/p><p data-start=\"1571\" data-end=\"1690\"><strong data-start=\"1571\" data-end=\"1603\">12. Combien p\u00e8se son cr\u00e2ne ?<\/strong><br data-start=\"1603\" data-end=\"1606\" \/>\u2192 Son cr\u00e2ne mesurait environ <strong data-start=\"1635\" data-end=\"1652\">10 cm de long<\/strong> et pesait <strong data-start=\"1663\" data-end=\"1687\">moins de 200 grammes<\/strong>.<\/p><p data-start=\"1692\" data-end=\"1876\"><strong data-start=\"1692\" data-end=\"1728\">13. Vit-il seul ou en troupeau ?<\/strong><br data-start=\"1728\" data-end=\"1731\" \/>\u2192 Les pal\u00e9ontologues pensent qu\u2019il vivait plut\u00f4t <strong data-start=\"1780\" data-end=\"1788\">seul<\/strong>, mais certains estiment qu\u2019il pouvait se d\u00e9placer en <strong data-start=\"1842\" data-end=\"1860\">petits groupes<\/strong> pour chasser.<\/p><p data-start=\"1878\" data-end=\"2027\"><strong data-start=\"1878\" data-end=\"1928\">14. Quel est son premier os qui a \u00e9t\u00e9 trouv\u00e9 ?<\/strong><br data-start=\"1928\" data-end=\"1931\" \/>\u2192 Le premier fossile \u00e9tait <strong data-start=\"1958\" data-end=\"1990\">un squelette presque complet<\/strong> (ce qui \u00e9tait rare pour l\u2019\u00e9poque).<\/p><p data-start=\"2029\" data-end=\"2141\"><strong data-start=\"2029\" data-end=\"2058\">15. Quand le nomme-t-on ?<\/strong><br data-start=\"2058\" data-end=\"2061\" \/>\u2192 Il a \u00e9t\u00e9 nomm\u00e9 en <strong data-start=\"2081\" data-end=\"2089\">1861<\/strong> par le pal\u00e9ontologue allemand <strong data-start=\"2120\" data-end=\"2138\">Andreas Wagner<\/strong>.<\/p><p data-start=\"2143\" data-end=\"2247\"><strong data-start=\"2143\" data-end=\"2174\">16. Combien il a de dents ?<\/strong><br data-start=\"2174\" data-end=\"2177\" \/>\u2192 Il avait environ <strong data-start=\"2196\" data-end=\"2226\">60 dents fines et pointues<\/strong> (30 par m\u00e2choire).<\/p><p data-start=\"2249\" data-end=\"2392\"><strong data-start=\"2249\" data-end=\"2319\">17. Quels sont les autres dinosaures qui vivaient \u00e0 cette \u00e9poque ?<\/strong><br data-start=\"2319\" data-end=\"2322\" \/>\u2192 Au Jurassique sup\u00e9rieur, aux c\u00f4t\u00e9s de Compsognathus, on trouvait :<\/p><ul data-start=\"2393\" data-end=\"2583\"><li data-start=\"2393\" data-end=\"2430\"><p data-start=\"2395\" data-end=\"2430\"><strong data-start=\"2395\" data-end=\"2409\">Allosaurus<\/strong> (grand carnivore),<\/p><\/li><li data-start=\"2431\" data-end=\"2452\"><p data-start=\"2433\" data-end=\"2452\"><strong data-start=\"2433\" data-end=\"2449\">Ceratosaurus<\/strong>,<\/p><\/li><li data-start=\"2453\" data-end=\"2503\"><p data-start=\"2455\" data-end=\"2503\"><strong data-start=\"2455\" data-end=\"2472\">Brachiosaurus<\/strong> (grand sauropode herbivore),<\/p><\/li><li data-start=\"2504\" data-end=\"2524\"><p data-start=\"2506\" data-end=\"2524\"><strong data-start=\"2506\" data-end=\"2521\">Stegosaurus<\/strong>,<\/p><\/li><li data-start=\"2525\" data-end=\"2583\"><p data-start=\"2527\" data-end=\"2583\">et aussi les premiers oiseaux comme <strong data-start=\"2563\" data-end=\"2580\">Archaeopteryx<\/strong>.<\/p><\/li><\/ul>\t\t\t\t\t\t\t\t<\/div>\n\t\t\t\t\t<\/div>\n\t\t\t\t<\/div>\n\t\t\t\t<\/div>\n\t\t","protected":false},"excerpt":{"rendered":"<p>\u00a0 \u00a0 \u00a0 \u00a0 \u00a0 \u00a0 \u00a0 \u00a0 \u00a0 Compsognathus \u00a0 1. Qui a d\u00e9couvert le Compsognathus ?\u2192 Le premier fossile a \u00e9t\u00e9 d\u00e9couvert en 1859 par le docteur Joseph Oberndorfer, un collectionneur allemand. 2. O\u00f9 a-t-on trouv\u00e9 le fossile de ce reptile ?\u2192 Les fossiles ont \u00e9t\u00e9 trouv\u00e9s en Allemagne (Bavi\u00e8re) et plus tard [&hellip;]<\/p>\n","protected":false},"author":1,"featured_media":0,"parent":0,"menu_order":0,"comment_status":"closed","ping_status":"closed","template":"","meta":{"footnotes":""},"class_list":["post-466","page","type-page","status-publish","hentry"],"yoast_head":"<!-- This site is optimized with the Yoast SEO plugin v26.2 - https:\/\/yoast.com\/wordpress\/plugins\/seo\/ -->\n<title>Compsognathus - RJ Exp\u00e9rience<\/title>\n<meta name=\"robots\" content=\"index, follow, max-snippet:-1, max-image-preview:large, max-video-preview:-1\" \/>\n<link rel=\"canonical\" href=\"https:\/\/rj-experience.com\/index.php\/compsognathus\/\" \/>\n<meta property=\"og:locale\" content=\"en_US\" \/>\n<meta property=\"og:type\" content=\"article\" \/>\n<meta property=\"og:title\" content=\"Compsognathus - RJ Exp\u00e9rience\" \/>\n<meta property=\"og:description\" content=\"\u00a0 \u00a0 \u00a0 \u00a0 \u00a0 \u00a0 \u00a0 \u00a0 \u00a0 Compsognathus \u00a0 1. Qui a d\u00e9couvert le Compsognathus ?\u2192 Le premier fossile a \u00e9t\u00e9 d\u00e9couvert en 1859 par le docteur Joseph Oberndorfer, un collectionneur allemand. 2. O\u00f9 a-t-on trouv\u00e9 le fossile de ce reptile ?\u2192 Les fossiles ont \u00e9t\u00e9 trouv\u00e9s en Allemagne (Bavi\u00e8re) et plus tard [&hellip;]\" \/>\n<meta property=\"og:url\" content=\"https:\/\/rj-experience.com\/index.php\/compsognathus\/\" \/>\n<meta property=\"og:site_name\" content=\"RJ Exp\u00e9rience\" \/>\n<meta property=\"article:modified_time\" content=\"2025-10-01T16:10:35+00:00\" \/>\n<meta name=\"twitter:card\" content=\"summary_large_image\" \/>\n<meta name=\"twitter:label1\" content=\"Est. reading time\" \/>\n\t<meta name=\"twitter:data1\" content=\"2 minutes\" \/>\n<script type=\"application\/ld+json\" class=\"yoast-schema-graph\">{\"@context\":\"https:\/\/schema.org\",\"@graph\":[{\"@type\":\"WebPage\",\"@id\":\"https:\/\/rj-experience.com\/index.php\/compsognathus\/\",\"url\":\"https:\/\/rj-experience.com\/index.php\/compsognathus\/\",\"name\":\"Compsognathus - RJ Exp\u00e9rience\",\"isPartOf\":{\"@id\":\"https:\/\/rj-experience.com\/#website\"},\"datePublished\":\"2025-07-22T14:40:47+00:00\",\"dateModified\":\"2025-10-01T16:10:35+00:00\",\"breadcrumb\":{\"@id\":\"https:\/\/rj-experience.com\/index.php\/compsognathus\/#breadcrumb\"},\"inLanguage\":\"en-US\",\"potentialAction\":[{\"@type\":\"ReadAction\",\"target\":[\"https:\/\/rj-experience.com\/index.php\/compsognathus\/\"]}]},{\"@type\":\"BreadcrumbList\",\"@id\":\"https:\/\/rj-experience.com\/index.php\/compsognathus\/#breadcrumb\",\"itemListElement\":[{\"@type\":\"ListItem\",\"position\":1,\"name\":\"Home\",\"item\":\"https:\/\/rj-experience.com\/\"},{\"@type\":\"ListItem\",\"position\":2,\"name\":\"Compsognathus\"}]},{\"@type\":\"WebSite\",\"@id\":\"https:\/\/rj-experience.com\/#website\",\"url\":\"https:\/\/rj-experience.com\/\",\"name\":\"RJ Exp\u00e9rience\",\"description\":\"\",\"publisher\":{\"@id\":\"https:\/\/rj-experience.com\/#organization\"},\"potentialAction\":[{\"@type\":\"SearchAction\",\"target\":{\"@type\":\"EntryPoint\",\"urlTemplate\":\"https:\/\/rj-experience.com\/?s={search_term_string}\"},\"query-input\":{\"@type\":\"PropertyValueSpecification\",\"valueRequired\":true,\"valueName\":\"search_term_string\"}}],\"inLanguage\":\"en-US\"},{\"@type\":\"Organization\",\"@id\":\"https:\/\/rj-experience.com\/#organization\",\"name\":\"RJ Exp\u00e9rience\",\"url\":\"https:\/\/rj-experience.com\/\",\"logo\":{\"@type\":\"ImageObject\",\"inLanguage\":\"en-US\",\"@id\":\"https:\/\/rj-experience.com\/#\/schema\/logo\/image\/\",\"url\":\"https:\/\/rj-experience.com\/wp-content\/uploads\/2025\/10\/cropped-ChatGPT-Image-28-oct.-2025-18_28_26.png\",\"contentUrl\":\"https:\/\/rj-experience.com\/wp-content\/uploads\/2025\/10\/cropped-ChatGPT-Image-28-oct.-2025-18_28_26.png\",\"width\":512,\"height\":512,\"caption\":\"RJ Exp\u00e9rience\"},\"image\":{\"@id\":\"https:\/\/rj-experience.com\/#\/schema\/logo\/image\/\"}}]}<\/script>\n<!-- \/ Yoast SEO plugin. -->","yoast_head_json":{"title":"Compsognathus - RJ Exp\u00e9rience","robots":{"index":"index","follow":"follow","max-snippet":"max-snippet:-1","max-image-preview":"max-image-preview:large","max-video-preview":"max-video-preview:-1"},"canonical":"https:\/\/rj-experience.com\/index.php\/compsognathus\/","og_locale":"en_US","og_type":"article","og_title":"Compsognathus - RJ Exp\u00e9rience","og_description":"\u00a0 \u00a0 \u00a0 \u00a0 \u00a0 \u00a0 \u00a0 \u00a0 \u00a0 Compsognathus \u00a0 1. Qui a d\u00e9couvert le Compsognathus ?\u2192 Le premier fossile a \u00e9t\u00e9 d\u00e9couvert en 1859 par le docteur Joseph Oberndorfer, un collectionneur allemand. 2. O\u00f9 a-t-on trouv\u00e9 le fossile de ce reptile ?\u2192 Les fossiles ont \u00e9t\u00e9 trouv\u00e9s en Allemagne (Bavi\u00e8re) et plus tard [&hellip;]","og_url":"https:\/\/rj-experience.com\/index.php\/compsognathus\/","og_site_name":"RJ Exp\u00e9rience","article_modified_time":"2025-10-01T16:10:35+00:00","twitter_card":"summary_large_image","twitter_misc":{"Est. reading time":"2 minutes"},"schema":{"@context":"https:\/\/schema.org","@graph":[{"@type":"WebPage","@id":"https:\/\/rj-experience.com\/index.php\/compsognathus\/","url":"https:\/\/rj-experience.com\/index.php\/compsognathus\/","name":"Compsognathus - RJ Exp\u00e9rience","isPartOf":{"@id":"https:\/\/rj-experience.com\/#website"},"datePublished":"2025-07-22T14:40:47+00:00","dateModified":"2025-10-01T16:10:35+00:00","breadcrumb":{"@id":"https:\/\/rj-experience.com\/index.php\/compsognathus\/#breadcrumb"},"inLanguage":"en-US","potentialAction":[{"@type":"ReadAction","target":["https:\/\/rj-experience.com\/index.php\/compsognathus\/"]}]},{"@type":"BreadcrumbList","@id":"https:\/\/rj-experience.com\/index.php\/compsognathus\/#breadcrumb","itemListElement":[{"@type":"ListItem","position":1,"name":"Home","item":"https:\/\/rj-experience.com\/"},{"@type":"ListItem","position":2,"name":"Compsognathus"}]},{"@type":"WebSite","@id":"https:\/\/rj-experience.com\/#website","url":"https:\/\/rj-experience.com\/","name":"RJ Exp\u00e9rience","description":"","publisher":{"@id":"https:\/\/rj-experience.com\/#organization"},"potentialAction":[{"@type":"SearchAction","target":{"@type":"EntryPoint","urlTemplate":"https:\/\/rj-experience.com\/?s={search_term_string}"},"query-input":{"@type":"PropertyValueSpecification","valueRequired":true,"valueName":"search_term_string"}}],"inLanguage":"en-US"},{"@type":"Organization","@id":"https:\/\/rj-experience.com\/#organization","name":"RJ Exp\u00e9rience","url":"https:\/\/rj-experience.com\/","logo":{"@type":"ImageObject","inLanguage":"en-US","@id":"https:\/\/rj-experience.com\/#\/schema\/logo\/image\/","url":"https:\/\/rj-experience.com\/wp-content\/uploads\/2025\/10\/cropped-ChatGPT-Image-28-oct.-2025-18_28_26.png","contentUrl":"https:\/\/rj-experience.com\/wp-content\/uploads\/2025\/10\/cropped-ChatGPT-Image-28-oct.-2025-18_28_26.png","width":512,"height":512,"caption":"RJ Exp\u00e9rience"},"image":{"@id":"https:\/\/rj-experience.com\/#\/schema\/logo\/image\/"}}]}},"_links":{"self":[{"href":"https:\/\/rj-experience.com\/index.php\/wp-json\/wp\/v2\/pages\/466","targetHints":{"allow":["GET"]}}],"collection":[{"href":"https:\/\/rj-experience.com\/index.php\/wp-json\/wp\/v2\/pages"}],"about":[{"href":"https:\/\/rj-experience.com\/index.php\/wp-json\/wp\/v2\/types\/page"}],"author":[{"embeddable":true,"href":"https:\/\/rj-experience.com\/index.php\/wp-json\/wp\/v2\/users\/1"}],"replies":[{"embeddable":true,"href":"https:\/\/rj-experience.com\/index.php\/wp-json\/wp\/v2\/comments?post=466"}],"version-history":[{"count":4,"href":"https:\/\/rj-experience.com\/index.php\/wp-json\/wp\/v2\/pages\/466\/revisions"}],"predecessor-version":[{"id":1131,"href":"https:\/\/rj-experience.com\/index.php\/wp-json\/wp\/v2\/pages\/466\/revisions\/1131"}],"wp:attachment":[{"href":"https:\/\/rj-experience.com\/index.php\/wp-json\/wp\/v2\/media?parent=466"}],"curies":[{"name":"wp","href":"https:\/\/api.w.org\/{rel}","templated":true}]}}