{"id":461,"date":"2025-07-22T14:38:40","date_gmt":"2025-07-22T14:38:40","guid":{"rendered":"http:\/\/rj-experience.com\/?page_id=461"},"modified":"2025-10-01T16:01:41","modified_gmt":"2025-10-01T16:01:41","slug":"herrerasaurus","status":"publish","type":"page","link":"https:\/\/rj-experience.com\/index.php\/herrerasaurus\/","title":{"rendered":"Herrerasaurus"},"content":{"rendered":"\t\t<div data-elementor-type=\"wp-page\" data-elementor-id=\"461\" class=\"elementor elementor-461\">\n\t\t\t\t<div class=\"elementor-element elementor-element-6de024a e-flex e-con-boxed e-con e-parent\" data-id=\"6de024a\" data-element_type=\"container\">\n\t\t\t\t\t<div class=\"e-con-inner\">\n\t\t\t\t<div class=\"elementor-element elementor-element-21f135f elementor-widget elementor-widget-text-editor\" data-id=\"21f135f\" data-element_type=\"widget\" data-widget_type=\"text-editor.default\">\n\t\t\t\t\t\t\t\t\t<p>Herrerasaurus<\/p><p>1.Qui a d\u00e9couvert le Herrerasaurus?<\/p><p>Il a \u00e9t\u00e9 d\u00e9couvert en <strong data-start=\"185\" data-end=\"193\">1959<\/strong> par un \u00e9leveur argentin nomm\u00e9 <strong data-start=\"224\" data-end=\"245\">Victorino Herrera<\/strong> (le dinosaure porte son nom).<\/p><p>2.Ou a t\u2019on trouv\u00e9 le fossile de ce reptile?<\/p><p>Les fossiles ont \u00e9t\u00e9 trouv\u00e9s en <strong data-start=\"366\" data-end=\"379\">Argentine<\/strong>, dans la <strong data-start=\"389\" data-end=\"415\">vall\u00e9e d\u2019Ischigualasto<\/strong>, appel\u00e9e aussi \u00ab Vall\u00e9e de la Lune \u00bb.<\/p><p>3.Quand a-t- on trouv\u00e9 le premier os de ce reptile?<\/p><p>Le premier os a \u00e9t\u00e9 d\u00e9couvert en <strong data-start=\"551\" data-end=\"559\">1959<\/strong>, puis des squelettes plus complets dans les ann\u00e9es <strong data-start=\"611\" data-end=\"627\">1960 et 1980<\/strong>.<\/p><p>4.Est-il carnivore ou herbivore?<\/p><p>C\u2019\u00e9tait un <strong data-start=\"686\" data-end=\"699\">carnivore<\/strong>, un des premiers grands pr\u00e9dateurs dinosaures.<\/p><p>5.Combien fait sa taille?<\/p><p>Il mesurait environ <strong data-start=\"806\" data-end=\"830\">3 \u00e0 4 m\u00e8tres de long<\/strong> et environ <strong data-start=\"842\" data-end=\"863\">1,2 m\u00e8tre de haut<\/strong>.<\/p><p>6.Combien p\u00e8se-t-il?<\/p><p>Son poids est estim\u00e9 entre <strong data-start=\"926\" data-end=\"943\">200 et 250 kg<\/strong>.<\/p><p>7.Le Herrerasaurus vient du cr\u00e9tac\u00e9,du tria ou du jurassique ?<\/p><p>Il vivait au <strong data-start=\"1035\" data-end=\"1054\">Trias sup\u00e9rieur<\/strong> (environ <strong data-start=\"1064\" data-end=\"1089\">231 millions d\u2019ann\u00e9es<\/strong>).<\/p><p>8.A quelle famille appartient le Herrerasaurus?<\/p><p>Il appartient \u00e0 la famille des <strong data-start=\"1184\" data-end=\"1203\">Herrerasauridae<\/strong>, un groupe tr\u00e8s primitif de th\u00e9ropodes.<\/p><p>9.Combien a v\u00e9cu le Herrerasaurus?<\/p><p>Il a v\u00e9cu il y a environ <strong data-start=\"1317\" data-end=\"1348\">231 \u00e0 228 millions d\u2019ann\u00e9es<\/strong>, pendant une courte p\u00e9riode (quelques millions d\u2019ann\u00e9es seulement).<\/p><p>10.Combien fait la taille de ses dents ?<\/p><p>Ses dents mesuraient <strong data-start=\"1491\" data-end=\"1503\">2 \u00e0 3 cm<\/strong>, tr\u00e8s tranchantes et recourb\u00e9es.<\/p><p>11.Quel est sont nom scientifique ?<\/p><p>on nom scientifique est <strong data-start=\"1609\" data-end=\"1644\">Herrerasaurus ischigualastensis<\/strong>.<\/p><p>12.Combien p\u00e8se son crane?<\/p><p>Son cr\u00e2ne faisait environ <strong data-start=\"1712\" data-end=\"1734\">30 \u00e0 40 cm de long<\/strong> et pesait environ <strong data-start=\"1753\" data-end=\"1765\">5 \u00e0 7 kg<\/strong>.<\/p><p>13.Vit-il seul ou en troupeau?<\/p><p>Les pal\u00e9ontologues pensent qu\u2019il \u00e9tait plut\u00f4t <strong data-start=\"1857\" data-end=\"1870\">solitaire<\/strong>, mais il est possible qu\u2019il ait chass\u00e9 en petits groupes.<\/p><p>14.Qui est son premier os qui a \u00e9t\u00e9 trouv\u00e9?<\/p><p>Le premier fossile retrouv\u00e9 \u00e9tait <strong data-start=\"2021\" data-end=\"2050\">une partie de la m\u00e2choire<\/strong> avec des dents.<\/p><p>15.Quand il le nomme ?<\/p><p>Il a \u00e9t\u00e9 nomm\u00e9 en <strong data-start=\"2122\" data-end=\"2130\">1963<\/strong> par le pal\u00e9ontologue <strong data-start=\"2152\" data-end=\"2168\">Osvaldo Reig<\/strong>.<\/p><p>16.Combien il a de dents?<\/p><p>Il avait environ <strong data-start=\"2226\" data-end=\"2251\">20 dents par m\u00e2choire<\/strong> (soit <strong data-start=\"2258\" data-end=\"2279\">40 dents au total<\/strong>).<\/p><p>17.Quels sont les autres dinosaures qui vivaient \u00e0 cette \u00e9poque?<\/p><p data-start=\"2285\" data-end=\"2423\">Au Trias sup\u00e9rieur, aux c\u00f4t\u00e9s du Herrerasaurus, on trouvait :<\/p><ul data-start=\"2424\" data-end=\"2687\"><li data-start=\"2424\" data-end=\"2471\"><p data-start=\"2426\" data-end=\"2471\"><strong data-start=\"2426\" data-end=\"2438\">Eoraptor<\/strong> (un petit th\u00e9ropode primitif),<\/p><\/li><li data-start=\"2472\" data-end=\"2525\"><p data-start=\"2474\" data-end=\"2525\"><strong data-start=\"2474\" data-end=\"2492\">Staurikosaurus<\/strong> (un autre carnivore primitif),<\/p><\/li><li data-start=\"2526\" data-end=\"2584\"><p data-start=\"2528\" data-end=\"2584\"><strong data-start=\"2528\" data-end=\"2544\">Plateosaurus<\/strong> (un grand herbivore sauropodomorphe),<\/p><\/li><li data-start=\"2585\" data-end=\"2687\"><p data-start=\"2587\" data-end=\"2687\">ainsi que des reptiles non-dinosaures comme les <strong data-start=\"2635\" data-end=\"2651\">rauisuchiens<\/strong> et les premiers <strong data-start=\"2668\" data-end=\"2684\">crocodiliens<\/strong>.<\/p><\/li><\/ul><p>\u00a0<\/p>\t\t\t\t\t\t\t\t<\/div>\n\t\t\t\t\t<\/div>\n\t\t\t\t<\/div>\n\t\t\t\t<\/div>\n\t\t","protected":false},"excerpt":{"rendered":"<p>Herrerasaurus 1.Qui a d\u00e9couvert le Herrerasaurus? Il a \u00e9t\u00e9 d\u00e9couvert en 1959 par un \u00e9leveur argentin nomm\u00e9 Victorino Herrera (le dinosaure porte son nom). 2.Ou a t\u2019on trouv\u00e9 le fossile de ce reptile? Les fossiles ont \u00e9t\u00e9 trouv\u00e9s en Argentine, dans la vall\u00e9e d\u2019Ischigualasto, appel\u00e9e aussi \u00ab Vall\u00e9e de la Lune \u00bb. 3.Quand a-t- on [&hellip;]<\/p>\n","protected":false},"author":1,"featured_media":0,"parent":0,"menu_order":0,"comment_status":"closed","ping_status":"closed","template":"","meta":{"footnotes":""},"class_list":["post-461","page","type-page","status-publish","hentry"],"yoast_head":"<!-- This site is optimized with the Yoast SEO plugin v26.2 - https:\/\/yoast.com\/wordpress\/plugins\/seo\/ -->\n<title>Herrerasaurus - RJ Exp\u00e9rience<\/title>\n<meta name=\"robots\" content=\"index, follow, max-snippet:-1, max-image-preview:large, max-video-preview:-1\" \/>\n<link rel=\"canonical\" href=\"https:\/\/rj-experience.com\/index.php\/herrerasaurus\/\" \/>\n<meta property=\"og:locale\" content=\"en_US\" \/>\n<meta property=\"og:type\" content=\"article\" \/>\n<meta property=\"og:title\" content=\"Herrerasaurus - RJ Exp\u00e9rience\" \/>\n<meta property=\"og:description\" content=\"Herrerasaurus 1.Qui a d\u00e9couvert le Herrerasaurus? Il a \u00e9t\u00e9 d\u00e9couvert en 1959 par un \u00e9leveur argentin nomm\u00e9 Victorino Herrera (le dinosaure porte son nom). 2.Ou a t\u2019on trouv\u00e9 le fossile de ce reptile? Les fossiles ont \u00e9t\u00e9 trouv\u00e9s en Argentine, dans la vall\u00e9e d\u2019Ischigualasto, appel\u00e9e aussi \u00ab Vall\u00e9e de la Lune \u00bb. 3.Quand a-t- on [&hellip;]\" \/>\n<meta property=\"og:url\" content=\"https:\/\/rj-experience.com\/index.php\/herrerasaurus\/\" \/>\n<meta property=\"og:site_name\" content=\"RJ Exp\u00e9rience\" \/>\n<meta property=\"article:modified_time\" content=\"2025-10-01T16:01:41+00:00\" \/>\n<meta name=\"twitter:card\" content=\"summary_large_image\" \/>\n<meta name=\"twitter:label1\" content=\"Est. reading time\" \/>\n\t<meta name=\"twitter:data1\" content=\"2 minutes\" \/>\n<script type=\"application\/ld+json\" class=\"yoast-schema-graph\">{\"@context\":\"https:\/\/schema.org\",\"@graph\":[{\"@type\":\"WebPage\",\"@id\":\"https:\/\/rj-experience.com\/index.php\/herrerasaurus\/\",\"url\":\"https:\/\/rj-experience.com\/index.php\/herrerasaurus\/\",\"name\":\"Herrerasaurus - RJ Exp\u00e9rience\",\"isPartOf\":{\"@id\":\"https:\/\/rj-experience.com\/#website\"},\"datePublished\":\"2025-07-22T14:38:40+00:00\",\"dateModified\":\"2025-10-01T16:01:41+00:00\",\"breadcrumb\":{\"@id\":\"https:\/\/rj-experience.com\/index.php\/herrerasaurus\/#breadcrumb\"},\"inLanguage\":\"en-US\",\"potentialAction\":[{\"@type\":\"ReadAction\",\"target\":[\"https:\/\/rj-experience.com\/index.php\/herrerasaurus\/\"]}]},{\"@type\":\"BreadcrumbList\",\"@id\":\"https:\/\/rj-experience.com\/index.php\/herrerasaurus\/#breadcrumb\",\"itemListElement\":[{\"@type\":\"ListItem\",\"position\":1,\"name\":\"Home\",\"item\":\"https:\/\/rj-experience.com\/\"},{\"@type\":\"ListItem\",\"position\":2,\"name\":\"Herrerasaurus\"}]},{\"@type\":\"WebSite\",\"@id\":\"https:\/\/rj-experience.com\/#website\",\"url\":\"https:\/\/rj-experience.com\/\",\"name\":\"RJ Exp\u00e9rience\",\"description\":\"\",\"publisher\":{\"@id\":\"https:\/\/rj-experience.com\/#organization\"},\"potentialAction\":[{\"@type\":\"SearchAction\",\"target\":{\"@type\":\"EntryPoint\",\"urlTemplate\":\"https:\/\/rj-experience.com\/?s={search_term_string}\"},\"query-input\":{\"@type\":\"PropertyValueSpecification\",\"valueRequired\":true,\"valueName\":\"search_term_string\"}}],\"inLanguage\":\"en-US\"},{\"@type\":\"Organization\",\"@id\":\"https:\/\/rj-experience.com\/#organization\",\"name\":\"RJ Exp\u00e9rience\",\"url\":\"https:\/\/rj-experience.com\/\",\"logo\":{\"@type\":\"ImageObject\",\"inLanguage\":\"en-US\",\"@id\":\"https:\/\/rj-experience.com\/#\/schema\/logo\/image\/\",\"url\":\"https:\/\/rj-experience.com\/wp-content\/uploads\/2025\/10\/cropped-ChatGPT-Image-28-oct.-2025-18_28_26.png\",\"contentUrl\":\"https:\/\/rj-experience.com\/wp-content\/uploads\/2025\/10\/cropped-ChatGPT-Image-28-oct.-2025-18_28_26.png\",\"width\":512,\"height\":512,\"caption\":\"RJ Exp\u00e9rience\"},\"image\":{\"@id\":\"https:\/\/rj-experience.com\/#\/schema\/logo\/image\/\"}}]}<\/script>\n<!-- \/ Yoast SEO plugin. -->","yoast_head_json":{"title":"Herrerasaurus - RJ Exp\u00e9rience","robots":{"index":"index","follow":"follow","max-snippet":"max-snippet:-1","max-image-preview":"max-image-preview:large","max-video-preview":"max-video-preview:-1"},"canonical":"https:\/\/rj-experience.com\/index.php\/herrerasaurus\/","og_locale":"en_US","og_type":"article","og_title":"Herrerasaurus - RJ Exp\u00e9rience","og_description":"Herrerasaurus 1.Qui a d\u00e9couvert le Herrerasaurus? Il a \u00e9t\u00e9 d\u00e9couvert en 1959 par un \u00e9leveur argentin nomm\u00e9 Victorino Herrera (le dinosaure porte son nom). 2.Ou a t\u2019on trouv\u00e9 le fossile de ce reptile? Les fossiles ont \u00e9t\u00e9 trouv\u00e9s en Argentine, dans la vall\u00e9e d\u2019Ischigualasto, appel\u00e9e aussi \u00ab Vall\u00e9e de la Lune \u00bb. 3.Quand a-t- on [&hellip;]","og_url":"https:\/\/rj-experience.com\/index.php\/herrerasaurus\/","og_site_name":"RJ Exp\u00e9rience","article_modified_time":"2025-10-01T16:01:41+00:00","twitter_card":"summary_large_image","twitter_misc":{"Est. reading time":"2 minutes"},"schema":{"@context":"https:\/\/schema.org","@graph":[{"@type":"WebPage","@id":"https:\/\/rj-experience.com\/index.php\/herrerasaurus\/","url":"https:\/\/rj-experience.com\/index.php\/herrerasaurus\/","name":"Herrerasaurus - RJ Exp\u00e9rience","isPartOf":{"@id":"https:\/\/rj-experience.com\/#website"},"datePublished":"2025-07-22T14:38:40+00:00","dateModified":"2025-10-01T16:01:41+00:00","breadcrumb":{"@id":"https:\/\/rj-experience.com\/index.php\/herrerasaurus\/#breadcrumb"},"inLanguage":"en-US","potentialAction":[{"@type":"ReadAction","target":["https:\/\/rj-experience.com\/index.php\/herrerasaurus\/"]}]},{"@type":"BreadcrumbList","@id":"https:\/\/rj-experience.com\/index.php\/herrerasaurus\/#breadcrumb","itemListElement":[{"@type":"ListItem","position":1,"name":"Home","item":"https:\/\/rj-experience.com\/"},{"@type":"ListItem","position":2,"name":"Herrerasaurus"}]},{"@type":"WebSite","@id":"https:\/\/rj-experience.com\/#website","url":"https:\/\/rj-experience.com\/","name":"RJ Exp\u00e9rience","description":"","publisher":{"@id":"https:\/\/rj-experience.com\/#organization"},"potentialAction":[{"@type":"SearchAction","target":{"@type":"EntryPoint","urlTemplate":"https:\/\/rj-experience.com\/?s={search_term_string}"},"query-input":{"@type":"PropertyValueSpecification","valueRequired":true,"valueName":"search_term_string"}}],"inLanguage":"en-US"},{"@type":"Organization","@id":"https:\/\/rj-experience.com\/#organization","name":"RJ Exp\u00e9rience","url":"https:\/\/rj-experience.com\/","logo":{"@type":"ImageObject","inLanguage":"en-US","@id":"https:\/\/rj-experience.com\/#\/schema\/logo\/image\/","url":"https:\/\/rj-experience.com\/wp-content\/uploads\/2025\/10\/cropped-ChatGPT-Image-28-oct.-2025-18_28_26.png","contentUrl":"https:\/\/rj-experience.com\/wp-content\/uploads\/2025\/10\/cropped-ChatGPT-Image-28-oct.-2025-18_28_26.png","width":512,"height":512,"caption":"RJ Exp\u00e9rience"},"image":{"@id":"https:\/\/rj-experience.com\/#\/schema\/logo\/image\/"}}]}},"_links":{"self":[{"href":"https:\/\/rj-experience.com\/index.php\/wp-json\/wp\/v2\/pages\/461","targetHints":{"allow":["GET"]}}],"collection":[{"href":"https:\/\/rj-experience.com\/index.php\/wp-json\/wp\/v2\/pages"}],"about":[{"href":"https:\/\/rj-experience.com\/index.php\/wp-json\/wp\/v2\/types\/page"}],"author":[{"embeddable":true,"href":"https:\/\/rj-experience.com\/index.php\/wp-json\/wp\/v2\/users\/1"}],"replies":[{"embeddable":true,"href":"https:\/\/rj-experience.com\/index.php\/wp-json\/wp\/v2\/comments?post=461"}],"version-history":[{"count":4,"href":"https:\/\/rj-experience.com\/index.php\/wp-json\/wp\/v2\/pages\/461\/revisions"}],"predecessor-version":[{"id":1128,"href":"https:\/\/rj-experience.com\/index.php\/wp-json\/wp\/v2\/pages\/461\/revisions\/1128"}],"wp:attachment":[{"href":"https:\/\/rj-experience.com\/index.php\/wp-json\/wp\/v2\/media?parent=461"}],"curies":[{"name":"wp","href":"https:\/\/api.w.org\/{rel}","templated":true}]}}