{"id":456,"date":"2025-07-22T14:36:17","date_gmt":"2025-07-22T14:36:17","guid":{"rendered":"http:\/\/rj-experience.com\/?page_id=456"},"modified":"2025-09-30T16:27:49","modified_gmt":"2025-09-30T16:27:49","slug":"eoraptor","status":"publish","type":"page","link":"https:\/\/rj-experience.com\/index.php\/eoraptor\/","title":{"rendered":"Eoraptor"},"content":{"rendered":"\t\t<div data-elementor-type=\"wp-page\" data-elementor-id=\"456\" class=\"elementor elementor-456\">\n\t\t\t\t<div class=\"elementor-element elementor-element-d7127f8 e-flex e-con-boxed e-con e-parent\" data-id=\"d7127f8\" data-element_type=\"container\">\n\t\t\t\t\t<div class=\"e-con-inner\">\n\t\t\t\t<div class=\"elementor-element elementor-element-d75a258 elementor-widget elementor-widget-text-editor\" data-id=\"d75a258\" data-element_type=\"widget\" data-widget_type=\"text-editor.default\">\n\t\t\t\t\t\t\t\t\t<h2>\u00a0 \u00a0 \u00a0 \u00a0 \u00a0 \u00a0 \u00a0 \u00a0 \u00a0 \u00a0 \u00a0 \u00a0 \u00a0 \u00a0 \u00a0Eoraptor<\/h2><p>\u00a0<\/p><p>1.Qui a d\u00e9couvert le Eoraptor?<\/p><p>Il a \u00e9t\u00e9 d\u00e9couvert par les pal\u00e9ontologues <strong data-start=\"191\" data-end=\"211\">Ricardo Mart\u00ednez<\/strong> et <strong data-start=\"215\" data-end=\"233\">Fernando Novas<\/strong> en 1991, dans le nord-ouest de l\u2019Argentine.<\/p><p>2.Ou a t\u2019on trouv\u00e9 le fossile de ce reptile?<\/p><p>Dans la <strong data-start=\"345\" data-end=\"392\">vall\u00e9e de la Lune (Ischigualasto Formation)<\/strong>, en <strong data-start=\"397\" data-end=\"410\">Argentine<\/strong>.<\/p><p>3.Quand a-t- on trouv\u00e9 le premier os de ce reptile?<\/p><p>En <strong data-start=\"480\" data-end=\"488\">1991<\/strong>, lors des fouilles dans le parc d\u2019Ischigualasto.<\/p><p>4.Est-il carnivore ou herbivore?<\/p><p>Le <strong data-start=\"588\" data-end=\"600\">Eoraptor<\/strong> \u00e9tait principalement <strong data-start=\"622\" data-end=\"635\">carnivore<\/strong> (petits animaux, insectes, l\u00e9zards), mais il \u00e9tait probablement <strong data-start=\"700\" data-end=\"712\">omnivore<\/strong> car ses dents sont de formes vari\u00e9es.<\/p><p>5.Combien fait sa taille?<\/p><p>Environ <strong data-start=\"799\" data-end=\"818\">1 m\u00e8tre de long<\/strong>.<\/p><p>6.Combien p\u00e8se-t-il?<\/p><p>Environ <strong data-start=\"863\" data-end=\"881\">10 kilogrammes<\/strong>.<\/p><p>7.Le Eoraptor vient du cr\u00e9tac\u00e9,du tria ou du jurassique ?<\/p><p>il vient du <strong data-start=\"1103\" data-end=\"1122\">Trias sup\u00e9rieur<\/strong> (environ 231 millions d\u2019ann\u00e9es)<\/p><p>8.A quelle famille appartient le Eoraptor?<\/p><p>Il appartient aux <strong data-start=\"1231\" data-end=\"1247\">Eoraptoridae<\/strong> et est consid\u00e9r\u00e9 comme un des <strong data-start=\"1278\" data-end=\"1301\">premiers th\u00e9ropodes<\/strong> (groupe des dinosaures carnivores).<\/p><p>9.Combien a v\u00e9cu le Eoraptor?<\/p><p>Il a v\u00e9cu il y a environ <strong data-start=\"1407\" data-end=\"1438\">231 \u00e0 228 millions d\u2019ann\u00e9es<\/strong>.<\/p><p>10.Combien fait la taille de ses dents ?<\/p><p>Ses dents mesuraient environ <strong data-start=\"1523\" data-end=\"1537\">1 \u00e0 1,5 cm<\/strong>, fines et ac\u00e9r\u00e9es.<\/p><p>11.Quel est sont nom scientifique ?<\/p><p><strong data-start=\"1605\" data-end=\"1626\">Eoraptor lunensis<\/strong> (qui signifie \u00ab voleur de l\u2019aube de la Vall\u00e9e de la Lune \u00bb).<\/p><p>12.Combien p\u00e8se son crane?<\/p><p>Son cr\u00e2ne \u00e9tait tr\u00e8s l\u00e9ger, environ <strong data-start=\"1765\" data-end=\"1780\">250 grammes<\/strong>.<\/p><p>13.Vit-il seul ou en troupeau?<\/p><p>On pense qu\u2019il vivait <strong data-start=\"1849\" data-end=\"1864\">plut\u00f4t seul<\/strong> ou en <strong data-start=\"1871\" data-end=\"1889\">petits groupes<\/strong>, car c\u2019\u00e9tait un petit pr\u00e9dateur opportuniste.<\/p><p>14.Qui est son premier os qui a \u00e9t\u00e9 trouv\u00e9?<\/p><p>Les premiers restes trouv\u00e9s comprenaient des <strong data-start=\"2040\" data-end=\"2091\">fragments de cr\u00e2ne et de squelette post-cr\u00e2nien<\/strong> (pas un seul os isol\u00e9).<\/p><p>15.Quand il le nomme ?<\/p><p>Il a \u00e9t\u00e9 officiellement <strong data-start=\"2176\" data-end=\"2193\">nomm\u00e9 en 1993<\/strong> par Sereno, Forster, Rogers et Monetta.<\/p><p>16.Combien a-t-il de dents?<\/p><p>Environ <strong data-start=\"2284\" data-end=\"2296\">40 dents<\/strong> au total.<\/p><p>17.Quels sont les autres dinosaures qui vivaient \u00e0 cette \u00e9poque?<\/p><ul><li data-start=\"2441\" data-end=\"2498\"><p data-start=\"2443\" data-end=\"2498\"><strong data-start=\"2443\" data-end=\"2460\">Herrerasaurus<\/strong> (un autre grand carnivore du Trias)<\/p><\/li><li data-start=\"2499\" data-end=\"2545\"><p data-start=\"2501\" data-end=\"2545\"><strong data-start=\"2501\" data-end=\"2517\">Pisanosaurus<\/strong> (herbivore tr\u00e8s primitif)<\/p><\/li><li data-start=\"2546\" data-end=\"2565\"><p data-start=\"2548\" data-end=\"2565\"><strong data-start=\"2548\" data-end=\"2563\">Ischisaurus<\/strong><\/p><\/li><li data-start=\"2566\" data-end=\"2631\"><p data-start=\"2568\" data-end=\"2631\">ainsi que de nombreux <strong data-start=\"2590\" data-end=\"2616\">crocodiliens primitifs<\/strong> et reptiles.<\/p><\/li><\/ul><p>\u00a0<\/p>\t\t\t\t\t\t\t\t<\/div>\n\t\t\t\t\t<\/div>\n\t\t\t\t<\/div>\n\t\t\t\t<\/div>\n\t\t","protected":false},"excerpt":{"rendered":"<p>\u00a0 \u00a0 \u00a0 \u00a0 \u00a0 \u00a0 \u00a0 \u00a0 \u00a0 \u00a0 \u00a0 \u00a0 \u00a0 \u00a0 \u00a0Eoraptor \u00a0 1.Qui a d\u00e9couvert le Eoraptor? Il a \u00e9t\u00e9 d\u00e9couvert par les pal\u00e9ontologues Ricardo Mart\u00ednez et Fernando Novas en 1991, dans le nord-ouest de l\u2019Argentine. 2.Ou a t\u2019on trouv\u00e9 le fossile de ce reptile? Dans la vall\u00e9e de la Lune [&hellip;]<\/p>\n","protected":false},"author":1,"featured_media":0,"parent":0,"menu_order":0,"comment_status":"closed","ping_status":"closed","template":"","meta":{"footnotes":""},"class_list":["post-456","page","type-page","status-publish","hentry"],"yoast_head":"<!-- This site is optimized with the Yoast SEO plugin v26.2 - https:\/\/yoast.com\/wordpress\/plugins\/seo\/ -->\n<title>Eoraptor - RJ Exp\u00e9rience<\/title>\n<meta name=\"robots\" content=\"index, follow, max-snippet:-1, max-image-preview:large, max-video-preview:-1\" \/>\n<link rel=\"canonical\" href=\"https:\/\/rj-experience.com\/index.php\/eoraptor\/\" \/>\n<meta property=\"og:locale\" content=\"en_US\" \/>\n<meta property=\"og:type\" content=\"article\" \/>\n<meta property=\"og:title\" content=\"Eoraptor - RJ Exp\u00e9rience\" \/>\n<meta property=\"og:description\" content=\"\u00a0 \u00a0 \u00a0 \u00a0 \u00a0 \u00a0 \u00a0 \u00a0 \u00a0 \u00a0 \u00a0 \u00a0 \u00a0 \u00a0 \u00a0Eoraptor \u00a0 1.Qui a d\u00e9couvert le Eoraptor? Il a \u00e9t\u00e9 d\u00e9couvert par les pal\u00e9ontologues Ricardo Mart\u00ednez et Fernando Novas en 1991, dans le nord-ouest de l\u2019Argentine. 2.Ou a t\u2019on trouv\u00e9 le fossile de ce reptile? Dans la vall\u00e9e de la Lune [&hellip;]\" \/>\n<meta property=\"og:url\" content=\"https:\/\/rj-experience.com\/index.php\/eoraptor\/\" \/>\n<meta property=\"og:site_name\" content=\"RJ Exp\u00e9rience\" \/>\n<meta property=\"article:modified_time\" content=\"2025-09-30T16:27:49+00:00\" \/>\n<meta name=\"twitter:card\" content=\"summary_large_image\" \/>\n<meta name=\"twitter:label1\" content=\"Est. reading time\" \/>\n\t<meta name=\"twitter:data1\" content=\"2 minutes\" \/>\n<script type=\"application\/ld+json\" class=\"yoast-schema-graph\">{\"@context\":\"https:\/\/schema.org\",\"@graph\":[{\"@type\":\"WebPage\",\"@id\":\"https:\/\/rj-experience.com\/index.php\/eoraptor\/\",\"url\":\"https:\/\/rj-experience.com\/index.php\/eoraptor\/\",\"name\":\"Eoraptor - RJ Exp\u00e9rience\",\"isPartOf\":{\"@id\":\"https:\/\/rj-experience.com\/#website\"},\"datePublished\":\"2025-07-22T14:36:17+00:00\",\"dateModified\":\"2025-09-30T16:27:49+00:00\",\"breadcrumb\":{\"@id\":\"https:\/\/rj-experience.com\/index.php\/eoraptor\/#breadcrumb\"},\"inLanguage\":\"en-US\",\"potentialAction\":[{\"@type\":\"ReadAction\",\"target\":[\"https:\/\/rj-experience.com\/index.php\/eoraptor\/\"]}]},{\"@type\":\"BreadcrumbList\",\"@id\":\"https:\/\/rj-experience.com\/index.php\/eoraptor\/#breadcrumb\",\"itemListElement\":[{\"@type\":\"ListItem\",\"position\":1,\"name\":\"Home\",\"item\":\"https:\/\/rj-experience.com\/\"},{\"@type\":\"ListItem\",\"position\":2,\"name\":\"Eoraptor\"}]},{\"@type\":\"WebSite\",\"@id\":\"https:\/\/rj-experience.com\/#website\",\"url\":\"https:\/\/rj-experience.com\/\",\"name\":\"RJ Exp\u00e9rience\",\"description\":\"\",\"publisher\":{\"@id\":\"https:\/\/rj-experience.com\/#organization\"},\"potentialAction\":[{\"@type\":\"SearchAction\",\"target\":{\"@type\":\"EntryPoint\",\"urlTemplate\":\"https:\/\/rj-experience.com\/?s={search_term_string}\"},\"query-input\":{\"@type\":\"PropertyValueSpecification\",\"valueRequired\":true,\"valueName\":\"search_term_string\"}}],\"inLanguage\":\"en-US\"},{\"@type\":\"Organization\",\"@id\":\"https:\/\/rj-experience.com\/#organization\",\"name\":\"RJ Exp\u00e9rience\",\"url\":\"https:\/\/rj-experience.com\/\",\"logo\":{\"@type\":\"ImageObject\",\"inLanguage\":\"en-US\",\"@id\":\"https:\/\/rj-experience.com\/#\/schema\/logo\/image\/\",\"url\":\"https:\/\/rj-experience.com\/wp-content\/uploads\/2025\/10\/cropped-ChatGPT-Image-28-oct.-2025-18_28_26.png\",\"contentUrl\":\"https:\/\/rj-experience.com\/wp-content\/uploads\/2025\/10\/cropped-ChatGPT-Image-28-oct.-2025-18_28_26.png\",\"width\":512,\"height\":512,\"caption\":\"RJ Exp\u00e9rience\"},\"image\":{\"@id\":\"https:\/\/rj-experience.com\/#\/schema\/logo\/image\/\"}}]}<\/script>\n<!-- \/ Yoast SEO plugin. -->","yoast_head_json":{"title":"Eoraptor - RJ Exp\u00e9rience","robots":{"index":"index","follow":"follow","max-snippet":"max-snippet:-1","max-image-preview":"max-image-preview:large","max-video-preview":"max-video-preview:-1"},"canonical":"https:\/\/rj-experience.com\/index.php\/eoraptor\/","og_locale":"en_US","og_type":"article","og_title":"Eoraptor - RJ Exp\u00e9rience","og_description":"\u00a0 \u00a0 \u00a0 \u00a0 \u00a0 \u00a0 \u00a0 \u00a0 \u00a0 \u00a0 \u00a0 \u00a0 \u00a0 \u00a0 \u00a0Eoraptor \u00a0 1.Qui a d\u00e9couvert le Eoraptor? Il a \u00e9t\u00e9 d\u00e9couvert par les pal\u00e9ontologues Ricardo Mart\u00ednez et Fernando Novas en 1991, dans le nord-ouest de l\u2019Argentine. 2.Ou a t\u2019on trouv\u00e9 le fossile de ce reptile? Dans la vall\u00e9e de la Lune [&hellip;]","og_url":"https:\/\/rj-experience.com\/index.php\/eoraptor\/","og_site_name":"RJ Exp\u00e9rience","article_modified_time":"2025-09-30T16:27:49+00:00","twitter_card":"summary_large_image","twitter_misc":{"Est. reading time":"2 minutes"},"schema":{"@context":"https:\/\/schema.org","@graph":[{"@type":"WebPage","@id":"https:\/\/rj-experience.com\/index.php\/eoraptor\/","url":"https:\/\/rj-experience.com\/index.php\/eoraptor\/","name":"Eoraptor - RJ Exp\u00e9rience","isPartOf":{"@id":"https:\/\/rj-experience.com\/#website"},"datePublished":"2025-07-22T14:36:17+00:00","dateModified":"2025-09-30T16:27:49+00:00","breadcrumb":{"@id":"https:\/\/rj-experience.com\/index.php\/eoraptor\/#breadcrumb"},"inLanguage":"en-US","potentialAction":[{"@type":"ReadAction","target":["https:\/\/rj-experience.com\/index.php\/eoraptor\/"]}]},{"@type":"BreadcrumbList","@id":"https:\/\/rj-experience.com\/index.php\/eoraptor\/#breadcrumb","itemListElement":[{"@type":"ListItem","position":1,"name":"Home","item":"https:\/\/rj-experience.com\/"},{"@type":"ListItem","position":2,"name":"Eoraptor"}]},{"@type":"WebSite","@id":"https:\/\/rj-experience.com\/#website","url":"https:\/\/rj-experience.com\/","name":"RJ Exp\u00e9rience","description":"","publisher":{"@id":"https:\/\/rj-experience.com\/#organization"},"potentialAction":[{"@type":"SearchAction","target":{"@type":"EntryPoint","urlTemplate":"https:\/\/rj-experience.com\/?s={search_term_string}"},"query-input":{"@type":"PropertyValueSpecification","valueRequired":true,"valueName":"search_term_string"}}],"inLanguage":"en-US"},{"@type":"Organization","@id":"https:\/\/rj-experience.com\/#organization","name":"RJ Exp\u00e9rience","url":"https:\/\/rj-experience.com\/","logo":{"@type":"ImageObject","inLanguage":"en-US","@id":"https:\/\/rj-experience.com\/#\/schema\/logo\/image\/","url":"https:\/\/rj-experience.com\/wp-content\/uploads\/2025\/10\/cropped-ChatGPT-Image-28-oct.-2025-18_28_26.png","contentUrl":"https:\/\/rj-experience.com\/wp-content\/uploads\/2025\/10\/cropped-ChatGPT-Image-28-oct.-2025-18_28_26.png","width":512,"height":512,"caption":"RJ Exp\u00e9rience"},"image":{"@id":"https:\/\/rj-experience.com\/#\/schema\/logo\/image\/"}}]}},"_links":{"self":[{"href":"https:\/\/rj-experience.com\/index.php\/wp-json\/wp\/v2\/pages\/456","targetHints":{"allow":["GET"]}}],"collection":[{"href":"https:\/\/rj-experience.com\/index.php\/wp-json\/wp\/v2\/pages"}],"about":[{"href":"https:\/\/rj-experience.com\/index.php\/wp-json\/wp\/v2\/types\/page"}],"author":[{"embeddable":true,"href":"https:\/\/rj-experience.com\/index.php\/wp-json\/wp\/v2\/users\/1"}],"replies":[{"embeddable":true,"href":"https:\/\/rj-experience.com\/index.php\/wp-json\/wp\/v2\/comments?post=456"}],"version-history":[{"count":4,"href":"https:\/\/rj-experience.com\/index.php\/wp-json\/wp\/v2\/pages\/456\/revisions"}],"predecessor-version":[{"id":1116,"href":"https:\/\/rj-experience.com\/index.php\/wp-json\/wp\/v2\/pages\/456\/revisions\/1116"}],"wp:attachment":[{"href":"https:\/\/rj-experience.com\/index.php\/wp-json\/wp\/v2\/media?parent=456"}],"curies":[{"name":"wp","href":"https:\/\/api.w.org\/{rel}","templated":true}]}}