{"id":394,"date":"2025-07-22T10:19:03","date_gmt":"2025-07-22T10:19:03","guid":{"rendered":"http:\/\/rj-experience.com\/?page_id=394"},"modified":"2025-09-29T17:22:01","modified_gmt":"2025-09-29T17:22:01","slug":"majungasaurus","status":"publish","type":"page","link":"https:\/\/rj-experience.com\/index.php\/majungasaurus\/","title":{"rendered":"Majungasaurus"},"content":{"rendered":"\t\t<div data-elementor-type=\"wp-page\" data-elementor-id=\"394\" class=\"elementor elementor-394\">\n\t\t\t\t<div class=\"elementor-element elementor-element-b89921b e-flex e-con-boxed e-con e-parent\" data-id=\"b89921b\" data-element_type=\"container\">\n\t\t\t\t\t<div class=\"e-con-inner\">\n\t\t\t\t<div class=\"elementor-element elementor-element-ada68de elementor-widget elementor-widget-text-editor\" data-id=\"ada68de\" data-element_type=\"widget\" data-widget_type=\"text-editor.default\">\n\t\t\t\t\t\t\t\t\t<h2>\u00a0 \u00a0 \u00a0 \u00a0 \u00a0 \u00a0 \u00a0 \u00a0 \u00a0 \u00a0 \u00a0Majungasaurus<\/h2><p>\u00a0<\/p><p>1.Qui a d\u00e9couvert le Majungasaurus ?<\/p><p>Il a \u00e9t\u00e9 d\u00e9couvert par le pal\u00e9ontologue fran\u00e7ais <strong data-start=\"160\" data-end=\"179\">Charles Dep\u00e9ret<\/strong> en <strong data-start=\"183\" data-end=\"191\">1896<\/strong>.<\/p><p>\u00a0<\/p><p>2.Ou \u00e0 t\u2019il trouver le fossile de ce reptile?<\/p><p>Les fossiles ont \u00e9t\u00e9 trouv\u00e9s \u00e0 <strong data-start=\"280\" data-end=\"294\">Madagascar<\/strong>, dans la r\u00e9gion de Mahajanga.<\/p><p>3.Quand il a trouve le premier os de ce reptile?<\/p><p>Le premier fossile a \u00e9t\u00e9 d\u00e9couvert en <strong data-start=\"425\" data-end=\"433\">1896<\/strong>.<\/p><p>4.Il est carnivore ou herbivore?<\/p><p>Le Majungasaurus \u00e9tait <strong data-start=\"502\" data-end=\"515\">carnivore<\/strong>.<\/p><p>5.Combien fait sa taille?<\/p><p>Il mesurait environ <strong data-start=\"574\" data-end=\"598\">6 \u00e0 7 m\u00e8tres de long<\/strong>.<\/p><p>6.Combien p\u00e8se son poids ?<\/p><p>Son poids est estim\u00e9 entre <strong data-start=\"664\" data-end=\"682\">1 et 1,2 tonne<\/strong>.<\/p><p>7.Le Majungasaurus vient du cr\u00e9tac\u00e9, du tria ou du jurassique?<\/p><p>Du <strong data-start=\"839\" data-end=\"860\">Cr\u00e9tac\u00e9 sup\u00e9rieur<\/strong> (il y a environ 70 \u00e0 66 millions d\u2019ann\u00e9es).<\/p><p>8.De quelle famille appartient le Majungasaurus?<\/p><p>Famille des <strong data-start=\"980\" data-end=\"997\">Abelisaurid\u00e9s<\/strong> (Abelisauridae).<\/p><p>9.Combien \u00e0 v\u00e9cu le Majungasaurus?<\/p><p>Il a v\u00e9cu \u00e0 la fin du <strong data-start=\"1086\" data-end=\"1107\">Cr\u00e9tac\u00e9 sup\u00e9rieur<\/strong>, juste avant l\u2019extinction des dinosaures (\u2248 70 \u00e0 66 millions d\u2019ann\u00e9es).<\/p><p>10.Combien fait la taille de ces dents?<\/p><p>Ses dents mesuraient environ <strong data-start=\"1263\" data-end=\"1275\">5 \u00e0 7 cm<\/strong>, recourb\u00e9es et dentel\u00e9es.<\/p><p>11.Quel est sont nom scientifique ?<\/p><p>Son nom scientifique est <strong data-start=\"1350\" data-end=\"1381\">Majungasaurus crenatissimus<\/strong>.<\/p><p>12.Combien p\u00e8se son cerveau?<\/p><p>Tr\u00e8s petit : environ <strong data-start=\"1447\" data-end=\"1468\">100 \u00e0 150 grammes<\/strong> (compar\u00e9 \u00e0 son corps \u00e9norme).<\/p><p>13.Il vit seul ou en troupeau?<\/p><p>Les scientifiques pensent qu\u2019il \u00e9tait surtout <strong data-start=\"1590\" data-end=\"1603\">solitaire<\/strong>, peut-\u00eatre en petits groupes occasionnels.<\/p><p>14.Qui est son premier os qui a \u00e9t\u00e9 trouv\u00e9?<\/p><p>Des <strong data-start=\"1710\" data-end=\"1723\">vert\u00e8bres<\/strong> et morceaux de cr\u00e2ne ont \u00e9t\u00e9 les premiers d\u00e9couverts.<\/p><p>15.Quand il le nomme ?<\/p><p>En <strong data-start=\"1817\" data-end=\"1825\">1955<\/strong>, il est officiellement nomm\u00e9 <em data-start=\"1855\" data-end=\"1884\">Majungasaurus crenatissimus<\/em>.<\/p><p>16.Combien il a de dents?<\/p><p>Environ <strong data-start=\"1934\" data-end=\"1946\">60 dents<\/strong>, r\u00e9parties dans les m\u00e2choires.<\/p><p>17.Quels sont les autres dinosaures qui vivaient \u00e0 cette \u00e9poque?<\/p><p data-start=\"1981\" data-end=\"2104\">\u00c0 Madagascar, avec lui vivaient par exemple :<\/p><ul data-start=\"2105\" data-end=\"2285\"><li data-start=\"2105\" data-end=\"2157\"><p data-start=\"2107\" data-end=\"2157\"><strong data-start=\"2107\" data-end=\"2123\">Rapetosaurus<\/strong> (un grand sauropode herbivore),<\/p><\/li><li data-start=\"2158\" data-end=\"2208\"><p data-start=\"2160\" data-end=\"2208\"><strong data-start=\"2160\" data-end=\"2177\">Masiakasaurus<\/strong> (petit th\u00e9ropode carnivore),<\/p><\/li><li data-start=\"2209\" data-end=\"2285\"><p data-start=\"2211\" data-end=\"2285\">ainsi que divers crocodiles g\u00e9ants et reptiles marins proches des c\u00f4tes.<\/p><\/li><\/ul><p>\u00a0<\/p><p>\u00a0<\/p><p>\u00a0<\/p><p>\u00a0<\/p>\t\t\t\t\t\t\t\t<\/div>\n\t\t\t\t\t<\/div>\n\t\t\t\t<\/div>\n\t\t\t\t<\/div>\n\t\t","protected":false},"excerpt":{"rendered":"<p>\u00a0 \u00a0 \u00a0 \u00a0 \u00a0 \u00a0 \u00a0 \u00a0 \u00a0 \u00a0 \u00a0Majungasaurus \u00a0 1.Qui a d\u00e9couvert le Majungasaurus ? Il a \u00e9t\u00e9 d\u00e9couvert par le pal\u00e9ontologue fran\u00e7ais Charles Dep\u00e9ret en 1896. \u00a0 2.Ou \u00e0 t\u2019il trouver le fossile de ce reptile? Les fossiles ont \u00e9t\u00e9 trouv\u00e9s \u00e0 Madagascar, dans la r\u00e9gion de Mahajanga. 3.Quand il a [&hellip;]<\/p>\n","protected":false},"author":1,"featured_media":0,"parent":0,"menu_order":0,"comment_status":"closed","ping_status":"closed","template":"","meta":{"footnotes":""},"class_list":["post-394","page","type-page","status-publish","hentry"],"yoast_head":"<!-- This site is optimized with the Yoast SEO plugin v26.2 - https:\/\/yoast.com\/wordpress\/plugins\/seo\/ -->\n<title>Majungasaurus - RJ Exp\u00e9rience<\/title>\n<meta name=\"robots\" content=\"index, follow, max-snippet:-1, max-image-preview:large, max-video-preview:-1\" \/>\n<link rel=\"canonical\" href=\"https:\/\/rj-experience.com\/index.php\/majungasaurus\/\" \/>\n<meta property=\"og:locale\" content=\"en_US\" \/>\n<meta property=\"og:type\" content=\"article\" \/>\n<meta property=\"og:title\" content=\"Majungasaurus - RJ Exp\u00e9rience\" \/>\n<meta property=\"og:description\" content=\"\u00a0 \u00a0 \u00a0 \u00a0 \u00a0 \u00a0 \u00a0 \u00a0 \u00a0 \u00a0 \u00a0Majungasaurus \u00a0 1.Qui a d\u00e9couvert le Majungasaurus ? Il a \u00e9t\u00e9 d\u00e9couvert par le pal\u00e9ontologue fran\u00e7ais Charles Dep\u00e9ret en 1896. \u00a0 2.Ou \u00e0 t\u2019il trouver le fossile de ce reptile? Les fossiles ont \u00e9t\u00e9 trouv\u00e9s \u00e0 Madagascar, dans la r\u00e9gion de Mahajanga. 3.Quand il a [&hellip;]\" \/>\n<meta property=\"og:url\" content=\"https:\/\/rj-experience.com\/index.php\/majungasaurus\/\" \/>\n<meta property=\"og:site_name\" content=\"RJ Exp\u00e9rience\" \/>\n<meta property=\"article:modified_time\" content=\"2025-09-29T17:22:01+00:00\" \/>\n<meta name=\"twitter:card\" content=\"summary_large_image\" \/>\n<meta name=\"twitter:label1\" content=\"Est. reading time\" \/>\n\t<meta name=\"twitter:data1\" content=\"2 minutes\" \/>\n<script type=\"application\/ld+json\" class=\"yoast-schema-graph\">{\"@context\":\"https:\/\/schema.org\",\"@graph\":[{\"@type\":\"WebPage\",\"@id\":\"https:\/\/rj-experience.com\/index.php\/majungasaurus\/\",\"url\":\"https:\/\/rj-experience.com\/index.php\/majungasaurus\/\",\"name\":\"Majungasaurus - RJ Exp\u00e9rience\",\"isPartOf\":{\"@id\":\"https:\/\/rj-experience.com\/#website\"},\"datePublished\":\"2025-07-22T10:19:03+00:00\",\"dateModified\":\"2025-09-29T17:22:01+00:00\",\"breadcrumb\":{\"@id\":\"https:\/\/rj-experience.com\/index.php\/majungasaurus\/#breadcrumb\"},\"inLanguage\":\"en-US\",\"potentialAction\":[{\"@type\":\"ReadAction\",\"target\":[\"https:\/\/rj-experience.com\/index.php\/majungasaurus\/\"]}]},{\"@type\":\"BreadcrumbList\",\"@id\":\"https:\/\/rj-experience.com\/index.php\/majungasaurus\/#breadcrumb\",\"itemListElement\":[{\"@type\":\"ListItem\",\"position\":1,\"name\":\"Home\",\"item\":\"https:\/\/rj-experience.com\/\"},{\"@type\":\"ListItem\",\"position\":2,\"name\":\"Majungasaurus\"}]},{\"@type\":\"WebSite\",\"@id\":\"https:\/\/rj-experience.com\/#website\",\"url\":\"https:\/\/rj-experience.com\/\",\"name\":\"RJ Exp\u00e9rience\",\"description\":\"\",\"publisher\":{\"@id\":\"https:\/\/rj-experience.com\/#organization\"},\"potentialAction\":[{\"@type\":\"SearchAction\",\"target\":{\"@type\":\"EntryPoint\",\"urlTemplate\":\"https:\/\/rj-experience.com\/?s={search_term_string}\"},\"query-input\":{\"@type\":\"PropertyValueSpecification\",\"valueRequired\":true,\"valueName\":\"search_term_string\"}}],\"inLanguage\":\"en-US\"},{\"@type\":\"Organization\",\"@id\":\"https:\/\/rj-experience.com\/#organization\",\"name\":\"RJ Exp\u00e9rience\",\"url\":\"https:\/\/rj-experience.com\/\",\"logo\":{\"@type\":\"ImageObject\",\"inLanguage\":\"en-US\",\"@id\":\"https:\/\/rj-experience.com\/#\/schema\/logo\/image\/\",\"url\":\"https:\/\/rj-experience.com\/wp-content\/uploads\/2025\/10\/cropped-ChatGPT-Image-28-oct.-2025-18_28_26.png\",\"contentUrl\":\"https:\/\/rj-experience.com\/wp-content\/uploads\/2025\/10\/cropped-ChatGPT-Image-28-oct.-2025-18_28_26.png\",\"width\":512,\"height\":512,\"caption\":\"RJ Exp\u00e9rience\"},\"image\":{\"@id\":\"https:\/\/rj-experience.com\/#\/schema\/logo\/image\/\"}}]}<\/script>\n<!-- \/ Yoast SEO plugin. -->","yoast_head_json":{"title":"Majungasaurus - RJ Exp\u00e9rience","robots":{"index":"index","follow":"follow","max-snippet":"max-snippet:-1","max-image-preview":"max-image-preview:large","max-video-preview":"max-video-preview:-1"},"canonical":"https:\/\/rj-experience.com\/index.php\/majungasaurus\/","og_locale":"en_US","og_type":"article","og_title":"Majungasaurus - RJ Exp\u00e9rience","og_description":"\u00a0 \u00a0 \u00a0 \u00a0 \u00a0 \u00a0 \u00a0 \u00a0 \u00a0 \u00a0 \u00a0Majungasaurus \u00a0 1.Qui a d\u00e9couvert le Majungasaurus ? Il a \u00e9t\u00e9 d\u00e9couvert par le pal\u00e9ontologue fran\u00e7ais Charles Dep\u00e9ret en 1896. \u00a0 2.Ou \u00e0 t\u2019il trouver le fossile de ce reptile? Les fossiles ont \u00e9t\u00e9 trouv\u00e9s \u00e0 Madagascar, dans la r\u00e9gion de Mahajanga. 3.Quand il a [&hellip;]","og_url":"https:\/\/rj-experience.com\/index.php\/majungasaurus\/","og_site_name":"RJ Exp\u00e9rience","article_modified_time":"2025-09-29T17:22:01+00:00","twitter_card":"summary_large_image","twitter_misc":{"Est. reading time":"2 minutes"},"schema":{"@context":"https:\/\/schema.org","@graph":[{"@type":"WebPage","@id":"https:\/\/rj-experience.com\/index.php\/majungasaurus\/","url":"https:\/\/rj-experience.com\/index.php\/majungasaurus\/","name":"Majungasaurus - RJ Exp\u00e9rience","isPartOf":{"@id":"https:\/\/rj-experience.com\/#website"},"datePublished":"2025-07-22T10:19:03+00:00","dateModified":"2025-09-29T17:22:01+00:00","breadcrumb":{"@id":"https:\/\/rj-experience.com\/index.php\/majungasaurus\/#breadcrumb"},"inLanguage":"en-US","potentialAction":[{"@type":"ReadAction","target":["https:\/\/rj-experience.com\/index.php\/majungasaurus\/"]}]},{"@type":"BreadcrumbList","@id":"https:\/\/rj-experience.com\/index.php\/majungasaurus\/#breadcrumb","itemListElement":[{"@type":"ListItem","position":1,"name":"Home","item":"https:\/\/rj-experience.com\/"},{"@type":"ListItem","position":2,"name":"Majungasaurus"}]},{"@type":"WebSite","@id":"https:\/\/rj-experience.com\/#website","url":"https:\/\/rj-experience.com\/","name":"RJ Exp\u00e9rience","description":"","publisher":{"@id":"https:\/\/rj-experience.com\/#organization"},"potentialAction":[{"@type":"SearchAction","target":{"@type":"EntryPoint","urlTemplate":"https:\/\/rj-experience.com\/?s={search_term_string}"},"query-input":{"@type":"PropertyValueSpecification","valueRequired":true,"valueName":"search_term_string"}}],"inLanguage":"en-US"},{"@type":"Organization","@id":"https:\/\/rj-experience.com\/#organization","name":"RJ Exp\u00e9rience","url":"https:\/\/rj-experience.com\/","logo":{"@type":"ImageObject","inLanguage":"en-US","@id":"https:\/\/rj-experience.com\/#\/schema\/logo\/image\/","url":"https:\/\/rj-experience.com\/wp-content\/uploads\/2025\/10\/cropped-ChatGPT-Image-28-oct.-2025-18_28_26.png","contentUrl":"https:\/\/rj-experience.com\/wp-content\/uploads\/2025\/10\/cropped-ChatGPT-Image-28-oct.-2025-18_28_26.png","width":512,"height":512,"caption":"RJ Exp\u00e9rience"},"image":{"@id":"https:\/\/rj-experience.com\/#\/schema\/logo\/image\/"}}]}},"_links":{"self":[{"href":"https:\/\/rj-experience.com\/index.php\/wp-json\/wp\/v2\/pages\/394","targetHints":{"allow":["GET"]}}],"collection":[{"href":"https:\/\/rj-experience.com\/index.php\/wp-json\/wp\/v2\/pages"}],"about":[{"href":"https:\/\/rj-experience.com\/index.php\/wp-json\/wp\/v2\/types\/page"}],"author":[{"embeddable":true,"href":"https:\/\/rj-experience.com\/index.php\/wp-json\/wp\/v2\/users\/1"}],"replies":[{"embeddable":true,"href":"https:\/\/rj-experience.com\/index.php\/wp-json\/wp\/v2\/comments?post=394"}],"version-history":[{"count":7,"href":"https:\/\/rj-experience.com\/index.php\/wp-json\/wp\/v2\/pages\/394\/revisions"}],"predecessor-version":[{"id":1100,"href":"https:\/\/rj-experience.com\/index.php\/wp-json\/wp\/v2\/pages\/394\/revisions\/1100"}],"wp:attachment":[{"href":"https:\/\/rj-experience.com\/index.php\/wp-json\/wp\/v2\/media?parent=394"}],"curies":[{"name":"wp","href":"https:\/\/api.w.org\/{rel}","templated":true}]}}