{"id":375,"date":"2025-07-22T10:11:40","date_gmt":"2025-07-22T10:11:40","guid":{"rendered":"http:\/\/rj-experience.com\/?page_id=375"},"modified":"2025-09-28T10:07:41","modified_gmt":"2025-09-28T10:07:41","slug":"ornithominus","status":"publish","type":"page","link":"https:\/\/rj-experience.com\/index.php\/ornithominus\/","title":{"rendered":"Ornithominus"},"content":{"rendered":"\t\t<div data-elementor-type=\"wp-page\" data-elementor-id=\"375\" class=\"elementor elementor-375\">\n\t\t\t\t<div class=\"elementor-element elementor-element-47917c9 e-flex e-con-boxed e-con e-parent\" data-id=\"47917c9\" data-element_type=\"container\">\n\t\t\t\t\t<div class=\"e-con-inner\">\n\t\t\t\t<div class=\"elementor-element elementor-element-e7ed5ad elementor-widget elementor-widget-text-editor\" data-id=\"e7ed5ad\" data-element_type=\"widget\" data-widget_type=\"text-editor.default\">\n\t\t\t\t\t\t\t\t\t<h2>\u00a0 \u00a0 \u00a0 \u00a0 \u00a0 \u00a0 \u00a0 \u00a0 \u00a0 \u00a0 \u00a0 \u00a0 \u00a0Ornithomimus\u00a0<\/h2><p><br \/>Qui a decouvert l&#8217;Ornithominus ?<\/p><p><u>L\u2019<strong data-start=\"147\" data-end=\"163\">Ornithomimus<\/strong> <\/u>a \u00e9t\u00e9 d\u00e9couvert par le pal\u00e9ontologue am\u00e9ricain <strong data-start=\"211\" data-end=\"236\">Othniel Charles Marsh<\/strong>.<br \/>2.Ou \u00e0 t\u2019il trouver le fossile de ce reptile?<\/p><p>Les fossiles ont \u00e9t\u00e9 trouv\u00e9s en <strong data-start=\"328\" data-end=\"348\">Am\u00e9rique du Nord<\/strong>, principalement au <strong data-start=\"368\" data-end=\"388\">Canada (Alberta)<\/strong> et aux <strong data-start=\"396\" data-end=\"430\">\u00c9tats-Unis (Colorado, Montana)<\/strong>.<br \/>3.Quand il a trouve le premier os de ce reptile?<\/p><p>4.Il est carnivore ou herbivore?<\/p><p>Le premier fossile a \u00e9t\u00e9 d\u00e9couvert en <strong data-start=\"534\" data-end=\"542\">1890<\/strong>.<br \/>5.Combien fait sa taille?<\/p><p>L\u2019Ornithomimus \u00e9tait <strong data-start=\"611\" data-end=\"623\">omnivore<\/strong> : il mangeait des plantes, des fruits, des insectes et peut-\u00eatre de petits animaux.<br \/>6.Combien p\u00e8se son poids?<\/p><p>Son poids est estim\u00e9 entre <strong data-start=\"893\" data-end=\"910\">150 et 200 kg<\/strong>.<br \/>7.L\u2019Ornithosaurus vient du cr\u00e9tac\u00e9,du tria ou du jurassique?<\/p><p>Il vivait \u00e0 la fin du <strong data-start=\"1008\" data-end=\"1019\">Cr\u00e9tac\u00e9<\/strong>, il y a environ <strong data-start=\"1036\" data-end=\"1065\">76 \u00e0 66 millions d\u2019ann\u00e9es<\/strong>.<br \/>8.De quelle famille appartient l\u2019Ornithosaurus?<\/p><p>Il appartient \u00e0 la famille des <strong data-start=\"1158\" data-end=\"1176\">Ornithomimidae<\/strong> (dinosaures ressemblant \u00e0 des autruches).<br \/>9.Combien \u00e0 v\u00e9cu l\u2019Ornithosaurus ?<\/p><p>probablement entre <strong data-start=\"1392\" data-end=\"1408\">10 et 20 ans<\/strong>.<br \/>10.Combien fait la taille de ces dents ?<\/p><p>Comme le Gallimimus, <strong data-start=\"1550\" data-end=\"1587\">Ornithomimus n\u2019avait pas de dents<\/strong>. Il poss\u00e9dait un <strong data-start=\"1605\" data-end=\"1625\">bec corn\u00e9 \u00e9dent\u00e9<\/strong>.<br \/>11.Quel est sont nom scientifique ?<\/p><p>Son nom scientifique est <strong data-start=\"1699\" data-end=\"1721\">Ornithomimus velox<\/strong> (le plus connu, d\u00e9crit en 1890).<br \/>12.Combien p\u00e8se son cerveau?<\/p><p>Son cerveau \u00e9tait assez d\u00e9velopp\u00e9 pour sa taille, probablement autour de <strong data-start=\"1870\" data-end=\"1890\">50 \u00e0 100 grammes<\/strong>, ce qui le rendait assez intelligent pour un dinosaure.<br \/>13.Il vit seul ou en troupeau?<\/p><p>Les pal\u00e9ontologues pensent qu\u2019il vivait <strong data-start=\"2031\" data-end=\"2047\">en troupeaux<\/strong>, car des fossiles multiples ont \u00e9t\u00e9 retrouv\u00e9s ensemble.<br \/>14.Qui est son premier os qui a \u00e9t\u00e9 trouv\u00e9?<\/p><p>Les premiers restes d\u00e9crits \u00e9taient <strong data-start=\"2198\" data-end=\"2239\">des parties de squelette post-cr\u00e2nien<\/strong> (notamment des os de la main et du pied).<br \/>15.Quand il le nomme ?<\/p><p>Il a \u00e9t\u00e9 officiellement nomm\u00e9 en <strong data-start=\"2350\" data-end=\"2358\">1890<\/strong> par Othniel Charles Marsh.<br \/>16.Combien il a de dents?<\/p><p><strong data-start=\"2425\" data-end=\"2440\">Aucune dent<\/strong>, il \u00e9tait totalement \u00e9dent\u00e9<br \/>17.Quels sont les autres dinosaures qui vivaient \u00e0 cette \u00e9poque?<\/p><p data-start=\"2473\" data-end=\"2604\">\u00c0 la fin du Cr\u00e9tac\u00e9 en Am\u00e9rique du Nord, on trouvait :<\/p><ul data-start=\"2605\" data-end=\"2769\"><li data-start=\"2605\" data-end=\"2630\"><p data-start=\"2607\" data-end=\"2630\"><strong data-start=\"2607\" data-end=\"2628\">Tyrannosaurus rex<\/strong><\/p><\/li><li data-start=\"2631\" data-end=\"2650\"><p data-start=\"2633\" data-end=\"2650\"><strong data-start=\"2633\" data-end=\"2648\">Triceratops<\/strong><\/p><\/li><li data-start=\"2651\" data-end=\"2671\"><p data-start=\"2653\" data-end=\"2671\"><strong data-start=\"2653\" data-end=\"2669\">Ankylosaurus<\/strong><\/p><\/li><li data-start=\"2672\" data-end=\"2693\"><p data-start=\"2674\" data-end=\"2693\"><strong data-start=\"2674\" data-end=\"2691\">Edmontosaurus<\/strong><\/p><\/li><li data-start=\"2694\" data-end=\"2720\"><p data-start=\"2696\" data-end=\"2720\"><strong data-start=\"2696\" data-end=\"2718\">Pachycephalosaurus<\/strong><\/p><\/li><li data-start=\"2721\" data-end=\"2769\"><p data-start=\"2723\" data-end=\"2769\"><strong data-start=\"2723\" data-end=\"2738\">Alamosaurus<\/strong> (dans le sud des \u00c9tats-Unis)<\/p><\/li><\/ul>\t\t\t\t\t\t\t\t<\/div>\n\t\t\t\t\t<\/div>\n\t\t\t\t<\/div>\n\t\t\t\t<\/div>\n\t\t","protected":false},"excerpt":{"rendered":"<p>\u00a0 \u00a0 \u00a0 \u00a0 \u00a0 \u00a0 \u00a0 \u00a0 \u00a0 \u00a0 \u00a0 \u00a0 \u00a0Ornithomimus\u00a0 Qui a decouvert l&#8217;Ornithominus ? L\u2019Ornithomimus a \u00e9t\u00e9 d\u00e9couvert par le pal\u00e9ontologue am\u00e9ricain Othniel Charles Marsh.2.Ou \u00e0 t\u2019il trouver le fossile de ce reptile? Les fossiles ont \u00e9t\u00e9 trouv\u00e9s en Am\u00e9rique du Nord, principalement au Canada (Alberta) et aux \u00c9tats-Unis (Colorado, Montana).3.Quand [&hellip;]<\/p>\n","protected":false},"author":1,"featured_media":0,"parent":0,"menu_order":0,"comment_status":"closed","ping_status":"closed","template":"","meta":{"footnotes":""},"class_list":["post-375","page","type-page","status-publish","hentry"],"yoast_head":"<!-- This site is optimized with the Yoast SEO plugin v26.2 - https:\/\/yoast.com\/wordpress\/plugins\/seo\/ -->\n<title>Ornithominus - RJ Exp\u00e9rience<\/title>\n<meta name=\"robots\" content=\"index, follow, max-snippet:-1, max-image-preview:large, max-video-preview:-1\" \/>\n<link rel=\"canonical\" href=\"https:\/\/rj-experience.com\/index.php\/ornithominus\/\" \/>\n<meta property=\"og:locale\" content=\"en_US\" \/>\n<meta property=\"og:type\" content=\"article\" \/>\n<meta property=\"og:title\" content=\"Ornithominus - RJ Exp\u00e9rience\" \/>\n<meta property=\"og:description\" content=\"\u00a0 \u00a0 \u00a0 \u00a0 \u00a0 \u00a0 \u00a0 \u00a0 \u00a0 \u00a0 \u00a0 \u00a0 \u00a0Ornithomimus\u00a0 Qui a decouvert l&#8217;Ornithominus ? L\u2019Ornithomimus a \u00e9t\u00e9 d\u00e9couvert par le pal\u00e9ontologue am\u00e9ricain Othniel Charles Marsh.2.Ou \u00e0 t\u2019il trouver le fossile de ce reptile? Les fossiles ont \u00e9t\u00e9 trouv\u00e9s en Am\u00e9rique du Nord, principalement au Canada (Alberta) et aux \u00c9tats-Unis (Colorado, Montana).3.Quand [&hellip;]\" \/>\n<meta property=\"og:url\" content=\"https:\/\/rj-experience.com\/index.php\/ornithominus\/\" \/>\n<meta property=\"og:site_name\" content=\"RJ Exp\u00e9rience\" \/>\n<meta property=\"article:modified_time\" content=\"2025-09-28T10:07:41+00:00\" \/>\n<meta name=\"twitter:card\" content=\"summary_large_image\" \/>\n<meta name=\"twitter:label1\" content=\"Est. reading time\" \/>\n\t<meta name=\"twitter:data1\" content=\"2 minutes\" \/>\n<script type=\"application\/ld+json\" class=\"yoast-schema-graph\">{\"@context\":\"https:\/\/schema.org\",\"@graph\":[{\"@type\":\"WebPage\",\"@id\":\"https:\/\/rj-experience.com\/index.php\/ornithominus\/\",\"url\":\"https:\/\/rj-experience.com\/index.php\/ornithominus\/\",\"name\":\"Ornithominus - RJ Exp\u00e9rience\",\"isPartOf\":{\"@id\":\"https:\/\/rj-experience.com\/#website\"},\"datePublished\":\"2025-07-22T10:11:40+00:00\",\"dateModified\":\"2025-09-28T10:07:41+00:00\",\"breadcrumb\":{\"@id\":\"https:\/\/rj-experience.com\/index.php\/ornithominus\/#breadcrumb\"},\"inLanguage\":\"en-US\",\"potentialAction\":[{\"@type\":\"ReadAction\",\"target\":[\"https:\/\/rj-experience.com\/index.php\/ornithominus\/\"]}]},{\"@type\":\"BreadcrumbList\",\"@id\":\"https:\/\/rj-experience.com\/index.php\/ornithominus\/#breadcrumb\",\"itemListElement\":[{\"@type\":\"ListItem\",\"position\":1,\"name\":\"Home\",\"item\":\"https:\/\/rj-experience.com\/\"},{\"@type\":\"ListItem\",\"position\":2,\"name\":\"Ornithominus\"}]},{\"@type\":\"WebSite\",\"@id\":\"https:\/\/rj-experience.com\/#website\",\"url\":\"https:\/\/rj-experience.com\/\",\"name\":\"RJ Exp\u00e9rience\",\"description\":\"\",\"publisher\":{\"@id\":\"https:\/\/rj-experience.com\/#organization\"},\"potentialAction\":[{\"@type\":\"SearchAction\",\"target\":{\"@type\":\"EntryPoint\",\"urlTemplate\":\"https:\/\/rj-experience.com\/?s={search_term_string}\"},\"query-input\":{\"@type\":\"PropertyValueSpecification\",\"valueRequired\":true,\"valueName\":\"search_term_string\"}}],\"inLanguage\":\"en-US\"},{\"@type\":\"Organization\",\"@id\":\"https:\/\/rj-experience.com\/#organization\",\"name\":\"RJ Exp\u00e9rience\",\"url\":\"https:\/\/rj-experience.com\/\",\"logo\":{\"@type\":\"ImageObject\",\"inLanguage\":\"en-US\",\"@id\":\"https:\/\/rj-experience.com\/#\/schema\/logo\/image\/\",\"url\":\"https:\/\/rj-experience.com\/wp-content\/uploads\/2025\/10\/cropped-ChatGPT-Image-28-oct.-2025-18_28_26.png\",\"contentUrl\":\"https:\/\/rj-experience.com\/wp-content\/uploads\/2025\/10\/cropped-ChatGPT-Image-28-oct.-2025-18_28_26.png\",\"width\":512,\"height\":512,\"caption\":\"RJ Exp\u00e9rience\"},\"image\":{\"@id\":\"https:\/\/rj-experience.com\/#\/schema\/logo\/image\/\"}}]}<\/script>\n<!-- \/ Yoast SEO plugin. -->","yoast_head_json":{"title":"Ornithominus - RJ Exp\u00e9rience","robots":{"index":"index","follow":"follow","max-snippet":"max-snippet:-1","max-image-preview":"max-image-preview:large","max-video-preview":"max-video-preview:-1"},"canonical":"https:\/\/rj-experience.com\/index.php\/ornithominus\/","og_locale":"en_US","og_type":"article","og_title":"Ornithominus - RJ Exp\u00e9rience","og_description":"\u00a0 \u00a0 \u00a0 \u00a0 \u00a0 \u00a0 \u00a0 \u00a0 \u00a0 \u00a0 \u00a0 \u00a0 \u00a0Ornithomimus\u00a0 Qui a decouvert l&#8217;Ornithominus ? L\u2019Ornithomimus a \u00e9t\u00e9 d\u00e9couvert par le pal\u00e9ontologue am\u00e9ricain Othniel Charles Marsh.2.Ou \u00e0 t\u2019il trouver le fossile de ce reptile? Les fossiles ont \u00e9t\u00e9 trouv\u00e9s en Am\u00e9rique du Nord, principalement au Canada (Alberta) et aux \u00c9tats-Unis (Colorado, Montana).3.Quand [&hellip;]","og_url":"https:\/\/rj-experience.com\/index.php\/ornithominus\/","og_site_name":"RJ Exp\u00e9rience","article_modified_time":"2025-09-28T10:07:41+00:00","twitter_card":"summary_large_image","twitter_misc":{"Est. reading time":"2 minutes"},"schema":{"@context":"https:\/\/schema.org","@graph":[{"@type":"WebPage","@id":"https:\/\/rj-experience.com\/index.php\/ornithominus\/","url":"https:\/\/rj-experience.com\/index.php\/ornithominus\/","name":"Ornithominus - RJ Exp\u00e9rience","isPartOf":{"@id":"https:\/\/rj-experience.com\/#website"},"datePublished":"2025-07-22T10:11:40+00:00","dateModified":"2025-09-28T10:07:41+00:00","breadcrumb":{"@id":"https:\/\/rj-experience.com\/index.php\/ornithominus\/#breadcrumb"},"inLanguage":"en-US","potentialAction":[{"@type":"ReadAction","target":["https:\/\/rj-experience.com\/index.php\/ornithominus\/"]}]},{"@type":"BreadcrumbList","@id":"https:\/\/rj-experience.com\/index.php\/ornithominus\/#breadcrumb","itemListElement":[{"@type":"ListItem","position":1,"name":"Home","item":"https:\/\/rj-experience.com\/"},{"@type":"ListItem","position":2,"name":"Ornithominus"}]},{"@type":"WebSite","@id":"https:\/\/rj-experience.com\/#website","url":"https:\/\/rj-experience.com\/","name":"RJ Exp\u00e9rience","description":"","publisher":{"@id":"https:\/\/rj-experience.com\/#organization"},"potentialAction":[{"@type":"SearchAction","target":{"@type":"EntryPoint","urlTemplate":"https:\/\/rj-experience.com\/?s={search_term_string}"},"query-input":{"@type":"PropertyValueSpecification","valueRequired":true,"valueName":"search_term_string"}}],"inLanguage":"en-US"},{"@type":"Organization","@id":"https:\/\/rj-experience.com\/#organization","name":"RJ Exp\u00e9rience","url":"https:\/\/rj-experience.com\/","logo":{"@type":"ImageObject","inLanguage":"en-US","@id":"https:\/\/rj-experience.com\/#\/schema\/logo\/image\/","url":"https:\/\/rj-experience.com\/wp-content\/uploads\/2025\/10\/cropped-ChatGPT-Image-28-oct.-2025-18_28_26.png","contentUrl":"https:\/\/rj-experience.com\/wp-content\/uploads\/2025\/10\/cropped-ChatGPT-Image-28-oct.-2025-18_28_26.png","width":512,"height":512,"caption":"RJ Exp\u00e9rience"},"image":{"@id":"https:\/\/rj-experience.com\/#\/schema\/logo\/image\/"}}]}},"_links":{"self":[{"href":"https:\/\/rj-experience.com\/index.php\/wp-json\/wp\/v2\/pages\/375","targetHints":{"allow":["GET"]}}],"collection":[{"href":"https:\/\/rj-experience.com\/index.php\/wp-json\/wp\/v2\/pages"}],"about":[{"href":"https:\/\/rj-experience.com\/index.php\/wp-json\/wp\/v2\/types\/page"}],"author":[{"embeddable":true,"href":"https:\/\/rj-experience.com\/index.php\/wp-json\/wp\/v2\/users\/1"}],"replies":[{"embeddable":true,"href":"https:\/\/rj-experience.com\/index.php\/wp-json\/wp\/v2\/comments?post=375"}],"version-history":[{"count":7,"href":"https:\/\/rj-experience.com\/index.php\/wp-json\/wp\/v2\/pages\/375\/revisions"}],"predecessor-version":[{"id":1084,"href":"https:\/\/rj-experience.com\/index.php\/wp-json\/wp\/v2\/pages\/375\/revisions\/1084"}],"wp:attachment":[{"href":"https:\/\/rj-experience.com\/index.php\/wp-json\/wp\/v2\/media?parent=375"}],"curies":[{"name":"wp","href":"https:\/\/api.w.org\/{rel}","templated":true}]}}