{"id":370,"date":"2025-07-22T10:06:45","date_gmt":"2025-07-22T10:06:45","guid":{"rendered":"http:\/\/rj-experience.com\/?page_id=370"},"modified":"2025-09-27T15:23:56","modified_gmt":"2025-09-27T15:23:56","slug":"galluminus","status":"publish","type":"page","link":"https:\/\/rj-experience.com\/index.php\/galluminus\/","title":{"rendered":"Galluminus"},"content":{"rendered":"\t\t<div data-elementor-type=\"wp-page\" data-elementor-id=\"370\" class=\"elementor elementor-370\">\n\t\t\t\t<div class=\"elementor-element elementor-element-b7049ab e-flex e-con-boxed e-con e-parent\" data-id=\"b7049ab\" data-element_type=\"container\">\n\t\t\t\t\t<div class=\"e-con-inner\">\n\t\t\t\t<div class=\"elementor-element elementor-element-4a8d749 elementor-widget elementor-widget-text-editor\" data-id=\"4a8d749\" data-element_type=\"widget\" data-widget_type=\"text-editor.default\">\n\t\t\t\t\t\t\t\t\t<div class=\"gs\"><div class=\"gs\"><div class=\"\"><div id=\":o5\" class=\"ii gt adO\"><div id=\":o4\" class=\"a3s aiL \"><div dir=\"ltr\"><h2>\u00a0 \u00a0 \u00a0 \u00a0 \u00a0 \u00a0 \u00a0 \u00a0 \u00a0 \u00a0 \u00a0 \u00a0 \u00a0 Gallimimus<\/h2><p>1.Qui a d\u00e9couvert le Galliminus ?<\/p><p>Il a \u00e9t\u00e9 d\u00e9couvert par l\u2019\u00e9quipe de l\u2019<strong data-start=\"136\" data-end=\"165\">exp\u00e9dition polono-mongole<\/strong> men\u00e9e par le pal\u00e9ontologue <strong data-start=\"193\" data-end=\"220\">Zofia Kielan-Jaworowska<\/strong> dans les ann\u00e9es 1960.<\/p><p>2.Ou \u00e0 t\u2019il trouver le fossile de ce reptile?<\/p><p>Les fossiles ont \u00e9t\u00e9 trouv\u00e9s en <strong data-start=\"331\" data-end=\"343\">Mongolie<\/strong>, dans le <strong data-start=\"353\" data-end=\"371\">d\u00e9sert de Gobi<\/strong>.<\/p><p>3.Quand il a trouve le premier os de ce reptile?<\/p><p>Le premier fossile a \u00e9t\u00e9 d\u00e9couvert en <strong data-start=\"473\" data-end=\"481\">1963<\/strong>.<\/p><p>4.Il est carnivore ou herbivore?<\/p><p>Le Gallimimus \u00e9tait <strong data-start=\"547\" data-end=\"559\">omnivore<\/strong> : il mangeait surtout des plantes, des insectes, et peut-\u00eatre de petits animaux.<\/p><p>5.Combien fait sa taille?<\/p><p>Il mesurait environ <strong data-start=\"700\" data-end=\"720\">6 m\u00e8tres de long<\/strong> et jusqu\u2019\u00e0 <strong data-start=\"732\" data-end=\"752\">2 m\u00e8tres de haut<\/strong>.<\/p><p>6.Combien p\u00e8se son poids ?<\/p><p>Son poids est estim\u00e9 \u00e0 environ <strong data-start=\"822\" data-end=\"832\">440 kg<\/strong>.<\/p><p>7.Le Galliminus vient du cr\u00e9tac\u00e9, du tria ou du jurassique ?<\/p><p>Il vivait \u00e0 la fin du <strong data-start=\"929\" data-end=\"940\">Cr\u00e9tac\u00e9<\/strong>, il y a environ <strong data-start=\"957\" data-end=\"981\">70 millions d\u2019ann\u00e9es<\/strong>.<\/p><p>8.De quelle famille appartient le Galliminus?<\/p><p>Il appartient \u00e0 la famille des <strong data-start=\"1073\" data-end=\"1091\">Ornithomimidae<\/strong> (les \u00ab dinosaures autruches \u00bb).<\/p><p>9.Combien \u00e0 v\u00e9cu le Galluminus?<\/p><p data-start=\"1127\" data-end=\"1277\">On estime que chaque individu pouvait vivre environ <strong data-start=\"1221\" data-end=\"1236\">10 \u00e0 20 ans<\/strong> (comme beaucoup de dinosaures moyens).<\/p><p>10.Combien fait la taille de ces dents?<\/p><p>Le Gallimimus n\u2019avait <strong data-start=\"1351\" data-end=\"1367\">pas de dents<\/strong>. Son bec \u00e9tait <strong data-start=\"1383\" data-end=\"1393\">\u00e9dent\u00e9<\/strong>, comme celui des oiseaux.<\/p><p>11.Quel est sont nom scientifique?<\/p><p>Son nom scientifique est <strong data-start=\"1492\" data-end=\"1515\">Gallimimus bullatus<\/strong>.<\/p><p>12.Combien p\u00e8se son cerveau?<\/p><p>Son cerveau \u00e9tait relativement petit, probablement autour de <strong data-start=\"1620\" data-end=\"1641\">100 \u00e0 200 grammes<\/strong>, proportionnellement \u00e0 sa taille.<\/p><p>13.Il vit seul ou en troupeau?<\/p><p>Les pal\u00e9ontologues pensent qu\u2019il vivait <strong data-start=\"1760\" data-end=\"1776\">en troupeaux<\/strong>, pour se prot\u00e9ger des pr\u00e9dateurs.<\/p><p>14.Qui est son premier os qui a \u00e9t\u00e9 trouv\u00e9?<\/p><p>Les premiers restes \u00e9taient des <strong data-start=\"1901\" data-end=\"1938\">cr\u00e2nes et des squelettes partiels<\/strong> trouv\u00e9s en Mongolie.<\/p><p>15.Quand il le nomme ?<\/p><p>Le dinosaure a \u00e9t\u00e9 officiellement nomm\u00e9 en <strong data-start=\"2038\" data-end=\"2046\">1972<\/strong> par Halszka Osm\u00f3lska, Ewa Roniewicz et Rinchen Barsbold.<\/p><p>16.Combien il a de dents?<\/p><p>Il n\u2019avait <strong data-start=\"2154\" data-end=\"2169\">aucune dent<\/strong>.<\/p><p>17.Quels sont les autres dinosaures qui vivaient \u00e0 cette \u00e9poque?<\/p><p data-start=\"2174\" data-end=\"2313\">Au Cr\u00e9tac\u00e9 sup\u00e9rieur, dans le d\u00e9sert de Gobi, vivaient aussi :<\/p><ul data-start=\"2314\" data-end=\"2433\"><li data-start=\"2314\" data-end=\"2334\"><p data-start=\"2316\" data-end=\"2334\"><strong data-start=\"2316\" data-end=\"2332\">Velociraptor<\/strong><\/p><\/li><li data-start=\"2335\" data-end=\"2373\"><p data-start=\"2337\" data-end=\"2373\"><strong data-start=\"2337\" data-end=\"2352\">Tarbosaurus<\/strong> (cousin du T. rex)<\/p><\/li><li data-start=\"2374\" data-end=\"2395\"><p data-start=\"2376\" data-end=\"2395\"><strong data-start=\"2376\" data-end=\"2393\">Protoceratops<\/strong><\/p><\/li><li data-start=\"2396\" data-end=\"2415\"><p data-start=\"2398\" data-end=\"2415\"><strong data-start=\"2398\" data-end=\"2413\">Saurolophus<\/strong><\/p><\/li><li data-start=\"2416\" data-end=\"2433\"><p data-start=\"2418\" data-end=\"2433\"><strong data-start=\"2418\" data-end=\"2431\">Oviraptor<\/strong><\/p><\/li><\/ul><\/div><\/div><\/div><\/div><\/div><\/div>\t\t\t\t\t\t\t\t<\/div>\n\t\t\t\t\t<\/div>\n\t\t\t\t<\/div>\n\t\t\t\t<\/div>\n\t\t","protected":false},"excerpt":{"rendered":"<p>\u00a0 \u00a0 \u00a0 \u00a0 \u00a0 \u00a0 \u00a0 \u00a0 \u00a0 \u00a0 \u00a0 \u00a0 \u00a0 Gallimimus 1.Qui a d\u00e9couvert le Galliminus ? Il a \u00e9t\u00e9 d\u00e9couvert par l\u2019\u00e9quipe de l\u2019exp\u00e9dition polono-mongole men\u00e9e par le pal\u00e9ontologue Zofia Kielan-Jaworowska dans les ann\u00e9es 1960. 2.Ou \u00e0 t\u2019il trouver le fossile de ce reptile? Les fossiles ont \u00e9t\u00e9 trouv\u00e9s en Mongolie, [&hellip;]<\/p>\n","protected":false},"author":1,"featured_media":0,"parent":0,"menu_order":0,"comment_status":"closed","ping_status":"closed","template":"","meta":{"footnotes":""},"class_list":["post-370","page","type-page","status-publish","hentry"],"yoast_head":"<!-- This site is optimized with the Yoast SEO plugin v26.2 - https:\/\/yoast.com\/wordpress\/plugins\/seo\/ -->\n<title>Galluminus - RJ Exp\u00e9rience<\/title>\n<meta name=\"robots\" content=\"index, follow, max-snippet:-1, max-image-preview:large, max-video-preview:-1\" \/>\n<link rel=\"canonical\" href=\"https:\/\/rj-experience.com\/index.php\/galluminus\/\" \/>\n<meta property=\"og:locale\" content=\"en_US\" \/>\n<meta property=\"og:type\" content=\"article\" \/>\n<meta property=\"og:title\" content=\"Galluminus - RJ Exp\u00e9rience\" \/>\n<meta property=\"og:description\" content=\"\u00a0 \u00a0 \u00a0 \u00a0 \u00a0 \u00a0 \u00a0 \u00a0 \u00a0 \u00a0 \u00a0 \u00a0 \u00a0 Gallimimus 1.Qui a d\u00e9couvert le Galliminus ? Il a \u00e9t\u00e9 d\u00e9couvert par l\u2019\u00e9quipe de l\u2019exp\u00e9dition polono-mongole men\u00e9e par le pal\u00e9ontologue Zofia Kielan-Jaworowska dans les ann\u00e9es 1960. 2.Ou \u00e0 t\u2019il trouver le fossile de ce reptile? Les fossiles ont \u00e9t\u00e9 trouv\u00e9s en Mongolie, [&hellip;]\" \/>\n<meta property=\"og:url\" content=\"https:\/\/rj-experience.com\/index.php\/galluminus\/\" \/>\n<meta property=\"og:site_name\" content=\"RJ Exp\u00e9rience\" \/>\n<meta property=\"article:modified_time\" content=\"2025-09-27T15:23:56+00:00\" \/>\n<meta name=\"twitter:card\" content=\"summary_large_image\" \/>\n<meta name=\"twitter:label1\" content=\"Est. reading time\" \/>\n\t<meta name=\"twitter:data1\" content=\"2 minutes\" \/>\n<script type=\"application\/ld+json\" class=\"yoast-schema-graph\">{\"@context\":\"https:\/\/schema.org\",\"@graph\":[{\"@type\":\"WebPage\",\"@id\":\"https:\/\/rj-experience.com\/index.php\/galluminus\/\",\"url\":\"https:\/\/rj-experience.com\/index.php\/galluminus\/\",\"name\":\"Galluminus - RJ Exp\u00e9rience\",\"isPartOf\":{\"@id\":\"https:\/\/rj-experience.com\/#website\"},\"datePublished\":\"2025-07-22T10:06:45+00:00\",\"dateModified\":\"2025-09-27T15:23:56+00:00\",\"breadcrumb\":{\"@id\":\"https:\/\/rj-experience.com\/index.php\/galluminus\/#breadcrumb\"},\"inLanguage\":\"en-US\",\"potentialAction\":[{\"@type\":\"ReadAction\",\"target\":[\"https:\/\/rj-experience.com\/index.php\/galluminus\/\"]}]},{\"@type\":\"BreadcrumbList\",\"@id\":\"https:\/\/rj-experience.com\/index.php\/galluminus\/#breadcrumb\",\"itemListElement\":[{\"@type\":\"ListItem\",\"position\":1,\"name\":\"Home\",\"item\":\"https:\/\/rj-experience.com\/\"},{\"@type\":\"ListItem\",\"position\":2,\"name\":\"Galluminus\"}]},{\"@type\":\"WebSite\",\"@id\":\"https:\/\/rj-experience.com\/#website\",\"url\":\"https:\/\/rj-experience.com\/\",\"name\":\"RJ Exp\u00e9rience\",\"description\":\"\",\"publisher\":{\"@id\":\"https:\/\/rj-experience.com\/#organization\"},\"potentialAction\":[{\"@type\":\"SearchAction\",\"target\":{\"@type\":\"EntryPoint\",\"urlTemplate\":\"https:\/\/rj-experience.com\/?s={search_term_string}\"},\"query-input\":{\"@type\":\"PropertyValueSpecification\",\"valueRequired\":true,\"valueName\":\"search_term_string\"}}],\"inLanguage\":\"en-US\"},{\"@type\":\"Organization\",\"@id\":\"https:\/\/rj-experience.com\/#organization\",\"name\":\"RJ Exp\u00e9rience\",\"url\":\"https:\/\/rj-experience.com\/\",\"logo\":{\"@type\":\"ImageObject\",\"inLanguage\":\"en-US\",\"@id\":\"https:\/\/rj-experience.com\/#\/schema\/logo\/image\/\",\"url\":\"https:\/\/rj-experience.com\/wp-content\/uploads\/2025\/10\/cropped-ChatGPT-Image-28-oct.-2025-18_28_26.png\",\"contentUrl\":\"https:\/\/rj-experience.com\/wp-content\/uploads\/2025\/10\/cropped-ChatGPT-Image-28-oct.-2025-18_28_26.png\",\"width\":512,\"height\":512,\"caption\":\"RJ Exp\u00e9rience\"},\"image\":{\"@id\":\"https:\/\/rj-experience.com\/#\/schema\/logo\/image\/\"}}]}<\/script>\n<!-- \/ Yoast SEO plugin. -->","yoast_head_json":{"title":"Galluminus - RJ Exp\u00e9rience","robots":{"index":"index","follow":"follow","max-snippet":"max-snippet:-1","max-image-preview":"max-image-preview:large","max-video-preview":"max-video-preview:-1"},"canonical":"https:\/\/rj-experience.com\/index.php\/galluminus\/","og_locale":"en_US","og_type":"article","og_title":"Galluminus - RJ Exp\u00e9rience","og_description":"\u00a0 \u00a0 \u00a0 \u00a0 \u00a0 \u00a0 \u00a0 \u00a0 \u00a0 \u00a0 \u00a0 \u00a0 \u00a0 Gallimimus 1.Qui a d\u00e9couvert le Galliminus ? Il a \u00e9t\u00e9 d\u00e9couvert par l\u2019\u00e9quipe de l\u2019exp\u00e9dition polono-mongole men\u00e9e par le pal\u00e9ontologue Zofia Kielan-Jaworowska dans les ann\u00e9es 1960. 2.Ou \u00e0 t\u2019il trouver le fossile de ce reptile? Les fossiles ont \u00e9t\u00e9 trouv\u00e9s en Mongolie, [&hellip;]","og_url":"https:\/\/rj-experience.com\/index.php\/galluminus\/","og_site_name":"RJ Exp\u00e9rience","article_modified_time":"2025-09-27T15:23:56+00:00","twitter_card":"summary_large_image","twitter_misc":{"Est. reading time":"2 minutes"},"schema":{"@context":"https:\/\/schema.org","@graph":[{"@type":"WebPage","@id":"https:\/\/rj-experience.com\/index.php\/galluminus\/","url":"https:\/\/rj-experience.com\/index.php\/galluminus\/","name":"Galluminus - RJ Exp\u00e9rience","isPartOf":{"@id":"https:\/\/rj-experience.com\/#website"},"datePublished":"2025-07-22T10:06:45+00:00","dateModified":"2025-09-27T15:23:56+00:00","breadcrumb":{"@id":"https:\/\/rj-experience.com\/index.php\/galluminus\/#breadcrumb"},"inLanguage":"en-US","potentialAction":[{"@type":"ReadAction","target":["https:\/\/rj-experience.com\/index.php\/galluminus\/"]}]},{"@type":"BreadcrumbList","@id":"https:\/\/rj-experience.com\/index.php\/galluminus\/#breadcrumb","itemListElement":[{"@type":"ListItem","position":1,"name":"Home","item":"https:\/\/rj-experience.com\/"},{"@type":"ListItem","position":2,"name":"Galluminus"}]},{"@type":"WebSite","@id":"https:\/\/rj-experience.com\/#website","url":"https:\/\/rj-experience.com\/","name":"RJ Exp\u00e9rience","description":"","publisher":{"@id":"https:\/\/rj-experience.com\/#organization"},"potentialAction":[{"@type":"SearchAction","target":{"@type":"EntryPoint","urlTemplate":"https:\/\/rj-experience.com\/?s={search_term_string}"},"query-input":{"@type":"PropertyValueSpecification","valueRequired":true,"valueName":"search_term_string"}}],"inLanguage":"en-US"},{"@type":"Organization","@id":"https:\/\/rj-experience.com\/#organization","name":"RJ Exp\u00e9rience","url":"https:\/\/rj-experience.com\/","logo":{"@type":"ImageObject","inLanguage":"en-US","@id":"https:\/\/rj-experience.com\/#\/schema\/logo\/image\/","url":"https:\/\/rj-experience.com\/wp-content\/uploads\/2025\/10\/cropped-ChatGPT-Image-28-oct.-2025-18_28_26.png","contentUrl":"https:\/\/rj-experience.com\/wp-content\/uploads\/2025\/10\/cropped-ChatGPT-Image-28-oct.-2025-18_28_26.png","width":512,"height":512,"caption":"RJ Exp\u00e9rience"},"image":{"@id":"https:\/\/rj-experience.com\/#\/schema\/logo\/image\/"}}]}},"_links":{"self":[{"href":"https:\/\/rj-experience.com\/index.php\/wp-json\/wp\/v2\/pages\/370","targetHints":{"allow":["GET"]}}],"collection":[{"href":"https:\/\/rj-experience.com\/index.php\/wp-json\/wp\/v2\/pages"}],"about":[{"href":"https:\/\/rj-experience.com\/index.php\/wp-json\/wp\/v2\/types\/page"}],"author":[{"embeddable":true,"href":"https:\/\/rj-experience.com\/index.php\/wp-json\/wp\/v2\/users\/1"}],"replies":[{"embeddable":true,"href":"https:\/\/rj-experience.com\/index.php\/wp-json\/wp\/v2\/comments?post=370"}],"version-history":[{"count":7,"href":"https:\/\/rj-experience.com\/index.php\/wp-json\/wp\/v2\/pages\/370\/revisions"}],"predecessor-version":[{"id":1061,"href":"https:\/\/rj-experience.com\/index.php\/wp-json\/wp\/v2\/pages\/370\/revisions\/1061"}],"wp:attachment":[{"href":"https:\/\/rj-experience.com\/index.php\/wp-json\/wp\/v2\/media?parent=370"}],"curies":[{"name":"wp","href":"https:\/\/api.w.org\/{rel}","templated":true}]}}