{"id":348,"date":"2025-07-22T09:58:51","date_gmt":"2025-07-22T09:58:51","guid":{"rendered":"http:\/\/rj-experience.com\/?page_id=348"},"modified":"2025-08-01T15:15:06","modified_gmt":"2025-08-01T15:15:06","slug":"monolophosaurus","status":"publish","type":"page","link":"https:\/\/rj-experience.com\/index.php\/monolophosaurus\/","title":{"rendered":"Monolophosaurus"},"content":{"rendered":"\t\t<div data-elementor-type=\"wp-page\" data-elementor-id=\"348\" class=\"elementor elementor-348\">\n\t\t\t\t<div class=\"elementor-element elementor-element-9259f07 e-flex e-con-boxed e-con e-parent\" data-id=\"9259f07\" data-element_type=\"container\">\n\t\t\t\t\t<div class=\"e-con-inner\">\n\t\t\t\t<div class=\"elementor-element elementor-element-5a31cca elementor-widget elementor-widget-text-editor\" data-id=\"5a31cca\" data-element_type=\"widget\" data-widget_type=\"text-editor.default\">\n\t\t\t\t\t\t\t\t\t<h2>\u00a0 \u00a0 \u00a0 \u00a0 \u00a0 \u00a0 \u00a0 \u00a0 \u00a0 Monolophosaurus<\/h2><p>1.Qui a d\u00e9couvert le Monolophosaurus?<\/p><p data-start=\"157\" data-end=\"254\">Il a \u00e9t\u00e9 d\u00e9couvert par des <strong data-start=\"184\" data-end=\"210\">pal\u00e9ontologues chinois<\/strong>, notamment <strong data-start=\"222\" data-end=\"236\">Zhao Xijin<\/strong> et ses coll\u00e8gues.<\/p><p>2.Ou \u00e0 t\u2019il trouver le fossile de ce reptile?<\/p><p data-start=\"318\" data-end=\"418\">Le fossile a \u00e9t\u00e9 trouv\u00e9 dans le <strong data-start=\"350\" data-end=\"362\">Xinjiang<\/strong>, au <strong data-start=\"367\" data-end=\"393\">nord-ouest de la Chine<\/strong>, pr\u00e8s du d\u00e9sert de Gobi.<\/p><p>3.Quand il a trouve le premier os de ce reptile?<\/p><p>Le premier fossile a \u00e9t\u00e9 d\u00e9couvert dans les <strong data-start=\"532\" data-end=\"547\">ann\u00e9es 1980<\/strong>, mais il a \u00e9t\u00e9 \u00e9tudi\u00e9 et d\u00e9crit plus en d\u00e9tail <strong data-start=\"595\" data-end=\"606\">en 1993<\/strong>.<\/p><p>4.Il est carnivore ou herbivore?<\/p><p>Le Monolophosaurus \u00e9tait <strong data-start=\"684\" data-end=\"697\">carnivore<\/strong>.<\/p><p>5.Combien fait sa taille?<\/p><p data-start=\"743\" data-end=\"788\">Il mesurait environ <strong data-start=\"763\" data-end=\"787\">5 \u00e0 6 m\u00e8tres de long<\/strong>.<\/p><p>6.Combien p\u00e8se son poids ?<\/p><p data-start=\"833\" data-end=\"890\">Son poids est estim\u00e9 \u00e0 environ <strong data-start=\"864\" data-end=\"889\">500 \u00e0 600 kilogrammes<\/strong>.<\/p><p>7.Le Monolophosaurus vient du cr\u00e9tac\u00e9, du tria ou du jurassique ?<\/p><p data-start=\"975\" data-end=\"1050\">Il vient du <strong data-start=\"987\" data-end=\"1007\">Jurassique moyen<\/strong>, il y a environ <strong data-start=\"1024\" data-end=\"1049\">165 millions d&#8217;ann\u00e9es<\/strong>.<\/p><p>8.De quelle famille appartient le Monolophosaurus ?<\/p><p>Il est class\u00e9 comme un <strong data-start=\"1143\" data-end=\"1162\">th\u00e9ropode basal<\/strong> (proche des <strong data-start=\"1175\" data-end=\"1188\">Tetanurae<\/strong>), mais <strong data-start=\"1196\" data-end=\"1237\">sa famille exacte est encore d\u00e9battue<\/strong>. Certains le classent dans une famille propre : <strong data-start=\"1286\" data-end=\"1307\">Monolophosauridae<\/strong>.<\/p><p>9.Combien \u00e0 v\u00e9cu le Monolophosaurus ?<\/p><p data-start=\"1364\" data-end=\"1426\">On estime qu\u2019un individu pouvait vivre entre <strong data-start=\"1409\" data-end=\"1425\">15 et 20 ans<\/strong>.<\/p><p>10.Combien fait la taille de ces dents ?<\/p><p>Ses dents mesuraient environ <strong data-start=\"1514\" data-end=\"1527\">5 \u00e0 10 cm<\/strong>, courb\u00e9es et tranchantes, parfaites pour d\u00e9couper la chair.<\/p><p>11.Quel est sont nom scientifique ?<\/p><p>Son nom scientifique est Monolophosaurus jiangi .<\/p><p>12.Combien p\u00e8se son cerveau?<\/p><p>Son cerveau devait peser autour de <strong data-start=\"1749\" data-end=\"1770\">100 \u00e0 150 grammes<\/strong>, comme chez d&#8217;autres th\u00e9ropodes de taille similaire.<\/p><p>13.Il vit seul ou en troupeau?<\/p><p data-start=\"1873\" data-end=\"1962\">On pense qu\u2019il vivait <strong data-start=\"1895\" data-end=\"1910\">plut\u00f4t seul<\/strong>, bien que cela ne soit pas confirm\u00e9 avec certitude.<\/p><p>14.Qui est son premier os qui a \u00e9t\u00e9 trouv\u00e9?<\/p><p data-start=\"2026\" data-end=\"2169\">Le premier os d\u00e9couvert est une partie de son <strong data-start=\"2072\" data-end=\"2081\">cr\u00e2ne<\/strong>, facilement reconnaissable gr\u00e2ce \u00e0 <strong data-start=\"2117\" data-end=\"2143\">la grande cr\u00eate unique<\/strong> sur le sommet de sa t\u00eate.<\/p><p>15.Quand il le nomme ?<\/p><p data-start=\"2213\" data-end=\"2294\">Il a \u00e9t\u00e9 officiellement <strong data-start=\"2237\" data-end=\"2254\">nomm\u00e9 en 1993<\/strong> par <strong data-start=\"2259\" data-end=\"2293\">Zhao Xijin et Philip J. Currie<\/strong>.<\/p><p>16.Combien il a de dents?<\/p><p>Il avait environ <strong data-start=\"2356\" data-end=\"2368\">60 dents<\/strong> en tout, petites mais nombreuses, r\u00e9parties dans la m\u00e2choire sup\u00e9rieure et inf\u00e9rieure.<\/p><p>17.Quels sont les autres dinosaures qui vivaient \u00e0 cette \u00e9poque?<\/p><p data-start=\"2539\" data-end=\"2576\">Au Jurassique moyen, vivaient aussi :<\/p><ul data-start=\"2577\" data-end=\"2723\"><li data-start=\"2577\" data-end=\"2599\"><p data-start=\"2579\" data-end=\"2599\"><strong data-start=\"2579\" data-end=\"2599\">Yangchuanosaurus<\/strong><\/p><\/li><li data-start=\"2600\" data-end=\"2643\"><p data-start=\"2602\" data-end=\"2643\"><strong data-start=\"2602\" data-end=\"2620\">Mamenchisaurus<\/strong> (herbivore \u00e0 long cou)<\/p><\/li><li data-start=\"2644\" data-end=\"2660\"><p data-start=\"2646\" data-end=\"2660\"><strong data-start=\"2646\" data-end=\"2660\">Gasosaurus<\/strong><\/p><\/li><li data-start=\"2661\" data-end=\"2705\"><p data-start=\"2663\" data-end=\"2705\"><strong data-start=\"2663\" data-end=\"2683\">Chungkingosaurus<\/strong> (st\u00e9gosaure primitif)<\/p><\/li><li data-start=\"2706\" data-end=\"2723\"><p data-start=\"2708\" data-end=\"2723\"><strong data-start=\"2708\" data-end=\"2723\">Shunosaurus<\/strong><\/p><\/li><\/ul>\t\t\t\t\t\t\t\t<\/div>\n\t\t\t\t\t<\/div>\n\t\t\t\t<\/div>\n\t\t\t\t<\/div>\n\t\t","protected":false},"excerpt":{"rendered":"<p>\u00a0 \u00a0 \u00a0 \u00a0 \u00a0 \u00a0 \u00a0 \u00a0 \u00a0 Monolophosaurus 1.Qui a d\u00e9couvert le Monolophosaurus? Il a \u00e9t\u00e9 d\u00e9couvert par des pal\u00e9ontologues chinois, notamment Zhao Xijin et ses coll\u00e8gues. 2.Ou \u00e0 t\u2019il trouver le fossile de ce reptile? Le fossile a \u00e9t\u00e9 trouv\u00e9 dans le Xinjiang, au nord-ouest de la Chine, pr\u00e8s du d\u00e9sert de [&hellip;]<\/p>\n","protected":false},"author":1,"featured_media":0,"parent":0,"menu_order":0,"comment_status":"closed","ping_status":"closed","template":"","meta":{"footnotes":""},"class_list":["post-348","page","type-page","status-publish","hentry"],"yoast_head":"<!-- This site is optimized with the Yoast SEO plugin v26.2 - https:\/\/yoast.com\/wordpress\/plugins\/seo\/ -->\n<title>Monolophosaurus - RJ Exp\u00e9rience<\/title>\n<meta name=\"robots\" content=\"index, follow, max-snippet:-1, max-image-preview:large, max-video-preview:-1\" \/>\n<link rel=\"canonical\" href=\"https:\/\/rj-experience.com\/index.php\/monolophosaurus\/\" \/>\n<meta property=\"og:locale\" content=\"en_US\" \/>\n<meta property=\"og:type\" content=\"article\" \/>\n<meta property=\"og:title\" content=\"Monolophosaurus - RJ Exp\u00e9rience\" \/>\n<meta property=\"og:description\" content=\"\u00a0 \u00a0 \u00a0 \u00a0 \u00a0 \u00a0 \u00a0 \u00a0 \u00a0 Monolophosaurus 1.Qui a d\u00e9couvert le Monolophosaurus? Il a \u00e9t\u00e9 d\u00e9couvert par des pal\u00e9ontologues chinois, notamment Zhao Xijin et ses coll\u00e8gues. 2.Ou \u00e0 t\u2019il trouver le fossile de ce reptile? Le fossile a \u00e9t\u00e9 trouv\u00e9 dans le Xinjiang, au nord-ouest de la Chine, pr\u00e8s du d\u00e9sert de [&hellip;]\" \/>\n<meta property=\"og:url\" content=\"https:\/\/rj-experience.com\/index.php\/monolophosaurus\/\" \/>\n<meta property=\"og:site_name\" content=\"RJ Exp\u00e9rience\" \/>\n<meta property=\"article:modified_time\" content=\"2025-08-01T15:15:06+00:00\" \/>\n<meta name=\"twitter:card\" content=\"summary_large_image\" \/>\n<meta name=\"twitter:label1\" content=\"Est. reading time\" \/>\n\t<meta name=\"twitter:data1\" content=\"2 minutes\" \/>\n<script type=\"application\/ld+json\" class=\"yoast-schema-graph\">{\"@context\":\"https:\/\/schema.org\",\"@graph\":[{\"@type\":\"WebPage\",\"@id\":\"https:\/\/rj-experience.com\/index.php\/monolophosaurus\/\",\"url\":\"https:\/\/rj-experience.com\/index.php\/monolophosaurus\/\",\"name\":\"Monolophosaurus - RJ Exp\u00e9rience\",\"isPartOf\":{\"@id\":\"https:\/\/rj-experience.com\/#website\"},\"datePublished\":\"2025-07-22T09:58:51+00:00\",\"dateModified\":\"2025-08-01T15:15:06+00:00\",\"breadcrumb\":{\"@id\":\"https:\/\/rj-experience.com\/index.php\/monolophosaurus\/#breadcrumb\"},\"inLanguage\":\"en-US\",\"potentialAction\":[{\"@type\":\"ReadAction\",\"target\":[\"https:\/\/rj-experience.com\/index.php\/monolophosaurus\/\"]}]},{\"@type\":\"BreadcrumbList\",\"@id\":\"https:\/\/rj-experience.com\/index.php\/monolophosaurus\/#breadcrumb\",\"itemListElement\":[{\"@type\":\"ListItem\",\"position\":1,\"name\":\"Home\",\"item\":\"https:\/\/rj-experience.com\/\"},{\"@type\":\"ListItem\",\"position\":2,\"name\":\"Monolophosaurus\"}]},{\"@type\":\"WebSite\",\"@id\":\"https:\/\/rj-experience.com\/#website\",\"url\":\"https:\/\/rj-experience.com\/\",\"name\":\"RJ Exp\u00e9rience\",\"description\":\"\",\"publisher\":{\"@id\":\"https:\/\/rj-experience.com\/#organization\"},\"potentialAction\":[{\"@type\":\"SearchAction\",\"target\":{\"@type\":\"EntryPoint\",\"urlTemplate\":\"https:\/\/rj-experience.com\/?s={search_term_string}\"},\"query-input\":{\"@type\":\"PropertyValueSpecification\",\"valueRequired\":true,\"valueName\":\"search_term_string\"}}],\"inLanguage\":\"en-US\"},{\"@type\":\"Organization\",\"@id\":\"https:\/\/rj-experience.com\/#organization\",\"name\":\"RJ Exp\u00e9rience\",\"url\":\"https:\/\/rj-experience.com\/\",\"logo\":{\"@type\":\"ImageObject\",\"inLanguage\":\"en-US\",\"@id\":\"https:\/\/rj-experience.com\/#\/schema\/logo\/image\/\",\"url\":\"https:\/\/rj-experience.com\/wp-content\/uploads\/2025\/10\/cropped-ChatGPT-Image-28-oct.-2025-18_28_26.png\",\"contentUrl\":\"https:\/\/rj-experience.com\/wp-content\/uploads\/2025\/10\/cropped-ChatGPT-Image-28-oct.-2025-18_28_26.png\",\"width\":512,\"height\":512,\"caption\":\"RJ Exp\u00e9rience\"},\"image\":{\"@id\":\"https:\/\/rj-experience.com\/#\/schema\/logo\/image\/\"}}]}<\/script>\n<!-- \/ Yoast SEO plugin. -->","yoast_head_json":{"title":"Monolophosaurus - RJ Exp\u00e9rience","robots":{"index":"index","follow":"follow","max-snippet":"max-snippet:-1","max-image-preview":"max-image-preview:large","max-video-preview":"max-video-preview:-1"},"canonical":"https:\/\/rj-experience.com\/index.php\/monolophosaurus\/","og_locale":"en_US","og_type":"article","og_title":"Monolophosaurus - RJ Exp\u00e9rience","og_description":"\u00a0 \u00a0 \u00a0 \u00a0 \u00a0 \u00a0 \u00a0 \u00a0 \u00a0 Monolophosaurus 1.Qui a d\u00e9couvert le Monolophosaurus? Il a \u00e9t\u00e9 d\u00e9couvert par des pal\u00e9ontologues chinois, notamment Zhao Xijin et ses coll\u00e8gues. 2.Ou \u00e0 t\u2019il trouver le fossile de ce reptile? Le fossile a \u00e9t\u00e9 trouv\u00e9 dans le Xinjiang, au nord-ouest de la Chine, pr\u00e8s du d\u00e9sert de [&hellip;]","og_url":"https:\/\/rj-experience.com\/index.php\/monolophosaurus\/","og_site_name":"RJ Exp\u00e9rience","article_modified_time":"2025-08-01T15:15:06+00:00","twitter_card":"summary_large_image","twitter_misc":{"Est. reading time":"2 minutes"},"schema":{"@context":"https:\/\/schema.org","@graph":[{"@type":"WebPage","@id":"https:\/\/rj-experience.com\/index.php\/monolophosaurus\/","url":"https:\/\/rj-experience.com\/index.php\/monolophosaurus\/","name":"Monolophosaurus - RJ Exp\u00e9rience","isPartOf":{"@id":"https:\/\/rj-experience.com\/#website"},"datePublished":"2025-07-22T09:58:51+00:00","dateModified":"2025-08-01T15:15:06+00:00","breadcrumb":{"@id":"https:\/\/rj-experience.com\/index.php\/monolophosaurus\/#breadcrumb"},"inLanguage":"en-US","potentialAction":[{"@type":"ReadAction","target":["https:\/\/rj-experience.com\/index.php\/monolophosaurus\/"]}]},{"@type":"BreadcrumbList","@id":"https:\/\/rj-experience.com\/index.php\/monolophosaurus\/#breadcrumb","itemListElement":[{"@type":"ListItem","position":1,"name":"Home","item":"https:\/\/rj-experience.com\/"},{"@type":"ListItem","position":2,"name":"Monolophosaurus"}]},{"@type":"WebSite","@id":"https:\/\/rj-experience.com\/#website","url":"https:\/\/rj-experience.com\/","name":"RJ Exp\u00e9rience","description":"","publisher":{"@id":"https:\/\/rj-experience.com\/#organization"},"potentialAction":[{"@type":"SearchAction","target":{"@type":"EntryPoint","urlTemplate":"https:\/\/rj-experience.com\/?s={search_term_string}"},"query-input":{"@type":"PropertyValueSpecification","valueRequired":true,"valueName":"search_term_string"}}],"inLanguage":"en-US"},{"@type":"Organization","@id":"https:\/\/rj-experience.com\/#organization","name":"RJ Exp\u00e9rience","url":"https:\/\/rj-experience.com\/","logo":{"@type":"ImageObject","inLanguage":"en-US","@id":"https:\/\/rj-experience.com\/#\/schema\/logo\/image\/","url":"https:\/\/rj-experience.com\/wp-content\/uploads\/2025\/10\/cropped-ChatGPT-Image-28-oct.-2025-18_28_26.png","contentUrl":"https:\/\/rj-experience.com\/wp-content\/uploads\/2025\/10\/cropped-ChatGPT-Image-28-oct.-2025-18_28_26.png","width":512,"height":512,"caption":"RJ Exp\u00e9rience"},"image":{"@id":"https:\/\/rj-experience.com\/#\/schema\/logo\/image\/"}}]}},"_links":{"self":[{"href":"https:\/\/rj-experience.com\/index.php\/wp-json\/wp\/v2\/pages\/348","targetHints":{"allow":["GET"]}}],"collection":[{"href":"https:\/\/rj-experience.com\/index.php\/wp-json\/wp\/v2\/pages"}],"about":[{"href":"https:\/\/rj-experience.com\/index.php\/wp-json\/wp\/v2\/types\/page"}],"author":[{"embeddable":true,"href":"https:\/\/rj-experience.com\/index.php\/wp-json\/wp\/v2\/users\/1"}],"replies":[{"embeddable":true,"href":"https:\/\/rj-experience.com\/index.php\/wp-json\/wp\/v2\/comments?post=348"}],"version-history":[{"count":4,"href":"https:\/\/rj-experience.com\/index.php\/wp-json\/wp\/v2\/pages\/348\/revisions"}],"predecessor-version":[{"id":1022,"href":"https:\/\/rj-experience.com\/index.php\/wp-json\/wp\/v2\/pages\/348\/revisions\/1022"}],"wp:attachment":[{"href":"https:\/\/rj-experience.com\/index.php\/wp-json\/wp\/v2\/media?parent=348"}],"curies":[{"name":"wp","href":"https:\/\/api.w.org\/{rel}","templated":true}]}}