{"id":342,"date":"2025-07-22T09:55:29","date_gmt":"2025-07-22T09:55:29","guid":{"rendered":"http:\/\/rj-experience.com\/?page_id=342"},"modified":"2025-08-01T15:01:25","modified_gmt":"2025-08-01T15:01:25","slug":"dilophosaurus","status":"publish","type":"page","link":"https:\/\/rj-experience.com\/index.php\/dilophosaurus\/","title":{"rendered":"Dilophosaurus"},"content":{"rendered":"\t\t<div data-elementor-type=\"wp-page\" data-elementor-id=\"342\" class=\"elementor elementor-342\">\n\t\t\t\t<div class=\"elementor-element elementor-element-b997c58 e-flex e-con-boxed e-con e-parent\" data-id=\"b997c58\" data-element_type=\"container\">\n\t\t\t\t\t<div class=\"e-con-inner\">\n\t\t\t\t<div class=\"elementor-element elementor-element-2c84252 elementor-widget elementor-widget-text-editor\" data-id=\"2c84252\" data-element_type=\"widget\" data-widget_type=\"text-editor.default\">\n\t\t\t\t\t\t\t\t\t<h2>\u00a0 \u00a0 \u00a0 \u00a0 \u00a0 \u00a0 \u00a0 \u00a0 \u00a0 \u00a0 \u00a0 Dilophosaurus<\/h2><p>1.Qui a d\u00e9couvert le Dilophosaurus ?<\/p><p>Le Dilophosaurus a \u00e9t\u00e9 d\u00e9couvert par <strong data-start=\"153\" data-end=\"171\">Jesse Williams<\/strong>, un habitant de la r\u00e9gion de l&#8217;Arizona.<\/p><p>2.Ou \u00e0 t\u2019il trouver le fossile de ce reptile?<\/p><p>Le fossile a \u00e9t\u00e9 trouv\u00e9 <strong data-start=\"299\" data-end=\"320\">pr\u00e8s de Tuba City<\/strong>, dans le nord de l&#8217;\u00c9tat de <strong data-start=\"348\" data-end=\"374\">l&#8217;Arizona (\u00c9tats-Unis)<\/strong>.<\/p><p>3.Quand il a trouv\u00e9 le premier os de ce reptile?<\/p><p data-start=\"445\" data-end=\"492\">Le premier fossile a \u00e9t\u00e9 d\u00e9couvert en <strong data-start=\"483\" data-end=\"491\">1942<\/strong>.<\/p><p>4.Il est carnivore ou herbivore?<\/p><p>Le Dilophosaurus \u00e9tait un <strong data-start=\"570\" data-end=\"583\">carnivore<\/strong>, il se nourrissait probablement de petits reptiles, poissons et peut-\u00eatre de carcasses.<\/p><p>5.Combien fait sa taille?<\/p><p>Il mesurait environ <strong data-start=\"736\" data-end=\"760\">6 \u00e0 7 m\u00e8tres de long<\/strong>.<\/p><p>6.Combien p\u00e8se son poids ?<\/p><p>Son poids est estim\u00e9 \u00e0 environ <strong data-start=\"837\" data-end=\"862\">300 \u00e0 500 kilogrammes<\/strong>.<\/p><p>7.Le Dilophosaurus vient du cr\u00e9tac\u00e9, du tria ou du jurassique ?<\/p><p>Le Dilophosaurus vivait au <strong data-start=\"973\" data-end=\"997\">Jurassique inf\u00e9rieur<\/strong>, il y a environ <strong data-start=\"1014\" data-end=\"1039\">193 millions d&#8217;ann\u00e9es<\/strong>.<\/p><p>8.De quelle famille appartient le Dilophosaurus?<\/p><p>Il appartient \u00e0 la famille des <strong data-start=\"1139\" data-end=\"1158\">Dilophosauridae<\/strong>, un groupe de th\u00e9ropodes primitifs.<\/p><p>9.Combien \u00e0 v\u00e9cu le Dilophosaurus ?<\/p><p>Les fossiles montrent qu\u2019un Dilophosaurus pouvait vivre environ <strong data-start=\"1312\" data-end=\"1327\">15 \u00e0 20 ans<\/strong>, selon les estimations scientifiques actuelles.<\/p><p>10.Combien fait la taille de ces dents ?<\/p><p>Les dents du Dilophosaurus mesuraient jusqu\u2019\u00e0 <strong data-start=\"1480\" data-end=\"1510\">7 \u00e0 10 centim\u00e8tres de long<\/strong>, pointues et recourb\u00e9es.<\/p><p>11.Quel est sont nom scientifique ?<\/p><p>Son nom scientifique est <strong data-start=\"1613\" data-end=\"1641\">Dilophosaurus wetherilli<\/strong>.<\/p><p>12.Combien p\u00e8se son cerveau ?<\/p><p>Le cerveau du Dilophosaurus \u00e9tait relativement petit : environ <strong data-start=\"1753\" data-end=\"1774\">100 \u00e0 150 grammes<\/strong>, selon des reconstitutions craniennes.<\/p><p>13.Il vit seul ou en troupeau ?<\/p><p>Il est probable qu\u2019il vivait <strong data-start=\"1892\" data-end=\"1915\">principalement seul<\/strong>, mais certains indices fossiles sugg\u00e8rent qu\u2019il pouvait chasser ou se d\u00e9placer <strong data-start=\"1995\" data-end=\"2029\">en petits groupes occasionnels<\/strong>.<\/p><p>14.Qui est son premier os qui a \u00e9t\u00e9 trouv\u00e9 ?\u00a0<\/p><p>Le premier os trouv\u00e9 \u00e9tait <strong data-start=\"2121\" data-end=\"2164\">partiellement un cr\u00e2ne et des vert\u00e8bres<\/strong>, ce qui a permis une identification plus tard.<\/p><p>15.Quand il le nomme ?<\/p><p>Il a \u00e9t\u00e9 officiellement nomm\u00e9 en <strong data-start=\"2288\" data-end=\"2296\">1970<\/strong> par le pal\u00e9ontologue <strong data-start=\"2318\" data-end=\"2338\">Samuel P. Welles<\/strong>.<\/p><p>16.Combien il a de dents ?<\/p><p>Le Dilophosaurus avait environ <strong data-start=\"2415\" data-end=\"2427\">50 dents<\/strong> tranchantes, r\u00e9parties entre les m\u00e2choires sup\u00e9rieure et inf\u00e9rieure.<\/p><p>17.Quels sont les autres dinosaures qui vivaient \u00e0 cette \u00e9poque ?<\/p><p data-start=\"2580\" data-end=\"2663\">Au Jurassique inf\u00e9rieur, les autres dinosaures qui vivaient en m\u00eame temps \u00e9taient :<\/p><ul data-start=\"2664\" data-end=\"2800\"><li data-start=\"2664\" data-end=\"2681\"><p data-start=\"2666\" data-end=\"2681\"><strong data-start=\"2666\" data-end=\"2681\">Coelophysis<\/strong><\/p><\/li><li data-start=\"2682\" data-end=\"2699\"><p data-start=\"2684\" data-end=\"2699\"><strong data-start=\"2684\" data-end=\"2699\">Sarahsaurus<\/strong><\/p><\/li><li data-start=\"2700\" data-end=\"2720\"><p data-start=\"2702\" data-end=\"2720\"><strong data-start=\"2702\" data-end=\"2720\">Scutellosaurus<\/strong><\/p><\/li><li data-start=\"2721\" data-end=\"2738\"><p data-start=\"2723\" data-end=\"2738\"><strong data-start=\"2723\" data-end=\"2738\">Anchisaurus<\/strong><\/p><\/li><li data-start=\"2739\" data-end=\"2800\"><p data-start=\"2741\" data-end=\"2800\"><strong data-start=\"2741\" data-end=\"2757\">Plateosaurus<\/strong> (vers la fin du Trias\/d\u00e9but du Jurassique)<\/p><\/li><\/ul>\t\t\t\t\t\t\t\t<\/div>\n\t\t\t\t\t<\/div>\n\t\t\t\t<\/div>\n\t\t\t\t<\/div>\n\t\t","protected":false},"excerpt":{"rendered":"<p>\u00a0 \u00a0 \u00a0 \u00a0 \u00a0 \u00a0 \u00a0 \u00a0 \u00a0 \u00a0 \u00a0 Dilophosaurus 1.Qui a d\u00e9couvert le Dilophosaurus ? Le Dilophosaurus a \u00e9t\u00e9 d\u00e9couvert par Jesse Williams, un habitant de la r\u00e9gion de l&#8217;Arizona. 2.Ou \u00e0 t\u2019il trouver le fossile de ce reptile? Le fossile a \u00e9t\u00e9 trouv\u00e9 pr\u00e8s de Tuba City, dans le nord de [&hellip;]<\/p>\n","protected":false},"author":1,"featured_media":0,"parent":0,"menu_order":0,"comment_status":"closed","ping_status":"closed","template":"","meta":{"footnotes":""},"class_list":["post-342","page","type-page","status-publish","hentry"],"yoast_head":"<!-- This site is optimized with the Yoast SEO plugin v26.2 - https:\/\/yoast.com\/wordpress\/plugins\/seo\/ -->\n<title>Dilophosaurus - RJ Exp\u00e9rience<\/title>\n<meta name=\"robots\" content=\"index, follow, max-snippet:-1, max-image-preview:large, max-video-preview:-1\" \/>\n<link rel=\"canonical\" href=\"https:\/\/rj-experience.com\/index.php\/dilophosaurus\/\" \/>\n<meta property=\"og:locale\" content=\"en_US\" \/>\n<meta property=\"og:type\" content=\"article\" \/>\n<meta property=\"og:title\" content=\"Dilophosaurus - RJ Exp\u00e9rience\" \/>\n<meta property=\"og:description\" content=\"\u00a0 \u00a0 \u00a0 \u00a0 \u00a0 \u00a0 \u00a0 \u00a0 \u00a0 \u00a0 \u00a0 Dilophosaurus 1.Qui a d\u00e9couvert le Dilophosaurus ? Le Dilophosaurus a \u00e9t\u00e9 d\u00e9couvert par Jesse Williams, un habitant de la r\u00e9gion de l&#8217;Arizona. 2.Ou \u00e0 t\u2019il trouver le fossile de ce reptile? Le fossile a \u00e9t\u00e9 trouv\u00e9 pr\u00e8s de Tuba City, dans le nord de [&hellip;]\" \/>\n<meta property=\"og:url\" content=\"https:\/\/rj-experience.com\/index.php\/dilophosaurus\/\" \/>\n<meta property=\"og:site_name\" content=\"RJ Exp\u00e9rience\" \/>\n<meta property=\"article:modified_time\" content=\"2025-08-01T15:01:25+00:00\" \/>\n<meta name=\"twitter:card\" content=\"summary_large_image\" \/>\n<meta name=\"twitter:label1\" content=\"Est. reading time\" \/>\n\t<meta name=\"twitter:data1\" content=\"2 minutes\" \/>\n<script type=\"application\/ld+json\" class=\"yoast-schema-graph\">{\"@context\":\"https:\/\/schema.org\",\"@graph\":[{\"@type\":\"WebPage\",\"@id\":\"https:\/\/rj-experience.com\/index.php\/dilophosaurus\/\",\"url\":\"https:\/\/rj-experience.com\/index.php\/dilophosaurus\/\",\"name\":\"Dilophosaurus - RJ Exp\u00e9rience\",\"isPartOf\":{\"@id\":\"https:\/\/rj-experience.com\/#website\"},\"datePublished\":\"2025-07-22T09:55:29+00:00\",\"dateModified\":\"2025-08-01T15:01:25+00:00\",\"breadcrumb\":{\"@id\":\"https:\/\/rj-experience.com\/index.php\/dilophosaurus\/#breadcrumb\"},\"inLanguage\":\"en-US\",\"potentialAction\":[{\"@type\":\"ReadAction\",\"target\":[\"https:\/\/rj-experience.com\/index.php\/dilophosaurus\/\"]}]},{\"@type\":\"BreadcrumbList\",\"@id\":\"https:\/\/rj-experience.com\/index.php\/dilophosaurus\/#breadcrumb\",\"itemListElement\":[{\"@type\":\"ListItem\",\"position\":1,\"name\":\"Home\",\"item\":\"https:\/\/rj-experience.com\/\"},{\"@type\":\"ListItem\",\"position\":2,\"name\":\"Dilophosaurus\"}]},{\"@type\":\"WebSite\",\"@id\":\"https:\/\/rj-experience.com\/#website\",\"url\":\"https:\/\/rj-experience.com\/\",\"name\":\"RJ Exp\u00e9rience\",\"description\":\"\",\"publisher\":{\"@id\":\"https:\/\/rj-experience.com\/#organization\"},\"potentialAction\":[{\"@type\":\"SearchAction\",\"target\":{\"@type\":\"EntryPoint\",\"urlTemplate\":\"https:\/\/rj-experience.com\/?s={search_term_string}\"},\"query-input\":{\"@type\":\"PropertyValueSpecification\",\"valueRequired\":true,\"valueName\":\"search_term_string\"}}],\"inLanguage\":\"en-US\"},{\"@type\":\"Organization\",\"@id\":\"https:\/\/rj-experience.com\/#organization\",\"name\":\"RJ Exp\u00e9rience\",\"url\":\"https:\/\/rj-experience.com\/\",\"logo\":{\"@type\":\"ImageObject\",\"inLanguage\":\"en-US\",\"@id\":\"https:\/\/rj-experience.com\/#\/schema\/logo\/image\/\",\"url\":\"https:\/\/rj-experience.com\/wp-content\/uploads\/2025\/10\/cropped-ChatGPT-Image-28-oct.-2025-18_28_26.png\",\"contentUrl\":\"https:\/\/rj-experience.com\/wp-content\/uploads\/2025\/10\/cropped-ChatGPT-Image-28-oct.-2025-18_28_26.png\",\"width\":512,\"height\":512,\"caption\":\"RJ Exp\u00e9rience\"},\"image\":{\"@id\":\"https:\/\/rj-experience.com\/#\/schema\/logo\/image\/\"}}]}<\/script>\n<!-- \/ Yoast SEO plugin. -->","yoast_head_json":{"title":"Dilophosaurus - RJ Exp\u00e9rience","robots":{"index":"index","follow":"follow","max-snippet":"max-snippet:-1","max-image-preview":"max-image-preview:large","max-video-preview":"max-video-preview:-1"},"canonical":"https:\/\/rj-experience.com\/index.php\/dilophosaurus\/","og_locale":"en_US","og_type":"article","og_title":"Dilophosaurus - RJ Exp\u00e9rience","og_description":"\u00a0 \u00a0 \u00a0 \u00a0 \u00a0 \u00a0 \u00a0 \u00a0 \u00a0 \u00a0 \u00a0 Dilophosaurus 1.Qui a d\u00e9couvert le Dilophosaurus ? Le Dilophosaurus a \u00e9t\u00e9 d\u00e9couvert par Jesse Williams, un habitant de la r\u00e9gion de l&#8217;Arizona. 2.Ou \u00e0 t\u2019il trouver le fossile de ce reptile? Le fossile a \u00e9t\u00e9 trouv\u00e9 pr\u00e8s de Tuba City, dans le nord de [&hellip;]","og_url":"https:\/\/rj-experience.com\/index.php\/dilophosaurus\/","og_site_name":"RJ Exp\u00e9rience","article_modified_time":"2025-08-01T15:01:25+00:00","twitter_card":"summary_large_image","twitter_misc":{"Est. reading time":"2 minutes"},"schema":{"@context":"https:\/\/schema.org","@graph":[{"@type":"WebPage","@id":"https:\/\/rj-experience.com\/index.php\/dilophosaurus\/","url":"https:\/\/rj-experience.com\/index.php\/dilophosaurus\/","name":"Dilophosaurus - RJ Exp\u00e9rience","isPartOf":{"@id":"https:\/\/rj-experience.com\/#website"},"datePublished":"2025-07-22T09:55:29+00:00","dateModified":"2025-08-01T15:01:25+00:00","breadcrumb":{"@id":"https:\/\/rj-experience.com\/index.php\/dilophosaurus\/#breadcrumb"},"inLanguage":"en-US","potentialAction":[{"@type":"ReadAction","target":["https:\/\/rj-experience.com\/index.php\/dilophosaurus\/"]}]},{"@type":"BreadcrumbList","@id":"https:\/\/rj-experience.com\/index.php\/dilophosaurus\/#breadcrumb","itemListElement":[{"@type":"ListItem","position":1,"name":"Home","item":"https:\/\/rj-experience.com\/"},{"@type":"ListItem","position":2,"name":"Dilophosaurus"}]},{"@type":"WebSite","@id":"https:\/\/rj-experience.com\/#website","url":"https:\/\/rj-experience.com\/","name":"RJ Exp\u00e9rience","description":"","publisher":{"@id":"https:\/\/rj-experience.com\/#organization"},"potentialAction":[{"@type":"SearchAction","target":{"@type":"EntryPoint","urlTemplate":"https:\/\/rj-experience.com\/?s={search_term_string}"},"query-input":{"@type":"PropertyValueSpecification","valueRequired":true,"valueName":"search_term_string"}}],"inLanguage":"en-US"},{"@type":"Organization","@id":"https:\/\/rj-experience.com\/#organization","name":"RJ Exp\u00e9rience","url":"https:\/\/rj-experience.com\/","logo":{"@type":"ImageObject","inLanguage":"en-US","@id":"https:\/\/rj-experience.com\/#\/schema\/logo\/image\/","url":"https:\/\/rj-experience.com\/wp-content\/uploads\/2025\/10\/cropped-ChatGPT-Image-28-oct.-2025-18_28_26.png","contentUrl":"https:\/\/rj-experience.com\/wp-content\/uploads\/2025\/10\/cropped-ChatGPT-Image-28-oct.-2025-18_28_26.png","width":512,"height":512,"caption":"RJ Exp\u00e9rience"},"image":{"@id":"https:\/\/rj-experience.com\/#\/schema\/logo\/image\/"}}]}},"_links":{"self":[{"href":"https:\/\/rj-experience.com\/index.php\/wp-json\/wp\/v2\/pages\/342","targetHints":{"allow":["GET"]}}],"collection":[{"href":"https:\/\/rj-experience.com\/index.php\/wp-json\/wp\/v2\/pages"}],"about":[{"href":"https:\/\/rj-experience.com\/index.php\/wp-json\/wp\/v2\/types\/page"}],"author":[{"embeddable":true,"href":"https:\/\/rj-experience.com\/index.php\/wp-json\/wp\/v2\/users\/1"}],"replies":[{"embeddable":true,"href":"https:\/\/rj-experience.com\/index.php\/wp-json\/wp\/v2\/comments?post=342"}],"version-history":[{"count":4,"href":"https:\/\/rj-experience.com\/index.php\/wp-json\/wp\/v2\/pages\/342\/revisions"}],"predecessor-version":[{"id":1018,"href":"https:\/\/rj-experience.com\/index.php\/wp-json\/wp\/v2\/pages\/342\/revisions\/1018"}],"wp:attachment":[{"href":"https:\/\/rj-experience.com\/index.php\/wp-json\/wp\/v2\/media?parent=342"}],"curies":[{"name":"wp","href":"https:\/\/api.w.org\/{rel}","templated":true}]}}