{"id":336,"date":"2025-07-21T19:19:02","date_gmt":"2025-07-21T19:19:02","guid":{"rendered":"http:\/\/rj-experience.com\/?page_id=336"},"modified":"2025-07-29T15:04:05","modified_gmt":"2025-07-29T15:04:05","slug":"coelophysis","status":"publish","type":"page","link":"https:\/\/rj-experience.com\/index.php\/coelophysis\/","title":{"rendered":"Coelophysis"},"content":{"rendered":"\t\t<div data-elementor-type=\"wp-page\" data-elementor-id=\"336\" class=\"elementor elementor-336\">\n\t\t\t\t<div class=\"elementor-element elementor-element-1908a7f e-flex e-con-boxed e-con e-parent\" data-id=\"1908a7f\" data-element_type=\"container\">\n\t\t\t\t\t<div class=\"e-con-inner\">\n\t\t\t\t<div class=\"elementor-element elementor-element-544d761 elementor-widget elementor-widget-text-editor\" data-id=\"544d761\" data-element_type=\"widget\" data-widget_type=\"text-editor.default\">\n\t\t\t\t\t\t\t\t\t<p>\u00a0 \u00a0 \u00a0 \u00a0 \u00a0 \u00a0 \u00a0 \u00a0 \u00a0 \u00a0 \u00a0 \u00a0<\/p><h2>\u00a0 \u00a0 \u00a0 \u00a0 \u00a0 \u00a0 \u00a0 \u00a0 \u00a0 \u00a0 \u00a0 \u00a0 \u00a0 \u00a0Coelophysis<\/h2><p><br \/>1.Qui a d\u00e9couvert le Coelophysis?<\/p><p><br \/>Le Coelophysis a \u00e9t\u00e9 d\u00e9couvert par le pal\u00e9ontologue <strong data-start=\"331\" data-end=\"348\">David Baldwin<\/strong>, mais c\u2019est <strong data-start=\"361\" data-end=\"384\">Edward Drinker Cope<\/strong> qui l\u2019a officiellement d\u00e9crit en <strong data-start=\"418\" data-end=\"426\">1889<\/strong>.<\/p><p>2.Ou \u00e0 t\u2019il trouver le fossile de ce reptile?<\/p><p>Les fossiles ont \u00e9t\u00e9 trouv\u00e9s principalement au <strong data-start=\"529\" data-end=\"548\">Nouveau-Mexique<\/strong>, aux <strong data-start=\"554\" data-end=\"568\">\u00c9tats-Unis<\/strong>, notamment dans la <strong data-start=\"588\" data-end=\"616\">formation de Ghost Ranch<\/strong>.<\/p><p>3.Quand il a trouv\u00e9 le premier os de ce<br \/>reptile?<\/p><p>Les premiers fossiles ont \u00e9t\u00e9 trouv\u00e9s en <strong data-start=\"719\" data-end=\"727\">1881<\/strong>.<\/p><p>4.Il est carnivore ou herbivore?<\/p><p>Le Coelophysis \u00e9tait <strong data-start=\"792\" data-end=\"805\">carnivore<\/strong>.<\/p><p>5.Combien fait sa taille?<\/p><p>Il mesurait environ <strong data-start=\"862\" data-end=\"886\">2 \u00e0 3 m\u00e8tres de long<\/strong>.<\/p><p>6.Combien p\u00e8se son poids ?<\/p><p>Il pesait environ <strong data-start=\"941\" data-end=\"955\">15 \u00e0 30 kg<\/strong>.<\/p><p>7.Le Coelophysis vient du cr\u00e9tac\u00e9,du tria ou<br \/>du jurassique\u00a0<\/p><p>Il vivait au <strong data-start=\"1041\" data-end=\"1060\">Trias sup\u00e9rieur<\/strong>, il y a environ <strong data-start=\"1077\" data-end=\"1102\">210 millions d\u2019ann\u00e9es<\/strong>.<\/p><p>8.Comment fait la taille du Coelophysis ?<\/p><p>Il faisait environ <strong data-start=\"1173\" data-end=\"1192\">1 m\u00e8tre de haut<\/strong> au niveau des hanches, et jusqu&#8217;\u00e0 <strong data-start=\"1227\" data-end=\"1247\">3 m\u00e8tres de long<\/strong> avec la queue.<\/p><p>9.De quelle famille appartient le<br \/>Coelophysis ?<\/p><p>Il appartient \u00e0 la famille des <strong data-start=\"1350\" data-end=\"1367\">Coelophysid\u00e9s<\/strong>, dans le groupe des <strong data-start=\"1388\" data-end=\"1402\">th\u00e9ropodes<\/strong>.<\/p><p>10.Combien \u00e0 v\u00e9cu le Coelophysis ?<\/p><p>Il pouvait probablement vivre environ <strong data-start=\"1485\" data-end=\"1500\">10 \u00e0 15 ans<\/strong>.<\/p><p>11.Combien fait la taille de ces dents ?<\/p><p>Ses dents \u00e9taient fines, pointues, et mesuraient environ <strong data-start=\"1606\" data-end=\"1618\">1 \u00e0 2 cm<\/strong>.<\/p><p>12.Quel est sont nom scientifique ?<\/p><p>Son nom scientifique est <strong data-start=\"1688\" data-end=\"1709\">Coelophysis bauri<\/strong>.<\/p><p>13.Combien p\u00e8se son cerveau?<\/p><p>Son cerveau \u00e9tait petit, environ <strong data-start=\"1782\" data-end=\"1801\">25 \u00e0 30 grammes<\/strong>, mais bien d\u00e9velopp\u00e9 pour la chasse.<\/p><p>14.Il vit seul ou en troupeau?<\/p><p>Des d\u00e9couvertes fossiles montrent qu\u2019il <strong data-start=\"1919\" data-end=\"1939\">vivait en groupe<\/strong>, possiblement en troupeau.<\/p><p>15.Qui est son premier os qui a \u00e9t\u00e9 trouv\u00e9?<\/p><p>Le premier os d\u00e9couvert \u00e9tait une <strong data-start=\"2054\" data-end=\"2088\">partie du squelette post\u00e9rieur<\/strong>, notamment des <strong data-start=\"2104\" data-end=\"2117\">vert\u00e8bres<\/strong>.<\/p><p>16.Quand il le nomme ?<\/p><p>Il a \u00e9t\u00e9 officiellement nomm\u00e9 en <strong data-start=\"2188\" data-end=\"2196\">1889<\/strong> par <strong data-start=\"2201\" data-end=\"2224\">Edward Drinker Cope<\/strong>.<\/p><p>17.Combien il a de dents?<\/p><p>Il a \u00e9t\u00e9 officiellement nomm\u00e9 en <strong data-start=\"2188\" data-end=\"2196\">1889<\/strong> par <strong data-start=\"2201\" data-end=\"2224\">Edward Drinker Cope<\/strong>.<\/p><p>18.Quels sont les autres dinosaures qui vivait a a la meme epoque\u00a0<\/p><p>Il a \u00e9t\u00e9 officiellement nomm\u00e9 en <strong data-start=\"2188\" data-end=\"2196\">1889<\/strong> par <strong data-start=\"2201\" data-end=\"2224\">Edward Drinker Cope<\/strong>.<\/p><ul data-start=\"2467\" data-end=\"2595\"><li data-start=\"2467\" data-end=\"2487\"><p data-start=\"2469\" data-end=\"2487\"><strong data-start=\"2469\" data-end=\"2485\">Plateosaurus<\/strong><\/p><\/li><li data-start=\"2488\" data-end=\"2509\"><p data-start=\"2490\" data-end=\"2509\"><strong data-start=\"2490\" data-end=\"2507\">Herrerasaurus<\/strong><\/p><\/li><li data-start=\"2510\" data-end=\"2580\"><p data-start=\"2512\" data-end=\"2580\"><strong data-start=\"2512\" data-end=\"2527\">Postosuchus<\/strong> <em data-start=\"2528\" data-end=\"2578\">(pas un dinosaure, mais un pr\u00e9dateur concurrent)<\/em><\/p><\/li><li data-start=\"2581\" data-end=\"2595\"><p data-start=\"2583\" data-end=\"2595\"><strong data-start=\"2583\" data-end=\"2595\">Eoraptor<\/strong><\/p><\/li><\/ul><p>2.Ou \u00e0 t\u2019il trouver le fossile de ce reptile?<\/p><p>3.Quand il a trouv\u00e9 le premier os de ce<br \/>reptile?<\/p><p>4.Il est carnivore ou herbivore?<\/p><p>5.Combien fait sa taille?<\/p><p>6.Combien p\u00e8se son poids ?<\/p><p>7.Le Coelophysis vient du cr\u00e9tac\u00e9,du tria ou<br \/>du jurassique ?<\/p><p>8.Comment fait la taille du Coelophysis ?<\/p><p>9.De quelle famille appartient le<br \/>Coelophysis ?<\/p><p>10.Combien \u00e0 v\u00e9cu le Coelophysis ?<\/p><p>11.Combien fait la taille de ces dents ?<\/p><p>12.Quel est sont nom scientifique ?<\/p><p>13.Combien p\u00e8se son cerveau?<\/p><p>14.Il vit seul ou en troupeau?<\/p><p>15.Qui est son premier os qui a \u00e9t\u00e9 trouv\u00e9?<\/p><p>16.Quand il le nomme ?<\/p><p>17.Combien il a de dents?<\/p><p>18.Quels sont les autres dinosaures qui<\/p>\t\t\t\t\t\t\t\t<\/div>\n\t\t\t\t\t<\/div>\n\t\t\t\t<\/div>\n\t\t\t\t<\/div>\n\t\t","protected":false},"excerpt":{"rendered":"<p>\u00a0 \u00a0 \u00a0 \u00a0 \u00a0 \u00a0 \u00a0 \u00a0 \u00a0 \u00a0 \u00a0 \u00a0 \u00a0 \u00a0 \u00a0 \u00a0 \u00a0 \u00a0 \u00a0 \u00a0 \u00a0 \u00a0 \u00a0 \u00a0 \u00a0 \u00a0Coelophysis 1.Qui a d\u00e9couvert le Coelophysis? Le Coelophysis a \u00e9t\u00e9 d\u00e9couvert par le pal\u00e9ontologue David Baldwin, mais c\u2019est Edward Drinker Cope qui l\u2019a officiellement d\u00e9crit en 1889. 2.Ou \u00e0 t\u2019il [&hellip;]<\/p>\n","protected":false},"author":1,"featured_media":0,"parent":0,"menu_order":0,"comment_status":"closed","ping_status":"closed","template":"","meta":{"footnotes":""},"class_list":["post-336","page","type-page","status-publish","hentry"],"yoast_head":"<!-- This site is optimized with the Yoast SEO plugin v26.2 - https:\/\/yoast.com\/wordpress\/plugins\/seo\/ -->\n<title>Coelophysis - RJ Exp\u00e9rience<\/title>\n<meta name=\"robots\" content=\"index, follow, max-snippet:-1, max-image-preview:large, max-video-preview:-1\" \/>\n<link rel=\"canonical\" href=\"https:\/\/rj-experience.com\/index.php\/coelophysis\/\" \/>\n<meta property=\"og:locale\" content=\"en_US\" \/>\n<meta property=\"og:type\" content=\"article\" \/>\n<meta property=\"og:title\" content=\"Coelophysis - RJ Exp\u00e9rience\" \/>\n<meta property=\"og:description\" content=\"\u00a0 \u00a0 \u00a0 \u00a0 \u00a0 \u00a0 \u00a0 \u00a0 \u00a0 \u00a0 \u00a0 \u00a0 \u00a0 \u00a0 \u00a0 \u00a0 \u00a0 \u00a0 \u00a0 \u00a0 \u00a0 \u00a0 \u00a0 \u00a0 \u00a0 \u00a0Coelophysis 1.Qui a d\u00e9couvert le Coelophysis? Le Coelophysis a \u00e9t\u00e9 d\u00e9couvert par le pal\u00e9ontologue David Baldwin, mais c\u2019est Edward Drinker Cope qui l\u2019a officiellement d\u00e9crit en 1889. 2.Ou \u00e0 t\u2019il [&hellip;]\" \/>\n<meta property=\"og:url\" content=\"https:\/\/rj-experience.com\/index.php\/coelophysis\/\" \/>\n<meta property=\"og:site_name\" content=\"RJ Exp\u00e9rience\" \/>\n<meta property=\"article:modified_time\" content=\"2025-07-29T15:04:05+00:00\" \/>\n<meta name=\"twitter:card\" content=\"summary_large_image\" \/>\n<meta name=\"twitter:label1\" content=\"Est. reading time\" \/>\n\t<meta name=\"twitter:data1\" content=\"2 minutes\" \/>\n<script type=\"application\/ld+json\" class=\"yoast-schema-graph\">{\"@context\":\"https:\/\/schema.org\",\"@graph\":[{\"@type\":\"WebPage\",\"@id\":\"https:\/\/rj-experience.com\/index.php\/coelophysis\/\",\"url\":\"https:\/\/rj-experience.com\/index.php\/coelophysis\/\",\"name\":\"Coelophysis - RJ Exp\u00e9rience\",\"isPartOf\":{\"@id\":\"https:\/\/rj-experience.com\/#website\"},\"datePublished\":\"2025-07-21T19:19:02+00:00\",\"dateModified\":\"2025-07-29T15:04:05+00:00\",\"breadcrumb\":{\"@id\":\"https:\/\/rj-experience.com\/index.php\/coelophysis\/#breadcrumb\"},\"inLanguage\":\"en-US\",\"potentialAction\":[{\"@type\":\"ReadAction\",\"target\":[\"https:\/\/rj-experience.com\/index.php\/coelophysis\/\"]}]},{\"@type\":\"BreadcrumbList\",\"@id\":\"https:\/\/rj-experience.com\/index.php\/coelophysis\/#breadcrumb\",\"itemListElement\":[{\"@type\":\"ListItem\",\"position\":1,\"name\":\"Home\",\"item\":\"https:\/\/rj-experience.com\/\"},{\"@type\":\"ListItem\",\"position\":2,\"name\":\"Coelophysis\"}]},{\"@type\":\"WebSite\",\"@id\":\"https:\/\/rj-experience.com\/#website\",\"url\":\"https:\/\/rj-experience.com\/\",\"name\":\"RJ Exp\u00e9rience\",\"description\":\"\",\"publisher\":{\"@id\":\"https:\/\/rj-experience.com\/#organization\"},\"potentialAction\":[{\"@type\":\"SearchAction\",\"target\":{\"@type\":\"EntryPoint\",\"urlTemplate\":\"https:\/\/rj-experience.com\/?s={search_term_string}\"},\"query-input\":{\"@type\":\"PropertyValueSpecification\",\"valueRequired\":true,\"valueName\":\"search_term_string\"}}],\"inLanguage\":\"en-US\"},{\"@type\":\"Organization\",\"@id\":\"https:\/\/rj-experience.com\/#organization\",\"name\":\"RJ Exp\u00e9rience\",\"url\":\"https:\/\/rj-experience.com\/\",\"logo\":{\"@type\":\"ImageObject\",\"inLanguage\":\"en-US\",\"@id\":\"https:\/\/rj-experience.com\/#\/schema\/logo\/image\/\",\"url\":\"https:\/\/rj-experience.com\/wp-content\/uploads\/2025\/10\/cropped-ChatGPT-Image-28-oct.-2025-18_28_26.png\",\"contentUrl\":\"https:\/\/rj-experience.com\/wp-content\/uploads\/2025\/10\/cropped-ChatGPT-Image-28-oct.-2025-18_28_26.png\",\"width\":512,\"height\":512,\"caption\":\"RJ Exp\u00e9rience\"},\"image\":{\"@id\":\"https:\/\/rj-experience.com\/#\/schema\/logo\/image\/\"}}]}<\/script>\n<!-- \/ Yoast SEO plugin. -->","yoast_head_json":{"title":"Coelophysis - RJ Exp\u00e9rience","robots":{"index":"index","follow":"follow","max-snippet":"max-snippet:-1","max-image-preview":"max-image-preview:large","max-video-preview":"max-video-preview:-1"},"canonical":"https:\/\/rj-experience.com\/index.php\/coelophysis\/","og_locale":"en_US","og_type":"article","og_title":"Coelophysis - RJ Exp\u00e9rience","og_description":"\u00a0 \u00a0 \u00a0 \u00a0 \u00a0 \u00a0 \u00a0 \u00a0 \u00a0 \u00a0 \u00a0 \u00a0 \u00a0 \u00a0 \u00a0 \u00a0 \u00a0 \u00a0 \u00a0 \u00a0 \u00a0 \u00a0 \u00a0 \u00a0 \u00a0 \u00a0Coelophysis 1.Qui a d\u00e9couvert le Coelophysis? Le Coelophysis a \u00e9t\u00e9 d\u00e9couvert par le pal\u00e9ontologue David Baldwin, mais c\u2019est Edward Drinker Cope qui l\u2019a officiellement d\u00e9crit en 1889. 2.Ou \u00e0 t\u2019il [&hellip;]","og_url":"https:\/\/rj-experience.com\/index.php\/coelophysis\/","og_site_name":"RJ Exp\u00e9rience","article_modified_time":"2025-07-29T15:04:05+00:00","twitter_card":"summary_large_image","twitter_misc":{"Est. reading time":"2 minutes"},"schema":{"@context":"https:\/\/schema.org","@graph":[{"@type":"WebPage","@id":"https:\/\/rj-experience.com\/index.php\/coelophysis\/","url":"https:\/\/rj-experience.com\/index.php\/coelophysis\/","name":"Coelophysis - RJ Exp\u00e9rience","isPartOf":{"@id":"https:\/\/rj-experience.com\/#website"},"datePublished":"2025-07-21T19:19:02+00:00","dateModified":"2025-07-29T15:04:05+00:00","breadcrumb":{"@id":"https:\/\/rj-experience.com\/index.php\/coelophysis\/#breadcrumb"},"inLanguage":"en-US","potentialAction":[{"@type":"ReadAction","target":["https:\/\/rj-experience.com\/index.php\/coelophysis\/"]}]},{"@type":"BreadcrumbList","@id":"https:\/\/rj-experience.com\/index.php\/coelophysis\/#breadcrumb","itemListElement":[{"@type":"ListItem","position":1,"name":"Home","item":"https:\/\/rj-experience.com\/"},{"@type":"ListItem","position":2,"name":"Coelophysis"}]},{"@type":"WebSite","@id":"https:\/\/rj-experience.com\/#website","url":"https:\/\/rj-experience.com\/","name":"RJ Exp\u00e9rience","description":"","publisher":{"@id":"https:\/\/rj-experience.com\/#organization"},"potentialAction":[{"@type":"SearchAction","target":{"@type":"EntryPoint","urlTemplate":"https:\/\/rj-experience.com\/?s={search_term_string}"},"query-input":{"@type":"PropertyValueSpecification","valueRequired":true,"valueName":"search_term_string"}}],"inLanguage":"en-US"},{"@type":"Organization","@id":"https:\/\/rj-experience.com\/#organization","name":"RJ Exp\u00e9rience","url":"https:\/\/rj-experience.com\/","logo":{"@type":"ImageObject","inLanguage":"en-US","@id":"https:\/\/rj-experience.com\/#\/schema\/logo\/image\/","url":"https:\/\/rj-experience.com\/wp-content\/uploads\/2025\/10\/cropped-ChatGPT-Image-28-oct.-2025-18_28_26.png","contentUrl":"https:\/\/rj-experience.com\/wp-content\/uploads\/2025\/10\/cropped-ChatGPT-Image-28-oct.-2025-18_28_26.png","width":512,"height":512,"caption":"RJ Exp\u00e9rience"},"image":{"@id":"https:\/\/rj-experience.com\/#\/schema\/logo\/image\/"}}]}},"_links":{"self":[{"href":"https:\/\/rj-experience.com\/index.php\/wp-json\/wp\/v2\/pages\/336","targetHints":{"allow":["GET"]}}],"collection":[{"href":"https:\/\/rj-experience.com\/index.php\/wp-json\/wp\/v2\/pages"}],"about":[{"href":"https:\/\/rj-experience.com\/index.php\/wp-json\/wp\/v2\/types\/page"}],"author":[{"embeddable":true,"href":"https:\/\/rj-experience.com\/index.php\/wp-json\/wp\/v2\/users\/1"}],"replies":[{"embeddable":true,"href":"https:\/\/rj-experience.com\/index.php\/wp-json\/wp\/v2\/comments?post=336"}],"version-history":[{"count":4,"href":"https:\/\/rj-experience.com\/index.php\/wp-json\/wp\/v2\/pages\/336\/revisions"}],"predecessor-version":[{"id":1014,"href":"https:\/\/rj-experience.com\/index.php\/wp-json\/wp\/v2\/pages\/336\/revisions\/1014"}],"wp:attachment":[{"href":"https:\/\/rj-experience.com\/index.php\/wp-json\/wp\/v2\/media?parent=336"}],"curies":[{"name":"wp","href":"https:\/\/api.w.org\/{rel}","templated":true}]}}