{"id":331,"date":"2025-07-21T19:10:27","date_gmt":"2025-07-21T19:10:27","guid":{"rendered":"http:\/\/rj-experience.com\/?page_id=331"},"modified":"2025-07-29T14:40:13","modified_gmt":"2025-07-29T14:40:13","slug":"suchominus","status":"publish","type":"page","link":"https:\/\/rj-experience.com\/index.php\/suchominus\/","title":{"rendered":"Suchominus"},"content":{"rendered":"\t\t<div data-elementor-type=\"wp-page\" data-elementor-id=\"331\" class=\"elementor elementor-331\">\n\t\t\t\t<div class=\"elementor-element elementor-element-928cb1f e-flex e-con-boxed e-con e-parent\" data-id=\"928cb1f\" data-element_type=\"container\">\n\t\t\t\t\t<div class=\"e-con-inner\">\n\t\t\t\t<div class=\"elementor-element elementor-element-a4e540a elementor-widget elementor-widget-text-editor\" data-id=\"a4e540a\" data-element_type=\"widget\" data-widget_type=\"text-editor.default\">\n\t\t\t\t\t\t\t\t\t<h2><span dir=\"auto\" style=\"vertical-align: inherit;\"><span dir=\"auto\" style=\"vertical-align: inherit;\">\u00a0 \u00a0 \u00a0 \u00a0 \u00a0 \u00a0 \u00a0 \u00a0 \u00a0 \u00a0 \u00a0 Suchominus<\/span><\/span><\/h2><p><span dir=\"auto\" style=\"vertical-align: inherit;\"><span dir=\"auto\" style=\"vertical-align: inherit;\">1.Qui a d\u00e9couvert le Suchominus?<\/span><\/span><\/p><p data-start=\"162\" data-end=\"230\"><span dir=\"auto\" style=\"vertical-align: inherit;\"><span dir=\"auto\" style=\"vertical-align: inherit;\">Il a \u00e9t\u00e9 d\u00e9couvert par le pal\u00e9ontologue <\/span><\/span><strong data-start=\"202\" data-end=\"229\"><span dir=\"auto\" style=\"vertical-align: inherit;\"><span dir=\"auto\" style=\"vertical-align: inherit;\">Charles Whitney Gilmore<\/span><\/span><\/strong><span dir=\"auto\" style=\"vertical-align: inherit;\"><span dir=\"auto\" style=\"vertical-align: inherit;\"> .<\/span><\/span><\/p><p><span dir=\"auto\" style=\"vertical-align: inherit;\"><span dir=\"auto\" style=\"vertical-align: inherit;\">2.Ou \u00e0 t&#8217;il trouver le fossile de ce reptile ?<\/span><\/span><\/p><p data-start=\"162\" data-end=\"230\"><span dir=\"auto\" style=\"vertical-align: inherit;\"><span dir=\"auto\" style=\"vertical-align: inherit;\">Il a \u00e9t\u00e9 d\u00e9couvert par le pal\u00e9ontologue <\/span><\/span><strong data-start=\"202\" data-end=\"229\"><span dir=\"auto\" style=\"vertical-align: inherit;\"><span dir=\"auto\" style=\"vertical-align: inherit;\">Charles Whitney Gilmore<\/span><\/span><\/strong><span dir=\"auto\" style=\"vertical-align: inherit;\"><span dir=\"auto\" style=\"vertical-align: inherit;\"> .<\/span><\/span><\/p><p><span dir=\"auto\" style=\"vertical-align: inherit;\"><span dir=\"auto\" style=\"vertical-align: inherit;\">3.Quand a-t-il trouv\u00e9 le premier os de ce <\/span><\/span><br \/><span dir=\"auto\" style=\"vertical-align: inherit;\"><span dir=\"auto\" style=\"vertical-align: inherit;\">reptile ?<\/span><\/span><\/p><p data-start=\"483\" data-end=\"530\"><span dir=\"auto\" style=\"vertical-align: inherit;\"><span dir=\"auto\" style=\"vertical-align: inherit;\">Le premier fossile a \u00e9t\u00e9 d\u00e9couvert en <\/span><\/span><strong data-start=\"521\" data-end=\"529\"><span dir=\"auto\" style=\"vertical-align: inherit;\"><span dir=\"auto\" style=\"vertical-align: inherit;\">1921<\/span><\/span><\/strong><span dir=\"auto\" style=\"vertical-align: inherit;\"><span dir=\"auto\" style=\"vertical-align: inherit;\"> .<\/span><\/span><\/p><p><span dir=\"auto\" style=\"vertical-align: inherit;\"><span dir=\"auto\" style=\"vertical-align: inherit;\">4.Il est carnivore ou herbivore ?<\/span><\/span><\/p><p data-start=\"582\" data-end=\"617\"><span dir=\"auto\" style=\"vertical-align: inherit;\"><span dir=\"auto\" style=\"vertical-align: inherit;\">le Suchominus est un <\/span><\/span><strong data-start=\"603\" data-end=\"616\"><span dir=\"auto\" style=\"vertical-align: inherit;\"><span dir=\"auto\" style=\"vertical-align: inherit;\">herbivore<\/span><\/span><\/strong><span dir=\"auto\" style=\"vertical-align: inherit;\"><span dir=\"auto\" style=\"vertical-align: inherit;\"> .<\/span><\/span><\/p><p><span dir=\"auto\" style=\"vertical-align: inherit;\"><span dir=\"auto\" style=\"vertical-align: inherit;\">5.Combien fait sa taille ?<\/span><\/span><\/p><p><span dir=\"auto\" style=\"vertical-align: inherit;\"><span dir=\"auto\" style=\"vertical-align: inherit;\">Il mesurait environ <\/span><\/span><strong data-start=\"682\" data-end=\"708\"><span dir=\"auto\" style=\"vertical-align: inherit;\"><span dir=\"auto\" style=\"vertical-align: inherit;\">21 \u00e0 30 m\u00e8tres de long<\/span><\/span><\/strong><span dir=\"auto\" style=\"vertical-align: inherit;\"><span dir=\"auto\" style=\"vertical-align: inherit;\"> , selon les estimations.<\/span><\/span><\/p><p><span dir=\"auto\" style=\"vertical-align: inherit;\"><span dir=\"auto\" style=\"vertical-align: inherit;\">6.Combien p\u00e8se son poids ?<\/span><\/span><\/p><p data-start=\"782\" data-end=\"890\">Il pesait environ <strong data-start=\"834\" data-end=\"852\">30 \u00e0 35 tonnes<\/strong>, selon les estimations scientifiques.<\/p><p><span dir=\"auto\" style=\"vertical-align: inherit;\"><span dir=\"auto\" style=\"vertical-align: inherit;\">7.le Suchominus vient du cr\u00e9tac\u00e9, du tria ou<\/span><\/span><\/p><p><span dir=\"auto\" style=\"vertical-align: inherit;\"><span dir=\"auto\" style=\"vertical-align: inherit;\">du jurassique ?<\/span><\/span><\/p><p data-start=\"1002\" data-end=\"1148\">Il vivait au <strong data-start=\"1084\" data-end=\"1105\">Cr\u00e9tac\u00e9 inf\u00e9rieur<\/strong>, il y a environ <strong data-start=\"1122\" data-end=\"1147\">112 millions d\u2019ann\u00e9es<\/strong>.<\/p><p><span dir=\"auto\" style=\"vertical-align: inherit;\"><span dir=\"auto\" style=\"vertical-align: inherit;\">8.De quelle famille appartient <\/span><\/span><br \/><span dir=\"auto\" style=\"vertical-align: inherit;\"><span dir=\"auto\" style=\"vertical-align: inherit;\">Schominus?<\/span><\/span><\/p><p>Il appartient \u00e0 la famille des <strong data-start=\"1235\" data-end=\"1252\">Spinosaurid\u00e9s<\/strong>.<\/p><p><span dir=\"auto\" style=\"vertical-align: inherit;\"><span dir=\"auto\" style=\"vertical-align: inherit;\">9.Combien \u00e0 v\u00e9cu Suchominus?<\/span><\/span><\/p><p>On estime qu\u2019il pouvait vivre environ <strong data-start=\"1333\" data-end=\"1348\">20 \u00e0 30 ans<\/strong>, comme d&#8217;autres grands th\u00e9ropodes.<\/p><p><span dir=\"auto\" style=\"vertical-align: inherit;\"><span dir=\"auto\" style=\"vertical-align: inherit;\">10.Combien fait la taille de ces dents ?<\/span><\/span><\/p><p>Ses dents pouvaient mesurer jusqu\u2019\u00e0 <strong data-start=\"1467\" data-end=\"1489\">7 \u00e0 10 centim\u00e8tres<\/strong>, longues, fines, et non dentel\u00e9es, adapt\u00e9es pour attraper du poisson.<\/p><p><span dir=\"auto\" style=\"vertical-align: inherit;\"><span dir=\"auto\" style=\"vertical-align: inherit;\">11.Quel est son nom scientifique ?<\/span><\/span><\/p><p>Son nom scientifique est <strong data-start=\"1628\" data-end=\"1653\">Suchomimus tenerensis<\/strong><\/p><p><span dir=\"auto\" style=\"vertical-align: inherit;\"><span dir=\"auto\" style=\"vertical-align: inherit;\">12.Combien p\u00e8se son cerveau ?<\/span><\/span><\/p><p>Son nom scientifique est <strong data-start=\"1628\" data-end=\"1653\">Suchomimus tenerensis<\/strong><\/p><p><span dir=\"auto\" style=\"vertical-align: inherit;\"><span dir=\"auto\" style=\"vertical-align: inherit;\">13.Il vit seul ou en troupeau?<\/span><\/span><\/p><p>Les scientifiques ne sont pas s\u00fbrs, mais certains pensent qu\u2019il pouvait vivre <strong data-start=\"1917\" data-end=\"1938\">en petits groupes<\/strong>, surtout pr\u00e8s des rivi\u00e8res.<\/p><p><span dir=\"auto\" style=\"vertical-align: inherit;\"><span dir=\"auto\" style=\"vertical-align: inherit;\">14.Qui est son premier os qui a \u00e9t\u00e9 trouv\u00e9 ?<\/span><\/span><\/p><p>Parmi les premiers os d\u00e9couverts figurent des <strong data-start=\"2066\" data-end=\"2092\">dents et des vert\u00e8bres<\/strong>.<\/p><p><span dir=\"auto\" style=\"vertical-align: inherit;\"><span dir=\"auto\" style=\"vertical-align: inherit;\">15.Quand s&#8217;appelle-t-il ?<\/span><\/span><\/p><p>Il s\u2019appelle <strong data-start=\"2143\" data-end=\"2157\">Suchomimus<\/strong>, ce qui signifie <strong data-start=\"2175\" data-end=\"2205\">\u00ab imitateur de crocodile \u00bb<\/strong> en raison de son museau allong\u00e9.<\/p><p><span dir=\"auto\" style=\"vertical-align: inherit;\"><span dir=\"auto\" style=\"vertical-align: inherit;\">17.Combien il a de dents ?<\/span><\/span><\/p><p>Il avait environ <strong data-start=\"2293\" data-end=\"2312\">100 dents fines<\/strong>, parfaites pour attraper du poisson.<\/p><p><span dir=\"auto\" style=\"vertical-align: inherit;\"><span dir=\"auto\" style=\"vertical-align: inherit;\">18.Quels sont les autres dinosaures qui <\/span><\/span><br \/><span dir=\"auto\" style=\"vertical-align: inherit;\"><span dir=\"auto\" style=\"vertical-align: inherit;\">r\u00e9ussissent \u00e0 cette \u00e9poque ?<\/span><\/span><\/p><p>Parmi les autres dinosaures du Cr\u00e9tac\u00e9 inf\u00e9rieur en Afrique :<\/p><ul data-start=\"2490\" data-end=\"2584\"><li data-start=\"2490\" data-end=\"2510\"><p data-start=\"2492\" data-end=\"2510\"><strong data-start=\"2492\" data-end=\"2508\">Ouranosaurus<\/strong><\/p><\/li><li data-start=\"2511\" data-end=\"2530\"><p data-start=\"2513\" data-end=\"2530\"><strong data-start=\"2513\" data-end=\"2528\">Nigersaurus<\/strong><\/p><\/li><li data-start=\"2531\" data-end=\"2547\"><p data-start=\"2533\" data-end=\"2547\"><strong data-start=\"2533\" data-end=\"2545\">Kryptops<\/strong><\/p><\/li><li data-start=\"2548\" data-end=\"2584\"><p data-start=\"2550\" data-end=\"2584\"><strong data-start=\"2550\" data-end=\"2565\">Spinosaurus<\/strong> (un parent proche)<\/p><\/li><\/ul>\t\t\t\t\t\t\t\t<\/div>\n\t\t\t\t\t<\/div>\n\t\t\t\t<\/div>\n\t\t\t\t<\/div>\n\t\t","protected":false},"excerpt":{"rendered":"<p>\u00a0 \u00a0 \u00a0 \u00a0 \u00a0 \u00a0 \u00a0 \u00a0 \u00a0 \u00a0 \u00a0 Suchominus 1.Qui a d\u00e9couvert le Suchominus? Il a \u00e9t\u00e9 d\u00e9couvert par le pal\u00e9ontologue Charles Whitney Gilmore . 2.Ou \u00e0 t&#8217;il trouver le fossile de ce reptile ? Il a \u00e9t\u00e9 d\u00e9couvert par le pal\u00e9ontologue Charles Whitney Gilmore . 3.Quand a-t-il trouv\u00e9 le premier os [&hellip;]<\/p>\n","protected":false},"author":1,"featured_media":0,"parent":0,"menu_order":0,"comment_status":"closed","ping_status":"closed","template":"","meta":{"footnotes":""},"class_list":["post-331","page","type-page","status-publish","hentry"],"yoast_head":"<!-- This site is optimized with the Yoast SEO plugin v26.2 - https:\/\/yoast.com\/wordpress\/plugins\/seo\/ -->\n<title>Suchominus - RJ Exp\u00e9rience<\/title>\n<meta name=\"robots\" content=\"index, follow, max-snippet:-1, max-image-preview:large, max-video-preview:-1\" \/>\n<link rel=\"canonical\" href=\"https:\/\/rj-experience.com\/index.php\/suchominus\/\" \/>\n<meta property=\"og:locale\" content=\"en_US\" \/>\n<meta property=\"og:type\" content=\"article\" \/>\n<meta property=\"og:title\" content=\"Suchominus - RJ Exp\u00e9rience\" \/>\n<meta property=\"og:description\" content=\"\u00a0 \u00a0 \u00a0 \u00a0 \u00a0 \u00a0 \u00a0 \u00a0 \u00a0 \u00a0 \u00a0 Suchominus 1.Qui a d\u00e9couvert le Suchominus? Il a \u00e9t\u00e9 d\u00e9couvert par le pal\u00e9ontologue Charles Whitney Gilmore . 2.Ou \u00e0 t&#8217;il trouver le fossile de ce reptile ? Il a \u00e9t\u00e9 d\u00e9couvert par le pal\u00e9ontologue Charles Whitney Gilmore . 3.Quand a-t-il trouv\u00e9 le premier os [&hellip;]\" \/>\n<meta property=\"og:url\" content=\"https:\/\/rj-experience.com\/index.php\/suchominus\/\" \/>\n<meta property=\"og:site_name\" content=\"RJ Exp\u00e9rience\" \/>\n<meta property=\"article:modified_time\" content=\"2025-07-29T14:40:13+00:00\" \/>\n<meta name=\"twitter:card\" content=\"summary_large_image\" \/>\n<meta name=\"twitter:label1\" content=\"Est. reading time\" \/>\n\t<meta name=\"twitter:data1\" content=\"2 minutes\" \/>\n<script type=\"application\/ld+json\" class=\"yoast-schema-graph\">{\"@context\":\"https:\/\/schema.org\",\"@graph\":[{\"@type\":\"WebPage\",\"@id\":\"https:\/\/rj-experience.com\/index.php\/suchominus\/\",\"url\":\"https:\/\/rj-experience.com\/index.php\/suchominus\/\",\"name\":\"Suchominus - RJ Exp\u00e9rience\",\"isPartOf\":{\"@id\":\"https:\/\/rj-experience.com\/#website\"},\"datePublished\":\"2025-07-21T19:10:27+00:00\",\"dateModified\":\"2025-07-29T14:40:13+00:00\",\"breadcrumb\":{\"@id\":\"https:\/\/rj-experience.com\/index.php\/suchominus\/#breadcrumb\"},\"inLanguage\":\"en-US\",\"potentialAction\":[{\"@type\":\"ReadAction\",\"target\":[\"https:\/\/rj-experience.com\/index.php\/suchominus\/\"]}]},{\"@type\":\"BreadcrumbList\",\"@id\":\"https:\/\/rj-experience.com\/index.php\/suchominus\/#breadcrumb\",\"itemListElement\":[{\"@type\":\"ListItem\",\"position\":1,\"name\":\"Home\",\"item\":\"https:\/\/rj-experience.com\/\"},{\"@type\":\"ListItem\",\"position\":2,\"name\":\"Suchominus\"}]},{\"@type\":\"WebSite\",\"@id\":\"https:\/\/rj-experience.com\/#website\",\"url\":\"https:\/\/rj-experience.com\/\",\"name\":\"RJ Exp\u00e9rience\",\"description\":\"\",\"publisher\":{\"@id\":\"https:\/\/rj-experience.com\/#organization\"},\"potentialAction\":[{\"@type\":\"SearchAction\",\"target\":{\"@type\":\"EntryPoint\",\"urlTemplate\":\"https:\/\/rj-experience.com\/?s={search_term_string}\"},\"query-input\":{\"@type\":\"PropertyValueSpecification\",\"valueRequired\":true,\"valueName\":\"search_term_string\"}}],\"inLanguage\":\"en-US\"},{\"@type\":\"Organization\",\"@id\":\"https:\/\/rj-experience.com\/#organization\",\"name\":\"RJ Exp\u00e9rience\",\"url\":\"https:\/\/rj-experience.com\/\",\"logo\":{\"@type\":\"ImageObject\",\"inLanguage\":\"en-US\",\"@id\":\"https:\/\/rj-experience.com\/#\/schema\/logo\/image\/\",\"url\":\"https:\/\/rj-experience.com\/wp-content\/uploads\/2025\/10\/cropped-ChatGPT-Image-28-oct.-2025-18_28_26.png\",\"contentUrl\":\"https:\/\/rj-experience.com\/wp-content\/uploads\/2025\/10\/cropped-ChatGPT-Image-28-oct.-2025-18_28_26.png\",\"width\":512,\"height\":512,\"caption\":\"RJ Exp\u00e9rience\"},\"image\":{\"@id\":\"https:\/\/rj-experience.com\/#\/schema\/logo\/image\/\"}}]}<\/script>\n<!-- \/ Yoast SEO plugin. -->","yoast_head_json":{"title":"Suchominus - RJ Exp\u00e9rience","robots":{"index":"index","follow":"follow","max-snippet":"max-snippet:-1","max-image-preview":"max-image-preview:large","max-video-preview":"max-video-preview:-1"},"canonical":"https:\/\/rj-experience.com\/index.php\/suchominus\/","og_locale":"en_US","og_type":"article","og_title":"Suchominus - RJ Exp\u00e9rience","og_description":"\u00a0 \u00a0 \u00a0 \u00a0 \u00a0 \u00a0 \u00a0 \u00a0 \u00a0 \u00a0 \u00a0 Suchominus 1.Qui a d\u00e9couvert le Suchominus? Il a \u00e9t\u00e9 d\u00e9couvert par le pal\u00e9ontologue Charles Whitney Gilmore . 2.Ou \u00e0 t&#8217;il trouver le fossile de ce reptile ? Il a \u00e9t\u00e9 d\u00e9couvert par le pal\u00e9ontologue Charles Whitney Gilmore . 3.Quand a-t-il trouv\u00e9 le premier os [&hellip;]","og_url":"https:\/\/rj-experience.com\/index.php\/suchominus\/","og_site_name":"RJ Exp\u00e9rience","article_modified_time":"2025-07-29T14:40:13+00:00","twitter_card":"summary_large_image","twitter_misc":{"Est. reading time":"2 minutes"},"schema":{"@context":"https:\/\/schema.org","@graph":[{"@type":"WebPage","@id":"https:\/\/rj-experience.com\/index.php\/suchominus\/","url":"https:\/\/rj-experience.com\/index.php\/suchominus\/","name":"Suchominus - RJ Exp\u00e9rience","isPartOf":{"@id":"https:\/\/rj-experience.com\/#website"},"datePublished":"2025-07-21T19:10:27+00:00","dateModified":"2025-07-29T14:40:13+00:00","breadcrumb":{"@id":"https:\/\/rj-experience.com\/index.php\/suchominus\/#breadcrumb"},"inLanguage":"en-US","potentialAction":[{"@type":"ReadAction","target":["https:\/\/rj-experience.com\/index.php\/suchominus\/"]}]},{"@type":"BreadcrumbList","@id":"https:\/\/rj-experience.com\/index.php\/suchominus\/#breadcrumb","itemListElement":[{"@type":"ListItem","position":1,"name":"Home","item":"https:\/\/rj-experience.com\/"},{"@type":"ListItem","position":2,"name":"Suchominus"}]},{"@type":"WebSite","@id":"https:\/\/rj-experience.com\/#website","url":"https:\/\/rj-experience.com\/","name":"RJ Exp\u00e9rience","description":"","publisher":{"@id":"https:\/\/rj-experience.com\/#organization"},"potentialAction":[{"@type":"SearchAction","target":{"@type":"EntryPoint","urlTemplate":"https:\/\/rj-experience.com\/?s={search_term_string}"},"query-input":{"@type":"PropertyValueSpecification","valueRequired":true,"valueName":"search_term_string"}}],"inLanguage":"en-US"},{"@type":"Organization","@id":"https:\/\/rj-experience.com\/#organization","name":"RJ Exp\u00e9rience","url":"https:\/\/rj-experience.com\/","logo":{"@type":"ImageObject","inLanguage":"en-US","@id":"https:\/\/rj-experience.com\/#\/schema\/logo\/image\/","url":"https:\/\/rj-experience.com\/wp-content\/uploads\/2025\/10\/cropped-ChatGPT-Image-28-oct.-2025-18_28_26.png","contentUrl":"https:\/\/rj-experience.com\/wp-content\/uploads\/2025\/10\/cropped-ChatGPT-Image-28-oct.-2025-18_28_26.png","width":512,"height":512,"caption":"RJ Exp\u00e9rience"},"image":{"@id":"https:\/\/rj-experience.com\/#\/schema\/logo\/image\/"}}]}},"_links":{"self":[{"href":"https:\/\/rj-experience.com\/index.php\/wp-json\/wp\/v2\/pages\/331","targetHints":{"allow":["GET"]}}],"collection":[{"href":"https:\/\/rj-experience.com\/index.php\/wp-json\/wp\/v2\/pages"}],"about":[{"href":"https:\/\/rj-experience.com\/index.php\/wp-json\/wp\/v2\/types\/page"}],"author":[{"embeddable":true,"href":"https:\/\/rj-experience.com\/index.php\/wp-json\/wp\/v2\/users\/1"}],"replies":[{"embeddable":true,"href":"https:\/\/rj-experience.com\/index.php\/wp-json\/wp\/v2\/comments?post=331"}],"version-history":[{"count":4,"href":"https:\/\/rj-experience.com\/index.php\/wp-json\/wp\/v2\/pages\/331\/revisions"}],"predecessor-version":[{"id":1006,"href":"https:\/\/rj-experience.com\/index.php\/wp-json\/wp\/v2\/pages\/331\/revisions\/1006"}],"wp:attachment":[{"href":"https:\/\/rj-experience.com\/index.php\/wp-json\/wp\/v2\/media?parent=331"}],"curies":[{"name":"wp","href":"https:\/\/api.w.org\/{rel}","templated":true}]}}