{"id":320,"date":"2025-07-21T19:05:53","date_gmt":"2025-07-21T19:05:53","guid":{"rendered":"http:\/\/rj-experience.com\/?page_id=320"},"modified":"2025-07-29T13:35:42","modified_gmt":"2025-07-29T13:35:42","slug":"daspletosaurus","status":"publish","type":"page","link":"https:\/\/rj-experience.com\/index.php\/daspletosaurus\/","title":{"rendered":"Daspletosaurus"},"content":{"rendered":"\t\t<div data-elementor-type=\"wp-page\" data-elementor-id=\"320\" class=\"elementor elementor-320\">\n\t\t\t\t<div class=\"elementor-element elementor-element-c7512ad e-flex e-con-boxed e-con e-parent\" data-id=\"c7512ad\" data-element_type=\"container\">\n\t\t\t\t\t<div class=\"e-con-inner\">\n\t\t\t\t<div class=\"elementor-element elementor-element-0485732 elementor-widget elementor-widget-text-editor\" data-id=\"0485732\" data-element_type=\"widget\" data-widget_type=\"text-editor.default\">\n\t\t\t\t\t\t\t\t\t<h2 style=\"font-weight: 400;\">\u00a0 \u00a0 \u00a0 \u00a0 \u00a0 \u00a0 \u00a0 \u00a0 \u00a0 \u00a0 \u00a0 \u00a0 \u00a0 Daspletosaurus<\/h2><p style=\"font-weight: 400;\">1.Qui a d\u00e9couvert le Daspletosaurus ?<\/p><p data-start=\"140\" data-end=\"249\">Le pal\u00e9ontologue <strong data-start=\"157\" data-end=\"186\">Charles Mortram Sternberg<\/strong> a d\u00e9couvert le premier fossile identifiable du Daspletosaurus.<\/p><p style=\"font-weight: 400;\">2.Ou a t-il trouv\u00e9 le fossile de ce reptile?<\/p><p style=\"font-weight: 400;\">Il l\u2019a trouv\u00e9 au <strong data-start=\"330\" data-end=\"340\">Canada<\/strong>, dans la province de <strong data-start=\"362\" data-end=\"375\">l\u2019Alberta<\/strong>, dans la formation de <strong data-start=\"398\" data-end=\"408\">Oldman<\/strong>.<\/p><p style=\"font-weight: 400;\">3.Quand il a trouv\u00e9 le premier os de ce reptile?<\/p><p style=\"font-weight: 400;\">Le premier fossile a \u00e9t\u00e9 trouv\u00e9 en <strong data-start=\"514\" data-end=\"522\">1921<\/strong>, mais il n\u2019a \u00e9t\u00e9 formellement nomm\u00e9 qu\u2019en <strong data-start=\"565\" data-end=\"573\">1970<\/strong>.<\/p><p style=\"font-weight: 400;\">4. Est-il carnivore ou herbivore?<\/p><p style=\"font-weight: 400;\">Le Daspletosaurus est un <strong data-start=\"651\" data-end=\"664\">carnivore<\/strong>.<\/p><p style=\"font-weight: 400;\">5.Combien fait sa taille?<\/p><p style=\"font-weight: 400;\">Il mesurait environ <strong data-start=\"730\" data-end=\"754\">8 \u00e0 9 m\u00e8tres de long<\/strong>.<\/p><p style=\"font-weight: 400;\">6.Combien fait son poids ?<\/p><p data-start=\"800\" data-end=\"835\">Il pesait environ <strong data-start=\"818\" data-end=\"834\">2 \u00e0 3 tonnes<\/strong>.<\/p><p style=\"font-weight: 400;\">7.Le Daspletosaurus vient du cr\u00e9tac\u00e9,du tria ou du jurassique ?<\/p><p data-start=\"919\" data-end=\"1040\">Il vient de la p\u00e9riode <strong data-start=\"942\" data-end=\"953\">Cr\u00e9tac\u00e9<\/strong>, plus pr\u00e9cis\u00e9ment le Cr\u00e9tac\u00e9 sup\u00e9rieur (il y a environ <strong data-start=\"1009\" data-end=\"1038\">76 \u00e0 74 millions d\u2019ann\u00e9es<\/strong>).<\/p><p style=\"font-weight: 400;\">8.A quelle famille appartient le Daspletosaurus ?<\/p><p data-start=\"1108\" data-end=\"1199\">Il appartient \u00e0 la famille des <strong data-start=\"1139\" data-end=\"1158\">Tyrannosauridae<\/strong>, comme le c\u00e9l\u00e8bre <strong data-start=\"1177\" data-end=\"1198\">Tyrannosaurus rex<\/strong>.<\/p><p style=\"font-weight: 400;\">9.Combien \u00e0 v\u00e9cu le Daspletosaurus ?<\/p><p data-start=\"1254\" data-end=\"1316\">On estime qu\u2019il pouvait vivre jusqu\u2019\u00e0 environ <strong data-start=\"1300\" data-end=\"1315\">25 \u00e0 30 ans<\/strong>.<\/p><p style=\"font-weight: 400;\">10.Combien fait la taille de ses dents ?<\/p><p data-start=\"1375\" data-end=\"1447\">Ses dents pouvaient mesurer jusqu\u2019\u00e0 <strong data-start=\"1411\" data-end=\"1429\">20 centim\u00e8tres<\/strong>, racine comprise.<\/p><p style=\"font-weight: 400;\">11.Quel est son nom scientifique ?<\/p><p data-start=\"1500\" data-end=\"1552\">Son nom scientifique est <strong data-start=\"1525\" data-end=\"1551\">Daspletosaurus torosus<\/strong>.<\/p><p style=\"font-weight: 400;\">12.Combien p\u00e8se son cerveau?<\/p><p data-start=\"1600\" data-end=\"1704\">Le cerveau du Daspletosaurus pesait environ <strong data-start=\"1644\" data-end=\"1665\">150 \u00e0 200 grammes<\/strong>, ce qui est petit compar\u00e9 \u00e0 sa taille.<\/p><p style=\"font-weight: 400;\">13.Il vit seul ou en troupeau?<\/p><p data-start=\"1754\" data-end=\"1888\">On pense qu\u2019il pouvait parfois <strong data-start=\"1785\" data-end=\"1806\">chasser en groupe<\/strong>, selon des fossiles retrouv\u00e9s ensemble, mais il pouvait aussi \u00eatre <strong data-start=\"1874\" data-end=\"1887\">solitaire<\/strong>.<\/p><p style=\"font-weight: 400;\">14.Quel est son premier os qui a \u00e9t\u00e9 trouv\u00e9?<\/p><p data-start=\"1952\" data-end=\"2003\">Le premier os trouv\u00e9 \u00e9tait une <strong data-start=\"1983\" data-end=\"2002\">partie du cr\u00e2ne<\/strong>.<\/p><p style=\"font-weight: 400;\">15.Quand il le nomme ?<\/p><p data-start=\"2047\" data-end=\"2112\">Il a \u00e9t\u00e9 nomm\u00e9 en <strong data-start=\"2065\" data-end=\"2073\">1970<\/strong> par le pal\u00e9ontologue <strong data-start=\"2095\" data-end=\"2111\">Dale Russell<\/strong>.<\/p><p style=\"font-weight: 400;\">16.Combien il a de dents?<\/p><p data-start=\"2159\" data-end=\"2216\">Il avait environ <strong data-start=\"2176\" data-end=\"2188\">60 dents<\/strong>, tr\u00e8s pointues et robustes.<\/p><p style=\"font-weight: 400;\">17.Quels sont les autres dinosaures qui vivaient \u00e0 cette \u00e9poque?<\/p><p style=\"font-weight: 400;\">\u00a0<\/p><p data-start=\"2300\" data-end=\"2327\">\u00c0 la m\u00eame \u00e9poque vivaient :<\/p><ul data-start=\"2328\" data-end=\"2532\"><li data-start=\"2328\" data-end=\"2374\"><p data-start=\"2330\" data-end=\"2374\"><strong data-start=\"2330\" data-end=\"2346\">Centrosaurus<\/strong> (un c\u00e9ratopsien herbivore),<\/p><\/li><li data-start=\"2375\" data-end=\"2419\"><p data-start=\"2377\" data-end=\"2419\"><strong data-start=\"2377\" data-end=\"2392\">Gorgosaurus<\/strong> (un autre tyrannosaurid\u00e9),<\/p><\/li><li data-start=\"2420\" data-end=\"2462\"><p data-start=\"2422\" data-end=\"2462\"><strong data-start=\"2422\" data-end=\"2441\">Parasaurolophus<\/strong> (dinosaure \u00e0 cr\u00eate),<\/p><\/li><li data-start=\"2463\" data-end=\"2532\"><p data-start=\"2465\" data-end=\"2532\"><strong data-start=\"2465\" data-end=\"2485\">Pachyrhinosaurus<\/strong>,<br data-start=\"2486\" data-end=\"2489\" \/>et d&#8217;autres reptiles marins ou pt\u00e9rosaures.<\/p><\/li><\/ul><p style=\"font-weight: 400;\">\u00a0<\/p><p style=\"font-weight: 400;\">\u00a0<\/p><p style=\"font-weight: 400;\">\u00a0<\/p>\t\t\t\t\t\t\t\t<\/div>\n\t\t\t\t\t<\/div>\n\t\t\t\t<\/div>\n\t\t\t\t<\/div>\n\t\t","protected":false},"excerpt":{"rendered":"<p>\u00a0 \u00a0 \u00a0 \u00a0 \u00a0 \u00a0 \u00a0 \u00a0 \u00a0 \u00a0 \u00a0 \u00a0 \u00a0 Daspletosaurus 1.Qui a d\u00e9couvert le Daspletosaurus ? Le pal\u00e9ontologue Charles Mortram Sternberg a d\u00e9couvert le premier fossile identifiable du Daspletosaurus. 2.Ou a t-il trouv\u00e9 le fossile de ce reptile? Il l\u2019a trouv\u00e9 au Canada, dans la province de l\u2019Alberta, dans la formation [&hellip;]<\/p>\n","protected":false},"author":1,"featured_media":0,"parent":0,"menu_order":0,"comment_status":"closed","ping_status":"closed","template":"","meta":{"footnotes":""},"class_list":["post-320","page","type-page","status-publish","hentry"],"yoast_head":"<!-- This site is optimized with the Yoast SEO plugin v26.2 - https:\/\/yoast.com\/wordpress\/plugins\/seo\/ -->\n<title>Daspletosaurus - RJ Exp\u00e9rience<\/title>\n<meta name=\"robots\" content=\"index, follow, max-snippet:-1, max-image-preview:large, max-video-preview:-1\" \/>\n<link rel=\"canonical\" href=\"https:\/\/rj-experience.com\/index.php\/daspletosaurus\/\" \/>\n<meta property=\"og:locale\" content=\"en_US\" \/>\n<meta property=\"og:type\" content=\"article\" \/>\n<meta property=\"og:title\" content=\"Daspletosaurus - RJ Exp\u00e9rience\" \/>\n<meta property=\"og:description\" content=\"\u00a0 \u00a0 \u00a0 \u00a0 \u00a0 \u00a0 \u00a0 \u00a0 \u00a0 \u00a0 \u00a0 \u00a0 \u00a0 Daspletosaurus 1.Qui a d\u00e9couvert le Daspletosaurus ? Le pal\u00e9ontologue Charles Mortram Sternberg a d\u00e9couvert le premier fossile identifiable du Daspletosaurus. 2.Ou a t-il trouv\u00e9 le fossile de ce reptile? Il l\u2019a trouv\u00e9 au Canada, dans la province de l\u2019Alberta, dans la formation [&hellip;]\" \/>\n<meta property=\"og:url\" content=\"https:\/\/rj-experience.com\/index.php\/daspletosaurus\/\" \/>\n<meta property=\"og:site_name\" content=\"RJ Exp\u00e9rience\" \/>\n<meta property=\"article:modified_time\" content=\"2025-07-29T13:35:42+00:00\" \/>\n<meta name=\"twitter:card\" content=\"summary_large_image\" \/>\n<meta name=\"twitter:label1\" content=\"Est. reading time\" \/>\n\t<meta name=\"twitter:data1\" content=\"2 minutes\" \/>\n<script type=\"application\/ld+json\" class=\"yoast-schema-graph\">{\"@context\":\"https:\/\/schema.org\",\"@graph\":[{\"@type\":\"WebPage\",\"@id\":\"https:\/\/rj-experience.com\/index.php\/daspletosaurus\/\",\"url\":\"https:\/\/rj-experience.com\/index.php\/daspletosaurus\/\",\"name\":\"Daspletosaurus - RJ Exp\u00e9rience\",\"isPartOf\":{\"@id\":\"https:\/\/rj-experience.com\/#website\"},\"datePublished\":\"2025-07-21T19:05:53+00:00\",\"dateModified\":\"2025-07-29T13:35:42+00:00\",\"breadcrumb\":{\"@id\":\"https:\/\/rj-experience.com\/index.php\/daspletosaurus\/#breadcrumb\"},\"inLanguage\":\"en-US\",\"potentialAction\":[{\"@type\":\"ReadAction\",\"target\":[\"https:\/\/rj-experience.com\/index.php\/daspletosaurus\/\"]}]},{\"@type\":\"BreadcrumbList\",\"@id\":\"https:\/\/rj-experience.com\/index.php\/daspletosaurus\/#breadcrumb\",\"itemListElement\":[{\"@type\":\"ListItem\",\"position\":1,\"name\":\"Home\",\"item\":\"https:\/\/rj-experience.com\/\"},{\"@type\":\"ListItem\",\"position\":2,\"name\":\"Daspletosaurus\"}]},{\"@type\":\"WebSite\",\"@id\":\"https:\/\/rj-experience.com\/#website\",\"url\":\"https:\/\/rj-experience.com\/\",\"name\":\"RJ Exp\u00e9rience\",\"description\":\"\",\"publisher\":{\"@id\":\"https:\/\/rj-experience.com\/#organization\"},\"potentialAction\":[{\"@type\":\"SearchAction\",\"target\":{\"@type\":\"EntryPoint\",\"urlTemplate\":\"https:\/\/rj-experience.com\/?s={search_term_string}\"},\"query-input\":{\"@type\":\"PropertyValueSpecification\",\"valueRequired\":true,\"valueName\":\"search_term_string\"}}],\"inLanguage\":\"en-US\"},{\"@type\":\"Organization\",\"@id\":\"https:\/\/rj-experience.com\/#organization\",\"name\":\"RJ Exp\u00e9rience\",\"url\":\"https:\/\/rj-experience.com\/\",\"logo\":{\"@type\":\"ImageObject\",\"inLanguage\":\"en-US\",\"@id\":\"https:\/\/rj-experience.com\/#\/schema\/logo\/image\/\",\"url\":\"https:\/\/rj-experience.com\/wp-content\/uploads\/2025\/10\/cropped-ChatGPT-Image-28-oct.-2025-18_28_26.png\",\"contentUrl\":\"https:\/\/rj-experience.com\/wp-content\/uploads\/2025\/10\/cropped-ChatGPT-Image-28-oct.-2025-18_28_26.png\",\"width\":512,\"height\":512,\"caption\":\"RJ Exp\u00e9rience\"},\"image\":{\"@id\":\"https:\/\/rj-experience.com\/#\/schema\/logo\/image\/\"}}]}<\/script>\n<!-- \/ Yoast SEO plugin. -->","yoast_head_json":{"title":"Daspletosaurus - RJ Exp\u00e9rience","robots":{"index":"index","follow":"follow","max-snippet":"max-snippet:-1","max-image-preview":"max-image-preview:large","max-video-preview":"max-video-preview:-1"},"canonical":"https:\/\/rj-experience.com\/index.php\/daspletosaurus\/","og_locale":"en_US","og_type":"article","og_title":"Daspletosaurus - RJ Exp\u00e9rience","og_description":"\u00a0 \u00a0 \u00a0 \u00a0 \u00a0 \u00a0 \u00a0 \u00a0 \u00a0 \u00a0 \u00a0 \u00a0 \u00a0 Daspletosaurus 1.Qui a d\u00e9couvert le Daspletosaurus ? Le pal\u00e9ontologue Charles Mortram Sternberg a d\u00e9couvert le premier fossile identifiable du Daspletosaurus. 2.Ou a t-il trouv\u00e9 le fossile de ce reptile? Il l\u2019a trouv\u00e9 au Canada, dans la province de l\u2019Alberta, dans la formation [&hellip;]","og_url":"https:\/\/rj-experience.com\/index.php\/daspletosaurus\/","og_site_name":"RJ Exp\u00e9rience","article_modified_time":"2025-07-29T13:35:42+00:00","twitter_card":"summary_large_image","twitter_misc":{"Est. reading time":"2 minutes"},"schema":{"@context":"https:\/\/schema.org","@graph":[{"@type":"WebPage","@id":"https:\/\/rj-experience.com\/index.php\/daspletosaurus\/","url":"https:\/\/rj-experience.com\/index.php\/daspletosaurus\/","name":"Daspletosaurus - RJ Exp\u00e9rience","isPartOf":{"@id":"https:\/\/rj-experience.com\/#website"},"datePublished":"2025-07-21T19:05:53+00:00","dateModified":"2025-07-29T13:35:42+00:00","breadcrumb":{"@id":"https:\/\/rj-experience.com\/index.php\/daspletosaurus\/#breadcrumb"},"inLanguage":"en-US","potentialAction":[{"@type":"ReadAction","target":["https:\/\/rj-experience.com\/index.php\/daspletosaurus\/"]}]},{"@type":"BreadcrumbList","@id":"https:\/\/rj-experience.com\/index.php\/daspletosaurus\/#breadcrumb","itemListElement":[{"@type":"ListItem","position":1,"name":"Home","item":"https:\/\/rj-experience.com\/"},{"@type":"ListItem","position":2,"name":"Daspletosaurus"}]},{"@type":"WebSite","@id":"https:\/\/rj-experience.com\/#website","url":"https:\/\/rj-experience.com\/","name":"RJ Exp\u00e9rience","description":"","publisher":{"@id":"https:\/\/rj-experience.com\/#organization"},"potentialAction":[{"@type":"SearchAction","target":{"@type":"EntryPoint","urlTemplate":"https:\/\/rj-experience.com\/?s={search_term_string}"},"query-input":{"@type":"PropertyValueSpecification","valueRequired":true,"valueName":"search_term_string"}}],"inLanguage":"en-US"},{"@type":"Organization","@id":"https:\/\/rj-experience.com\/#organization","name":"RJ Exp\u00e9rience","url":"https:\/\/rj-experience.com\/","logo":{"@type":"ImageObject","inLanguage":"en-US","@id":"https:\/\/rj-experience.com\/#\/schema\/logo\/image\/","url":"https:\/\/rj-experience.com\/wp-content\/uploads\/2025\/10\/cropped-ChatGPT-Image-28-oct.-2025-18_28_26.png","contentUrl":"https:\/\/rj-experience.com\/wp-content\/uploads\/2025\/10\/cropped-ChatGPT-Image-28-oct.-2025-18_28_26.png","width":512,"height":512,"caption":"RJ Exp\u00e9rience"},"image":{"@id":"https:\/\/rj-experience.com\/#\/schema\/logo\/image\/"}}]}},"_links":{"self":[{"href":"https:\/\/rj-experience.com\/index.php\/wp-json\/wp\/v2\/pages\/320","targetHints":{"allow":["GET"]}}],"collection":[{"href":"https:\/\/rj-experience.com\/index.php\/wp-json\/wp\/v2\/pages"}],"about":[{"href":"https:\/\/rj-experience.com\/index.php\/wp-json\/wp\/v2\/types\/page"}],"author":[{"embeddable":true,"href":"https:\/\/rj-experience.com\/index.php\/wp-json\/wp\/v2\/users\/1"}],"replies":[{"embeddable":true,"href":"https:\/\/rj-experience.com\/index.php\/wp-json\/wp\/v2\/comments?post=320"}],"version-history":[{"count":4,"href":"https:\/\/rj-experience.com\/index.php\/wp-json\/wp\/v2\/pages\/320\/revisions"}],"predecessor-version":[{"id":972,"href":"https:\/\/rj-experience.com\/index.php\/wp-json\/wp\/v2\/pages\/320\/revisions\/972"}],"wp:attachment":[{"href":"https:\/\/rj-experience.com\/index.php\/wp-json\/wp\/v2\/media?parent=320"}],"curies":[{"name":"wp","href":"https:\/\/api.w.org\/{rel}","templated":true}]}}