{"id":310,"date":"2025-07-21T19:03:35","date_gmt":"2025-07-21T19:03:35","guid":{"rendered":"http:\/\/rj-experience.com\/?page_id=310"},"modified":"2025-07-28T09:50:04","modified_gmt":"2025-07-28T09:50:04","slug":"tarbosaurus","status":"publish","type":"page","link":"https:\/\/rj-experience.com\/index.php\/tarbosaurus\/","title":{"rendered":"Tarbosaurus"},"content":{"rendered":"\t\t<div data-elementor-type=\"wp-page\" data-elementor-id=\"310\" class=\"elementor elementor-310\">\n\t\t\t\t<div class=\"elementor-element elementor-element-b5cc2e5 e-flex e-con-boxed e-con e-parent\" data-id=\"b5cc2e5\" data-element_type=\"container\">\n\t\t\t\t\t<div class=\"e-con-inner\">\n\t\t\t\t<div class=\"elementor-element elementor-element-a92aeb4 elementor-widget elementor-widget-text-editor\" data-id=\"a92aeb4\" data-element_type=\"widget\" data-widget_type=\"text-editor.default\">\n\t\t\t\t\t\t\t\t\t<h2>\u00a0 \u00a0 \u00a0 \u00a0 \u00a0 \u00a0 \u00a0 \u00a0 \u00a0 \u00a0 \u00a0 \u00a0 \u00a0 \u00a0 \u00a0 \u00a0Tarbosaurus<\/h2><p>\u00a0<\/p><p>1.Qui a d\u00e9couvert le Tarbosaurus ?<\/p><p>Le Tarbosaurus a \u00e9t\u00e9 d\u00e9couvert par une \u00e9quipe sovi\u00e9to-mongole dirig\u00e9e par le pal\u00e9ontologue <strong data-start=\"240\" data-end=\"257\">Evgeny Maleev<\/strong>.<\/p><p>2.Ou \u00e0 t\u2019il trouver le fossile de ce reptile?<\/p><p data-start=\"322\" data-end=\"410\">Les fossiles ont \u00e9t\u00e9 trouv\u00e9s en <strong data-start=\"354\" data-end=\"366\">Mongolie<\/strong>, principalement dans le <strong data-start=\"391\" data-end=\"409\">d\u00e9sert de Gobi<\/strong>.<\/p><p>3.Quand il a trouve le premier os de ce reptile?<\/p><p>Le premier fossile a \u00e9t\u00e9 d\u00e9couvert en <strong data-start=\"518\" data-end=\"526\">1946<\/strong> lors d&#8217;une exp\u00e9dition pal\u00e9ontologique.<\/p><p>4.Il est carnivore ou herbivore?<\/p><p>Le Tarbosaurus est <strong data-start=\"636\" data-end=\"649\">carnivore<\/strong>. C\u2019\u00e9tait un redoutable pr\u00e9dateur.<\/p><p>5.Combien fait sa taille?<\/p><p data-start=\"728\" data-end=\"775\">Il mesurait environ <strong data-start=\"748\" data-end=\"774\">10 \u00e0 12 m\u00e8tres de long<\/strong>.<\/p><p>6.Combien p\u00e8se son poids ?<\/p><p data-start=\"820\" data-end=\"854\">Il pesait entre <strong data-start=\"836\" data-end=\"853\">4 et 5 tonnes<\/strong>.<\/p><p>7.Le Tarbosaurus vient du cr\u00e9tac\u00e9, du tria ou du jurassique ?<\/p><p data-start=\"935\" data-end=\"1015\">Il vient du <strong data-start=\"947\" data-end=\"968\">Cr\u00e9tac\u00e9 sup\u00e9rieur<\/strong>, il y a environ <strong data-start=\"985\" data-end=\"1014\">70 \u00e0 66 millions d\u2019ann\u00e9es<\/strong>.<\/p><p>8.De quelle famille appartient le Tarbosaurus ?<\/p><p>Il appartient \u00e0 la famille des <strong data-start=\"1112\" data-end=\"1131\">Tyrannosauridae<\/strong>, comme le c\u00e9l\u00e8bre <strong data-start=\"1150\" data-end=\"1171\">Tyrannosaurus rex<\/strong>.<\/p><p>9.Combien \u00e0 v\u00e9cu le Tarbosaurus ?<\/p><p data-start=\"1224\" data-end=\"1291\">On estime que le Tarbosaurus pouvait vivre jusqu\u2019\u00e0 <strong data-start=\"1275\" data-end=\"1290\">25 \u00e0 30 ans<\/strong>.<\/p><p>10.Combien fait la taille de ces dents ?<\/p><p data-start=\"1350\" data-end=\"1433\">Ses dents pouvaient mesurer jusqu\u2019\u00e0 <strong data-start=\"1386\" data-end=\"1403\">15 cm de long<\/strong>, tr\u00e8s aiguis\u00e9es et incurv\u00e9es.<\/p><p>11Quel est sont nom scientifique ?<\/p><p data-start=\"1486\" data-end=\"1534\">Son nom scientifique est <strong data-start=\"1511\" data-end=\"1533\">Tarbosaurus bataar<\/strong>.<\/p><p>12.Combien p\u00e8se son cerveau?<\/p><p data-start=\"1582\" data-end=\"1673\">Son cerveau pesait environ <strong data-start=\"1609\" data-end=\"1630\">250 \u00e0 300 grammes<\/strong>, ce qui est petit par rapport \u00e0 sa taille.<\/p><p>13.Il vit seul ou en troupeau?<\/p><p data-start=\"1723\" data-end=\"1806\">On pense qu\u2019il vivait <strong data-start=\"1745\" data-end=\"1768\">principalement seul<\/strong>, comme beaucoup de grands pr\u00e9dateurs.<\/p><p>14.Qui est son premier os qui a \u00e9t\u00e9 trouv\u00e9?<\/p><p>Le premier os retrouv\u00e9 \u00e9tait probablement un <strong data-start=\"1915\" data-end=\"1932\">cr\u00e2ne partiel<\/strong>, l\u2019un des \u00e9l\u00e9ments les plus reconnaissables chez les tyrannosaurid\u00e9s.<\/p><p>15.Quand il le nomme ?<\/p><p data-start=\"2059\" data-end=\"2166\">Il a \u00e9t\u00e9 officiellement nomm\u00e9 en <strong data-start=\"2092\" data-end=\"2100\">1955<\/strong> par Evgeny Maleev, sous le nom initial de <strong data-start=\"2143\" data-end=\"2165\">Tarbosaurus bataar<\/strong>.<\/p><p>16.Combien il a de dents?<\/p><p data-start=\"2213\" data-end=\"2294\">Il poss\u00e9dait environ <strong data-start=\"2234\" data-end=\"2258\">60 dents tranchantes<\/strong>, bien adapt\u00e9es \u00e0 d\u00e9chirer la chair.<\/p><p>17.Quels sont les autres dinosaures qui vivaient \u00e0 cette \u00e9poque?<\/p><p data-start=\"2378\" data-end=\"2439\">D&#8217;autres dinosaures du Cr\u00e9tac\u00e9 sup\u00e9rieur en Asie incluent :<\/p><ul data-start=\"2440\" data-end=\"2659\"><li data-start=\"2440\" data-end=\"2479\"><p data-start=\"2442\" data-end=\"2479\"><strong data-start=\"2442\" data-end=\"2457\">Saurolophus<\/strong> (herbivore \u00e0 cr\u00eate)<\/p><\/li><li data-start=\"2480\" data-end=\"2539\"><p data-start=\"2482\" data-end=\"2539\"><strong data-start=\"2482\" data-end=\"2501\">Therizinosaurus<\/strong> (grand dinosaure \u00e0 longues griffes)<\/p><\/li><li data-start=\"2540\" data-end=\"2583\"><p data-start=\"2542\" data-end=\"2583\"><strong data-start=\"2542\" data-end=\"2559\">Nemegtosaurus<\/strong> (sauropode herbivore)<\/p><\/li><li data-start=\"2584\" data-end=\"2605\"><p data-start=\"2586\" data-end=\"2605\"><strong data-start=\"2586\" data-end=\"2603\">Protoceratops<\/strong><\/p><\/li><li data-start=\"2606\" data-end=\"2659\"><p data-start=\"2608\" data-end=\"2659\"><strong data-start=\"2608\" data-end=\"2624\">Velociraptor<\/strong> (petit mais intelligent pr\u00e9dateur)<\/p><\/li><\/ul><p>\u00a0<\/p><p>\u00a0<\/p><p>\u00a0<\/p><p>\u00a0<\/p><p>\u00a0<\/p><p>\u00a0<\/p><p>\u00a0<\/p><p>\u00a0<\/p><p>\u00a0<\/p><p>\u00a0<\/p>\t\t\t\t\t\t\t\t<\/div>\n\t\t\t\t\t<\/div>\n\t\t\t\t<\/div>\n\t\t\t\t<\/div>\n\t\t","protected":false},"excerpt":{"rendered":"<p>\u00a0 \u00a0 \u00a0 \u00a0 \u00a0 \u00a0 \u00a0 \u00a0 \u00a0 \u00a0 \u00a0 \u00a0 \u00a0 \u00a0 \u00a0 \u00a0Tarbosaurus \u00a0 1.Qui a d\u00e9couvert le Tarbosaurus ? Le Tarbosaurus a \u00e9t\u00e9 d\u00e9couvert par une \u00e9quipe sovi\u00e9to-mongole dirig\u00e9e par le pal\u00e9ontologue Evgeny Maleev. 2.Ou \u00e0 t\u2019il trouver le fossile de ce reptile? Les fossiles ont \u00e9t\u00e9 trouv\u00e9s en Mongolie, principalement [&hellip;]<\/p>\n","protected":false},"author":1,"featured_media":0,"parent":0,"menu_order":0,"comment_status":"closed","ping_status":"closed","template":"","meta":{"footnotes":""},"class_list":["post-310","page","type-page","status-publish","hentry"],"yoast_head":"<!-- This site is optimized with the Yoast SEO plugin v26.2 - https:\/\/yoast.com\/wordpress\/plugins\/seo\/ -->\n<title>Tarbosaurus - RJ Exp\u00e9rience<\/title>\n<meta name=\"robots\" content=\"index, follow, max-snippet:-1, max-image-preview:large, max-video-preview:-1\" \/>\n<link rel=\"canonical\" href=\"https:\/\/rj-experience.com\/index.php\/tarbosaurus\/\" \/>\n<meta property=\"og:locale\" content=\"en_US\" \/>\n<meta property=\"og:type\" content=\"article\" \/>\n<meta property=\"og:title\" content=\"Tarbosaurus - RJ Exp\u00e9rience\" \/>\n<meta property=\"og:description\" content=\"\u00a0 \u00a0 \u00a0 \u00a0 \u00a0 \u00a0 \u00a0 \u00a0 \u00a0 \u00a0 \u00a0 \u00a0 \u00a0 \u00a0 \u00a0 \u00a0Tarbosaurus \u00a0 1.Qui a d\u00e9couvert le Tarbosaurus ? Le Tarbosaurus a \u00e9t\u00e9 d\u00e9couvert par une \u00e9quipe sovi\u00e9to-mongole dirig\u00e9e par le pal\u00e9ontologue Evgeny Maleev. 2.Ou \u00e0 t\u2019il trouver le fossile de ce reptile? Les fossiles ont \u00e9t\u00e9 trouv\u00e9s en Mongolie, principalement [&hellip;]\" \/>\n<meta property=\"og:url\" content=\"https:\/\/rj-experience.com\/index.php\/tarbosaurus\/\" \/>\n<meta property=\"og:site_name\" content=\"RJ Exp\u00e9rience\" \/>\n<meta property=\"article:modified_time\" content=\"2025-07-28T09:50:04+00:00\" \/>\n<meta name=\"twitter:card\" content=\"summary_large_image\" \/>\n<meta name=\"twitter:label1\" content=\"Est. reading time\" \/>\n\t<meta name=\"twitter:data1\" content=\"2 minutes\" \/>\n<script type=\"application\/ld+json\" class=\"yoast-schema-graph\">{\"@context\":\"https:\/\/schema.org\",\"@graph\":[{\"@type\":\"WebPage\",\"@id\":\"https:\/\/rj-experience.com\/index.php\/tarbosaurus\/\",\"url\":\"https:\/\/rj-experience.com\/index.php\/tarbosaurus\/\",\"name\":\"Tarbosaurus - RJ Exp\u00e9rience\",\"isPartOf\":{\"@id\":\"https:\/\/rj-experience.com\/#website\"},\"datePublished\":\"2025-07-21T19:03:35+00:00\",\"dateModified\":\"2025-07-28T09:50:04+00:00\",\"breadcrumb\":{\"@id\":\"https:\/\/rj-experience.com\/index.php\/tarbosaurus\/#breadcrumb\"},\"inLanguage\":\"en-US\",\"potentialAction\":[{\"@type\":\"ReadAction\",\"target\":[\"https:\/\/rj-experience.com\/index.php\/tarbosaurus\/\"]}]},{\"@type\":\"BreadcrumbList\",\"@id\":\"https:\/\/rj-experience.com\/index.php\/tarbosaurus\/#breadcrumb\",\"itemListElement\":[{\"@type\":\"ListItem\",\"position\":1,\"name\":\"Home\",\"item\":\"https:\/\/rj-experience.com\/\"},{\"@type\":\"ListItem\",\"position\":2,\"name\":\"Tarbosaurus\"}]},{\"@type\":\"WebSite\",\"@id\":\"https:\/\/rj-experience.com\/#website\",\"url\":\"https:\/\/rj-experience.com\/\",\"name\":\"RJ Exp\u00e9rience\",\"description\":\"\",\"publisher\":{\"@id\":\"https:\/\/rj-experience.com\/#organization\"},\"potentialAction\":[{\"@type\":\"SearchAction\",\"target\":{\"@type\":\"EntryPoint\",\"urlTemplate\":\"https:\/\/rj-experience.com\/?s={search_term_string}\"},\"query-input\":{\"@type\":\"PropertyValueSpecification\",\"valueRequired\":true,\"valueName\":\"search_term_string\"}}],\"inLanguage\":\"en-US\"},{\"@type\":\"Organization\",\"@id\":\"https:\/\/rj-experience.com\/#organization\",\"name\":\"RJ Exp\u00e9rience\",\"url\":\"https:\/\/rj-experience.com\/\",\"logo\":{\"@type\":\"ImageObject\",\"inLanguage\":\"en-US\",\"@id\":\"https:\/\/rj-experience.com\/#\/schema\/logo\/image\/\",\"url\":\"https:\/\/rj-experience.com\/wp-content\/uploads\/2025\/10\/cropped-ChatGPT-Image-28-oct.-2025-18_28_26.png\",\"contentUrl\":\"https:\/\/rj-experience.com\/wp-content\/uploads\/2025\/10\/cropped-ChatGPT-Image-28-oct.-2025-18_28_26.png\",\"width\":512,\"height\":512,\"caption\":\"RJ Exp\u00e9rience\"},\"image\":{\"@id\":\"https:\/\/rj-experience.com\/#\/schema\/logo\/image\/\"}}]}<\/script>\n<!-- \/ Yoast SEO plugin. -->","yoast_head_json":{"title":"Tarbosaurus - RJ Exp\u00e9rience","robots":{"index":"index","follow":"follow","max-snippet":"max-snippet:-1","max-image-preview":"max-image-preview:large","max-video-preview":"max-video-preview:-1"},"canonical":"https:\/\/rj-experience.com\/index.php\/tarbosaurus\/","og_locale":"en_US","og_type":"article","og_title":"Tarbosaurus - RJ Exp\u00e9rience","og_description":"\u00a0 \u00a0 \u00a0 \u00a0 \u00a0 \u00a0 \u00a0 \u00a0 \u00a0 \u00a0 \u00a0 \u00a0 \u00a0 \u00a0 \u00a0 \u00a0Tarbosaurus \u00a0 1.Qui a d\u00e9couvert le Tarbosaurus ? Le Tarbosaurus a \u00e9t\u00e9 d\u00e9couvert par une \u00e9quipe sovi\u00e9to-mongole dirig\u00e9e par le pal\u00e9ontologue Evgeny Maleev. 2.Ou \u00e0 t\u2019il trouver le fossile de ce reptile? Les fossiles ont \u00e9t\u00e9 trouv\u00e9s en Mongolie, principalement [&hellip;]","og_url":"https:\/\/rj-experience.com\/index.php\/tarbosaurus\/","og_site_name":"RJ Exp\u00e9rience","article_modified_time":"2025-07-28T09:50:04+00:00","twitter_card":"summary_large_image","twitter_misc":{"Est. reading time":"2 minutes"},"schema":{"@context":"https:\/\/schema.org","@graph":[{"@type":"WebPage","@id":"https:\/\/rj-experience.com\/index.php\/tarbosaurus\/","url":"https:\/\/rj-experience.com\/index.php\/tarbosaurus\/","name":"Tarbosaurus - RJ Exp\u00e9rience","isPartOf":{"@id":"https:\/\/rj-experience.com\/#website"},"datePublished":"2025-07-21T19:03:35+00:00","dateModified":"2025-07-28T09:50:04+00:00","breadcrumb":{"@id":"https:\/\/rj-experience.com\/index.php\/tarbosaurus\/#breadcrumb"},"inLanguage":"en-US","potentialAction":[{"@type":"ReadAction","target":["https:\/\/rj-experience.com\/index.php\/tarbosaurus\/"]}]},{"@type":"BreadcrumbList","@id":"https:\/\/rj-experience.com\/index.php\/tarbosaurus\/#breadcrumb","itemListElement":[{"@type":"ListItem","position":1,"name":"Home","item":"https:\/\/rj-experience.com\/"},{"@type":"ListItem","position":2,"name":"Tarbosaurus"}]},{"@type":"WebSite","@id":"https:\/\/rj-experience.com\/#website","url":"https:\/\/rj-experience.com\/","name":"RJ Exp\u00e9rience","description":"","publisher":{"@id":"https:\/\/rj-experience.com\/#organization"},"potentialAction":[{"@type":"SearchAction","target":{"@type":"EntryPoint","urlTemplate":"https:\/\/rj-experience.com\/?s={search_term_string}"},"query-input":{"@type":"PropertyValueSpecification","valueRequired":true,"valueName":"search_term_string"}}],"inLanguage":"en-US"},{"@type":"Organization","@id":"https:\/\/rj-experience.com\/#organization","name":"RJ Exp\u00e9rience","url":"https:\/\/rj-experience.com\/","logo":{"@type":"ImageObject","inLanguage":"en-US","@id":"https:\/\/rj-experience.com\/#\/schema\/logo\/image\/","url":"https:\/\/rj-experience.com\/wp-content\/uploads\/2025\/10\/cropped-ChatGPT-Image-28-oct.-2025-18_28_26.png","contentUrl":"https:\/\/rj-experience.com\/wp-content\/uploads\/2025\/10\/cropped-ChatGPT-Image-28-oct.-2025-18_28_26.png","width":512,"height":512,"caption":"RJ Exp\u00e9rience"},"image":{"@id":"https:\/\/rj-experience.com\/#\/schema\/logo\/image\/"}}]}},"_links":{"self":[{"href":"https:\/\/rj-experience.com\/index.php\/wp-json\/wp\/v2\/pages\/310","targetHints":{"allow":["GET"]}}],"collection":[{"href":"https:\/\/rj-experience.com\/index.php\/wp-json\/wp\/v2\/pages"}],"about":[{"href":"https:\/\/rj-experience.com\/index.php\/wp-json\/wp\/v2\/types\/page"}],"author":[{"embeddable":true,"href":"https:\/\/rj-experience.com\/index.php\/wp-json\/wp\/v2\/users\/1"}],"replies":[{"embeddable":true,"href":"https:\/\/rj-experience.com\/index.php\/wp-json\/wp\/v2\/comments?post=310"}],"version-history":[{"count":4,"href":"https:\/\/rj-experience.com\/index.php\/wp-json\/wp\/v2\/pages\/310\/revisions"}],"predecessor-version":[{"id":962,"href":"https:\/\/rj-experience.com\/index.php\/wp-json\/wp\/v2\/pages\/310\/revisions\/962"}],"wp:attachment":[{"href":"https:\/\/rj-experience.com\/index.php\/wp-json\/wp\/v2\/media?parent=310"}],"curies":[{"name":"wp","href":"https:\/\/api.w.org\/{rel}","templated":true}]}}