{"id":303,"date":"2025-07-21T18:59:17","date_gmt":"2025-07-21T18:59:17","guid":{"rendered":"http:\/\/rj-experience.com\/?page_id=303"},"modified":"2025-07-27T09:04:11","modified_gmt":"2025-07-27T09:04:11","slug":"albertosaurus","status":"publish","type":"page","link":"https:\/\/rj-experience.com\/index.php\/albertosaurus\/","title":{"rendered":"Albertosaurus"},"content":{"rendered":"\t\t<div data-elementor-type=\"wp-page\" data-elementor-id=\"303\" class=\"elementor elementor-303\">\n\t\t\t\t<div class=\"elementor-element elementor-element-5125dbd e-flex e-con-boxed e-con e-parent\" data-id=\"5125dbd\" data-element_type=\"container\">\n\t\t\t\t\t<div class=\"e-con-inner\">\n\t\t\t\t<div class=\"elementor-element elementor-element-da7d39a elementor-widget elementor-widget-text-editor\" data-id=\"da7d39a\" data-element_type=\"widget\" data-widget_type=\"text-editor.default\">\n\t\t\t\t\t\t\t\t\t<h2>\u00a0 \u00a0 \u00a0 \u00a0 \u00a0 \u00a0 \u00a0 \u00a0 \u00a0 \u00a0 \u00a0 \u00a0 \u00a0 Albertosaurus<\/h2><p>\u00a0<\/p><p>1.Qui a d\u00e9couvert l\u2019Albertosaurus ?<\/p><p>Joseph Burr Tyrrel , un geologue et paelontologuecanadien , a decouvert le promier fossil de ce dinosaures .<\/p><p>2.Ou \u00e0 t\u2019il trouver le fossile de ce reptile?<\/p><p>Le fossile a ete trouve pres de la riviers Red Deer , en Alberta au Canada.<\/p><p>3.Quand il a trouve le premier os de ce reptile?<\/p><p>Le fossile de se reptile a ete decouvert en 1884 .<\/p><p>4.Il est carnivore ou herbivore?<\/p><p>Il est carnivore .<\/p><p>5.Combien fait sa taille?<\/p><p>Il faisait environ 3,5 metres de haut au niveau des hanches et 8 a 9 metres de long<\/p><p>6.Combien p\u00e8se son poids ?<\/p><p>Il pesait environ <strong>2 \u00e0 2,5 tonnes<\/strong> (2000 \u00e0 2500 kg).<\/p><p>7.L\u2019Albertosaurus vient du cr\u00e9tac\u00e9, du tria ou du jurassique ?<\/p><p>Il vivait au <strong>Cr\u00e9tac\u00e9 sup\u00e9rieur<\/strong>, il y a environ <strong>70 \u00e0 73 millions d\u2019ann\u00e9es<\/strong>.<\/p><p>8.De quelle famille appartient l\u2019Albertosaurus ?<\/p><p>L\u2019<strong>Albertosaurus <\/strong>fait partie de la famille des <strong>Tyrannosaurid\u00e9s<\/strong>.<\/p><p>9.Combien \u00e0 v\u00e9cu l\u2019Albertosaurus ?<\/p><p>Il pouvait vivre jusqu\u2019\u00e0 <strong>20 \u00e0 25 ans<\/strong> environ.<\/p><p>10.Combien fait la taille de ces dents ?<\/p><p>Ses dents pouvaient mesurer jusqu\u2019\u00e0 <strong>7 \u00e0 10 cm<\/strong> de long, en forme de lame recourb\u00e9e.<\/p><p>11.Quel est sont nom scientifique ?<\/p><p>Ses dents pouvaient mesurer jusqu\u2019\u00e0 <strong>7 \u00e0 10 cm<\/strong> de long, en forme de lame recourb\u00e9e.<\/p><p>12.Combien p\u00e8se son cerveau?<\/p><p>Son cerveau pesait environ <strong>150 \u00e0 200 grammes<\/strong>.\u00a0<\/p><p>13.Il vit seul ou en troupeau?<\/p><p>On pense qu\u2019il pouvait <strong>vivre et chasser en groupe<\/strong>, surtout gr\u00e2ce \u00e0 une d\u00e9couverte de plusieurs fossiles ensemble (cimeti\u00e8re de Dry Island, Alberta).<\/p><p>\u00a0 14.Qui est son premier os qui a \u00e9t\u00e9 trouv\u00e9?<\/p><p>Le <strong>cr\u00e2ne partiel<\/strong> (incluant la m\u00e2choire avec des dents) fut l\u2019un des premiers os d\u00e9couverts.<\/p><p>15.Quand il le nomme ?<\/p><p>Il a \u00e9t\u00e9 nomm\u00e9 <strong>Albertosaurus<\/strong> en <strong>1905<\/strong> par <strong>Henry Fairfield Osborn<\/strong>.<\/p><p>16.Combien il a de dents?<\/p><p>Il avait environ <strong>58 \u00e0 62 dents<\/strong> bien aiguis\u00e9es.<\/p><p>16.Quels sont les autres dinosaures qui vivaient \u00e0 cette \u00e9poque?<\/p><p>Parmi les contemporains de l\u2019Albertosaurus :<\/p><ul><li><strong>Edmontosaurus<\/strong> (herbivore)<\/li><li><strong>Pachyrhinosaurus<\/strong> (c\u00e9ratopsien)<\/li><li><strong>Troodon<\/strong> (petit carnivore)<\/li><li><strong>Ankylosaurus<\/strong> (dino cuirass\u00e9)<\/li><li><strong>Parasaurolophus<\/strong> (herbivore \u00e0 cr\u00eate)<\/li><\/ul><p>\u00a0<\/p><p>\u00a0<\/p><p>\u00a0<\/p><p>\u00a0<\/p><p>\u00a0<\/p><p>\u00a0<\/p><p>\u00a0<\/p><p>\u00a0<\/p><p>\u00a0<\/p>\t\t\t\t\t\t\t\t<\/div>\n\t\t\t\t\t<\/div>\n\t\t\t\t<\/div>\n\t\t\t\t<\/div>\n\t\t","protected":false},"excerpt":{"rendered":"<p>\u00a0 \u00a0 \u00a0 \u00a0 \u00a0 \u00a0 \u00a0 \u00a0 \u00a0 \u00a0 \u00a0 \u00a0 \u00a0 Albertosaurus \u00a0 1.Qui a d\u00e9couvert l\u2019Albertosaurus ? Joseph Burr Tyrrel , un geologue et paelontologuecanadien , a decouvert le promier fossil de ce dinosaures . 2.Ou \u00e0 t\u2019il trouver le fossile de ce reptile? Le fossile a ete trouve pres de la [&hellip;]<\/p>\n","protected":false},"author":1,"featured_media":0,"parent":0,"menu_order":0,"comment_status":"closed","ping_status":"closed","template":"","meta":{"footnotes":""},"class_list":["post-303","page","type-page","status-publish","hentry"],"yoast_head":"<!-- This site is optimized with the Yoast SEO plugin v26.2 - https:\/\/yoast.com\/wordpress\/plugins\/seo\/ -->\n<title>Albertosaurus - RJ Exp\u00e9rience<\/title>\n<meta name=\"robots\" content=\"index, follow, max-snippet:-1, max-image-preview:large, max-video-preview:-1\" \/>\n<link rel=\"canonical\" href=\"https:\/\/rj-experience.com\/index.php\/albertosaurus\/\" \/>\n<meta property=\"og:locale\" content=\"en_US\" \/>\n<meta property=\"og:type\" content=\"article\" \/>\n<meta property=\"og:title\" content=\"Albertosaurus - RJ Exp\u00e9rience\" \/>\n<meta property=\"og:description\" content=\"\u00a0 \u00a0 \u00a0 \u00a0 \u00a0 \u00a0 \u00a0 \u00a0 \u00a0 \u00a0 \u00a0 \u00a0 \u00a0 Albertosaurus \u00a0 1.Qui a d\u00e9couvert l\u2019Albertosaurus ? Joseph Burr Tyrrel , un geologue et paelontologuecanadien , a decouvert le promier fossil de ce dinosaures . 2.Ou \u00e0 t\u2019il trouver le fossile de ce reptile? Le fossile a ete trouve pres de la [&hellip;]\" \/>\n<meta property=\"og:url\" content=\"https:\/\/rj-experience.com\/index.php\/albertosaurus\/\" \/>\n<meta property=\"og:site_name\" content=\"RJ Exp\u00e9rience\" \/>\n<meta property=\"article:modified_time\" content=\"2025-07-27T09:04:11+00:00\" \/>\n<meta name=\"twitter:card\" content=\"summary_large_image\" \/>\n<meta name=\"twitter:label1\" content=\"Est. reading time\" \/>\n\t<meta name=\"twitter:data1\" content=\"2 minutes\" \/>\n<script type=\"application\/ld+json\" class=\"yoast-schema-graph\">{\"@context\":\"https:\/\/schema.org\",\"@graph\":[{\"@type\":\"WebPage\",\"@id\":\"https:\/\/rj-experience.com\/index.php\/albertosaurus\/\",\"url\":\"https:\/\/rj-experience.com\/index.php\/albertosaurus\/\",\"name\":\"Albertosaurus - RJ Exp\u00e9rience\",\"isPartOf\":{\"@id\":\"https:\/\/rj-experience.com\/#website\"},\"datePublished\":\"2025-07-21T18:59:17+00:00\",\"dateModified\":\"2025-07-27T09:04:11+00:00\",\"breadcrumb\":{\"@id\":\"https:\/\/rj-experience.com\/index.php\/albertosaurus\/#breadcrumb\"},\"inLanguage\":\"en-US\",\"potentialAction\":[{\"@type\":\"ReadAction\",\"target\":[\"https:\/\/rj-experience.com\/index.php\/albertosaurus\/\"]}]},{\"@type\":\"BreadcrumbList\",\"@id\":\"https:\/\/rj-experience.com\/index.php\/albertosaurus\/#breadcrumb\",\"itemListElement\":[{\"@type\":\"ListItem\",\"position\":1,\"name\":\"Home\",\"item\":\"https:\/\/rj-experience.com\/\"},{\"@type\":\"ListItem\",\"position\":2,\"name\":\"Albertosaurus\"}]},{\"@type\":\"WebSite\",\"@id\":\"https:\/\/rj-experience.com\/#website\",\"url\":\"https:\/\/rj-experience.com\/\",\"name\":\"RJ Exp\u00e9rience\",\"description\":\"\",\"publisher\":{\"@id\":\"https:\/\/rj-experience.com\/#organization\"},\"potentialAction\":[{\"@type\":\"SearchAction\",\"target\":{\"@type\":\"EntryPoint\",\"urlTemplate\":\"https:\/\/rj-experience.com\/?s={search_term_string}\"},\"query-input\":{\"@type\":\"PropertyValueSpecification\",\"valueRequired\":true,\"valueName\":\"search_term_string\"}}],\"inLanguage\":\"en-US\"},{\"@type\":\"Organization\",\"@id\":\"https:\/\/rj-experience.com\/#organization\",\"name\":\"RJ Exp\u00e9rience\",\"url\":\"https:\/\/rj-experience.com\/\",\"logo\":{\"@type\":\"ImageObject\",\"inLanguage\":\"en-US\",\"@id\":\"https:\/\/rj-experience.com\/#\/schema\/logo\/image\/\",\"url\":\"https:\/\/rj-experience.com\/wp-content\/uploads\/2025\/10\/cropped-ChatGPT-Image-28-oct.-2025-18_28_26.png\",\"contentUrl\":\"https:\/\/rj-experience.com\/wp-content\/uploads\/2025\/10\/cropped-ChatGPT-Image-28-oct.-2025-18_28_26.png\",\"width\":512,\"height\":512,\"caption\":\"RJ Exp\u00e9rience\"},\"image\":{\"@id\":\"https:\/\/rj-experience.com\/#\/schema\/logo\/image\/\"}}]}<\/script>\n<!-- \/ Yoast SEO plugin. -->","yoast_head_json":{"title":"Albertosaurus - RJ Exp\u00e9rience","robots":{"index":"index","follow":"follow","max-snippet":"max-snippet:-1","max-image-preview":"max-image-preview:large","max-video-preview":"max-video-preview:-1"},"canonical":"https:\/\/rj-experience.com\/index.php\/albertosaurus\/","og_locale":"en_US","og_type":"article","og_title":"Albertosaurus - RJ Exp\u00e9rience","og_description":"\u00a0 \u00a0 \u00a0 \u00a0 \u00a0 \u00a0 \u00a0 \u00a0 \u00a0 \u00a0 \u00a0 \u00a0 \u00a0 Albertosaurus \u00a0 1.Qui a d\u00e9couvert l\u2019Albertosaurus ? Joseph Burr Tyrrel , un geologue et paelontologuecanadien , a decouvert le promier fossil de ce dinosaures . 2.Ou \u00e0 t\u2019il trouver le fossile de ce reptile? Le fossile a ete trouve pres de la [&hellip;]","og_url":"https:\/\/rj-experience.com\/index.php\/albertosaurus\/","og_site_name":"RJ Exp\u00e9rience","article_modified_time":"2025-07-27T09:04:11+00:00","twitter_card":"summary_large_image","twitter_misc":{"Est. reading time":"2 minutes"},"schema":{"@context":"https:\/\/schema.org","@graph":[{"@type":"WebPage","@id":"https:\/\/rj-experience.com\/index.php\/albertosaurus\/","url":"https:\/\/rj-experience.com\/index.php\/albertosaurus\/","name":"Albertosaurus - RJ Exp\u00e9rience","isPartOf":{"@id":"https:\/\/rj-experience.com\/#website"},"datePublished":"2025-07-21T18:59:17+00:00","dateModified":"2025-07-27T09:04:11+00:00","breadcrumb":{"@id":"https:\/\/rj-experience.com\/index.php\/albertosaurus\/#breadcrumb"},"inLanguage":"en-US","potentialAction":[{"@type":"ReadAction","target":["https:\/\/rj-experience.com\/index.php\/albertosaurus\/"]}]},{"@type":"BreadcrumbList","@id":"https:\/\/rj-experience.com\/index.php\/albertosaurus\/#breadcrumb","itemListElement":[{"@type":"ListItem","position":1,"name":"Home","item":"https:\/\/rj-experience.com\/"},{"@type":"ListItem","position":2,"name":"Albertosaurus"}]},{"@type":"WebSite","@id":"https:\/\/rj-experience.com\/#website","url":"https:\/\/rj-experience.com\/","name":"RJ Exp\u00e9rience","description":"","publisher":{"@id":"https:\/\/rj-experience.com\/#organization"},"potentialAction":[{"@type":"SearchAction","target":{"@type":"EntryPoint","urlTemplate":"https:\/\/rj-experience.com\/?s={search_term_string}"},"query-input":{"@type":"PropertyValueSpecification","valueRequired":true,"valueName":"search_term_string"}}],"inLanguage":"en-US"},{"@type":"Organization","@id":"https:\/\/rj-experience.com\/#organization","name":"RJ Exp\u00e9rience","url":"https:\/\/rj-experience.com\/","logo":{"@type":"ImageObject","inLanguage":"en-US","@id":"https:\/\/rj-experience.com\/#\/schema\/logo\/image\/","url":"https:\/\/rj-experience.com\/wp-content\/uploads\/2025\/10\/cropped-ChatGPT-Image-28-oct.-2025-18_28_26.png","contentUrl":"https:\/\/rj-experience.com\/wp-content\/uploads\/2025\/10\/cropped-ChatGPT-Image-28-oct.-2025-18_28_26.png","width":512,"height":512,"caption":"RJ Exp\u00e9rience"},"image":{"@id":"https:\/\/rj-experience.com\/#\/schema\/logo\/image\/"}}]}},"_links":{"self":[{"href":"https:\/\/rj-experience.com\/index.php\/wp-json\/wp\/v2\/pages\/303","targetHints":{"allow":["GET"]}}],"collection":[{"href":"https:\/\/rj-experience.com\/index.php\/wp-json\/wp\/v2\/pages"}],"about":[{"href":"https:\/\/rj-experience.com\/index.php\/wp-json\/wp\/v2\/types\/page"}],"author":[{"embeddable":true,"href":"https:\/\/rj-experience.com\/index.php\/wp-json\/wp\/v2\/users\/1"}],"replies":[{"embeddable":true,"href":"https:\/\/rj-experience.com\/index.php\/wp-json\/wp\/v2\/comments?post=303"}],"version-history":[{"count":4,"href":"https:\/\/rj-experience.com\/index.php\/wp-json\/wp\/v2\/pages\/303\/revisions"}],"predecessor-version":[{"id":958,"href":"https:\/\/rj-experience.com\/index.php\/wp-json\/wp\/v2\/pages\/303\/revisions\/958"}],"wp:attachment":[{"href":"https:\/\/rj-experience.com\/index.php\/wp-json\/wp\/v2\/media?parent=303"}],"curies":[{"name":"wp","href":"https:\/\/api.w.org\/{rel}","templated":true}]}}