{"id":295,"date":"2025-07-21T18:55:25","date_gmt":"2025-07-21T18:55:25","guid":{"rendered":"http:\/\/rj-experience.com\/?page_id=295"},"modified":"2025-07-25T13:45:52","modified_gmt":"2025-07-25T13:45:52","slug":"ceratosaurus","status":"publish","type":"page","link":"https:\/\/rj-experience.com\/index.php\/ceratosaurus\/","title":{"rendered":"Ceratosaurus"},"content":{"rendered":"\t\t<div data-elementor-type=\"wp-page\" data-elementor-id=\"295\" class=\"elementor elementor-295\">\n\t\t\t\t<div class=\"elementor-element elementor-element-cdd62bb e-flex e-con-boxed e-con e-parent\" data-id=\"cdd62bb\" data-element_type=\"container\">\n\t\t\t\t\t<div class=\"e-con-inner\">\n\t\t\t\t<div class=\"elementor-element elementor-element-9edc086 elementor-widget elementor-widget-text-editor\" data-id=\"9edc086\" data-element_type=\"widget\" data-widget_type=\"text-editor.default\">\n\t\t\t\t\t\t\t\t\t<h2>\u00a0 \u00a0 \u00a0 \u00a0 \u00a0 \u00a0 \u00a0 \u00a0 \u00a0 \u00a0 \u00a0 \u00a0 \u00a0 Ceratosaurus<\/h2><p>1.Qui a d\u00e9couvert le Ceratosaurus?<\/p><p>C&#8217;est <strong data-start=\"180\" data-end=\"205\">Othniel Charles Marsh<\/strong>, un c\u00e9l\u00e8bre pal\u00e9ontologue am\u00e9ricain, qui a d\u00e9couvert et d\u00e9crit le Ceratosaurus.<\/p><p>2.Ou \u00e0 t\u2019il trouver le fossile de ce reptile?<\/p><p>Le premier fossile a \u00e9t\u00e9 d\u00e9couvert dans le <strong data-start=\"392\" data-end=\"404\">Colorado<\/strong>, aux \u00c9tats-Unis, dans les <strong data-start=\"431\" data-end=\"453\">Morrison Formation<\/strong>, une c\u00e9l\u00e8bre zone riche en fossiles de dinosaures.<\/p><p>3.Quand il a trouve le premier os de ce reptile?<\/p><p>Les premiers fossiles de Ceratosaurus ont \u00e9t\u00e9 d\u00e9couverts <strong data-start=\"631\" data-end=\"642\">en 1884<\/strong>.<\/p><p>4.Il est carnivore ou herbivore?<\/p><p data-start=\"695\" data-end=\"815\">Le Ceratosaurus est un <strong data-start=\"718\" data-end=\"731\">carnivore<\/strong>. Il se nourrissait de petits dinosaures, de poissons, et probablement de charognes.<\/p><p>5.Combien fait sa taille?<\/p><p>Il mesurait entre <strong data-start=\"878\" data-end=\"902\">6 \u00e0 7 m\u00e8tres de long<\/strong>.<\/p><p>6.Combien p\u00e8se son poids ?<\/p><p>Son poids est estim\u00e9 entre <strong data-start=\"975\" data-end=\"994\">500 et 1 000 kg<\/strong>, selon les sp\u00e9cimens.<\/p><p>7.L\u2019Alamosaurus vient du cr\u00e9tac\u00e9,du tria ou du jurassique ?<\/p><p>Il a v\u00e9cu au <strong data-start=\"1111\" data-end=\"1135\">Jurassique sup\u00e9rieur<\/strong>, il y a environ <strong data-start=\"1152\" data-end=\"1183\">153 \u00e0 148 millions d&#8217;ann\u00e9es<\/strong>.<\/p><p>8.De quelle famille appartient le Ceratosaurus?<\/p><p>Il a v\u00e9cu au <strong data-start=\"1111\" data-end=\"1135\">Jurassique sup\u00e9rieur<\/strong>, il y a environ <strong data-start=\"1152\" data-end=\"1183\">153 \u00e0 148 millions d&#8217;ann\u00e9es<\/strong>.<\/p><p>9.Combien \u00e0 v\u00e9cu le Ceratosaurus ?<\/p><p>Comme dit plus haut, il faisait <strong data-start=\"1277\" data-end=\"1301\">6 \u00e0 7 m\u00e8tres de long<\/strong>, environ <strong data-start=\"1311\" data-end=\"1353\">2 m\u00e8tres de haut au niveau des hanches<\/strong>.<\/p><p>10.Combien fait la taille de ces dents ?<\/p><p>Ses dents mesuraient environ <strong data-start=\"1693\" data-end=\"1714\">5 \u00e0 10 cm de long<\/strong>, elles \u00e9taient pointues et courb\u00e9es vers l\u2019arri\u00e8re, id\u00e9ales pour trancher la chair.<\/p><p>11.Quel est son nom scientifique ?<\/p><p>Ses dents mesuraient environ <strong data-start=\"1693\" data-end=\"1714\">5 \u00e0 10 cm de long<\/strong>, elles \u00e9taient pointues et courb\u00e9es vers l\u2019arri\u00e8re, id\u00e9ales pour trancher la chair.<\/p><p>12.Combien p\u00e8se son cerveau?<\/p><p data-start=\"1851\" data-end=\"1904\">Son cerveau pesait probablement autour de <strong data-start=\"1994\" data-end=\"2015\">100 \u00e0 150 grammes<\/strong>, ce qui est petit par rapport \u00e0 la taille de son corps.<\/p><p>13.Il vit seul ou en troupeau?<\/p><p data-start=\"2121\" data-end=\"2204\">On pense qu\u2019il <strong data-start=\"2136\" data-end=\"2166\">vivait principalement seul<\/strong>, comme beaucoup de grands carnivores.<\/p><p>14.Qui est son premier os qui a \u00e9t\u00e9 trouv\u00e9?<\/p><p>Le premier fossile important trouv\u00e9 \u00e9tait un <strong data-start=\"2313\" data-end=\"2342\">squelette presque complet<\/strong>, incluant le cr\u00e2ne, la m\u00e2choire, les vert\u00e8bres et les membres.<\/p><p>15.Quand il le nomme ?<\/p><p data-start=\"2446\" data-end=\"2509\">Il a \u00e9t\u00e9 officiellement nomm\u00e9 <strong data-start=\"2476\" data-end=\"2487\">en 1884<\/strong> par Othniel C. Marsh.<\/p><p>16.Combien il a de dents?<\/p><p>Il avait environ <strong data-start=\"2571\" data-end=\"2603\">20 dents sur chaque m\u00e2choire<\/strong>, donc environ <strong data-start=\"2618\" data-end=\"2638\">40 dents en tout<\/strong>, avec des dents ac\u00e9r\u00e9es et dentel\u00e9es.<\/p><p>17.Quels sont les autres dinosaures qui vivaient \u00e0 cette \u00e9poque?<\/p><p data-start=\"2760\" data-end=\"2814\">\u00c0 la m\u00eame \u00e9poque (Jurassique sup\u00e9rieur), on trouvait :<\/p><ul data-start=\"2815\" data-end=\"2913\"><li data-start=\"2815\" data-end=\"2833\"><p data-start=\"2817\" data-end=\"2833\"><strong data-start=\"2817\" data-end=\"2831\">Allosaurus<\/strong><\/p><\/li><li data-start=\"2834\" data-end=\"2853\"><p data-start=\"2836\" data-end=\"2853\"><strong data-start=\"2836\" data-end=\"2851\">Apatosaurus<\/strong><\/p><\/li><li data-start=\"2854\" data-end=\"2873\"><p data-start=\"2856\" data-end=\"2873\"><strong data-start=\"2856\" data-end=\"2871\">Stegosaurus<\/strong><\/p><\/li><li data-start=\"2874\" data-end=\"2892\"><p data-start=\"2876\" data-end=\"2892\"><strong data-start=\"2876\" data-end=\"2890\">Diplodocus<\/strong><\/p><\/li><li data-start=\"2893\" data-end=\"2913\"><p data-start=\"2895\" data-end=\"2913\"><strong data-start=\"2895\" data-end=\"2911\">Camarasaurus<\/strong><\/p><\/li><\/ul><p data-start=\"2915\" data-end=\"3042\">Ces dinosaures partageaient le m\u00eame environnement que le Ceratosaurus, souvent dans des zones foresti\u00e8res ou pr\u00e8s des rivi\u00e8res.<\/p>\t\t\t\t\t\t\t\t<\/div>\n\t\t\t\t\t<\/div>\n\t\t\t\t<\/div>\n\t\t\t\t<\/div>\n\t\t","protected":false},"excerpt":{"rendered":"<p>\u00a0 \u00a0 \u00a0 \u00a0 \u00a0 \u00a0 \u00a0 \u00a0 \u00a0 \u00a0 \u00a0 \u00a0 \u00a0 Ceratosaurus 1.Qui a d\u00e9couvert le Ceratosaurus? C&#8217;est Othniel Charles Marsh, un c\u00e9l\u00e8bre pal\u00e9ontologue am\u00e9ricain, qui a d\u00e9couvert et d\u00e9crit le Ceratosaurus. 2.Ou \u00e0 t\u2019il trouver le fossile de ce reptile? Le premier fossile a \u00e9t\u00e9 d\u00e9couvert dans le Colorado, aux \u00c9tats-Unis, dans [&hellip;]<\/p>\n","protected":false},"author":1,"featured_media":0,"parent":0,"menu_order":0,"comment_status":"closed","ping_status":"closed","template":"","meta":{"footnotes":""},"class_list":["post-295","page","type-page","status-publish","hentry"],"yoast_head":"<!-- This site is optimized with the Yoast SEO plugin v26.2 - https:\/\/yoast.com\/wordpress\/plugins\/seo\/ -->\n<title>Ceratosaurus - RJ Exp\u00e9rience<\/title>\n<meta name=\"robots\" content=\"index, follow, max-snippet:-1, max-image-preview:large, max-video-preview:-1\" \/>\n<link rel=\"canonical\" href=\"https:\/\/rj-experience.com\/index.php\/ceratosaurus\/\" \/>\n<meta property=\"og:locale\" content=\"en_US\" \/>\n<meta property=\"og:type\" content=\"article\" \/>\n<meta property=\"og:title\" content=\"Ceratosaurus - RJ Exp\u00e9rience\" \/>\n<meta property=\"og:description\" content=\"\u00a0 \u00a0 \u00a0 \u00a0 \u00a0 \u00a0 \u00a0 \u00a0 \u00a0 \u00a0 \u00a0 \u00a0 \u00a0 Ceratosaurus 1.Qui a d\u00e9couvert le Ceratosaurus? C&#8217;est Othniel Charles Marsh, un c\u00e9l\u00e8bre pal\u00e9ontologue am\u00e9ricain, qui a d\u00e9couvert et d\u00e9crit le Ceratosaurus. 2.Ou \u00e0 t\u2019il trouver le fossile de ce reptile? Le premier fossile a \u00e9t\u00e9 d\u00e9couvert dans le Colorado, aux \u00c9tats-Unis, dans [&hellip;]\" \/>\n<meta property=\"og:url\" content=\"https:\/\/rj-experience.com\/index.php\/ceratosaurus\/\" \/>\n<meta property=\"og:site_name\" content=\"RJ Exp\u00e9rience\" \/>\n<meta property=\"article:modified_time\" content=\"2025-07-25T13:45:52+00:00\" \/>\n<meta name=\"twitter:card\" content=\"summary_large_image\" \/>\n<meta name=\"twitter:label1\" content=\"Est. reading time\" \/>\n\t<meta name=\"twitter:data1\" content=\"2 minutes\" \/>\n<script type=\"application\/ld+json\" class=\"yoast-schema-graph\">{\"@context\":\"https:\/\/schema.org\",\"@graph\":[{\"@type\":\"WebPage\",\"@id\":\"https:\/\/rj-experience.com\/index.php\/ceratosaurus\/\",\"url\":\"https:\/\/rj-experience.com\/index.php\/ceratosaurus\/\",\"name\":\"Ceratosaurus - RJ Exp\u00e9rience\",\"isPartOf\":{\"@id\":\"https:\/\/rj-experience.com\/#website\"},\"datePublished\":\"2025-07-21T18:55:25+00:00\",\"dateModified\":\"2025-07-25T13:45:52+00:00\",\"breadcrumb\":{\"@id\":\"https:\/\/rj-experience.com\/index.php\/ceratosaurus\/#breadcrumb\"},\"inLanguage\":\"en-US\",\"potentialAction\":[{\"@type\":\"ReadAction\",\"target\":[\"https:\/\/rj-experience.com\/index.php\/ceratosaurus\/\"]}]},{\"@type\":\"BreadcrumbList\",\"@id\":\"https:\/\/rj-experience.com\/index.php\/ceratosaurus\/#breadcrumb\",\"itemListElement\":[{\"@type\":\"ListItem\",\"position\":1,\"name\":\"Home\",\"item\":\"https:\/\/rj-experience.com\/\"},{\"@type\":\"ListItem\",\"position\":2,\"name\":\"Ceratosaurus\"}]},{\"@type\":\"WebSite\",\"@id\":\"https:\/\/rj-experience.com\/#website\",\"url\":\"https:\/\/rj-experience.com\/\",\"name\":\"RJ Exp\u00e9rience\",\"description\":\"\",\"publisher\":{\"@id\":\"https:\/\/rj-experience.com\/#organization\"},\"potentialAction\":[{\"@type\":\"SearchAction\",\"target\":{\"@type\":\"EntryPoint\",\"urlTemplate\":\"https:\/\/rj-experience.com\/?s={search_term_string}\"},\"query-input\":{\"@type\":\"PropertyValueSpecification\",\"valueRequired\":true,\"valueName\":\"search_term_string\"}}],\"inLanguage\":\"en-US\"},{\"@type\":\"Organization\",\"@id\":\"https:\/\/rj-experience.com\/#organization\",\"name\":\"RJ Exp\u00e9rience\",\"url\":\"https:\/\/rj-experience.com\/\",\"logo\":{\"@type\":\"ImageObject\",\"inLanguage\":\"en-US\",\"@id\":\"https:\/\/rj-experience.com\/#\/schema\/logo\/image\/\",\"url\":\"https:\/\/rj-experience.com\/wp-content\/uploads\/2025\/10\/cropped-ChatGPT-Image-28-oct.-2025-18_28_26.png\",\"contentUrl\":\"https:\/\/rj-experience.com\/wp-content\/uploads\/2025\/10\/cropped-ChatGPT-Image-28-oct.-2025-18_28_26.png\",\"width\":512,\"height\":512,\"caption\":\"RJ Exp\u00e9rience\"},\"image\":{\"@id\":\"https:\/\/rj-experience.com\/#\/schema\/logo\/image\/\"}}]}<\/script>\n<!-- \/ Yoast SEO plugin. -->","yoast_head_json":{"title":"Ceratosaurus - RJ Exp\u00e9rience","robots":{"index":"index","follow":"follow","max-snippet":"max-snippet:-1","max-image-preview":"max-image-preview:large","max-video-preview":"max-video-preview:-1"},"canonical":"https:\/\/rj-experience.com\/index.php\/ceratosaurus\/","og_locale":"en_US","og_type":"article","og_title":"Ceratosaurus - RJ Exp\u00e9rience","og_description":"\u00a0 \u00a0 \u00a0 \u00a0 \u00a0 \u00a0 \u00a0 \u00a0 \u00a0 \u00a0 \u00a0 \u00a0 \u00a0 Ceratosaurus 1.Qui a d\u00e9couvert le Ceratosaurus? C&#8217;est Othniel Charles Marsh, un c\u00e9l\u00e8bre pal\u00e9ontologue am\u00e9ricain, qui a d\u00e9couvert et d\u00e9crit le Ceratosaurus. 2.Ou \u00e0 t\u2019il trouver le fossile de ce reptile? Le premier fossile a \u00e9t\u00e9 d\u00e9couvert dans le Colorado, aux \u00c9tats-Unis, dans [&hellip;]","og_url":"https:\/\/rj-experience.com\/index.php\/ceratosaurus\/","og_site_name":"RJ Exp\u00e9rience","article_modified_time":"2025-07-25T13:45:52+00:00","twitter_card":"summary_large_image","twitter_misc":{"Est. reading time":"2 minutes"},"schema":{"@context":"https:\/\/schema.org","@graph":[{"@type":"WebPage","@id":"https:\/\/rj-experience.com\/index.php\/ceratosaurus\/","url":"https:\/\/rj-experience.com\/index.php\/ceratosaurus\/","name":"Ceratosaurus - RJ Exp\u00e9rience","isPartOf":{"@id":"https:\/\/rj-experience.com\/#website"},"datePublished":"2025-07-21T18:55:25+00:00","dateModified":"2025-07-25T13:45:52+00:00","breadcrumb":{"@id":"https:\/\/rj-experience.com\/index.php\/ceratosaurus\/#breadcrumb"},"inLanguage":"en-US","potentialAction":[{"@type":"ReadAction","target":["https:\/\/rj-experience.com\/index.php\/ceratosaurus\/"]}]},{"@type":"BreadcrumbList","@id":"https:\/\/rj-experience.com\/index.php\/ceratosaurus\/#breadcrumb","itemListElement":[{"@type":"ListItem","position":1,"name":"Home","item":"https:\/\/rj-experience.com\/"},{"@type":"ListItem","position":2,"name":"Ceratosaurus"}]},{"@type":"WebSite","@id":"https:\/\/rj-experience.com\/#website","url":"https:\/\/rj-experience.com\/","name":"RJ Exp\u00e9rience","description":"","publisher":{"@id":"https:\/\/rj-experience.com\/#organization"},"potentialAction":[{"@type":"SearchAction","target":{"@type":"EntryPoint","urlTemplate":"https:\/\/rj-experience.com\/?s={search_term_string}"},"query-input":{"@type":"PropertyValueSpecification","valueRequired":true,"valueName":"search_term_string"}}],"inLanguage":"en-US"},{"@type":"Organization","@id":"https:\/\/rj-experience.com\/#organization","name":"RJ Exp\u00e9rience","url":"https:\/\/rj-experience.com\/","logo":{"@type":"ImageObject","inLanguage":"en-US","@id":"https:\/\/rj-experience.com\/#\/schema\/logo\/image\/","url":"https:\/\/rj-experience.com\/wp-content\/uploads\/2025\/10\/cropped-ChatGPT-Image-28-oct.-2025-18_28_26.png","contentUrl":"https:\/\/rj-experience.com\/wp-content\/uploads\/2025\/10\/cropped-ChatGPT-Image-28-oct.-2025-18_28_26.png","width":512,"height":512,"caption":"RJ Exp\u00e9rience"},"image":{"@id":"https:\/\/rj-experience.com\/#\/schema\/logo\/image\/"}}]}},"_links":{"self":[{"href":"https:\/\/rj-experience.com\/index.php\/wp-json\/wp\/v2\/pages\/295","targetHints":{"allow":["GET"]}}],"collection":[{"href":"https:\/\/rj-experience.com\/index.php\/wp-json\/wp\/v2\/pages"}],"about":[{"href":"https:\/\/rj-experience.com\/index.php\/wp-json\/wp\/v2\/types\/page"}],"author":[{"embeddable":true,"href":"https:\/\/rj-experience.com\/index.php\/wp-json\/wp\/v2\/users\/1"}],"replies":[{"embeddable":true,"href":"https:\/\/rj-experience.com\/index.php\/wp-json\/wp\/v2\/comments?post=295"}],"version-history":[{"count":4,"href":"https:\/\/rj-experience.com\/index.php\/wp-json\/wp\/v2\/pages\/295\/revisions"}],"predecessor-version":[{"id":955,"href":"https:\/\/rj-experience.com\/index.php\/wp-json\/wp\/v2\/pages\/295\/revisions\/955"}],"wp:attachment":[{"href":"https:\/\/rj-experience.com\/index.php\/wp-json\/wp\/v2\/media?parent=295"}],"curies":[{"name":"wp","href":"https:\/\/api.w.org\/{rel}","templated":true}]}}