{"id":29,"date":"2025-07-20T15:07:46","date_gmt":"2025-07-20T15:07:46","guid":{"rendered":"http:\/\/rj-experience.com\/?page_id=29"},"modified":"2026-01-01T15:05:55","modified_gmt":"2026-01-01T15:05:55","slug":"dinosaures","status":"publish","type":"page","link":"https:\/\/rj-experience.com\/index.php\/dinosaures\/","title":{"rendered":"Les Dinosaures"},"content":{"rendered":"\t\t<div data-elementor-type=\"wp-page\" data-elementor-id=\"29\" class=\"elementor elementor-29\">\n\t\t\t\t<div class=\"elementor-element elementor-element-874a8de e-grid e-con-boxed e-con e-parent\" data-id=\"874a8de\" data-element_type=\"container\">\n\t\t\t\t\t<div class=\"e-con-inner\">\n\t\t\t\t<div class=\"elementor-element elementor-element-7309c57 elementor-widget elementor-widget-image\" data-id=\"7309c57\" data-element_type=\"widget\" data-widget_type=\"image.default\">\n\t\t\t\t\t\t\t\t\t\t\t\t\t\t\t\t<a href=\"https:\/\/rj-experience.com\/?page_id=1148\">\n\t\t\t\t\t\t\t<img fetchpriority=\"high\" decoding=\"async\" width=\"640\" height=\"480\" src=\"https:\/\/rj-experience.com\/wp-content\/uploads\/2025\/10\/3a_fallen_kingdom.jpg_5ntosy1-1024x768.jpg\" class=\"attachment-large size-large wp-image-1139\" alt=\"\" srcset=\"https:\/\/rj-experience.com\/wp-content\/uploads\/2025\/10\/3a_fallen_kingdom.jpg_5ntosy1-1024x768.jpg 1024w, https:\/\/rj-experience.com\/wp-content\/uploads\/2025\/10\/3a_fallen_kingdom.jpg_5ntosy1-300x225.jpg 300w, https:\/\/rj-experience.com\/wp-content\/uploads\/2025\/10\/3a_fallen_kingdom.jpg_5ntosy1-768x576.jpg 768w, https:\/\/rj-experience.com\/wp-content\/uploads\/2025\/10\/3a_fallen_kingdom.jpg_5ntosy1-1536x1152.jpg 1536w, https:\/\/rj-experience.com\/wp-content\/uploads\/2025\/10\/3a_fallen_kingdom.jpg_5ntosy1.jpg 1600w\" sizes=\"(max-width: 640px) 100vw, 640px\" \/>\t\t\t\t\t\t\t\t<\/a>\n\t\t\t\t\t\t\t\t\t\t\t\t\t\t\t<\/div>\n\t\t\t\t<div class=\"elementor-element elementor-element-2dbd82c elementor-widget elementor-widget-image\" data-id=\"2dbd82c\" data-element_type=\"widget\" data-widget_type=\"image.default\">\n\t\t\t\t\t\t\t\t\t\t\t\t\t\t\t\t<a href=\"https:\/\/rj-experience.com\/?page_id=59\">\n\t\t\t\t\t\t\t<img decoding=\"async\" width=\"640\" height=\"384\" src=\"https:\/\/rj-experience.com\/wp-content\/uploads\/2025\/07\/shutterstock_246085705-1024x614.jpg\" class=\"attachment-large size-large wp-image-45\" alt=\"\" srcset=\"https:\/\/rj-experience.com\/wp-content\/uploads\/2025\/07\/shutterstock_246085705-1024x614.jpg 1024w, https:\/\/rj-experience.com\/wp-content\/uploads\/2025\/07\/shutterstock_246085705-300x180.jpg 300w, https:\/\/rj-experience.com\/wp-content\/uploads\/2025\/07\/shutterstock_246085705-768x461.jpg 768w, https:\/\/rj-experience.com\/wp-content\/uploads\/2025\/07\/shutterstock_246085705-1536x922.jpg 1536w, https:\/\/rj-experience.com\/wp-content\/uploads\/2025\/07\/shutterstock_246085705.jpg 2000w\" sizes=\"(max-width: 640px) 100vw, 640px\" \/>\t\t\t\t\t\t\t\t<\/a>\n\t\t\t\t\t\t\t\t\t\t\t\t\t\t\t<\/div>\n\t\t\t\t<div class=\"elementor-element elementor-element-981751b elementor-widget elementor-widget-heading\" data-id=\"981751b\" data-element_type=\"widget\" data-widget_type=\"heading.default\">\n\t\t\t\t\t<h1 class=\"elementor-heading-title elementor-size-default\"><a href=\"https:\/\/rj-experience.com\/?page_id=1148\"> Qu'est ce que c'est qu'un dinosaures<\/a><\/h1>\t\t\t\t<\/div>\n\t\t\t\t<div class=\"elementor-element elementor-element-75b01aa elementor-widget__width-initial elementor-widget elementor-widget-heading\" data-id=\"75b01aa\" data-element_type=\"widget\" data-widget_type=\"heading.default\">\n\t\t\t\t\t<h4 class=\"elementor-heading-title elementor-size-default\"><a href=\"https:\/\/rj-experience.com\/?page_id=59\">DINOSAURES CARNIVORES<\/a><\/h4>\t\t\t\t<\/div>\n\t\t\t\t<div class=\"elementor-element elementor-element-f76e609 elementor-widget elementor-widget-image\" data-id=\"f76e609\" data-element_type=\"widget\" data-widget_type=\"image.default\">\n\t\t\t\t\t\t\t\t\t\t\t\t\t\t\t\t<a href=\"https:\/\/rj-experience.com\/?page_id=53\">\n\t\t\t\t\t\t\t<img decoding=\"async\" width=\"640\" height=\"394\" src=\"https:\/\/rj-experience.com\/wp-content\/uploads\/2025\/07\/dinosaure-herbivore-064203.jpg\" class=\"attachment-large size-large wp-image-44\" alt=\"\" srcset=\"https:\/\/rj-experience.com\/wp-content\/uploads\/2025\/07\/dinosaure-herbivore-064203.jpg 650w, https:\/\/rj-experience.com\/wp-content\/uploads\/2025\/07\/dinosaure-herbivore-064203-300x185.jpg 300w\" sizes=\"(max-width: 640px) 100vw, 640px\" \/>\t\t\t\t\t\t\t\t<\/a>\n\t\t\t\t\t\t\t\t\t\t\t\t\t\t\t<\/div>\n\t\t\t\t<div class=\"elementor-element elementor-element-34016e3 elementor-widget elementor-widget-image\" data-id=\"34016e3\" data-element_type=\"widget\" data-widget_type=\"image.default\">\n\t\t\t\t\t\t\t\t\t\t\t\t\t\t\t\t<a href=\"https:\/\/rj-experience.com\/?page_id=451\">\n\t\t\t\t\t\t\t<img loading=\"lazy\" decoding=\"async\" width=\"640\" height=\"360\" src=\"https:\/\/rj-experience.com\/wp-content\/uploads\/2025\/07\/shutterstock-2028298673-1024x576.jpg\" class=\"attachment-large size-large wp-image-439\" alt=\"\" srcset=\"https:\/\/rj-experience.com\/wp-content\/uploads\/2025\/07\/shutterstock-2028298673-1024x576.jpg 1024w, https:\/\/rj-experience.com\/wp-content\/uploads\/2025\/07\/shutterstock-2028298673-300x169.jpg 300w, https:\/\/rj-experience.com\/wp-content\/uploads\/2025\/07\/shutterstock-2028298673-768x432.jpg 768w, https:\/\/rj-experience.com\/wp-content\/uploads\/2025\/07\/shutterstock-2028298673-1536x864.jpg 1536w, https:\/\/rj-experience.com\/wp-content\/uploads\/2025\/07\/shutterstock-2028298673.jpg 1600w\" sizes=\"(max-width: 640px) 100vw, 640px\" \/>\t\t\t\t\t\t\t\t<\/a>\n\t\t\t\t\t\t\t\t\t\t\t\t\t\t\t<\/div>\n\t\t\t\t<div class=\"elementor-element elementor-element-7881537 elementor-widget elementor-widget-heading\" data-id=\"7881537\" data-element_type=\"widget\" data-widget_type=\"heading.default\">\n\t\t\t\t\t<h4 class=\"elementor-heading-title elementor-size-default\"><a href=\"https:\/\/rj-experience.com\/?page_id=53\">DINOSAURES SAUROPODES (herbivores \u00e0 long cou)<\/a><\/h4>\t\t\t\t<\/div>\n\t\t\t\t<div class=\"elementor-element elementor-element-ab2924d elementor-widget elementor-widget-heading\" data-id=\"ab2924d\" data-element_type=\"widget\" data-widget_type=\"heading.default\">\n\t\t\t\t\t<h4 class=\"elementor-heading-title elementor-size-default\"><a href=\"https:\/\/rj-experience.com\/?page_id=451\">DINOSAURES ORNITHOPODES (herbivores bip\u00e8de ou quadrup\u00e8des)<\/a><\/h4>\t\t\t\t<\/div>\n\t\t\t\t<div class=\"elementor-element elementor-element-b95d0d7 elementor-widget elementor-widget-image\" data-id=\"b95d0d7\" data-element_type=\"widget\" data-widget_type=\"image.default\">\n\t\t\t\t\t\t\t\t\t\t\t\t\t\t\t\t<a href=\"https:\/\/rj-experience.com\/?page_id=483\">\n\t\t\t\t\t\t\t<img loading=\"lazy\" decoding=\"async\" width=\"640\" height=\"426\" src=\"https:\/\/rj-experience.com\/wp-content\/uploads\/2025\/07\/Ceratopsidae-Family6.webp\" class=\"attachment-large size-large wp-image-441\" alt=\"\" srcset=\"https:\/\/rj-experience.com\/wp-content\/uploads\/2025\/07\/Ceratopsidae-Family6.webp 800w, https:\/\/rj-experience.com\/wp-content\/uploads\/2025\/07\/Ceratopsidae-Family6-300x200.webp 300w, https:\/\/rj-experience.com\/wp-content\/uploads\/2025\/07\/Ceratopsidae-Family6-768x512.webp 768w\" sizes=\"(max-width: 640px) 100vw, 640px\" \/>\t\t\t\t\t\t\t\t<\/a>\n\t\t\t\t\t\t\t\t\t\t\t\t\t\t\t<\/div>\n\t\t\t\t<div class=\"elementor-element elementor-element-7ace70a elementor-widget elementor-widget-image\" data-id=\"7ace70a\" data-element_type=\"widget\" data-widget_type=\"image.default\">\n\t\t\t\t\t\t\t\t\t\t\t\t\t\t\t\t<a href=\"https:\/\/rj-experience.com\/?page_id=665\">\n\t\t\t\t\t\t\t<img loading=\"lazy\" decoding=\"async\" width=\"640\" height=\"362\" src=\"https:\/\/rj-experience.com\/wp-content\/uploads\/2025\/07\/d6e9eb6816_58291_ankylosaure-alina-zienowicz-wiki-cc-30jpg-1024x579.jpg\" class=\"attachment-large size-large wp-image-659\" alt=\"\" srcset=\"https:\/\/rj-experience.com\/wp-content\/uploads\/2025\/07\/d6e9eb6816_58291_ankylosaure-alina-zienowicz-wiki-cc-30jpg-1024x579.jpg 1024w, https:\/\/rj-experience.com\/wp-content\/uploads\/2025\/07\/d6e9eb6816_58291_ankylosaure-alina-zienowicz-wiki-cc-30jpg-300x170.jpg 300w, https:\/\/rj-experience.com\/wp-content\/uploads\/2025\/07\/d6e9eb6816_58291_ankylosaure-alina-zienowicz-wiki-cc-30jpg-768x434.jpg 768w, https:\/\/rj-experience.com\/wp-content\/uploads\/2025\/07\/d6e9eb6816_58291_ankylosaure-alina-zienowicz-wiki-cc-30jpg.jpg 1280w\" sizes=\"(max-width: 640px) 100vw, 640px\" \/>\t\t\t\t\t\t\t\t<\/a>\n\t\t\t\t\t\t\t\t\t\t\t\t\t\t\t<\/div>\n\t\t\t\t<div class=\"elementor-element elementor-element-dd59729 elementor-widget elementor-widget-heading\" data-id=\"dd59729\" data-element_type=\"widget\" data-widget_type=\"heading.default\">\n\t\t\t\t\t<h4 class=\"elementor-heading-title elementor-size-default\"><a href=\"https:\/\/rj-experience.com\/?page_id=483\">DINOSAURES CERATOPSIENS (herbivores \u00e0 collerettes et cornes)<\/a><\/h4>\t\t\t\t<\/div>\n\t\t\t\t<div class=\"elementor-element elementor-element-4e71489 elementor-widget elementor-widget-heading\" data-id=\"4e71489\" data-element_type=\"widget\" data-widget_type=\"heading.default\">\n\t\t\t\t\t<h3 class=\"elementor-heading-title elementor-size-default\"><a href=\"https:\/\/rj-experience.com\/?page_id=665\">DINOSAURES ANKYLOSAURIENS (herbivores cuirass\u00e9s)<\/a><\/h3>\t\t\t\t<\/div>\n\t\t\t\t<div class=\"elementor-element elementor-element-7e9702f elementor-widget elementor-widget-image\" data-id=\"7e9702f\" data-element_type=\"widget\" data-widget_type=\"image.default\">\n\t\t\t\t\t\t\t\t\t\t\t\t\t\t\t\t<a href=\"https:\/\/rj-experience.com\/?page_id=670\">\n\t\t\t\t\t\t\t<img loading=\"lazy\" decoding=\"async\" width=\"640\" height=\"466\" src=\"https:\/\/rj-experience.com\/wp-content\/uploads\/2025\/07\/Stegosaurus_BW.jpg\" class=\"attachment-large size-large wp-image-661\" alt=\"\" srcset=\"https:\/\/rj-experience.com\/wp-content\/uploads\/2025\/07\/Stegosaurus_BW.jpg 800w, https:\/\/rj-experience.com\/wp-content\/uploads\/2025\/07\/Stegosaurus_BW-300x219.jpg 300w, https:\/\/rj-experience.com\/wp-content\/uploads\/2025\/07\/Stegosaurus_BW-768x560.jpg 768w\" sizes=\"(max-width: 640px) 100vw, 640px\" \/>\t\t\t\t\t\t\t\t<\/a>\n\t\t\t\t\t\t\t\t\t\t\t\t\t\t\t<\/div>\n\t\t\t\t<div class=\"elementor-element elementor-element-9711897 elementor-widget elementor-widget-heading\" data-id=\"9711897\" data-element_type=\"widget\" data-widget_type=\"heading.default\">\n\t\t\t\t\t<h3 class=\"elementor-heading-title elementor-size-default\"><a href=\"https:\/\/rj-experience.com\/?page_id=670\">DINOSAURES STEGOSAURIENS (herbivores avec plaques dorsales)<\/a><\/h3>\t\t\t\t<\/div>\n\t\t<div class=\"elementor-element elementor-element-48e1c2f e-con-full e-flex e-con e-child\" data-id=\"48e1c2f\" data-element_type=\"container\">\n\t\t\t\t<\/div>\n\t\t\t\t\t<\/div>\n\t\t\t\t<\/div>\n\t\t\t\t<\/div>\n\t\t","protected":false},"excerpt":{"rendered":"<p>Qu&#8217;est ce que c&#8217;est qu&#8217;un dinosaures DINOSAURES CARNIVORES DINOSAURES SAUROPODES (herbivores \u00e0 long cou) DINOSAURES ORNITHOPODES (herbivores bip\u00e8de ou quadrup\u00e8des) DINOSAURES CERATOPSIENS (herbivores \u00e0 collerettes et cornes) DINOSAURES ANKYLOSAURIENS (herbivores cuirass\u00e9s) DINOSAURES STEGOSAURIENS (herbivores avec plaques dorsales)<\/p>\n","protected":false},"author":1,"featured_media":0,"parent":0,"menu_order":0,"comment_status":"closed","ping_status":"closed","template":"","meta":{"footnotes":""},"class_list":["post-29","page","type-page","status-publish","hentry"],"yoast_head":"<!-- This site is optimized with the Yoast SEO plugin v26.2 - https:\/\/yoast.com\/wordpress\/plugins\/seo\/ -->\n<title>Les Dinosaures - RJ Exp\u00e9rience<\/title>\n<meta name=\"robots\" content=\"index, follow, max-snippet:-1, max-image-preview:large, max-video-preview:-1\" \/>\n<link rel=\"canonical\" href=\"https:\/\/rj-experience.com\/index.php\/dinosaures\/\" \/>\n<meta property=\"og:locale\" content=\"en_US\" \/>\n<meta property=\"og:type\" content=\"article\" \/>\n<meta property=\"og:title\" content=\"Les Dinosaures - RJ Exp\u00e9rience\" \/>\n<meta property=\"og:description\" content=\"Qu&#8217;est ce que c&#8217;est qu&#8217;un dinosaures DINOSAURES CARNIVORES DINOSAURES SAUROPODES (herbivores \u00e0 long cou) DINOSAURES ORNITHOPODES (herbivores bip\u00e8de ou quadrup\u00e8des) DINOSAURES CERATOPSIENS (herbivores \u00e0 collerettes et cornes) DINOSAURES ANKYLOSAURIENS (herbivores cuirass\u00e9s) DINOSAURES STEGOSAURIENS (herbivores avec plaques dorsales)\" \/>\n<meta property=\"og:url\" content=\"https:\/\/rj-experience.com\/index.php\/dinosaures\/\" \/>\n<meta property=\"og:site_name\" content=\"RJ Exp\u00e9rience\" \/>\n<meta property=\"article:modified_time\" content=\"2026-01-01T15:05:55+00:00\" \/>\n<meta property=\"og:image\" content=\"https:\/\/rj-experience.com\/wp-content\/uploads\/2025\/10\/3a_fallen_kingdom.jpg_5ntosy1.jpg\" \/>\n\t<meta property=\"og:image:width\" content=\"1600\" \/>\n\t<meta property=\"og:image:height\" content=\"1200\" \/>\n\t<meta property=\"og:image:type\" content=\"image\/jpeg\" \/>\n<meta name=\"twitter:card\" content=\"summary_large_image\" \/>\n<meta name=\"twitter:label1\" content=\"Est. reading time\" \/>\n\t<meta name=\"twitter:data1\" content=\"2 minutes\" \/>\n<script type=\"application\/ld+json\" class=\"yoast-schema-graph\">{\"@context\":\"https:\/\/schema.org\",\"@graph\":[{\"@type\":\"WebPage\",\"@id\":\"https:\/\/rj-experience.com\/index.php\/dinosaures\/\",\"url\":\"https:\/\/rj-experience.com\/index.php\/dinosaures\/\",\"name\":\"Les Dinosaures - RJ Exp\u00e9rience\",\"isPartOf\":{\"@id\":\"https:\/\/rj-experience.com\/#website\"},\"primaryImageOfPage\":{\"@id\":\"https:\/\/rj-experience.com\/index.php\/dinosaures\/#primaryimage\"},\"image\":{\"@id\":\"https:\/\/rj-experience.com\/index.php\/dinosaures\/#primaryimage\"},\"thumbnailUrl\":\"https:\/\/rj-experience.com\/wp-content\/uploads\/2025\/10\/3a_fallen_kingdom.jpg_5ntosy1-1024x768.jpg\",\"datePublished\":\"2025-07-20T15:07:46+00:00\",\"dateModified\":\"2026-01-01T15:05:55+00:00\",\"breadcrumb\":{\"@id\":\"https:\/\/rj-experience.com\/index.php\/dinosaures\/#breadcrumb\"},\"inLanguage\":\"en-US\",\"potentialAction\":[{\"@type\":\"ReadAction\",\"target\":[\"https:\/\/rj-experience.com\/index.php\/dinosaures\/\"]}]},{\"@type\":\"ImageObject\",\"inLanguage\":\"en-US\",\"@id\":\"https:\/\/rj-experience.com\/index.php\/dinosaures\/#primaryimage\",\"url\":\"https:\/\/rj-experience.com\/wp-content\/uploads\/2025\/10\/3a_fallen_kingdom.jpg_5ntosy1.jpg\",\"contentUrl\":\"https:\/\/rj-experience.com\/wp-content\/uploads\/2025\/10\/3a_fallen_kingdom.jpg_5ntosy1.jpg\",\"width\":1600,\"height\":1200},{\"@type\":\"BreadcrumbList\",\"@id\":\"https:\/\/rj-experience.com\/index.php\/dinosaures\/#breadcrumb\",\"itemListElement\":[{\"@type\":\"ListItem\",\"position\":1,\"name\":\"Home\",\"item\":\"https:\/\/rj-experience.com\/\"},{\"@type\":\"ListItem\",\"position\":2,\"name\":\"Les Dinosaures\"}]},{\"@type\":\"WebSite\",\"@id\":\"https:\/\/rj-experience.com\/#website\",\"url\":\"https:\/\/rj-experience.com\/\",\"name\":\"RJ Exp\u00e9rience\",\"description\":\"\",\"publisher\":{\"@id\":\"https:\/\/rj-experience.com\/#organization\"},\"potentialAction\":[{\"@type\":\"SearchAction\",\"target\":{\"@type\":\"EntryPoint\",\"urlTemplate\":\"https:\/\/rj-experience.com\/?s={search_term_string}\"},\"query-input\":{\"@type\":\"PropertyValueSpecification\",\"valueRequired\":true,\"valueName\":\"search_term_string\"}}],\"inLanguage\":\"en-US\"},{\"@type\":\"Organization\",\"@id\":\"https:\/\/rj-experience.com\/#organization\",\"name\":\"RJ Exp\u00e9rience\",\"url\":\"https:\/\/rj-experience.com\/\",\"logo\":{\"@type\":\"ImageObject\",\"inLanguage\":\"en-US\",\"@id\":\"https:\/\/rj-experience.com\/#\/schema\/logo\/image\/\",\"url\":\"https:\/\/rj-experience.com\/wp-content\/uploads\/2025\/10\/cropped-ChatGPT-Image-28-oct.-2025-18_28_26.png\",\"contentUrl\":\"https:\/\/rj-experience.com\/wp-content\/uploads\/2025\/10\/cropped-ChatGPT-Image-28-oct.-2025-18_28_26.png\",\"width\":512,\"height\":512,\"caption\":\"RJ Exp\u00e9rience\"},\"image\":{\"@id\":\"https:\/\/rj-experience.com\/#\/schema\/logo\/image\/\"}}]}<\/script>\n<!-- \/ Yoast SEO plugin. -->","yoast_head_json":{"title":"Les Dinosaures - RJ Exp\u00e9rience","robots":{"index":"index","follow":"follow","max-snippet":"max-snippet:-1","max-image-preview":"max-image-preview:large","max-video-preview":"max-video-preview:-1"},"canonical":"https:\/\/rj-experience.com\/index.php\/dinosaures\/","og_locale":"en_US","og_type":"article","og_title":"Les Dinosaures - RJ Exp\u00e9rience","og_description":"Qu&#8217;est ce que c&#8217;est qu&#8217;un dinosaures DINOSAURES CARNIVORES DINOSAURES SAUROPODES (herbivores \u00e0 long cou) DINOSAURES ORNITHOPODES (herbivores bip\u00e8de ou quadrup\u00e8des) DINOSAURES CERATOPSIENS (herbivores \u00e0 collerettes et cornes) DINOSAURES ANKYLOSAURIENS (herbivores cuirass\u00e9s) DINOSAURES STEGOSAURIENS (herbivores avec plaques dorsales)","og_url":"https:\/\/rj-experience.com\/index.php\/dinosaures\/","og_site_name":"RJ Exp\u00e9rience","article_modified_time":"2026-01-01T15:05:55+00:00","og_image":[{"width":1600,"height":1200,"url":"https:\/\/rj-experience.com\/wp-content\/uploads\/2025\/10\/3a_fallen_kingdom.jpg_5ntosy1.jpg","type":"image\/jpeg"}],"twitter_card":"summary_large_image","twitter_misc":{"Est. reading time":"2 minutes"},"schema":{"@context":"https:\/\/schema.org","@graph":[{"@type":"WebPage","@id":"https:\/\/rj-experience.com\/index.php\/dinosaures\/","url":"https:\/\/rj-experience.com\/index.php\/dinosaures\/","name":"Les Dinosaures - RJ Exp\u00e9rience","isPartOf":{"@id":"https:\/\/rj-experience.com\/#website"},"primaryImageOfPage":{"@id":"https:\/\/rj-experience.com\/index.php\/dinosaures\/#primaryimage"},"image":{"@id":"https:\/\/rj-experience.com\/index.php\/dinosaures\/#primaryimage"},"thumbnailUrl":"https:\/\/rj-experience.com\/wp-content\/uploads\/2025\/10\/3a_fallen_kingdom.jpg_5ntosy1-1024x768.jpg","datePublished":"2025-07-20T15:07:46+00:00","dateModified":"2026-01-01T15:05:55+00:00","breadcrumb":{"@id":"https:\/\/rj-experience.com\/index.php\/dinosaures\/#breadcrumb"},"inLanguage":"en-US","potentialAction":[{"@type":"ReadAction","target":["https:\/\/rj-experience.com\/index.php\/dinosaures\/"]}]},{"@type":"ImageObject","inLanguage":"en-US","@id":"https:\/\/rj-experience.com\/index.php\/dinosaures\/#primaryimage","url":"https:\/\/rj-experience.com\/wp-content\/uploads\/2025\/10\/3a_fallen_kingdom.jpg_5ntosy1.jpg","contentUrl":"https:\/\/rj-experience.com\/wp-content\/uploads\/2025\/10\/3a_fallen_kingdom.jpg_5ntosy1.jpg","width":1600,"height":1200},{"@type":"BreadcrumbList","@id":"https:\/\/rj-experience.com\/index.php\/dinosaures\/#breadcrumb","itemListElement":[{"@type":"ListItem","position":1,"name":"Home","item":"https:\/\/rj-experience.com\/"},{"@type":"ListItem","position":2,"name":"Les Dinosaures"}]},{"@type":"WebSite","@id":"https:\/\/rj-experience.com\/#website","url":"https:\/\/rj-experience.com\/","name":"RJ Exp\u00e9rience","description":"","publisher":{"@id":"https:\/\/rj-experience.com\/#organization"},"potentialAction":[{"@type":"SearchAction","target":{"@type":"EntryPoint","urlTemplate":"https:\/\/rj-experience.com\/?s={search_term_string}"},"query-input":{"@type":"PropertyValueSpecification","valueRequired":true,"valueName":"search_term_string"}}],"inLanguage":"en-US"},{"@type":"Organization","@id":"https:\/\/rj-experience.com\/#organization","name":"RJ Exp\u00e9rience","url":"https:\/\/rj-experience.com\/","logo":{"@type":"ImageObject","inLanguage":"en-US","@id":"https:\/\/rj-experience.com\/#\/schema\/logo\/image\/","url":"https:\/\/rj-experience.com\/wp-content\/uploads\/2025\/10\/cropped-ChatGPT-Image-28-oct.-2025-18_28_26.png","contentUrl":"https:\/\/rj-experience.com\/wp-content\/uploads\/2025\/10\/cropped-ChatGPT-Image-28-oct.-2025-18_28_26.png","width":512,"height":512,"caption":"RJ Exp\u00e9rience"},"image":{"@id":"https:\/\/rj-experience.com\/#\/schema\/logo\/image\/"}}]}},"_links":{"self":[{"href":"https:\/\/rj-experience.com\/index.php\/wp-json\/wp\/v2\/pages\/29","targetHints":{"allow":["GET"]}}],"collection":[{"href":"https:\/\/rj-experience.com\/index.php\/wp-json\/wp\/v2\/pages"}],"about":[{"href":"https:\/\/rj-experience.com\/index.php\/wp-json\/wp\/v2\/types\/page"}],"author":[{"embeddable":true,"href":"https:\/\/rj-experience.com\/index.php\/wp-json\/wp\/v2\/users\/1"}],"replies":[{"embeddable":true,"href":"https:\/\/rj-experience.com\/index.php\/wp-json\/wp\/v2\/comments?post=29"}],"version-history":[{"count":10,"href":"https:\/\/rj-experience.com\/index.php\/wp-json\/wp\/v2\/pages\/29\/revisions"}],"predecessor-version":[{"id":1729,"href":"https:\/\/rj-experience.com\/index.php\/wp-json\/wp\/v2\/pages\/29\/revisions\/1729"}],"wp:attachment":[{"href":"https:\/\/rj-experience.com\/index.php\/wp-json\/wp\/v2\/media?parent=29"}],"curies":[{"name":"wp","href":"https:\/\/api.w.org\/{rel}","templated":true}]}}