{"id":284,"date":"2025-07-21T17:21:00","date_gmt":"2025-07-21T17:21:00","guid":{"rendered":"http:\/\/rj-experience.com\/?page_id=284"},"modified":"2025-07-25T11:25:50","modified_gmt":"2025-07-25T11:25:50","slug":"utahraptor","status":"publish","type":"page","link":"https:\/\/rj-experience.com\/index.php\/utahraptor\/","title":{"rendered":"Utahraptor"},"content":{"rendered":"\t\t<div data-elementor-type=\"wp-page\" data-elementor-id=\"284\" class=\"elementor elementor-284\">\n\t\t\t\t<div class=\"elementor-element elementor-element-1f82498 e-flex e-con-boxed e-con e-parent\" data-id=\"1f82498\" data-element_type=\"container\">\n\t\t\t\t\t<div class=\"e-con-inner\">\n\t\t\t\t<div class=\"elementor-element elementor-element-1ceea35 elementor-widget elementor-widget-text-editor\" data-id=\"1ceea35\" data-element_type=\"widget\" data-widget_type=\"text-editor.default\">\n\t\t\t\t\t\t\t\t\t<h2>\u00a0 \u00a0 \u00a0 \u00a0 \u00a0 \u00a0 \u00a0 \u00a0 \u00a0 \u00a0 \u00a0 \u00a0 \u00a0 \u00a0 Utahraptor<\/h2><p><br \/>1.Qui a d\u00e9couvert l&#8217;Utahraptor?<\/p><p>Il a \u00e9t\u00e9 d\u00e9couvert par le pal\u00e9ontologue am\u00e9ricain <strong data-start=\"209\" data-end=\"227\">James Kirkland<\/strong>, accompagn\u00e9 de ses coll\u00e8gues <strong data-start=\"257\" data-end=\"274\">Robert Gaston<\/strong> et <strong data-start=\"278\" data-end=\"294\">Donald Burge<\/strong>.<\/p><p>2.Ou \u00e0 t\u2019il trouver le fossile de ce reptile?<\/p><p data-start=\"359\" data-end=\"470\">Le fossile a \u00e9t\u00e9 trouv\u00e9 dans l\u2019\u00c9tat de <strong data-start=\"398\" data-end=\"408\">l\u2019Utah<\/strong>, aux <strong data-start=\"414\" data-end=\"428\">\u00c9tats-Unis<\/strong>, dans la formation de <strong data-start=\"451\" data-end=\"469\">Cedar Mountain<\/strong>.<\/p><p>3.Quand il a trouve le premier os de ce reptile?<\/p><p>Le premier fossile a \u00e9t\u00e9 d\u00e9couvert en <strong data-start=\"578\" data-end=\"586\">1991<\/strong>.<\/p><p>4.Il est carnivore ou herbivore?<\/p><p data-start=\"639\" data-end=\"735\">L\u2019Utahraptor \u00e9tait <strong data-start=\"658\" data-end=\"671\">carnivore<\/strong>. Il utilisait ses griffes et ses dents pour chasser ses proies.<\/p><p>5.Combien fait sa taille?<\/p><p data-start=\"780\" data-end=\"879\">Il mesurait environ <strong data-start=\"800\" data-end=\"824\">6 \u00e0 7 m\u00e8tres de long<\/strong> et jusqu\u2019\u00e0 <strong data-start=\"836\" data-end=\"878\">2 m\u00e8tres de haut au niveau des hanches<\/strong>.<\/p><p>6.Combien p\u00e8se-t-il ?\u00a0<\/p><p>Son poids est estim\u00e9 entre <strong data-start=\"951\" data-end=\"969\">500 et 1000 kg<\/strong>, selon les sp\u00e9cimens.<\/p><p>7.L\u2019Utahraptor vient du cr\u00e9tac\u00e9, du tria ou du jurassique ?<\/p><p>Il vivait au <strong data-start=\"1083\" data-end=\"1104\">Cr\u00e9tac\u00e9 inf\u00e9rieur<\/strong>, il y a environ <strong data-start=\"1121\" data-end=\"1146\">125 millions d\u2019ann\u00e9es<\/strong>.<\/p><p>8.De quelle famille appartient l\u2019Utahraptor ?<\/p><p data-start=\"1211\" data-end=\"1303\">Il appartient \u00e0 la famille des <strong data-start=\"1242\" data-end=\"1279\">Dromaeosaurid\u00e9s (Dromaeosauridae)<\/strong>, comme le Velociraptor.<\/p><p>9.Combien \u00e0 v\u00e9cu l\u2019Utahraptor ?<\/p><p data-start=\"1353\" data-end=\"1451\">Il aurait pu vivre environ <strong data-start=\"1380\" data-end=\"1395\">15 \u00e0 20 ans<\/strong>, selon les estimations pour les grands dromaeosaurid\u00e9s.<\/p><p>10.Combien fait la taille de ces dents ?<\/p><p>Les dents de l\u2019Utahraptor mesuraient <strong data-start=\"1547\" data-end=\"1569\">5 \u00e0 10 centim\u00e8tres<\/strong>, avec des bords tranchants et courb\u00e9s.<\/p><p>11.Quel est sont nom scientifique ?<\/p><p data-start=\"1661\" data-end=\"1716\">Son nom scientifique est <strong data-start=\"1686\" data-end=\"1715\">Utahraptor ostrommaysorum<\/strong>.<\/p><p>12.Combien p\u00e8se son cerveau?<\/p><p>Son cerveau est estim\u00e9 \u00e0 environ <strong data-start=\"1797\" data-end=\"1817\">80 \u00e0 100 grammes<\/strong>, ce qui est assez d\u00e9velopp\u00e9 pour un dinosaure carnivore.<\/p><p>13.Il vit seul ou en troupeau?<\/p><p>Des d\u00e9couvertes r\u00e9centes sugg\u00e8rent qu\u2019il <strong data-start=\"1965\" data-end=\"2003\">pouvait vivre et chasser en groupe<\/strong>, bien que cela ne soit pas encore certain \u00e0 100 %.<\/p><p>14.Qui est son premier os qui a \u00e9t\u00e9 trouv\u00e9?<\/p><p>Le premier os trouv\u00e9 \u00e9tait <strong data-start=\"2145\" data-end=\"2177\">une grande griffe fossilis\u00e9e<\/strong>, probablement celle de son pied.<\/p><p>15.Quand il le nomme ?<\/p><p data-start=\"2254\" data-end=\"2343\">L\u2019esp\u00e8ce a \u00e9t\u00e9 nomm\u00e9e officiellement en <strong data-start=\"2294\" data-end=\"2302\">1993<\/strong> par <strong data-start=\"2307\" data-end=\"2325\">James Kirkland<\/strong> et ses coll\u00e8gues.<\/p><p>16.Combien il a de dents?<\/p><p>Il poss\u00e9dait environ <strong data-start=\"2409\" data-end=\"2426\">60 \u00e0 70 dents<\/strong>, r\u00e9parties dans les deux m\u00e2choires.<\/p><p>17.Quels sont les autres dinosaures qui vivaient \u00e0 cette \u00e9poque?<\/p><p data-start=\"2546\" data-end=\"2575\">\u00c0 la m\u00eame \u00e9poque vivaient :<\/p><ul data-start=\"2576\" data-end=\"2811\"><li data-start=\"2576\" data-end=\"2612\"><p data-start=\"2578\" data-end=\"2612\"><strong data-start=\"2578\" data-end=\"2591\">Iguanodon<\/strong> (herbivore bip\u00e8de)<\/p><\/li><li data-start=\"2613\" data-end=\"2658\"><p data-start=\"2615\" data-end=\"2658\"><strong data-start=\"2615\" data-end=\"2630\">Deinonychus<\/strong> (un autre dromaeosaurid\u00e9)<\/p><\/li><li data-start=\"2659\" data-end=\"2709\"><p data-start=\"2661\" data-end=\"2709\"><strong data-start=\"2661\" data-end=\"2677\">Nothronychus<\/strong> (herbivore \u00e0 longues griffes)<\/p><\/li><li data-start=\"2710\" data-end=\"2743\"><p data-start=\"2712\" data-end=\"2743\"><strong data-start=\"2712\" data-end=\"2729\">Tenontosaurus<\/strong> (herbivore)<\/p><\/li><li data-start=\"2744\" data-end=\"2811\"><p data-start=\"2746\" data-end=\"2811\"><strong data-start=\"2746\" data-end=\"2766\">Acrocanthosaurus<\/strong> (carnivore g\u00e9ant concurrent de l\u2019Utahraptor)<\/p><\/li><\/ul>\t\t\t\t\t\t\t\t<\/div>\n\t\t\t\t\t<\/div>\n\t\t\t\t<\/div>\n\t\t\t\t<\/div>\n\t\t","protected":false},"excerpt":{"rendered":"<p>\u00a0 \u00a0 \u00a0 \u00a0 \u00a0 \u00a0 \u00a0 \u00a0 \u00a0 \u00a0 \u00a0 \u00a0 \u00a0 \u00a0 Utahraptor 1.Qui a d\u00e9couvert l&#8217;Utahraptor? Il a \u00e9t\u00e9 d\u00e9couvert par le pal\u00e9ontologue am\u00e9ricain James Kirkland, accompagn\u00e9 de ses coll\u00e8gues Robert Gaston et Donald Burge. 2.Ou \u00e0 t\u2019il trouver le fossile de ce reptile? Le fossile a \u00e9t\u00e9 trouv\u00e9 dans l\u2019\u00c9tat de [&hellip;]<\/p>\n","protected":false},"author":1,"featured_media":0,"parent":0,"menu_order":0,"comment_status":"closed","ping_status":"closed","template":"","meta":{"footnotes":""},"class_list":["post-284","page","type-page","status-publish","hentry"],"yoast_head":"<!-- This site is optimized with the Yoast SEO plugin v26.2 - https:\/\/yoast.com\/wordpress\/plugins\/seo\/ -->\n<title>Utahraptor - RJ Exp\u00e9rience<\/title>\n<meta name=\"robots\" content=\"index, follow, max-snippet:-1, max-image-preview:large, max-video-preview:-1\" \/>\n<link rel=\"canonical\" href=\"https:\/\/rj-experience.com\/index.php\/utahraptor\/\" \/>\n<meta property=\"og:locale\" content=\"en_US\" \/>\n<meta property=\"og:type\" content=\"article\" \/>\n<meta property=\"og:title\" content=\"Utahraptor - RJ Exp\u00e9rience\" \/>\n<meta property=\"og:description\" content=\"\u00a0 \u00a0 \u00a0 \u00a0 \u00a0 \u00a0 \u00a0 \u00a0 \u00a0 \u00a0 \u00a0 \u00a0 \u00a0 \u00a0 Utahraptor 1.Qui a d\u00e9couvert l&#8217;Utahraptor? Il a \u00e9t\u00e9 d\u00e9couvert par le pal\u00e9ontologue am\u00e9ricain James Kirkland, accompagn\u00e9 de ses coll\u00e8gues Robert Gaston et Donald Burge. 2.Ou \u00e0 t\u2019il trouver le fossile de ce reptile? Le fossile a \u00e9t\u00e9 trouv\u00e9 dans l\u2019\u00c9tat de [&hellip;]\" \/>\n<meta property=\"og:url\" content=\"https:\/\/rj-experience.com\/index.php\/utahraptor\/\" \/>\n<meta property=\"og:site_name\" content=\"RJ Exp\u00e9rience\" \/>\n<meta property=\"article:modified_time\" content=\"2025-07-25T11:25:50+00:00\" \/>\n<meta name=\"twitter:card\" content=\"summary_large_image\" \/>\n<meta name=\"twitter:label1\" content=\"Est. reading time\" \/>\n\t<meta name=\"twitter:data1\" content=\"2 minutes\" \/>\n<script type=\"application\/ld+json\" class=\"yoast-schema-graph\">{\"@context\":\"https:\/\/schema.org\",\"@graph\":[{\"@type\":\"WebPage\",\"@id\":\"https:\/\/rj-experience.com\/index.php\/utahraptor\/\",\"url\":\"https:\/\/rj-experience.com\/index.php\/utahraptor\/\",\"name\":\"Utahraptor - RJ Exp\u00e9rience\",\"isPartOf\":{\"@id\":\"https:\/\/rj-experience.com\/#website\"},\"datePublished\":\"2025-07-21T17:21:00+00:00\",\"dateModified\":\"2025-07-25T11:25:50+00:00\",\"breadcrumb\":{\"@id\":\"https:\/\/rj-experience.com\/index.php\/utahraptor\/#breadcrumb\"},\"inLanguage\":\"en-US\",\"potentialAction\":[{\"@type\":\"ReadAction\",\"target\":[\"https:\/\/rj-experience.com\/index.php\/utahraptor\/\"]}]},{\"@type\":\"BreadcrumbList\",\"@id\":\"https:\/\/rj-experience.com\/index.php\/utahraptor\/#breadcrumb\",\"itemListElement\":[{\"@type\":\"ListItem\",\"position\":1,\"name\":\"Home\",\"item\":\"https:\/\/rj-experience.com\/\"},{\"@type\":\"ListItem\",\"position\":2,\"name\":\"Utahraptor\"}]},{\"@type\":\"WebSite\",\"@id\":\"https:\/\/rj-experience.com\/#website\",\"url\":\"https:\/\/rj-experience.com\/\",\"name\":\"RJ Exp\u00e9rience\",\"description\":\"\",\"publisher\":{\"@id\":\"https:\/\/rj-experience.com\/#organization\"},\"potentialAction\":[{\"@type\":\"SearchAction\",\"target\":{\"@type\":\"EntryPoint\",\"urlTemplate\":\"https:\/\/rj-experience.com\/?s={search_term_string}\"},\"query-input\":{\"@type\":\"PropertyValueSpecification\",\"valueRequired\":true,\"valueName\":\"search_term_string\"}}],\"inLanguage\":\"en-US\"},{\"@type\":\"Organization\",\"@id\":\"https:\/\/rj-experience.com\/#organization\",\"name\":\"RJ Exp\u00e9rience\",\"url\":\"https:\/\/rj-experience.com\/\",\"logo\":{\"@type\":\"ImageObject\",\"inLanguage\":\"en-US\",\"@id\":\"https:\/\/rj-experience.com\/#\/schema\/logo\/image\/\",\"url\":\"https:\/\/rj-experience.com\/wp-content\/uploads\/2025\/10\/cropped-ChatGPT-Image-28-oct.-2025-18_28_26.png\",\"contentUrl\":\"https:\/\/rj-experience.com\/wp-content\/uploads\/2025\/10\/cropped-ChatGPT-Image-28-oct.-2025-18_28_26.png\",\"width\":512,\"height\":512,\"caption\":\"RJ Exp\u00e9rience\"},\"image\":{\"@id\":\"https:\/\/rj-experience.com\/#\/schema\/logo\/image\/\"}}]}<\/script>\n<!-- \/ Yoast SEO plugin. -->","yoast_head_json":{"title":"Utahraptor - RJ Exp\u00e9rience","robots":{"index":"index","follow":"follow","max-snippet":"max-snippet:-1","max-image-preview":"max-image-preview:large","max-video-preview":"max-video-preview:-1"},"canonical":"https:\/\/rj-experience.com\/index.php\/utahraptor\/","og_locale":"en_US","og_type":"article","og_title":"Utahraptor - RJ Exp\u00e9rience","og_description":"\u00a0 \u00a0 \u00a0 \u00a0 \u00a0 \u00a0 \u00a0 \u00a0 \u00a0 \u00a0 \u00a0 \u00a0 \u00a0 \u00a0 Utahraptor 1.Qui a d\u00e9couvert l&#8217;Utahraptor? Il a \u00e9t\u00e9 d\u00e9couvert par le pal\u00e9ontologue am\u00e9ricain James Kirkland, accompagn\u00e9 de ses coll\u00e8gues Robert Gaston et Donald Burge. 2.Ou \u00e0 t\u2019il trouver le fossile de ce reptile? Le fossile a \u00e9t\u00e9 trouv\u00e9 dans l\u2019\u00c9tat de [&hellip;]","og_url":"https:\/\/rj-experience.com\/index.php\/utahraptor\/","og_site_name":"RJ Exp\u00e9rience","article_modified_time":"2025-07-25T11:25:50+00:00","twitter_card":"summary_large_image","twitter_misc":{"Est. reading time":"2 minutes"},"schema":{"@context":"https:\/\/schema.org","@graph":[{"@type":"WebPage","@id":"https:\/\/rj-experience.com\/index.php\/utahraptor\/","url":"https:\/\/rj-experience.com\/index.php\/utahraptor\/","name":"Utahraptor - RJ Exp\u00e9rience","isPartOf":{"@id":"https:\/\/rj-experience.com\/#website"},"datePublished":"2025-07-21T17:21:00+00:00","dateModified":"2025-07-25T11:25:50+00:00","breadcrumb":{"@id":"https:\/\/rj-experience.com\/index.php\/utahraptor\/#breadcrumb"},"inLanguage":"en-US","potentialAction":[{"@type":"ReadAction","target":["https:\/\/rj-experience.com\/index.php\/utahraptor\/"]}]},{"@type":"BreadcrumbList","@id":"https:\/\/rj-experience.com\/index.php\/utahraptor\/#breadcrumb","itemListElement":[{"@type":"ListItem","position":1,"name":"Home","item":"https:\/\/rj-experience.com\/"},{"@type":"ListItem","position":2,"name":"Utahraptor"}]},{"@type":"WebSite","@id":"https:\/\/rj-experience.com\/#website","url":"https:\/\/rj-experience.com\/","name":"RJ Exp\u00e9rience","description":"","publisher":{"@id":"https:\/\/rj-experience.com\/#organization"},"potentialAction":[{"@type":"SearchAction","target":{"@type":"EntryPoint","urlTemplate":"https:\/\/rj-experience.com\/?s={search_term_string}"},"query-input":{"@type":"PropertyValueSpecification","valueRequired":true,"valueName":"search_term_string"}}],"inLanguage":"en-US"},{"@type":"Organization","@id":"https:\/\/rj-experience.com\/#organization","name":"RJ Exp\u00e9rience","url":"https:\/\/rj-experience.com\/","logo":{"@type":"ImageObject","inLanguage":"en-US","@id":"https:\/\/rj-experience.com\/#\/schema\/logo\/image\/","url":"https:\/\/rj-experience.com\/wp-content\/uploads\/2025\/10\/cropped-ChatGPT-Image-28-oct.-2025-18_28_26.png","contentUrl":"https:\/\/rj-experience.com\/wp-content\/uploads\/2025\/10\/cropped-ChatGPT-Image-28-oct.-2025-18_28_26.png","width":512,"height":512,"caption":"RJ Exp\u00e9rience"},"image":{"@id":"https:\/\/rj-experience.com\/#\/schema\/logo\/image\/"}}]}},"_links":{"self":[{"href":"https:\/\/rj-experience.com\/index.php\/wp-json\/wp\/v2\/pages\/284","targetHints":{"allow":["GET"]}}],"collection":[{"href":"https:\/\/rj-experience.com\/index.php\/wp-json\/wp\/v2\/pages"}],"about":[{"href":"https:\/\/rj-experience.com\/index.php\/wp-json\/wp\/v2\/types\/page"}],"author":[{"embeddable":true,"href":"https:\/\/rj-experience.com\/index.php\/wp-json\/wp\/v2\/users\/1"}],"replies":[{"embeddable":true,"href":"https:\/\/rj-experience.com\/index.php\/wp-json\/wp\/v2\/comments?post=284"}],"version-history":[{"count":4,"href":"https:\/\/rj-experience.com\/index.php\/wp-json\/wp\/v2\/pages\/284\/revisions"}],"predecessor-version":[{"id":943,"href":"https:\/\/rj-experience.com\/index.php\/wp-json\/wp\/v2\/pages\/284\/revisions\/943"}],"wp:attachment":[{"href":"https:\/\/rj-experience.com\/index.php\/wp-json\/wp\/v2\/media?parent=284"}],"curies":[{"name":"wp","href":"https:\/\/api.w.org\/{rel}","templated":true}]}}