{"id":277,"date":"2025-07-21T17:16:02","date_gmt":"2025-07-21T17:16:02","guid":{"rendered":"http:\/\/rj-experience.com\/?page_id=277"},"modified":"2025-07-25T10:48:37","modified_gmt":"2025-07-25T10:48:37","slug":"velociraptor","status":"publish","type":"page","link":"https:\/\/rj-experience.com\/index.php\/velociraptor\/","title":{"rendered":"Velociraptor"},"content":{"rendered":"\t\t<div data-elementor-type=\"wp-page\" data-elementor-id=\"277\" class=\"elementor elementor-277\">\n\t\t\t\t<div class=\"elementor-element elementor-element-34a0126 e-flex e-con-boxed e-con e-parent\" data-id=\"34a0126\" data-element_type=\"container\">\n\t\t\t\t\t<div class=\"e-con-inner\">\n\t\t\t\t<div class=\"elementor-element elementor-element-edb4421 elementor-widget elementor-widget-text-editor\" data-id=\"edb4421\" data-element_type=\"widget\" data-widget_type=\"text-editor.default\">\n\t\t\t\t\t\t\t\t\t<h2>\u00a0 \u00a0 \u00a0 \u00a0 \u00a0 \u00a0 \u00a0 \u00a0 \u00a0 \u00a0 \u00a0 \u00a0 \u00a0 \u00a0Velociraptor<\/h2><p>1.Qui a d\u00e9couvert le Velociraptor ?<\/p><p data-start=\"164\" data-end=\"245\">Le Velociraptor a \u00e9t\u00e9 d\u00e9couvert par <strong data-start=\"200\" data-end=\"216\">Peter Kaisen<\/strong>, un pal\u00e9ontologue am\u00e9ricain.<\/p><p>2.Ou \u00e0 t\u2019il trouver le fossile de ce reptile?<\/p><p>Le premier fossile a \u00e9t\u00e9 trouv\u00e9 en <strong data-start=\"344\" data-end=\"356\">Mongolie<\/strong>, dans le <strong data-start=\"366\" data-end=\"384\">d\u00e9sert de Gobi<\/strong>.<\/p><p>3.Quand il a trouve le premier os de ce reptile?<\/p><p data-start=\"455\" data-end=\"502\">Le premier fossile a \u00e9t\u00e9 d\u00e9couvert en <strong data-start=\"493\" data-end=\"501\">1923<\/strong>.<\/p><p>4.Il est carnivore ou herbivore?<\/p><p>Le Velociraptor \u00e9tait <strong data-start=\"576\" data-end=\"589\">carnivore<\/strong>. Il se nourrissait de petits animaux, de reptiles et d&#8217;autres dinosaures.<\/p><p>5.Combien fait sa taille?<\/p><p data-start=\"708\" data-end=\"798\">Il mesurait environ <strong data-start=\"728\" data-end=\"748\">2 m\u00e8tres de long<\/strong> et <strong data-start=\"752\" data-end=\"773\">0,5 m\u00e8tre de haut<\/strong> (au niveau des hanches).<\/p><p>6.Combien p\u00e8se son poids ?<\/p><p data-start=\"843\" data-end=\"898\">Le Velociraptor pesait environ <strong data-start=\"874\" data-end=\"897\">15 \u00e0 20 kilogrammes<\/strong>.<\/p><p>7.Le Velociraptor vient du cr\u00e9tac\u00e9, du tria ou du jurassique ?<\/p><p>Il vivait \u00e0 la <strong data-start=\"995\" data-end=\"1013\">fin du Cr\u00e9tac\u00e9<\/strong>, il y a environ <strong data-start=\"1030\" data-end=\"1059\">75 \u00e0 71 millions d\u2019ann\u00e9es<\/strong>.<\/p><p>8.De quelle famille appartient le Velociraptor ?<\/p><p data-start=\"1127\" data-end=\"1198\">Il fait partie de la famille des <strong data-start=\"1160\" data-end=\"1197\">Dromaeosaurid\u00e9s (Dromaeosauridae)<\/strong>.<\/p><p>9.Combien \u00e0 v\u00e9cu le Velociraptor ?<\/p><p data-start=\"1251\" data-end=\"1305\">Sa dur\u00e9e de vie est estim\u00e9e \u00e0 environ <strong data-start=\"1289\" data-end=\"1304\">15 \u00e0 20 ans<\/strong>.<\/p><p>10.Combien fait la taille de ces dents ?<\/p><p>Les dents du Velociraptor faisaient entre <strong data-start=\"1406\" data-end=\"1430\">1 et 2,5 centim\u00e8tres<\/strong> de long, avec des bords tranchants comme des lames.<\/p><p>11.Quel est sont nom scientifique ?<\/p><p data-start=\"1535\" data-end=\"1590\">Son nom scientifique est <strong data-start=\"1560\" data-end=\"1589\">Velociraptor mongoliensis<\/strong>.<\/p><p>12.Combien p\u00e8se son cerveau?<\/p><p>Son cerveau pesait probablement autour de <strong data-start=\"1680\" data-end=\"1699\">15 \u00e0 20 grammes<\/strong>, ce qui est assez gros par rapport \u00e0 sa taille \u2014 il \u00e9tait intelligent pour un dinosaure.<\/p><p>13.Il vit seul ou en troupeau?<\/p><p>Les scientifiques pensent que le Velociraptor pouvait <strong data-start=\"1892\" data-end=\"1913\">chasser en groupe<\/strong>, mais ce n\u2019est pas certain \u00e0 100 %. Il pouvait aussi chasser seul.<\/p><p>14.Qui est son premier os qui a \u00e9t\u00e9 trouv\u00e9?<\/p><p data-start=\"2044\" data-end=\"2145\">Le premier os d\u00e9couvert \u00e9tait une partie du <strong data-start=\"2088\" data-end=\"2097\">cr\u00e2ne<\/strong>, incluant des dents et des fragments de museau.<\/p><p>15.Quand il le nomme ?<\/p><p>Le Velociraptor a \u00e9t\u00e9 officiellement nomm\u00e9 en <strong data-start=\"2235\" data-end=\"2243\">1924<\/strong> par <strong data-start=\"2248\" data-end=\"2274\">Henry Fairfield Osborn<\/strong>.<\/p><p>16.Combien il a de dents?<\/p><p>Il avait environ <strong data-start=\"2337\" data-end=\"2354\">26 \u00e0 28 dents<\/strong> par m\u00e2choire (donc environ <strong data-start=\"2382\" data-end=\"2399\">50 \u00e0 60 dents<\/strong> au total), tr\u00e8s tranchantes.<\/p><p>17.Quels sont les autres dinosaures qui vivaient \u00e0 cette \u00e9poque?<\/p><p data-start=\"2512\" data-end=\"2562\">Au m\u00eame moment et dans la m\u00eame r\u00e9gion vivaient :<\/p><ul data-start=\"2563\" data-end=\"2836\"><li data-start=\"2563\" data-end=\"2647\"><p data-start=\"2565\" data-end=\"2647\"><strong data-start=\"2565\" data-end=\"2582\">Protoceratops<\/strong> (herbivore, souvent repr\u00e9sent\u00e9 en combat avec le Velociraptor)<\/p><\/li><li data-start=\"2648\" data-end=\"2695\"><p data-start=\"2650\" data-end=\"2695\"><strong data-start=\"2650\" data-end=\"2663\">Oviraptor<\/strong> (omnivore ou carnivore l\u00e9ger)<\/p><\/li><li data-start=\"2696\" data-end=\"2744\"><p data-start=\"2698\" data-end=\"2744\"><strong data-start=\"2698\" data-end=\"2713\">Tarbosaurus<\/strong> (cousin asiatique du T. rex)<\/p><\/li><li data-start=\"2745\" data-end=\"2784\"><p data-start=\"2747\" data-end=\"2784\"><strong data-start=\"2747\" data-end=\"2762\">Saurolophus<\/strong> (herbivore \u00e0 cr\u00eate)<\/p><\/li><li data-start=\"2785\" data-end=\"2836\"><p data-start=\"2787\" data-end=\"2836\"><strong data-start=\"2787\" data-end=\"2806\">Therizinosaurus<\/strong> (herbivore \u00e0 longues griffes)<\/p><\/li><\/ul>\t\t\t\t\t\t\t\t<\/div>\n\t\t\t\t\t<\/div>\n\t\t\t\t<\/div>\n\t\t\t\t<\/div>\n\t\t","protected":false},"excerpt":{"rendered":"<p>\u00a0 \u00a0 \u00a0 \u00a0 \u00a0 \u00a0 \u00a0 \u00a0 \u00a0 \u00a0 \u00a0 \u00a0 \u00a0 \u00a0Velociraptor 1.Qui a d\u00e9couvert le Velociraptor ? Le Velociraptor a \u00e9t\u00e9 d\u00e9couvert par Peter Kaisen, un pal\u00e9ontologue am\u00e9ricain. 2.Ou \u00e0 t\u2019il trouver le fossile de ce reptile? Le premier fossile a \u00e9t\u00e9 trouv\u00e9 en Mongolie, dans le d\u00e9sert de Gobi. 3.Quand il [&hellip;]<\/p>\n","protected":false},"author":1,"featured_media":0,"parent":0,"menu_order":0,"comment_status":"closed","ping_status":"closed","template":"","meta":{"footnotes":""},"class_list":["post-277","page","type-page","status-publish","hentry"],"yoast_head":"<!-- This site is optimized with the Yoast SEO plugin v26.2 - https:\/\/yoast.com\/wordpress\/plugins\/seo\/ -->\n<title>Velociraptor - RJ Exp\u00e9rience<\/title>\n<meta name=\"robots\" content=\"index, follow, max-snippet:-1, max-image-preview:large, max-video-preview:-1\" \/>\n<link rel=\"canonical\" href=\"https:\/\/rj-experience.com\/index.php\/velociraptor\/\" \/>\n<meta property=\"og:locale\" content=\"en_US\" \/>\n<meta property=\"og:type\" content=\"article\" \/>\n<meta property=\"og:title\" content=\"Velociraptor - RJ Exp\u00e9rience\" \/>\n<meta property=\"og:description\" content=\"\u00a0 \u00a0 \u00a0 \u00a0 \u00a0 \u00a0 \u00a0 \u00a0 \u00a0 \u00a0 \u00a0 \u00a0 \u00a0 \u00a0Velociraptor 1.Qui a d\u00e9couvert le Velociraptor ? Le Velociraptor a \u00e9t\u00e9 d\u00e9couvert par Peter Kaisen, un pal\u00e9ontologue am\u00e9ricain. 2.Ou \u00e0 t\u2019il trouver le fossile de ce reptile? Le premier fossile a \u00e9t\u00e9 trouv\u00e9 en Mongolie, dans le d\u00e9sert de Gobi. 3.Quand il [&hellip;]\" \/>\n<meta property=\"og:url\" content=\"https:\/\/rj-experience.com\/index.php\/velociraptor\/\" \/>\n<meta property=\"og:site_name\" content=\"RJ Exp\u00e9rience\" \/>\n<meta property=\"article:modified_time\" content=\"2025-07-25T10:48:37+00:00\" \/>\n<meta name=\"twitter:card\" content=\"summary_large_image\" \/>\n<meta name=\"twitter:label1\" content=\"Est. reading time\" \/>\n\t<meta name=\"twitter:data1\" content=\"2 minutes\" \/>\n<script type=\"application\/ld+json\" class=\"yoast-schema-graph\">{\"@context\":\"https:\/\/schema.org\",\"@graph\":[{\"@type\":\"WebPage\",\"@id\":\"https:\/\/rj-experience.com\/index.php\/velociraptor\/\",\"url\":\"https:\/\/rj-experience.com\/index.php\/velociraptor\/\",\"name\":\"Velociraptor - RJ Exp\u00e9rience\",\"isPartOf\":{\"@id\":\"https:\/\/rj-experience.com\/#website\"},\"datePublished\":\"2025-07-21T17:16:02+00:00\",\"dateModified\":\"2025-07-25T10:48:37+00:00\",\"breadcrumb\":{\"@id\":\"https:\/\/rj-experience.com\/index.php\/velociraptor\/#breadcrumb\"},\"inLanguage\":\"en-US\",\"potentialAction\":[{\"@type\":\"ReadAction\",\"target\":[\"https:\/\/rj-experience.com\/index.php\/velociraptor\/\"]}]},{\"@type\":\"BreadcrumbList\",\"@id\":\"https:\/\/rj-experience.com\/index.php\/velociraptor\/#breadcrumb\",\"itemListElement\":[{\"@type\":\"ListItem\",\"position\":1,\"name\":\"Home\",\"item\":\"https:\/\/rj-experience.com\/\"},{\"@type\":\"ListItem\",\"position\":2,\"name\":\"Velociraptor\"}]},{\"@type\":\"WebSite\",\"@id\":\"https:\/\/rj-experience.com\/#website\",\"url\":\"https:\/\/rj-experience.com\/\",\"name\":\"RJ Exp\u00e9rience\",\"description\":\"\",\"publisher\":{\"@id\":\"https:\/\/rj-experience.com\/#organization\"},\"potentialAction\":[{\"@type\":\"SearchAction\",\"target\":{\"@type\":\"EntryPoint\",\"urlTemplate\":\"https:\/\/rj-experience.com\/?s={search_term_string}\"},\"query-input\":{\"@type\":\"PropertyValueSpecification\",\"valueRequired\":true,\"valueName\":\"search_term_string\"}}],\"inLanguage\":\"en-US\"},{\"@type\":\"Organization\",\"@id\":\"https:\/\/rj-experience.com\/#organization\",\"name\":\"RJ Exp\u00e9rience\",\"url\":\"https:\/\/rj-experience.com\/\",\"logo\":{\"@type\":\"ImageObject\",\"inLanguage\":\"en-US\",\"@id\":\"https:\/\/rj-experience.com\/#\/schema\/logo\/image\/\",\"url\":\"https:\/\/rj-experience.com\/wp-content\/uploads\/2025\/10\/cropped-ChatGPT-Image-28-oct.-2025-18_28_26.png\",\"contentUrl\":\"https:\/\/rj-experience.com\/wp-content\/uploads\/2025\/10\/cropped-ChatGPT-Image-28-oct.-2025-18_28_26.png\",\"width\":512,\"height\":512,\"caption\":\"RJ Exp\u00e9rience\"},\"image\":{\"@id\":\"https:\/\/rj-experience.com\/#\/schema\/logo\/image\/\"}}]}<\/script>\n<!-- \/ Yoast SEO plugin. -->","yoast_head_json":{"title":"Velociraptor - RJ Exp\u00e9rience","robots":{"index":"index","follow":"follow","max-snippet":"max-snippet:-1","max-image-preview":"max-image-preview:large","max-video-preview":"max-video-preview:-1"},"canonical":"https:\/\/rj-experience.com\/index.php\/velociraptor\/","og_locale":"en_US","og_type":"article","og_title":"Velociraptor - RJ Exp\u00e9rience","og_description":"\u00a0 \u00a0 \u00a0 \u00a0 \u00a0 \u00a0 \u00a0 \u00a0 \u00a0 \u00a0 \u00a0 \u00a0 \u00a0 \u00a0Velociraptor 1.Qui a d\u00e9couvert le Velociraptor ? Le Velociraptor a \u00e9t\u00e9 d\u00e9couvert par Peter Kaisen, un pal\u00e9ontologue am\u00e9ricain. 2.Ou \u00e0 t\u2019il trouver le fossile de ce reptile? Le premier fossile a \u00e9t\u00e9 trouv\u00e9 en Mongolie, dans le d\u00e9sert de Gobi. 3.Quand il [&hellip;]","og_url":"https:\/\/rj-experience.com\/index.php\/velociraptor\/","og_site_name":"RJ Exp\u00e9rience","article_modified_time":"2025-07-25T10:48:37+00:00","twitter_card":"summary_large_image","twitter_misc":{"Est. reading time":"2 minutes"},"schema":{"@context":"https:\/\/schema.org","@graph":[{"@type":"WebPage","@id":"https:\/\/rj-experience.com\/index.php\/velociraptor\/","url":"https:\/\/rj-experience.com\/index.php\/velociraptor\/","name":"Velociraptor - RJ Exp\u00e9rience","isPartOf":{"@id":"https:\/\/rj-experience.com\/#website"},"datePublished":"2025-07-21T17:16:02+00:00","dateModified":"2025-07-25T10:48:37+00:00","breadcrumb":{"@id":"https:\/\/rj-experience.com\/index.php\/velociraptor\/#breadcrumb"},"inLanguage":"en-US","potentialAction":[{"@type":"ReadAction","target":["https:\/\/rj-experience.com\/index.php\/velociraptor\/"]}]},{"@type":"BreadcrumbList","@id":"https:\/\/rj-experience.com\/index.php\/velociraptor\/#breadcrumb","itemListElement":[{"@type":"ListItem","position":1,"name":"Home","item":"https:\/\/rj-experience.com\/"},{"@type":"ListItem","position":2,"name":"Velociraptor"}]},{"@type":"WebSite","@id":"https:\/\/rj-experience.com\/#website","url":"https:\/\/rj-experience.com\/","name":"RJ Exp\u00e9rience","description":"","publisher":{"@id":"https:\/\/rj-experience.com\/#organization"},"potentialAction":[{"@type":"SearchAction","target":{"@type":"EntryPoint","urlTemplate":"https:\/\/rj-experience.com\/?s={search_term_string}"},"query-input":{"@type":"PropertyValueSpecification","valueRequired":true,"valueName":"search_term_string"}}],"inLanguage":"en-US"},{"@type":"Organization","@id":"https:\/\/rj-experience.com\/#organization","name":"RJ Exp\u00e9rience","url":"https:\/\/rj-experience.com\/","logo":{"@type":"ImageObject","inLanguage":"en-US","@id":"https:\/\/rj-experience.com\/#\/schema\/logo\/image\/","url":"https:\/\/rj-experience.com\/wp-content\/uploads\/2025\/10\/cropped-ChatGPT-Image-28-oct.-2025-18_28_26.png","contentUrl":"https:\/\/rj-experience.com\/wp-content\/uploads\/2025\/10\/cropped-ChatGPT-Image-28-oct.-2025-18_28_26.png","width":512,"height":512,"caption":"RJ Exp\u00e9rience"},"image":{"@id":"https:\/\/rj-experience.com\/#\/schema\/logo\/image\/"}}]}},"_links":{"self":[{"href":"https:\/\/rj-experience.com\/index.php\/wp-json\/wp\/v2\/pages\/277","targetHints":{"allow":["GET"]}}],"collection":[{"href":"https:\/\/rj-experience.com\/index.php\/wp-json\/wp\/v2\/pages"}],"about":[{"href":"https:\/\/rj-experience.com\/index.php\/wp-json\/wp\/v2\/types\/page"}],"author":[{"embeddable":true,"href":"https:\/\/rj-experience.com\/index.php\/wp-json\/wp\/v2\/users\/1"}],"replies":[{"embeddable":true,"href":"https:\/\/rj-experience.com\/index.php\/wp-json\/wp\/v2\/comments?post=277"}],"version-history":[{"count":4,"href":"https:\/\/rj-experience.com\/index.php\/wp-json\/wp\/v2\/pages\/277\/revisions"}],"predecessor-version":[{"id":934,"href":"https:\/\/rj-experience.com\/index.php\/wp-json\/wp\/v2\/pages\/277\/revisions\/934"}],"wp:attachment":[{"href":"https:\/\/rj-experience.com\/index.php\/wp-json\/wp\/v2\/media?parent=277"}],"curies":[{"name":"wp","href":"https:\/\/api.w.org\/{rel}","templated":true}]}}