{"id":272,"date":"2025-07-21T17:12:22","date_gmt":"2025-07-21T17:12:22","guid":{"rendered":"http:\/\/rj-experience.com\/?page_id=272"},"modified":"2025-07-25T10:35:00","modified_gmt":"2025-07-25T10:35:00","slug":"carcharodontosaurus","status":"publish","type":"page","link":"https:\/\/rj-experience.com\/index.php\/carcharodontosaurus\/","title":{"rendered":"Carcharodontosaurus"},"content":{"rendered":"\t\t<div data-elementor-type=\"wp-page\" data-elementor-id=\"272\" class=\"elementor elementor-272\">\n\t\t\t\t<div class=\"elementor-element elementor-element-5f74eac e-flex e-con-boxed e-con e-parent\" data-id=\"5f74eac\" data-element_type=\"container\">\n\t\t\t\t\t<div class=\"e-con-inner\">\n\t\t\t\t<div class=\"elementor-element elementor-element-6ede83f elementor-widget elementor-widget-text-editor\" data-id=\"6ede83f\" data-element_type=\"widget\" data-widget_type=\"text-editor.default\">\n\t\t\t\t\t\t\t\t\t<h2>\u00a0 \u00a0 \u00a0 \u00a0 \u00a0 \u00a0 \u00a0 \u00a0 Carcharodontosaurus<\/h2><p>1.Qui a d\u00e9couvert le Carcharodontosaurus?<\/p><p>Le premier fossile du <strong>Carcharodontosaurus<\/strong> a \u00e9t\u00e9 d\u00e9couvert par <strong>Charles Dep\u00e9ret<\/strong>, un pal\u00e9ontologue fran\u00e7ais, en <strong>1927<\/strong>.<\/p><p>2.Ou \u00e0 t\u2019il trouver le fossile de ce reptile?<\/p><p>Le fossile a \u00e9t\u00e9 trouv\u00e9 dans le <strong>Sahara<\/strong>, en <strong>Afrique du Nord<\/strong>, plus pr\u00e9cis\u00e9ment en <strong>Alg\u00e9rie<\/strong>.<\/p><p>3.Quand il a trouve le premier os de ce reptile?<\/p><p>Le premier os a \u00e9t\u00e9 d\u00e9couvert en <strong>1927<\/strong>.<\/p><p>4.Il est carnivore ou herbivore?<\/p><p>Le Carcharodontosaurus est un <strong>carnivore<\/strong>, un grand pr\u00e9dateur.<\/p><p>5.Combien fait sa taille?<\/p><p>Il mesurait entre <strong>12 et 13 m\u00e8tres de long<\/strong>, certains estiment m\u00eame jusqu\u2019\u00e0 <strong>14 m\u00e8tres<\/strong>.<\/p><p>6.Combien p\u00e8se son poids ?<\/p><p>Son poids est estim\u00e9 entre <strong>6 et 8 tonnes<\/strong>.<\/p><p>7.Le Carcharodontosaurus vient du cr\u00e9tac\u00e9,du tria ou du jurassique ?<\/p><p>Il vivait au <strong>Cr\u00e9tac\u00e9 moyen<\/strong>, il y a environ <strong>100 \u00e0 93 millions d\u2019ann\u00e9es<\/strong>.<\/p><p>8.De quelle famille appartient le Carcharodontosaurus?<\/p><p>Il appartient \u00e0 la famille des <strong>Carcharodontosauridae<\/strong>, un groupe de grands th\u00e9ropodes carnivores.<\/p><p>9.Combien \u00e0 v\u00e9cu le Carcharodontosaurus ?<\/p><p>On estime qu&#8217;il pouvait vivre jusqu\u2019\u00e0 <strong>30 \u00e0 40 ans<\/strong>, comme d\u2019autres grands carnivores.<\/p><p>10.Combien fait la taille de ces dents ?<\/p><p>Ses dents pouvaient mesurer jusqu\u2019\u00e0 <strong>20 centim\u00e8tres de long<\/strong>, tranchantes comme celles d\u2019un requin.<\/p><p>11.Quel est sont nom scientifique ?<\/p><p>Son nom scientifique est <strong>Carcharodontosaurus saharicus<\/strong>.<\/p><p>12.Combien p\u00e8se son cerveau?<\/p><p>Son cerveau \u00e9tait relativement petit pour sa taille, avec un poids estim\u00e9 autour de <strong>250 \u00e0 300 grammes<\/strong>.<\/p><p>13.Il vit seul ou en troupeau?<\/p><p>Les scientifiques pensent qu\u2019il <strong>vivait seul<\/strong>, comme beaucoup de grands pr\u00e9dateurs, mais des preuves sont encore d\u00e9battues.<\/p><p>14.Qui est son premier os qui a \u00e9t\u00e9 trouv\u00e9?<\/p><p>Le premier os trouv\u00e9 \u00e9tait un <strong>fragment de cr\u00e2ne<\/strong>, incluant quelques dents.<\/p><p>15.Quand il le nomme ?<\/p><p>Le nom <strong>Carcharodontosaurus<\/strong> a \u00e9t\u00e9 donn\u00e9 en <strong>1931<\/strong> par le pal\u00e9ontologue <strong>Ernst Stromer<\/strong>, apr\u00e8s une \u00e9tude plus compl\u00e8te.<\/p><p>16.Combien il a de dents?<\/p><p>Il avait environ <strong>60 dents<\/strong>, longues, fines et tr\u00e8s tranchantes.<\/p><p>17.Quels sont les autres dinosaures qui vivaient \u00e0 cette \u00e9poque?<\/p><p>Parmi les dinosaures contemporains du Carcharodontosaurus :<\/p><ul><li><strong>Spinosaurus<\/strong> (un autre grand pr\u00e9dateur africain)<\/li><li><strong>Ouranosaurus<\/strong> (herbivore)<\/li><li><strong>Aegyptosaurus<\/strong><\/li><li><strong>Bahariasaurus<\/strong><\/li><li><strong>Paralititan<\/strong> (grand sauropode)<\/li><\/ul><p>\u00a0<\/p><p>\u00a0<\/p><p>\u00a0<\/p><p>\u00a0<\/p><p>\u00a0<\/p><p>\u00a0<\/p><p>\u00a0<\/p><p>\u00a0<\/p><p>\u00a0<\/p><p>\u00a0<\/p>\t\t\t\t\t\t\t\t<\/div>\n\t\t\t\t\t<\/div>\n\t\t\t\t<\/div>\n\t\t\t\t<\/div>\n\t\t","protected":false},"excerpt":{"rendered":"<p>\u00a0 \u00a0 \u00a0 \u00a0 \u00a0 \u00a0 \u00a0 \u00a0 Carcharodontosaurus 1.Qui a d\u00e9couvert le Carcharodontosaurus? Le premier fossile du Carcharodontosaurus a \u00e9t\u00e9 d\u00e9couvert par Charles Dep\u00e9ret, un pal\u00e9ontologue fran\u00e7ais, en 1927. 2.Ou \u00e0 t\u2019il trouver le fossile de ce reptile? Le fossile a \u00e9t\u00e9 trouv\u00e9 dans le Sahara, en Afrique du Nord, plus pr\u00e9cis\u00e9ment en Alg\u00e9rie. [&hellip;]<\/p>\n","protected":false},"author":1,"featured_media":0,"parent":0,"menu_order":0,"comment_status":"closed","ping_status":"closed","template":"","meta":{"footnotes":""},"class_list":["post-272","page","type-page","status-publish","hentry"],"yoast_head":"<!-- This site is optimized with the Yoast SEO plugin v26.2 - https:\/\/yoast.com\/wordpress\/plugins\/seo\/ -->\n<title>Carcharodontosaurus - RJ Exp\u00e9rience<\/title>\n<meta name=\"robots\" content=\"index, follow, max-snippet:-1, max-image-preview:large, max-video-preview:-1\" \/>\n<link rel=\"canonical\" href=\"https:\/\/rj-experience.com\/index.php\/carcharodontosaurus\/\" \/>\n<meta property=\"og:locale\" content=\"en_US\" \/>\n<meta property=\"og:type\" content=\"article\" \/>\n<meta property=\"og:title\" content=\"Carcharodontosaurus - RJ Exp\u00e9rience\" \/>\n<meta property=\"og:description\" content=\"\u00a0 \u00a0 \u00a0 \u00a0 \u00a0 \u00a0 \u00a0 \u00a0 Carcharodontosaurus 1.Qui a d\u00e9couvert le Carcharodontosaurus? Le premier fossile du Carcharodontosaurus a \u00e9t\u00e9 d\u00e9couvert par Charles Dep\u00e9ret, un pal\u00e9ontologue fran\u00e7ais, en 1927. 2.Ou \u00e0 t\u2019il trouver le fossile de ce reptile? Le fossile a \u00e9t\u00e9 trouv\u00e9 dans le Sahara, en Afrique du Nord, plus pr\u00e9cis\u00e9ment en Alg\u00e9rie. [&hellip;]\" \/>\n<meta property=\"og:url\" content=\"https:\/\/rj-experience.com\/index.php\/carcharodontosaurus\/\" \/>\n<meta property=\"og:site_name\" content=\"RJ Exp\u00e9rience\" \/>\n<meta property=\"article:modified_time\" content=\"2025-07-25T10:35:00+00:00\" \/>\n<meta name=\"twitter:card\" content=\"summary_large_image\" \/>\n<meta name=\"twitter:label1\" content=\"Est. reading time\" \/>\n\t<meta name=\"twitter:data1\" content=\"2 minutes\" \/>\n<script type=\"application\/ld+json\" class=\"yoast-schema-graph\">{\"@context\":\"https:\/\/schema.org\",\"@graph\":[{\"@type\":\"WebPage\",\"@id\":\"https:\/\/rj-experience.com\/index.php\/carcharodontosaurus\/\",\"url\":\"https:\/\/rj-experience.com\/index.php\/carcharodontosaurus\/\",\"name\":\"Carcharodontosaurus - RJ Exp\u00e9rience\",\"isPartOf\":{\"@id\":\"https:\/\/rj-experience.com\/#website\"},\"datePublished\":\"2025-07-21T17:12:22+00:00\",\"dateModified\":\"2025-07-25T10:35:00+00:00\",\"breadcrumb\":{\"@id\":\"https:\/\/rj-experience.com\/index.php\/carcharodontosaurus\/#breadcrumb\"},\"inLanguage\":\"en-US\",\"potentialAction\":[{\"@type\":\"ReadAction\",\"target\":[\"https:\/\/rj-experience.com\/index.php\/carcharodontosaurus\/\"]}]},{\"@type\":\"BreadcrumbList\",\"@id\":\"https:\/\/rj-experience.com\/index.php\/carcharodontosaurus\/#breadcrumb\",\"itemListElement\":[{\"@type\":\"ListItem\",\"position\":1,\"name\":\"Home\",\"item\":\"https:\/\/rj-experience.com\/\"},{\"@type\":\"ListItem\",\"position\":2,\"name\":\"Carcharodontosaurus\"}]},{\"@type\":\"WebSite\",\"@id\":\"https:\/\/rj-experience.com\/#website\",\"url\":\"https:\/\/rj-experience.com\/\",\"name\":\"RJ Exp\u00e9rience\",\"description\":\"\",\"publisher\":{\"@id\":\"https:\/\/rj-experience.com\/#organization\"},\"potentialAction\":[{\"@type\":\"SearchAction\",\"target\":{\"@type\":\"EntryPoint\",\"urlTemplate\":\"https:\/\/rj-experience.com\/?s={search_term_string}\"},\"query-input\":{\"@type\":\"PropertyValueSpecification\",\"valueRequired\":true,\"valueName\":\"search_term_string\"}}],\"inLanguage\":\"en-US\"},{\"@type\":\"Organization\",\"@id\":\"https:\/\/rj-experience.com\/#organization\",\"name\":\"RJ Exp\u00e9rience\",\"url\":\"https:\/\/rj-experience.com\/\",\"logo\":{\"@type\":\"ImageObject\",\"inLanguage\":\"en-US\",\"@id\":\"https:\/\/rj-experience.com\/#\/schema\/logo\/image\/\",\"url\":\"https:\/\/rj-experience.com\/wp-content\/uploads\/2025\/10\/cropped-ChatGPT-Image-28-oct.-2025-18_28_26.png\",\"contentUrl\":\"https:\/\/rj-experience.com\/wp-content\/uploads\/2025\/10\/cropped-ChatGPT-Image-28-oct.-2025-18_28_26.png\",\"width\":512,\"height\":512,\"caption\":\"RJ Exp\u00e9rience\"},\"image\":{\"@id\":\"https:\/\/rj-experience.com\/#\/schema\/logo\/image\/\"}}]}<\/script>\n<!-- \/ Yoast SEO plugin. -->","yoast_head_json":{"title":"Carcharodontosaurus - RJ Exp\u00e9rience","robots":{"index":"index","follow":"follow","max-snippet":"max-snippet:-1","max-image-preview":"max-image-preview:large","max-video-preview":"max-video-preview:-1"},"canonical":"https:\/\/rj-experience.com\/index.php\/carcharodontosaurus\/","og_locale":"en_US","og_type":"article","og_title":"Carcharodontosaurus - RJ Exp\u00e9rience","og_description":"\u00a0 \u00a0 \u00a0 \u00a0 \u00a0 \u00a0 \u00a0 \u00a0 Carcharodontosaurus 1.Qui a d\u00e9couvert le Carcharodontosaurus? Le premier fossile du Carcharodontosaurus a \u00e9t\u00e9 d\u00e9couvert par Charles Dep\u00e9ret, un pal\u00e9ontologue fran\u00e7ais, en 1927. 2.Ou \u00e0 t\u2019il trouver le fossile de ce reptile? Le fossile a \u00e9t\u00e9 trouv\u00e9 dans le Sahara, en Afrique du Nord, plus pr\u00e9cis\u00e9ment en Alg\u00e9rie. [&hellip;]","og_url":"https:\/\/rj-experience.com\/index.php\/carcharodontosaurus\/","og_site_name":"RJ Exp\u00e9rience","article_modified_time":"2025-07-25T10:35:00+00:00","twitter_card":"summary_large_image","twitter_misc":{"Est. reading time":"2 minutes"},"schema":{"@context":"https:\/\/schema.org","@graph":[{"@type":"WebPage","@id":"https:\/\/rj-experience.com\/index.php\/carcharodontosaurus\/","url":"https:\/\/rj-experience.com\/index.php\/carcharodontosaurus\/","name":"Carcharodontosaurus - RJ Exp\u00e9rience","isPartOf":{"@id":"https:\/\/rj-experience.com\/#website"},"datePublished":"2025-07-21T17:12:22+00:00","dateModified":"2025-07-25T10:35:00+00:00","breadcrumb":{"@id":"https:\/\/rj-experience.com\/index.php\/carcharodontosaurus\/#breadcrumb"},"inLanguage":"en-US","potentialAction":[{"@type":"ReadAction","target":["https:\/\/rj-experience.com\/index.php\/carcharodontosaurus\/"]}]},{"@type":"BreadcrumbList","@id":"https:\/\/rj-experience.com\/index.php\/carcharodontosaurus\/#breadcrumb","itemListElement":[{"@type":"ListItem","position":1,"name":"Home","item":"https:\/\/rj-experience.com\/"},{"@type":"ListItem","position":2,"name":"Carcharodontosaurus"}]},{"@type":"WebSite","@id":"https:\/\/rj-experience.com\/#website","url":"https:\/\/rj-experience.com\/","name":"RJ Exp\u00e9rience","description":"","publisher":{"@id":"https:\/\/rj-experience.com\/#organization"},"potentialAction":[{"@type":"SearchAction","target":{"@type":"EntryPoint","urlTemplate":"https:\/\/rj-experience.com\/?s={search_term_string}"},"query-input":{"@type":"PropertyValueSpecification","valueRequired":true,"valueName":"search_term_string"}}],"inLanguage":"en-US"},{"@type":"Organization","@id":"https:\/\/rj-experience.com\/#organization","name":"RJ Exp\u00e9rience","url":"https:\/\/rj-experience.com\/","logo":{"@type":"ImageObject","inLanguage":"en-US","@id":"https:\/\/rj-experience.com\/#\/schema\/logo\/image\/","url":"https:\/\/rj-experience.com\/wp-content\/uploads\/2025\/10\/cropped-ChatGPT-Image-28-oct.-2025-18_28_26.png","contentUrl":"https:\/\/rj-experience.com\/wp-content\/uploads\/2025\/10\/cropped-ChatGPT-Image-28-oct.-2025-18_28_26.png","width":512,"height":512,"caption":"RJ Exp\u00e9rience"},"image":{"@id":"https:\/\/rj-experience.com\/#\/schema\/logo\/image\/"}}]}},"_links":{"self":[{"href":"https:\/\/rj-experience.com\/index.php\/wp-json\/wp\/v2\/pages\/272","targetHints":{"allow":["GET"]}}],"collection":[{"href":"https:\/\/rj-experience.com\/index.php\/wp-json\/wp\/v2\/pages"}],"about":[{"href":"https:\/\/rj-experience.com\/index.php\/wp-json\/wp\/v2\/types\/page"}],"author":[{"embeddable":true,"href":"https:\/\/rj-experience.com\/index.php\/wp-json\/wp\/v2\/users\/1"}],"replies":[{"embeddable":true,"href":"https:\/\/rj-experience.com\/index.php\/wp-json\/wp\/v2\/comments?post=272"}],"version-history":[{"count":4,"href":"https:\/\/rj-experience.com\/index.php\/wp-json\/wp\/v2\/pages\/272\/revisions"}],"predecessor-version":[{"id":930,"href":"https:\/\/rj-experience.com\/index.php\/wp-json\/wp\/v2\/pages\/272\/revisions\/930"}],"wp:attachment":[{"href":"https:\/\/rj-experience.com\/index.php\/wp-json\/wp\/v2\/media?parent=272"}],"curies":[{"name":"wp","href":"https:\/\/api.w.org\/{rel}","templated":true}]}}