{"id":259,"date":"2025-07-21T17:06:23","date_gmt":"2025-07-21T17:06:23","guid":{"rendered":"http:\/\/rj-experience.com\/?page_id=259"},"modified":"2025-07-24T14:35:03","modified_gmt":"2025-07-24T14:35:03","slug":"giganotosaurus","status":"publish","type":"page","link":"https:\/\/rj-experience.com\/index.php\/giganotosaurus\/","title":{"rendered":"Giganotosaurus"},"content":{"rendered":"\t\t<div data-elementor-type=\"wp-page\" data-elementor-id=\"259\" class=\"elementor elementor-259\">\n\t\t\t\t<div class=\"elementor-element elementor-element-1dfe4ed e-flex e-con-boxed e-con e-parent\" data-id=\"1dfe4ed\" data-element_type=\"container\">\n\t\t\t\t\t<div class=\"e-con-inner\">\n\t\t\t\t<div class=\"elementor-element elementor-element-ba2a6fe elementor-widget elementor-widget-text-editor\" data-id=\"ba2a6fe\" data-element_type=\"widget\" data-widget_type=\"text-editor.default\">\n\t\t\t\t\t\t\t\t\t<h2>\u00a0 \u00a0 \u00a0 \u00a0 \u00a0 \u00a0 \u00a0 \u00a0 \u00a0Giganotosaurus<\/h2><p>1.Qui a d\u00e9couvert le Giganotosaurus ?<\/p><p>Il a \u00e9t\u00e9 d\u00e9couvert par D.<strong data-start=\"394\" data-end=\"415\">Rub\u00e9n Carolini<\/strong>, un chasseur de fossiles amateur argentin.<\/p><p>2.Ou a-t-il trouver le fossile de ce reptile?<\/p><p data-start=\"522\" data-end=\"626\">Il l\u2019a trouv\u00e9 en <strong data-start=\"539\" data-end=\"552\">Argentine<\/strong>, dans la <strong data-start=\"562\" data-end=\"589\">formation de Candeleros<\/strong>, en Patagonie (province de Neuqu\u00e9n).<\/p><p>3.Quand a-t-il trouv\u00e9 le premier os de ce reptile?<\/p><p data-start=\"696\" data-end=\"734\">Il a trouv\u00e9 son premier os en <strong data-start=\"725\" data-end=\"733\">1993<\/strong>.<\/p><p>4.Il est carnivore ou herbivore?<\/p><p>Le Giganotosaurus \u00e9tait <strong data-start=\"810\" data-end=\"823\">carnivore<\/strong>. C\u2019\u00e9tait un redoutable pr\u00e9dateur.<\/p><p>5.Combien fait sa taille?<\/p><p data-start=\"902\" data-end=\"992\">Il mesurait environ <strong data-start=\"922\" data-end=\"948\">13 \u00e0 14 m\u00e8tres de long<\/strong>, certains estiment jusqu\u2019\u00e0 <strong data-start=\"976\" data-end=\"991\">13,5 m\u00e8tres<\/strong>.<\/p><p>6.Combien p\u00e8se-t-il ?<\/p><p data-start=\"902\" data-end=\"992\">Son poids est estim\u00e9 \u00e0 <strong data-start=\"1060\" data-end=\"1083\">entre 6 et 8 tonnes<\/strong>.<\/p><p>7.Le Giganotosaurus vient du cr\u00e9tac\u00e9, du tria ou du jurassique ?<\/p><p data-start=\"1168\" data-end=\"1250\">Il vivait au <strong data-start=\"1181\" data-end=\"1192\">Cr\u00e9tac\u00e9<\/strong>, il y a environ <strong data-start=\"1209\" data-end=\"1233\">98 millions d\u2019ann\u00e9es<\/strong> (Cr\u00e9tac\u00e9 moyen).<\/p><p>8.De quelle famille appartient le Giganotosaurus ?<\/p><p data-start=\"1501\" data-end=\"1632\">Il appartient \u00e0 la famille des <strong data-start=\"1532\" data-end=\"1557\">Carcharodontosaurid\u00e9s<\/strong> (Carcharodontosauridae), des th\u00e9ropodes carnivores proches des Allosaures.<\/p><p>9.Combien \u00e0 v\u00e9cu le Giganotosaurus ?<\/p><p>Il aurait pu vivre environ <strong data-start=\"1715\" data-end=\"1730\">20 \u00e0 30 ans<\/strong>, mais cela reste une estimation bas\u00e9e sur la croissance des os .\u00a0<\/p><p>10.Combien fait la taille de ces dents ?<\/p><p data-start=\"1853\" data-end=\"1952\">Ses dents mesuraient jusqu\u2019\u00e0 <strong data-start=\"1882\" data-end=\"1900\">20 centim\u00e8tres<\/strong>, longues, tranchantes, en forme de lame de couteau.<\/p><p>11.Quel est sont nom scientifique ?<\/p><p data-start=\"2005\" data-end=\"2086\">Son nom complet est <strong data-start=\"2025\" data-end=\"2053\">Giganotosaurus carolinii<\/strong>, en l\u2019honneur de son d\u00e9couvreur.<\/p><p>12.Combien p\u00e8se son cerveau?<\/p><p data-start=\"2134\" data-end=\"2233\">Le cerveau du Giganotosaurus \u00e9tait petit compar\u00e9 \u00e0 son corps, pesant environ <strong data-start=\"2211\" data-end=\"2232\">150 \u00e0 200 grammes<\/strong>.<\/p><p>13.Il vit seul ou en troupeau?<\/p><p data-start=\"2283\" data-end=\"2429\">On pense qu\u2019il \u00e9tait <strong data-start=\"2304\" data-end=\"2324\">plut\u00f4t solitaire<\/strong>, mais certains fossiles laissent penser qu\u2019il pouvait parfois <strong data-start=\"2387\" data-end=\"2408\">chasser en groupe<\/strong>, au moins en jeunes.<\/p><p>14.Qui est son premier os qui a \u00e9t\u00e9 trouv\u00e9?<\/p><p data-start=\"2493\" data-end=\"2592\">Le premier os d\u00e9couvert \u00e9tait un <strong data-start=\"2526\" data-end=\"2543\">f\u00e9mur partiel<\/strong>, suivi par d\u2019autres os du cr\u00e2ne et du squelette.<\/p><p>15.Quand il le nomme ?<\/p><p data-start=\"2493\" data-end=\"2592\">Le Giganotosaurus a \u00e9t\u00e9 <strong data-start=\"2657\" data-end=\"2689\">officiellement nomm\u00e9 en 1995<\/strong> par les pal\u00e9ontologues <strong data-start=\"2713\" data-end=\"2733\">Coria et Salgado<\/strong>.<\/p><p>16.Combien il a de dents?<\/p><p data-start=\"2779\" data-end=\"2851\">Il avait environ <strong data-start=\"2796\" data-end=\"2813\">60 \u00e0 70 dents<\/strong>, tr\u00e8s aiguis\u00e9es pour couper la chair.<\/p><p>17.Quels sont les autres dinosaures qui vivaient \u00e0 cette \u00e9poque?<\/p><p data-start=\"2935\" data-end=\"2972\">\u00c0 la m\u00eame \u00e9poque en Am\u00e9rique du Sud :<\/p><ul data-start=\"2974\" data-end=\"3230\"><li data-start=\"2974\" data-end=\"3051\"><p data-start=\"2976\" data-end=\"3051\"><strong data-start=\"2976\" data-end=\"2995\">Argentinosaurus<\/strong> (immense sauropode, possible proie du Giganotosaurus)<\/p><\/li><li data-start=\"3052\" data-end=\"3097\"><p data-start=\"3054\" data-end=\"3097\"><strong data-start=\"3054\" data-end=\"3074\">Ekrixinatosaurus<\/strong> (un autre pr\u00e9dateur)<\/p><\/li><li data-start=\"3098\" data-end=\"3132\"><p data-start=\"3100\" data-end=\"3132\"><strong data-start=\"3100\" data-end=\"3114\">Mapusaurus<\/strong> (proche parent)<\/p><\/li><li data-start=\"3133\" data-end=\"3163\"><p data-start=\"3135\" data-end=\"3163\"><strong data-start=\"3135\" data-end=\"3149\">Andesaurus<\/strong> (sauropode)<\/p><\/li><li data-start=\"3164\" data-end=\"3230\"><p data-start=\"3166\" data-end=\"3230\"><strong data-start=\"3166\" data-end=\"3181\">Carnotaurus<\/strong> (autre grand carnivore, plus tardif mais proche)<\/p><\/li><\/ul><p>\u00a0<\/p><p>\u00a0<\/p><p>\u00a0<\/p><p>\u00a0<\/p><p>\u00a0<\/p><p>\u00a0<\/p><p>\u00a0<\/p><p>\u00a0<\/p><p>\u00a0<\/p><p>\u00a0<\/p>\t\t\t\t\t\t\t\t<\/div>\n\t\t\t\t\t<\/div>\n\t\t\t\t<\/div>\n\t\t\t\t<\/div>\n\t\t","protected":false},"excerpt":{"rendered":"<p>\u00a0 \u00a0 \u00a0 \u00a0 \u00a0 \u00a0 \u00a0 \u00a0 \u00a0Giganotosaurus 1.Qui a d\u00e9couvert le Giganotosaurus ? Il a \u00e9t\u00e9 d\u00e9couvert par D.Rub\u00e9n Carolini, un chasseur de fossiles amateur argentin. 2.Ou a-t-il trouver le fossile de ce reptile? Il l\u2019a trouv\u00e9 en Argentine, dans la formation de Candeleros, en Patagonie (province de Neuqu\u00e9n). 3.Quand a-t-il trouv\u00e9 le [&hellip;]<\/p>\n","protected":false},"author":1,"featured_media":0,"parent":0,"menu_order":0,"comment_status":"closed","ping_status":"closed","template":"","meta":{"footnotes":""},"class_list":["post-259","page","type-page","status-publish","hentry"],"yoast_head":"<!-- This site is optimized with the Yoast SEO plugin v26.2 - https:\/\/yoast.com\/wordpress\/plugins\/seo\/ -->\n<title>Giganotosaurus - RJ Exp\u00e9rience<\/title>\n<meta name=\"robots\" content=\"index, follow, max-snippet:-1, max-image-preview:large, max-video-preview:-1\" \/>\n<link rel=\"canonical\" href=\"https:\/\/rj-experience.com\/index.php\/giganotosaurus\/\" \/>\n<meta property=\"og:locale\" content=\"en_US\" \/>\n<meta property=\"og:type\" content=\"article\" \/>\n<meta property=\"og:title\" content=\"Giganotosaurus - RJ Exp\u00e9rience\" \/>\n<meta property=\"og:description\" content=\"\u00a0 \u00a0 \u00a0 \u00a0 \u00a0 \u00a0 \u00a0 \u00a0 \u00a0Giganotosaurus 1.Qui a d\u00e9couvert le Giganotosaurus ? Il a \u00e9t\u00e9 d\u00e9couvert par D.Rub\u00e9n Carolini, un chasseur de fossiles amateur argentin. 2.Ou a-t-il trouver le fossile de ce reptile? Il l\u2019a trouv\u00e9 en Argentine, dans la formation de Candeleros, en Patagonie (province de Neuqu\u00e9n). 3.Quand a-t-il trouv\u00e9 le [&hellip;]\" \/>\n<meta property=\"og:url\" content=\"https:\/\/rj-experience.com\/index.php\/giganotosaurus\/\" \/>\n<meta property=\"og:site_name\" content=\"RJ Exp\u00e9rience\" \/>\n<meta property=\"article:modified_time\" content=\"2025-07-24T14:35:03+00:00\" \/>\n<meta name=\"twitter:card\" content=\"summary_large_image\" \/>\n<meta name=\"twitter:label1\" content=\"Est. reading time\" \/>\n\t<meta name=\"twitter:data1\" content=\"2 minutes\" \/>\n<script type=\"application\/ld+json\" class=\"yoast-schema-graph\">{\"@context\":\"https:\/\/schema.org\",\"@graph\":[{\"@type\":\"WebPage\",\"@id\":\"https:\/\/rj-experience.com\/index.php\/giganotosaurus\/\",\"url\":\"https:\/\/rj-experience.com\/index.php\/giganotosaurus\/\",\"name\":\"Giganotosaurus - RJ Exp\u00e9rience\",\"isPartOf\":{\"@id\":\"https:\/\/rj-experience.com\/#website\"},\"datePublished\":\"2025-07-21T17:06:23+00:00\",\"dateModified\":\"2025-07-24T14:35:03+00:00\",\"breadcrumb\":{\"@id\":\"https:\/\/rj-experience.com\/index.php\/giganotosaurus\/#breadcrumb\"},\"inLanguage\":\"en-US\",\"potentialAction\":[{\"@type\":\"ReadAction\",\"target\":[\"https:\/\/rj-experience.com\/index.php\/giganotosaurus\/\"]}]},{\"@type\":\"BreadcrumbList\",\"@id\":\"https:\/\/rj-experience.com\/index.php\/giganotosaurus\/#breadcrumb\",\"itemListElement\":[{\"@type\":\"ListItem\",\"position\":1,\"name\":\"Home\",\"item\":\"https:\/\/rj-experience.com\/\"},{\"@type\":\"ListItem\",\"position\":2,\"name\":\"Giganotosaurus\"}]},{\"@type\":\"WebSite\",\"@id\":\"https:\/\/rj-experience.com\/#website\",\"url\":\"https:\/\/rj-experience.com\/\",\"name\":\"RJ Exp\u00e9rience\",\"description\":\"\",\"publisher\":{\"@id\":\"https:\/\/rj-experience.com\/#organization\"},\"potentialAction\":[{\"@type\":\"SearchAction\",\"target\":{\"@type\":\"EntryPoint\",\"urlTemplate\":\"https:\/\/rj-experience.com\/?s={search_term_string}\"},\"query-input\":{\"@type\":\"PropertyValueSpecification\",\"valueRequired\":true,\"valueName\":\"search_term_string\"}}],\"inLanguage\":\"en-US\"},{\"@type\":\"Organization\",\"@id\":\"https:\/\/rj-experience.com\/#organization\",\"name\":\"RJ Exp\u00e9rience\",\"url\":\"https:\/\/rj-experience.com\/\",\"logo\":{\"@type\":\"ImageObject\",\"inLanguage\":\"en-US\",\"@id\":\"https:\/\/rj-experience.com\/#\/schema\/logo\/image\/\",\"url\":\"https:\/\/rj-experience.com\/wp-content\/uploads\/2025\/10\/cropped-ChatGPT-Image-28-oct.-2025-18_28_26.png\",\"contentUrl\":\"https:\/\/rj-experience.com\/wp-content\/uploads\/2025\/10\/cropped-ChatGPT-Image-28-oct.-2025-18_28_26.png\",\"width\":512,\"height\":512,\"caption\":\"RJ Exp\u00e9rience\"},\"image\":{\"@id\":\"https:\/\/rj-experience.com\/#\/schema\/logo\/image\/\"}}]}<\/script>\n<!-- \/ Yoast SEO plugin. -->","yoast_head_json":{"title":"Giganotosaurus - RJ Exp\u00e9rience","robots":{"index":"index","follow":"follow","max-snippet":"max-snippet:-1","max-image-preview":"max-image-preview:large","max-video-preview":"max-video-preview:-1"},"canonical":"https:\/\/rj-experience.com\/index.php\/giganotosaurus\/","og_locale":"en_US","og_type":"article","og_title":"Giganotosaurus - RJ Exp\u00e9rience","og_description":"\u00a0 \u00a0 \u00a0 \u00a0 \u00a0 \u00a0 \u00a0 \u00a0 \u00a0Giganotosaurus 1.Qui a d\u00e9couvert le Giganotosaurus ? Il a \u00e9t\u00e9 d\u00e9couvert par D.Rub\u00e9n Carolini, un chasseur de fossiles amateur argentin. 2.Ou a-t-il trouver le fossile de ce reptile? Il l\u2019a trouv\u00e9 en Argentine, dans la formation de Candeleros, en Patagonie (province de Neuqu\u00e9n). 3.Quand a-t-il trouv\u00e9 le [&hellip;]","og_url":"https:\/\/rj-experience.com\/index.php\/giganotosaurus\/","og_site_name":"RJ Exp\u00e9rience","article_modified_time":"2025-07-24T14:35:03+00:00","twitter_card":"summary_large_image","twitter_misc":{"Est. reading time":"2 minutes"},"schema":{"@context":"https:\/\/schema.org","@graph":[{"@type":"WebPage","@id":"https:\/\/rj-experience.com\/index.php\/giganotosaurus\/","url":"https:\/\/rj-experience.com\/index.php\/giganotosaurus\/","name":"Giganotosaurus - RJ Exp\u00e9rience","isPartOf":{"@id":"https:\/\/rj-experience.com\/#website"},"datePublished":"2025-07-21T17:06:23+00:00","dateModified":"2025-07-24T14:35:03+00:00","breadcrumb":{"@id":"https:\/\/rj-experience.com\/index.php\/giganotosaurus\/#breadcrumb"},"inLanguage":"en-US","potentialAction":[{"@type":"ReadAction","target":["https:\/\/rj-experience.com\/index.php\/giganotosaurus\/"]}]},{"@type":"BreadcrumbList","@id":"https:\/\/rj-experience.com\/index.php\/giganotosaurus\/#breadcrumb","itemListElement":[{"@type":"ListItem","position":1,"name":"Home","item":"https:\/\/rj-experience.com\/"},{"@type":"ListItem","position":2,"name":"Giganotosaurus"}]},{"@type":"WebSite","@id":"https:\/\/rj-experience.com\/#website","url":"https:\/\/rj-experience.com\/","name":"RJ Exp\u00e9rience","description":"","publisher":{"@id":"https:\/\/rj-experience.com\/#organization"},"potentialAction":[{"@type":"SearchAction","target":{"@type":"EntryPoint","urlTemplate":"https:\/\/rj-experience.com\/?s={search_term_string}"},"query-input":{"@type":"PropertyValueSpecification","valueRequired":true,"valueName":"search_term_string"}}],"inLanguage":"en-US"},{"@type":"Organization","@id":"https:\/\/rj-experience.com\/#organization","name":"RJ Exp\u00e9rience","url":"https:\/\/rj-experience.com\/","logo":{"@type":"ImageObject","inLanguage":"en-US","@id":"https:\/\/rj-experience.com\/#\/schema\/logo\/image\/","url":"https:\/\/rj-experience.com\/wp-content\/uploads\/2025\/10\/cropped-ChatGPT-Image-28-oct.-2025-18_28_26.png","contentUrl":"https:\/\/rj-experience.com\/wp-content\/uploads\/2025\/10\/cropped-ChatGPT-Image-28-oct.-2025-18_28_26.png","width":512,"height":512,"caption":"RJ Exp\u00e9rience"},"image":{"@id":"https:\/\/rj-experience.com\/#\/schema\/logo\/image\/"}}]}},"_links":{"self":[{"href":"https:\/\/rj-experience.com\/index.php\/wp-json\/wp\/v2\/pages\/259","targetHints":{"allow":["GET"]}}],"collection":[{"href":"https:\/\/rj-experience.com\/index.php\/wp-json\/wp\/v2\/pages"}],"about":[{"href":"https:\/\/rj-experience.com\/index.php\/wp-json\/wp\/v2\/types\/page"}],"author":[{"embeddable":true,"href":"https:\/\/rj-experience.com\/index.php\/wp-json\/wp\/v2\/users\/1"}],"replies":[{"embeddable":true,"href":"https:\/\/rj-experience.com\/index.php\/wp-json\/wp\/v2\/comments?post=259"}],"version-history":[{"count":4,"href":"https:\/\/rj-experience.com\/index.php\/wp-json\/wp\/v2\/pages\/259\/revisions"}],"predecessor-version":[{"id":909,"href":"https:\/\/rj-experience.com\/index.php\/wp-json\/wp\/v2\/pages\/259\/revisions\/909"}],"wp:attachment":[{"href":"https:\/\/rj-experience.com\/index.php\/wp-json\/wp\/v2\/media?parent=259"}],"curies":[{"name":"wp","href":"https:\/\/api.w.org\/{rel}","templated":true}]}}