{"id":248,"date":"2025-07-21T15:16:15","date_gmt":"2025-07-21T15:16:15","guid":{"rendered":"http:\/\/rj-experience.com\/?page_id=248"},"modified":"2025-07-24T14:09:32","modified_gmt":"2025-07-24T14:09:32","slug":"carnotaurus","status":"publish","type":"page","link":"https:\/\/rj-experience.com\/index.php\/carnotaurus\/","title":{"rendered":"Carnotaurus"},"content":{"rendered":"\t\t<div data-elementor-type=\"wp-page\" data-elementor-id=\"248\" class=\"elementor elementor-248\">\n\t\t\t\t<div class=\"elementor-element elementor-element-1d610c7 e-flex e-con-boxed e-con e-parent\" data-id=\"1d610c7\" data-element_type=\"container\">\n\t\t\t\t\t<div class=\"e-con-inner\">\n\t\t\t\t<div class=\"elementor-element elementor-element-564f624 elementor-widget elementor-widget-text-editor\" data-id=\"564f624\" data-element_type=\"widget\" data-widget_type=\"text-editor.default\">\n\t\t\t\t\t\t\t\t\t<h3>\u00a0 \u00a0 \u00a0 \u00a0 \u00a0 \u00a0 \u00a0 \u00a0 \u00a0 \u00a0 \u00a0 \u00a0 \u00a0 \u00a0 \u00a0 Carnotaurus<\/h3><p>1.Qui a d\u00e9couvert le Carnotaurus ?<\/p><p>Le <strong>Carnotaurus<\/strong> a \u00e9t\u00e9 d\u00e9couvert par le pal\u00e9ontologue argentin <strong>Jos\u00e9 Bonaparte<\/strong>.<\/p><p>2.Ou \u00e0 t\u2019il trouver le fossile de ce reptile?<\/p><p>Il a \u00e9t\u00e9 trouv\u00e9 en <strong>Argentine<\/strong>, dans la province de <strong>Chubut<\/strong>, en Patagonie.<\/p><p>3.Quand il a trouve le premier os de ce reptile?<\/p><p>Le premier fossile de Carnotaurus a \u00e9t\u00e9 d\u00e9couvert en <strong>1984<\/strong>.<\/p><p>4.Il est carnivore ou herbivore?<\/p><p>Le Carnotaurus \u00e9tait <strong>carnivore<\/strong>, un pr\u00e9dateur rapide.<\/p><p>5.Combien fait sa taille?<\/p><p>Il mesurait environ <strong>7,5 \u00e0 9 m\u00e8tres de long<\/strong>.<\/p><p>6.Combien p\u00e8se son poids ?<\/p><p>Son poids est estim\u00e9 entre <strong>1,5 et 2 tonnes<\/strong>.<\/p><p>7.Le Carnotaurus vient du cr\u00e9tac\u00e9 , du tria ou du jurassique ?<\/p><p>Il vivait au <strong>Cr\u00e9tac\u00e9 sup\u00e9rieur<\/strong>, il y a environ <strong>70 millions d&#8217;ann\u00e9es<\/strong>.<\/p><p>8.De quelle famille appartient le Carnotaurus ?<\/p><p>Il appartient \u00e0 la famille des <strong>Abelisauridae<\/strong>, des th\u00e9ropodes carnivores.<\/p><p>9.Combien \u00e0 v\u00e9cu le Carnotaurus ?<\/p><p>Il aurait pu vivre jusqu\u2019\u00e0 <strong>25 \u00e0 30 ans<\/strong>, comme d\u2019autres th\u00e9ropodes.<\/p><p>10.Combien fait la taille de ces dents ?<\/p><p>Ses dents mesuraient environ <strong>4 \u00e0 5<\/strong><strong> centim\u00e8tres<\/strong>, elles \u00e9taient petites mais coupantes.<\/p><p>11.Quel est son scientifique ?<\/p><p>Son nom scientifique est <strong>Carnotaurus<\/strong><strong> sastrei<\/strong>.<br \/><em>Carnotaurus<\/em> signifie &#8220;taureau carnivore&#8221;.<\/p><p>12.Combien p\u00e8se son cerveau?<\/p><p>Le cerveau du Carnotaurus \u00e9tait petit, environ <strong>150 \u00e0 200 grammes<\/strong>.<\/p><p>13.Il vit seul ou en troupeau?<\/p><p>On pense qu\u2019il <strong>vivait seul<\/strong>, mais certaines hypoth\u00e8ses sugg\u00e8rent qu\u2019il pouvait chasser en petit groupe.<\/p><p>14.Qui est son premier os qui a \u00e9t\u00e9 trouv\u00e9?<\/p><p>Le fossile retrouv\u00e9 \u00e9tait un <strong>squelette presque complet<\/strong>, y compris le cr\u00e2ne avec ses c\u00e9l\u00e8bres <strong>cornes<\/strong>.<\/p><p>15.Quand il le nomme ?<\/p><p>Le Carnotaurus a \u00e9t\u00e9 <strong>nomm\u00e9 en 1985<\/strong> par Jos\u00e9 Bonaparte.<\/p><p>16.Combien il a de dents?<\/p><p>Il avait environ <strong>40 \u00e0 50 dents<\/strong>, petites, recourb\u00e9es et tranchantes.<\/p><p>17.Quels sont les autres dinosaures qui vivaient \u00e0 cette \u00e9poque?<\/p><p>Voici quelques dinosaures du Cr\u00e9tac\u00e9 sup\u00e9rieur d\u2019Am\u00e9rique du Sud :<\/p><ul><li><strong>Argentinosaurus<\/strong> (immense sauropode)<\/li><li><strong>Abelisaurus<\/strong><\/li><li><strong>Majungasaurus<\/strong> (proche parent, mais vivant \u00e0 Madagascar)<\/li><li><strong>Saltasaurus<\/strong><\/li><li><strong>Quilmesaurus<\/strong><\/li><\/ul><p>\u00a0<\/p><p>\u00a0<\/p><p>\u00a0<\/p><p>\u00a0<\/p><p>\u00a0<\/p><p>\u00a0<\/p><p>\u00a0<\/p><p>\u00a0<\/p><p>\u00a0<\/p>\t\t\t\t\t\t\t\t<\/div>\n\t\t\t\t\t<\/div>\n\t\t\t\t<\/div>\n\t\t\t\t<\/div>\n\t\t","protected":false},"excerpt":{"rendered":"<p>\u00a0 \u00a0 \u00a0 \u00a0 \u00a0 \u00a0 \u00a0 \u00a0 \u00a0 \u00a0 \u00a0 \u00a0 \u00a0 \u00a0 \u00a0 Carnotaurus 1.Qui a d\u00e9couvert le Carnotaurus ? Le Carnotaurus a \u00e9t\u00e9 d\u00e9couvert par le pal\u00e9ontologue argentin Jos\u00e9 Bonaparte. 2.Ou \u00e0 t\u2019il trouver le fossile de ce reptile? Il a \u00e9t\u00e9 trouv\u00e9 en Argentine, dans la province de Chubut, en Patagonie. [&hellip;]<\/p>\n","protected":false},"author":1,"featured_media":0,"parent":0,"menu_order":0,"comment_status":"closed","ping_status":"closed","template":"","meta":{"footnotes":""},"class_list":["post-248","page","type-page","status-publish","hentry"],"yoast_head":"<!-- This site is optimized with the Yoast SEO plugin v26.2 - https:\/\/yoast.com\/wordpress\/plugins\/seo\/ -->\n<title>Carnotaurus - RJ Exp\u00e9rience<\/title>\n<meta name=\"robots\" content=\"index, follow, max-snippet:-1, max-image-preview:large, max-video-preview:-1\" \/>\n<link rel=\"canonical\" href=\"https:\/\/rj-experience.com\/index.php\/carnotaurus\/\" \/>\n<meta property=\"og:locale\" content=\"en_US\" \/>\n<meta property=\"og:type\" content=\"article\" \/>\n<meta property=\"og:title\" content=\"Carnotaurus - RJ Exp\u00e9rience\" \/>\n<meta property=\"og:description\" content=\"\u00a0 \u00a0 \u00a0 \u00a0 \u00a0 \u00a0 \u00a0 \u00a0 \u00a0 \u00a0 \u00a0 \u00a0 \u00a0 \u00a0 \u00a0 Carnotaurus 1.Qui a d\u00e9couvert le Carnotaurus ? Le Carnotaurus a \u00e9t\u00e9 d\u00e9couvert par le pal\u00e9ontologue argentin Jos\u00e9 Bonaparte. 2.Ou \u00e0 t\u2019il trouver le fossile de ce reptile? Il a \u00e9t\u00e9 trouv\u00e9 en Argentine, dans la province de Chubut, en Patagonie. [&hellip;]\" \/>\n<meta property=\"og:url\" content=\"https:\/\/rj-experience.com\/index.php\/carnotaurus\/\" \/>\n<meta property=\"og:site_name\" content=\"RJ Exp\u00e9rience\" \/>\n<meta property=\"article:modified_time\" content=\"2025-07-24T14:09:32+00:00\" \/>\n<meta name=\"twitter:card\" content=\"summary_large_image\" \/>\n<meta name=\"twitter:label1\" content=\"Est. reading time\" \/>\n\t<meta name=\"twitter:data1\" content=\"2 minutes\" \/>\n<script type=\"application\/ld+json\" class=\"yoast-schema-graph\">{\"@context\":\"https:\/\/schema.org\",\"@graph\":[{\"@type\":\"WebPage\",\"@id\":\"https:\/\/rj-experience.com\/index.php\/carnotaurus\/\",\"url\":\"https:\/\/rj-experience.com\/index.php\/carnotaurus\/\",\"name\":\"Carnotaurus - RJ Exp\u00e9rience\",\"isPartOf\":{\"@id\":\"https:\/\/rj-experience.com\/#website\"},\"datePublished\":\"2025-07-21T15:16:15+00:00\",\"dateModified\":\"2025-07-24T14:09:32+00:00\",\"breadcrumb\":{\"@id\":\"https:\/\/rj-experience.com\/index.php\/carnotaurus\/#breadcrumb\"},\"inLanguage\":\"en-US\",\"potentialAction\":[{\"@type\":\"ReadAction\",\"target\":[\"https:\/\/rj-experience.com\/index.php\/carnotaurus\/\"]}]},{\"@type\":\"BreadcrumbList\",\"@id\":\"https:\/\/rj-experience.com\/index.php\/carnotaurus\/#breadcrumb\",\"itemListElement\":[{\"@type\":\"ListItem\",\"position\":1,\"name\":\"Home\",\"item\":\"https:\/\/rj-experience.com\/\"},{\"@type\":\"ListItem\",\"position\":2,\"name\":\"Carnotaurus\"}]},{\"@type\":\"WebSite\",\"@id\":\"https:\/\/rj-experience.com\/#website\",\"url\":\"https:\/\/rj-experience.com\/\",\"name\":\"RJ Exp\u00e9rience\",\"description\":\"\",\"publisher\":{\"@id\":\"https:\/\/rj-experience.com\/#organization\"},\"potentialAction\":[{\"@type\":\"SearchAction\",\"target\":{\"@type\":\"EntryPoint\",\"urlTemplate\":\"https:\/\/rj-experience.com\/?s={search_term_string}\"},\"query-input\":{\"@type\":\"PropertyValueSpecification\",\"valueRequired\":true,\"valueName\":\"search_term_string\"}}],\"inLanguage\":\"en-US\"},{\"@type\":\"Organization\",\"@id\":\"https:\/\/rj-experience.com\/#organization\",\"name\":\"RJ Exp\u00e9rience\",\"url\":\"https:\/\/rj-experience.com\/\",\"logo\":{\"@type\":\"ImageObject\",\"inLanguage\":\"en-US\",\"@id\":\"https:\/\/rj-experience.com\/#\/schema\/logo\/image\/\",\"url\":\"https:\/\/rj-experience.com\/wp-content\/uploads\/2025\/10\/cropped-ChatGPT-Image-28-oct.-2025-18_28_26.png\",\"contentUrl\":\"https:\/\/rj-experience.com\/wp-content\/uploads\/2025\/10\/cropped-ChatGPT-Image-28-oct.-2025-18_28_26.png\",\"width\":512,\"height\":512,\"caption\":\"RJ Exp\u00e9rience\"},\"image\":{\"@id\":\"https:\/\/rj-experience.com\/#\/schema\/logo\/image\/\"}}]}<\/script>\n<!-- \/ Yoast SEO plugin. -->","yoast_head_json":{"title":"Carnotaurus - RJ Exp\u00e9rience","robots":{"index":"index","follow":"follow","max-snippet":"max-snippet:-1","max-image-preview":"max-image-preview:large","max-video-preview":"max-video-preview:-1"},"canonical":"https:\/\/rj-experience.com\/index.php\/carnotaurus\/","og_locale":"en_US","og_type":"article","og_title":"Carnotaurus - RJ Exp\u00e9rience","og_description":"\u00a0 \u00a0 \u00a0 \u00a0 \u00a0 \u00a0 \u00a0 \u00a0 \u00a0 \u00a0 \u00a0 \u00a0 \u00a0 \u00a0 \u00a0 Carnotaurus 1.Qui a d\u00e9couvert le Carnotaurus ? Le Carnotaurus a \u00e9t\u00e9 d\u00e9couvert par le pal\u00e9ontologue argentin Jos\u00e9 Bonaparte. 2.Ou \u00e0 t\u2019il trouver le fossile de ce reptile? Il a \u00e9t\u00e9 trouv\u00e9 en Argentine, dans la province de Chubut, en Patagonie. [&hellip;]","og_url":"https:\/\/rj-experience.com\/index.php\/carnotaurus\/","og_site_name":"RJ Exp\u00e9rience","article_modified_time":"2025-07-24T14:09:32+00:00","twitter_card":"summary_large_image","twitter_misc":{"Est. reading time":"2 minutes"},"schema":{"@context":"https:\/\/schema.org","@graph":[{"@type":"WebPage","@id":"https:\/\/rj-experience.com\/index.php\/carnotaurus\/","url":"https:\/\/rj-experience.com\/index.php\/carnotaurus\/","name":"Carnotaurus - RJ Exp\u00e9rience","isPartOf":{"@id":"https:\/\/rj-experience.com\/#website"},"datePublished":"2025-07-21T15:16:15+00:00","dateModified":"2025-07-24T14:09:32+00:00","breadcrumb":{"@id":"https:\/\/rj-experience.com\/index.php\/carnotaurus\/#breadcrumb"},"inLanguage":"en-US","potentialAction":[{"@type":"ReadAction","target":["https:\/\/rj-experience.com\/index.php\/carnotaurus\/"]}]},{"@type":"BreadcrumbList","@id":"https:\/\/rj-experience.com\/index.php\/carnotaurus\/#breadcrumb","itemListElement":[{"@type":"ListItem","position":1,"name":"Home","item":"https:\/\/rj-experience.com\/"},{"@type":"ListItem","position":2,"name":"Carnotaurus"}]},{"@type":"WebSite","@id":"https:\/\/rj-experience.com\/#website","url":"https:\/\/rj-experience.com\/","name":"RJ Exp\u00e9rience","description":"","publisher":{"@id":"https:\/\/rj-experience.com\/#organization"},"potentialAction":[{"@type":"SearchAction","target":{"@type":"EntryPoint","urlTemplate":"https:\/\/rj-experience.com\/?s={search_term_string}"},"query-input":{"@type":"PropertyValueSpecification","valueRequired":true,"valueName":"search_term_string"}}],"inLanguage":"en-US"},{"@type":"Organization","@id":"https:\/\/rj-experience.com\/#organization","name":"RJ Exp\u00e9rience","url":"https:\/\/rj-experience.com\/","logo":{"@type":"ImageObject","inLanguage":"en-US","@id":"https:\/\/rj-experience.com\/#\/schema\/logo\/image\/","url":"https:\/\/rj-experience.com\/wp-content\/uploads\/2025\/10\/cropped-ChatGPT-Image-28-oct.-2025-18_28_26.png","contentUrl":"https:\/\/rj-experience.com\/wp-content\/uploads\/2025\/10\/cropped-ChatGPT-Image-28-oct.-2025-18_28_26.png","width":512,"height":512,"caption":"RJ Exp\u00e9rience"},"image":{"@id":"https:\/\/rj-experience.com\/#\/schema\/logo\/image\/"}}]}},"_links":{"self":[{"href":"https:\/\/rj-experience.com\/index.php\/wp-json\/wp\/v2\/pages\/248","targetHints":{"allow":["GET"]}}],"collection":[{"href":"https:\/\/rj-experience.com\/index.php\/wp-json\/wp\/v2\/pages"}],"about":[{"href":"https:\/\/rj-experience.com\/index.php\/wp-json\/wp\/v2\/types\/page"}],"author":[{"embeddable":true,"href":"https:\/\/rj-experience.com\/index.php\/wp-json\/wp\/v2\/users\/1"}],"replies":[{"embeddable":true,"href":"https:\/\/rj-experience.com\/index.php\/wp-json\/wp\/v2\/comments?post=248"}],"version-history":[{"count":4,"href":"https:\/\/rj-experience.com\/index.php\/wp-json\/wp\/v2\/pages\/248\/revisions"}],"predecessor-version":[{"id":905,"href":"https:\/\/rj-experience.com\/index.php\/wp-json\/wp\/v2\/pages\/248\/revisions\/905"}],"wp:attachment":[{"href":"https:\/\/rj-experience.com\/index.php\/wp-json\/wp\/v2\/media?parent=248"}],"curies":[{"name":"wp","href":"https:\/\/api.w.org\/{rel}","templated":true}]}}