{"id":242,"date":"2025-07-21T15:13:36","date_gmt":"2025-07-21T15:13:36","guid":{"rendered":"http:\/\/rj-experience.com\/?page_id=242"},"modified":"2025-10-31T21:31:18","modified_gmt":"2025-10-31T21:31:18","slug":"allosaurus","status":"publish","type":"page","link":"https:\/\/rj-experience.com\/index.php\/allosaurus\/","title":{"rendered":"Allosaurus"},"content":{"rendered":"<h3>\u00a0 \u00a0 \u00a0 \u00a0 \u00a0 \u00a0 \u00a0 \u00a0 \u00a0 \u00a0 \u00a0 \u00a0 \u00a0 \u00a0 \u00a0 \u00a0 \u00a0 \u00a0 \u00a0Allosaurus<\/h3>\n<p>1.Qui a d\u00e9couvert l\u2019Allosaurus ?<\/p>\n<p>Il a \u00e9t\u00e9 d\u00e9couvert par <strong>Othniel Charles Marsh<\/strong>, un c\u00e9l\u00e8bre pal\u00e9ontologue am\u00e9ricain.<\/p>\n<p>2.Ou \u00e0 t\u2019il trouver le fossile de ce reptile?<\/p>\n<p>Les premiers fossiles ont \u00e9t\u00e9 trouv\u00e9s dans l\u2019\u00c9tat du <strong>Colorado<\/strong>, aux <strong>\u00c9tats-Unis<\/strong>, dans la formation de <strong>Morrison<\/strong>.<\/p>\n<p>3.Quand il a trouv\u00e9 le premier os de ce reptile?<\/p>\n<p>En 1877 , le premier os de ce reptile a ete trouver .<\/p>\n<p>4.Il est carnivore ou herbivore?<\/p>\n<p>Il est <strong>carnivore<\/strong>.<\/p>\n<p>5.Combien fait sa taille?<\/p>\n<p>Il mesurait environ <strong>4 \u00e0 5 m\u00e8tres de haut<\/strong>, et jusqu\u2019\u00e0 <strong>12 \u00e0 13 m\u00e8tres de long<\/strong> pour les plus grands sp\u00e9cimens.<\/p>\n<p>6.Combien p\u00e8se son poids ?<\/p>\n<p>Environ <strong>1,5 \u00e0 2 tonnes<\/strong> (1500 \u00e0 2000 kg), selon la taille de l\u2019individu.<\/p>\n<p>7.L\u2019Alamosaurus vient du cr\u00e9tac\u00e9,du tria ou du jurassique ?<\/p>\n<p>L\u2019<strong>Alamosaurus<\/strong> vient du <strong>Cr\u00e9tac\u00e9 sup\u00e9rieur<\/strong> (il ne faut pas le confondre avec l\u2019Allosaurus).<\/p>\n<p>8.De quelle famille appartient l\u2019Allosaurus ?<\/p>\n<p>L\u2019<strong>Alamosaurus<\/strong> appartient \u00e0 la famille des <strong>Titanosaurid\u00e9s<\/strong> (grands herbivores). <em>(Ce n\u2019est pas l\u2019Allosaurus.)<\/em><\/p>\n<p>9.Combien \u00e0 v\u00e9cu l\u2019Allosaurus ?<\/p>\n<p>Il pouvait vivre environ <strong>20 \u00e0 25 ans<\/strong>.<\/p>\n<p>10.Combien fait la taille de ces dents ?<\/p>\n<p>Ses dents mesuraient <strong>10 \u00e0 15 cm<\/strong>, pointues et recourb\u00e9es comme des crocs.<\/p>\n<p>11.Quel est son nom scientifique ?<\/p>\n<p>Son nom scientifique est <strong>Allosaurus fragilis<\/strong>.<\/p>\n<p>12.Combien p\u00e8se son cerveau?<\/p>\n<p>Son cerveau pesait environ <strong>150 \u00e0 200 grammes<\/strong>.<\/p>\n<p>13.Il vit seul ou en troupeau?<\/p>\n<p>Il est possible qu\u2019il <strong>chassait en groupe<\/strong>, surtout les jeunes. Des fossiles multiples ont \u00e9t\u00e9 trouv\u00e9s ensemble, sugg\u00e9rant un comportement social.<\/p>\n<p>14.Qui est son premier os qui a \u00e9t\u00e9 trouv\u00e9?\u00a0 Une <strong>vert\u00e8bre<\/strong> a \u00e9t\u00e9 l\u2019un des premiers os d\u00e9couverts, mais d\u2019autres fossiles comme des dents ont \u00e9t\u00e9 d\u00e9crits tr\u00e8s t\u00f4t.<\/p>\n<p>15.Quand il le nomme ?<\/p>\n<p>Le nom <strong>Allosaurus<\/strong> a \u00e9t\u00e9 donn\u00e9 en <strong>1877<\/strong> .<\/p>\n<p>16.Combien il a de dents?<\/p>\n<p>Il avait environ <strong>32 \u00e0 40 dents<\/strong> dans sa m\u00e2choire, renouvelables.<\/p>\n<p>17.Quels sont les autres dinosaures qui vivaient \u00e0 cette \u00e9poque ?<\/p>\n<p>Autres dinosaures du <strong>Jurassique sup\u00e9rieur<\/strong> (il y a 150 \u00e0 155 millions d\u2019ann\u00e9es) :<\/p>\n<ul>\n<li><strong>Stegosaurus<\/strong> (herbivore \u00e0 plaques dorsales)<\/li>\n<li><strong>Apatosaurus<\/strong> (grand sauropode)<\/li>\n<li><strong>Camarasaurus<\/strong><\/li>\n<li><strong>Diplodocus<\/strong><\/li>\n<li><strong>Ceratosaurus<\/strong> (autre carnivore)<\/li>\n<li><strong>Brachiosaurus<\/strong><\/li>\n<\/ul>\n","protected":false},"excerpt":{"rendered":"<p>\u00a0 \u00a0 \u00a0 \u00a0 \u00a0 \u00a0 \u00a0 \u00a0 \u00a0 \u00a0 \u00a0 \u00a0 \u00a0 \u00a0 \u00a0 \u00a0 \u00a0 \u00a0 \u00a0Allosaurus 1.Qui a d\u00e9couvert l\u2019Allosaurus ? Il a \u00e9t\u00e9 d\u00e9couvert par Othniel Charles Marsh, un c\u00e9l\u00e8bre pal\u00e9ontologue am\u00e9ricain. 2.Ou \u00e0 t\u2019il trouver le fossile de ce reptile? Les premiers fossiles ont \u00e9t\u00e9 trouv\u00e9s dans l\u2019\u00c9tat du Colorado, [&hellip;]<\/p>\n","protected":false},"author":1,"featured_media":0,"parent":0,"menu_order":0,"comment_status":"closed","ping_status":"closed","template":"","meta":{"footnotes":""},"class_list":["post-242","page","type-page","status-publish","hentry"],"yoast_head":"<!-- This site is optimized with the Yoast SEO plugin v26.2 - https:\/\/yoast.com\/wordpress\/plugins\/seo\/ -->\n<title>Allosaurus - RJ Exp\u00e9rience<\/title>\n<meta name=\"robots\" content=\"index, follow, max-snippet:-1, max-image-preview:large, max-video-preview:-1\" \/>\n<link rel=\"canonical\" href=\"https:\/\/rj-experience.com\/index.php\/allosaurus\/\" \/>\n<meta property=\"og:locale\" content=\"en_US\" \/>\n<meta property=\"og:type\" content=\"article\" \/>\n<meta property=\"og:title\" content=\"Allosaurus - RJ Exp\u00e9rience\" \/>\n<meta property=\"og:description\" content=\"\u00a0 \u00a0 \u00a0 \u00a0 \u00a0 \u00a0 \u00a0 \u00a0 \u00a0 \u00a0 \u00a0 \u00a0 \u00a0 \u00a0 \u00a0 \u00a0 \u00a0 \u00a0 \u00a0Allosaurus 1.Qui a d\u00e9couvert l\u2019Allosaurus ? Il a \u00e9t\u00e9 d\u00e9couvert par Othniel Charles Marsh, un c\u00e9l\u00e8bre pal\u00e9ontologue am\u00e9ricain. 2.Ou \u00e0 t\u2019il trouver le fossile de ce reptile? Les premiers fossiles ont \u00e9t\u00e9 trouv\u00e9s dans l\u2019\u00c9tat du Colorado, [&hellip;]\" \/>\n<meta property=\"og:url\" content=\"https:\/\/rj-experience.com\/index.php\/allosaurus\/\" \/>\n<meta property=\"og:site_name\" content=\"RJ Exp\u00e9rience\" \/>\n<meta property=\"article:modified_time\" content=\"2025-10-31T21:31:18+00:00\" \/>\n<meta name=\"twitter:card\" content=\"summary_large_image\" \/>\n<meta name=\"twitter:label1\" content=\"Est. reading time\" \/>\n\t<meta name=\"twitter:data1\" content=\"2 minutes\" \/>\n<script type=\"application\/ld+json\" class=\"yoast-schema-graph\">{\"@context\":\"https:\/\/schema.org\",\"@graph\":[{\"@type\":\"WebPage\",\"@id\":\"https:\/\/rj-experience.com\/index.php\/allosaurus\/\",\"url\":\"https:\/\/rj-experience.com\/index.php\/allosaurus\/\",\"name\":\"Allosaurus - RJ Exp\u00e9rience\",\"isPartOf\":{\"@id\":\"https:\/\/rj-experience.com\/#website\"},\"datePublished\":\"2025-07-21T15:13:36+00:00\",\"dateModified\":\"2025-10-31T21:31:18+00:00\",\"breadcrumb\":{\"@id\":\"https:\/\/rj-experience.com\/index.php\/allosaurus\/#breadcrumb\"},\"inLanguage\":\"en-US\",\"potentialAction\":[{\"@type\":\"ReadAction\",\"target\":[\"https:\/\/rj-experience.com\/index.php\/allosaurus\/\"]}]},{\"@type\":\"BreadcrumbList\",\"@id\":\"https:\/\/rj-experience.com\/index.php\/allosaurus\/#breadcrumb\",\"itemListElement\":[{\"@type\":\"ListItem\",\"position\":1,\"name\":\"Home\",\"item\":\"https:\/\/rj-experience.com\/\"},{\"@type\":\"ListItem\",\"position\":2,\"name\":\"Allosaurus\"}]},{\"@type\":\"WebSite\",\"@id\":\"https:\/\/rj-experience.com\/#website\",\"url\":\"https:\/\/rj-experience.com\/\",\"name\":\"RJ Exp\u00e9rience\",\"description\":\"\",\"publisher\":{\"@id\":\"https:\/\/rj-experience.com\/#organization\"},\"potentialAction\":[{\"@type\":\"SearchAction\",\"target\":{\"@type\":\"EntryPoint\",\"urlTemplate\":\"https:\/\/rj-experience.com\/?s={search_term_string}\"},\"query-input\":{\"@type\":\"PropertyValueSpecification\",\"valueRequired\":true,\"valueName\":\"search_term_string\"}}],\"inLanguage\":\"en-US\"},{\"@type\":\"Organization\",\"@id\":\"https:\/\/rj-experience.com\/#organization\",\"name\":\"RJ Exp\u00e9rience\",\"url\":\"https:\/\/rj-experience.com\/\",\"logo\":{\"@type\":\"ImageObject\",\"inLanguage\":\"en-US\",\"@id\":\"https:\/\/rj-experience.com\/#\/schema\/logo\/image\/\",\"url\":\"https:\/\/rj-experience.com\/wp-content\/uploads\/2025\/10\/cropped-ChatGPT-Image-28-oct.-2025-18_28_26.png\",\"contentUrl\":\"https:\/\/rj-experience.com\/wp-content\/uploads\/2025\/10\/cropped-ChatGPT-Image-28-oct.-2025-18_28_26.png\",\"width\":512,\"height\":512,\"caption\":\"RJ Exp\u00e9rience\"},\"image\":{\"@id\":\"https:\/\/rj-experience.com\/#\/schema\/logo\/image\/\"}}]}<\/script>\n<!-- \/ Yoast SEO plugin. -->","yoast_head_json":{"title":"Allosaurus - RJ Exp\u00e9rience","robots":{"index":"index","follow":"follow","max-snippet":"max-snippet:-1","max-image-preview":"max-image-preview:large","max-video-preview":"max-video-preview:-1"},"canonical":"https:\/\/rj-experience.com\/index.php\/allosaurus\/","og_locale":"en_US","og_type":"article","og_title":"Allosaurus - RJ Exp\u00e9rience","og_description":"\u00a0 \u00a0 \u00a0 \u00a0 \u00a0 \u00a0 \u00a0 \u00a0 \u00a0 \u00a0 \u00a0 \u00a0 \u00a0 \u00a0 \u00a0 \u00a0 \u00a0 \u00a0 \u00a0Allosaurus 1.Qui a d\u00e9couvert l\u2019Allosaurus ? Il a \u00e9t\u00e9 d\u00e9couvert par Othniel Charles Marsh, un c\u00e9l\u00e8bre pal\u00e9ontologue am\u00e9ricain. 2.Ou \u00e0 t\u2019il trouver le fossile de ce reptile? Les premiers fossiles ont \u00e9t\u00e9 trouv\u00e9s dans l\u2019\u00c9tat du Colorado, [&hellip;]","og_url":"https:\/\/rj-experience.com\/index.php\/allosaurus\/","og_site_name":"RJ Exp\u00e9rience","article_modified_time":"2025-10-31T21:31:18+00:00","twitter_card":"summary_large_image","twitter_misc":{"Est. reading time":"2 minutes"},"schema":{"@context":"https:\/\/schema.org","@graph":[{"@type":"WebPage","@id":"https:\/\/rj-experience.com\/index.php\/allosaurus\/","url":"https:\/\/rj-experience.com\/index.php\/allosaurus\/","name":"Allosaurus - RJ Exp\u00e9rience","isPartOf":{"@id":"https:\/\/rj-experience.com\/#website"},"datePublished":"2025-07-21T15:13:36+00:00","dateModified":"2025-10-31T21:31:18+00:00","breadcrumb":{"@id":"https:\/\/rj-experience.com\/index.php\/allosaurus\/#breadcrumb"},"inLanguage":"en-US","potentialAction":[{"@type":"ReadAction","target":["https:\/\/rj-experience.com\/index.php\/allosaurus\/"]}]},{"@type":"BreadcrumbList","@id":"https:\/\/rj-experience.com\/index.php\/allosaurus\/#breadcrumb","itemListElement":[{"@type":"ListItem","position":1,"name":"Home","item":"https:\/\/rj-experience.com\/"},{"@type":"ListItem","position":2,"name":"Allosaurus"}]},{"@type":"WebSite","@id":"https:\/\/rj-experience.com\/#website","url":"https:\/\/rj-experience.com\/","name":"RJ Exp\u00e9rience","description":"","publisher":{"@id":"https:\/\/rj-experience.com\/#organization"},"potentialAction":[{"@type":"SearchAction","target":{"@type":"EntryPoint","urlTemplate":"https:\/\/rj-experience.com\/?s={search_term_string}"},"query-input":{"@type":"PropertyValueSpecification","valueRequired":true,"valueName":"search_term_string"}}],"inLanguage":"en-US"},{"@type":"Organization","@id":"https:\/\/rj-experience.com\/#organization","name":"RJ Exp\u00e9rience","url":"https:\/\/rj-experience.com\/","logo":{"@type":"ImageObject","inLanguage":"en-US","@id":"https:\/\/rj-experience.com\/#\/schema\/logo\/image\/","url":"https:\/\/rj-experience.com\/wp-content\/uploads\/2025\/10\/cropped-ChatGPT-Image-28-oct.-2025-18_28_26.png","contentUrl":"https:\/\/rj-experience.com\/wp-content\/uploads\/2025\/10\/cropped-ChatGPT-Image-28-oct.-2025-18_28_26.png","width":512,"height":512,"caption":"RJ Exp\u00e9rience"},"image":{"@id":"https:\/\/rj-experience.com\/#\/schema\/logo\/image\/"}}]}},"_links":{"self":[{"href":"https:\/\/rj-experience.com\/index.php\/wp-json\/wp\/v2\/pages\/242","targetHints":{"allow":["GET"]}}],"collection":[{"href":"https:\/\/rj-experience.com\/index.php\/wp-json\/wp\/v2\/pages"}],"about":[{"href":"https:\/\/rj-experience.com\/index.php\/wp-json\/wp\/v2\/types\/page"}],"author":[{"embeddable":true,"href":"https:\/\/rj-experience.com\/index.php\/wp-json\/wp\/v2\/users\/1"}],"replies":[{"embeddable":true,"href":"https:\/\/rj-experience.com\/index.php\/wp-json\/wp\/v2\/comments?post=242"}],"version-history":[{"count":4,"href":"https:\/\/rj-experience.com\/index.php\/wp-json\/wp\/v2\/pages\/242\/revisions"}],"predecessor-version":[{"id":902,"href":"https:\/\/rj-experience.com\/index.php\/wp-json\/wp\/v2\/pages\/242\/revisions\/902"}],"wp:attachment":[{"href":"https:\/\/rj-experience.com\/index.php\/wp-json\/wp\/v2\/media?parent=242"}],"curies":[{"name":"wp","href":"https:\/\/api.w.org\/{rel}","templated":true}]}}