{"id":2172,"date":"2026-04-08T19:05:49","date_gmt":"2026-04-08T19:05:49","guid":{"rendered":"https:\/\/rj-experience.com\/?page_id=2172"},"modified":"2026-04-08T19:05:50","modified_gmt":"2026-04-08T19:05:50","slug":"anneau-multifonctionnel-intelligent-en-acier-inoxydable-pour-couple-sensation-dhumeur-anneaux-sensibles-a-la-temperature-bijoux-etanches","status":"publish","type":"page","link":"https:\/\/rj-experience.com\/index.php\/anneau-multifonctionnel-intelligent-en-acier-inoxydable-pour-couple-sensation-dhumeur-anneaux-sensibles-a-la-temperature-bijoux-etanches\/","title":{"rendered":"Anneau multifonctionnel Intelligent en acier inoxydable, pour Couple, sensation d&#8217;humeur, anneaux sensibles \u00e0 la temp\u00e9rature, bijoux \u00e9tanches"},"content":{"rendered":"","protected":false},"excerpt":{"rendered":"","protected":false},"author":1,"featured_media":0,"parent":0,"menu_order":0,"comment_status":"closed","ping_status":"closed","template":"","meta":{"footnotes":""},"class_list":["post-2172","page","type-page","status-publish","hentry"],"yoast_head":"<!-- This site is optimized with the Yoast SEO plugin v26.2 - https:\/\/yoast.com\/wordpress\/plugins\/seo\/ -->\n<title>Anneau multifonctionnel Intelligent en acier inoxydable, pour Couple, sensation d&#039;humeur, anneaux sensibles \u00e0 la temp\u00e9rature, bijoux \u00e9tanches - RJ Exp\u00e9rience<\/title>\n<meta name=\"robots\" content=\"index, follow, max-snippet:-1, max-image-preview:large, max-video-preview:-1\" \/>\n<link rel=\"canonical\" href=\"https:\/\/rj-experience.com\/index.php\/anneau-multifonctionnel-intelligent-en-acier-inoxydable-pour-couple-sensation-dhumeur-anneaux-sensibles-a-la-temperature-bijoux-etanches\/\" \/>\n<meta property=\"og:locale\" content=\"en_US\" \/>\n<meta property=\"og:type\" content=\"article\" \/>\n<meta property=\"og:title\" content=\"Anneau multifonctionnel Intelligent en acier inoxydable, pour Couple, sensation d&#039;humeur, anneaux sensibles \u00e0 la temp\u00e9rature, bijoux \u00e9tanches - RJ Exp\u00e9rience\" \/>\n<meta property=\"og:url\" content=\"https:\/\/rj-experience.com\/index.php\/anneau-multifonctionnel-intelligent-en-acier-inoxydable-pour-couple-sensation-dhumeur-anneaux-sensibles-a-la-temperature-bijoux-etanches\/\" \/>\n<meta property=\"og:site_name\" content=\"RJ Exp\u00e9rience\" \/>\n<meta property=\"article:modified_time\" content=\"2026-04-08T19:05:50+00:00\" \/>\n<meta name=\"twitter:card\" content=\"summary_large_image\" \/>\n<script type=\"application\/ld+json\" class=\"yoast-schema-graph\">{\"@context\":\"https:\/\/schema.org\",\"@graph\":[{\"@type\":\"WebPage\",\"@id\":\"https:\/\/rj-experience.com\/index.php\/anneau-multifonctionnel-intelligent-en-acier-inoxydable-pour-couple-sensation-dhumeur-anneaux-sensibles-a-la-temperature-bijoux-etanches\/\",\"url\":\"https:\/\/rj-experience.com\/index.php\/anneau-multifonctionnel-intelligent-en-acier-inoxydable-pour-couple-sensation-dhumeur-anneaux-sensibles-a-la-temperature-bijoux-etanches\/\",\"name\":\"Anneau multifonctionnel Intelligent en acier inoxydable, pour Couple, sensation d'humeur, anneaux sensibles \u00e0 la temp\u00e9rature, bijoux \u00e9tanches - RJ Exp\u00e9rience\",\"isPartOf\":{\"@id\":\"https:\/\/rj-experience.com\/#website\"},\"datePublished\":\"2026-04-08T19:05:49+00:00\",\"dateModified\":\"2026-04-08T19:05:50+00:00\",\"breadcrumb\":{\"@id\":\"https:\/\/rj-experience.com\/index.php\/anneau-multifonctionnel-intelligent-en-acier-inoxydable-pour-couple-sensation-dhumeur-anneaux-sensibles-a-la-temperature-bijoux-etanches\/#breadcrumb\"},\"inLanguage\":\"en-US\",\"potentialAction\":[{\"@type\":\"ReadAction\",\"target\":[\"https:\/\/rj-experience.com\/index.php\/anneau-multifonctionnel-intelligent-en-acier-inoxydable-pour-couple-sensation-dhumeur-anneaux-sensibles-a-la-temperature-bijoux-etanches\/\"]}]},{\"@type\":\"BreadcrumbList\",\"@id\":\"https:\/\/rj-experience.com\/index.php\/anneau-multifonctionnel-intelligent-en-acier-inoxydable-pour-couple-sensation-dhumeur-anneaux-sensibles-a-la-temperature-bijoux-etanches\/#breadcrumb\",\"itemListElement\":[{\"@type\":\"ListItem\",\"position\":1,\"name\":\"Home\",\"item\":\"https:\/\/rj-experience.com\/\"},{\"@type\":\"ListItem\",\"position\":2,\"name\":\"Anneau multifonctionnel Intelligent en acier inoxydable, pour Couple, sensation d&#8217;humeur, anneaux sensibles \u00e0 la temp\u00e9rature, bijoux \u00e9tanches\"}]},{\"@type\":\"WebSite\",\"@id\":\"https:\/\/rj-experience.com\/#website\",\"url\":\"https:\/\/rj-experience.com\/\",\"name\":\"RJ Exp\u00e9rience\",\"description\":\"\",\"publisher\":{\"@id\":\"https:\/\/rj-experience.com\/#organization\"},\"potentialAction\":[{\"@type\":\"SearchAction\",\"target\":{\"@type\":\"EntryPoint\",\"urlTemplate\":\"https:\/\/rj-experience.com\/?s={search_term_string}\"},\"query-input\":{\"@type\":\"PropertyValueSpecification\",\"valueRequired\":true,\"valueName\":\"search_term_string\"}}],\"inLanguage\":\"en-US\"},{\"@type\":\"Organization\",\"@id\":\"https:\/\/rj-experience.com\/#organization\",\"name\":\"RJ Exp\u00e9rience\",\"url\":\"https:\/\/rj-experience.com\/\",\"logo\":{\"@type\":\"ImageObject\",\"inLanguage\":\"en-US\",\"@id\":\"https:\/\/rj-experience.com\/#\/schema\/logo\/image\/\",\"url\":\"https:\/\/rj-experience.com\/wp-content\/uploads\/2025\/10\/cropped-ChatGPT-Image-28-oct.-2025-18_28_26.png\",\"contentUrl\":\"https:\/\/rj-experience.com\/wp-content\/uploads\/2025\/10\/cropped-ChatGPT-Image-28-oct.-2025-18_28_26.png\",\"width\":512,\"height\":512,\"caption\":\"RJ Exp\u00e9rience\"},\"image\":{\"@id\":\"https:\/\/rj-experience.com\/#\/schema\/logo\/image\/\"}}]}<\/script>\n<!-- \/ Yoast SEO plugin. -->","yoast_head_json":{"title":"Anneau multifonctionnel Intelligent en acier inoxydable, pour Couple, sensation d'humeur, anneaux sensibles \u00e0 la temp\u00e9rature, bijoux \u00e9tanches - RJ Exp\u00e9rience","robots":{"index":"index","follow":"follow","max-snippet":"max-snippet:-1","max-image-preview":"max-image-preview:large","max-video-preview":"max-video-preview:-1"},"canonical":"https:\/\/rj-experience.com\/index.php\/anneau-multifonctionnel-intelligent-en-acier-inoxydable-pour-couple-sensation-dhumeur-anneaux-sensibles-a-la-temperature-bijoux-etanches\/","og_locale":"en_US","og_type":"article","og_title":"Anneau multifonctionnel Intelligent en acier inoxydable, pour Couple, sensation d'humeur, anneaux sensibles \u00e0 la temp\u00e9rature, bijoux \u00e9tanches - RJ Exp\u00e9rience","og_url":"https:\/\/rj-experience.com\/index.php\/anneau-multifonctionnel-intelligent-en-acier-inoxydable-pour-couple-sensation-dhumeur-anneaux-sensibles-a-la-temperature-bijoux-etanches\/","og_site_name":"RJ Exp\u00e9rience","article_modified_time":"2026-04-08T19:05:50+00:00","twitter_card":"summary_large_image","schema":{"@context":"https:\/\/schema.org","@graph":[{"@type":"WebPage","@id":"https:\/\/rj-experience.com\/index.php\/anneau-multifonctionnel-intelligent-en-acier-inoxydable-pour-couple-sensation-dhumeur-anneaux-sensibles-a-la-temperature-bijoux-etanches\/","url":"https:\/\/rj-experience.com\/index.php\/anneau-multifonctionnel-intelligent-en-acier-inoxydable-pour-couple-sensation-dhumeur-anneaux-sensibles-a-la-temperature-bijoux-etanches\/","name":"Anneau multifonctionnel Intelligent en acier inoxydable, pour Couple, sensation d'humeur, anneaux sensibles \u00e0 la temp\u00e9rature, bijoux \u00e9tanches - RJ Exp\u00e9rience","isPartOf":{"@id":"https:\/\/rj-experience.com\/#website"},"datePublished":"2026-04-08T19:05:49+00:00","dateModified":"2026-04-08T19:05:50+00:00","breadcrumb":{"@id":"https:\/\/rj-experience.com\/index.php\/anneau-multifonctionnel-intelligent-en-acier-inoxydable-pour-couple-sensation-dhumeur-anneaux-sensibles-a-la-temperature-bijoux-etanches\/#breadcrumb"},"inLanguage":"en-US","potentialAction":[{"@type":"ReadAction","target":["https:\/\/rj-experience.com\/index.php\/anneau-multifonctionnel-intelligent-en-acier-inoxydable-pour-couple-sensation-dhumeur-anneaux-sensibles-a-la-temperature-bijoux-etanches\/"]}]},{"@type":"BreadcrumbList","@id":"https:\/\/rj-experience.com\/index.php\/anneau-multifonctionnel-intelligent-en-acier-inoxydable-pour-couple-sensation-dhumeur-anneaux-sensibles-a-la-temperature-bijoux-etanches\/#breadcrumb","itemListElement":[{"@type":"ListItem","position":1,"name":"Home","item":"https:\/\/rj-experience.com\/"},{"@type":"ListItem","position":2,"name":"Anneau multifonctionnel Intelligent en acier inoxydable, pour Couple, sensation d&#8217;humeur, anneaux sensibles \u00e0 la temp\u00e9rature, bijoux \u00e9tanches"}]},{"@type":"WebSite","@id":"https:\/\/rj-experience.com\/#website","url":"https:\/\/rj-experience.com\/","name":"RJ Exp\u00e9rience","description":"","publisher":{"@id":"https:\/\/rj-experience.com\/#organization"},"potentialAction":[{"@type":"SearchAction","target":{"@type":"EntryPoint","urlTemplate":"https:\/\/rj-experience.com\/?s={search_term_string}"},"query-input":{"@type":"PropertyValueSpecification","valueRequired":true,"valueName":"search_term_string"}}],"inLanguage":"en-US"},{"@type":"Organization","@id":"https:\/\/rj-experience.com\/#organization","name":"RJ Exp\u00e9rience","url":"https:\/\/rj-experience.com\/","logo":{"@type":"ImageObject","inLanguage":"en-US","@id":"https:\/\/rj-experience.com\/#\/schema\/logo\/image\/","url":"https:\/\/rj-experience.com\/wp-content\/uploads\/2025\/10\/cropped-ChatGPT-Image-28-oct.-2025-18_28_26.png","contentUrl":"https:\/\/rj-experience.com\/wp-content\/uploads\/2025\/10\/cropped-ChatGPT-Image-28-oct.-2025-18_28_26.png","width":512,"height":512,"caption":"RJ Exp\u00e9rience"},"image":{"@id":"https:\/\/rj-experience.com\/#\/schema\/logo\/image\/"}}]}},"_links":{"self":[{"href":"https:\/\/rj-experience.com\/index.php\/wp-json\/wp\/v2\/pages\/2172","targetHints":{"allow":["GET"]}}],"collection":[{"href":"https:\/\/rj-experience.com\/index.php\/wp-json\/wp\/v2\/pages"}],"about":[{"href":"https:\/\/rj-experience.com\/index.php\/wp-json\/wp\/v2\/types\/page"}],"author":[{"embeddable":true,"href":"https:\/\/rj-experience.com\/index.php\/wp-json\/wp\/v2\/users\/1"}],"replies":[{"embeddable":true,"href":"https:\/\/rj-experience.com\/index.php\/wp-json\/wp\/v2\/comments?post=2172"}],"version-history":[{"count":1,"href":"https:\/\/rj-experience.com\/index.php\/wp-json\/wp\/v2\/pages\/2172\/revisions"}],"predecessor-version":[{"id":2173,"href":"https:\/\/rj-experience.com\/index.php\/wp-json\/wp\/v2\/pages\/2172\/revisions\/2173"}],"wp:attachment":[{"href":"https:\/\/rj-experience.com\/index.php\/wp-json\/wp\/v2\/media?parent=2172"}],"curies":[{"name":"wp","href":"https:\/\/api.w.org\/{rel}","templated":true}]}}