{"id":2149,"date":"2026-04-08T18:24:00","date_gmt":"2026-04-08T18:24:00","guid":{"rendered":"https:\/\/rj-experience.com\/?page_id=2149"},"modified":"2026-04-08T19:07:59","modified_gmt":"2026-04-08T19:07:59","slug":"boutique","status":"publish","type":"page","link":"https:\/\/rj-experience.com\/index.php\/boutique\/","title":{"rendered":"Boutique"},"content":{"rendered":"\t\t<div data-elementor-type=\"wp-page\" data-elementor-id=\"2149\" class=\"elementor elementor-2149\">\n\t\t\t\t<div class=\"elementor-element elementor-element-47babcc e-flex e-con-boxed e-con e-parent\" data-id=\"47babcc\" data-element_type=\"container\">\n\t\t\t\t\t<div class=\"e-con-inner\">\n\t\t\t\t<div class=\"elementor-element elementor-element-59af040 elementor-widget elementor-widget-heading\" data-id=\"59af040\" data-element_type=\"widget\" data-widget_type=\"heading.default\">\n\t\t\t\t\t<h1 class=\"elementor-heading-title elementor-size-default\">Espessuce vous pr\u00e9sente <\/h1>\t\t\t\t<\/div>\n\t\t\t\t\t<\/div>\n\t\t\t\t<\/div>\n\t\t<div class=\"elementor-element elementor-element-14ecc9f e-grid e-con-boxed e-con e-parent\" data-id=\"14ecc9f\" data-element_type=\"container\">\n\t\t\t\t\t<div class=\"e-con-inner\">\n\t\t\t\t<div class=\"elementor-element elementor-element-5c6be92 elementor-widget elementor-widget-image\" data-id=\"5c6be92\" data-element_type=\"widget\" data-widget_type=\"image.default\">\n\t\t\t\t\t\t\t\t\t\t\t\t\t\t\t\t<a href=\"https:\/\/rj-experience.com\/index.php\/anneau-multifonctionnel-intelligent-en-acier-inoxydable-pour-couple-sensation-dhumeur-anneaux-sensibles-a-la-temperature-bijoux-etanches\/\">\n\t\t\t\t\t\t\t<img fetchpriority=\"high\" decoding=\"async\" width=\"313\" height=\"318\" src=\"https:\/\/rj-experience.com\/wp-content\/uploads\/2026\/04\/Capture-decran-2026-04-08-205234.png\" class=\"attachment-large size-large wp-image-2158\" alt=\"\" srcset=\"https:\/\/rj-experience.com\/wp-content\/uploads\/2026\/04\/Capture-decran-2026-04-08-205234.png 313w, https:\/\/rj-experience.com\/wp-content\/uploads\/2026\/04\/Capture-decran-2026-04-08-205234-295x300.png 295w\" sizes=\"(max-width: 313px) 100vw, 313px\" \/>\t\t\t\t\t\t\t\t<\/a>\n\t\t\t\t\t\t\t\t\t\t\t\t\t\t\t<\/div>\n\t\t\t\t<div class=\"elementor-element elementor-element-fa0c38c elementor-widget elementor-widget-image\" data-id=\"fa0c38c\" data-element_type=\"widget\" data-widget_type=\"image.default\">\n\t\t\t\t\t\t\t\t\t\t\t\t\t\t\t\t<a href=\"https:\/\/rj-experience.com\/index.php\/lunettes-dordinateur-anti-lumiere-bleue-pour-hommes-et-femmes-lunettes-de-lecture-lunettes-presbyopes-dioptries-1-0-1-5-2-2-5-4-0-pour-hommes-et-femmes\/\">\n\t\t\t\t\t\t\t<img decoding=\"async\" width=\"337\" height=\"323\" src=\"https:\/\/rj-experience.com\/wp-content\/uploads\/2026\/04\/Capture-decran-2026-04-08-205529.png\" class=\"attachment-large size-large wp-image-2160\" alt=\"\" srcset=\"https:\/\/rj-experience.com\/wp-content\/uploads\/2026\/04\/Capture-decran-2026-04-08-205529.png 337w, https:\/\/rj-experience.com\/wp-content\/uploads\/2026\/04\/Capture-decran-2026-04-08-205529-300x288.png 300w\" sizes=\"(max-width: 337px) 100vw, 337px\" \/>\t\t\t\t\t\t\t\t<\/a>\n\t\t\t\t\t\t\t\t\t\t\t\t\t\t\t<\/div>\n\t\t\t\t<div class=\"elementor-element elementor-element-864e474 elementor-widget elementor-widget-heading\" data-id=\"864e474\" data-element_type=\"widget\" data-widget_type=\"heading.default\">\n\t\t\t\t\t<h1 class=\"elementor-heading-title elementor-size-default\"><a href=\"https:\/\/rj-experience.com\/index.php\/anneau-multifonctionnel-intelligent-en-acier-inoxydable-pour-couple-sensation-dhumeur-anneaux-sensibles-a-la-temperature-bijoux-etanches\/\">Anneau multifonctionnel Intelligent en acier inoxydable, pour Couple, sensation d'humeur, anneaux sensibles \u00e0 la temp\u00e9rature, bijoux \u00e9tanches <\/a><\/h1>\t\t\t\t<\/div>\n\t\t\t\t<div class=\"elementor-element elementor-element-2b0ba5d elementor-widget elementor-widget-heading\" data-id=\"2b0ba5d\" data-element_type=\"widget\" data-widget_type=\"heading.default\">\n\t\t\t\t\t<h1 class=\"elementor-heading-title elementor-size-default\"><a href=\"https:\/\/rj-experience.com\/index.php\/lunettes-dordinateur-anti-lumiere-bleue-pour-hommes-et-femmes-lunettes-de-lecture-lunettes-presbyopes-dioptries-1-0-1-5-2-2-5-4-0-pour-hommes-et-femmes\/\"><span style=\", Roboto, Arial, Helvetica, sans-serif, SimSun;font-size: 15px;letter-spacing: normal\">Lunettes d'ordinateur anti-lumi\u00e8re bleue pour hommes et femmes, lunettes de lecture, lunettes presbyopes, dioptries +1.0 +1.5 +2 +2.5 +4.0 pour hommes et femmes<\/span><\/a><\/h1>\t\t\t\t<\/div>\n\t\t\t\t\t<\/div>\n\t\t\t\t<\/div>\n\t\t<div class=\"elementor-element elementor-element-531d304 e-flex e-con-boxed e-con e-parent\" data-id=\"531d304\" data-element_type=\"container\">\n\t\t\t\t\t<div class=\"e-con-inner\">\n\t\t\t\t<div class=\"elementor-element elementor-element-57277bd elementor-widget-divider--view-line elementor-widget elementor-widget-divider\" data-id=\"57277bd\" data-element_type=\"widget\" data-widget_type=\"divider.default\">\n\t\t\t\t\t\t\t<div class=\"elementor-divider\">\n\t\t\t<span class=\"elementor-divider-separator\">\n\t\t\t\t\t\t<\/span>\n\t\t<\/div>\n\t\t\t\t\t\t<\/div>\n\t\t\t\t\t<\/div>\n\t\t\t\t<\/div>\n\t\t<div class=\"elementor-element elementor-element-6bc7c27 e-grid e-con-boxed e-con e-parent\" data-id=\"6bc7c27\" data-element_type=\"container\">\n\t\t\t\t\t<div class=\"e-con-inner\">\n\t\t\t\t<div class=\"elementor-element elementor-element-2857692 elementor-widget elementor-widget-image\" data-id=\"2857692\" data-element_type=\"widget\" data-widget_type=\"image.default\">\n\t\t\t\t\t\t\t\t\t\t\t\t\t\t\t<img decoding=\"async\" width=\"324\" height=\"327\" src=\"https:\/\/rj-experience.com\/wp-content\/uploads\/2026\/04\/Capture-decran-2026-04-08-205954.png\" class=\"attachment-large size-large wp-image-2164\" alt=\"\" srcset=\"https:\/\/rj-experience.com\/wp-content\/uploads\/2026\/04\/Capture-decran-2026-04-08-205954.png 324w, https:\/\/rj-experience.com\/wp-content\/uploads\/2026\/04\/Capture-decran-2026-04-08-205954-297x300.png 297w, https:\/\/rj-experience.com\/wp-content\/uploads\/2026\/04\/Capture-decran-2026-04-08-205954-150x150.png 150w\" sizes=\"(max-width: 324px) 100vw, 324px\" \/>\t\t\t\t\t\t\t\t\t\t\t\t\t\t\t<\/div>\n\t\t\t\t<div class=\"elementor-element elementor-element-fc3c5f7 elementor-widget elementor-widget-image\" data-id=\"fc3c5f7\" data-element_type=\"widget\" data-widget_type=\"image.default\">\n\t\t\t\t\t\t\t\t\t\t\t\t\t\t\t<img loading=\"lazy\" decoding=\"async\" width=\"324\" height=\"330\" src=\"https:\/\/rj-experience.com\/wp-content\/uploads\/2026\/04\/Capture-decran-2026-04-08-210325.png\" class=\"attachment-large size-large wp-image-2168\" alt=\"\" srcset=\"https:\/\/rj-experience.com\/wp-content\/uploads\/2026\/04\/Capture-decran-2026-04-08-210325.png 324w, https:\/\/rj-experience.com\/wp-content\/uploads\/2026\/04\/Capture-decran-2026-04-08-210325-295x300.png 295w\" sizes=\"(max-width: 324px) 100vw, 324px\" \/>\t\t\t\t\t\t\t\t\t\t\t\t\t\t\t<\/div>\n\t\t\t\t<div class=\"elementor-element elementor-element-f1a27cf elementor-widget elementor-widget-heading\" data-id=\"f1a27cf\" data-element_type=\"widget\" data-widget_type=\"heading.default\">\n\t\t\t\t\t<h1 class=\"elementor-heading-title elementor-size-default\"><span style=\", Roboto, Arial, Helvetica, sans-serif, SimSun;font-size: 15px;letter-spacing: normal\">Lampe de lecture LED portable flexible, type \u00e0 clipser, lampe de lecture lumineuse, mini \u00e9clairage pour chambre \u00e0 coucher, lam138<\/span><\/h1>\t\t\t\t<\/div>\n\t\t\t\t<div class=\"elementor-element elementor-element-c893734 elementor-widget elementor-widget-heading\" data-id=\"c893734\" data-element_type=\"widget\" data-widget_type=\"heading.default\">\n\t\t\t\t\t<h2 class=\"elementor-heading-title elementor-size-default\"><span style=\", Roboto, Arial, Helvetica, sans-serif, SimSun;font-size: 15px;letter-spacing: normal\">\u00c9couteurs intra-auriculaires filaires avec Microphone, 3.5mm, prise 3.5, suppression du bruit, casque de Gamer, aides auditives bon march\u00e9, HiFi 9D<\/span><\/h2>\t\t\t\t<\/div>\n\t\t\t\t\t<\/div>\n\t\t\t\t<\/div>\n\t\t<div class=\"elementor-element elementor-element-a217d2f e-flex e-con-boxed e-con e-parent\" data-id=\"a217d2f\" data-element_type=\"container\">\n\t\t\t\t\t<div class=\"e-con-inner\">\n\t\t\t\t<div class=\"elementor-element elementor-element-b5cf456 elementor-widget-divider--view-line elementor-widget elementor-widget-divider\" data-id=\"b5cf456\" data-element_type=\"widget\" data-widget_type=\"divider.default\">\n\t\t\t\t\t\t\t<div class=\"elementor-divider\">\n\t\t\t<span class=\"elementor-divider-separator\">\n\t\t\t\t\t\t<\/span>\n\t\t<\/div>\n\t\t\t\t\t\t<\/div>\n\t\t\t\t\t<\/div>\n\t\t\t\t<\/div>\n\t\t\t\t<\/div>\n\t\t","protected":false},"excerpt":{"rendered":"<p>Espessuce vous pr\u00e9sente Anneau multifonctionnel Intelligent en acier inoxydable, pour Couple, sensation d&#8217;humeur, anneaux sensibles \u00e0 la temp\u00e9rature, bijoux \u00e9tanches Lunettes d&#8217;ordinateur anti-lumi\u00e8re bleue pour hommes et femmes, lunettes de lecture, lunettes presbyopes, dioptries +1.0 +1.5 +2 +2.5 +4.0 pour hommes et femmes Lampe de lecture LED portable flexible, type \u00e0 clipser, lampe de lecture [&hellip;]<\/p>\n","protected":false},"author":1,"featured_media":0,"parent":0,"menu_order":0,"comment_status":"closed","ping_status":"closed","template":"","meta":{"footnotes":""},"class_list":["post-2149","page","type-page","status-publish","hentry"],"yoast_head":"<!-- This site is optimized with the Yoast SEO plugin v26.2 - https:\/\/yoast.com\/wordpress\/plugins\/seo\/ -->\n<title>Boutique - RJ Exp\u00e9rience<\/title>\n<meta name=\"robots\" content=\"index, follow, max-snippet:-1, max-image-preview:large, max-video-preview:-1\" \/>\n<link rel=\"canonical\" href=\"https:\/\/rj-experience.com\/index.php\/boutique\/\" \/>\n<meta property=\"og:locale\" content=\"en_US\" \/>\n<meta property=\"og:type\" content=\"article\" \/>\n<meta property=\"og:title\" content=\"Boutique - RJ Exp\u00e9rience\" \/>\n<meta property=\"og:description\" content=\"Espessuce vous pr\u00e9sente Anneau multifonctionnel Intelligent en acier inoxydable, pour Couple, sensation d&#8217;humeur, anneaux sensibles \u00e0 la temp\u00e9rature, bijoux \u00e9tanches Lunettes d&#8217;ordinateur anti-lumi\u00e8re bleue pour hommes et femmes, lunettes de lecture, lunettes presbyopes, dioptries +1.0 +1.5 +2 +2.5 +4.0 pour hommes et femmes Lampe de lecture LED portable flexible, type \u00e0 clipser, lampe de lecture [&hellip;]\" \/>\n<meta property=\"og:url\" content=\"https:\/\/rj-experience.com\/index.php\/boutique\/\" \/>\n<meta property=\"og:site_name\" content=\"RJ Exp\u00e9rience\" \/>\n<meta property=\"article:modified_time\" content=\"2026-04-08T19:07:59+00:00\" \/>\n<meta property=\"og:image\" content=\"https:\/\/rj-experience.com\/wp-content\/uploads\/2026\/04\/Capture-decran-2026-04-08-205234.png\" \/>\n\t<meta property=\"og:image:width\" content=\"313\" \/>\n\t<meta property=\"og:image:height\" content=\"318\" \/>\n\t<meta property=\"og:image:type\" content=\"image\/png\" \/>\n<meta name=\"twitter:card\" content=\"summary_large_image\" \/>\n<meta name=\"twitter:label1\" content=\"Est. reading time\" \/>\n\t<meta name=\"twitter:data1\" content=\"1 minute\" \/>\n<script type=\"application\/ld+json\" class=\"yoast-schema-graph\">{\"@context\":\"https:\/\/schema.org\",\"@graph\":[{\"@type\":\"WebPage\",\"@id\":\"https:\/\/rj-experience.com\/index.php\/boutique\/\",\"url\":\"https:\/\/rj-experience.com\/index.php\/boutique\/\",\"name\":\"Boutique - RJ Exp\u00e9rience\",\"isPartOf\":{\"@id\":\"https:\/\/rj-experience.com\/#website\"},\"primaryImageOfPage\":{\"@id\":\"https:\/\/rj-experience.com\/index.php\/boutique\/#primaryimage\"},\"image\":{\"@id\":\"https:\/\/rj-experience.com\/index.php\/boutique\/#primaryimage\"},\"thumbnailUrl\":\"https:\/\/rj-experience.com\/wp-content\/uploads\/2026\/04\/Capture-decran-2026-04-08-205234.png\",\"datePublished\":\"2026-04-08T18:24:00+00:00\",\"dateModified\":\"2026-04-08T19:07:59+00:00\",\"breadcrumb\":{\"@id\":\"https:\/\/rj-experience.com\/index.php\/boutique\/#breadcrumb\"},\"inLanguage\":\"en-US\",\"potentialAction\":[{\"@type\":\"ReadAction\",\"target\":[\"https:\/\/rj-experience.com\/index.php\/boutique\/\"]}]},{\"@type\":\"ImageObject\",\"inLanguage\":\"en-US\",\"@id\":\"https:\/\/rj-experience.com\/index.php\/boutique\/#primaryimage\",\"url\":\"https:\/\/rj-experience.com\/wp-content\/uploads\/2026\/04\/Capture-decran-2026-04-08-205234.png\",\"contentUrl\":\"https:\/\/rj-experience.com\/wp-content\/uploads\/2026\/04\/Capture-decran-2026-04-08-205234.png\",\"width\":313,\"height\":318},{\"@type\":\"BreadcrumbList\",\"@id\":\"https:\/\/rj-experience.com\/index.php\/boutique\/#breadcrumb\",\"itemListElement\":[{\"@type\":\"ListItem\",\"position\":1,\"name\":\"Home\",\"item\":\"https:\/\/rj-experience.com\/\"},{\"@type\":\"ListItem\",\"position\":2,\"name\":\"Boutique\"}]},{\"@type\":\"WebSite\",\"@id\":\"https:\/\/rj-experience.com\/#website\",\"url\":\"https:\/\/rj-experience.com\/\",\"name\":\"RJ Exp\u00e9rience\",\"description\":\"\",\"publisher\":{\"@id\":\"https:\/\/rj-experience.com\/#organization\"},\"potentialAction\":[{\"@type\":\"SearchAction\",\"target\":{\"@type\":\"EntryPoint\",\"urlTemplate\":\"https:\/\/rj-experience.com\/?s={search_term_string}\"},\"query-input\":{\"@type\":\"PropertyValueSpecification\",\"valueRequired\":true,\"valueName\":\"search_term_string\"}}],\"inLanguage\":\"en-US\"},{\"@type\":\"Organization\",\"@id\":\"https:\/\/rj-experience.com\/#organization\",\"name\":\"RJ Exp\u00e9rience\",\"url\":\"https:\/\/rj-experience.com\/\",\"logo\":{\"@type\":\"ImageObject\",\"inLanguage\":\"en-US\",\"@id\":\"https:\/\/rj-experience.com\/#\/schema\/logo\/image\/\",\"url\":\"https:\/\/rj-experience.com\/wp-content\/uploads\/2025\/10\/cropped-ChatGPT-Image-28-oct.-2025-18_28_26.png\",\"contentUrl\":\"https:\/\/rj-experience.com\/wp-content\/uploads\/2025\/10\/cropped-ChatGPT-Image-28-oct.-2025-18_28_26.png\",\"width\":512,\"height\":512,\"caption\":\"RJ Exp\u00e9rience\"},\"image\":{\"@id\":\"https:\/\/rj-experience.com\/#\/schema\/logo\/image\/\"}}]}<\/script>\n<!-- \/ Yoast SEO plugin. -->","yoast_head_json":{"title":"Boutique - RJ Exp\u00e9rience","robots":{"index":"index","follow":"follow","max-snippet":"max-snippet:-1","max-image-preview":"max-image-preview:large","max-video-preview":"max-video-preview:-1"},"canonical":"https:\/\/rj-experience.com\/index.php\/boutique\/","og_locale":"en_US","og_type":"article","og_title":"Boutique - RJ Exp\u00e9rience","og_description":"Espessuce vous pr\u00e9sente Anneau multifonctionnel Intelligent en acier inoxydable, pour Couple, sensation d&#8217;humeur, anneaux sensibles \u00e0 la temp\u00e9rature, bijoux \u00e9tanches Lunettes d&#8217;ordinateur anti-lumi\u00e8re bleue pour hommes et femmes, lunettes de lecture, lunettes presbyopes, dioptries +1.0 +1.5 +2 +2.5 +4.0 pour hommes et femmes Lampe de lecture LED portable flexible, type \u00e0 clipser, lampe de lecture [&hellip;]","og_url":"https:\/\/rj-experience.com\/index.php\/boutique\/","og_site_name":"RJ Exp\u00e9rience","article_modified_time":"2026-04-08T19:07:59+00:00","og_image":[{"width":313,"height":318,"url":"https:\/\/rj-experience.com\/wp-content\/uploads\/2026\/04\/Capture-decran-2026-04-08-205234.png","type":"image\/png"}],"twitter_card":"summary_large_image","twitter_misc":{"Est. reading time":"1 minute"},"schema":{"@context":"https:\/\/schema.org","@graph":[{"@type":"WebPage","@id":"https:\/\/rj-experience.com\/index.php\/boutique\/","url":"https:\/\/rj-experience.com\/index.php\/boutique\/","name":"Boutique - RJ Exp\u00e9rience","isPartOf":{"@id":"https:\/\/rj-experience.com\/#website"},"primaryImageOfPage":{"@id":"https:\/\/rj-experience.com\/index.php\/boutique\/#primaryimage"},"image":{"@id":"https:\/\/rj-experience.com\/index.php\/boutique\/#primaryimage"},"thumbnailUrl":"https:\/\/rj-experience.com\/wp-content\/uploads\/2026\/04\/Capture-decran-2026-04-08-205234.png","datePublished":"2026-04-08T18:24:00+00:00","dateModified":"2026-04-08T19:07:59+00:00","breadcrumb":{"@id":"https:\/\/rj-experience.com\/index.php\/boutique\/#breadcrumb"},"inLanguage":"en-US","potentialAction":[{"@type":"ReadAction","target":["https:\/\/rj-experience.com\/index.php\/boutique\/"]}]},{"@type":"ImageObject","inLanguage":"en-US","@id":"https:\/\/rj-experience.com\/index.php\/boutique\/#primaryimage","url":"https:\/\/rj-experience.com\/wp-content\/uploads\/2026\/04\/Capture-decran-2026-04-08-205234.png","contentUrl":"https:\/\/rj-experience.com\/wp-content\/uploads\/2026\/04\/Capture-decran-2026-04-08-205234.png","width":313,"height":318},{"@type":"BreadcrumbList","@id":"https:\/\/rj-experience.com\/index.php\/boutique\/#breadcrumb","itemListElement":[{"@type":"ListItem","position":1,"name":"Home","item":"https:\/\/rj-experience.com\/"},{"@type":"ListItem","position":2,"name":"Boutique"}]},{"@type":"WebSite","@id":"https:\/\/rj-experience.com\/#website","url":"https:\/\/rj-experience.com\/","name":"RJ Exp\u00e9rience","description":"","publisher":{"@id":"https:\/\/rj-experience.com\/#organization"},"potentialAction":[{"@type":"SearchAction","target":{"@type":"EntryPoint","urlTemplate":"https:\/\/rj-experience.com\/?s={search_term_string}"},"query-input":{"@type":"PropertyValueSpecification","valueRequired":true,"valueName":"search_term_string"}}],"inLanguage":"en-US"},{"@type":"Organization","@id":"https:\/\/rj-experience.com\/#organization","name":"RJ Exp\u00e9rience","url":"https:\/\/rj-experience.com\/","logo":{"@type":"ImageObject","inLanguage":"en-US","@id":"https:\/\/rj-experience.com\/#\/schema\/logo\/image\/","url":"https:\/\/rj-experience.com\/wp-content\/uploads\/2025\/10\/cropped-ChatGPT-Image-28-oct.-2025-18_28_26.png","contentUrl":"https:\/\/rj-experience.com\/wp-content\/uploads\/2025\/10\/cropped-ChatGPT-Image-28-oct.-2025-18_28_26.png","width":512,"height":512,"caption":"RJ Exp\u00e9rience"},"image":{"@id":"https:\/\/rj-experience.com\/#\/schema\/logo\/image\/"}}]}},"_links":{"self":[{"href":"https:\/\/rj-experience.com\/index.php\/wp-json\/wp\/v2\/pages\/2149","targetHints":{"allow":["GET"]}}],"collection":[{"href":"https:\/\/rj-experience.com\/index.php\/wp-json\/wp\/v2\/pages"}],"about":[{"href":"https:\/\/rj-experience.com\/index.php\/wp-json\/wp\/v2\/types\/page"}],"author":[{"embeddable":true,"href":"https:\/\/rj-experience.com\/index.php\/wp-json\/wp\/v2\/users\/1"}],"replies":[{"embeddable":true,"href":"https:\/\/rj-experience.com\/index.php\/wp-json\/wp\/v2\/comments?post=2149"}],"version-history":[{"count":10,"href":"https:\/\/rj-experience.com\/index.php\/wp-json\/wp\/v2\/pages\/2149\/revisions"}],"predecessor-version":[{"id":2181,"href":"https:\/\/rj-experience.com\/index.php\/wp-json\/wp\/v2\/pages\/2149\/revisions\/2181"}],"wp:attachment":[{"href":"https:\/\/rj-experience.com\/index.php\/wp-json\/wp\/v2\/media?parent=2149"}],"curies":[{"name":"wp","href":"https:\/\/api.w.org\/{rel}","templated":true}]}}