{"id":2139,"date":"2026-04-08T18:05:28","date_gmt":"2026-04-08T18:05:28","guid":{"rendered":"https:\/\/rj-experience.com\/?page_id=2139"},"modified":"2026-04-08T18:09:14","modified_gmt":"2026-04-08T18:09:14","slug":"des-campagnes-de-nettoyage-a-grande-echelle-une-initiative-presidentielle-apprecie-par-les-citoyen","status":"publish","type":"page","link":"https:\/\/rj-experience.com\/index.php\/des-campagnes-de-nettoyage-a-grande-echelle-une-initiative-presidentielle-apprecie-par-les-citoyen\/","title":{"rendered":"Des campagnes de nettoyage a grande \u00e9chelle une initiative pr\u00e9sidentielle appr\u00e9ci\u00e9 par les citoyen"},"content":{"rendered":"\t\t<div data-elementor-type=\"wp-page\" data-elementor-id=\"2139\" class=\"elementor elementor-2139\">\n\t\t\t\t<div class=\"elementor-element elementor-element-b5ee4af e-flex e-con-boxed e-con e-parent\" data-id=\"b5ee4af\" data-element_type=\"container\">\n\t\t\t\t\t<div class=\"e-con-inner\">\n\t\t\t\t<div class=\"elementor-element elementor-element-555ea71 elementor-widget elementor-widget-text-editor\" data-id=\"555ea71\" data-element_type=\"widget\" data-widget_type=\"text-editor.default\">\n\t\t\t\t\t\t\t\t\t<p data-start=\"113\" data-end=\"651\">Les <strong data-start=\"117\" data-end=\"171\">campagnes de nettoyage \u00e0 grande \u00e9chelle en Tunisie<\/strong>, lanc\u00e9es sous l\u2019impulsion pr\u00e9sidentielle, sont bien plus qu\u2019un simple ramassage de d\u00e9chets. Elles repr\u00e9sentent une <strong data-start=\"287\" data-end=\"416\">initiative strat\u00e9gique visant \u00e0 transformer durablement le paysage urbain et \u00e0 instaurer une culture de propret\u00e9 \u00e0 long terme<\/strong>. Dans les principales villes comme Tunis, Sfax, Sousse ou B\u00e9ja, des \u00e9quipes sp\u00e9cialis\u00e9es travaillent jour et nuit pour d\u00e9barrasser les rues, les ruelles et les places publiques des amas de d\u00e9chets qui s\u2019accumulent depuis des ann\u00e9es.<\/p><p data-start=\"653\" data-end=\"1131\">Ces op\u00e9rations s\u2019accompagnent de <strong data-start=\"686\" data-end=\"737\">technologies modernes et de m\u00e9thodes innovantes<\/strong> : camions-bennes \u00e0 haute capacit\u00e9, balayeuses automatiques, drones pour rep\u00e9rer les zones les plus pollu\u00e9es et syst\u00e8mes de tri des d\u00e9chets pour maximiser le recyclage. L\u2019objectif n\u2019est pas seulement esth\u00e9tique : il s\u2019agit \u00e9galement de <strong data-start=\"973\" data-end=\"1004\">pr\u00e9server la sant\u00e9 publique<\/strong>, de r\u00e9duire les risques sanitaires li\u00e9s aux d\u00e9chets et de prot\u00e9ger l\u2019environnement face aux effets du changement climatique.<\/p><p data-start=\"1133\" data-end=\"1627\">La population tunisienne, t\u00e9moin de ces efforts, montre un r\u00e9el engouement. Les citoyens ne se contentent plus de constater le changement : beaucoup participent activement, en se joignant aux \u00e9quipes de nettoyage ou en adoptant des comportements plus responsables, comme le tri des d\u00e9chets \u00e0 la source. Sur les r\u00e9seaux sociaux, les campagnes pr\u00e9sidentielles sont largement relay\u00e9es, avec des photos et vid\u00e9os montrant des rues parfaitement nettoy\u00e9es, suscitant admiration et fiert\u00e9 nationale.<\/p><p data-start=\"1629\" data-end=\"2122\">Au-del\u00e0 de la propret\u00e9 physique, ces campagnes ont \u00e9galement un <strong data-start=\"1693\" data-end=\"1724\">impact social et \u00e9conomique<\/strong>. Elles cr\u00e9ent des emplois temporaires et permanents dans le secteur de l\u2019assainissement, favorisent l\u2019implication des jeunes et des associations locales, et stimulent une prise de conscience collective autour de la durabilit\u00e9 et de l\u2019\u00e9cologie. Certains quartiers qui souffraient de r\u00e9putation n\u00e9gative retrouvent un <strong data-start=\"2041\" data-end=\"2082\">renouveau urbanistique et touristique<\/strong>, attirant visiteurs et investisseurs.<\/p><p data-start=\"2124\" data-end=\"2553\">Enfin, ces initiatives pr\u00e9sidentielles envoient un <strong data-start=\"2175\" data-end=\"2202\">message symbolique fort<\/strong> : l\u2019\u00c9tat prend des mesures concr\u00e8tes pour am\u00e9liorer le quotidien des citoyens, et chaque habitant est encourag\u00e9 \u00e0 contribuer \u00e0 ce changement positif. C\u2019est un exemple de gouvernance proactive, o\u00f9 l\u2019action concr\u00e8te rencontre la mobilisation populaire, g\u00e9n\u00e9rant un <strong data-start=\"2466\" data-end=\"2505\">effet domino d\u2019am\u00e9lioration durable<\/strong> pour la soci\u00e9t\u00e9 tunisienne dans son ensemble.<\/p>\t\t\t\t\t\t\t\t<\/div>\n\t\t\t\t\t<\/div>\n\t\t\t\t<\/div>\n\t\t\t\t<\/div>\n\t\t","protected":false},"excerpt":{"rendered":"<p>Les campagnes de nettoyage \u00e0 grande \u00e9chelle en Tunisie, lanc\u00e9es sous l\u2019impulsion pr\u00e9sidentielle, sont bien plus qu\u2019un simple ramassage de d\u00e9chets. Elles repr\u00e9sentent une initiative strat\u00e9gique visant \u00e0 transformer durablement le paysage urbain et \u00e0 instaurer une culture de propret\u00e9 \u00e0 long terme. Dans les principales villes comme Tunis, Sfax, Sousse ou B\u00e9ja, des \u00e9quipes [&hellip;]<\/p>\n","protected":false},"author":1,"featured_media":0,"parent":0,"menu_order":0,"comment_status":"closed","ping_status":"closed","template":"","meta":{"footnotes":""},"class_list":["post-2139","page","type-page","status-publish","hentry"],"yoast_head":"<!-- This site is optimized with the Yoast SEO plugin v26.2 - https:\/\/yoast.com\/wordpress\/plugins\/seo\/ -->\n<title>Des campagnes de nettoyage a grande \u00e9chelle une initiative pr\u00e9sidentielle appr\u00e9ci\u00e9 par les citoyen - RJ Exp\u00e9rience<\/title>\n<meta name=\"robots\" content=\"index, follow, max-snippet:-1, max-image-preview:large, max-video-preview:-1\" \/>\n<link rel=\"canonical\" href=\"https:\/\/rj-experience.com\/index.php\/des-campagnes-de-nettoyage-a-grande-echelle-une-initiative-presidentielle-apprecie-par-les-citoyen\/\" \/>\n<meta property=\"og:locale\" content=\"en_US\" \/>\n<meta property=\"og:type\" content=\"article\" \/>\n<meta property=\"og:title\" content=\"Des campagnes de nettoyage a grande \u00e9chelle une initiative pr\u00e9sidentielle appr\u00e9ci\u00e9 par les citoyen - RJ Exp\u00e9rience\" \/>\n<meta property=\"og:description\" content=\"Les campagnes de nettoyage \u00e0 grande \u00e9chelle en Tunisie, lanc\u00e9es sous l\u2019impulsion pr\u00e9sidentielle, sont bien plus qu\u2019un simple ramassage de d\u00e9chets. Elles repr\u00e9sentent une initiative strat\u00e9gique visant \u00e0 transformer durablement le paysage urbain et \u00e0 instaurer une culture de propret\u00e9 \u00e0 long terme. Dans les principales villes comme Tunis, Sfax, Sousse ou B\u00e9ja, des \u00e9quipes [&hellip;]\" \/>\n<meta property=\"og:url\" content=\"https:\/\/rj-experience.com\/index.php\/des-campagnes-de-nettoyage-a-grande-echelle-une-initiative-presidentielle-apprecie-par-les-citoyen\/\" \/>\n<meta property=\"og:site_name\" content=\"RJ Exp\u00e9rience\" \/>\n<meta property=\"article:modified_time\" content=\"2026-04-08T18:09:14+00:00\" \/>\n<meta name=\"twitter:card\" content=\"summary_large_image\" \/>\n<meta name=\"twitter:label1\" content=\"Est. reading time\" \/>\n\t<meta name=\"twitter:data1\" content=\"2 minutes\" \/>\n<script type=\"application\/ld+json\" class=\"yoast-schema-graph\">{\"@context\":\"https:\/\/schema.org\",\"@graph\":[{\"@type\":\"WebPage\",\"@id\":\"https:\/\/rj-experience.com\/index.php\/des-campagnes-de-nettoyage-a-grande-echelle-une-initiative-presidentielle-apprecie-par-les-citoyen\/\",\"url\":\"https:\/\/rj-experience.com\/index.php\/des-campagnes-de-nettoyage-a-grande-echelle-une-initiative-presidentielle-apprecie-par-les-citoyen\/\",\"name\":\"Des campagnes de nettoyage a grande \u00e9chelle une initiative pr\u00e9sidentielle appr\u00e9ci\u00e9 par les citoyen - RJ Exp\u00e9rience\",\"isPartOf\":{\"@id\":\"https:\/\/rj-experience.com\/#website\"},\"datePublished\":\"2026-04-08T18:05:28+00:00\",\"dateModified\":\"2026-04-08T18:09:14+00:00\",\"breadcrumb\":{\"@id\":\"https:\/\/rj-experience.com\/index.php\/des-campagnes-de-nettoyage-a-grande-echelle-une-initiative-presidentielle-apprecie-par-les-citoyen\/#breadcrumb\"},\"inLanguage\":\"en-US\",\"potentialAction\":[{\"@type\":\"ReadAction\",\"target\":[\"https:\/\/rj-experience.com\/index.php\/des-campagnes-de-nettoyage-a-grande-echelle-une-initiative-presidentielle-apprecie-par-les-citoyen\/\"]}]},{\"@type\":\"BreadcrumbList\",\"@id\":\"https:\/\/rj-experience.com\/index.php\/des-campagnes-de-nettoyage-a-grande-echelle-une-initiative-presidentielle-apprecie-par-les-citoyen\/#breadcrumb\",\"itemListElement\":[{\"@type\":\"ListItem\",\"position\":1,\"name\":\"Home\",\"item\":\"https:\/\/rj-experience.com\/\"},{\"@type\":\"ListItem\",\"position\":2,\"name\":\"Des campagnes de nettoyage a grande \u00e9chelle une initiative pr\u00e9sidentielle appr\u00e9ci\u00e9 par les citoyen\"}]},{\"@type\":\"WebSite\",\"@id\":\"https:\/\/rj-experience.com\/#website\",\"url\":\"https:\/\/rj-experience.com\/\",\"name\":\"RJ Exp\u00e9rience\",\"description\":\"\",\"publisher\":{\"@id\":\"https:\/\/rj-experience.com\/#organization\"},\"potentialAction\":[{\"@type\":\"SearchAction\",\"target\":{\"@type\":\"EntryPoint\",\"urlTemplate\":\"https:\/\/rj-experience.com\/?s={search_term_string}\"},\"query-input\":{\"@type\":\"PropertyValueSpecification\",\"valueRequired\":true,\"valueName\":\"search_term_string\"}}],\"inLanguage\":\"en-US\"},{\"@type\":\"Organization\",\"@id\":\"https:\/\/rj-experience.com\/#organization\",\"name\":\"RJ Exp\u00e9rience\",\"url\":\"https:\/\/rj-experience.com\/\",\"logo\":{\"@type\":\"ImageObject\",\"inLanguage\":\"en-US\",\"@id\":\"https:\/\/rj-experience.com\/#\/schema\/logo\/image\/\",\"url\":\"https:\/\/rj-experience.com\/wp-content\/uploads\/2025\/10\/cropped-ChatGPT-Image-28-oct.-2025-18_28_26.png\",\"contentUrl\":\"https:\/\/rj-experience.com\/wp-content\/uploads\/2025\/10\/cropped-ChatGPT-Image-28-oct.-2025-18_28_26.png\",\"width\":512,\"height\":512,\"caption\":\"RJ Exp\u00e9rience\"},\"image\":{\"@id\":\"https:\/\/rj-experience.com\/#\/schema\/logo\/image\/\"}}]}<\/script>\n<!-- \/ Yoast SEO plugin. -->","yoast_head_json":{"title":"Des campagnes de nettoyage a grande \u00e9chelle une initiative pr\u00e9sidentielle appr\u00e9ci\u00e9 par les citoyen - RJ Exp\u00e9rience","robots":{"index":"index","follow":"follow","max-snippet":"max-snippet:-1","max-image-preview":"max-image-preview:large","max-video-preview":"max-video-preview:-1"},"canonical":"https:\/\/rj-experience.com\/index.php\/des-campagnes-de-nettoyage-a-grande-echelle-une-initiative-presidentielle-apprecie-par-les-citoyen\/","og_locale":"en_US","og_type":"article","og_title":"Des campagnes de nettoyage a grande \u00e9chelle une initiative pr\u00e9sidentielle appr\u00e9ci\u00e9 par les citoyen - RJ Exp\u00e9rience","og_description":"Les campagnes de nettoyage \u00e0 grande \u00e9chelle en Tunisie, lanc\u00e9es sous l\u2019impulsion pr\u00e9sidentielle, sont bien plus qu\u2019un simple ramassage de d\u00e9chets. Elles repr\u00e9sentent une initiative strat\u00e9gique visant \u00e0 transformer durablement le paysage urbain et \u00e0 instaurer une culture de propret\u00e9 \u00e0 long terme. Dans les principales villes comme Tunis, Sfax, Sousse ou B\u00e9ja, des \u00e9quipes [&hellip;]","og_url":"https:\/\/rj-experience.com\/index.php\/des-campagnes-de-nettoyage-a-grande-echelle-une-initiative-presidentielle-apprecie-par-les-citoyen\/","og_site_name":"RJ Exp\u00e9rience","article_modified_time":"2026-04-08T18:09:14+00:00","twitter_card":"summary_large_image","twitter_misc":{"Est. reading time":"2 minutes"},"schema":{"@context":"https:\/\/schema.org","@graph":[{"@type":"WebPage","@id":"https:\/\/rj-experience.com\/index.php\/des-campagnes-de-nettoyage-a-grande-echelle-une-initiative-presidentielle-apprecie-par-les-citoyen\/","url":"https:\/\/rj-experience.com\/index.php\/des-campagnes-de-nettoyage-a-grande-echelle-une-initiative-presidentielle-apprecie-par-les-citoyen\/","name":"Des campagnes de nettoyage a grande \u00e9chelle une initiative pr\u00e9sidentielle appr\u00e9ci\u00e9 par les citoyen - RJ Exp\u00e9rience","isPartOf":{"@id":"https:\/\/rj-experience.com\/#website"},"datePublished":"2026-04-08T18:05:28+00:00","dateModified":"2026-04-08T18:09:14+00:00","breadcrumb":{"@id":"https:\/\/rj-experience.com\/index.php\/des-campagnes-de-nettoyage-a-grande-echelle-une-initiative-presidentielle-apprecie-par-les-citoyen\/#breadcrumb"},"inLanguage":"en-US","potentialAction":[{"@type":"ReadAction","target":["https:\/\/rj-experience.com\/index.php\/des-campagnes-de-nettoyage-a-grande-echelle-une-initiative-presidentielle-apprecie-par-les-citoyen\/"]}]},{"@type":"BreadcrumbList","@id":"https:\/\/rj-experience.com\/index.php\/des-campagnes-de-nettoyage-a-grande-echelle-une-initiative-presidentielle-apprecie-par-les-citoyen\/#breadcrumb","itemListElement":[{"@type":"ListItem","position":1,"name":"Home","item":"https:\/\/rj-experience.com\/"},{"@type":"ListItem","position":2,"name":"Des campagnes de nettoyage a grande \u00e9chelle une initiative pr\u00e9sidentielle appr\u00e9ci\u00e9 par les citoyen"}]},{"@type":"WebSite","@id":"https:\/\/rj-experience.com\/#website","url":"https:\/\/rj-experience.com\/","name":"RJ Exp\u00e9rience","description":"","publisher":{"@id":"https:\/\/rj-experience.com\/#organization"},"potentialAction":[{"@type":"SearchAction","target":{"@type":"EntryPoint","urlTemplate":"https:\/\/rj-experience.com\/?s={search_term_string}"},"query-input":{"@type":"PropertyValueSpecification","valueRequired":true,"valueName":"search_term_string"}}],"inLanguage":"en-US"},{"@type":"Organization","@id":"https:\/\/rj-experience.com\/#organization","name":"RJ Exp\u00e9rience","url":"https:\/\/rj-experience.com\/","logo":{"@type":"ImageObject","inLanguage":"en-US","@id":"https:\/\/rj-experience.com\/#\/schema\/logo\/image\/","url":"https:\/\/rj-experience.com\/wp-content\/uploads\/2025\/10\/cropped-ChatGPT-Image-28-oct.-2025-18_28_26.png","contentUrl":"https:\/\/rj-experience.com\/wp-content\/uploads\/2025\/10\/cropped-ChatGPT-Image-28-oct.-2025-18_28_26.png","width":512,"height":512,"caption":"RJ Exp\u00e9rience"},"image":{"@id":"https:\/\/rj-experience.com\/#\/schema\/logo\/image\/"}}]}},"_links":{"self":[{"href":"https:\/\/rj-experience.com\/index.php\/wp-json\/wp\/v2\/pages\/2139","targetHints":{"allow":["GET"]}}],"collection":[{"href":"https:\/\/rj-experience.com\/index.php\/wp-json\/wp\/v2\/pages"}],"about":[{"href":"https:\/\/rj-experience.com\/index.php\/wp-json\/wp\/v2\/types\/page"}],"author":[{"embeddable":true,"href":"https:\/\/rj-experience.com\/index.php\/wp-json\/wp\/v2\/users\/1"}],"replies":[{"embeddable":true,"href":"https:\/\/rj-experience.com\/index.php\/wp-json\/wp\/v2\/comments?post=2139"}],"version-history":[{"count":4,"href":"https:\/\/rj-experience.com\/index.php\/wp-json\/wp\/v2\/pages\/2139\/revisions"}],"predecessor-version":[{"id":2146,"href":"https:\/\/rj-experience.com\/index.php\/wp-json\/wp\/v2\/pages\/2139\/revisions\/2146"}],"wp:attachment":[{"href":"https:\/\/rj-experience.com\/index.php\/wp-json\/wp\/v2\/media?parent=2139"}],"curies":[{"name":"wp","href":"https:\/\/api.w.org\/{rel}","templated":true}]}}