{"id":2122,"date":"2026-04-08T17:52:31","date_gmt":"2026-04-08T17:52:31","guid":{"rendered":"https:\/\/rj-experience.com\/?page_id=2122"},"modified":"2026-04-08T17:54:52","modified_gmt":"2026-04-08T17:54:52","slug":"la-monte-du-cash-en-tunisie-symptome-dun-systeme-financier-sous-tension","status":"publish","type":"page","link":"https:\/\/rj-experience.com\/index.php\/la-monte-du-cash-en-tunisie-symptome-dun-systeme-financier-sous-tension\/","title":{"rendered":"La monte du cash en Tunisie : Sympt\u00f4me d&#8217;un syst\u00e8me financier sous tension"},"content":{"rendered":"\t\t<div data-elementor-type=\"wp-page\" data-elementor-id=\"2122\" class=\"elementor elementor-2122\">\n\t\t\t\t<div class=\"elementor-element elementor-element-a20f3e1 e-flex e-con-boxed e-con e-parent\" data-id=\"a20f3e1\" data-element_type=\"container\">\n\t\t\t\t\t<div class=\"e-con-inner\">\n\t\t\t\t<div class=\"elementor-element elementor-element-e9109cf elementor-widget elementor-widget-text-editor\" data-id=\"e9109cf\" data-element_type=\"widget\" data-widget_type=\"text-editor.default\">\n\t\t\t\t\t\t\t\t\t<h3 data-section-id=\"9fdrwo\" data-start=\"132\" data-end=\"171\"><span role=\"text\"><strong data-start=\"136\" data-end=\"171\">1. Contexte : la mont\u00e9e du cash<\/strong><\/span><\/h3><p data-start=\"172\" data-end=\"520\">En Tunisie, malgr\u00e9 les efforts pour promouvoir les paiements \u00e9lectroniques et la banque digitale, <strong data-start=\"270\" data-end=\"309\">l\u2019usage du cash continue de cro\u00eetre<\/strong>, surtout depuis les derni\u00e8res ann\u00e9es. Cette tendance est paradoxale, car dans la plupart des \u00e9conomies modernes, le recours aux cartes et aux applications de paiement devrait augmenter avec la digitalisation.<\/p><p data-start=\"522\" data-end=\"702\">Cette mont\u00e9e du cash peut \u00eatre vue comme un <strong data-start=\"566\" data-end=\"614\">sympt\u00f4me d\u2019un syst\u00e8me financier sous tension<\/strong>, o\u00f9 la confiance dans les institutions bancaires et le syst\u00e8me mon\u00e9taire est limit\u00e9e.<\/p><hr data-start=\"704\" data-end=\"707\" \/><h3 data-section-id=\"1aa006y\" data-start=\"709\" data-end=\"754\"><span role=\"text\"><strong data-start=\"713\" data-end=\"754\">2. Causes principales de cette mont\u00e9e<\/strong><\/span><\/h3><p data-start=\"755\" data-end=\"801\"><strong data-start=\"755\" data-end=\"799\">a) Inflation et perte de pouvoir d\u2019achat<\/strong><\/p><ul data-start=\"802\" data-end=\"1109\"><li data-section-id=\"1sysw75\" data-start=\"802\" data-end=\"940\">L\u2019inflation persistante pousse les citoyens \u00e0 <strong data-start=\"850\" data-end=\"870\">pr\u00e9f\u00e9rer le cash<\/strong> pour contr\u00f4ler leurs d\u00e9penses et \u00e9viter les fluctuations bancaires.<\/li><li data-section-id=\"1fk7a2g\" data-start=\"941\" data-end=\"1109\">Le cash est per\u00e7u comme tangible et imm\u00e9diatement utilisable, contrairement \u00e0 l\u2019argent \u00e9lectronique qui peut sembler abstrait ou sujet aux frais et aux limitations.<\/li><\/ul><p data-start=\"1111\" data-end=\"1157\"><strong data-start=\"1111\" data-end=\"1155\">b) M\u00e9fiance envers les banques et l\u2019\u00c9tat<\/strong><\/p><ul data-start=\"1158\" data-end=\"1374\"><li data-section-id=\"e2oo60\" data-start=\"1158\" data-end=\"1234\">Les crises \u00e9conomiques r\u00e9centes ont fragilis\u00e9 la confiance des citoyens.<\/li><li data-section-id=\"1pqp4u2\" data-start=\"1235\" data-end=\"1374\">Certains pr\u00e9f\u00e8rent <strong data-start=\"1256\" data-end=\"1304\">retirer leurs fonds et les garder en esp\u00e8ces<\/strong> pour se prot\u00e9ger contre une \u00e9ventuelle d\u00e9valuation ou gel bancaire.<\/li><\/ul><p data-start=\"1376\" data-end=\"1419\"><strong data-start=\"1376\" data-end=\"1417\">c) D\u00e9pendance \u00e0 l\u2019\u00e9conomie informelle<\/strong><\/p><ul data-start=\"1420\" data-end=\"1713\"><li data-section-id=\"zfa8si\" data-start=\"1420\" data-end=\"1595\">Une grande partie des transactions \u00e9conomiques se fait encore <strong data-start=\"1484\" data-end=\"1512\">hors du syst\u00e8me bancaire<\/strong>, surtout dans les petites entreprises, le commerce local et le secteur informel.<\/li><li data-section-id=\"b86v64\" data-start=\"1596\" data-end=\"1713\">Ces activit\u00e9s exigent souvent des paiements en esp\u00e8ces, ce qui entretient la circulation de billets et de pi\u00e8ces.<\/li><\/ul><p data-start=\"1715\" data-end=\"1761\"><strong data-start=\"1715\" data-end=\"1759\">d) Faible adoption des services digitaux<\/strong><\/p><ul data-start=\"1762\" data-end=\"1986\"><li data-section-id=\"shrjs3\" data-start=\"1762\" data-end=\"1890\">Les infrastructures num\u00e9riques et bancaires sont parfois <strong data-start=\"1821\" data-end=\"1853\">inaccessibles ou peu fiables<\/strong>, notamment dans les zones rurales.<\/li><li data-section-id=\"1vuwtcl\" data-start=\"1891\" data-end=\"1986\">La population, notamment les plus \u00e2g\u00e9s, reste attach\u00e9e au cash par habitude et par confort.<\/li><\/ul><hr data-start=\"1988\" data-end=\"1991\" \/><h3 data-section-id=\"p9xe46\" data-start=\"1993\" data-end=\"2042\"><span role=\"text\"><strong data-start=\"1997\" data-end=\"2042\">3. Cons\u00e9quences pour le syst\u00e8me financier<\/strong><\/span><\/h3><p data-start=\"2043\" data-end=\"2189\">La mont\u00e9e du cash n\u2019est pas seulement une question pratique ; elle refl\u00e8te <strong data-start=\"2118\" data-end=\"2153\">un syst\u00e8me financier en tension<\/strong>, avec des impacts significatifs :<\/p><ol data-start=\"2191\" data-end=\"2814\"><li data-section-id=\"1lxixbm\" data-start=\"2191\" data-end=\"2342\"><strong data-start=\"2194\" data-end=\"2226\">Moindre efficacit\u00e9 mon\u00e9taire<\/strong> : la Banque centrale a moins de contr\u00f4le sur la masse mon\u00e9taire et la politique mon\u00e9taire devient moins efficace.<\/li><li data-section-id=\"gyj0n9\" data-start=\"2343\" data-end=\"2477\"><strong data-start=\"2346\" data-end=\"2383\">Risque pour la stabilit\u00e9 bancaire<\/strong> : les retraits massifs de cash peuvent fragiliser les banques, surtout en p\u00e9riode de crise.<\/li><li data-section-id=\"v00go8\" data-start=\"2478\" data-end=\"2645\"><strong data-start=\"2481\" data-end=\"2521\">Limitation de l\u2019inclusion financi\u00e8re<\/strong> : l\u2019\u00e9conomie num\u00e9rique reste marginale, et une grande partie de la population est exclue des services bancaires modernes.<\/li><li data-section-id=\"2otmnt\" data-start=\"2646\" data-end=\"2814\"><strong data-start=\"2649\" data-end=\"2690\">Renforcement de l\u2019\u00e9conomie informelle<\/strong> : le cash favorise les transactions non d\u00e9clar\u00e9es, r\u00e9duisant les revenus fiscaux et limitant les investissements publics.<\/li><\/ol><hr data-start=\"2816\" data-end=\"2819\" \/><h3 data-section-id=\"8759tu\" data-start=\"2821\" data-end=\"2855\"><span role=\"text\"><strong data-start=\"2825\" data-end=\"2855\">4. Les solutions possibles<\/strong><\/span><\/h3><p data-start=\"2856\" data-end=\"2971\">Pour att\u00e9nuer cette mont\u00e9e du cash et renforcer le syst\u00e8me financier, plusieurs mesures peuvent \u00eatre envisag\u00e9es :<\/p><ol data-start=\"2973\" data-end=\"3578\"><li data-section-id=\"ieoc2s\" data-start=\"2973\" data-end=\"3115\"><strong data-start=\"2976\" data-end=\"3033\">Renforcer la confiance dans les banques et la monnaie<\/strong> : transparence, stabilit\u00e9 et communication efficace sur la s\u00e9curit\u00e9 des d\u00e9p\u00f4ts.<\/li><li data-section-id=\"4a972w\" data-start=\"3116\" data-end=\"3254\"><strong data-start=\"3119\" data-end=\"3156\">D\u00e9velopper l\u2019inclusion financi\u00e8re<\/strong> : cr\u00e9er des comptes accessibles, simples et peu co\u00fbteux pour tous, m\u00eame dans les zones rurales.<\/li><li data-section-id=\"hctcp6\" data-start=\"3255\" data-end=\"3453\"><strong data-start=\"3258\" data-end=\"3306\">Promouvoir le digital de mani\u00e8re progressive<\/strong> : campagnes de sensibilisation sur les paiements \u00e9lectroniques, syst\u00e8mes de portefeuilles mobiles et incitations \u00e0 utiliser des moyens digitaux.<\/li><li data-section-id=\"18lktdv\" data-start=\"3454\" data-end=\"3578\"><strong data-start=\"3457\" data-end=\"3491\">Encadrer l\u2019\u00e9conomie informelle<\/strong> : faciliter l\u2019int\u00e9gration des petites entreprises dans le syst\u00e8me l\u00e9gal et bancaire.<\/li><\/ol><hr data-start=\"3580\" data-end=\"3583\" \/><h3 data-section-id=\"8higam\" data-start=\"3585\" data-end=\"3606\"><span role=\"text\"><strong data-start=\"3589\" data-end=\"3606\">5. Conclusion<\/strong><\/span><\/h3><p data-start=\"3607\" data-end=\"3826\">La mont\u00e9e du cash en Tunisie est un <strong data-start=\"3643\" data-end=\"3688\">signal d\u2019alerte pour le syst\u00e8me financier<\/strong>. Elle traduit un m\u00e9lange de m\u00e9fiance, d\u2019inflation, de d\u00e9pendance \u00e0 l\u2019\u00e9conomie informelle et de limites dans la digitalisation bancaire.<\/p><p data-start=\"3828\" data-end=\"4075\"><strong data-start=\"3828\" data-end=\"4073\">Une transition r\u00e9ussie vers une \u00e9conomie plus digitale n\u00e9cessitera donc non seulement des outils technologiques, mais surtout de la confiance, de l\u2019\u00e9ducation financi\u00e8re et un accompagnement des citoyens et des entreprises dans ce changement.<\/strong><\/p>\t\t\t\t\t\t\t\t<\/div>\n\t\t\t\t\t<\/div>\n\t\t\t\t<\/div>\n\t\t\t\t<\/div>\n\t\t","protected":false},"excerpt":{"rendered":"<p>1. Contexte : la mont\u00e9e du cash En Tunisie, malgr\u00e9 les efforts pour promouvoir les paiements \u00e9lectroniques et la banque digitale, l\u2019usage du cash continue de cro\u00eetre, surtout depuis les derni\u00e8res ann\u00e9es. Cette tendance est paradoxale, car dans la plupart des \u00e9conomies modernes, le recours aux cartes et aux applications de paiement devrait augmenter avec [&hellip;]<\/p>\n","protected":false},"author":1,"featured_media":0,"parent":0,"menu_order":0,"comment_status":"closed","ping_status":"closed","template":"","meta":{"footnotes":""},"class_list":["post-2122","page","type-page","status-publish","hentry"],"yoast_head":"<!-- This site is optimized with the Yoast SEO plugin v26.2 - https:\/\/yoast.com\/wordpress\/plugins\/seo\/ -->\n<title>La monte du cash en Tunisie : Sympt\u00f4me d&#039;un syst\u00e8me financier sous tension - RJ Exp\u00e9rience<\/title>\n<meta name=\"robots\" content=\"index, follow, max-snippet:-1, max-image-preview:large, max-video-preview:-1\" \/>\n<link rel=\"canonical\" href=\"https:\/\/rj-experience.com\/index.php\/la-monte-du-cash-en-tunisie-symptome-dun-systeme-financier-sous-tension\/\" \/>\n<meta property=\"og:locale\" content=\"en_US\" \/>\n<meta property=\"og:type\" content=\"article\" \/>\n<meta property=\"og:title\" content=\"La monte du cash en Tunisie : Sympt\u00f4me d&#039;un syst\u00e8me financier sous tension - RJ Exp\u00e9rience\" \/>\n<meta property=\"og:description\" content=\"1. Contexte : la mont\u00e9e du cash En Tunisie, malgr\u00e9 les efforts pour promouvoir les paiements \u00e9lectroniques et la banque digitale, l\u2019usage du cash continue de cro\u00eetre, surtout depuis les derni\u00e8res ann\u00e9es. Cette tendance est paradoxale, car dans la plupart des \u00e9conomies modernes, le recours aux cartes et aux applications de paiement devrait augmenter avec [&hellip;]\" \/>\n<meta property=\"og:url\" content=\"https:\/\/rj-experience.com\/index.php\/la-monte-du-cash-en-tunisie-symptome-dun-systeme-financier-sous-tension\/\" \/>\n<meta property=\"og:site_name\" content=\"RJ Exp\u00e9rience\" \/>\n<meta property=\"article:modified_time\" content=\"2026-04-08T17:54:52+00:00\" \/>\n<meta name=\"twitter:card\" content=\"summary_large_image\" \/>\n<meta name=\"twitter:label1\" content=\"Est. reading time\" \/>\n\t<meta name=\"twitter:data1\" content=\"3 minutes\" \/>\n<script type=\"application\/ld+json\" class=\"yoast-schema-graph\">{\"@context\":\"https:\/\/schema.org\",\"@graph\":[{\"@type\":\"WebPage\",\"@id\":\"https:\/\/rj-experience.com\/index.php\/la-monte-du-cash-en-tunisie-symptome-dun-systeme-financier-sous-tension\/\",\"url\":\"https:\/\/rj-experience.com\/index.php\/la-monte-du-cash-en-tunisie-symptome-dun-systeme-financier-sous-tension\/\",\"name\":\"La monte du cash en Tunisie : Sympt\u00f4me d'un syst\u00e8me financier sous tension - RJ Exp\u00e9rience\",\"isPartOf\":{\"@id\":\"https:\/\/rj-experience.com\/#website\"},\"datePublished\":\"2026-04-08T17:52:31+00:00\",\"dateModified\":\"2026-04-08T17:54:52+00:00\",\"breadcrumb\":{\"@id\":\"https:\/\/rj-experience.com\/index.php\/la-monte-du-cash-en-tunisie-symptome-dun-systeme-financier-sous-tension\/#breadcrumb\"},\"inLanguage\":\"en-US\",\"potentialAction\":[{\"@type\":\"ReadAction\",\"target\":[\"https:\/\/rj-experience.com\/index.php\/la-monte-du-cash-en-tunisie-symptome-dun-systeme-financier-sous-tension\/\"]}]},{\"@type\":\"BreadcrumbList\",\"@id\":\"https:\/\/rj-experience.com\/index.php\/la-monte-du-cash-en-tunisie-symptome-dun-systeme-financier-sous-tension\/#breadcrumb\",\"itemListElement\":[{\"@type\":\"ListItem\",\"position\":1,\"name\":\"Home\",\"item\":\"https:\/\/rj-experience.com\/\"},{\"@type\":\"ListItem\",\"position\":2,\"name\":\"La monte du cash en Tunisie : Sympt\u00f4me d&#8217;un syst\u00e8me financier sous tension\"}]},{\"@type\":\"WebSite\",\"@id\":\"https:\/\/rj-experience.com\/#website\",\"url\":\"https:\/\/rj-experience.com\/\",\"name\":\"RJ Exp\u00e9rience\",\"description\":\"\",\"publisher\":{\"@id\":\"https:\/\/rj-experience.com\/#organization\"},\"potentialAction\":[{\"@type\":\"SearchAction\",\"target\":{\"@type\":\"EntryPoint\",\"urlTemplate\":\"https:\/\/rj-experience.com\/?s={search_term_string}\"},\"query-input\":{\"@type\":\"PropertyValueSpecification\",\"valueRequired\":true,\"valueName\":\"search_term_string\"}}],\"inLanguage\":\"en-US\"},{\"@type\":\"Organization\",\"@id\":\"https:\/\/rj-experience.com\/#organization\",\"name\":\"RJ Exp\u00e9rience\",\"url\":\"https:\/\/rj-experience.com\/\",\"logo\":{\"@type\":\"ImageObject\",\"inLanguage\":\"en-US\",\"@id\":\"https:\/\/rj-experience.com\/#\/schema\/logo\/image\/\",\"url\":\"https:\/\/rj-experience.com\/wp-content\/uploads\/2025\/10\/cropped-ChatGPT-Image-28-oct.-2025-18_28_26.png\",\"contentUrl\":\"https:\/\/rj-experience.com\/wp-content\/uploads\/2025\/10\/cropped-ChatGPT-Image-28-oct.-2025-18_28_26.png\",\"width\":512,\"height\":512,\"caption\":\"RJ Exp\u00e9rience\"},\"image\":{\"@id\":\"https:\/\/rj-experience.com\/#\/schema\/logo\/image\/\"}}]}<\/script>\n<!-- \/ Yoast SEO plugin. -->","yoast_head_json":{"title":"La monte du cash en Tunisie : Sympt\u00f4me d'un syst\u00e8me financier sous tension - RJ Exp\u00e9rience","robots":{"index":"index","follow":"follow","max-snippet":"max-snippet:-1","max-image-preview":"max-image-preview:large","max-video-preview":"max-video-preview:-1"},"canonical":"https:\/\/rj-experience.com\/index.php\/la-monte-du-cash-en-tunisie-symptome-dun-systeme-financier-sous-tension\/","og_locale":"en_US","og_type":"article","og_title":"La monte du cash en Tunisie : Sympt\u00f4me d'un syst\u00e8me financier sous tension - RJ Exp\u00e9rience","og_description":"1. Contexte : la mont\u00e9e du cash En Tunisie, malgr\u00e9 les efforts pour promouvoir les paiements \u00e9lectroniques et la banque digitale, l\u2019usage du cash continue de cro\u00eetre, surtout depuis les derni\u00e8res ann\u00e9es. Cette tendance est paradoxale, car dans la plupart des \u00e9conomies modernes, le recours aux cartes et aux applications de paiement devrait augmenter avec [&hellip;]","og_url":"https:\/\/rj-experience.com\/index.php\/la-monte-du-cash-en-tunisie-symptome-dun-systeme-financier-sous-tension\/","og_site_name":"RJ Exp\u00e9rience","article_modified_time":"2026-04-08T17:54:52+00:00","twitter_card":"summary_large_image","twitter_misc":{"Est. reading time":"3 minutes"},"schema":{"@context":"https:\/\/schema.org","@graph":[{"@type":"WebPage","@id":"https:\/\/rj-experience.com\/index.php\/la-monte-du-cash-en-tunisie-symptome-dun-systeme-financier-sous-tension\/","url":"https:\/\/rj-experience.com\/index.php\/la-monte-du-cash-en-tunisie-symptome-dun-systeme-financier-sous-tension\/","name":"La monte du cash en Tunisie : Sympt\u00f4me d'un syst\u00e8me financier sous tension - RJ Exp\u00e9rience","isPartOf":{"@id":"https:\/\/rj-experience.com\/#website"},"datePublished":"2026-04-08T17:52:31+00:00","dateModified":"2026-04-08T17:54:52+00:00","breadcrumb":{"@id":"https:\/\/rj-experience.com\/index.php\/la-monte-du-cash-en-tunisie-symptome-dun-systeme-financier-sous-tension\/#breadcrumb"},"inLanguage":"en-US","potentialAction":[{"@type":"ReadAction","target":["https:\/\/rj-experience.com\/index.php\/la-monte-du-cash-en-tunisie-symptome-dun-systeme-financier-sous-tension\/"]}]},{"@type":"BreadcrumbList","@id":"https:\/\/rj-experience.com\/index.php\/la-monte-du-cash-en-tunisie-symptome-dun-systeme-financier-sous-tension\/#breadcrumb","itemListElement":[{"@type":"ListItem","position":1,"name":"Home","item":"https:\/\/rj-experience.com\/"},{"@type":"ListItem","position":2,"name":"La monte du cash en Tunisie : Sympt\u00f4me d&#8217;un syst\u00e8me financier sous tension"}]},{"@type":"WebSite","@id":"https:\/\/rj-experience.com\/#website","url":"https:\/\/rj-experience.com\/","name":"RJ Exp\u00e9rience","description":"","publisher":{"@id":"https:\/\/rj-experience.com\/#organization"},"potentialAction":[{"@type":"SearchAction","target":{"@type":"EntryPoint","urlTemplate":"https:\/\/rj-experience.com\/?s={search_term_string}"},"query-input":{"@type":"PropertyValueSpecification","valueRequired":true,"valueName":"search_term_string"}}],"inLanguage":"en-US"},{"@type":"Organization","@id":"https:\/\/rj-experience.com\/#organization","name":"RJ Exp\u00e9rience","url":"https:\/\/rj-experience.com\/","logo":{"@type":"ImageObject","inLanguage":"en-US","@id":"https:\/\/rj-experience.com\/#\/schema\/logo\/image\/","url":"https:\/\/rj-experience.com\/wp-content\/uploads\/2025\/10\/cropped-ChatGPT-Image-28-oct.-2025-18_28_26.png","contentUrl":"https:\/\/rj-experience.com\/wp-content\/uploads\/2025\/10\/cropped-ChatGPT-Image-28-oct.-2025-18_28_26.png","width":512,"height":512,"caption":"RJ Exp\u00e9rience"},"image":{"@id":"https:\/\/rj-experience.com\/#\/schema\/logo\/image\/"}}]}},"_links":{"self":[{"href":"https:\/\/rj-experience.com\/index.php\/wp-json\/wp\/v2\/pages\/2122","targetHints":{"allow":["GET"]}}],"collection":[{"href":"https:\/\/rj-experience.com\/index.php\/wp-json\/wp\/v2\/pages"}],"about":[{"href":"https:\/\/rj-experience.com\/index.php\/wp-json\/wp\/v2\/types\/page"}],"author":[{"embeddable":true,"href":"https:\/\/rj-experience.com\/index.php\/wp-json\/wp\/v2\/users\/1"}],"replies":[{"embeddable":true,"href":"https:\/\/rj-experience.com\/index.php\/wp-json\/wp\/v2\/comments?post=2122"}],"version-history":[{"count":4,"href":"https:\/\/rj-experience.com\/index.php\/wp-json\/wp\/v2\/pages\/2122\/revisions"}],"predecessor-version":[{"id":2129,"href":"https:\/\/rj-experience.com\/index.php\/wp-json\/wp\/v2\/pages\/2122\/revisions\/2129"}],"wp:attachment":[{"href":"https:\/\/rj-experience.com\/index.php\/wp-json\/wp\/v2\/media?parent=2122"}],"curies":[{"name":"wp","href":"https:\/\/api.w.org\/{rel}","templated":true}]}}