{"id":2106,"date":"2026-04-08T17:40:47","date_gmt":"2026-04-08T17:40:47","guid":{"rendered":"https:\/\/rj-experience.com\/?page_id=2106"},"modified":"2026-04-08T17:42:40","modified_gmt":"2026-04-08T17:42:40","slug":"restriction-du-cash-en-tunisie-les-defis-dune-transition-sensible","status":"publish","type":"page","link":"https:\/\/rj-experience.com\/index.php\/restriction-du-cash-en-tunisie-les-defis-dune-transition-sensible\/","title":{"rendered":"Restriction du cash en Tunisie : Les d\u00e9fis d&#8217;une transition sensible"},"content":{"rendered":"\t\t<div data-elementor-type=\"wp-page\" data-elementor-id=\"2106\" class=\"elementor elementor-2106\">\n\t\t\t\t<div class=\"elementor-element elementor-element-0b7175d e-flex e-con-boxed e-con e-parent\" data-id=\"0b7175d\" data-element_type=\"container\">\n\t\t\t\t\t<div class=\"e-con-inner\">\n\t\t\t\t<div class=\"elementor-element elementor-element-6b32b82 elementor-widget elementor-widget-text-editor\" data-id=\"6b32b82\" data-element_type=\"widget\" data-widget_type=\"text-editor.default\">\n\t\t\t\t\t\t\t\t\t<h3 data-section-id=\"tb2bwz\" data-start=\"176\" data-end=\"224\"><span role=\"text\"><strong data-start=\"180\" data-end=\"224\">1. Contexte : l\u2019usage du cash en Tunisie<\/strong><\/span><\/h3><p data-start=\"225\" data-end=\"554\">La Tunisie, comme beaucoup de pays en d\u00e9veloppement, reste largement d\u00e9pendante de l\u2019argent liquide. Les paiements en cash repr\u00e9sentent encore la majorit\u00e9 des transactions quotidiennes, que ce soit dans les commerces, les march\u00e9s locaux ou pour les services informels. Cette forte d\u00e9pendance s\u2019explique par plusieurs facteurs :<\/p><ul data-start=\"555\" data-end=\"922\"><li data-section-id=\"hn071s\" data-start=\"555\" data-end=\"632\"><strong data-start=\"557\" data-end=\"582\">Habitudes culturelles<\/strong> : le cash est per\u00e7u comme plus s\u00fbr et imm\u00e9diat.<\/li><li data-section-id=\"99bnux\" data-start=\"633\" data-end=\"783\"><strong data-start=\"635\" data-end=\"667\">Inclusion financi\u00e8re limit\u00e9e<\/strong> : une partie importante de la population n\u2019a pas acc\u00e8s aux comptes bancaires ou aux services financiers digitaux.<\/li><li data-section-id=\"bhwg0k\" data-start=\"784\" data-end=\"922\"><strong data-start=\"786\" data-end=\"822\">M\u00e9fiance envers les institutions<\/strong> : certains citoyens pr\u00e9f\u00e8rent le cash pour \u00e9viter les frais bancaires ou pour la confidentialit\u00e9.<\/li><\/ul><hr data-start=\"924\" data-end=\"927\" \/><h3 data-section-id=\"fk26ha\" data-start=\"929\" data-end=\"990\"><span role=\"text\"><strong data-start=\"933\" data-end=\"990\">2. Pourquoi la restriction du cash devient n\u00e9cessaire<\/strong><\/span><\/h3><p data-start=\"991\" data-end=\"1214\">Les autorit\u00e9s tunisiennes, dans une d\u00e9marche de modernisation \u00e9conomique et de lutte contre l\u2019\u00e9conomie informelle, commencent \u00e0 r\u00e9fl\u00e9chir \u00e0 une <strong data-start=\"1135\" data-end=\"1179\">r\u00e9duction progressive de l\u2019usage du cash<\/strong>. Les objectifs principaux sont :<\/p><ol data-start=\"1215\" data-end=\"1625\"><li data-section-id=\"11odwvu\" data-start=\"1215\" data-end=\"1329\"><strong data-start=\"1218\" data-end=\"1255\">R\u00e9duction de l\u2019\u00e9conomie parall\u00e8le<\/strong> : le cash facilite les transactions non d\u00e9clar\u00e9es et l\u2019\u00e9vasion fiscale.<\/li><li data-section-id=\"7jpmqz\" data-start=\"1330\" data-end=\"1463\"><strong data-start=\"1333\" data-end=\"1360\">S\u00e9curit\u00e9 et tra\u00e7abilit\u00e9<\/strong> : les transactions \u00e9lectroniques sont plus tra\u00e7ables et r\u00e9duisent le risque de blanchiment d\u2019argent.<\/li><li data-section-id=\"whcfhm\" data-start=\"1464\" data-end=\"1625\"><strong data-start=\"1467\" data-end=\"1498\">Modernisation de l\u2019\u00e9conomie<\/strong> : le digital permet des paiements plus rapides, un meilleur suivi comptable et l\u2019int\u00e9gration dans le commerce international.<\/li><\/ol><hr data-start=\"1627\" data-end=\"1630\" \/><h3 data-section-id=\"pfbgjx\" data-start=\"1632\" data-end=\"1692\"><span role=\"text\"><strong data-start=\"1636\" data-end=\"1692\">3. D\u00e9fis majeurs d\u2019une transition vers moins de cash<\/strong><\/span><\/h3><p data-start=\"1693\" data-end=\"1836\">La transition vers une \u00e9conomie num\u00e9rique en Tunisie doit \u00eatre <strong data-start=\"1756\" data-end=\"1783\">sensible et progressive<\/strong>. Plusieurs obstacles doivent \u00eatre pris en compte :<\/p><p data-start=\"1838\" data-end=\"1869\"><strong data-start=\"1838\" data-end=\"1867\">a) Infrastructure limit\u00e9e<\/strong><\/p><ul data-start=\"1870\" data-end=\"2099\"><li data-section-id=\"abd448\" data-start=\"1870\" data-end=\"1988\">Les terminaux de paiement \u00e9lectronique (POS) ne sont pas encore pr\u00e9sents dans toutes les r\u00e9gions, surtout rurales.<\/li><li data-section-id=\"o86dqs\" data-start=\"1989\" data-end=\"2099\">La connectivit\u00e9 internet peut \u00eatre instable, rendant les paiements digitaux difficiles dans certaines zones.<\/li><\/ul><p data-start=\"2101\" data-end=\"2153\"><strong data-start=\"2101\" data-end=\"2151\">b) Inclusion financi\u00e8re et \u00e9ducation num\u00e9rique<\/strong><\/p><ul data-start=\"2154\" data-end=\"2457\"><li data-section-id=\"x5mm7b\" data-start=\"2154\" data-end=\"2235\">Beaucoup de citoyens n\u2019ont pas de comptes bancaires ni de cartes de paiement.<\/li><li data-section-id=\"18rmvhe\" data-start=\"2236\" data-end=\"2330\">La population plus \u00e2g\u00e9e peut se sentir exclue ou r\u00e9ticente \u00e0 utiliser des moyens digitaux.<\/li><li data-section-id=\"s35vab\" data-start=\"2331\" data-end=\"2457\">Il faut d\u00e9velopper des campagnes de sensibilisation pour expliquer les avantages et s\u00e9curit\u00e9s des paiements \u00e9lectroniques.<\/li><\/ul><p data-start=\"2459\" data-end=\"2492\"><strong data-start=\"2459\" data-end=\"2490\">c) Risques de cybers\u00e9curit\u00e9<\/strong><\/p><ul data-start=\"2493\" data-end=\"2699\"><li data-section-id=\"1gc8uul\" data-start=\"2493\" data-end=\"2583\">Plus d\u2019argent digital signifie plus de vuln\u00e9rabilit\u00e9 aux fraudes et aux cyberattaques.<\/li><li data-section-id=\"n81sx2\" data-start=\"2584\" data-end=\"2699\">Les institutions doivent investir dans des syst\u00e8mes fiables pour prot\u00e9ger les donn\u00e9es financi\u00e8res des citoyens.<\/li><\/ul><p data-start=\"2701\" data-end=\"2735\"><strong data-start=\"2701\" data-end=\"2733\">d) Risques socio-\u00e9conomiques<\/strong><\/p><ul data-start=\"2736\" data-end=\"2963\"><li data-section-id=\"18qu6vd\" data-start=\"2736\" data-end=\"2859\">Une transition trop rapide pourrait marginaliser les travailleurs du secteur informel, qui d\u00e9pendent fortement du cash.<\/li><li data-section-id=\"1658a4j\" data-start=\"2860\" data-end=\"2963\">Il est crucial d\u2019accompagner la transition avec des programmes d\u2019inclusion sociale et de formation.<\/li><\/ul><hr data-start=\"2965\" data-end=\"2968\" \/><h3 data-section-id=\"1i9rpcm\" data-start=\"2970\" data-end=\"3009\"><span role=\"text\"><strong data-start=\"2974\" data-end=\"3009\">4. Vers une transition sensible<\/strong><\/span><\/h3><p data-start=\"3010\" data-end=\"3092\">Pour r\u00e9ussir la restriction du cash, plusieurs mesures peuvent \u00eatre envisag\u00e9es :<\/p><ol data-start=\"3093\" data-end=\"3812\"><li data-section-id=\"1uall5d\" data-start=\"3093\" data-end=\"3260\"><strong data-start=\"3096\" data-end=\"3125\">Phase pilote et gradation<\/strong> : limiter le cash d\u2019abord pour certaines transactions (grandes entreprises, services publics) avant de l\u2019\u00e9tendre \u00e0 toute l\u2019\u00e9conomie.<\/li><li data-section-id=\"1437qrf\" data-start=\"3261\" data-end=\"3427\"><strong data-start=\"3264\" data-end=\"3288\">Inclusion financi\u00e8re<\/strong> : cr\u00e9er des services simples, accessibles sur mobile, pour permettre \u00e0 tous d\u2019ouvrir un compte bancaire ou un portefeuille \u00e9lectronique.<\/li><li data-section-id=\"x5ix32\" data-start=\"3428\" data-end=\"3547\"><strong data-start=\"3431\" data-end=\"3463\">\u00c9ducation et sensibilisation<\/strong> : campagnes sur la s\u00e9curit\u00e9 des paiements \u00e9lectroniques et les avantages fiscaux.<\/li><li data-section-id=\"19klx1y\" data-start=\"3548\" data-end=\"3661\"><strong data-start=\"3551\" data-end=\"3578\">Infrastructures solides<\/strong> : investissement dans les r\u00e9seaux, terminaux et plateformes de paiement fiables.<\/li><li data-section-id=\"1uvpzru\" data-start=\"3662\" data-end=\"3812\"><strong data-start=\"3665\" data-end=\"3690\">Encadrement juridique<\/strong> : lois claires sur les transactions \u00e9lectroniques, la protection des donn\u00e9es et les fraudes pour rassurer les citoyens.<\/li><\/ol><hr data-start=\"3814\" data-end=\"3817\" \/><h3 data-section-id=\"8higam\" data-start=\"3819\" data-end=\"3840\"><span role=\"text\"><strong data-start=\"3823\" data-end=\"3840\">5. Conclusion<\/strong><\/span><\/h3><p data-start=\"3841\" data-end=\"4206\">La restriction progressive du cash en Tunisie repr\u00e9sente un <strong data-start=\"3901\" data-end=\"3966\">grand pas vers une \u00e9conomie moderne, transparente et efficace<\/strong>, mais elle doit \u00eatre men\u00e9e avec <strong data-start=\"3999\" data-end=\"4026\">prudence et sensibilit\u00e9<\/strong>. La cl\u00e9 est de combiner innovation digitale, \u00e9ducation financi\u00e8re et inclusion sociale pour \u00e9viter que la transition n\u2019aggrave les in\u00e9galit\u00e9s ou ne fragilise les plus vuln\u00e9rables.<\/p>\t\t\t\t\t\t\t\t<\/div>\n\t\t\t\t\t<\/div>\n\t\t\t\t<\/div>\n\t\t\t\t<\/div>\n\t\t","protected":false},"excerpt":{"rendered":"<p>1. Contexte : l\u2019usage du cash en Tunisie La Tunisie, comme beaucoup de pays en d\u00e9veloppement, reste largement d\u00e9pendante de l\u2019argent liquide. Les paiements en cash repr\u00e9sentent encore la majorit\u00e9 des transactions quotidiennes, que ce soit dans les commerces, les march\u00e9s locaux ou pour les services informels. Cette forte d\u00e9pendance s\u2019explique par plusieurs facteurs : [&hellip;]<\/p>\n","protected":false},"author":1,"featured_media":0,"parent":0,"menu_order":0,"comment_status":"closed","ping_status":"closed","template":"","meta":{"footnotes":""},"class_list":["post-2106","page","type-page","status-publish","hentry"],"yoast_head":"<!-- This site is optimized with the Yoast SEO plugin v26.2 - https:\/\/yoast.com\/wordpress\/plugins\/seo\/ -->\n<title>Restriction du cash en Tunisie : Les d\u00e9fis d&#039;une transition sensible - RJ Exp\u00e9rience<\/title>\n<meta name=\"robots\" content=\"index, follow, max-snippet:-1, max-image-preview:large, max-video-preview:-1\" \/>\n<link rel=\"canonical\" href=\"https:\/\/rj-experience.com\/index.php\/restriction-du-cash-en-tunisie-les-defis-dune-transition-sensible\/\" \/>\n<meta property=\"og:locale\" content=\"en_US\" \/>\n<meta property=\"og:type\" content=\"article\" \/>\n<meta property=\"og:title\" content=\"Restriction du cash en Tunisie : Les d\u00e9fis d&#039;une transition sensible - RJ Exp\u00e9rience\" \/>\n<meta property=\"og:description\" content=\"1. Contexte : l\u2019usage du cash en Tunisie La Tunisie, comme beaucoup de pays en d\u00e9veloppement, reste largement d\u00e9pendante de l\u2019argent liquide. Les paiements en cash repr\u00e9sentent encore la majorit\u00e9 des transactions quotidiennes, que ce soit dans les commerces, les march\u00e9s locaux ou pour les services informels. Cette forte d\u00e9pendance s\u2019explique par plusieurs facteurs : [&hellip;]\" \/>\n<meta property=\"og:url\" content=\"https:\/\/rj-experience.com\/index.php\/restriction-du-cash-en-tunisie-les-defis-dune-transition-sensible\/\" \/>\n<meta property=\"og:site_name\" content=\"RJ Exp\u00e9rience\" \/>\n<meta property=\"article:modified_time\" content=\"2026-04-08T17:42:40+00:00\" \/>\n<meta name=\"twitter:card\" content=\"summary_large_image\" \/>\n<meta name=\"twitter:label1\" content=\"Est. reading time\" \/>\n\t<meta name=\"twitter:data1\" content=\"3 minutes\" \/>\n<script type=\"application\/ld+json\" class=\"yoast-schema-graph\">{\"@context\":\"https:\/\/schema.org\",\"@graph\":[{\"@type\":\"WebPage\",\"@id\":\"https:\/\/rj-experience.com\/index.php\/restriction-du-cash-en-tunisie-les-defis-dune-transition-sensible\/\",\"url\":\"https:\/\/rj-experience.com\/index.php\/restriction-du-cash-en-tunisie-les-defis-dune-transition-sensible\/\",\"name\":\"Restriction du cash en Tunisie : Les d\u00e9fis d'une transition sensible - RJ Exp\u00e9rience\",\"isPartOf\":{\"@id\":\"https:\/\/rj-experience.com\/#website\"},\"datePublished\":\"2026-04-08T17:40:47+00:00\",\"dateModified\":\"2026-04-08T17:42:40+00:00\",\"breadcrumb\":{\"@id\":\"https:\/\/rj-experience.com\/index.php\/restriction-du-cash-en-tunisie-les-defis-dune-transition-sensible\/#breadcrumb\"},\"inLanguage\":\"en-US\",\"potentialAction\":[{\"@type\":\"ReadAction\",\"target\":[\"https:\/\/rj-experience.com\/index.php\/restriction-du-cash-en-tunisie-les-defis-dune-transition-sensible\/\"]}]},{\"@type\":\"BreadcrumbList\",\"@id\":\"https:\/\/rj-experience.com\/index.php\/restriction-du-cash-en-tunisie-les-defis-dune-transition-sensible\/#breadcrumb\",\"itemListElement\":[{\"@type\":\"ListItem\",\"position\":1,\"name\":\"Home\",\"item\":\"https:\/\/rj-experience.com\/\"},{\"@type\":\"ListItem\",\"position\":2,\"name\":\"Restriction du cash en Tunisie : Les d\u00e9fis d&#8217;une transition sensible\"}]},{\"@type\":\"WebSite\",\"@id\":\"https:\/\/rj-experience.com\/#website\",\"url\":\"https:\/\/rj-experience.com\/\",\"name\":\"RJ Exp\u00e9rience\",\"description\":\"\",\"publisher\":{\"@id\":\"https:\/\/rj-experience.com\/#organization\"},\"potentialAction\":[{\"@type\":\"SearchAction\",\"target\":{\"@type\":\"EntryPoint\",\"urlTemplate\":\"https:\/\/rj-experience.com\/?s={search_term_string}\"},\"query-input\":{\"@type\":\"PropertyValueSpecification\",\"valueRequired\":true,\"valueName\":\"search_term_string\"}}],\"inLanguage\":\"en-US\"},{\"@type\":\"Organization\",\"@id\":\"https:\/\/rj-experience.com\/#organization\",\"name\":\"RJ Exp\u00e9rience\",\"url\":\"https:\/\/rj-experience.com\/\",\"logo\":{\"@type\":\"ImageObject\",\"inLanguage\":\"en-US\",\"@id\":\"https:\/\/rj-experience.com\/#\/schema\/logo\/image\/\",\"url\":\"https:\/\/rj-experience.com\/wp-content\/uploads\/2025\/10\/cropped-ChatGPT-Image-28-oct.-2025-18_28_26.png\",\"contentUrl\":\"https:\/\/rj-experience.com\/wp-content\/uploads\/2025\/10\/cropped-ChatGPT-Image-28-oct.-2025-18_28_26.png\",\"width\":512,\"height\":512,\"caption\":\"RJ Exp\u00e9rience\"},\"image\":{\"@id\":\"https:\/\/rj-experience.com\/#\/schema\/logo\/image\/\"}}]}<\/script>\n<!-- \/ Yoast SEO plugin. -->","yoast_head_json":{"title":"Restriction du cash en Tunisie : Les d\u00e9fis d'une transition sensible - RJ Exp\u00e9rience","robots":{"index":"index","follow":"follow","max-snippet":"max-snippet:-1","max-image-preview":"max-image-preview:large","max-video-preview":"max-video-preview:-1"},"canonical":"https:\/\/rj-experience.com\/index.php\/restriction-du-cash-en-tunisie-les-defis-dune-transition-sensible\/","og_locale":"en_US","og_type":"article","og_title":"Restriction du cash en Tunisie : Les d\u00e9fis d'une transition sensible - RJ Exp\u00e9rience","og_description":"1. Contexte : l\u2019usage du cash en Tunisie La Tunisie, comme beaucoup de pays en d\u00e9veloppement, reste largement d\u00e9pendante de l\u2019argent liquide. Les paiements en cash repr\u00e9sentent encore la majorit\u00e9 des transactions quotidiennes, que ce soit dans les commerces, les march\u00e9s locaux ou pour les services informels. Cette forte d\u00e9pendance s\u2019explique par plusieurs facteurs : [&hellip;]","og_url":"https:\/\/rj-experience.com\/index.php\/restriction-du-cash-en-tunisie-les-defis-dune-transition-sensible\/","og_site_name":"RJ Exp\u00e9rience","article_modified_time":"2026-04-08T17:42:40+00:00","twitter_card":"summary_large_image","twitter_misc":{"Est. reading time":"3 minutes"},"schema":{"@context":"https:\/\/schema.org","@graph":[{"@type":"WebPage","@id":"https:\/\/rj-experience.com\/index.php\/restriction-du-cash-en-tunisie-les-defis-dune-transition-sensible\/","url":"https:\/\/rj-experience.com\/index.php\/restriction-du-cash-en-tunisie-les-defis-dune-transition-sensible\/","name":"Restriction du cash en Tunisie : Les d\u00e9fis d'une transition sensible - RJ Exp\u00e9rience","isPartOf":{"@id":"https:\/\/rj-experience.com\/#website"},"datePublished":"2026-04-08T17:40:47+00:00","dateModified":"2026-04-08T17:42:40+00:00","breadcrumb":{"@id":"https:\/\/rj-experience.com\/index.php\/restriction-du-cash-en-tunisie-les-defis-dune-transition-sensible\/#breadcrumb"},"inLanguage":"en-US","potentialAction":[{"@type":"ReadAction","target":["https:\/\/rj-experience.com\/index.php\/restriction-du-cash-en-tunisie-les-defis-dune-transition-sensible\/"]}]},{"@type":"BreadcrumbList","@id":"https:\/\/rj-experience.com\/index.php\/restriction-du-cash-en-tunisie-les-defis-dune-transition-sensible\/#breadcrumb","itemListElement":[{"@type":"ListItem","position":1,"name":"Home","item":"https:\/\/rj-experience.com\/"},{"@type":"ListItem","position":2,"name":"Restriction du cash en Tunisie : Les d\u00e9fis d&#8217;une transition sensible"}]},{"@type":"WebSite","@id":"https:\/\/rj-experience.com\/#website","url":"https:\/\/rj-experience.com\/","name":"RJ Exp\u00e9rience","description":"","publisher":{"@id":"https:\/\/rj-experience.com\/#organization"},"potentialAction":[{"@type":"SearchAction","target":{"@type":"EntryPoint","urlTemplate":"https:\/\/rj-experience.com\/?s={search_term_string}"},"query-input":{"@type":"PropertyValueSpecification","valueRequired":true,"valueName":"search_term_string"}}],"inLanguage":"en-US"},{"@type":"Organization","@id":"https:\/\/rj-experience.com\/#organization","name":"RJ Exp\u00e9rience","url":"https:\/\/rj-experience.com\/","logo":{"@type":"ImageObject","inLanguage":"en-US","@id":"https:\/\/rj-experience.com\/#\/schema\/logo\/image\/","url":"https:\/\/rj-experience.com\/wp-content\/uploads\/2025\/10\/cropped-ChatGPT-Image-28-oct.-2025-18_28_26.png","contentUrl":"https:\/\/rj-experience.com\/wp-content\/uploads\/2025\/10\/cropped-ChatGPT-Image-28-oct.-2025-18_28_26.png","width":512,"height":512,"caption":"RJ Exp\u00e9rience"},"image":{"@id":"https:\/\/rj-experience.com\/#\/schema\/logo\/image\/"}}]}},"_links":{"self":[{"href":"https:\/\/rj-experience.com\/index.php\/wp-json\/wp\/v2\/pages\/2106","targetHints":{"allow":["GET"]}}],"collection":[{"href":"https:\/\/rj-experience.com\/index.php\/wp-json\/wp\/v2\/pages"}],"about":[{"href":"https:\/\/rj-experience.com\/index.php\/wp-json\/wp\/v2\/types\/page"}],"author":[{"embeddable":true,"href":"https:\/\/rj-experience.com\/index.php\/wp-json\/wp\/v2\/users\/1"}],"replies":[{"embeddable":true,"href":"https:\/\/rj-experience.com\/index.php\/wp-json\/wp\/v2\/comments?post=2106"}],"version-history":[{"count":4,"href":"https:\/\/rj-experience.com\/index.php\/wp-json\/wp\/v2\/pages\/2106\/revisions"}],"predecessor-version":[{"id":2114,"href":"https:\/\/rj-experience.com\/index.php\/wp-json\/wp\/v2\/pages\/2106\/revisions\/2114"}],"wp:attachment":[{"href":"https:\/\/rj-experience.com\/index.php\/wp-json\/wp\/v2\/media?parent=2106"}],"curies":[{"name":"wp","href":"https:\/\/api.w.org\/{rel}","templated":true}]}}