{"id":1990,"date":"2026-02-02T13:14:04","date_gmt":"2026-02-02T13:14:04","guid":{"rendered":"https:\/\/rj-experience.com\/?page_id=1990"},"modified":"2026-02-02T14:04:10","modified_gmt":"2026-02-02T14:04:10","slug":"partage-dexperiences","status":"publish","type":"page","link":"https:\/\/rj-experience.com\/index.php\/partage-dexperiences\/","title":{"rendered":"Partage d\u2019exp\u00e9riences"},"content":{"rendered":"\t\t<div data-elementor-type=\"wp-page\" data-elementor-id=\"1990\" class=\"elementor elementor-1990\">\n\t\t\t\t<div class=\"elementor-element elementor-element-ac25ac2 e-flex e-con-boxed e-con e-parent\" data-id=\"ac25ac2\" data-element_type=\"container\">\n\t\t\t\t\t<div class=\"e-con-inner\">\n\t\t\t\t<div class=\"elementor-element elementor-element-0320c1c elementor-widget elementor-widget-text-editor\" data-id=\"0320c1c\" data-element_type=\"widget\" data-widget_type=\"text-editor.default\">\n\t\t\t\t\t\t\t\t\t<p data-start=\"189\" data-end=\"4873\">Le partage d\u2019exp\u00e9riences est une source importante de connaissance.<br data-start=\"256\" data-end=\"259\" \/>Il permet de transmettre des informations r\u00e9elles.<br data-start=\"309\" data-end=\"312\" \/>Il repose sur des situations v\u00e9cues.<br data-start=\"348\" data-end=\"351\" \/>Il rend l\u2019information plus concr\u00e8te.<br data-start=\"387\" data-end=\"390\" data-is-only-node=\"\" \/>Il aide \u00e0 mieux comprendre la r\u00e9alit\u00e9.<br data-start=\"428\" data-end=\"431\" \/>Il facilite l\u2019apprentissage.<br data-start=\"459\" data-end=\"462\" \/>Il enrichit les connaissances.<br data-start=\"492\" data-end=\"495\" \/>Il favorise la r\u00e9flexion.<br data-start=\"520\" data-end=\"523\" \/>Il d\u00e9veloppe l\u2019esprit critique.<br data-start=\"554\" data-end=\"557\" \/>Il donne du sens aux informations.<br data-start=\"591\" data-end=\"594\" \/>Il permet d\u2019apprendre autrement.<br data-start=\"626\" data-end=\"629\" \/>Il compl\u00e8te les connaissances th\u00e9oriques.<br data-start=\"670\" data-end=\"673\" \/>Il apporte une vision pratique.<br data-start=\"704\" data-end=\"707\" \/>Il rend le contenu plus accessible.<br data-start=\"742\" data-end=\"745\" \/>Il am\u00e9liore la compr\u00e9hension globale.<br data-start=\"782\" data-end=\"785\" \/>Il montre des exemples concrets.<br data-start=\"817\" data-end=\"820\" \/>Il aide \u00e0 tirer des le\u00e7ons.<br data-start=\"847\" data-end=\"850\" \/>Il permet d\u2019\u00e9viter certaines erreurs.<br data-start=\"887\" data-end=\"890\" \/>Il explique les r\u00e9ussites.<br data-start=\"916\" data-end=\"919\" \/>Il analyse les difficult\u00e9s.<br data-start=\"946\" data-end=\"949\" \/>Il met en avant les solutions.<br data-start=\"979\" data-end=\"982\" \/>Il valorise le v\u00e9cu humain.<br data-start=\"1009\" data-end=\"1012\" \/>Il renforce la cr\u00e9dibilit\u00e9 du contenu.<br data-start=\"1050\" data-end=\"1053\" \/>Il rend l\u2019information plus fiable.<br data-start=\"1087\" data-end=\"1090\" \/>Il favorise la communication.<br data-start=\"1119\" data-end=\"1122\" \/>Il encourage l\u2019\u00e9change d\u2019id\u00e9es.<br data-start=\"1153\" data-end=\"1156\" \/>Il cr\u00e9e un lien entre les lecteurs.<br data-start=\"1191\" data-end=\"1194\" \/>Il d\u00e9veloppe la compr\u00e9hension mutuelle.<br data-start=\"1233\" data-end=\"1236\" \/>Il facilite le dialogue.<br data-start=\"1260\" data-end=\"1263\" \/>Il enrichit les discussions.<br data-start=\"1291\" data-end=\"1294\" \/>Il apporte diff\u00e9rents points de vue.<br data-start=\"1330\" data-end=\"1333\" \/>Il aide \u00e0 mieux analyser les situations.<br data-start=\"1373\" data-end=\"1376\" \/>Il soutient la prise de d\u00e9cision.<br data-start=\"1409\" data-end=\"1412\" \/>Il donne des rep\u00e8res clairs.<br data-start=\"1440\" data-end=\"1443\" \/>Il favorise l\u2019apprentissage progressif.<br data-start=\"1482\" data-end=\"1485\" \/>Il am\u00e9liore la m\u00e9morisation.<br data-start=\"1513\" data-end=\"1516\" \/>Il stimule la curiosit\u00e9.<br data-start=\"1540\" data-end=\"1543\" \/>Il encourage la r\u00e9flexion personnelle.<br data-start=\"1581\" data-end=\"1584\" \/>Il pousse \u00e0 l\u2019analyse.<br data-start=\"1606\" data-end=\"1609\" \/>Il favorise la prise de conscience.<br data-start=\"1644\" data-end=\"1647\" \/>Il sensibilise \u00e0 certaines r\u00e9alit\u00e9s.<br data-start=\"1683\" data-end=\"1686\" \/>Il met en lumi\u00e8re des situations r\u00e9elles.<br data-start=\"1727\" data-end=\"1730\" \/>Il informe de mani\u00e8re responsable.<br data-start=\"1764\" data-end=\"1767\" \/>Il repose sur l\u2019observation.<br data-start=\"1795\" data-end=\"1798\" \/>Il s\u2019appuie sur des faits concrets.<br data-start=\"1833\" data-end=\"1836\" \/>Il valorise l\u2019exp\u00e9rience individuelle.<br data-start=\"1874\" data-end=\"1877\" \/>Il reconna\u00eet l\u2019importance des parcours.<br data-start=\"1916\" data-end=\"1919\" \/>Il montre que chaque v\u00e9cu compte.<br data-start=\"1952\" data-end=\"1955\" \/>Il donne une valeur au t\u00e9moignage.<br data-start=\"1989\" data-end=\"1992\" \/>Il humanise l\u2019information.<br data-start=\"2018\" data-end=\"2021\" \/>Il rapproche le savoir du quotidien.<br data-start=\"2057\" data-end=\"2060\" \/>Il rend le contenu plus vivant.<br data-start=\"2091\" data-end=\"2094\" \/>Il am\u00e9liore l\u2019int\u00e9r\u00eat du lecteur.<br data-start=\"2127\" data-end=\"2130\" \/>Il capte l\u2019attention.<br data-start=\"2151\" data-end=\"2154\" \/>Il favorise l\u2019implication.<br data-start=\"2180\" data-end=\"2183\" \/>Il soutient l\u2019apprentissage continu.<br data-start=\"2219\" data-end=\"2222\" \/>Il contribue au savoir collectif.<br data-start=\"2255\" data-end=\"2258\" \/>Il aide \u00e0 mieux comprendre les autres.<br data-start=\"2296\" data-end=\"2299\" \/>Il d\u00e9veloppe l\u2019empathie.<br data-start=\"2323\" data-end=\"2326\" \/>Il encourage le respect des opinions.<br data-start=\"2363\" data-end=\"2366\" \/>Il valorise la diversit\u00e9 des exp\u00e9riences.<br data-start=\"2407\" data-end=\"2410\" \/>Il montre la richesse des parcours.<br data-start=\"2445\" data-end=\"2448\" \/>Il aide \u00e0 comprendre le monde.<br data-start=\"2478\" data-end=\"2481\" \/>Il explique certaines r\u00e9alit\u00e9s sociales.<br data-start=\"2521\" data-end=\"2524\" \/>Il \u00e9claire des situations complexes.<br data-start=\"2560\" data-end=\"2563\" \/>Il facilite l\u2019acc\u00e8s \u00e0 l\u2019information.<br data-start=\"2599\" data-end=\"2602\" \/>Il soutient l\u2019\u00e9ducation.<br data-start=\"2626\" data-end=\"2629\" \/>Il compl\u00e8te l\u2019enseignement classique.<br data-start=\"2666\" data-end=\"2669\" \/>Il apporte une dimension pratique.<br data-start=\"2703\" data-end=\"2706\" \/>Il aide \u00e0 mieux retenir les informations.<br data-start=\"2747\" data-end=\"2750\" \/>Il favorise l\u2019apprentissage actif.<br data-start=\"2784\" data-end=\"2787\" \/>Il renforce les connaissances.<br data-start=\"2817\" data-end=\"2820\" \/>Il soutient la r\u00e9flexion collective.<br data-start=\"2856\" data-end=\"2859\" \/>Il encourage le partage du savoir.<br data-start=\"2893\" data-end=\"2896\" \/>Il favorise la transmission des exp\u00e9riences.<br data-start=\"2940\" data-end=\"2943\" \/>Il rend l\u2019information plus authentique.<br data-start=\"2982\" data-end=\"2985\" \/>Il repose sur la r\u00e9alit\u00e9 v\u00e9cue.<br data-start=\"3016\" data-end=\"3019\" \/>Il valorise les observations.<br data-start=\"3048\" data-end=\"3051\" \/>Il met en avant l\u2019analyse.<br data-start=\"3077\" data-end=\"3080\" \/>Il soutient la compr\u00e9hension approfondie.<br data-start=\"3121\" data-end=\"3124\" \/>Il aide \u00e0 mieux interpr\u00e9ter les faits.<br data-start=\"3162\" data-end=\"3165\" \/>Il encourage la curiosit\u00e9 intellectuelle.<br data-start=\"3206\" data-end=\"3209\" \/>Il d\u00e9veloppe l\u2019esprit d\u2019analyse.<br data-start=\"3241\" data-end=\"3244\" \/>Il soutient la compr\u00e9hension durable.<br data-start=\"3281\" data-end=\"3284\" \/>Il aide \u00e0 construire un savoir solide.<br data-start=\"3322\" data-end=\"3325\" \/>Il favorise l\u2019apprentissage \u00e0 long terme.<br data-start=\"3366\" data-end=\"3369\" \/>Il contribue \u00e0 une meilleure information.<br data-start=\"3410\" data-end=\"3413\" \/>Il rend le contenu plus clair.<br data-start=\"3443\" data-end=\"3446\" \/>Il privil\u00e9gie la simplicit\u00e9.<br data-start=\"3474\" data-end=\"3477\" \/>Il vise la compr\u00e9hension de tous.<br data-start=\"3510\" data-end=\"3513\" \/>Il s\u2019adresse \u00e0 un large public.<br data-start=\"3544\" data-end=\"3547\" \/>Il convient aux \u00e9tudiants.<br data-start=\"3573\" data-end=\"3576\" \/>Il est utile aux enseignants.<br data-start=\"3605\" data-end=\"3608\" \/>Il est pertinent pour les professionnels.<br data-start=\"3649\" data-end=\"3652\" \/>Il est accessible aux lecteurs curieux.<br data-start=\"3691\" data-end=\"3694\" \/>Il informe de mani\u00e8re neutre.<br data-start=\"3723\" data-end=\"3726\" \/>Il respecte la r\u00e9alit\u00e9.<br data-start=\"3749\" data-end=\"3752\" \/>Il valorise l\u2019objectivit\u00e9.<br data-start=\"3778\" data-end=\"3781\" \/>Il soutient l\u2019information \u00e9ducative.<br data-start=\"3817\" data-end=\"3820\" \/>Il encourage l\u2019apprentissage par l\u2019exemple.<br data-start=\"3863\" data-end=\"3866\" \/>Il renforce la qualit\u00e9 du contenu.<br data-start=\"3900\" data-end=\"3903\" \/>Il am\u00e9liore la valeur informative.<br data-start=\"3937\" data-end=\"3940\" \/>Il favorise la diffusion du savoir.<br data-start=\"3975\" data-end=\"3978\" \/>Il soutient la transmission des connaissances.<br data-start=\"4024\" data-end=\"4027\" \/>Il met en avant l\u2019exp\u00e9rience pratique.<br data-start=\"4065\" data-end=\"4068\" \/>Il valorise le partage.<br data-start=\"4091\" data-end=\"4094\" \/>Il encourage la collaboration.<br data-start=\"4124\" data-end=\"4127\" \/>Il soutient la r\u00e9flexion sociale.<br data-start=\"4160\" data-end=\"4163\" \/>Il aide \u00e0 mieux comprendre les enjeux.<br data-start=\"4201\" data-end=\"4204\" \/>Il favorise la compr\u00e9hension des situations.<br data-start=\"4248\" data-end=\"4251\" \/>Il renforce la communication informative.<br data-start=\"4292\" data-end=\"4295\" \/>Il soutient l\u2019\u00e9ducation continue.<br data-start=\"4328\" data-end=\"4331\" \/>Il encourage l\u2019\u00e9change constructif.<br data-start=\"4366\" data-end=\"4369\" \/>Il am\u00e9liore la compr\u00e9hension collective.<br data-start=\"4409\" data-end=\"4412\" \/>Il valorise le savoir issu de l\u2019exp\u00e9rience.<br data-start=\"4455\" data-end=\"4458\" \/>Il montre que l\u2019exp\u00e9rience est une richesse.<br data-start=\"4502\" data-end=\"4505\" \/>Il souligne l\u2019importance du v\u00e9cu.<br data-start=\"4538\" data-end=\"4541\" \/>Il contribue \u00e0 une information plus humaine.<br data-start=\"4585\" data-end=\"4588\" \/>Il rend le savoir plus proche.<br data-start=\"4618\" data-end=\"4621\" \/>Il favorise la clart\u00e9 du message.<br data-start=\"4654\" data-end=\"4657\" \/>Il soutient la transmission responsable.<br data-start=\"4697\" data-end=\"4700\" \/>Il aide \u00e0 informer durablement.<br data-start=\"4731\" data-end=\"4734\" \/>Il encourage l\u2019apprentissage partag\u00e9.<br data-start=\"4771\" data-end=\"4774\" \/>Il renforce la valeur du contenu informatif.<br data-start=\"4818\" data-end=\"4821\" \/>Il contribue \u00e0 une meilleure compr\u00e9hension du monde.<\/p>\t\t\t\t\t\t\t\t<\/div>\n\t\t\t\t\t<\/div>\n\t\t\t\t<\/div>\n\t\t\t\t<\/div>\n\t\t","protected":false},"excerpt":{"rendered":"<p>Le partage d\u2019exp\u00e9riences est une source importante de connaissance.Il permet de transmettre des informations r\u00e9elles.Il repose sur des situations v\u00e9cues.Il rend l\u2019information plus concr\u00e8te.Il aide \u00e0 mieux comprendre la r\u00e9alit\u00e9.Il facilite l\u2019apprentissage.Il enrichit les connaissances.Il favorise la r\u00e9flexion.Il d\u00e9veloppe l\u2019esprit critique.Il donne du sens aux informations.Il permet d\u2019apprendre autrement.Il compl\u00e8te les connaissances th\u00e9oriques.Il apporte une [&hellip;]<\/p>\n","protected":false},"author":1,"featured_media":0,"parent":0,"menu_order":0,"comment_status":"closed","ping_status":"closed","template":"","meta":{"footnotes":""},"class_list":["post-1990","page","type-page","status-publish","hentry"],"yoast_head":"<!-- This site is optimized with the Yoast SEO plugin v26.2 - https:\/\/yoast.com\/wordpress\/plugins\/seo\/ -->\n<title>Partage d\u2019exp\u00e9riences - RJ Exp\u00e9rience<\/title>\n<meta name=\"robots\" content=\"index, follow, max-snippet:-1, max-image-preview:large, max-video-preview:-1\" \/>\n<link rel=\"canonical\" href=\"https:\/\/rj-experience.com\/index.php\/partage-dexperiences\/\" \/>\n<meta property=\"og:locale\" content=\"en_US\" \/>\n<meta property=\"og:type\" content=\"article\" \/>\n<meta property=\"og:title\" content=\"Partage d\u2019exp\u00e9riences - RJ Exp\u00e9rience\" \/>\n<meta property=\"og:description\" content=\"Le partage d\u2019exp\u00e9riences est une source importante de connaissance.Il permet de transmettre des informations r\u00e9elles.Il repose sur des situations v\u00e9cues.Il rend l\u2019information plus concr\u00e8te.Il aide \u00e0 mieux comprendre la r\u00e9alit\u00e9.Il facilite l\u2019apprentissage.Il enrichit les connaissances.Il favorise la r\u00e9flexion.Il d\u00e9veloppe l\u2019esprit critique.Il donne du sens aux informations.Il permet d\u2019apprendre autrement.Il compl\u00e8te les connaissances th\u00e9oriques.Il apporte une [&hellip;]\" \/>\n<meta property=\"og:url\" content=\"https:\/\/rj-experience.com\/index.php\/partage-dexperiences\/\" \/>\n<meta property=\"og:site_name\" content=\"RJ Exp\u00e9rience\" \/>\n<meta property=\"article:modified_time\" content=\"2026-02-02T14:04:10+00:00\" \/>\n<meta name=\"twitter:card\" content=\"summary_large_image\" \/>\n<meta name=\"twitter:label1\" content=\"Est. reading time\" \/>\n\t<meta name=\"twitter:data1\" content=\"3 minutes\" \/>\n<script type=\"application\/ld+json\" class=\"yoast-schema-graph\">{\"@context\":\"https:\/\/schema.org\",\"@graph\":[{\"@type\":\"WebPage\",\"@id\":\"https:\/\/rj-experience.com\/index.php\/partage-dexperiences\/\",\"url\":\"https:\/\/rj-experience.com\/index.php\/partage-dexperiences\/\",\"name\":\"Partage d\u2019exp\u00e9riences - RJ Exp\u00e9rience\",\"isPartOf\":{\"@id\":\"https:\/\/rj-experience.com\/#website\"},\"datePublished\":\"2026-02-02T13:14:04+00:00\",\"dateModified\":\"2026-02-02T14:04:10+00:00\",\"breadcrumb\":{\"@id\":\"https:\/\/rj-experience.com\/index.php\/partage-dexperiences\/#breadcrumb\"},\"inLanguage\":\"en-US\",\"potentialAction\":[{\"@type\":\"ReadAction\",\"target\":[\"https:\/\/rj-experience.com\/index.php\/partage-dexperiences\/\"]}]},{\"@type\":\"BreadcrumbList\",\"@id\":\"https:\/\/rj-experience.com\/index.php\/partage-dexperiences\/#breadcrumb\",\"itemListElement\":[{\"@type\":\"ListItem\",\"position\":1,\"name\":\"Home\",\"item\":\"https:\/\/rj-experience.com\/\"},{\"@type\":\"ListItem\",\"position\":2,\"name\":\"Partage d\u2019exp\u00e9riences\"}]},{\"@type\":\"WebSite\",\"@id\":\"https:\/\/rj-experience.com\/#website\",\"url\":\"https:\/\/rj-experience.com\/\",\"name\":\"RJ Exp\u00e9rience\",\"description\":\"\",\"publisher\":{\"@id\":\"https:\/\/rj-experience.com\/#organization\"},\"potentialAction\":[{\"@type\":\"SearchAction\",\"target\":{\"@type\":\"EntryPoint\",\"urlTemplate\":\"https:\/\/rj-experience.com\/?s={search_term_string}\"},\"query-input\":{\"@type\":\"PropertyValueSpecification\",\"valueRequired\":true,\"valueName\":\"search_term_string\"}}],\"inLanguage\":\"en-US\"},{\"@type\":\"Organization\",\"@id\":\"https:\/\/rj-experience.com\/#organization\",\"name\":\"RJ Exp\u00e9rience\",\"url\":\"https:\/\/rj-experience.com\/\",\"logo\":{\"@type\":\"ImageObject\",\"inLanguage\":\"en-US\",\"@id\":\"https:\/\/rj-experience.com\/#\/schema\/logo\/image\/\",\"url\":\"https:\/\/rj-experience.com\/wp-content\/uploads\/2025\/10\/cropped-ChatGPT-Image-28-oct.-2025-18_28_26.png\",\"contentUrl\":\"https:\/\/rj-experience.com\/wp-content\/uploads\/2025\/10\/cropped-ChatGPT-Image-28-oct.-2025-18_28_26.png\",\"width\":512,\"height\":512,\"caption\":\"RJ Exp\u00e9rience\"},\"image\":{\"@id\":\"https:\/\/rj-experience.com\/#\/schema\/logo\/image\/\"}}]}<\/script>\n<!-- \/ Yoast SEO plugin. -->","yoast_head_json":{"title":"Partage d\u2019exp\u00e9riences - RJ Exp\u00e9rience","robots":{"index":"index","follow":"follow","max-snippet":"max-snippet:-1","max-image-preview":"max-image-preview:large","max-video-preview":"max-video-preview:-1"},"canonical":"https:\/\/rj-experience.com\/index.php\/partage-dexperiences\/","og_locale":"en_US","og_type":"article","og_title":"Partage d\u2019exp\u00e9riences - RJ Exp\u00e9rience","og_description":"Le partage d\u2019exp\u00e9riences est une source importante de connaissance.Il permet de transmettre des informations r\u00e9elles.Il repose sur des situations v\u00e9cues.Il rend l\u2019information plus concr\u00e8te.Il aide \u00e0 mieux comprendre la r\u00e9alit\u00e9.Il facilite l\u2019apprentissage.Il enrichit les connaissances.Il favorise la r\u00e9flexion.Il d\u00e9veloppe l\u2019esprit critique.Il donne du sens aux informations.Il permet d\u2019apprendre autrement.Il compl\u00e8te les connaissances th\u00e9oriques.Il apporte une [&hellip;]","og_url":"https:\/\/rj-experience.com\/index.php\/partage-dexperiences\/","og_site_name":"RJ Exp\u00e9rience","article_modified_time":"2026-02-02T14:04:10+00:00","twitter_card":"summary_large_image","twitter_misc":{"Est. reading time":"3 minutes"},"schema":{"@context":"https:\/\/schema.org","@graph":[{"@type":"WebPage","@id":"https:\/\/rj-experience.com\/index.php\/partage-dexperiences\/","url":"https:\/\/rj-experience.com\/index.php\/partage-dexperiences\/","name":"Partage d\u2019exp\u00e9riences - RJ Exp\u00e9rience","isPartOf":{"@id":"https:\/\/rj-experience.com\/#website"},"datePublished":"2026-02-02T13:14:04+00:00","dateModified":"2026-02-02T14:04:10+00:00","breadcrumb":{"@id":"https:\/\/rj-experience.com\/index.php\/partage-dexperiences\/#breadcrumb"},"inLanguage":"en-US","potentialAction":[{"@type":"ReadAction","target":["https:\/\/rj-experience.com\/index.php\/partage-dexperiences\/"]}]},{"@type":"BreadcrumbList","@id":"https:\/\/rj-experience.com\/index.php\/partage-dexperiences\/#breadcrumb","itemListElement":[{"@type":"ListItem","position":1,"name":"Home","item":"https:\/\/rj-experience.com\/"},{"@type":"ListItem","position":2,"name":"Partage d\u2019exp\u00e9riences"}]},{"@type":"WebSite","@id":"https:\/\/rj-experience.com\/#website","url":"https:\/\/rj-experience.com\/","name":"RJ Exp\u00e9rience","description":"","publisher":{"@id":"https:\/\/rj-experience.com\/#organization"},"potentialAction":[{"@type":"SearchAction","target":{"@type":"EntryPoint","urlTemplate":"https:\/\/rj-experience.com\/?s={search_term_string}"},"query-input":{"@type":"PropertyValueSpecification","valueRequired":true,"valueName":"search_term_string"}}],"inLanguage":"en-US"},{"@type":"Organization","@id":"https:\/\/rj-experience.com\/#organization","name":"RJ Exp\u00e9rience","url":"https:\/\/rj-experience.com\/","logo":{"@type":"ImageObject","inLanguage":"en-US","@id":"https:\/\/rj-experience.com\/#\/schema\/logo\/image\/","url":"https:\/\/rj-experience.com\/wp-content\/uploads\/2025\/10\/cropped-ChatGPT-Image-28-oct.-2025-18_28_26.png","contentUrl":"https:\/\/rj-experience.com\/wp-content\/uploads\/2025\/10\/cropped-ChatGPT-Image-28-oct.-2025-18_28_26.png","width":512,"height":512,"caption":"RJ Exp\u00e9rience"},"image":{"@id":"https:\/\/rj-experience.com\/#\/schema\/logo\/image\/"}}]}},"_links":{"self":[{"href":"https:\/\/rj-experience.com\/index.php\/wp-json\/wp\/v2\/pages\/1990","targetHints":{"allow":["GET"]}}],"collection":[{"href":"https:\/\/rj-experience.com\/index.php\/wp-json\/wp\/v2\/pages"}],"about":[{"href":"https:\/\/rj-experience.com\/index.php\/wp-json\/wp\/v2\/types\/page"}],"author":[{"embeddable":true,"href":"https:\/\/rj-experience.com\/index.php\/wp-json\/wp\/v2\/users\/1"}],"replies":[{"embeddable":true,"href":"https:\/\/rj-experience.com\/index.php\/wp-json\/wp\/v2\/comments?post=1990"}],"version-history":[{"count":4,"href":"https:\/\/rj-experience.com\/index.php\/wp-json\/wp\/v2\/pages\/1990\/revisions"}],"predecessor-version":[{"id":2002,"href":"https:\/\/rj-experience.com\/index.php\/wp-json\/wp\/v2\/pages\/1990\/revisions\/2002"}],"wp:attachment":[{"href":"https:\/\/rj-experience.com\/index.php\/wp-json\/wp\/v2\/media?parent=1990"}],"curies":[{"name":"wp","href":"https:\/\/api.w.org\/{rel}","templated":true}]}}